{"id":538334,"date":"2025-10-15T00:18:51","date_gmt":"2025-10-14T22:18:51","guid":{"rendered":"https:\/\/perle-in.com\/produit\/tapis-de-yoga-virabha-en-tpe-recycle\/"},"modified":"2025-10-19T05:46:09","modified_gmt":"2025-10-19T03:46:09","slug":"tapis-de-yoga-virabha-en-tpe-recycle","status":"publish","type":"product","link":"https:\/\/perle-in.com\/en\/product\/tapis-de-yoga-virabha-en-tpe-recycle\/","title":{"rendered":"Tapis de yoga Virabha en TPE recycl\u00e9"},"content":{"rendered":"","protected":false},"excerpt":{"rendered":"<p>Tapis de yoga en plastique TPE recycl\u00e9. Le TPE a des propri\u00e9t\u00e9s antid\u00e9rapantes naturelles, offrant une surface stable qui aide \u00e0 pr\u00e9venir le glissement pendant les poses de yoga. L&#8217;utilisation de TPE recycl\u00e9 dans la production de tapis de yoga contribue \u00e0 r\u00e9duire les d\u00e9chets et favorise la durabilit\u00e9 environnementale en minimisant l&#8217;utilisation de plastique vierge. Dimensions\u00a0: 173 x 61 x 0,6\u00a0cm. La pochette est fabriqu\u00e9e en RPET.<\/p>","protected":false},"featured_media":538324,"template":"","meta":{"_eb_attr":""},"product_brand":[],"product_cat":[232,129],"product_tag":[837,754,3231,836,986,1155,1997],"class_list":{"0":"post-538334","1":"product","2":"type-product","3":"status-publish","4":"has-post-thumbnail","6":"product_cat-articles-de-fitness-et-de-sport","7":"product_cat-sport-et-loisirs","8":"product_tag-durable","9":"product_tag-exercice","10":"product_tag-formation","11":"product_tag-recycle","12":"product_tag-rpet","13":"product_tag-tapis","14":"product_tag-yoga","15":"pa_couleurs-bleu","16":"pa_couleurs-noir","17":"pa_couleurs-rouge","18":"pa_couleurs-vert","19":"pa_green-points-2847","20":"pa_matiere-tpe-recycle-pet-polyester-recycle","22":"first","23":"instock","24":"sale","25":"shipping-taxable","26":"purchasable","27":"product-type-variable"},"yoast_head":"<!-- This site is optimized with the Yoast SEO plugin v27.4 - https:\/\/yoast.com\/product\/yoast-seo-wordpress\/ -->\n<title>Tapis de yoga Virabha en TPE recycl\u00e9 - PERLE IN<\/title>\n<meta name=\"robots\" content=\"noindex, follow, max-snippet:-1, max-image-preview:large, max-video-preview:-1\" \/>\n<meta property=\"og:locale\" content=\"en_US\" \/>\n<meta property=\"og:type\" content=\"article\" \/>\n<meta property=\"og:title\" content=\"Tapis de yoga Virabha en TPE recycl\u00e9 - PERLE IN\" \/>\n<meta property=\"og:description\" content=\"Tapis de yoga en plastique TPE recycl\u00e9. Le TPE a des propri\u00e9t\u00e9s antid\u00e9rapantes naturelles, offrant une surface stable qui aide \u00e0 pr\u00e9venir le glissement pendant les poses de yoga. L&#039;utilisation de TPE recycl\u00e9 dans la production de tapis de yoga contribue \u00e0 r\u00e9duire les d\u00e9chets et favorise la durabilit\u00e9 environnementale en minimisant l&#039;utilisation de plastique vierge. Dimensions\u00a0: 173 x 61 x 0,6\u00a0cm. La pochette est fabriqu\u00e9e en RPET.\" \/>\n<meta property=\"og:url\" content=\"https:\/\/perle-in.com\/en\/product\/tapis-de-yoga-virabha-en-tpe-recycle\/\" \/>\n<meta property=\"og:site_name\" content=\"PERLE IN\" \/>\n<meta property=\"article:modified_time\" content=\"2025-10-19T03:46:09+00:00\" \/>\n<meta property=\"og:image\" content=\"https:\/\/perle-in.com\/wp-content\/uploads\/2025\/10\/12703721-1.jpg\" \/>\n\t<meta property=\"og:image:width\" content=\"1600\" \/>\n\t<meta property=\"og:image:height\" content=\"1600\" \/>\n\t<meta property=\"og:image:type\" content=\"image\/jpeg\" \/>\n<meta name=\"twitter:card\" content=\"summary_large_image\" \/>\n<script type=\"application\/ld+json\" class=\"yoast-schema-graph\">{\"@context\":\"https:\\\/\\\/schema.org\",\"@graph\":[{\"@type\":\"WebPage\",\"@id\":\"https:\\\/\\\/perle-in.com\\\/produit\\\/tapis-de-yoga-virabha-en-tpe-recycle\\\/\",\"url\":\"https:\\\/\\\/perle-in.com\\\/produit\\\/tapis-de-yoga-virabha-en-tpe-recycle\\\/\",\"name\":\"Tapis de yoga Virabha en TPE recycl\u00e9 - PERLE IN\",\"isPartOf\":{\"@id\":\"https:\\\/\\\/perle-in.com\\\/#website\"},\"primaryImageOfPage\":{\"@id\":\"https:\\\/\\\/perle-in.com\\\/produit\\\/tapis-de-yoga-virabha-en-tpe-recycle\\\/#primaryimage\"},\"image\":{\"@id\":\"https:\\\/\\\/perle-in.com\\\/produit\\\/tapis-de-yoga-virabha-en-tpe-recycle\\\/#primaryimage\"},\"thumbnailUrl\":\"https:\\\/\\\/perle-in.com\\\/wp-content\\\/uploads\\\/2025\\\/10\\\/12703721-1.jpg\",\"datePublished\":\"2025-10-14T22:18:51+00:00\",\"dateModified\":\"2025-10-19T03:46:09+00:00\",\"breadcrumb\":{\"@id\":\"https:\\\/\\\/perle-in.com\\\/produit\\\/tapis-de-yoga-virabha-en-tpe-recycle\\\/#breadcrumb\"},\"inLanguage\":\"en-CA\",\"potentialAction\":[{\"@type\":\"ReadAction\",\"target\":[\"https:\\\/\\\/perle-in.com\\\/produit\\\/tapis-de-yoga-virabha-en-tpe-recycle\\\/\"]}]},{\"@type\":\"ImageObject\",\"inLanguage\":\"en-CA\",\"@id\":\"https:\\\/\\\/perle-in.com\\\/produit\\\/tapis-de-yoga-virabha-en-tpe-recycle\\\/#primaryimage\",\"url\":\"https:\\\/\\\/perle-in.com\\\/wp-content\\\/uploads\\\/2025\\\/10\\\/12703721-1.jpg\",\"contentUrl\":\"https:\\\/\\\/perle-in.com\\\/wp-content\\\/uploads\\\/2025\\\/10\\\/12703721-1.jpg\",\"width\":1600,\"height\":1600},{\"@type\":\"BreadcrumbList\",\"@id\":\"https:\\\/\\\/perle-in.com\\\/produit\\\/tapis-de-yoga-virabha-en-tpe-recycle\\\/#breadcrumb\",\"itemListElement\":[{\"@type\":\"ListItem\",\"position\":1,\"name\":\"Accueil\",\"item\":\"https:\\\/\\\/perle-in.com\\\/\"},{\"@type\":\"ListItem\",\"position\":2,\"name\":\"Boutique\",\"item\":\"https:\\\/\\\/perle-in.com\\\/boutique\\\/\"},{\"@type\":\"ListItem\",\"position\":3,\"name\":\"Tapis de yoga Virabha en TPE recycl\u00e9\"}]},{\"@type\":\"WebSite\",\"@id\":\"https:\\\/\\\/perle-in.com\\\/#website\",\"url\":\"https:\\\/\\\/perle-in.com\\\/\",\"name\":\"PERLE IN\",\"description\":\"\",\"publisher\":{\"@id\":\"https:\\\/\\\/perle-in.com\\\/#organization\"},\"potentialAction\":[{\"@type\":\"SearchAction\",\"target\":{\"@type\":\"EntryPoint\",\"urlTemplate\":\"https:\\\/\\\/perle-in.com\\\/?s={search_term_string}\"},\"query-input\":{\"@type\":\"PropertyValueSpecification\",\"valueRequired\":true,\"valueName\":\"search_term_string\"}}],\"inLanguage\":\"en-CA\"},{\"@type\":\"Organization\",\"@id\":\"https:\\\/\\\/perle-in.com\\\/#organization\",\"name\":\"PERLE IN\",\"url\":\"https:\\\/\\\/perle-in.com\\\/\",\"logo\":{\"@type\":\"ImageObject\",\"inLanguage\":\"en-CA\",\"@id\":\"https:\\\/\\\/perle-in.com\\\/#\\\/schema\\\/logo\\\/image\\\/\",\"url\":\"https:\\\/\\\/perle-in.com\\\/wp-content\\\/uploads\\\/2022\\\/12\\\/LOGO-PERLE-IN-COULEUR@3x.webp\",\"contentUrl\":\"https:\\\/\\\/perle-in.com\\\/wp-content\\\/uploads\\\/2022\\\/12\\\/LOGO-PERLE-IN-COULEUR@3x.webp\",\"width\":1600,\"height\":490,\"caption\":\"PERLE IN\"},\"image\":{\"@id\":\"https:\\\/\\\/perle-in.com\\\/#\\\/schema\\\/logo\\\/image\\\/\"}}]}<\/script>\n<!-- \/ Yoast SEO plugin. -->","yoast_head_json":{"title":"Tapis de yoga Virabha en TPE recycl\u00e9 - PERLE IN","robots":{"index":"noindex","follow":"follow","max-snippet":"max-snippet:-1","max-image-preview":"max-image-preview:large","max-video-preview":"max-video-preview:-1"},"og_locale":"en_US","og_type":"article","og_title":"Tapis de yoga Virabha en TPE recycl\u00e9 - PERLE IN","og_description":"Tapis de yoga en plastique TPE recycl\u00e9. Le TPE a des propri\u00e9t\u00e9s antid\u00e9rapantes naturelles, offrant une surface stable qui aide \u00e0 pr\u00e9venir le glissement pendant les poses de yoga. L'utilisation de TPE recycl\u00e9 dans la production de tapis de yoga contribue \u00e0 r\u00e9duire les d\u00e9chets et favorise la durabilit\u00e9 environnementale en minimisant l'utilisation de plastique vierge. Dimensions\u00a0: 173 x 61 x 0,6\u00a0cm. La pochette est fabriqu\u00e9e en RPET.","og_url":"https:\/\/perle-in.com\/en\/product\/tapis-de-yoga-virabha-en-tpe-recycle\/","og_site_name":"PERLE IN","article_modified_time":"2025-10-19T03:46:09+00:00","og_image":[{"width":1600,"height":1600,"url":"https:\/\/perle-in.com\/wp-content\/uploads\/2025\/10\/12703721-1.jpg","type":"image\/jpeg"}],"twitter_card":"summary_large_image","schema":{"@context":"https:\/\/schema.org","@graph":[{"@type":"WebPage","@id":"https:\/\/perle-in.com\/produit\/tapis-de-yoga-virabha-en-tpe-recycle\/","url":"https:\/\/perle-in.com\/produit\/tapis-de-yoga-virabha-en-tpe-recycle\/","name":"Tapis de yoga Virabha en TPE recycl\u00e9 - PERLE IN","isPartOf":{"@id":"https:\/\/perle-in.com\/#website"},"primaryImageOfPage":{"@id":"https:\/\/perle-in.com\/produit\/tapis-de-yoga-virabha-en-tpe-recycle\/#primaryimage"},"image":{"@id":"https:\/\/perle-in.com\/produit\/tapis-de-yoga-virabha-en-tpe-recycle\/#primaryimage"},"thumbnailUrl":"https:\/\/perle-in.com\/wp-content\/uploads\/2025\/10\/12703721-1.jpg","datePublished":"2025-10-14T22:18:51+00:00","dateModified":"2025-10-19T03:46:09+00:00","breadcrumb":{"@id":"https:\/\/perle-in.com\/produit\/tapis-de-yoga-virabha-en-tpe-recycle\/#breadcrumb"},"inLanguage":"en-CA","potentialAction":[{"@type":"ReadAction","target":["https:\/\/perle-in.com\/produit\/tapis-de-yoga-virabha-en-tpe-recycle\/"]}]},{"@type":"ImageObject","inLanguage":"en-CA","@id":"https:\/\/perle-in.com\/produit\/tapis-de-yoga-virabha-en-tpe-recycle\/#primaryimage","url":"https:\/\/perle-in.com\/wp-content\/uploads\/2025\/10\/12703721-1.jpg","contentUrl":"https:\/\/perle-in.com\/wp-content\/uploads\/2025\/10\/12703721-1.jpg","width":1600,"height":1600},{"@type":"BreadcrumbList","@id":"https:\/\/perle-in.com\/produit\/tapis-de-yoga-virabha-en-tpe-recycle\/#breadcrumb","itemListElement":[{"@type":"ListItem","position":1,"name":"Accueil","item":"https:\/\/perle-in.com\/"},{"@type":"ListItem","position":2,"name":"Boutique","item":"https:\/\/perle-in.com\/boutique\/"},{"@type":"ListItem","position":3,"name":"Tapis de yoga Virabha en TPE recycl\u00e9"}]},{"@type":"WebSite","@id":"https:\/\/perle-in.com\/#website","url":"https:\/\/perle-in.com\/","name":"PERLE IN","description":"","publisher":{"@id":"https:\/\/perle-in.com\/#organization"},"potentialAction":[{"@type":"SearchAction","target":{"@type":"EntryPoint","urlTemplate":"https:\/\/perle-in.com\/?s={search_term_string}"},"query-input":{"@type":"PropertyValueSpecification","valueRequired":true,"valueName":"search_term_string"}}],"inLanguage":"en-CA"},{"@type":"Organization","@id":"https:\/\/perle-in.com\/#organization","name":"PERLE IN","url":"https:\/\/perle-in.com\/","logo":{"@type":"ImageObject","inLanguage":"en-CA","@id":"https:\/\/perle-in.com\/#\/schema\/logo\/image\/","url":"https:\/\/perle-in.com\/wp-content\/uploads\/2022\/12\/LOGO-PERLE-IN-COULEUR@3x.webp","contentUrl":"https:\/\/perle-in.com\/wp-content\/uploads\/2022\/12\/LOGO-PERLE-IN-COULEUR@3x.webp","width":1600,"height":490,"caption":"PERLE IN"},"image":{"@id":"https:\/\/perle-in.com\/#\/schema\/logo\/image\/"}}]}},"jetpack_sharing_enabled":true,"_links":{"self":[{"href":"https:\/\/perle-in.com\/en\/wp-json\/wp\/v2\/product\/538334","targetHints":{"allow":["GET"]}}],"collection":[{"href":"https:\/\/perle-in.com\/en\/wp-json\/wp\/v2\/product"}],"about":[{"href":"https:\/\/perle-in.com\/en\/wp-json\/wp\/v2\/types\/product"}],"version-history":[{"count":0,"href":"https:\/\/perle-in.com\/en\/wp-json\/wp\/v2\/product\/538334\/revisions"}],"wp:featuredmedia":[{"embeddable":true,"href":"https:\/\/perle-in.com\/en\/wp-json\/wp\/v2\/media\/538324"}],"wp:attachment":[{"href":"https:\/\/perle-in.com\/en\/wp-json\/wp\/v2\/media?parent=538334"}],"wp:term":[{"taxonomy":"product_brand","embeddable":true,"href":"https:\/\/perle-in.com\/en\/wp-json\/wp\/v2\/product_brand?post=538334"},{"taxonomy":"product_cat","embeddable":true,"href":"https:\/\/perle-in.com\/en\/wp-json\/wp\/v2\/product_cat?post=538334"},{"taxonomy":"product_tag","embeddable":true,"href":"https:\/\/perle-in.com\/en\/wp-json\/wp\/v2\/product_tag?post=538334"}],"curies":[{"name":"wp","href":"https:\/\/api.w.org\/{rel}","templated":true}]}}