{"id":538319,"date":"2025-10-15T00:18:07","date_gmt":"2025-10-14T22:18:07","guid":{"rendered":"https:\/\/perle-in.com\/produit\/sangle-de-yoga-virabha-en-rpet\/"},"modified":"2025-10-19T05:46:07","modified_gmt":"2025-10-19T03:46:07","slug":"sangle-de-yoga-virabha-en-rpet","status":"publish","type":"product","link":"https:\/\/perle-in.com\/en\/product\/sangle-de-yoga-virabha-en-rpet\/","title":{"rendered":"Sangle de yoga Virabha en RPET"},"content":{"rendered":"","protected":false},"excerpt":{"rendered":"<p>Sangle de yoga en polyester recycl\u00e9 (RPET). L&#8217;utilisation de RPET dans la production de sangles de yoga aide \u00e0 r\u00e9duire les d\u00e9chets et \u00e0 promouvoir la durabilit\u00e9 environnementale. En utilisant des mat\u00e9riaux plastiques recycl\u00e9s, la cr\u00e9ation de nouveaux plastiques est minimis\u00e9e, ce qui en fait un choix plus durable. Dimensions\u00a0: 181 x 3,8\u00a0cm. La poche est \u00e9galement en RPET.<\/p>","protected":false},"featured_media":538310,"template":"","meta":{"_eb_attr":""},"product_brand":[],"product_cat":[232,129],"product_tag":[837,754,3231,836,986,441,1997],"class_list":{"0":"post-538319","1":"product","2":"type-product","3":"status-publish","4":"has-post-thumbnail","6":"product_cat-articles-de-fitness-et-de-sport","7":"product_cat-sport-et-loisirs","8":"product_tag-durable","9":"product_tag-exercice","10":"product_tag-formation","11":"product_tag-recycle","12":"product_tag-rpet","13":"product_tag-sangle","14":"product_tag-yoga","15":"pa_couleurs-bleu","16":"pa_couleurs-noir","17":"pa_couleurs-rouge","18":"pa_couleurs-vert","19":"pa_green-points-2847","21":"first","22":"instock","23":"sale","24":"shipping-taxable","25":"purchasable","26":"product-type-variable"},"yoast_head":"<!-- This site is optimized with the Yoast SEO plugin v27.4 - https:\/\/yoast.com\/product\/yoast-seo-wordpress\/ -->\n<title>Sangle de yoga Virabha en RPET - PERLE IN<\/title>\n<meta name=\"robots\" content=\"noindex, follow, max-snippet:-1, max-image-preview:large, max-video-preview:-1\" \/>\n<meta property=\"og:locale\" content=\"en_US\" \/>\n<meta property=\"og:type\" content=\"article\" \/>\n<meta property=\"og:title\" content=\"Sangle de yoga Virabha en RPET - PERLE IN\" \/>\n<meta property=\"og:description\" content=\"Sangle de yoga en polyester recycl\u00e9 (RPET). L&#039;utilisation de RPET dans la production de sangles de yoga aide \u00e0 r\u00e9duire les d\u00e9chets et \u00e0 promouvoir la durabilit\u00e9 environnementale. En utilisant des mat\u00e9riaux plastiques recycl\u00e9s, la cr\u00e9ation de nouveaux plastiques est minimis\u00e9e, ce qui en fait un choix plus durable. Dimensions\u00a0: 181 x 3,8\u00a0cm. La poche est \u00e9galement en RPET.\" \/>\n<meta property=\"og:url\" content=\"https:\/\/perle-in.com\/en\/product\/sangle-de-yoga-virabha-en-rpet\/\" \/>\n<meta property=\"og:site_name\" content=\"PERLE IN\" \/>\n<meta property=\"article:modified_time\" content=\"2025-10-19T03:46:07+00:00\" \/>\n<meta property=\"og:image\" content=\"https:\/\/perle-in.com\/wp-content\/uploads\/2025\/10\/12703621-1.jpg\" \/>\n\t<meta property=\"og:image:width\" content=\"1600\" \/>\n\t<meta property=\"og:image:height\" content=\"1600\" \/>\n\t<meta property=\"og:image:type\" content=\"image\/jpeg\" \/>\n<meta name=\"twitter:card\" content=\"summary_large_image\" \/>\n<script type=\"application\/ld+json\" class=\"yoast-schema-graph\">{\"@context\":\"https:\\\/\\\/schema.org\",\"@graph\":[{\"@type\":\"WebPage\",\"@id\":\"https:\\\/\\\/perle-in.com\\\/en\\\/product\\\/sangle-de-yoga-virabha-en-rpet\\\/\",\"url\":\"https:\\\/\\\/perle-in.com\\\/en\\\/product\\\/sangle-de-yoga-virabha-en-rpet\\\/\",\"name\":\"Sangle de yoga Virabha en RPET - PERLE IN\",\"isPartOf\":{\"@id\":\"https:\\\/\\\/perle-in.com\\\/#website\"},\"primaryImageOfPage\":{\"@id\":\"https:\\\/\\\/perle-in.com\\\/en\\\/product\\\/sangle-de-yoga-virabha-en-rpet\\\/#primaryimage\"},\"image\":{\"@id\":\"https:\\\/\\\/perle-in.com\\\/en\\\/product\\\/sangle-de-yoga-virabha-en-rpet\\\/#primaryimage\"},\"thumbnailUrl\":\"https:\\\/\\\/perle-in.com\\\/wp-content\\\/uploads\\\/2025\\\/10\\\/12703621-1.jpg\",\"datePublished\":\"2025-10-14T22:18:07+00:00\",\"dateModified\":\"2025-10-19T03:46:07+00:00\",\"breadcrumb\":{\"@id\":\"https:\\\/\\\/perle-in.com\\\/en\\\/product\\\/sangle-de-yoga-virabha-en-rpet\\\/#breadcrumb\"},\"inLanguage\":\"en-CA\",\"potentialAction\":[{\"@type\":\"ReadAction\",\"target\":[\"https:\\\/\\\/perle-in.com\\\/en\\\/product\\\/sangle-de-yoga-virabha-en-rpet\\\/\"]}]},{\"@type\":\"ImageObject\",\"inLanguage\":\"en-CA\",\"@id\":\"https:\\\/\\\/perle-in.com\\\/en\\\/product\\\/sangle-de-yoga-virabha-en-rpet\\\/#primaryimage\",\"url\":\"https:\\\/\\\/perle-in.com\\\/wp-content\\\/uploads\\\/2025\\\/10\\\/12703621-1.jpg\",\"contentUrl\":\"https:\\\/\\\/perle-in.com\\\/wp-content\\\/uploads\\\/2025\\\/10\\\/12703621-1.jpg\",\"width\":1600,\"height\":1600},{\"@type\":\"BreadcrumbList\",\"@id\":\"https:\\\/\\\/perle-in.com\\\/en\\\/product\\\/sangle-de-yoga-virabha-en-rpet\\\/#breadcrumb\",\"itemListElement\":[{\"@type\":\"ListItem\",\"position\":1,\"name\":\"Accueil\",\"item\":\"https:\\\/\\\/perle-in.com\\\/\"},{\"@type\":\"ListItem\",\"position\":2,\"name\":\"Boutique\",\"item\":\"https:\\\/\\\/perle-in.com\\\/boutique\\\/\"},{\"@type\":\"ListItem\",\"position\":3,\"name\":\"Sangle de yoga Virabha en RPET\"}]},{\"@type\":\"WebSite\",\"@id\":\"https:\\\/\\\/perle-in.com\\\/#website\",\"url\":\"https:\\\/\\\/perle-in.com\\\/\",\"name\":\"PERLE IN\",\"description\":\"\",\"publisher\":{\"@id\":\"https:\\\/\\\/perle-in.com\\\/#organization\"},\"potentialAction\":[{\"@type\":\"SearchAction\",\"target\":{\"@type\":\"EntryPoint\",\"urlTemplate\":\"https:\\\/\\\/perle-in.com\\\/?s={search_term_string}\"},\"query-input\":{\"@type\":\"PropertyValueSpecification\",\"valueRequired\":true,\"valueName\":\"search_term_string\"}}],\"inLanguage\":\"en-CA\"},{\"@type\":\"Organization\",\"@id\":\"https:\\\/\\\/perle-in.com\\\/#organization\",\"name\":\"PERLE IN\",\"url\":\"https:\\\/\\\/perle-in.com\\\/\",\"logo\":{\"@type\":\"ImageObject\",\"inLanguage\":\"en-CA\",\"@id\":\"https:\\\/\\\/perle-in.com\\\/#\\\/schema\\\/logo\\\/image\\\/\",\"url\":\"https:\\\/\\\/perle-in.com\\\/wp-content\\\/uploads\\\/2022\\\/12\\\/LOGO-PERLE-IN-COULEUR@3x.webp\",\"contentUrl\":\"https:\\\/\\\/perle-in.com\\\/wp-content\\\/uploads\\\/2022\\\/12\\\/LOGO-PERLE-IN-COULEUR@3x.webp\",\"width\":1600,\"height\":490,\"caption\":\"PERLE IN\"},\"image\":{\"@id\":\"https:\\\/\\\/perle-in.com\\\/#\\\/schema\\\/logo\\\/image\\\/\"}}]}<\/script>\n<!-- \/ Yoast SEO plugin. -->","yoast_head_json":{"title":"Sangle de yoga Virabha en RPET - PERLE IN","robots":{"index":"noindex","follow":"follow","max-snippet":"max-snippet:-1","max-image-preview":"max-image-preview:large","max-video-preview":"max-video-preview:-1"},"og_locale":"en_US","og_type":"article","og_title":"Sangle de yoga Virabha en RPET - PERLE IN","og_description":"Sangle de yoga en polyester recycl\u00e9 (RPET). L'utilisation de RPET dans la production de sangles de yoga aide \u00e0 r\u00e9duire les d\u00e9chets et \u00e0 promouvoir la durabilit\u00e9 environnementale. En utilisant des mat\u00e9riaux plastiques recycl\u00e9s, la cr\u00e9ation de nouveaux plastiques est minimis\u00e9e, ce qui en fait un choix plus durable. Dimensions\u00a0: 181 x 3,8\u00a0cm. La poche est \u00e9galement en RPET.","og_url":"https:\/\/perle-in.com\/en\/product\/sangle-de-yoga-virabha-en-rpet\/","og_site_name":"PERLE IN","article_modified_time":"2025-10-19T03:46:07+00:00","og_image":[{"width":1600,"height":1600,"url":"https:\/\/perle-in.com\/wp-content\/uploads\/2025\/10\/12703621-1.jpg","type":"image\/jpeg"}],"twitter_card":"summary_large_image","schema":{"@context":"https:\/\/schema.org","@graph":[{"@type":"WebPage","@id":"https:\/\/perle-in.com\/en\/product\/sangle-de-yoga-virabha-en-rpet\/","url":"https:\/\/perle-in.com\/en\/product\/sangle-de-yoga-virabha-en-rpet\/","name":"Sangle de yoga Virabha en RPET - PERLE IN","isPartOf":{"@id":"https:\/\/perle-in.com\/#website"},"primaryImageOfPage":{"@id":"https:\/\/perle-in.com\/en\/product\/sangle-de-yoga-virabha-en-rpet\/#primaryimage"},"image":{"@id":"https:\/\/perle-in.com\/en\/product\/sangle-de-yoga-virabha-en-rpet\/#primaryimage"},"thumbnailUrl":"https:\/\/perle-in.com\/wp-content\/uploads\/2025\/10\/12703621-1.jpg","datePublished":"2025-10-14T22:18:07+00:00","dateModified":"2025-10-19T03:46:07+00:00","breadcrumb":{"@id":"https:\/\/perle-in.com\/en\/product\/sangle-de-yoga-virabha-en-rpet\/#breadcrumb"},"inLanguage":"en-CA","potentialAction":[{"@type":"ReadAction","target":["https:\/\/perle-in.com\/en\/product\/sangle-de-yoga-virabha-en-rpet\/"]}]},{"@type":"ImageObject","inLanguage":"en-CA","@id":"https:\/\/perle-in.com\/en\/product\/sangle-de-yoga-virabha-en-rpet\/#primaryimage","url":"https:\/\/perle-in.com\/wp-content\/uploads\/2025\/10\/12703621-1.jpg","contentUrl":"https:\/\/perle-in.com\/wp-content\/uploads\/2025\/10\/12703621-1.jpg","width":1600,"height":1600},{"@type":"BreadcrumbList","@id":"https:\/\/perle-in.com\/en\/product\/sangle-de-yoga-virabha-en-rpet\/#breadcrumb","itemListElement":[{"@type":"ListItem","position":1,"name":"Accueil","item":"https:\/\/perle-in.com\/"},{"@type":"ListItem","position":2,"name":"Boutique","item":"https:\/\/perle-in.com\/boutique\/"},{"@type":"ListItem","position":3,"name":"Sangle de yoga Virabha en RPET"}]},{"@type":"WebSite","@id":"https:\/\/perle-in.com\/#website","url":"https:\/\/perle-in.com\/","name":"PERLE IN","description":"","publisher":{"@id":"https:\/\/perle-in.com\/#organization"},"potentialAction":[{"@type":"SearchAction","target":{"@type":"EntryPoint","urlTemplate":"https:\/\/perle-in.com\/?s={search_term_string}"},"query-input":{"@type":"PropertyValueSpecification","valueRequired":true,"valueName":"search_term_string"}}],"inLanguage":"en-CA"},{"@type":"Organization","@id":"https:\/\/perle-in.com\/#organization","name":"PERLE IN","url":"https:\/\/perle-in.com\/","logo":{"@type":"ImageObject","inLanguage":"en-CA","@id":"https:\/\/perle-in.com\/#\/schema\/logo\/image\/","url":"https:\/\/perle-in.com\/wp-content\/uploads\/2022\/12\/LOGO-PERLE-IN-COULEUR@3x.webp","contentUrl":"https:\/\/perle-in.com\/wp-content\/uploads\/2022\/12\/LOGO-PERLE-IN-COULEUR@3x.webp","width":1600,"height":490,"caption":"PERLE IN"},"image":{"@id":"https:\/\/perle-in.com\/#\/schema\/logo\/image\/"}}]}},"jetpack_sharing_enabled":true,"_links":{"self":[{"href":"https:\/\/perle-in.com\/en\/wp-json\/wp\/v2\/product\/538319","targetHints":{"allow":["GET"]}}],"collection":[{"href":"https:\/\/perle-in.com\/en\/wp-json\/wp\/v2\/product"}],"about":[{"href":"https:\/\/perle-in.com\/en\/wp-json\/wp\/v2\/types\/product"}],"version-history":[{"count":0,"href":"https:\/\/perle-in.com\/en\/wp-json\/wp\/v2\/product\/538319\/revisions"}],"wp:featuredmedia":[{"embeddable":true,"href":"https:\/\/perle-in.com\/en\/wp-json\/wp\/v2\/media\/538310"}],"wp:attachment":[{"href":"https:\/\/perle-in.com\/en\/wp-json\/wp\/v2\/media?parent=538319"}],"wp:term":[{"taxonomy":"product_brand","embeddable":true,"href":"https:\/\/perle-in.com\/en\/wp-json\/wp\/v2\/product_brand?post=538319"},{"taxonomy":"product_cat","embeddable":true,"href":"https:\/\/perle-in.com\/en\/wp-json\/wp\/v2\/product_cat?post=538319"},{"taxonomy":"product_tag","embeddable":true,"href":"https:\/\/perle-in.com\/en\/wp-json\/wp\/v2\/product_tag?post=538319"}],"curies":[{"name":"wp","href":"https:\/\/api.w.org\/{rel}","templated":true}]}}