{"id":538276,"date":"2025-10-15T00:12:54","date_gmt":"2025-10-14T22:12:54","guid":{"rendered":"https:\/\/perle-in.com\/produit\/boite-dechantillons-de-produits-reflechissants\/"},"modified":"2025-10-19T05:45:56","modified_gmt":"2025-10-19T03:45:56","slug":"boite-dechantillons-de-produits-reflechissants","status":"publish","type":"product","link":"https:\/\/perle-in.com\/en\/product\/boite-dechantillons-de-produits-reflechissants\/","title":{"rendered":"Bo\u00eete d&#8217;\u00e9chantillons de produits r\u00e9fl\u00e9chissants"},"content":{"rendered":"","protected":false},"excerpt":{"rendered":"<p>Comprend 5\u00a0brassards slap, 8\u00a0cintres r\u00e9fl\u00e9chissants, 1\u00a0attache r\u00e9fl\u00e9chissante, 1\u00a0porte-cl\u00e9s en forme de m\u00e9t\u00e9ore r\u00e9fl\u00e9chissant et 1\u00a0catalogue de produits r\u00e9fl\u00e9chissant. Les produits fabriqu\u00e9s en Europe sont test\u00e9s et certifi\u00e9s conformes \u00e0 la norme EN17353:2020 Type B1 et B2, ce qui garantit une qualit\u00e9 et une visibilit\u00e9 \u00e9lev\u00e9es.<\/p>","protected":false},"featured_media":538271,"template":"","meta":{"_eb_attr":""},"product_brand":[],"product_cat":[439,438],"product_tag":[741,888,3230,3227,3228,738,3229,686,3226,734],"class_list":{"0":"post-538276","1":"product","2":"type-product","3":"status-publish","4":"has-post-thumbnail","6":"product_cat-articles-rflchissants","7":"product_cat-outils-et-accessoires-pour-la-voiture","8":"product_tag-aimant","9":"product_tag-attache","10":"product_tag-attaches","11":"product_tag-boite-dechantillon","12":"product_tag-bracelet-a-auto-enroulement","13":"product_tag-brassard-slap","14":"product_tag-brassards-slap","15":"product_tag-reflechissant","16":"product_tag-reflectif","17":"product_tag-rfx","18":"pa_couleurs-blanc","20":"first","21":"instock","22":"shipping-taxable","23":"purchasable","24":"product-type-variable"},"yoast_head":"<!-- This site is optimized with the Yoast SEO plugin v27.4 - https:\/\/yoast.com\/product\/yoast-seo-wordpress\/ -->\n<title>Bo\u00eete d&#039;\u00e9chantillons de produits r\u00e9fl\u00e9chissants - PERLE IN<\/title>\n<meta name=\"robots\" content=\"noindex, follow, max-snippet:-1, max-image-preview:large, max-video-preview:-1\" \/>\n<meta property=\"og:locale\" content=\"en_US\" \/>\n<meta property=\"og:type\" content=\"article\" \/>\n<meta property=\"og:title\" content=\"Bo\u00eete d&#039;\u00e9chantillons de produits r\u00e9fl\u00e9chissants - PERLE IN\" \/>\n<meta property=\"og:description\" content=\"Comprend 5\u00a0brassards slap, 8\u00a0cintres r\u00e9fl\u00e9chissants, 1\u00a0attache r\u00e9fl\u00e9chissante, 1\u00a0porte-cl\u00e9s en forme de m\u00e9t\u00e9ore r\u00e9fl\u00e9chissant et 1\u00a0catalogue de produits r\u00e9fl\u00e9chissant. Les produits fabriqu\u00e9s en Europe sont test\u00e9s et certifi\u00e9s conformes \u00e0 la norme EN17353:2020 Type B1 et B2, ce qui garantit une qualit\u00e9 et une visibilit\u00e9 \u00e9lev\u00e9es.\" \/>\n<meta property=\"og:url\" content=\"https:\/\/perle-in.com\/en\/product\/boite-dechantillons-de-produits-reflechissants\/\" \/>\n<meta property=\"og:site_name\" content=\"PERLE IN\" \/>\n<meta property=\"article:modified_time\" content=\"2025-10-19T03:45:56+00:00\" \/>\n<meta property=\"og:image\" content=\"https:\/\/perle-in.com\/wp-content\/uploads\/2025\/10\/1PW00601-1.jpg\" \/>\n\t<meta property=\"og:image:width\" content=\"1600\" \/>\n\t<meta property=\"og:image:height\" content=\"1600\" \/>\n\t<meta property=\"og:image:type\" content=\"image\/jpeg\" \/>\n<meta name=\"twitter:card\" content=\"summary_large_image\" \/>\n<script type=\"application\/ld+json\" class=\"yoast-schema-graph\">{\"@context\":\"https:\\\/\\\/schema.org\",\"@graph\":[{\"@type\":\"WebPage\",\"@id\":\"https:\\\/\\\/perle-in.com\\\/en\\\/product\\\/boite-dechantillons-de-produits-reflechissants\\\/\",\"url\":\"https:\\\/\\\/perle-in.com\\\/en\\\/product\\\/boite-dechantillons-de-produits-reflechissants\\\/\",\"name\":\"Bo\u00eete d'\u00e9chantillons de produits r\u00e9fl\u00e9chissants - PERLE IN\",\"isPartOf\":{\"@id\":\"https:\\\/\\\/perle-in.com\\\/#website\"},\"primaryImageOfPage\":{\"@id\":\"https:\\\/\\\/perle-in.com\\\/en\\\/product\\\/boite-dechantillons-de-produits-reflechissants\\\/#primaryimage\"},\"image\":{\"@id\":\"https:\\\/\\\/perle-in.com\\\/en\\\/product\\\/boite-dechantillons-de-produits-reflechissants\\\/#primaryimage\"},\"thumbnailUrl\":\"https:\\\/\\\/perle-in.com\\\/wp-content\\\/uploads\\\/2025\\\/10\\\/1PW00601-1.jpg\",\"datePublished\":\"2025-10-14T22:12:54+00:00\",\"dateModified\":\"2025-10-19T03:45:56+00:00\",\"breadcrumb\":{\"@id\":\"https:\\\/\\\/perle-in.com\\\/en\\\/product\\\/boite-dechantillons-de-produits-reflechissants\\\/#breadcrumb\"},\"inLanguage\":\"en-CA\",\"potentialAction\":[{\"@type\":\"ReadAction\",\"target\":[\"https:\\\/\\\/perle-in.com\\\/en\\\/product\\\/boite-dechantillons-de-produits-reflechissants\\\/\"]}]},{\"@type\":\"ImageObject\",\"inLanguage\":\"en-CA\",\"@id\":\"https:\\\/\\\/perle-in.com\\\/en\\\/product\\\/boite-dechantillons-de-produits-reflechissants\\\/#primaryimage\",\"url\":\"https:\\\/\\\/perle-in.com\\\/wp-content\\\/uploads\\\/2025\\\/10\\\/1PW00601-1.jpg\",\"contentUrl\":\"https:\\\/\\\/perle-in.com\\\/wp-content\\\/uploads\\\/2025\\\/10\\\/1PW00601-1.jpg\",\"width\":1600,\"height\":1600},{\"@type\":\"BreadcrumbList\",\"@id\":\"https:\\\/\\\/perle-in.com\\\/en\\\/product\\\/boite-dechantillons-de-produits-reflechissants\\\/#breadcrumb\",\"itemListElement\":[{\"@type\":\"ListItem\",\"position\":1,\"name\":\"Accueil\",\"item\":\"https:\\\/\\\/perle-in.com\\\/\"},{\"@type\":\"ListItem\",\"position\":2,\"name\":\"Boutique\",\"item\":\"https:\\\/\\\/perle-in.com\\\/boutique\\\/\"},{\"@type\":\"ListItem\",\"position\":3,\"name\":\"Bo\u00eete d&#8217;\u00e9chantillons de produits r\u00e9fl\u00e9chissants\"}]},{\"@type\":\"WebSite\",\"@id\":\"https:\\\/\\\/perle-in.com\\\/#website\",\"url\":\"https:\\\/\\\/perle-in.com\\\/\",\"name\":\"PERLE IN\",\"description\":\"\",\"publisher\":{\"@id\":\"https:\\\/\\\/perle-in.com\\\/#organization\"},\"potentialAction\":[{\"@type\":\"SearchAction\",\"target\":{\"@type\":\"EntryPoint\",\"urlTemplate\":\"https:\\\/\\\/perle-in.com\\\/?s={search_term_string}\"},\"query-input\":{\"@type\":\"PropertyValueSpecification\",\"valueRequired\":true,\"valueName\":\"search_term_string\"}}],\"inLanguage\":\"en-CA\"},{\"@type\":\"Organization\",\"@id\":\"https:\\\/\\\/perle-in.com\\\/#organization\",\"name\":\"PERLE IN\",\"url\":\"https:\\\/\\\/perle-in.com\\\/\",\"logo\":{\"@type\":\"ImageObject\",\"inLanguage\":\"en-CA\",\"@id\":\"https:\\\/\\\/perle-in.com\\\/#\\\/schema\\\/logo\\\/image\\\/\",\"url\":\"https:\\\/\\\/perle-in.com\\\/wp-content\\\/uploads\\\/2022\\\/12\\\/LOGO-PERLE-IN-COULEUR@3x.webp\",\"contentUrl\":\"https:\\\/\\\/perle-in.com\\\/wp-content\\\/uploads\\\/2022\\\/12\\\/LOGO-PERLE-IN-COULEUR@3x.webp\",\"width\":1600,\"height\":490,\"caption\":\"PERLE IN\"},\"image\":{\"@id\":\"https:\\\/\\\/perle-in.com\\\/#\\\/schema\\\/logo\\\/image\\\/\"}}]}<\/script>\n<!-- \/ Yoast SEO plugin. -->","yoast_head_json":{"title":"Bo\u00eete d'\u00e9chantillons de produits r\u00e9fl\u00e9chissants - PERLE IN","robots":{"index":"noindex","follow":"follow","max-snippet":"max-snippet:-1","max-image-preview":"max-image-preview:large","max-video-preview":"max-video-preview:-1"},"og_locale":"en_US","og_type":"article","og_title":"Bo\u00eete d'\u00e9chantillons de produits r\u00e9fl\u00e9chissants - PERLE IN","og_description":"Comprend 5\u00a0brassards slap, 8\u00a0cintres r\u00e9fl\u00e9chissants, 1\u00a0attache r\u00e9fl\u00e9chissante, 1\u00a0porte-cl\u00e9s en forme de m\u00e9t\u00e9ore r\u00e9fl\u00e9chissant et 1\u00a0catalogue de produits r\u00e9fl\u00e9chissant. Les produits fabriqu\u00e9s en Europe sont test\u00e9s et certifi\u00e9s conformes \u00e0 la norme EN17353:2020 Type B1 et B2, ce qui garantit une qualit\u00e9 et une visibilit\u00e9 \u00e9lev\u00e9es.","og_url":"https:\/\/perle-in.com\/en\/product\/boite-dechantillons-de-produits-reflechissants\/","og_site_name":"PERLE IN","article_modified_time":"2025-10-19T03:45:56+00:00","og_image":[{"width":1600,"height":1600,"url":"https:\/\/perle-in.com\/wp-content\/uploads\/2025\/10\/1PW00601-1.jpg","type":"image\/jpeg"}],"twitter_card":"summary_large_image","schema":{"@context":"https:\/\/schema.org","@graph":[{"@type":"WebPage","@id":"https:\/\/perle-in.com\/en\/product\/boite-dechantillons-de-produits-reflechissants\/","url":"https:\/\/perle-in.com\/en\/product\/boite-dechantillons-de-produits-reflechissants\/","name":"Bo\u00eete d'\u00e9chantillons de produits r\u00e9fl\u00e9chissants - PERLE IN","isPartOf":{"@id":"https:\/\/perle-in.com\/#website"},"primaryImageOfPage":{"@id":"https:\/\/perle-in.com\/en\/product\/boite-dechantillons-de-produits-reflechissants\/#primaryimage"},"image":{"@id":"https:\/\/perle-in.com\/en\/product\/boite-dechantillons-de-produits-reflechissants\/#primaryimage"},"thumbnailUrl":"https:\/\/perle-in.com\/wp-content\/uploads\/2025\/10\/1PW00601-1.jpg","datePublished":"2025-10-14T22:12:54+00:00","dateModified":"2025-10-19T03:45:56+00:00","breadcrumb":{"@id":"https:\/\/perle-in.com\/en\/product\/boite-dechantillons-de-produits-reflechissants\/#breadcrumb"},"inLanguage":"en-CA","potentialAction":[{"@type":"ReadAction","target":["https:\/\/perle-in.com\/en\/product\/boite-dechantillons-de-produits-reflechissants\/"]}]},{"@type":"ImageObject","inLanguage":"en-CA","@id":"https:\/\/perle-in.com\/en\/product\/boite-dechantillons-de-produits-reflechissants\/#primaryimage","url":"https:\/\/perle-in.com\/wp-content\/uploads\/2025\/10\/1PW00601-1.jpg","contentUrl":"https:\/\/perle-in.com\/wp-content\/uploads\/2025\/10\/1PW00601-1.jpg","width":1600,"height":1600},{"@type":"BreadcrumbList","@id":"https:\/\/perle-in.com\/en\/product\/boite-dechantillons-de-produits-reflechissants\/#breadcrumb","itemListElement":[{"@type":"ListItem","position":1,"name":"Accueil","item":"https:\/\/perle-in.com\/"},{"@type":"ListItem","position":2,"name":"Boutique","item":"https:\/\/perle-in.com\/boutique\/"},{"@type":"ListItem","position":3,"name":"Bo\u00eete d&#8217;\u00e9chantillons de produits r\u00e9fl\u00e9chissants"}]},{"@type":"WebSite","@id":"https:\/\/perle-in.com\/#website","url":"https:\/\/perle-in.com\/","name":"PERLE IN","description":"","publisher":{"@id":"https:\/\/perle-in.com\/#organization"},"potentialAction":[{"@type":"SearchAction","target":{"@type":"EntryPoint","urlTemplate":"https:\/\/perle-in.com\/?s={search_term_string}"},"query-input":{"@type":"PropertyValueSpecification","valueRequired":true,"valueName":"search_term_string"}}],"inLanguage":"en-CA"},{"@type":"Organization","@id":"https:\/\/perle-in.com\/#organization","name":"PERLE IN","url":"https:\/\/perle-in.com\/","logo":{"@type":"ImageObject","inLanguage":"en-CA","@id":"https:\/\/perle-in.com\/#\/schema\/logo\/image\/","url":"https:\/\/perle-in.com\/wp-content\/uploads\/2022\/12\/LOGO-PERLE-IN-COULEUR@3x.webp","contentUrl":"https:\/\/perle-in.com\/wp-content\/uploads\/2022\/12\/LOGO-PERLE-IN-COULEUR@3x.webp","width":1600,"height":490,"caption":"PERLE IN"},"image":{"@id":"https:\/\/perle-in.com\/#\/schema\/logo\/image\/"}}]}},"jetpack_sharing_enabled":true,"_links":{"self":[{"href":"https:\/\/perle-in.com\/en\/wp-json\/wp\/v2\/product\/538276","targetHints":{"allow":["GET"]}}],"collection":[{"href":"https:\/\/perle-in.com\/en\/wp-json\/wp\/v2\/product"}],"about":[{"href":"https:\/\/perle-in.com\/en\/wp-json\/wp\/v2\/types\/product"}],"version-history":[{"count":0,"href":"https:\/\/perle-in.com\/en\/wp-json\/wp\/v2\/product\/538276\/revisions"}],"wp:featuredmedia":[{"embeddable":true,"href":"https:\/\/perle-in.com\/en\/wp-json\/wp\/v2\/media\/538271"}],"wp:attachment":[{"href":"https:\/\/perle-in.com\/en\/wp-json\/wp\/v2\/media?parent=538276"}],"wp:term":[{"taxonomy":"product_brand","embeddable":true,"href":"https:\/\/perle-in.com\/en\/wp-json\/wp\/v2\/product_brand?post=538276"},{"taxonomy":"product_cat","embeddable":true,"href":"https:\/\/perle-in.com\/en\/wp-json\/wp\/v2\/product_cat?post=538276"},{"taxonomy":"product_tag","embeddable":true,"href":"https:\/\/perle-in.com\/en\/wp-json\/wp\/v2\/product_tag?post=538276"}],"curies":[{"name":"wp","href":"https:\/\/api.w.org\/{rel}","templated":true}]}}