{"id":538247,"date":"2025-10-15T00:09:29","date_gmt":"2025-10-14T22:09:29","guid":{"rendered":"https:\/\/perle-in.com\/produit\/bouteille-de-sport-bodhi-de-500-ml-en-rpet\/"},"modified":"2025-10-19T05:45:56","modified_gmt":"2025-10-19T03:45:56","slug":"bouteille-de-sport-bodhi-de-500-ml-en-rpet","status":"publish","type":"product","link":"https:\/\/perle-in.com\/en\/product\/bouteille-de-sport-bodhi-de-500-ml-en-rpet\/","title":{"rendered":"Bouteille de sport Bodhi de 500\u00a0ml en RPET"},"content":{"rendered":"","protected":false},"excerpt":{"rendered":"<p>La bouteille d&#8217;eau Bodhi de 500\u00a0ml est fabriqu\u00e9e en RPET et dot\u00e9e d&#8217;un couvercle en acier inoxydable, ce qui en fait une option plus durable pour les personnes \u00e0 la recherche d&#8217;une bouteille d&#8217;eau r\u00e9utilisable. La bouteille est munie d&#8217;une poign\u00e9e pour faciliter le transport, ce qui est un excellent ajout \u00e0 son design. Sans bisph\u00e9nol A, test\u00e9e et approuv\u00e9e par la l\u00e9gislation allemande sur la s\u00e9curit\u00e9 alimentaire (LFGB), et test\u00e9e pour la teneur en phtalates conform\u00e9ment \u00e0 la r\u00e9glementation REACH.<\/p>","protected":false},"featured_media":538234,"template":"","meta":{"_eb_attr":""},"product_brand":[],"product_cat":[174,173],"product_tag":[3224,276,275,175,837,274,836,986],"class_list":{"0":"post-538247","1":"product","2":"type-product","3":"status-publish","4":"has-post-thumbnail","6":"product_cat-bouteilles-deau","7":"product_cat-drinkware","8":"product_tag-articles-pour-boissons","9":"product_tag-boire","10":"product_tag-boissons","11":"product_tag-bouteille","12":"product_tag-durable","13":"product_tag-eau","14":"product_tag-recycle","15":"product_tag-rpet","16":"pa_couleurs-bleu-ciel-transparent","17":"pa_couleurs-bleu-royal-translucide","18":"pa_couleurs-citron-vert-transparent","19":"pa_couleurs-noir-translucide","20":"pa_couleurs-orange-translucide-2","21":"pa_couleurs-rose-transparent","22":"pa_couleurs-rouge-translucide","23":"pa_couleurs-translucide","24":"pa_green-points-2847","25":"pa_matiere-plastique-recycle-pet-acier-inoxydable","27":"first","28":"instock","29":"shipping-taxable","30":"purchasable","31":"product-type-variable"},"yoast_head":"<!-- This site is optimized with the Yoast SEO plugin v27.4 - https:\/\/yoast.com\/product\/yoast-seo-wordpress\/ -->\n<title>Bouteille de sport Bodhi de 500\u00a0ml en RPET - PERLE IN<\/title>\n<meta name=\"robots\" content=\"noindex, follow, max-snippet:-1, max-image-preview:large, max-video-preview:-1\" \/>\n<meta property=\"og:locale\" content=\"en_US\" \/>\n<meta property=\"og:type\" content=\"article\" \/>\n<meta property=\"og:title\" content=\"Bouteille de sport Bodhi de 500\u00a0ml en RPET - PERLE IN\" \/>\n<meta property=\"og:description\" content=\"La bouteille d&#039;eau Bodhi de 500\u00a0ml est fabriqu\u00e9e en RPET et dot\u00e9e d&#039;un couvercle en acier inoxydable, ce qui en fait une option plus durable pour les personnes \u00e0 la recherche d&#039;une bouteille d&#039;eau r\u00e9utilisable. La bouteille est munie d&#039;une poign\u00e9e pour faciliter le transport, ce qui est un excellent ajout \u00e0 son design. Sans bisph\u00e9nol A, test\u00e9e et approuv\u00e9e par la l\u00e9gislation allemande sur la s\u00e9curit\u00e9 alimentaire (LFGB), et test\u00e9e pour la teneur en phtalates conform\u00e9ment \u00e0 la r\u00e9glementation REACH.\" \/>\n<meta property=\"og:url\" content=\"https:\/\/perle-in.com\/en\/product\/bouteille-de-sport-bodhi-de-500-ml-en-rpet\/\" \/>\n<meta property=\"og:site_name\" content=\"PERLE IN\" \/>\n<meta property=\"article:modified_time\" content=\"2025-10-19T03:45:56+00:00\" \/>\n<meta property=\"og:image\" content=\"https:\/\/perle-in.com\/wp-content\/uploads\/2025\/10\/10073701-1.jpg\" \/>\n\t<meta property=\"og:image:width\" content=\"1600\" \/>\n\t<meta property=\"og:image:height\" content=\"1600\" \/>\n\t<meta property=\"og:image:type\" content=\"image\/jpeg\" \/>\n<meta name=\"twitter:card\" content=\"summary_large_image\" \/>\n<script type=\"application\/ld+json\" class=\"yoast-schema-graph\">{\"@context\":\"https:\\\/\\\/schema.org\",\"@graph\":[{\"@type\":\"WebPage\",\"@id\":\"https:\\\/\\\/perle-in.com\\\/produit\\\/bouteille-de-sport-bodhi-de-500-ml-en-rpet\\\/\",\"url\":\"https:\\\/\\\/perle-in.com\\\/produit\\\/bouteille-de-sport-bodhi-de-500-ml-en-rpet\\\/\",\"name\":\"Bouteille de sport Bodhi de 500\u00a0ml en RPET - PERLE IN\",\"isPartOf\":{\"@id\":\"https:\\\/\\\/perle-in.com\\\/#website\"},\"primaryImageOfPage\":{\"@id\":\"https:\\\/\\\/perle-in.com\\\/produit\\\/bouteille-de-sport-bodhi-de-500-ml-en-rpet\\\/#primaryimage\"},\"image\":{\"@id\":\"https:\\\/\\\/perle-in.com\\\/produit\\\/bouteille-de-sport-bodhi-de-500-ml-en-rpet\\\/#primaryimage\"},\"thumbnailUrl\":\"https:\\\/\\\/perle-in.com\\\/wp-content\\\/uploads\\\/2025\\\/10\\\/10073701-1.jpg\",\"datePublished\":\"2025-10-14T22:09:29+00:00\",\"dateModified\":\"2025-10-19T03:45:56+00:00\",\"breadcrumb\":{\"@id\":\"https:\\\/\\\/perle-in.com\\\/produit\\\/bouteille-de-sport-bodhi-de-500-ml-en-rpet\\\/#breadcrumb\"},\"inLanguage\":\"en-CA\",\"potentialAction\":[{\"@type\":\"ReadAction\",\"target\":[\"https:\\\/\\\/perle-in.com\\\/produit\\\/bouteille-de-sport-bodhi-de-500-ml-en-rpet\\\/\"]}]},{\"@type\":\"ImageObject\",\"inLanguage\":\"en-CA\",\"@id\":\"https:\\\/\\\/perle-in.com\\\/produit\\\/bouteille-de-sport-bodhi-de-500-ml-en-rpet\\\/#primaryimage\",\"url\":\"https:\\\/\\\/perle-in.com\\\/wp-content\\\/uploads\\\/2025\\\/10\\\/10073701-1.jpg\",\"contentUrl\":\"https:\\\/\\\/perle-in.com\\\/wp-content\\\/uploads\\\/2025\\\/10\\\/10073701-1.jpg\",\"width\":1600,\"height\":1600},{\"@type\":\"BreadcrumbList\",\"@id\":\"https:\\\/\\\/perle-in.com\\\/produit\\\/bouteille-de-sport-bodhi-de-500-ml-en-rpet\\\/#breadcrumb\",\"itemListElement\":[{\"@type\":\"ListItem\",\"position\":1,\"name\":\"Accueil\",\"item\":\"https:\\\/\\\/perle-in.com\\\/\"},{\"@type\":\"ListItem\",\"position\":2,\"name\":\"Boutique\",\"item\":\"https:\\\/\\\/perle-in.com\\\/boutique\\\/\"},{\"@type\":\"ListItem\",\"position\":3,\"name\":\"Bouteille de sport Bodhi de 500\u00a0ml en RPET\"}]},{\"@type\":\"WebSite\",\"@id\":\"https:\\\/\\\/perle-in.com\\\/#website\",\"url\":\"https:\\\/\\\/perle-in.com\\\/\",\"name\":\"PERLE IN\",\"description\":\"\",\"publisher\":{\"@id\":\"https:\\\/\\\/perle-in.com\\\/#organization\"},\"potentialAction\":[{\"@type\":\"SearchAction\",\"target\":{\"@type\":\"EntryPoint\",\"urlTemplate\":\"https:\\\/\\\/perle-in.com\\\/?s={search_term_string}\"},\"query-input\":{\"@type\":\"PropertyValueSpecification\",\"valueRequired\":true,\"valueName\":\"search_term_string\"}}],\"inLanguage\":\"en-CA\"},{\"@type\":\"Organization\",\"@id\":\"https:\\\/\\\/perle-in.com\\\/#organization\",\"name\":\"PERLE IN\",\"url\":\"https:\\\/\\\/perle-in.com\\\/\",\"logo\":{\"@type\":\"ImageObject\",\"inLanguage\":\"en-CA\",\"@id\":\"https:\\\/\\\/perle-in.com\\\/#\\\/schema\\\/logo\\\/image\\\/\",\"url\":\"https:\\\/\\\/perle-in.com\\\/wp-content\\\/uploads\\\/2022\\\/12\\\/LOGO-PERLE-IN-COULEUR@3x.webp\",\"contentUrl\":\"https:\\\/\\\/perle-in.com\\\/wp-content\\\/uploads\\\/2022\\\/12\\\/LOGO-PERLE-IN-COULEUR@3x.webp\",\"width\":1600,\"height\":490,\"caption\":\"PERLE IN\"},\"image\":{\"@id\":\"https:\\\/\\\/perle-in.com\\\/#\\\/schema\\\/logo\\\/image\\\/\"}}]}<\/script>\n<!-- \/ Yoast SEO plugin. -->","yoast_head_json":{"title":"Bouteille de sport Bodhi de 500\u00a0ml en RPET - PERLE IN","robots":{"index":"noindex","follow":"follow","max-snippet":"max-snippet:-1","max-image-preview":"max-image-preview:large","max-video-preview":"max-video-preview:-1"},"og_locale":"en_US","og_type":"article","og_title":"Bouteille de sport Bodhi de 500\u00a0ml en RPET - PERLE IN","og_description":"La bouteille d'eau Bodhi de 500\u00a0ml est fabriqu\u00e9e en RPET et dot\u00e9e d'un couvercle en acier inoxydable, ce qui en fait une option plus durable pour les personnes \u00e0 la recherche d'une bouteille d'eau r\u00e9utilisable. La bouteille est munie d'une poign\u00e9e pour faciliter le transport, ce qui est un excellent ajout \u00e0 son design. Sans bisph\u00e9nol A, test\u00e9e et approuv\u00e9e par la l\u00e9gislation allemande sur la s\u00e9curit\u00e9 alimentaire (LFGB), et test\u00e9e pour la teneur en phtalates conform\u00e9ment \u00e0 la r\u00e9glementation REACH.","og_url":"https:\/\/perle-in.com\/en\/product\/bouteille-de-sport-bodhi-de-500-ml-en-rpet\/","og_site_name":"PERLE IN","article_modified_time":"2025-10-19T03:45:56+00:00","og_image":[{"width":1600,"height":1600,"url":"https:\/\/perle-in.com\/wp-content\/uploads\/2025\/10\/10073701-1.jpg","type":"image\/jpeg"}],"twitter_card":"summary_large_image","schema":{"@context":"https:\/\/schema.org","@graph":[{"@type":"WebPage","@id":"https:\/\/perle-in.com\/produit\/bouteille-de-sport-bodhi-de-500-ml-en-rpet\/","url":"https:\/\/perle-in.com\/produit\/bouteille-de-sport-bodhi-de-500-ml-en-rpet\/","name":"Bouteille de sport Bodhi de 500\u00a0ml en RPET - PERLE IN","isPartOf":{"@id":"https:\/\/perle-in.com\/#website"},"primaryImageOfPage":{"@id":"https:\/\/perle-in.com\/produit\/bouteille-de-sport-bodhi-de-500-ml-en-rpet\/#primaryimage"},"image":{"@id":"https:\/\/perle-in.com\/produit\/bouteille-de-sport-bodhi-de-500-ml-en-rpet\/#primaryimage"},"thumbnailUrl":"https:\/\/perle-in.com\/wp-content\/uploads\/2025\/10\/10073701-1.jpg","datePublished":"2025-10-14T22:09:29+00:00","dateModified":"2025-10-19T03:45:56+00:00","breadcrumb":{"@id":"https:\/\/perle-in.com\/produit\/bouteille-de-sport-bodhi-de-500-ml-en-rpet\/#breadcrumb"},"inLanguage":"en-CA","potentialAction":[{"@type":"ReadAction","target":["https:\/\/perle-in.com\/produit\/bouteille-de-sport-bodhi-de-500-ml-en-rpet\/"]}]},{"@type":"ImageObject","inLanguage":"en-CA","@id":"https:\/\/perle-in.com\/produit\/bouteille-de-sport-bodhi-de-500-ml-en-rpet\/#primaryimage","url":"https:\/\/perle-in.com\/wp-content\/uploads\/2025\/10\/10073701-1.jpg","contentUrl":"https:\/\/perle-in.com\/wp-content\/uploads\/2025\/10\/10073701-1.jpg","width":1600,"height":1600},{"@type":"BreadcrumbList","@id":"https:\/\/perle-in.com\/produit\/bouteille-de-sport-bodhi-de-500-ml-en-rpet\/#breadcrumb","itemListElement":[{"@type":"ListItem","position":1,"name":"Accueil","item":"https:\/\/perle-in.com\/"},{"@type":"ListItem","position":2,"name":"Boutique","item":"https:\/\/perle-in.com\/boutique\/"},{"@type":"ListItem","position":3,"name":"Bouteille de sport Bodhi de 500\u00a0ml en RPET"}]},{"@type":"WebSite","@id":"https:\/\/perle-in.com\/#website","url":"https:\/\/perle-in.com\/","name":"PERLE IN","description":"","publisher":{"@id":"https:\/\/perle-in.com\/#organization"},"potentialAction":[{"@type":"SearchAction","target":{"@type":"EntryPoint","urlTemplate":"https:\/\/perle-in.com\/?s={search_term_string}"},"query-input":{"@type":"PropertyValueSpecification","valueRequired":true,"valueName":"search_term_string"}}],"inLanguage":"en-CA"},{"@type":"Organization","@id":"https:\/\/perle-in.com\/#organization","name":"PERLE IN","url":"https:\/\/perle-in.com\/","logo":{"@type":"ImageObject","inLanguage":"en-CA","@id":"https:\/\/perle-in.com\/#\/schema\/logo\/image\/","url":"https:\/\/perle-in.com\/wp-content\/uploads\/2022\/12\/LOGO-PERLE-IN-COULEUR@3x.webp","contentUrl":"https:\/\/perle-in.com\/wp-content\/uploads\/2022\/12\/LOGO-PERLE-IN-COULEUR@3x.webp","width":1600,"height":490,"caption":"PERLE IN"},"image":{"@id":"https:\/\/perle-in.com\/#\/schema\/logo\/image\/"}}]}},"jetpack_sharing_enabled":true,"_links":{"self":[{"href":"https:\/\/perle-in.com\/en\/wp-json\/wp\/v2\/product\/538247","targetHints":{"allow":["GET"]}}],"collection":[{"href":"https:\/\/perle-in.com\/en\/wp-json\/wp\/v2\/product"}],"about":[{"href":"https:\/\/perle-in.com\/en\/wp-json\/wp\/v2\/types\/product"}],"version-history":[{"count":0,"href":"https:\/\/perle-in.com\/en\/wp-json\/wp\/v2\/product\/538247\/revisions"}],"wp:featuredmedia":[{"embeddable":true,"href":"https:\/\/perle-in.com\/en\/wp-json\/wp\/v2\/media\/538234"}],"wp:attachment":[{"href":"https:\/\/perle-in.com\/en\/wp-json\/wp\/v2\/media?parent=538247"}],"wp:term":[{"taxonomy":"product_brand","embeddable":true,"href":"https:\/\/perle-in.com\/en\/wp-json\/wp\/v2\/product_brand?post=538247"},{"taxonomy":"product_cat","embeddable":true,"href":"https:\/\/perle-in.com\/en\/wp-json\/wp\/v2\/product_cat?post=538247"},{"taxonomy":"product_tag","embeddable":true,"href":"https:\/\/perle-in.com\/en\/wp-json\/wp\/v2\/product_tag?post=538247"}],"curies":[{"name":"wp","href":"https:\/\/api.w.org\/{rel}","templated":true}]}}