{"id":538225,"date":"2025-10-15T00:08:37","date_gmt":"2025-10-14T22:08:37","guid":{"rendered":"https:\/\/perle-in.com\/produit\/bouteille-isotherme-vasa-en-acier-inoxydable-recycle-certifie-rcs-de-500-ml-avec-isolation-par-le-vide-et-couche-de-cuivre\/"},"modified":"2025-10-19T05:46:04","modified_gmt":"2025-10-19T03:46:04","slug":"bouteille-isotherme-vasa-en-acier-inoxydable-recycle-certifie-rcs-de-500-ml-avec-isolation-par-le-vide-et-couche-de-cuivre","status":"publish","type":"product","link":"https:\/\/perle-in.com\/en\/product\/bouteille-isotherme-vasa-en-acier-inoxydable-recycle-certifie-rcs-de-500-ml-avec-isolation-par-le-vide-et-couche-de-cuivre\/","title":{"rendered":"Bouteille isotherme Vasa en acier inoxydable recycl\u00e9 certifi\u00e9 RCS de 500\u00a0ml avec isolation par le vide et couche de cuivre"},"content":{"rendered":"","protected":false},"excerpt":{"rendered":"<p>Gardez vos boissons chaudes pendant 12\u00a0heures ou froides pendant 24\u00a0heures avec la bouteille isotherme sous vide en cuivre Vasa. Double paroi et fabriqu\u00e9e en acier inoxydable recycl\u00e9 certifi\u00e9 RCS avec isolation sous vide et une paroi int\u00e9rieure plaqu\u00e9e cuivre, ce qui signifie que votre boisson reste tr\u00e8s chaude ou glac\u00e9e selon vos besoins. Sans BPA, test\u00e9e et approuv\u00e9e par la l\u00e9gislation allemande sur la s\u00e9curit\u00e9 alimentaire (LFGB), et test\u00e9e pour la teneur en phtalates conform\u00e9ment \u00e0 la r\u00e9glementation REACH. Capacit\u00e9\u00a0: 500\u00a0ml. Livr\u00e9e dans un coffret cadeau fabriqu\u00e9 \u00e0 partir de mat\u00e9riaux responsables et durables.<\/p>","protected":false},"featured_media":538211,"template":"","meta":{"_eb_attr":""},"product_brand":[],"product_cat":[257,173],"product_tag":[275,175,837,274,2754],"class_list":{"0":"post-538225","1":"product","2":"type-product","3":"status-publish","4":"has-post-thumbnail","6":"product_cat-bouteilles-isothermes","7":"product_cat-drinkware","8":"product_tag-boissons","9":"product_tag-bouteille","10":"product_tag-durable","11":"product_tag-eau","12":"product_tag-recyclee","13":"pa_couleurs-argent","14":"pa_couleurs-blanc","15":"pa_couleurs-bleu","16":"pa_couleurs-bronze","17":"pa_couleurs-noir","18":"pa_couleurs-rouge","19":"pa_couleurs-titane","20":"pa_couleurs-vert-flash","21":"pa_green-points-3218","22":"pa_matiere-87-acier-inoxydable-recycle-et-13-plastique-pp","24":"first","25":"instock","26":"sale","27":"shipping-taxable","28":"purchasable","29":"product-type-variable"},"yoast_head":"<!-- This site is optimized with the Yoast SEO plugin v27.4 - https:\/\/yoast.com\/product\/yoast-seo-wordpress\/ -->\n<title>Bouteille isotherme Vasa en acier inoxydable recycl\u00e9 certifi\u00e9 RCS de 500\u00a0ml avec isolation par le vide et couche de cuivre - PERLE IN<\/title>\n<meta name=\"robots\" content=\"noindex, follow, max-snippet:-1, max-image-preview:large, max-video-preview:-1\" \/>\n<meta property=\"og:locale\" content=\"en_US\" \/>\n<meta property=\"og:type\" content=\"article\" \/>\n<meta property=\"og:title\" content=\"Bouteille isotherme Vasa en acier inoxydable recycl\u00e9 certifi\u00e9 RCS de 500\u00a0ml avec isolation par le vide et couche de cuivre - PERLE IN\" \/>\n<meta property=\"og:description\" content=\"Gardez vos boissons chaudes pendant 12\u00a0heures ou froides pendant 24\u00a0heures avec la bouteille isotherme sous vide en cuivre Vasa. Double paroi et fabriqu\u00e9e en acier inoxydable recycl\u00e9 certifi\u00e9 RCS avec isolation sous vide et une paroi int\u00e9rieure plaqu\u00e9e cuivre, ce qui signifie que votre boisson reste tr\u00e8s chaude ou glac\u00e9e selon vos besoins. Sans BPA, test\u00e9e et approuv\u00e9e par la l\u00e9gislation allemande sur la s\u00e9curit\u00e9 alimentaire (LFGB), et test\u00e9e pour la teneur en phtalates conform\u00e9ment \u00e0 la r\u00e9glementation REACH. Capacit\u00e9\u00a0: 500\u00a0ml. Livr\u00e9e dans un coffret cadeau fabriqu\u00e9 \u00e0 partir de mat\u00e9riaux responsables et durables.\" \/>\n<meta property=\"og:url\" content=\"https:\/\/perle-in.com\/en\/product\/bouteille-isotherme-vasa-en-acier-inoxydable-recycle-certifie-rcs-de-500-ml-avec-isolation-par-le-vide-et-couche-de-cuivre\/\" \/>\n<meta property=\"og:site_name\" content=\"PERLE IN\" \/>\n<meta property=\"article:modified_time\" content=\"2025-10-19T03:46:04+00:00\" \/>\n<meta property=\"og:image\" content=\"https:\/\/perle-in.com\/wp-content\/uploads\/2025\/10\/10073601-1.jpg\" \/>\n\t<meta property=\"og:image:width\" content=\"1600\" \/>\n\t<meta property=\"og:image:height\" content=\"1600\" \/>\n\t<meta property=\"og:image:type\" content=\"image\/jpeg\" \/>\n<meta name=\"twitter:card\" content=\"summary_large_image\" \/>\n<script type=\"application\/ld+json\" class=\"yoast-schema-graph\">{\"@context\":\"https:\\\/\\\/schema.org\",\"@graph\":[{\"@type\":\"WebPage\",\"@id\":\"https:\\\/\\\/perle-in.com\\\/produit\\\/bouteille-isotherme-vasa-en-acier-inoxydable-recycle-certifie-rcs-de-500-ml-avec-isolation-par-le-vide-et-couche-de-cuivre\\\/\",\"url\":\"https:\\\/\\\/perle-in.com\\\/produit\\\/bouteille-isotherme-vasa-en-acier-inoxydable-recycle-certifie-rcs-de-500-ml-avec-isolation-par-le-vide-et-couche-de-cuivre\\\/\",\"name\":\"Bouteille isotherme Vasa en acier inoxydable recycl\u00e9 certifi\u00e9 RCS de 500\u00a0ml avec isolation par le vide et couche de cuivre - PERLE IN\",\"isPartOf\":{\"@id\":\"https:\\\/\\\/perle-in.com\\\/#website\"},\"primaryImageOfPage\":{\"@id\":\"https:\\\/\\\/perle-in.com\\\/produit\\\/bouteille-isotherme-vasa-en-acier-inoxydable-recycle-certifie-rcs-de-500-ml-avec-isolation-par-le-vide-et-couche-de-cuivre\\\/#primaryimage\"},\"image\":{\"@id\":\"https:\\\/\\\/perle-in.com\\\/produit\\\/bouteille-isotherme-vasa-en-acier-inoxydable-recycle-certifie-rcs-de-500-ml-avec-isolation-par-le-vide-et-couche-de-cuivre\\\/#primaryimage\"},\"thumbnailUrl\":\"https:\\\/\\\/perle-in.com\\\/wp-content\\\/uploads\\\/2025\\\/10\\\/10073601-1.jpg\",\"datePublished\":\"2025-10-14T22:08:37+00:00\",\"dateModified\":\"2025-10-19T03:46:04+00:00\",\"breadcrumb\":{\"@id\":\"https:\\\/\\\/perle-in.com\\\/produit\\\/bouteille-isotherme-vasa-en-acier-inoxydable-recycle-certifie-rcs-de-500-ml-avec-isolation-par-le-vide-et-couche-de-cuivre\\\/#breadcrumb\"},\"inLanguage\":\"en-CA\",\"potentialAction\":[{\"@type\":\"ReadAction\",\"target\":[\"https:\\\/\\\/perle-in.com\\\/produit\\\/bouteille-isotherme-vasa-en-acier-inoxydable-recycle-certifie-rcs-de-500-ml-avec-isolation-par-le-vide-et-couche-de-cuivre\\\/\"]}]},{\"@type\":\"ImageObject\",\"inLanguage\":\"en-CA\",\"@id\":\"https:\\\/\\\/perle-in.com\\\/produit\\\/bouteille-isotherme-vasa-en-acier-inoxydable-recycle-certifie-rcs-de-500-ml-avec-isolation-par-le-vide-et-couche-de-cuivre\\\/#primaryimage\",\"url\":\"https:\\\/\\\/perle-in.com\\\/wp-content\\\/uploads\\\/2025\\\/10\\\/10073601-1.jpg\",\"contentUrl\":\"https:\\\/\\\/perle-in.com\\\/wp-content\\\/uploads\\\/2025\\\/10\\\/10073601-1.jpg\",\"width\":1600,\"height\":1600},{\"@type\":\"BreadcrumbList\",\"@id\":\"https:\\\/\\\/perle-in.com\\\/produit\\\/bouteille-isotherme-vasa-en-acier-inoxydable-recycle-certifie-rcs-de-500-ml-avec-isolation-par-le-vide-et-couche-de-cuivre\\\/#breadcrumb\",\"itemListElement\":[{\"@type\":\"ListItem\",\"position\":1,\"name\":\"Accueil\",\"item\":\"https:\\\/\\\/perle-in.com\\\/\"},{\"@type\":\"ListItem\",\"position\":2,\"name\":\"Boutique\",\"item\":\"https:\\\/\\\/perle-in.com\\\/boutique\\\/\"},{\"@type\":\"ListItem\",\"position\":3,\"name\":\"Bouteille isotherme Vasa en acier inoxydable recycl\u00e9 certifi\u00e9 RCS de 500\u00a0ml avec isolation par le vide et couche de cuivre\"}]},{\"@type\":\"WebSite\",\"@id\":\"https:\\\/\\\/perle-in.com\\\/#website\",\"url\":\"https:\\\/\\\/perle-in.com\\\/\",\"name\":\"PERLE IN\",\"description\":\"\",\"publisher\":{\"@id\":\"https:\\\/\\\/perle-in.com\\\/#organization\"},\"potentialAction\":[{\"@type\":\"SearchAction\",\"target\":{\"@type\":\"EntryPoint\",\"urlTemplate\":\"https:\\\/\\\/perle-in.com\\\/?s={search_term_string}\"},\"query-input\":{\"@type\":\"PropertyValueSpecification\",\"valueRequired\":true,\"valueName\":\"search_term_string\"}}],\"inLanguage\":\"en-CA\"},{\"@type\":\"Organization\",\"@id\":\"https:\\\/\\\/perle-in.com\\\/#organization\",\"name\":\"PERLE IN\",\"url\":\"https:\\\/\\\/perle-in.com\\\/\",\"logo\":{\"@type\":\"ImageObject\",\"inLanguage\":\"en-CA\",\"@id\":\"https:\\\/\\\/perle-in.com\\\/#\\\/schema\\\/logo\\\/image\\\/\",\"url\":\"https:\\\/\\\/perle-in.com\\\/wp-content\\\/uploads\\\/2022\\\/12\\\/LOGO-PERLE-IN-COULEUR@3x.webp\",\"contentUrl\":\"https:\\\/\\\/perle-in.com\\\/wp-content\\\/uploads\\\/2022\\\/12\\\/LOGO-PERLE-IN-COULEUR@3x.webp\",\"width\":1600,\"height\":490,\"caption\":\"PERLE IN\"},\"image\":{\"@id\":\"https:\\\/\\\/perle-in.com\\\/#\\\/schema\\\/logo\\\/image\\\/\"}}]}<\/script>\n<!-- \/ Yoast SEO plugin. -->","yoast_head_json":{"title":"Bouteille isotherme Vasa en acier inoxydable recycl\u00e9 certifi\u00e9 RCS de 500\u00a0ml avec isolation par le vide et couche de cuivre - PERLE IN","robots":{"index":"noindex","follow":"follow","max-snippet":"max-snippet:-1","max-image-preview":"max-image-preview:large","max-video-preview":"max-video-preview:-1"},"og_locale":"en_US","og_type":"article","og_title":"Bouteille isotherme Vasa en acier inoxydable recycl\u00e9 certifi\u00e9 RCS de 500\u00a0ml avec isolation par le vide et couche de cuivre - PERLE IN","og_description":"Gardez vos boissons chaudes pendant 12\u00a0heures ou froides pendant 24\u00a0heures avec la bouteille isotherme sous vide en cuivre Vasa. Double paroi et fabriqu\u00e9e en acier inoxydable recycl\u00e9 certifi\u00e9 RCS avec isolation sous vide et une paroi int\u00e9rieure plaqu\u00e9e cuivre, ce qui signifie que votre boisson reste tr\u00e8s chaude ou glac\u00e9e selon vos besoins. Sans BPA, test\u00e9e et approuv\u00e9e par la l\u00e9gislation allemande sur la s\u00e9curit\u00e9 alimentaire (LFGB), et test\u00e9e pour la teneur en phtalates conform\u00e9ment \u00e0 la r\u00e9glementation REACH. Capacit\u00e9\u00a0: 500\u00a0ml. Livr\u00e9e dans un coffret cadeau fabriqu\u00e9 \u00e0 partir de mat\u00e9riaux responsables et durables.","og_url":"https:\/\/perle-in.com\/en\/product\/bouteille-isotherme-vasa-en-acier-inoxydable-recycle-certifie-rcs-de-500-ml-avec-isolation-par-le-vide-et-couche-de-cuivre\/","og_site_name":"PERLE IN","article_modified_time":"2025-10-19T03:46:04+00:00","og_image":[{"width":1600,"height":1600,"url":"https:\/\/perle-in.com\/wp-content\/uploads\/2025\/10\/10073601-1.jpg","type":"image\/jpeg"}],"twitter_card":"summary_large_image","schema":{"@context":"https:\/\/schema.org","@graph":[{"@type":"WebPage","@id":"https:\/\/perle-in.com\/produit\/bouteille-isotherme-vasa-en-acier-inoxydable-recycle-certifie-rcs-de-500-ml-avec-isolation-par-le-vide-et-couche-de-cuivre\/","url":"https:\/\/perle-in.com\/produit\/bouteille-isotherme-vasa-en-acier-inoxydable-recycle-certifie-rcs-de-500-ml-avec-isolation-par-le-vide-et-couche-de-cuivre\/","name":"Bouteille isotherme Vasa en acier inoxydable recycl\u00e9 certifi\u00e9 RCS de 500\u00a0ml avec isolation par le vide et couche de cuivre - PERLE IN","isPartOf":{"@id":"https:\/\/perle-in.com\/#website"},"primaryImageOfPage":{"@id":"https:\/\/perle-in.com\/produit\/bouteille-isotherme-vasa-en-acier-inoxydable-recycle-certifie-rcs-de-500-ml-avec-isolation-par-le-vide-et-couche-de-cuivre\/#primaryimage"},"image":{"@id":"https:\/\/perle-in.com\/produit\/bouteille-isotherme-vasa-en-acier-inoxydable-recycle-certifie-rcs-de-500-ml-avec-isolation-par-le-vide-et-couche-de-cuivre\/#primaryimage"},"thumbnailUrl":"https:\/\/perle-in.com\/wp-content\/uploads\/2025\/10\/10073601-1.jpg","datePublished":"2025-10-14T22:08:37+00:00","dateModified":"2025-10-19T03:46:04+00:00","breadcrumb":{"@id":"https:\/\/perle-in.com\/produit\/bouteille-isotherme-vasa-en-acier-inoxydable-recycle-certifie-rcs-de-500-ml-avec-isolation-par-le-vide-et-couche-de-cuivre\/#breadcrumb"},"inLanguage":"en-CA","potentialAction":[{"@type":"ReadAction","target":["https:\/\/perle-in.com\/produit\/bouteille-isotherme-vasa-en-acier-inoxydable-recycle-certifie-rcs-de-500-ml-avec-isolation-par-le-vide-et-couche-de-cuivre\/"]}]},{"@type":"ImageObject","inLanguage":"en-CA","@id":"https:\/\/perle-in.com\/produit\/bouteille-isotherme-vasa-en-acier-inoxydable-recycle-certifie-rcs-de-500-ml-avec-isolation-par-le-vide-et-couche-de-cuivre\/#primaryimage","url":"https:\/\/perle-in.com\/wp-content\/uploads\/2025\/10\/10073601-1.jpg","contentUrl":"https:\/\/perle-in.com\/wp-content\/uploads\/2025\/10\/10073601-1.jpg","width":1600,"height":1600},{"@type":"BreadcrumbList","@id":"https:\/\/perle-in.com\/produit\/bouteille-isotherme-vasa-en-acier-inoxydable-recycle-certifie-rcs-de-500-ml-avec-isolation-par-le-vide-et-couche-de-cuivre\/#breadcrumb","itemListElement":[{"@type":"ListItem","position":1,"name":"Accueil","item":"https:\/\/perle-in.com\/"},{"@type":"ListItem","position":2,"name":"Boutique","item":"https:\/\/perle-in.com\/boutique\/"},{"@type":"ListItem","position":3,"name":"Bouteille isotherme Vasa en acier inoxydable recycl\u00e9 certifi\u00e9 RCS de 500\u00a0ml avec isolation par le vide et couche de cuivre"}]},{"@type":"WebSite","@id":"https:\/\/perle-in.com\/#website","url":"https:\/\/perle-in.com\/","name":"PERLE IN","description":"","publisher":{"@id":"https:\/\/perle-in.com\/#organization"},"potentialAction":[{"@type":"SearchAction","target":{"@type":"EntryPoint","urlTemplate":"https:\/\/perle-in.com\/?s={search_term_string}"},"query-input":{"@type":"PropertyValueSpecification","valueRequired":true,"valueName":"search_term_string"}}],"inLanguage":"en-CA"},{"@type":"Organization","@id":"https:\/\/perle-in.com\/#organization","name":"PERLE IN","url":"https:\/\/perle-in.com\/","logo":{"@type":"ImageObject","inLanguage":"en-CA","@id":"https:\/\/perle-in.com\/#\/schema\/logo\/image\/","url":"https:\/\/perle-in.com\/wp-content\/uploads\/2022\/12\/LOGO-PERLE-IN-COULEUR@3x.webp","contentUrl":"https:\/\/perle-in.com\/wp-content\/uploads\/2022\/12\/LOGO-PERLE-IN-COULEUR@3x.webp","width":1600,"height":490,"caption":"PERLE IN"},"image":{"@id":"https:\/\/perle-in.com\/#\/schema\/logo\/image\/"}}]}},"jetpack_sharing_enabled":true,"_links":{"self":[{"href":"https:\/\/perle-in.com\/en\/wp-json\/wp\/v2\/product\/538225","targetHints":{"allow":["GET"]}}],"collection":[{"href":"https:\/\/perle-in.com\/en\/wp-json\/wp\/v2\/product"}],"about":[{"href":"https:\/\/perle-in.com\/en\/wp-json\/wp\/v2\/types\/product"}],"version-history":[{"count":0,"href":"https:\/\/perle-in.com\/en\/wp-json\/wp\/v2\/product\/538225\/revisions"}],"wp:featuredmedia":[{"embeddable":true,"href":"https:\/\/perle-in.com\/en\/wp-json\/wp\/v2\/media\/538211"}],"wp:attachment":[{"href":"https:\/\/perle-in.com\/en\/wp-json\/wp\/v2\/media?parent=538225"}],"wp:term":[{"taxonomy":"product_brand","embeddable":true,"href":"https:\/\/perle-in.com\/en\/wp-json\/wp\/v2\/product_brand?post=538225"},{"taxonomy":"product_cat","embeddable":true,"href":"https:\/\/perle-in.com\/en\/wp-json\/wp\/v2\/product_cat?post=538225"},{"taxonomy":"product_tag","embeddable":true,"href":"https:\/\/perle-in.com\/en\/wp-json\/wp\/v2\/product_tag?post=538225"}],"curies":[{"name":"wp","href":"https:\/\/api.w.org\/{rel}","templated":true}]}}