{"id":538169,"date":"2025-10-15T00:05:44","date_gmt":"2025-10-14T22:05:44","guid":{"rendered":"https:\/\/perle-in.com\/produit\/bracelet-intelligent-multisport-prixton-at806-avec-gps\/"},"modified":"2025-10-19T05:45:55","modified_gmt":"2025-10-19T03:45:55","slug":"bracelet-intelligent-multisport-prixton-at806-avec-gps","status":"publish","type":"product","link":"https:\/\/perle-in.com\/en\/product\/bracelet-intelligent-multisport-prixton-at806-avec-gps\/","title":{"rendered":"Bracelet intelligent multisport Prixton AT806 avec GPS"},"content":{"rendered":"","protected":false},"excerpt":{"rendered":"<p>Le bracelet intelligent AT806 dispose de 37\u00a0modes sport diff\u00e9rents et d&#8217;une fonctionnalit\u00e9 GPS. Compatible avec iOS et Android, il peut recevoir et afficher les notifications du smartphone connect\u00e9. Livr\u00e9 avec une grande batterie qui peut fournir jusqu&#8217;\u00e0 7\u00a0jours d&#8217;autonomie. \u00c9cran tactile de 1,45&#8243; avec une r\u00e9solution de 172 x 320. Niveau d&#8217;\u00e9tanch\u00e9it\u00e9 IP68.<\/p>","protected":false},"featured_media":538160,"template":"","meta":{"_eb_attr":""},"product_brand":[],"product_cat":[1095,667],"product_tag":[2751,3202,754,755,1096,783,237],"class_list":{"0":"post-538169","1":"product","2":"type-product","3":"status-publish","4":"has-post-thumbnail","6":"product_cat-montres-connectees","7":"product_cat-technologie","8":"product_tag-accessoires","9":"product_tag-bracelet-intelligent","10":"product_tag-exercice","11":"product_tag-gym","12":"product_tag-montre-connectee","13":"product_tag-prixton","14":"product_tag-sports","15":"pa_couleurs-noir","17":"first","18":"instock","19":"shipping-taxable","20":"purchasable","21":"product-type-variable"},"yoast_head":"<!-- This site is optimized with the Yoast SEO plugin v27.4 - https:\/\/yoast.com\/product\/yoast-seo-wordpress\/ -->\n<title>Bracelet intelligent multisport Prixton AT806 avec GPS - PERLE IN<\/title>\n<meta name=\"robots\" content=\"noindex, follow, max-snippet:-1, max-image-preview:large, max-video-preview:-1\" \/>\n<meta property=\"og:locale\" content=\"en_US\" \/>\n<meta property=\"og:type\" content=\"article\" \/>\n<meta property=\"og:title\" content=\"Bracelet intelligent multisport Prixton AT806 avec GPS - PERLE IN\" \/>\n<meta property=\"og:description\" content=\"Le bracelet intelligent AT806 dispose de 37\u00a0modes sport diff\u00e9rents et d&#039;une fonctionnalit\u00e9 GPS. Compatible avec iOS et Android, il peut recevoir et afficher les notifications du smartphone connect\u00e9. Livr\u00e9 avec une grande batterie qui peut fournir jusqu&#039;\u00e0 7\u00a0jours d&#039;autonomie. \u00c9cran tactile de 1,45&quot; avec une r\u00e9solution de 172 x 320. Niveau d&#039;\u00e9tanch\u00e9it\u00e9 IP68.\" \/>\n<meta property=\"og:url\" content=\"https:\/\/perle-in.com\/en\/product\/bracelet-intelligent-multisport-prixton-at806-avec-gps\/\" \/>\n<meta property=\"og:site_name\" content=\"PERLE IN\" \/>\n<meta property=\"article:modified_time\" content=\"2025-10-19T03:45:55+00:00\" \/>\n<meta property=\"og:image\" content=\"https:\/\/perle-in.com\/wp-content\/uploads\/2025\/10\/2PA15090-1.jpg\" \/>\n\t<meta property=\"og:image:width\" content=\"1600\" \/>\n\t<meta property=\"og:image:height\" content=\"1600\" \/>\n\t<meta property=\"og:image:type\" content=\"image\/jpeg\" \/>\n<meta name=\"twitter:card\" content=\"summary_large_image\" \/>\n<script type=\"application\/ld+json\" class=\"yoast-schema-graph\">{\"@context\":\"https:\\\/\\\/schema.org\",\"@graph\":[{\"@type\":\"WebPage\",\"@id\":\"https:\\\/\\\/perle-in.com\\\/produit\\\/bracelet-intelligent-multisport-prixton-at806-avec-gps\\\/\",\"url\":\"https:\\\/\\\/perle-in.com\\\/produit\\\/bracelet-intelligent-multisport-prixton-at806-avec-gps\\\/\",\"name\":\"Bracelet intelligent multisport Prixton AT806 avec GPS - PERLE IN\",\"isPartOf\":{\"@id\":\"https:\\\/\\\/perle-in.com\\\/#website\"},\"primaryImageOfPage\":{\"@id\":\"https:\\\/\\\/perle-in.com\\\/produit\\\/bracelet-intelligent-multisport-prixton-at806-avec-gps\\\/#primaryimage\"},\"image\":{\"@id\":\"https:\\\/\\\/perle-in.com\\\/produit\\\/bracelet-intelligent-multisport-prixton-at806-avec-gps\\\/#primaryimage\"},\"thumbnailUrl\":\"https:\\\/\\\/perle-in.com\\\/wp-content\\\/uploads\\\/2025\\\/10\\\/2PA15090-1.jpg\",\"datePublished\":\"2025-10-14T22:05:44+00:00\",\"dateModified\":\"2025-10-19T03:45:55+00:00\",\"breadcrumb\":{\"@id\":\"https:\\\/\\\/perle-in.com\\\/produit\\\/bracelet-intelligent-multisport-prixton-at806-avec-gps\\\/#breadcrumb\"},\"inLanguage\":\"en-CA\",\"potentialAction\":[{\"@type\":\"ReadAction\",\"target\":[\"https:\\\/\\\/perle-in.com\\\/produit\\\/bracelet-intelligent-multisport-prixton-at806-avec-gps\\\/\"]}]},{\"@type\":\"ImageObject\",\"inLanguage\":\"en-CA\",\"@id\":\"https:\\\/\\\/perle-in.com\\\/produit\\\/bracelet-intelligent-multisport-prixton-at806-avec-gps\\\/#primaryimage\",\"url\":\"https:\\\/\\\/perle-in.com\\\/wp-content\\\/uploads\\\/2025\\\/10\\\/2PA15090-1.jpg\",\"contentUrl\":\"https:\\\/\\\/perle-in.com\\\/wp-content\\\/uploads\\\/2025\\\/10\\\/2PA15090-1.jpg\",\"width\":1600,\"height\":1600},{\"@type\":\"BreadcrumbList\",\"@id\":\"https:\\\/\\\/perle-in.com\\\/produit\\\/bracelet-intelligent-multisport-prixton-at806-avec-gps\\\/#breadcrumb\",\"itemListElement\":[{\"@type\":\"ListItem\",\"position\":1,\"name\":\"Accueil\",\"item\":\"https:\\\/\\\/perle-in.com\\\/\"},{\"@type\":\"ListItem\",\"position\":2,\"name\":\"Boutique\",\"item\":\"https:\\\/\\\/perle-in.com\\\/boutique\\\/\"},{\"@type\":\"ListItem\",\"position\":3,\"name\":\"Bracelet intelligent multisport Prixton AT806 avec GPS\"}]},{\"@type\":\"WebSite\",\"@id\":\"https:\\\/\\\/perle-in.com\\\/#website\",\"url\":\"https:\\\/\\\/perle-in.com\\\/\",\"name\":\"PERLE IN\",\"description\":\"\",\"publisher\":{\"@id\":\"https:\\\/\\\/perle-in.com\\\/#organization\"},\"potentialAction\":[{\"@type\":\"SearchAction\",\"target\":{\"@type\":\"EntryPoint\",\"urlTemplate\":\"https:\\\/\\\/perle-in.com\\\/?s={search_term_string}\"},\"query-input\":{\"@type\":\"PropertyValueSpecification\",\"valueRequired\":true,\"valueName\":\"search_term_string\"}}],\"inLanguage\":\"en-CA\"},{\"@type\":\"Organization\",\"@id\":\"https:\\\/\\\/perle-in.com\\\/#organization\",\"name\":\"PERLE IN\",\"url\":\"https:\\\/\\\/perle-in.com\\\/\",\"logo\":{\"@type\":\"ImageObject\",\"inLanguage\":\"en-CA\",\"@id\":\"https:\\\/\\\/perle-in.com\\\/#\\\/schema\\\/logo\\\/image\\\/\",\"url\":\"https:\\\/\\\/perle-in.com\\\/wp-content\\\/uploads\\\/2022\\\/12\\\/LOGO-PERLE-IN-COULEUR@3x.webp\",\"contentUrl\":\"https:\\\/\\\/perle-in.com\\\/wp-content\\\/uploads\\\/2022\\\/12\\\/LOGO-PERLE-IN-COULEUR@3x.webp\",\"width\":1600,\"height\":490,\"caption\":\"PERLE IN\"},\"image\":{\"@id\":\"https:\\\/\\\/perle-in.com\\\/#\\\/schema\\\/logo\\\/image\\\/\"}}]}<\/script>\n<!-- \/ Yoast SEO plugin. -->","yoast_head_json":{"title":"Bracelet intelligent multisport Prixton AT806 avec GPS - PERLE IN","robots":{"index":"noindex","follow":"follow","max-snippet":"max-snippet:-1","max-image-preview":"max-image-preview:large","max-video-preview":"max-video-preview:-1"},"og_locale":"en_US","og_type":"article","og_title":"Bracelet intelligent multisport Prixton AT806 avec GPS - PERLE IN","og_description":"Le bracelet intelligent AT806 dispose de 37\u00a0modes sport diff\u00e9rents et d'une fonctionnalit\u00e9 GPS. Compatible avec iOS et Android, il peut recevoir et afficher les notifications du smartphone connect\u00e9. Livr\u00e9 avec une grande batterie qui peut fournir jusqu'\u00e0 7\u00a0jours d'autonomie. \u00c9cran tactile de 1,45\" avec une r\u00e9solution de 172 x 320. Niveau d'\u00e9tanch\u00e9it\u00e9 IP68.","og_url":"https:\/\/perle-in.com\/en\/product\/bracelet-intelligent-multisport-prixton-at806-avec-gps\/","og_site_name":"PERLE IN","article_modified_time":"2025-10-19T03:45:55+00:00","og_image":[{"width":1600,"height":1600,"url":"https:\/\/perle-in.com\/wp-content\/uploads\/2025\/10\/2PA15090-1.jpg","type":"image\/jpeg"}],"twitter_card":"summary_large_image","schema":{"@context":"https:\/\/schema.org","@graph":[{"@type":"WebPage","@id":"https:\/\/perle-in.com\/produit\/bracelet-intelligent-multisport-prixton-at806-avec-gps\/","url":"https:\/\/perle-in.com\/produit\/bracelet-intelligent-multisport-prixton-at806-avec-gps\/","name":"Bracelet intelligent multisport Prixton AT806 avec GPS - PERLE IN","isPartOf":{"@id":"https:\/\/perle-in.com\/#website"},"primaryImageOfPage":{"@id":"https:\/\/perle-in.com\/produit\/bracelet-intelligent-multisport-prixton-at806-avec-gps\/#primaryimage"},"image":{"@id":"https:\/\/perle-in.com\/produit\/bracelet-intelligent-multisport-prixton-at806-avec-gps\/#primaryimage"},"thumbnailUrl":"https:\/\/perle-in.com\/wp-content\/uploads\/2025\/10\/2PA15090-1.jpg","datePublished":"2025-10-14T22:05:44+00:00","dateModified":"2025-10-19T03:45:55+00:00","breadcrumb":{"@id":"https:\/\/perle-in.com\/produit\/bracelet-intelligent-multisport-prixton-at806-avec-gps\/#breadcrumb"},"inLanguage":"en-CA","potentialAction":[{"@type":"ReadAction","target":["https:\/\/perle-in.com\/produit\/bracelet-intelligent-multisport-prixton-at806-avec-gps\/"]}]},{"@type":"ImageObject","inLanguage":"en-CA","@id":"https:\/\/perle-in.com\/produit\/bracelet-intelligent-multisport-prixton-at806-avec-gps\/#primaryimage","url":"https:\/\/perle-in.com\/wp-content\/uploads\/2025\/10\/2PA15090-1.jpg","contentUrl":"https:\/\/perle-in.com\/wp-content\/uploads\/2025\/10\/2PA15090-1.jpg","width":1600,"height":1600},{"@type":"BreadcrumbList","@id":"https:\/\/perle-in.com\/produit\/bracelet-intelligent-multisport-prixton-at806-avec-gps\/#breadcrumb","itemListElement":[{"@type":"ListItem","position":1,"name":"Accueil","item":"https:\/\/perle-in.com\/"},{"@type":"ListItem","position":2,"name":"Boutique","item":"https:\/\/perle-in.com\/boutique\/"},{"@type":"ListItem","position":3,"name":"Bracelet intelligent multisport Prixton AT806 avec GPS"}]},{"@type":"WebSite","@id":"https:\/\/perle-in.com\/#website","url":"https:\/\/perle-in.com\/","name":"PERLE IN","description":"","publisher":{"@id":"https:\/\/perle-in.com\/#organization"},"potentialAction":[{"@type":"SearchAction","target":{"@type":"EntryPoint","urlTemplate":"https:\/\/perle-in.com\/?s={search_term_string}"},"query-input":{"@type":"PropertyValueSpecification","valueRequired":true,"valueName":"search_term_string"}}],"inLanguage":"en-CA"},{"@type":"Organization","@id":"https:\/\/perle-in.com\/#organization","name":"PERLE IN","url":"https:\/\/perle-in.com\/","logo":{"@type":"ImageObject","inLanguage":"en-CA","@id":"https:\/\/perle-in.com\/#\/schema\/logo\/image\/","url":"https:\/\/perle-in.com\/wp-content\/uploads\/2022\/12\/LOGO-PERLE-IN-COULEUR@3x.webp","contentUrl":"https:\/\/perle-in.com\/wp-content\/uploads\/2022\/12\/LOGO-PERLE-IN-COULEUR@3x.webp","width":1600,"height":490,"caption":"PERLE IN"},"image":{"@id":"https:\/\/perle-in.com\/#\/schema\/logo\/image\/"}}]}},"jetpack_sharing_enabled":true,"_links":{"self":[{"href":"https:\/\/perle-in.com\/en\/wp-json\/wp\/v2\/product\/538169","targetHints":{"allow":["GET"]}}],"collection":[{"href":"https:\/\/perle-in.com\/en\/wp-json\/wp\/v2\/product"}],"about":[{"href":"https:\/\/perle-in.com\/en\/wp-json\/wp\/v2\/types\/product"}],"version-history":[{"count":0,"href":"https:\/\/perle-in.com\/en\/wp-json\/wp\/v2\/product\/538169\/revisions"}],"wp:featuredmedia":[{"embeddable":true,"href":"https:\/\/perle-in.com\/en\/wp-json\/wp\/v2\/media\/538160"}],"wp:attachment":[{"href":"https:\/\/perle-in.com\/en\/wp-json\/wp\/v2\/media?parent=538169"}],"wp:term":[{"taxonomy":"product_brand","embeddable":true,"href":"https:\/\/perle-in.com\/en\/wp-json\/wp\/v2\/product_brand?post=538169"},{"taxonomy":"product_cat","embeddable":true,"href":"https:\/\/perle-in.com\/en\/wp-json\/wp\/v2\/product_cat?post=538169"},{"taxonomy":"product_tag","embeddable":true,"href":"https:\/\/perle-in.com\/en\/wp-json\/wp\/v2\/product_tag?post=538169"}],"curies":[{"name":"wp","href":"https:\/\/api.w.org\/{rel}","templated":true}]}}