{"id":538147,"date":"2025-10-15T00:04:40","date_gmt":"2025-10-14T22:04:40","guid":{"rendered":"https:\/\/perle-in.com\/produit\/ecouteurs-enc-et-anc-prixton-tws158\/"},"modified":"2025-10-19T05:45:55","modified_gmt":"2025-10-19T03:45:55","slug":"ecouteurs-enc-et-anc-prixton-tws158","status":"publish","type":"product","link":"https:\/\/perle-in.com\/en\/product\/ecouteurs-enc-et-anc-prixton-tws158\/","title":{"rendered":"\u00c9couteurs ENC et ANC Prixton TWS158"},"content":{"rendered":"","protected":false},"excerpt":{"rendered":"<p>\u00c9couteurs avec technologie ENC et ANC qui r\u00e9duit le bruit ambiant afin que l&#8217;appelant puisse entendre clairement lors des appels (ENC), et lors de la lecture de musique \u00e0 partir d&#8217;un appareil connect\u00e9 (ANC). Avec leur batterie puissante, les \u00e9couteurs ont jusqu&#8217;\u00e0 7\u00a0heures d&#8217;autonomie sur une seule charge. Temps de chargement des \u00e9couteurs\u00a0: 1,5 heure. La station enti\u00e8rement charg\u00e9e peut recharger les \u00e9couteurs jusqu&#8217;\u00e0 3\u00a0fois.<\/p>","protected":false},"featured_media":538138,"template":"","meta":{"_eb_attr":""},"product_brand":[],"product_cat":[1132,667],"product_tag":[3203,1133,826,1190,822,783],"class_list":{"0":"post-538147","1":"product","2":"type-product","3":"status-publish","4":"has-post-thumbnail","6":"product_cat-ecouteurs","7":"product_cat-technologie","8":"product_tag-anc","9":"product_tag-ecouteur","10":"product_tag-ecouteurs","11":"product_tag-enc","12":"product_tag-musique","13":"product_tag-prixton","14":"pa_couleurs-blanc","15":"pa_couleurs-noir","17":"first","18":"instock","19":"shipping-taxable","20":"purchasable","21":"product-type-variable"},"yoast_head":"<!-- This site is optimized with the Yoast SEO plugin v27.4 - https:\/\/yoast.com\/product\/yoast-seo-wordpress\/ -->\n<title>\u00c9couteurs ENC et ANC Prixton TWS158 - PERLE IN<\/title>\n<meta name=\"robots\" content=\"noindex, follow, max-snippet:-1, max-image-preview:large, max-video-preview:-1\" \/>\n<meta property=\"og:locale\" content=\"en_US\" \/>\n<meta property=\"og:type\" content=\"article\" \/>\n<meta property=\"og:title\" content=\"\u00c9couteurs ENC et ANC Prixton TWS158 - PERLE IN\" \/>\n<meta property=\"og:description\" content=\"\u00c9couteurs avec technologie ENC et ANC qui r\u00e9duit le bruit ambiant afin que l&#039;appelant puisse entendre clairement lors des appels (ENC), et lors de la lecture de musique \u00e0 partir d&#039;un appareil connect\u00e9 (ANC). Avec leur batterie puissante, les \u00e9couteurs ont jusqu&#039;\u00e0 7\u00a0heures d&#039;autonomie sur une seule charge. Temps de chargement des \u00e9couteurs\u00a0: 1,5 heure. La station enti\u00e8rement charg\u00e9e peut recharger les \u00e9couteurs jusqu&#039;\u00e0 3\u00a0fois.\" \/>\n<meta property=\"og:url\" content=\"https:\/\/perle-in.com\/en\/product\/ecouteurs-enc-et-anc-prixton-tws158\/\" \/>\n<meta property=\"og:site_name\" content=\"PERLE IN\" \/>\n<meta property=\"article:modified_time\" content=\"2025-10-19T03:45:55+00:00\" \/>\n<meta property=\"og:image\" content=\"https:\/\/perle-in.com\/wp-content\/uploads\/2025\/10\/2PA14501-1.jpg\" \/>\n\t<meta property=\"og:image:width\" content=\"1600\" \/>\n\t<meta property=\"og:image:height\" content=\"1600\" \/>\n\t<meta property=\"og:image:type\" content=\"image\/jpeg\" \/>\n<meta name=\"twitter:card\" content=\"summary_large_image\" \/>\n<script type=\"application\/ld+json\" class=\"yoast-schema-graph\">{\"@context\":\"https:\\\/\\\/schema.org\",\"@graph\":[{\"@type\":\"WebPage\",\"@id\":\"https:\\\/\\\/perle-in.com\\\/produit\\\/ecouteurs-enc-et-anc-prixton-tws158\\\/\",\"url\":\"https:\\\/\\\/perle-in.com\\\/produit\\\/ecouteurs-enc-et-anc-prixton-tws158\\\/\",\"name\":\"\u00c9couteurs ENC et ANC Prixton TWS158 - PERLE IN\",\"isPartOf\":{\"@id\":\"https:\\\/\\\/perle-in.com\\\/#website\"},\"primaryImageOfPage\":{\"@id\":\"https:\\\/\\\/perle-in.com\\\/produit\\\/ecouteurs-enc-et-anc-prixton-tws158\\\/#primaryimage\"},\"image\":{\"@id\":\"https:\\\/\\\/perle-in.com\\\/produit\\\/ecouteurs-enc-et-anc-prixton-tws158\\\/#primaryimage\"},\"thumbnailUrl\":\"https:\\\/\\\/perle-in.com\\\/wp-content\\\/uploads\\\/2025\\\/10\\\/2PA14501-1.jpg\",\"datePublished\":\"2025-10-14T22:04:40+00:00\",\"dateModified\":\"2025-10-19T03:45:55+00:00\",\"breadcrumb\":{\"@id\":\"https:\\\/\\\/perle-in.com\\\/produit\\\/ecouteurs-enc-et-anc-prixton-tws158\\\/#breadcrumb\"},\"inLanguage\":\"en-CA\",\"potentialAction\":[{\"@type\":\"ReadAction\",\"target\":[\"https:\\\/\\\/perle-in.com\\\/produit\\\/ecouteurs-enc-et-anc-prixton-tws158\\\/\"]}]},{\"@type\":\"ImageObject\",\"inLanguage\":\"en-CA\",\"@id\":\"https:\\\/\\\/perle-in.com\\\/produit\\\/ecouteurs-enc-et-anc-prixton-tws158\\\/#primaryimage\",\"url\":\"https:\\\/\\\/perle-in.com\\\/wp-content\\\/uploads\\\/2025\\\/10\\\/2PA14501-1.jpg\",\"contentUrl\":\"https:\\\/\\\/perle-in.com\\\/wp-content\\\/uploads\\\/2025\\\/10\\\/2PA14501-1.jpg\",\"width\":1600,\"height\":1600},{\"@type\":\"BreadcrumbList\",\"@id\":\"https:\\\/\\\/perle-in.com\\\/produit\\\/ecouteurs-enc-et-anc-prixton-tws158\\\/#breadcrumb\",\"itemListElement\":[{\"@type\":\"ListItem\",\"position\":1,\"name\":\"Accueil\",\"item\":\"https:\\\/\\\/perle-in.com\\\/\"},{\"@type\":\"ListItem\",\"position\":2,\"name\":\"Boutique\",\"item\":\"https:\\\/\\\/perle-in.com\\\/boutique\\\/\"},{\"@type\":\"ListItem\",\"position\":3,\"name\":\"\u00c9couteurs ENC et ANC Prixton TWS158\"}]},{\"@type\":\"WebSite\",\"@id\":\"https:\\\/\\\/perle-in.com\\\/#website\",\"url\":\"https:\\\/\\\/perle-in.com\\\/\",\"name\":\"PERLE IN\",\"description\":\"\",\"publisher\":{\"@id\":\"https:\\\/\\\/perle-in.com\\\/#organization\"},\"potentialAction\":[{\"@type\":\"SearchAction\",\"target\":{\"@type\":\"EntryPoint\",\"urlTemplate\":\"https:\\\/\\\/perle-in.com\\\/?s={search_term_string}\"},\"query-input\":{\"@type\":\"PropertyValueSpecification\",\"valueRequired\":true,\"valueName\":\"search_term_string\"}}],\"inLanguage\":\"en-CA\"},{\"@type\":\"Organization\",\"@id\":\"https:\\\/\\\/perle-in.com\\\/#organization\",\"name\":\"PERLE IN\",\"url\":\"https:\\\/\\\/perle-in.com\\\/\",\"logo\":{\"@type\":\"ImageObject\",\"inLanguage\":\"en-CA\",\"@id\":\"https:\\\/\\\/perle-in.com\\\/#\\\/schema\\\/logo\\\/image\\\/\",\"url\":\"https:\\\/\\\/perle-in.com\\\/wp-content\\\/uploads\\\/2022\\\/12\\\/LOGO-PERLE-IN-COULEUR@3x.webp\",\"contentUrl\":\"https:\\\/\\\/perle-in.com\\\/wp-content\\\/uploads\\\/2022\\\/12\\\/LOGO-PERLE-IN-COULEUR@3x.webp\",\"width\":1600,\"height\":490,\"caption\":\"PERLE IN\"},\"image\":{\"@id\":\"https:\\\/\\\/perle-in.com\\\/#\\\/schema\\\/logo\\\/image\\\/\"}}]}<\/script>\n<!-- \/ Yoast SEO plugin. -->","yoast_head_json":{"title":"\u00c9couteurs ENC et ANC Prixton TWS158 - PERLE IN","robots":{"index":"noindex","follow":"follow","max-snippet":"max-snippet:-1","max-image-preview":"max-image-preview:large","max-video-preview":"max-video-preview:-1"},"og_locale":"en_US","og_type":"article","og_title":"\u00c9couteurs ENC et ANC Prixton TWS158 - PERLE IN","og_description":"\u00c9couteurs avec technologie ENC et ANC qui r\u00e9duit le bruit ambiant afin que l'appelant puisse entendre clairement lors des appels (ENC), et lors de la lecture de musique \u00e0 partir d'un appareil connect\u00e9 (ANC). Avec leur batterie puissante, les \u00e9couteurs ont jusqu'\u00e0 7\u00a0heures d'autonomie sur une seule charge. Temps de chargement des \u00e9couteurs\u00a0: 1,5 heure. La station enti\u00e8rement charg\u00e9e peut recharger les \u00e9couteurs jusqu'\u00e0 3\u00a0fois.","og_url":"https:\/\/perle-in.com\/en\/product\/ecouteurs-enc-et-anc-prixton-tws158\/","og_site_name":"PERLE IN","article_modified_time":"2025-10-19T03:45:55+00:00","og_image":[{"width":1600,"height":1600,"url":"https:\/\/perle-in.com\/wp-content\/uploads\/2025\/10\/2PA14501-1.jpg","type":"image\/jpeg"}],"twitter_card":"summary_large_image","schema":{"@context":"https:\/\/schema.org","@graph":[{"@type":"WebPage","@id":"https:\/\/perle-in.com\/produit\/ecouteurs-enc-et-anc-prixton-tws158\/","url":"https:\/\/perle-in.com\/produit\/ecouteurs-enc-et-anc-prixton-tws158\/","name":"\u00c9couteurs ENC et ANC Prixton TWS158 - PERLE IN","isPartOf":{"@id":"https:\/\/perle-in.com\/#website"},"primaryImageOfPage":{"@id":"https:\/\/perle-in.com\/produit\/ecouteurs-enc-et-anc-prixton-tws158\/#primaryimage"},"image":{"@id":"https:\/\/perle-in.com\/produit\/ecouteurs-enc-et-anc-prixton-tws158\/#primaryimage"},"thumbnailUrl":"https:\/\/perle-in.com\/wp-content\/uploads\/2025\/10\/2PA14501-1.jpg","datePublished":"2025-10-14T22:04:40+00:00","dateModified":"2025-10-19T03:45:55+00:00","breadcrumb":{"@id":"https:\/\/perle-in.com\/produit\/ecouteurs-enc-et-anc-prixton-tws158\/#breadcrumb"},"inLanguage":"en-CA","potentialAction":[{"@type":"ReadAction","target":["https:\/\/perle-in.com\/produit\/ecouteurs-enc-et-anc-prixton-tws158\/"]}]},{"@type":"ImageObject","inLanguage":"en-CA","@id":"https:\/\/perle-in.com\/produit\/ecouteurs-enc-et-anc-prixton-tws158\/#primaryimage","url":"https:\/\/perle-in.com\/wp-content\/uploads\/2025\/10\/2PA14501-1.jpg","contentUrl":"https:\/\/perle-in.com\/wp-content\/uploads\/2025\/10\/2PA14501-1.jpg","width":1600,"height":1600},{"@type":"BreadcrumbList","@id":"https:\/\/perle-in.com\/produit\/ecouteurs-enc-et-anc-prixton-tws158\/#breadcrumb","itemListElement":[{"@type":"ListItem","position":1,"name":"Accueil","item":"https:\/\/perle-in.com\/"},{"@type":"ListItem","position":2,"name":"Boutique","item":"https:\/\/perle-in.com\/boutique\/"},{"@type":"ListItem","position":3,"name":"\u00c9couteurs ENC et ANC Prixton TWS158"}]},{"@type":"WebSite","@id":"https:\/\/perle-in.com\/#website","url":"https:\/\/perle-in.com\/","name":"PERLE IN","description":"","publisher":{"@id":"https:\/\/perle-in.com\/#organization"},"potentialAction":[{"@type":"SearchAction","target":{"@type":"EntryPoint","urlTemplate":"https:\/\/perle-in.com\/?s={search_term_string}"},"query-input":{"@type":"PropertyValueSpecification","valueRequired":true,"valueName":"search_term_string"}}],"inLanguage":"en-CA"},{"@type":"Organization","@id":"https:\/\/perle-in.com\/#organization","name":"PERLE IN","url":"https:\/\/perle-in.com\/","logo":{"@type":"ImageObject","inLanguage":"en-CA","@id":"https:\/\/perle-in.com\/#\/schema\/logo\/image\/","url":"https:\/\/perle-in.com\/wp-content\/uploads\/2022\/12\/LOGO-PERLE-IN-COULEUR@3x.webp","contentUrl":"https:\/\/perle-in.com\/wp-content\/uploads\/2022\/12\/LOGO-PERLE-IN-COULEUR@3x.webp","width":1600,"height":490,"caption":"PERLE IN"},"image":{"@id":"https:\/\/perle-in.com\/#\/schema\/logo\/image\/"}}]}},"jetpack_sharing_enabled":true,"_links":{"self":[{"href":"https:\/\/perle-in.com\/en\/wp-json\/wp\/v2\/product\/538147","targetHints":{"allow":["GET"]}}],"collection":[{"href":"https:\/\/perle-in.com\/en\/wp-json\/wp\/v2\/product"}],"about":[{"href":"https:\/\/perle-in.com\/en\/wp-json\/wp\/v2\/types\/product"}],"version-history":[{"count":0,"href":"https:\/\/perle-in.com\/en\/wp-json\/wp\/v2\/product\/538147\/revisions"}],"wp:featuredmedia":[{"embeddable":true,"href":"https:\/\/perle-in.com\/en\/wp-json\/wp\/v2\/media\/538138"}],"wp:attachment":[{"href":"https:\/\/perle-in.com\/en\/wp-json\/wp\/v2\/media?parent=538147"}],"wp:term":[{"taxonomy":"product_brand","embeddable":true,"href":"https:\/\/perle-in.com\/en\/wp-json\/wp\/v2\/product_brand?post=538147"},{"taxonomy":"product_cat","embeddable":true,"href":"https:\/\/perle-in.com\/en\/wp-json\/wp\/v2\/product_cat?post=538147"},{"taxonomy":"product_tag","embeddable":true,"href":"https:\/\/perle-in.com\/en\/wp-json\/wp\/v2\/product_tag?post=538147"}],"curies":[{"name":"wp","href":"https:\/\/api.w.org\/{rel}","templated":true}]}}