{"id":538136,"date":"2025-10-15T00:04:04","date_gmt":"2025-10-14T22:04:04","guid":{"rendered":"https:\/\/perle-in.com\/produit\/bracelet-activites-prixton-at410\/"},"modified":"2025-10-19T05:45:55","modified_gmt":"2025-10-19T03:45:55","slug":"bracelet-activites-prixton-at410","status":"publish","type":"product","link":"https:\/\/perle-in.com\/en\/product\/bracelet-activites-prixton-at410\/","title":{"rendered":"Bracelet activit\u00e9s Prixton AT410"},"content":{"rendered":"","protected":false},"excerpt":{"rendered":"<p>Le bracelet activit\u00e9s AT410 int\u00e8gre diff\u00e9rentes fonctions pour contr\u00f4ler l&#8217;activit\u00e9 physique quotidienne\u00a0: pas, calories br\u00fbl\u00e9es et distance parcourue. Il mesure \u00e9galement la qualit\u00e9 du sommeil et dispose d&#8217;un moniteur de fr\u00e9quence cardiaque et d&#8217;une mesure de pression sanguine. Compatible avec iOS et Android, et il re\u00e7oit et affiche les notifications du smartphone connect\u00e9. Livr\u00e9 avec une grande batterie qui peut fournir jusqu&#8217;\u00e0 7\u00a0jours d&#8217;autonomie. \u00c9cran tactile de 0,96 pouces avec une r\u00e9solution de 160 x 80. Niveau d&#8217;\u00e9tanch\u00e9it\u00e9 IPX7.<\/p>","protected":false},"featured_media":538128,"template":"","meta":{"_eb_attr":""},"product_brand":[],"product_cat":[1095,667],"product_tag":[1181,3202,952,754,755,1096,783,237],"class_list":{"0":"post-538136","1":"product","2":"type-product","3":"status-publish","4":"has-post-thumbnail","6":"product_cat-montres-connectees","7":"product_cat-technologie","8":"product_tag-activite","9":"product_tag-bracelet-intelligent","10":"product_tag-entrainement","11":"product_tag-exercice","12":"product_tag-gym","13":"product_tag-montre-connectee","14":"product_tag-prixton","15":"product_tag-sports","16":"pa_couleurs-noir","18":"first","19":"instock","20":"shipping-taxable","21":"purchasable","22":"product-type-variable"},"yoast_head":"<!-- This site is optimized with the Yoast SEO plugin v27.4 - https:\/\/yoast.com\/product\/yoast-seo-wordpress\/ -->\n<title>Bracelet activit\u00e9s Prixton AT410 - PERLE IN<\/title>\n<meta name=\"robots\" content=\"noindex, follow, max-snippet:-1, max-image-preview:large, max-video-preview:-1\" \/>\n<meta property=\"og:locale\" content=\"en_US\" \/>\n<meta property=\"og:type\" content=\"article\" \/>\n<meta property=\"og:title\" content=\"Bracelet activit\u00e9s Prixton AT410 - PERLE IN\" \/>\n<meta property=\"og:description\" content=\"Le bracelet activit\u00e9s AT410 int\u00e8gre diff\u00e9rentes fonctions pour contr\u00f4ler l&#039;activit\u00e9 physique quotidienne\u00a0: pas, calories br\u00fbl\u00e9es et distance parcourue. Il mesure \u00e9galement la qualit\u00e9 du sommeil et dispose d&#039;un moniteur de fr\u00e9quence cardiaque et d&#039;une mesure de pression sanguine. Compatible avec iOS et Android, et il re\u00e7oit et affiche les notifications du smartphone connect\u00e9. Livr\u00e9 avec une grande batterie qui peut fournir jusqu&#039;\u00e0 7\u00a0jours d&#039;autonomie. \u00c9cran tactile de 0,96 pouces avec une r\u00e9solution de 160 x 80. Niveau d&#039;\u00e9tanch\u00e9it\u00e9 IPX7.\" \/>\n<meta property=\"og:url\" content=\"https:\/\/perle-in.com\/en\/product\/bracelet-activites-prixton-at410\/\" \/>\n<meta property=\"og:site_name\" content=\"PERLE IN\" \/>\n<meta property=\"article:modified_time\" content=\"2025-10-19T03:45:55+00:00\" \/>\n<meta property=\"og:image\" content=\"https:\/\/perle-in.com\/wp-content\/uploads\/2025\/10\/2PA14290-1.jpg\" \/>\n\t<meta property=\"og:image:width\" content=\"1600\" \/>\n\t<meta property=\"og:image:height\" content=\"1600\" \/>\n\t<meta property=\"og:image:type\" content=\"image\/jpeg\" \/>\n<meta name=\"twitter:card\" content=\"summary_large_image\" \/>\n<script type=\"application\/ld+json\" class=\"yoast-schema-graph\">{\"@context\":\"https:\\\/\\\/schema.org\",\"@graph\":[{\"@type\":\"WebPage\",\"@id\":\"https:\\\/\\\/perle-in.com\\\/produit\\\/bracelet-activites-prixton-at410\\\/\",\"url\":\"https:\\\/\\\/perle-in.com\\\/produit\\\/bracelet-activites-prixton-at410\\\/\",\"name\":\"Bracelet activit\u00e9s Prixton AT410 - PERLE IN\",\"isPartOf\":{\"@id\":\"https:\\\/\\\/perle-in.com\\\/#website\"},\"primaryImageOfPage\":{\"@id\":\"https:\\\/\\\/perle-in.com\\\/produit\\\/bracelet-activites-prixton-at410\\\/#primaryimage\"},\"image\":{\"@id\":\"https:\\\/\\\/perle-in.com\\\/produit\\\/bracelet-activites-prixton-at410\\\/#primaryimage\"},\"thumbnailUrl\":\"https:\\\/\\\/perle-in.com\\\/wp-content\\\/uploads\\\/2025\\\/10\\\/2PA14290-1.jpg\",\"datePublished\":\"2025-10-14T22:04:04+00:00\",\"dateModified\":\"2025-10-19T03:45:55+00:00\",\"breadcrumb\":{\"@id\":\"https:\\\/\\\/perle-in.com\\\/produit\\\/bracelet-activites-prixton-at410\\\/#breadcrumb\"},\"inLanguage\":\"en-CA\",\"potentialAction\":[{\"@type\":\"ReadAction\",\"target\":[\"https:\\\/\\\/perle-in.com\\\/produit\\\/bracelet-activites-prixton-at410\\\/\"]}]},{\"@type\":\"ImageObject\",\"inLanguage\":\"en-CA\",\"@id\":\"https:\\\/\\\/perle-in.com\\\/produit\\\/bracelet-activites-prixton-at410\\\/#primaryimage\",\"url\":\"https:\\\/\\\/perle-in.com\\\/wp-content\\\/uploads\\\/2025\\\/10\\\/2PA14290-1.jpg\",\"contentUrl\":\"https:\\\/\\\/perle-in.com\\\/wp-content\\\/uploads\\\/2025\\\/10\\\/2PA14290-1.jpg\",\"width\":1600,\"height\":1600},{\"@type\":\"BreadcrumbList\",\"@id\":\"https:\\\/\\\/perle-in.com\\\/produit\\\/bracelet-activites-prixton-at410\\\/#breadcrumb\",\"itemListElement\":[{\"@type\":\"ListItem\",\"position\":1,\"name\":\"Accueil\",\"item\":\"https:\\\/\\\/perle-in.com\\\/\"},{\"@type\":\"ListItem\",\"position\":2,\"name\":\"Boutique\",\"item\":\"https:\\\/\\\/perle-in.com\\\/boutique\\\/\"},{\"@type\":\"ListItem\",\"position\":3,\"name\":\"Bracelet activit\u00e9s Prixton AT410\"}]},{\"@type\":\"WebSite\",\"@id\":\"https:\\\/\\\/perle-in.com\\\/#website\",\"url\":\"https:\\\/\\\/perle-in.com\\\/\",\"name\":\"PERLE IN\",\"description\":\"\",\"publisher\":{\"@id\":\"https:\\\/\\\/perle-in.com\\\/#organization\"},\"potentialAction\":[{\"@type\":\"SearchAction\",\"target\":{\"@type\":\"EntryPoint\",\"urlTemplate\":\"https:\\\/\\\/perle-in.com\\\/?s={search_term_string}\"},\"query-input\":{\"@type\":\"PropertyValueSpecification\",\"valueRequired\":true,\"valueName\":\"search_term_string\"}}],\"inLanguage\":\"en-CA\"},{\"@type\":\"Organization\",\"@id\":\"https:\\\/\\\/perle-in.com\\\/#organization\",\"name\":\"PERLE IN\",\"url\":\"https:\\\/\\\/perle-in.com\\\/\",\"logo\":{\"@type\":\"ImageObject\",\"inLanguage\":\"en-CA\",\"@id\":\"https:\\\/\\\/perle-in.com\\\/#\\\/schema\\\/logo\\\/image\\\/\",\"url\":\"https:\\\/\\\/perle-in.com\\\/wp-content\\\/uploads\\\/2022\\\/12\\\/LOGO-PERLE-IN-COULEUR@3x.webp\",\"contentUrl\":\"https:\\\/\\\/perle-in.com\\\/wp-content\\\/uploads\\\/2022\\\/12\\\/LOGO-PERLE-IN-COULEUR@3x.webp\",\"width\":1600,\"height\":490,\"caption\":\"PERLE IN\"},\"image\":{\"@id\":\"https:\\\/\\\/perle-in.com\\\/#\\\/schema\\\/logo\\\/image\\\/\"}}]}<\/script>\n<!-- \/ Yoast SEO plugin. -->","yoast_head_json":{"title":"Bracelet activit\u00e9s Prixton AT410 - PERLE IN","robots":{"index":"noindex","follow":"follow","max-snippet":"max-snippet:-1","max-image-preview":"max-image-preview:large","max-video-preview":"max-video-preview:-1"},"og_locale":"en_US","og_type":"article","og_title":"Bracelet activit\u00e9s Prixton AT410 - PERLE IN","og_description":"Le bracelet activit\u00e9s AT410 int\u00e8gre diff\u00e9rentes fonctions pour contr\u00f4ler l'activit\u00e9 physique quotidienne\u00a0: pas, calories br\u00fbl\u00e9es et distance parcourue. Il mesure \u00e9galement la qualit\u00e9 du sommeil et dispose d'un moniteur de fr\u00e9quence cardiaque et d'une mesure de pression sanguine. Compatible avec iOS et Android, et il re\u00e7oit et affiche les notifications du smartphone connect\u00e9. Livr\u00e9 avec une grande batterie qui peut fournir jusqu'\u00e0 7\u00a0jours d'autonomie. \u00c9cran tactile de 0,96 pouces avec une r\u00e9solution de 160 x 80. Niveau d'\u00e9tanch\u00e9it\u00e9 IPX7.","og_url":"https:\/\/perle-in.com\/en\/product\/bracelet-activites-prixton-at410\/","og_site_name":"PERLE IN","article_modified_time":"2025-10-19T03:45:55+00:00","og_image":[{"width":1600,"height":1600,"url":"https:\/\/perle-in.com\/wp-content\/uploads\/2025\/10\/2PA14290-1.jpg","type":"image\/jpeg"}],"twitter_card":"summary_large_image","schema":{"@context":"https:\/\/schema.org","@graph":[{"@type":"WebPage","@id":"https:\/\/perle-in.com\/produit\/bracelet-activites-prixton-at410\/","url":"https:\/\/perle-in.com\/produit\/bracelet-activites-prixton-at410\/","name":"Bracelet activit\u00e9s Prixton AT410 - PERLE IN","isPartOf":{"@id":"https:\/\/perle-in.com\/#website"},"primaryImageOfPage":{"@id":"https:\/\/perle-in.com\/produit\/bracelet-activites-prixton-at410\/#primaryimage"},"image":{"@id":"https:\/\/perle-in.com\/produit\/bracelet-activites-prixton-at410\/#primaryimage"},"thumbnailUrl":"https:\/\/perle-in.com\/wp-content\/uploads\/2025\/10\/2PA14290-1.jpg","datePublished":"2025-10-14T22:04:04+00:00","dateModified":"2025-10-19T03:45:55+00:00","breadcrumb":{"@id":"https:\/\/perle-in.com\/produit\/bracelet-activites-prixton-at410\/#breadcrumb"},"inLanguage":"en-CA","potentialAction":[{"@type":"ReadAction","target":["https:\/\/perle-in.com\/produit\/bracelet-activites-prixton-at410\/"]}]},{"@type":"ImageObject","inLanguage":"en-CA","@id":"https:\/\/perle-in.com\/produit\/bracelet-activites-prixton-at410\/#primaryimage","url":"https:\/\/perle-in.com\/wp-content\/uploads\/2025\/10\/2PA14290-1.jpg","contentUrl":"https:\/\/perle-in.com\/wp-content\/uploads\/2025\/10\/2PA14290-1.jpg","width":1600,"height":1600},{"@type":"BreadcrumbList","@id":"https:\/\/perle-in.com\/produit\/bracelet-activites-prixton-at410\/#breadcrumb","itemListElement":[{"@type":"ListItem","position":1,"name":"Accueil","item":"https:\/\/perle-in.com\/"},{"@type":"ListItem","position":2,"name":"Boutique","item":"https:\/\/perle-in.com\/boutique\/"},{"@type":"ListItem","position":3,"name":"Bracelet activit\u00e9s Prixton AT410"}]},{"@type":"WebSite","@id":"https:\/\/perle-in.com\/#website","url":"https:\/\/perle-in.com\/","name":"PERLE IN","description":"","publisher":{"@id":"https:\/\/perle-in.com\/#organization"},"potentialAction":[{"@type":"SearchAction","target":{"@type":"EntryPoint","urlTemplate":"https:\/\/perle-in.com\/?s={search_term_string}"},"query-input":{"@type":"PropertyValueSpecification","valueRequired":true,"valueName":"search_term_string"}}],"inLanguage":"en-CA"},{"@type":"Organization","@id":"https:\/\/perle-in.com\/#organization","name":"PERLE IN","url":"https:\/\/perle-in.com\/","logo":{"@type":"ImageObject","inLanguage":"en-CA","@id":"https:\/\/perle-in.com\/#\/schema\/logo\/image\/","url":"https:\/\/perle-in.com\/wp-content\/uploads\/2022\/12\/LOGO-PERLE-IN-COULEUR@3x.webp","contentUrl":"https:\/\/perle-in.com\/wp-content\/uploads\/2022\/12\/LOGO-PERLE-IN-COULEUR@3x.webp","width":1600,"height":490,"caption":"PERLE IN"},"image":{"@id":"https:\/\/perle-in.com\/#\/schema\/logo\/image\/"}}]}},"jetpack_sharing_enabled":true,"_links":{"self":[{"href":"https:\/\/perle-in.com\/en\/wp-json\/wp\/v2\/product\/538136","targetHints":{"allow":["GET"]}}],"collection":[{"href":"https:\/\/perle-in.com\/en\/wp-json\/wp\/v2\/product"}],"about":[{"href":"https:\/\/perle-in.com\/en\/wp-json\/wp\/v2\/types\/product"}],"version-history":[{"count":0,"href":"https:\/\/perle-in.com\/en\/wp-json\/wp\/v2\/product\/538136\/revisions"}],"wp:featuredmedia":[{"embeddable":true,"href":"https:\/\/perle-in.com\/en\/wp-json\/wp\/v2\/media\/538128"}],"wp:attachment":[{"href":"https:\/\/perle-in.com\/en\/wp-json\/wp\/v2\/media?parent=538136"}],"wp:term":[{"taxonomy":"product_brand","embeddable":true,"href":"https:\/\/perle-in.com\/en\/wp-json\/wp\/v2\/product_brand?post=538136"},{"taxonomy":"product_cat","embeddable":true,"href":"https:\/\/perle-in.com\/en\/wp-json\/wp\/v2\/product_cat?post=538136"},{"taxonomy":"product_tag","embeddable":true,"href":"https:\/\/perle-in.com\/en\/wp-json\/wp\/v2\/product_tag?post=538136"}],"curies":[{"name":"wp","href":"https:\/\/api.w.org\/{rel}","templated":true}]}}