{"id":538073,"date":"2025-10-14T23:57:24","date_gmt":"2025-10-14T21:57:24","guid":{"rendered":"https:\/\/perle-in.com\/produit\/projecteur-p10-prixton-goya\/"},"modified":"2025-10-19T05:45:54","modified_gmt":"2025-10-19T03:45:54","slug":"projecteur-p10-prixton-goya","status":"publish","type":"product","link":"https:\/\/perle-in.com\/en\/product\/projecteur-p10-prixton-goya\/","title":{"rendered":"Projecteur P10 Prixton Goya"},"content":{"rendered":"","protected":false},"excerpt":{"rendered":"<p>Projecteur avec une r\u00e9solution de 800 x 480 et une distance de projection allant jusqu&#8217;\u00e0 5\u00a0m\u00e8tres. Lampe d&#8217;une puissance allant jusqu&#8217;\u00e0 2\u00a0800\u00a0lumens. Lumi\u00e8re LED blanche de 40\u00a0lumens ANSI. Contraste 500:1. Ampoule LED avec plus de 50\u00a0000 heures de reproduction. Projection allant de 76 \u00e0 381\u00a0cm. Peut \u00eatre connect\u00e9 \u00e0 tous les types d&#8217;appareils disposant d&#8217;une connexion HDMI. Lecture de contenus vid\u00e9o, audio, de photos et de textes. Entr\u00e9es\u00a0: VGA, 2 HDMI, USB\u00a02.0, carte micro-SD et AV IN. Comprend 2\u00a0haut-parleurs st\u00e9r\u00e9o et une t\u00e9l\u00e9commande. Livr\u00e9 avec un coffret cadeau de luxe.<\/p>","protected":false},"featured_media":538062,"template":"","meta":{"_eb_attr":""},"product_brand":[],"product_cat":[782,667],"product_tag":[857,783,854,874,1085],"class_list":{"0":"post-538073","1":"product","2":"type-product","3":"status-publish","4":"has-post-thumbnail","6":"product_cat-gadgets","7":"product_cat-technologie","8":"product_tag-films","9":"product_tag-prixton","10":"product_tag-projecteur","11":"product_tag-tv","12":"product_tag-video","13":"pa_couleurs-blanc","14":"pa_couleurs-noir","16":"first","17":"instock","18":"shipping-taxable","19":"purchasable","20":"product-type-variable"},"yoast_head":"<!-- This site is optimized with the Yoast SEO plugin v27.4 - https:\/\/yoast.com\/product\/yoast-seo-wordpress\/ -->\n<title>Projecteur P10 Prixton Goya - PERLE IN<\/title>\n<meta name=\"robots\" content=\"noindex, follow, max-snippet:-1, max-image-preview:large, max-video-preview:-1\" \/>\n<meta property=\"og:locale\" content=\"en_US\" \/>\n<meta property=\"og:type\" content=\"article\" \/>\n<meta property=\"og:title\" content=\"Projecteur P10 Prixton Goya - PERLE IN\" \/>\n<meta property=\"og:description\" content=\"Projecteur avec une r\u00e9solution de 800 x 480 et une distance de projection allant jusqu&#039;\u00e0 5\u00a0m\u00e8tres. Lampe d&#039;une puissance allant jusqu&#039;\u00e0 2\u00a0800\u00a0lumens. Lumi\u00e8re LED blanche de 40\u00a0lumens ANSI. Contraste 500:1. Ampoule LED avec plus de 50\u00a0000 heures de reproduction. Projection allant de 76 \u00e0 381\u00a0cm. Peut \u00eatre connect\u00e9 \u00e0 tous les types d&#039;appareils disposant d&#039;une connexion HDMI. Lecture de contenus vid\u00e9o, audio, de photos et de textes. Entr\u00e9es\u00a0: VGA, 2 HDMI, USB\u00a02.0, carte micro-SD et AV IN. Comprend 2\u00a0haut-parleurs st\u00e9r\u00e9o et une t\u00e9l\u00e9commande. Livr\u00e9 avec un coffret cadeau de luxe.\" \/>\n<meta property=\"og:url\" content=\"https:\/\/perle-in.com\/en\/product\/projecteur-p10-prixton-goya\/\" \/>\n<meta property=\"og:site_name\" content=\"PERLE IN\" \/>\n<meta property=\"article:modified_time\" content=\"2025-10-19T03:45:54+00:00\" \/>\n<meta property=\"og:image\" content=\"https:\/\/perle-in.com\/wp-content\/uploads\/2025\/10\/2PA03701-1.jpg\" \/>\n\t<meta property=\"og:image:width\" content=\"1600\" \/>\n\t<meta property=\"og:image:height\" content=\"1600\" \/>\n\t<meta property=\"og:image:type\" content=\"image\/jpeg\" \/>\n<meta name=\"twitter:card\" content=\"summary_large_image\" \/>\n<script type=\"application\/ld+json\" class=\"yoast-schema-graph\">{\"@context\":\"https:\\\/\\\/schema.org\",\"@graph\":[{\"@type\":\"WebPage\",\"@id\":\"https:\\\/\\\/perle-in.com\\\/produit\\\/projecteur-p10-prixton-goya\\\/\",\"url\":\"https:\\\/\\\/perle-in.com\\\/produit\\\/projecteur-p10-prixton-goya\\\/\",\"name\":\"Projecteur P10 Prixton Goya - PERLE IN\",\"isPartOf\":{\"@id\":\"https:\\\/\\\/perle-in.com\\\/#website\"},\"primaryImageOfPage\":{\"@id\":\"https:\\\/\\\/perle-in.com\\\/produit\\\/projecteur-p10-prixton-goya\\\/#primaryimage\"},\"image\":{\"@id\":\"https:\\\/\\\/perle-in.com\\\/produit\\\/projecteur-p10-prixton-goya\\\/#primaryimage\"},\"thumbnailUrl\":\"https:\\\/\\\/perle-in.com\\\/wp-content\\\/uploads\\\/2025\\\/10\\\/2PA03701-1.jpg\",\"datePublished\":\"2025-10-14T21:57:24+00:00\",\"dateModified\":\"2025-10-19T03:45:54+00:00\",\"breadcrumb\":{\"@id\":\"https:\\\/\\\/perle-in.com\\\/produit\\\/projecteur-p10-prixton-goya\\\/#breadcrumb\"},\"inLanguage\":\"en-CA\",\"potentialAction\":[{\"@type\":\"ReadAction\",\"target\":[\"https:\\\/\\\/perle-in.com\\\/produit\\\/projecteur-p10-prixton-goya\\\/\"]}]},{\"@type\":\"ImageObject\",\"inLanguage\":\"en-CA\",\"@id\":\"https:\\\/\\\/perle-in.com\\\/produit\\\/projecteur-p10-prixton-goya\\\/#primaryimage\",\"url\":\"https:\\\/\\\/perle-in.com\\\/wp-content\\\/uploads\\\/2025\\\/10\\\/2PA03701-1.jpg\",\"contentUrl\":\"https:\\\/\\\/perle-in.com\\\/wp-content\\\/uploads\\\/2025\\\/10\\\/2PA03701-1.jpg\",\"width\":1600,\"height\":1600},{\"@type\":\"BreadcrumbList\",\"@id\":\"https:\\\/\\\/perle-in.com\\\/produit\\\/projecteur-p10-prixton-goya\\\/#breadcrumb\",\"itemListElement\":[{\"@type\":\"ListItem\",\"position\":1,\"name\":\"Accueil\",\"item\":\"https:\\\/\\\/perle-in.com\\\/\"},{\"@type\":\"ListItem\",\"position\":2,\"name\":\"Boutique\",\"item\":\"https:\\\/\\\/perle-in.com\\\/boutique\\\/\"},{\"@type\":\"ListItem\",\"position\":3,\"name\":\"Projecteur P10 Prixton Goya\"}]},{\"@type\":\"WebSite\",\"@id\":\"https:\\\/\\\/perle-in.com\\\/#website\",\"url\":\"https:\\\/\\\/perle-in.com\\\/\",\"name\":\"PERLE IN\",\"description\":\"\",\"publisher\":{\"@id\":\"https:\\\/\\\/perle-in.com\\\/#organization\"},\"potentialAction\":[{\"@type\":\"SearchAction\",\"target\":{\"@type\":\"EntryPoint\",\"urlTemplate\":\"https:\\\/\\\/perle-in.com\\\/?s={search_term_string}\"},\"query-input\":{\"@type\":\"PropertyValueSpecification\",\"valueRequired\":true,\"valueName\":\"search_term_string\"}}],\"inLanguage\":\"en-CA\"},{\"@type\":\"Organization\",\"@id\":\"https:\\\/\\\/perle-in.com\\\/#organization\",\"name\":\"PERLE IN\",\"url\":\"https:\\\/\\\/perle-in.com\\\/\",\"logo\":{\"@type\":\"ImageObject\",\"inLanguage\":\"en-CA\",\"@id\":\"https:\\\/\\\/perle-in.com\\\/#\\\/schema\\\/logo\\\/image\\\/\",\"url\":\"https:\\\/\\\/perle-in.com\\\/wp-content\\\/uploads\\\/2022\\\/12\\\/LOGO-PERLE-IN-COULEUR@3x.webp\",\"contentUrl\":\"https:\\\/\\\/perle-in.com\\\/wp-content\\\/uploads\\\/2022\\\/12\\\/LOGO-PERLE-IN-COULEUR@3x.webp\",\"width\":1600,\"height\":490,\"caption\":\"PERLE IN\"},\"image\":{\"@id\":\"https:\\\/\\\/perle-in.com\\\/#\\\/schema\\\/logo\\\/image\\\/\"}}]}<\/script>\n<!-- \/ Yoast SEO plugin. -->","yoast_head_json":{"title":"Projecteur P10 Prixton Goya - PERLE IN","robots":{"index":"noindex","follow":"follow","max-snippet":"max-snippet:-1","max-image-preview":"max-image-preview:large","max-video-preview":"max-video-preview:-1"},"og_locale":"en_US","og_type":"article","og_title":"Projecteur P10 Prixton Goya - PERLE IN","og_description":"Projecteur avec une r\u00e9solution de 800 x 480 et une distance de projection allant jusqu'\u00e0 5\u00a0m\u00e8tres. Lampe d'une puissance allant jusqu'\u00e0 2\u00a0800\u00a0lumens. Lumi\u00e8re LED blanche de 40\u00a0lumens ANSI. Contraste 500:1. Ampoule LED avec plus de 50\u00a0000 heures de reproduction. Projection allant de 76 \u00e0 381\u00a0cm. Peut \u00eatre connect\u00e9 \u00e0 tous les types d'appareils disposant d'une connexion HDMI. Lecture de contenus vid\u00e9o, audio, de photos et de textes. Entr\u00e9es\u00a0: VGA, 2 HDMI, USB\u00a02.0, carte micro-SD et AV IN. Comprend 2\u00a0haut-parleurs st\u00e9r\u00e9o et une t\u00e9l\u00e9commande. Livr\u00e9 avec un coffret cadeau de luxe.","og_url":"https:\/\/perle-in.com\/en\/product\/projecteur-p10-prixton-goya\/","og_site_name":"PERLE IN","article_modified_time":"2025-10-19T03:45:54+00:00","og_image":[{"width":1600,"height":1600,"url":"https:\/\/perle-in.com\/wp-content\/uploads\/2025\/10\/2PA03701-1.jpg","type":"image\/jpeg"}],"twitter_card":"summary_large_image","schema":{"@context":"https:\/\/schema.org","@graph":[{"@type":"WebPage","@id":"https:\/\/perle-in.com\/produit\/projecteur-p10-prixton-goya\/","url":"https:\/\/perle-in.com\/produit\/projecteur-p10-prixton-goya\/","name":"Projecteur P10 Prixton Goya - PERLE IN","isPartOf":{"@id":"https:\/\/perle-in.com\/#website"},"primaryImageOfPage":{"@id":"https:\/\/perle-in.com\/produit\/projecteur-p10-prixton-goya\/#primaryimage"},"image":{"@id":"https:\/\/perle-in.com\/produit\/projecteur-p10-prixton-goya\/#primaryimage"},"thumbnailUrl":"https:\/\/perle-in.com\/wp-content\/uploads\/2025\/10\/2PA03701-1.jpg","datePublished":"2025-10-14T21:57:24+00:00","dateModified":"2025-10-19T03:45:54+00:00","breadcrumb":{"@id":"https:\/\/perle-in.com\/produit\/projecteur-p10-prixton-goya\/#breadcrumb"},"inLanguage":"en-CA","potentialAction":[{"@type":"ReadAction","target":["https:\/\/perle-in.com\/produit\/projecteur-p10-prixton-goya\/"]}]},{"@type":"ImageObject","inLanguage":"en-CA","@id":"https:\/\/perle-in.com\/produit\/projecteur-p10-prixton-goya\/#primaryimage","url":"https:\/\/perle-in.com\/wp-content\/uploads\/2025\/10\/2PA03701-1.jpg","contentUrl":"https:\/\/perle-in.com\/wp-content\/uploads\/2025\/10\/2PA03701-1.jpg","width":1600,"height":1600},{"@type":"BreadcrumbList","@id":"https:\/\/perle-in.com\/produit\/projecteur-p10-prixton-goya\/#breadcrumb","itemListElement":[{"@type":"ListItem","position":1,"name":"Accueil","item":"https:\/\/perle-in.com\/"},{"@type":"ListItem","position":2,"name":"Boutique","item":"https:\/\/perle-in.com\/boutique\/"},{"@type":"ListItem","position":3,"name":"Projecteur P10 Prixton Goya"}]},{"@type":"WebSite","@id":"https:\/\/perle-in.com\/#website","url":"https:\/\/perle-in.com\/","name":"PERLE IN","description":"","publisher":{"@id":"https:\/\/perle-in.com\/#organization"},"potentialAction":[{"@type":"SearchAction","target":{"@type":"EntryPoint","urlTemplate":"https:\/\/perle-in.com\/?s={search_term_string}"},"query-input":{"@type":"PropertyValueSpecification","valueRequired":true,"valueName":"search_term_string"}}],"inLanguage":"en-CA"},{"@type":"Organization","@id":"https:\/\/perle-in.com\/#organization","name":"PERLE IN","url":"https:\/\/perle-in.com\/","logo":{"@type":"ImageObject","inLanguage":"en-CA","@id":"https:\/\/perle-in.com\/#\/schema\/logo\/image\/","url":"https:\/\/perle-in.com\/wp-content\/uploads\/2022\/12\/LOGO-PERLE-IN-COULEUR@3x.webp","contentUrl":"https:\/\/perle-in.com\/wp-content\/uploads\/2022\/12\/LOGO-PERLE-IN-COULEUR@3x.webp","width":1600,"height":490,"caption":"PERLE IN"},"image":{"@id":"https:\/\/perle-in.com\/#\/schema\/logo\/image\/"}}]}},"jetpack_sharing_enabled":true,"_links":{"self":[{"href":"https:\/\/perle-in.com\/en\/wp-json\/wp\/v2\/product\/538073","targetHints":{"allow":["GET"]}}],"collection":[{"href":"https:\/\/perle-in.com\/en\/wp-json\/wp\/v2\/product"}],"about":[{"href":"https:\/\/perle-in.com\/en\/wp-json\/wp\/v2\/types\/product"}],"version-history":[{"count":0,"href":"https:\/\/perle-in.com\/en\/wp-json\/wp\/v2\/product\/538073\/revisions"}],"wp:featuredmedia":[{"embeddable":true,"href":"https:\/\/perle-in.com\/en\/wp-json\/wp\/v2\/media\/538062"}],"wp:attachment":[{"href":"https:\/\/perle-in.com\/en\/wp-json\/wp\/v2\/media?parent=538073"}],"wp:term":[{"taxonomy":"product_brand","embeddable":true,"href":"https:\/\/perle-in.com\/en\/wp-json\/wp\/v2\/product_brand?post=538073"},{"taxonomy":"product_cat","embeddable":true,"href":"https:\/\/perle-in.com\/en\/wp-json\/wp\/v2\/product_cat?post=538073"},{"taxonomy":"product_tag","embeddable":true,"href":"https:\/\/perle-in.com\/en\/wp-json\/wp\/v2\/product_tag?post=538073"}],"curies":[{"name":"wp","href":"https:\/\/api.w.org\/{rel}","templated":true}]}}