{"id":538060,"date":"2025-10-14T23:56:42","date_gmt":"2025-10-14T21:56:42","guid":{"rendered":"https:\/\/perle-in.com\/produit\/bracelet-dactivite-couleur-avec-thermometre-prixton-at803\/"},"modified":"2025-10-19T05:45:54","modified_gmt":"2025-10-19T03:45:54","slug":"bracelet-dactivite-couleur-avec-thermometre-prixton-at803","status":"publish","type":"product","link":"https:\/\/perle-in.com\/en\/product\/bracelet-dactivite-couleur-avec-thermometre-prixton-at803\/","title":{"rendered":"Bracelet d\u2019activit\u00e9 couleur avec thermom\u00e8tre Prixton AT803"},"content":{"rendered":"","protected":false},"excerpt":{"rendered":"<p>\u00c9cran tactile couleur de 1.3\u00a0&#8221;. Mesure le rythme cardiaque, l&#8217;oxyg\u00e8ne sanguin et la tension art\u00e9rielle. Poss\u00e8de une fonction de podom\u00e8tre et thermom\u00e8tre et peut suivre plusieurs activit\u00e9s sportives. Moniteur de sommeil, alarme chronom\u00e8tre, notifications, m\u00e9mento d&#8217;appels et cam\u00e9ra \u00e0 distance. Capacit\u00e9 de la batterie\u00a0: 170\u00a0mAh. Compatible avec iOS et Android. R\u00e9sistance IP68 aux projections d&#8217;eau. Bluetooth 5.0. Livr\u00e9 avec un coffret cadeau luxueux.<\/p>","protected":false},"featured_media":538053,"template":"","meta":{"_eb_attr":""},"product_brand":[],"product_cat":[1095,667],"product_tag":[],"class_list":{"0":"post-538060","1":"product","2":"type-product","3":"status-publish","4":"has-post-thumbnail","6":"product_cat-montres-connectees","7":"product_cat-technologie","8":"pa_couleurs-noir","10":"first","11":"instock","12":"shipping-taxable","13":"purchasable","14":"product-type-variable"},"yoast_head":"<!-- This site is optimized with the Yoast SEO plugin v27.4 - https:\/\/yoast.com\/product\/yoast-seo-wordpress\/ -->\n<title>Bracelet d\u2019activit\u00e9 couleur avec thermom\u00e8tre Prixton AT803 - PERLE IN<\/title>\n<meta name=\"robots\" content=\"noindex, follow, max-snippet:-1, max-image-preview:large, max-video-preview:-1\" \/>\n<meta property=\"og:locale\" content=\"en_US\" \/>\n<meta property=\"og:type\" content=\"article\" \/>\n<meta property=\"og:title\" content=\"Bracelet d\u2019activit\u00e9 couleur avec thermom\u00e8tre Prixton AT803 - PERLE IN\" \/>\n<meta property=\"og:description\" content=\"\u00c9cran tactile couleur de 1.3\u00a0&#039;&#039;. Mesure le rythme cardiaque, l&#039;oxyg\u00e8ne sanguin et la tension art\u00e9rielle. Poss\u00e8de une fonction de podom\u00e8tre et thermom\u00e8tre et peut suivre plusieurs activit\u00e9s sportives. Moniteur de sommeil, alarme chronom\u00e8tre, notifications, m\u00e9mento d&#039;appels et cam\u00e9ra \u00e0 distance. Capacit\u00e9 de la batterie\u00a0: 170\u00a0mAh. Compatible avec iOS et Android. R\u00e9sistance IP68 aux projections d&#039;eau. Bluetooth 5.0. Livr\u00e9 avec un coffret cadeau luxueux.\" \/>\n<meta property=\"og:url\" content=\"https:\/\/perle-in.com\/en\/product\/bracelet-dactivite-couleur-avec-thermometre-prixton-at803\/\" \/>\n<meta property=\"og:site_name\" content=\"PERLE IN\" \/>\n<meta property=\"article:modified_time\" content=\"2025-10-19T03:45:54+00:00\" \/>\n<meta property=\"og:image\" content=\"https:\/\/perle-in.com\/wp-content\/uploads\/2025\/10\/2PA02790-1.jpg\" \/>\n\t<meta property=\"og:image:width\" content=\"1600\" \/>\n\t<meta property=\"og:image:height\" content=\"1600\" \/>\n\t<meta property=\"og:image:type\" content=\"image\/jpeg\" \/>\n<meta name=\"twitter:card\" content=\"summary_large_image\" \/>\n<script type=\"application\/ld+json\" class=\"yoast-schema-graph\">{\"@context\":\"https:\\\/\\\/schema.org\",\"@graph\":[{\"@type\":\"WebPage\",\"@id\":\"https:\\\/\\\/perle-in.com\\\/produit\\\/bracelet-dactivite-couleur-avec-thermometre-prixton-at803\\\/\",\"url\":\"https:\\\/\\\/perle-in.com\\\/produit\\\/bracelet-dactivite-couleur-avec-thermometre-prixton-at803\\\/\",\"name\":\"Bracelet d\u2019activit\u00e9 couleur avec thermom\u00e8tre Prixton AT803 - PERLE IN\",\"isPartOf\":{\"@id\":\"https:\\\/\\\/perle-in.com\\\/#website\"},\"primaryImageOfPage\":{\"@id\":\"https:\\\/\\\/perle-in.com\\\/produit\\\/bracelet-dactivite-couleur-avec-thermometre-prixton-at803\\\/#primaryimage\"},\"image\":{\"@id\":\"https:\\\/\\\/perle-in.com\\\/produit\\\/bracelet-dactivite-couleur-avec-thermometre-prixton-at803\\\/#primaryimage\"},\"thumbnailUrl\":\"https:\\\/\\\/perle-in.com\\\/wp-content\\\/uploads\\\/2025\\\/10\\\/2PA02790-1.jpg\",\"datePublished\":\"2025-10-14T21:56:42+00:00\",\"dateModified\":\"2025-10-19T03:45:54+00:00\",\"breadcrumb\":{\"@id\":\"https:\\\/\\\/perle-in.com\\\/produit\\\/bracelet-dactivite-couleur-avec-thermometre-prixton-at803\\\/#breadcrumb\"},\"inLanguage\":\"en-CA\",\"potentialAction\":[{\"@type\":\"ReadAction\",\"target\":[\"https:\\\/\\\/perle-in.com\\\/produit\\\/bracelet-dactivite-couleur-avec-thermometre-prixton-at803\\\/\"]}]},{\"@type\":\"ImageObject\",\"inLanguage\":\"en-CA\",\"@id\":\"https:\\\/\\\/perle-in.com\\\/produit\\\/bracelet-dactivite-couleur-avec-thermometre-prixton-at803\\\/#primaryimage\",\"url\":\"https:\\\/\\\/perle-in.com\\\/wp-content\\\/uploads\\\/2025\\\/10\\\/2PA02790-1.jpg\",\"contentUrl\":\"https:\\\/\\\/perle-in.com\\\/wp-content\\\/uploads\\\/2025\\\/10\\\/2PA02790-1.jpg\",\"width\":1600,\"height\":1600},{\"@type\":\"BreadcrumbList\",\"@id\":\"https:\\\/\\\/perle-in.com\\\/produit\\\/bracelet-dactivite-couleur-avec-thermometre-prixton-at803\\\/#breadcrumb\",\"itemListElement\":[{\"@type\":\"ListItem\",\"position\":1,\"name\":\"Accueil\",\"item\":\"https:\\\/\\\/perle-in.com\\\/\"},{\"@type\":\"ListItem\",\"position\":2,\"name\":\"Boutique\",\"item\":\"https:\\\/\\\/perle-in.com\\\/boutique\\\/\"},{\"@type\":\"ListItem\",\"position\":3,\"name\":\"Bracelet d\u2019activit\u00e9 couleur avec thermom\u00e8tre Prixton AT803\"}]},{\"@type\":\"WebSite\",\"@id\":\"https:\\\/\\\/perle-in.com\\\/#website\",\"url\":\"https:\\\/\\\/perle-in.com\\\/\",\"name\":\"PERLE IN\",\"description\":\"\",\"publisher\":{\"@id\":\"https:\\\/\\\/perle-in.com\\\/#organization\"},\"potentialAction\":[{\"@type\":\"SearchAction\",\"target\":{\"@type\":\"EntryPoint\",\"urlTemplate\":\"https:\\\/\\\/perle-in.com\\\/?s={search_term_string}\"},\"query-input\":{\"@type\":\"PropertyValueSpecification\",\"valueRequired\":true,\"valueName\":\"search_term_string\"}}],\"inLanguage\":\"en-CA\"},{\"@type\":\"Organization\",\"@id\":\"https:\\\/\\\/perle-in.com\\\/#organization\",\"name\":\"PERLE IN\",\"url\":\"https:\\\/\\\/perle-in.com\\\/\",\"logo\":{\"@type\":\"ImageObject\",\"inLanguage\":\"en-CA\",\"@id\":\"https:\\\/\\\/perle-in.com\\\/#\\\/schema\\\/logo\\\/image\\\/\",\"url\":\"https:\\\/\\\/perle-in.com\\\/wp-content\\\/uploads\\\/2022\\\/12\\\/LOGO-PERLE-IN-COULEUR@3x.webp\",\"contentUrl\":\"https:\\\/\\\/perle-in.com\\\/wp-content\\\/uploads\\\/2022\\\/12\\\/LOGO-PERLE-IN-COULEUR@3x.webp\",\"width\":1600,\"height\":490,\"caption\":\"PERLE IN\"},\"image\":{\"@id\":\"https:\\\/\\\/perle-in.com\\\/#\\\/schema\\\/logo\\\/image\\\/\"}}]}<\/script>\n<!-- \/ Yoast SEO plugin. -->","yoast_head_json":{"title":"Bracelet d\u2019activit\u00e9 couleur avec thermom\u00e8tre Prixton AT803 - PERLE IN","robots":{"index":"noindex","follow":"follow","max-snippet":"max-snippet:-1","max-image-preview":"max-image-preview:large","max-video-preview":"max-video-preview:-1"},"og_locale":"en_US","og_type":"article","og_title":"Bracelet d\u2019activit\u00e9 couleur avec thermom\u00e8tre Prixton AT803 - PERLE IN","og_description":"\u00c9cran tactile couleur de 1.3\u00a0''. Mesure le rythme cardiaque, l'oxyg\u00e8ne sanguin et la tension art\u00e9rielle. Poss\u00e8de une fonction de podom\u00e8tre et thermom\u00e8tre et peut suivre plusieurs activit\u00e9s sportives. Moniteur de sommeil, alarme chronom\u00e8tre, notifications, m\u00e9mento d'appels et cam\u00e9ra \u00e0 distance. Capacit\u00e9 de la batterie\u00a0: 170\u00a0mAh. Compatible avec iOS et Android. R\u00e9sistance IP68 aux projections d'eau. Bluetooth 5.0. Livr\u00e9 avec un coffret cadeau luxueux.","og_url":"https:\/\/perle-in.com\/en\/product\/bracelet-dactivite-couleur-avec-thermometre-prixton-at803\/","og_site_name":"PERLE IN","article_modified_time":"2025-10-19T03:45:54+00:00","og_image":[{"width":1600,"height":1600,"url":"https:\/\/perle-in.com\/wp-content\/uploads\/2025\/10\/2PA02790-1.jpg","type":"image\/jpeg"}],"twitter_card":"summary_large_image","schema":{"@context":"https:\/\/schema.org","@graph":[{"@type":"WebPage","@id":"https:\/\/perle-in.com\/produit\/bracelet-dactivite-couleur-avec-thermometre-prixton-at803\/","url":"https:\/\/perle-in.com\/produit\/bracelet-dactivite-couleur-avec-thermometre-prixton-at803\/","name":"Bracelet d\u2019activit\u00e9 couleur avec thermom\u00e8tre Prixton AT803 - PERLE IN","isPartOf":{"@id":"https:\/\/perle-in.com\/#website"},"primaryImageOfPage":{"@id":"https:\/\/perle-in.com\/produit\/bracelet-dactivite-couleur-avec-thermometre-prixton-at803\/#primaryimage"},"image":{"@id":"https:\/\/perle-in.com\/produit\/bracelet-dactivite-couleur-avec-thermometre-prixton-at803\/#primaryimage"},"thumbnailUrl":"https:\/\/perle-in.com\/wp-content\/uploads\/2025\/10\/2PA02790-1.jpg","datePublished":"2025-10-14T21:56:42+00:00","dateModified":"2025-10-19T03:45:54+00:00","breadcrumb":{"@id":"https:\/\/perle-in.com\/produit\/bracelet-dactivite-couleur-avec-thermometre-prixton-at803\/#breadcrumb"},"inLanguage":"en-CA","potentialAction":[{"@type":"ReadAction","target":["https:\/\/perle-in.com\/produit\/bracelet-dactivite-couleur-avec-thermometre-prixton-at803\/"]}]},{"@type":"ImageObject","inLanguage":"en-CA","@id":"https:\/\/perle-in.com\/produit\/bracelet-dactivite-couleur-avec-thermometre-prixton-at803\/#primaryimage","url":"https:\/\/perle-in.com\/wp-content\/uploads\/2025\/10\/2PA02790-1.jpg","contentUrl":"https:\/\/perle-in.com\/wp-content\/uploads\/2025\/10\/2PA02790-1.jpg","width":1600,"height":1600},{"@type":"BreadcrumbList","@id":"https:\/\/perle-in.com\/produit\/bracelet-dactivite-couleur-avec-thermometre-prixton-at803\/#breadcrumb","itemListElement":[{"@type":"ListItem","position":1,"name":"Accueil","item":"https:\/\/perle-in.com\/"},{"@type":"ListItem","position":2,"name":"Boutique","item":"https:\/\/perle-in.com\/boutique\/"},{"@type":"ListItem","position":3,"name":"Bracelet d\u2019activit\u00e9 couleur avec thermom\u00e8tre Prixton AT803"}]},{"@type":"WebSite","@id":"https:\/\/perle-in.com\/#website","url":"https:\/\/perle-in.com\/","name":"PERLE IN","description":"","publisher":{"@id":"https:\/\/perle-in.com\/#organization"},"potentialAction":[{"@type":"SearchAction","target":{"@type":"EntryPoint","urlTemplate":"https:\/\/perle-in.com\/?s={search_term_string}"},"query-input":{"@type":"PropertyValueSpecification","valueRequired":true,"valueName":"search_term_string"}}],"inLanguage":"en-CA"},{"@type":"Organization","@id":"https:\/\/perle-in.com\/#organization","name":"PERLE IN","url":"https:\/\/perle-in.com\/","logo":{"@type":"ImageObject","inLanguage":"en-CA","@id":"https:\/\/perle-in.com\/#\/schema\/logo\/image\/","url":"https:\/\/perle-in.com\/wp-content\/uploads\/2022\/12\/LOGO-PERLE-IN-COULEUR@3x.webp","contentUrl":"https:\/\/perle-in.com\/wp-content\/uploads\/2022\/12\/LOGO-PERLE-IN-COULEUR@3x.webp","width":1600,"height":490,"caption":"PERLE IN"},"image":{"@id":"https:\/\/perle-in.com\/#\/schema\/logo\/image\/"}}]}},"jetpack_sharing_enabled":true,"_links":{"self":[{"href":"https:\/\/perle-in.com\/en\/wp-json\/wp\/v2\/product\/538060","targetHints":{"allow":["GET"]}}],"collection":[{"href":"https:\/\/perle-in.com\/en\/wp-json\/wp\/v2\/product"}],"about":[{"href":"https:\/\/perle-in.com\/en\/wp-json\/wp\/v2\/types\/product"}],"version-history":[{"count":0,"href":"https:\/\/perle-in.com\/en\/wp-json\/wp\/v2\/product\/538060\/revisions"}],"wp:featuredmedia":[{"embeddable":true,"href":"https:\/\/perle-in.com\/en\/wp-json\/wp\/v2\/media\/538053"}],"wp:attachment":[{"href":"https:\/\/perle-in.com\/en\/wp-json\/wp\/v2\/media?parent=538060"}],"wp:term":[{"taxonomy":"product_brand","embeddable":true,"href":"https:\/\/perle-in.com\/en\/wp-json\/wp\/v2\/product_brand?post=538060"},{"taxonomy":"product_cat","embeddable":true,"href":"https:\/\/perle-in.com\/en\/wp-json\/wp\/v2\/product_cat?post=538060"},{"taxonomy":"product_tag","embeddable":true,"href":"https:\/\/perle-in.com\/en\/wp-json\/wp\/v2\/product_tag?post=538060"}],"curies":[{"name":"wp","href":"https:\/\/api.w.org\/{rel}","templated":true}]}}