{"id":538024,"date":"2025-10-14T23:53:28","date_gmt":"2025-10-14T21:53:28","guid":{"rendered":"https:\/\/perle-in.com\/produit\/stylo-bille-parker-jotter-recycle-encre-bleue\/"},"modified":"2025-10-19T05:45:54","modified_gmt":"2025-10-19T03:45:54","slug":"stylo-bille-parker-jotter-recycle-encre-bleue","status":"publish","type":"product","link":"https:\/\/perle-in.com\/en\/product\/stylo-bille-parker-jotter-recycle-encre-bleue\/","title":{"rendered":"Stylo bille Parker Jotter recycl\u00e9 (encre bleue)"},"content":{"rendered":"","protected":false},"excerpt":{"rendered":"<p>Le stylo bille Parker Jotter recycl\u00e9 offre durabilit\u00e9, style et performance \u00e0 un prix abordable. Son corps en plastique recycl\u00e9 anti-rayures allie \u00e9l\u00e9gance et durabilit\u00e9. Comprend une recharge Parker Quinkflow\u00ae pour une exp\u00e9rience d&#8217;\u00e9criture fluide, d&#8217;une dur\u00e9e de 3\u00a0500 \u00e0 5\u00a0500\u00a0m\u00e8tres. La bague en acier inoxydable recycl\u00e9 renforce son attrait \u00e9cologique. Le stylo bille recycl\u00e9 Jotter est id\u00e9al pour les personnes soucieuses de leur budget et de l&#8217;environnement qui recherchent un instrument d&#8217;\u00e9criture \u00e9l\u00e9gant et durable. Encre bleue.<\/p>","protected":false},"featured_media":538012,"template":"","meta":{"_eb_attr":""},"product_brand":[],"product_cat":[552,568],"product_tag":[3184,3183,837,3182,1450,1451,3181,836,561,562],"class_list":{"0":"post-538024","1":"product","2":"type-product","3":"status-publish","4":"has-post-thumbnail","6":"product_cat-stylos-et-ecriture","7":"product_cat-stylos-bille","8":"product_tag-3184","9":"product_tag-3183","10":"product_tag-durable","11":"product_tag-encre-bleue","12":"product_tag-jotter","13":"product_tag-parker","14":"product_tag-quinkflow","15":"product_tag-recycle","16":"product_tag-stylo","17":"product_tag-stylos","18":"pa_couleurs-blanc","19":"pa_couleurs-marine","20":"pa_couleurs-noir","21":"pa_couleurs-rouge-fonce","22":"pa_marque-parker","23":"pa_matiere-plastique-recycle-acier-inoxydable-recycle","24":"pa_pays-d-origine-france","26":"first","27":"instock","28":"shipping-taxable","29":"purchasable","30":"product-type-variable"},"yoast_head":"<!-- This site is optimized with the Yoast SEO plugin v27.4 - https:\/\/yoast.com\/product\/yoast-seo-wordpress\/ -->\n<title>Stylo bille Parker Jotter recycl\u00e9 (encre bleue) - PERLE IN<\/title>\n<meta name=\"robots\" content=\"noindex, follow, max-snippet:-1, max-image-preview:large, max-video-preview:-1\" \/>\n<meta property=\"og:locale\" content=\"en_US\" \/>\n<meta property=\"og:type\" content=\"article\" \/>\n<meta property=\"og:title\" content=\"Stylo bille Parker Jotter recycl\u00e9 (encre bleue) - PERLE IN\" \/>\n<meta property=\"og:description\" content=\"Le stylo bille Parker Jotter recycl\u00e9 offre durabilit\u00e9, style et performance \u00e0 un prix abordable. Son corps en plastique recycl\u00e9 anti-rayures allie \u00e9l\u00e9gance et durabilit\u00e9. Comprend une recharge Parker Quinkflow\u00ae pour une exp\u00e9rience d&#039;\u00e9criture fluide, d&#039;une dur\u00e9e de 3\u00a0500 \u00e0 5\u00a0500\u00a0m\u00e8tres. La bague en acier inoxydable recycl\u00e9 renforce son attrait \u00e9cologique. Le stylo bille recycl\u00e9 Jotter est id\u00e9al pour les personnes soucieuses de leur budget et de l&#039;environnement qui recherchent un instrument d&#039;\u00e9criture \u00e9l\u00e9gant et durable. Encre bleue.\" \/>\n<meta property=\"og:url\" content=\"https:\/\/perle-in.com\/en\/product\/stylo-bille-parker-jotter-recycle-encre-bleue\/\" \/>\n<meta property=\"og:site_name\" content=\"PERLE IN\" \/>\n<meta property=\"article:modified_time\" content=\"2025-10-19T03:45:54+00:00\" \/>\n<meta property=\"og:image\" content=\"https:\/\/perle-in.com\/wp-content\/uploads\/2025\/10\/10782301-1.jpg\" \/>\n\t<meta property=\"og:image:width\" content=\"1600\" \/>\n\t<meta property=\"og:image:height\" content=\"1600\" \/>\n\t<meta property=\"og:image:type\" content=\"image\/jpeg\" \/>\n<meta name=\"twitter:card\" content=\"summary_large_image\" \/>\n<script type=\"application\/ld+json\" class=\"yoast-schema-graph\">{\"@context\":\"https:\\\/\\\/schema.org\",\"@graph\":[{\"@type\":\"WebPage\",\"@id\":\"https:\\\/\\\/perle-in.com\\\/produit\\\/stylo-bille-parker-jotter-recycle-encre-bleue\\\/\",\"url\":\"https:\\\/\\\/perle-in.com\\\/produit\\\/stylo-bille-parker-jotter-recycle-encre-bleue\\\/\",\"name\":\"Stylo bille Parker Jotter recycl\u00e9 (encre bleue) - PERLE IN\",\"isPartOf\":{\"@id\":\"https:\\\/\\\/perle-in.com\\\/#website\"},\"primaryImageOfPage\":{\"@id\":\"https:\\\/\\\/perle-in.com\\\/produit\\\/stylo-bille-parker-jotter-recycle-encre-bleue\\\/#primaryimage\"},\"image\":{\"@id\":\"https:\\\/\\\/perle-in.com\\\/produit\\\/stylo-bille-parker-jotter-recycle-encre-bleue\\\/#primaryimage\"},\"thumbnailUrl\":\"https:\\\/\\\/perle-in.com\\\/wp-content\\\/uploads\\\/2025\\\/10\\\/10782301-1.jpg\",\"datePublished\":\"2025-10-14T21:53:28+00:00\",\"dateModified\":\"2025-10-19T03:45:54+00:00\",\"breadcrumb\":{\"@id\":\"https:\\\/\\\/perle-in.com\\\/produit\\\/stylo-bille-parker-jotter-recycle-encre-bleue\\\/#breadcrumb\"},\"inLanguage\":\"en-CA\",\"potentialAction\":[{\"@type\":\"ReadAction\",\"target\":[\"https:\\\/\\\/perle-in.com\\\/produit\\\/stylo-bille-parker-jotter-recycle-encre-bleue\\\/\"]}]},{\"@type\":\"ImageObject\",\"inLanguage\":\"en-CA\",\"@id\":\"https:\\\/\\\/perle-in.com\\\/produit\\\/stylo-bille-parker-jotter-recycle-encre-bleue\\\/#primaryimage\",\"url\":\"https:\\\/\\\/perle-in.com\\\/wp-content\\\/uploads\\\/2025\\\/10\\\/10782301-1.jpg\",\"contentUrl\":\"https:\\\/\\\/perle-in.com\\\/wp-content\\\/uploads\\\/2025\\\/10\\\/10782301-1.jpg\",\"width\":1600,\"height\":1600},{\"@type\":\"BreadcrumbList\",\"@id\":\"https:\\\/\\\/perle-in.com\\\/produit\\\/stylo-bille-parker-jotter-recycle-encre-bleue\\\/#breadcrumb\",\"itemListElement\":[{\"@type\":\"ListItem\",\"position\":1,\"name\":\"Accueil\",\"item\":\"https:\\\/\\\/perle-in.com\\\/\"},{\"@type\":\"ListItem\",\"position\":2,\"name\":\"Boutique\",\"item\":\"https:\\\/\\\/perle-in.com\\\/boutique\\\/\"},{\"@type\":\"ListItem\",\"position\":3,\"name\":\"Stylo bille Parker Jotter recycl\u00e9 (encre bleue)\"}]},{\"@type\":\"WebSite\",\"@id\":\"https:\\\/\\\/perle-in.com\\\/#website\",\"url\":\"https:\\\/\\\/perle-in.com\\\/\",\"name\":\"PERLE IN\",\"description\":\"\",\"publisher\":{\"@id\":\"https:\\\/\\\/perle-in.com\\\/#organization\"},\"potentialAction\":[{\"@type\":\"SearchAction\",\"target\":{\"@type\":\"EntryPoint\",\"urlTemplate\":\"https:\\\/\\\/perle-in.com\\\/?s={search_term_string}\"},\"query-input\":{\"@type\":\"PropertyValueSpecification\",\"valueRequired\":true,\"valueName\":\"search_term_string\"}}],\"inLanguage\":\"en-CA\"},{\"@type\":\"Organization\",\"@id\":\"https:\\\/\\\/perle-in.com\\\/#organization\",\"name\":\"PERLE IN\",\"url\":\"https:\\\/\\\/perle-in.com\\\/\",\"logo\":{\"@type\":\"ImageObject\",\"inLanguage\":\"en-CA\",\"@id\":\"https:\\\/\\\/perle-in.com\\\/#\\\/schema\\\/logo\\\/image\\\/\",\"url\":\"https:\\\/\\\/perle-in.com\\\/wp-content\\\/uploads\\\/2022\\\/12\\\/LOGO-PERLE-IN-COULEUR@3x.webp\",\"contentUrl\":\"https:\\\/\\\/perle-in.com\\\/wp-content\\\/uploads\\\/2022\\\/12\\\/LOGO-PERLE-IN-COULEUR@3x.webp\",\"width\":1600,\"height\":490,\"caption\":\"PERLE IN\"},\"image\":{\"@id\":\"https:\\\/\\\/perle-in.com\\\/#\\\/schema\\\/logo\\\/image\\\/\"}}]}<\/script>\n<!-- \/ Yoast SEO plugin. -->","yoast_head_json":{"title":"Stylo bille Parker Jotter recycl\u00e9 (encre bleue) - PERLE IN","robots":{"index":"noindex","follow":"follow","max-snippet":"max-snippet:-1","max-image-preview":"max-image-preview:large","max-video-preview":"max-video-preview:-1"},"og_locale":"en_US","og_type":"article","og_title":"Stylo bille Parker Jotter recycl\u00e9 (encre bleue) - PERLE IN","og_description":"Le stylo bille Parker Jotter recycl\u00e9 offre durabilit\u00e9, style et performance \u00e0 un prix abordable. Son corps en plastique recycl\u00e9 anti-rayures allie \u00e9l\u00e9gance et durabilit\u00e9. Comprend une recharge Parker Quinkflow\u00ae pour une exp\u00e9rience d'\u00e9criture fluide, d'une dur\u00e9e de 3\u00a0500 \u00e0 5\u00a0500\u00a0m\u00e8tres. La bague en acier inoxydable recycl\u00e9 renforce son attrait \u00e9cologique. Le stylo bille recycl\u00e9 Jotter est id\u00e9al pour les personnes soucieuses de leur budget et de l'environnement qui recherchent un instrument d'\u00e9criture \u00e9l\u00e9gant et durable. Encre bleue.","og_url":"https:\/\/perle-in.com\/en\/product\/stylo-bille-parker-jotter-recycle-encre-bleue\/","og_site_name":"PERLE IN","article_modified_time":"2025-10-19T03:45:54+00:00","og_image":[{"width":1600,"height":1600,"url":"https:\/\/perle-in.com\/wp-content\/uploads\/2025\/10\/10782301-1.jpg","type":"image\/jpeg"}],"twitter_card":"summary_large_image","schema":{"@context":"https:\/\/schema.org","@graph":[{"@type":"WebPage","@id":"https:\/\/perle-in.com\/produit\/stylo-bille-parker-jotter-recycle-encre-bleue\/","url":"https:\/\/perle-in.com\/produit\/stylo-bille-parker-jotter-recycle-encre-bleue\/","name":"Stylo bille Parker Jotter recycl\u00e9 (encre bleue) - PERLE IN","isPartOf":{"@id":"https:\/\/perle-in.com\/#website"},"primaryImageOfPage":{"@id":"https:\/\/perle-in.com\/produit\/stylo-bille-parker-jotter-recycle-encre-bleue\/#primaryimage"},"image":{"@id":"https:\/\/perle-in.com\/produit\/stylo-bille-parker-jotter-recycle-encre-bleue\/#primaryimage"},"thumbnailUrl":"https:\/\/perle-in.com\/wp-content\/uploads\/2025\/10\/10782301-1.jpg","datePublished":"2025-10-14T21:53:28+00:00","dateModified":"2025-10-19T03:45:54+00:00","breadcrumb":{"@id":"https:\/\/perle-in.com\/produit\/stylo-bille-parker-jotter-recycle-encre-bleue\/#breadcrumb"},"inLanguage":"en-CA","potentialAction":[{"@type":"ReadAction","target":["https:\/\/perle-in.com\/produit\/stylo-bille-parker-jotter-recycle-encre-bleue\/"]}]},{"@type":"ImageObject","inLanguage":"en-CA","@id":"https:\/\/perle-in.com\/produit\/stylo-bille-parker-jotter-recycle-encre-bleue\/#primaryimage","url":"https:\/\/perle-in.com\/wp-content\/uploads\/2025\/10\/10782301-1.jpg","contentUrl":"https:\/\/perle-in.com\/wp-content\/uploads\/2025\/10\/10782301-1.jpg","width":1600,"height":1600},{"@type":"BreadcrumbList","@id":"https:\/\/perle-in.com\/produit\/stylo-bille-parker-jotter-recycle-encre-bleue\/#breadcrumb","itemListElement":[{"@type":"ListItem","position":1,"name":"Accueil","item":"https:\/\/perle-in.com\/"},{"@type":"ListItem","position":2,"name":"Boutique","item":"https:\/\/perle-in.com\/boutique\/"},{"@type":"ListItem","position":3,"name":"Stylo bille Parker Jotter recycl\u00e9 (encre bleue)"}]},{"@type":"WebSite","@id":"https:\/\/perle-in.com\/#website","url":"https:\/\/perle-in.com\/","name":"PERLE IN","description":"","publisher":{"@id":"https:\/\/perle-in.com\/#organization"},"potentialAction":[{"@type":"SearchAction","target":{"@type":"EntryPoint","urlTemplate":"https:\/\/perle-in.com\/?s={search_term_string}"},"query-input":{"@type":"PropertyValueSpecification","valueRequired":true,"valueName":"search_term_string"}}],"inLanguage":"en-CA"},{"@type":"Organization","@id":"https:\/\/perle-in.com\/#organization","name":"PERLE IN","url":"https:\/\/perle-in.com\/","logo":{"@type":"ImageObject","inLanguage":"en-CA","@id":"https:\/\/perle-in.com\/#\/schema\/logo\/image\/","url":"https:\/\/perle-in.com\/wp-content\/uploads\/2022\/12\/LOGO-PERLE-IN-COULEUR@3x.webp","contentUrl":"https:\/\/perle-in.com\/wp-content\/uploads\/2022\/12\/LOGO-PERLE-IN-COULEUR@3x.webp","width":1600,"height":490,"caption":"PERLE IN"},"image":{"@id":"https:\/\/perle-in.com\/#\/schema\/logo\/image\/"}}]}},"jetpack_sharing_enabled":true,"_links":{"self":[{"href":"https:\/\/perle-in.com\/en\/wp-json\/wp\/v2\/product\/538024","targetHints":{"allow":["GET"]}}],"collection":[{"href":"https:\/\/perle-in.com\/en\/wp-json\/wp\/v2\/product"}],"about":[{"href":"https:\/\/perle-in.com\/en\/wp-json\/wp\/v2\/types\/product"}],"version-history":[{"count":0,"href":"https:\/\/perle-in.com\/en\/wp-json\/wp\/v2\/product\/538024\/revisions"}],"wp:featuredmedia":[{"embeddable":true,"href":"https:\/\/perle-in.com\/en\/wp-json\/wp\/v2\/media\/538012"}],"wp:attachment":[{"href":"https:\/\/perle-in.com\/en\/wp-json\/wp\/v2\/media?parent=538024"}],"wp:term":[{"taxonomy":"product_brand","embeddable":true,"href":"https:\/\/perle-in.com\/en\/wp-json\/wp\/v2\/product_brand?post=538024"},{"taxonomy":"product_cat","embeddable":true,"href":"https:\/\/perle-in.com\/en\/wp-json\/wp\/v2\/product_cat?post=538024"},{"taxonomy":"product_tag","embeddable":true,"href":"https:\/\/perle-in.com\/en\/wp-json\/wp\/v2\/product_tag?post=538024"}],"curies":[{"name":"wp","href":"https:\/\/api.w.org\/{rel}","templated":true}]}}