{"id":538001,"date":"2025-10-14T23:52:09","date_gmt":"2025-10-14T21:52:09","guid":{"rendered":"https:\/\/perle-in.com\/produit\/stylo-bille-en-aluminium-recycle-moneta-encre-noire\/"},"modified":"2025-10-19T05:45:54","modified_gmt":"2025-10-19T03:45:54","slug":"stylo-bille-en-aluminium-recycle-moneta-encre-noire","status":"publish","type":"product","link":"https:\/\/perle-in.com\/en\/product\/stylo-bille-en-aluminium-recycle-moneta-encre-noire\/","title":{"rendered":"Stylo bille en aluminium recycl\u00e9 Moneta (encre noire)"},"content":{"rendered":"","protected":false},"excerpt":{"rendered":"<p>Stylo bille fabriqu\u00e9 \u00e0 partir d&#8217;aluminium recycl\u00e9 avec finition laqu\u00e9e, \u00e9clat poli et d\u00e9tails chrom\u00e9s du plus bel effet. L&#8217;aluminium recycl\u00e9 n\u00e9cessite moins d&#8217;\u00e9nergie que la production d&#8217;aluminium \u00e0 partir de mati\u00e8res premi\u00e8res, ce qui en fait un choix plus durable. Il r\u00e9duit \u00e9galement la quantit\u00e9 de d\u00e9chets dans les d\u00e9charges et contribue \u00e0 la conservation des ressources naturelles en vue de r\u00e9duire les \u00e9missions de gaz \u00e0 effet de serre. Encre noire. Longueur d&#8217;\u00e9criture\u00a0: 600\u00a0m\u00e8tres.<\/p>","protected":false},"featured_media":537986,"template":"","meta":{"_eb_attr":""},"product_brand":[],"product_cat":[552,568],"product_tag":[3179,837,836,561],"class_list":{"0":"post-538001","1":"product","2":"type-product","3":"status-publish","4":"has-post-thumbnail","6":"product_cat-stylos-et-ecriture","7":"product_cat-stylos-bille","8":"product_tag-aluminium","9":"product_tag-durable","10":"product_tag-recycle","11":"product_tag-stylo","12":"pa_couleurs-argent","13":"pa_couleurs-blanc","14":"pa_couleurs-bleu-royal","15":"pa_couleurs-citron-vert","16":"pa_couleurs-gris","17":"pa_couleurs-jaune","18":"pa_couleurs-magenta","19":"pa_couleurs-noir","20":"pa_couleurs-orange","21":"pa_couleurs-rouge","22":"pa_matiere-aluminium-recycle-plastique-abs-fer","24":"first","25":"instock","26":"shipping-taxable","27":"purchasable","28":"product-type-variable"},"yoast_head":"<!-- This site is optimized with the Yoast SEO plugin v27.4 - https:\/\/yoast.com\/product\/yoast-seo-wordpress\/ -->\n<title>Stylo bille en aluminium recycl\u00e9 Moneta (encre noire) - PERLE IN<\/title>\n<meta name=\"robots\" content=\"noindex, follow, max-snippet:-1, max-image-preview:large, max-video-preview:-1\" \/>\n<meta property=\"og:locale\" content=\"en_US\" \/>\n<meta property=\"og:type\" content=\"article\" \/>\n<meta property=\"og:title\" content=\"Stylo bille en aluminium recycl\u00e9 Moneta (encre noire) - PERLE IN\" \/>\n<meta property=\"og:description\" content=\"Stylo bille fabriqu\u00e9 \u00e0 partir d&#039;aluminium recycl\u00e9 avec finition laqu\u00e9e, \u00e9clat poli et d\u00e9tails chrom\u00e9s du plus bel effet. L&#039;aluminium recycl\u00e9 n\u00e9cessite moins d&#039;\u00e9nergie que la production d&#039;aluminium \u00e0 partir de mati\u00e8res premi\u00e8res, ce qui en fait un choix plus durable. Il r\u00e9duit \u00e9galement la quantit\u00e9 de d\u00e9chets dans les d\u00e9charges et contribue \u00e0 la conservation des ressources naturelles en vue de r\u00e9duire les \u00e9missions de gaz \u00e0 effet de serre. Encre noire. Longueur d&#039;\u00e9criture\u00a0: 600\u00a0m\u00e8tres.\" \/>\n<meta property=\"og:url\" content=\"https:\/\/perle-in.com\/en\/product\/stylo-bille-en-aluminium-recycle-moneta-encre-noire\/\" \/>\n<meta property=\"og:site_name\" content=\"PERLE IN\" \/>\n<meta property=\"article:modified_time\" content=\"2025-10-19T03:45:54+00:00\" \/>\n<meta property=\"og:image\" content=\"https:\/\/perle-in.com\/wp-content\/uploads\/2025\/10\/10782201-1.jpg\" \/>\n\t<meta property=\"og:image:width\" content=\"1600\" \/>\n\t<meta property=\"og:image:height\" content=\"1600\" \/>\n\t<meta property=\"og:image:type\" content=\"image\/jpeg\" \/>\n<meta name=\"twitter:card\" content=\"summary_large_image\" \/>\n<script type=\"application\/ld+json\" class=\"yoast-schema-graph\">{\"@context\":\"https:\\\/\\\/schema.org\",\"@graph\":[{\"@type\":\"WebPage\",\"@id\":\"https:\\\/\\\/perle-in.com\\\/produit\\\/stylo-bille-en-aluminium-recycle-moneta-encre-noire\\\/\",\"url\":\"https:\\\/\\\/perle-in.com\\\/produit\\\/stylo-bille-en-aluminium-recycle-moneta-encre-noire\\\/\",\"name\":\"Stylo bille en aluminium recycl\u00e9 Moneta (encre noire) - PERLE IN\",\"isPartOf\":{\"@id\":\"https:\\\/\\\/perle-in.com\\\/#website\"},\"primaryImageOfPage\":{\"@id\":\"https:\\\/\\\/perle-in.com\\\/produit\\\/stylo-bille-en-aluminium-recycle-moneta-encre-noire\\\/#primaryimage\"},\"image\":{\"@id\":\"https:\\\/\\\/perle-in.com\\\/produit\\\/stylo-bille-en-aluminium-recycle-moneta-encre-noire\\\/#primaryimage\"},\"thumbnailUrl\":\"https:\\\/\\\/perle-in.com\\\/wp-content\\\/uploads\\\/2025\\\/10\\\/10782201-1.jpg\",\"datePublished\":\"2025-10-14T21:52:09+00:00\",\"dateModified\":\"2025-10-19T03:45:54+00:00\",\"breadcrumb\":{\"@id\":\"https:\\\/\\\/perle-in.com\\\/produit\\\/stylo-bille-en-aluminium-recycle-moneta-encre-noire\\\/#breadcrumb\"},\"inLanguage\":\"en-CA\",\"potentialAction\":[{\"@type\":\"ReadAction\",\"target\":[\"https:\\\/\\\/perle-in.com\\\/produit\\\/stylo-bille-en-aluminium-recycle-moneta-encre-noire\\\/\"]}]},{\"@type\":\"ImageObject\",\"inLanguage\":\"en-CA\",\"@id\":\"https:\\\/\\\/perle-in.com\\\/produit\\\/stylo-bille-en-aluminium-recycle-moneta-encre-noire\\\/#primaryimage\",\"url\":\"https:\\\/\\\/perle-in.com\\\/wp-content\\\/uploads\\\/2025\\\/10\\\/10782201-1.jpg\",\"contentUrl\":\"https:\\\/\\\/perle-in.com\\\/wp-content\\\/uploads\\\/2025\\\/10\\\/10782201-1.jpg\",\"width\":1600,\"height\":1600},{\"@type\":\"BreadcrumbList\",\"@id\":\"https:\\\/\\\/perle-in.com\\\/produit\\\/stylo-bille-en-aluminium-recycle-moneta-encre-noire\\\/#breadcrumb\",\"itemListElement\":[{\"@type\":\"ListItem\",\"position\":1,\"name\":\"Accueil\",\"item\":\"https:\\\/\\\/perle-in.com\\\/\"},{\"@type\":\"ListItem\",\"position\":2,\"name\":\"Boutique\",\"item\":\"https:\\\/\\\/perle-in.com\\\/boutique\\\/\"},{\"@type\":\"ListItem\",\"position\":3,\"name\":\"Stylo bille en aluminium recycl\u00e9 Moneta (encre noire)\"}]},{\"@type\":\"WebSite\",\"@id\":\"https:\\\/\\\/perle-in.com\\\/#website\",\"url\":\"https:\\\/\\\/perle-in.com\\\/\",\"name\":\"PERLE IN\",\"description\":\"\",\"publisher\":{\"@id\":\"https:\\\/\\\/perle-in.com\\\/#organization\"},\"potentialAction\":[{\"@type\":\"SearchAction\",\"target\":{\"@type\":\"EntryPoint\",\"urlTemplate\":\"https:\\\/\\\/perle-in.com\\\/?s={search_term_string}\"},\"query-input\":{\"@type\":\"PropertyValueSpecification\",\"valueRequired\":true,\"valueName\":\"search_term_string\"}}],\"inLanguage\":\"en-CA\"},{\"@type\":\"Organization\",\"@id\":\"https:\\\/\\\/perle-in.com\\\/#organization\",\"name\":\"PERLE IN\",\"url\":\"https:\\\/\\\/perle-in.com\\\/\",\"logo\":{\"@type\":\"ImageObject\",\"inLanguage\":\"en-CA\",\"@id\":\"https:\\\/\\\/perle-in.com\\\/#\\\/schema\\\/logo\\\/image\\\/\",\"url\":\"https:\\\/\\\/perle-in.com\\\/wp-content\\\/uploads\\\/2022\\\/12\\\/LOGO-PERLE-IN-COULEUR@3x.webp\",\"contentUrl\":\"https:\\\/\\\/perle-in.com\\\/wp-content\\\/uploads\\\/2022\\\/12\\\/LOGO-PERLE-IN-COULEUR@3x.webp\",\"width\":1600,\"height\":490,\"caption\":\"PERLE IN\"},\"image\":{\"@id\":\"https:\\\/\\\/perle-in.com\\\/#\\\/schema\\\/logo\\\/image\\\/\"}}]}<\/script>\n<!-- \/ Yoast SEO plugin. -->","yoast_head_json":{"title":"Stylo bille en aluminium recycl\u00e9 Moneta (encre noire) - PERLE IN","robots":{"index":"noindex","follow":"follow","max-snippet":"max-snippet:-1","max-image-preview":"max-image-preview:large","max-video-preview":"max-video-preview:-1"},"og_locale":"en_US","og_type":"article","og_title":"Stylo bille en aluminium recycl\u00e9 Moneta (encre noire) - PERLE IN","og_description":"Stylo bille fabriqu\u00e9 \u00e0 partir d'aluminium recycl\u00e9 avec finition laqu\u00e9e, \u00e9clat poli et d\u00e9tails chrom\u00e9s du plus bel effet. L'aluminium recycl\u00e9 n\u00e9cessite moins d'\u00e9nergie que la production d'aluminium \u00e0 partir de mati\u00e8res premi\u00e8res, ce qui en fait un choix plus durable. Il r\u00e9duit \u00e9galement la quantit\u00e9 de d\u00e9chets dans les d\u00e9charges et contribue \u00e0 la conservation des ressources naturelles en vue de r\u00e9duire les \u00e9missions de gaz \u00e0 effet de serre. Encre noire. Longueur d'\u00e9criture\u00a0: 600\u00a0m\u00e8tres.","og_url":"https:\/\/perle-in.com\/en\/product\/stylo-bille-en-aluminium-recycle-moneta-encre-noire\/","og_site_name":"PERLE IN","article_modified_time":"2025-10-19T03:45:54+00:00","og_image":[{"width":1600,"height":1600,"url":"https:\/\/perle-in.com\/wp-content\/uploads\/2025\/10\/10782201-1.jpg","type":"image\/jpeg"}],"twitter_card":"summary_large_image","schema":{"@context":"https:\/\/schema.org","@graph":[{"@type":"WebPage","@id":"https:\/\/perle-in.com\/produit\/stylo-bille-en-aluminium-recycle-moneta-encre-noire\/","url":"https:\/\/perle-in.com\/produit\/stylo-bille-en-aluminium-recycle-moneta-encre-noire\/","name":"Stylo bille en aluminium recycl\u00e9 Moneta (encre noire) - PERLE IN","isPartOf":{"@id":"https:\/\/perle-in.com\/#website"},"primaryImageOfPage":{"@id":"https:\/\/perle-in.com\/produit\/stylo-bille-en-aluminium-recycle-moneta-encre-noire\/#primaryimage"},"image":{"@id":"https:\/\/perle-in.com\/produit\/stylo-bille-en-aluminium-recycle-moneta-encre-noire\/#primaryimage"},"thumbnailUrl":"https:\/\/perle-in.com\/wp-content\/uploads\/2025\/10\/10782201-1.jpg","datePublished":"2025-10-14T21:52:09+00:00","dateModified":"2025-10-19T03:45:54+00:00","breadcrumb":{"@id":"https:\/\/perle-in.com\/produit\/stylo-bille-en-aluminium-recycle-moneta-encre-noire\/#breadcrumb"},"inLanguage":"en-CA","potentialAction":[{"@type":"ReadAction","target":["https:\/\/perle-in.com\/produit\/stylo-bille-en-aluminium-recycle-moneta-encre-noire\/"]}]},{"@type":"ImageObject","inLanguage":"en-CA","@id":"https:\/\/perle-in.com\/produit\/stylo-bille-en-aluminium-recycle-moneta-encre-noire\/#primaryimage","url":"https:\/\/perle-in.com\/wp-content\/uploads\/2025\/10\/10782201-1.jpg","contentUrl":"https:\/\/perle-in.com\/wp-content\/uploads\/2025\/10\/10782201-1.jpg","width":1600,"height":1600},{"@type":"BreadcrumbList","@id":"https:\/\/perle-in.com\/produit\/stylo-bille-en-aluminium-recycle-moneta-encre-noire\/#breadcrumb","itemListElement":[{"@type":"ListItem","position":1,"name":"Accueil","item":"https:\/\/perle-in.com\/"},{"@type":"ListItem","position":2,"name":"Boutique","item":"https:\/\/perle-in.com\/boutique\/"},{"@type":"ListItem","position":3,"name":"Stylo bille en aluminium recycl\u00e9 Moneta (encre noire)"}]},{"@type":"WebSite","@id":"https:\/\/perle-in.com\/#website","url":"https:\/\/perle-in.com\/","name":"PERLE IN","description":"","publisher":{"@id":"https:\/\/perle-in.com\/#organization"},"potentialAction":[{"@type":"SearchAction","target":{"@type":"EntryPoint","urlTemplate":"https:\/\/perle-in.com\/?s={search_term_string}"},"query-input":{"@type":"PropertyValueSpecification","valueRequired":true,"valueName":"search_term_string"}}],"inLanguage":"en-CA"},{"@type":"Organization","@id":"https:\/\/perle-in.com\/#organization","name":"PERLE IN","url":"https:\/\/perle-in.com\/","logo":{"@type":"ImageObject","inLanguage":"en-CA","@id":"https:\/\/perle-in.com\/#\/schema\/logo\/image\/","url":"https:\/\/perle-in.com\/wp-content\/uploads\/2022\/12\/LOGO-PERLE-IN-COULEUR@3x.webp","contentUrl":"https:\/\/perle-in.com\/wp-content\/uploads\/2022\/12\/LOGO-PERLE-IN-COULEUR@3x.webp","width":1600,"height":490,"caption":"PERLE IN"},"image":{"@id":"https:\/\/perle-in.com\/#\/schema\/logo\/image\/"}}]}},"jetpack_sharing_enabled":true,"_links":{"self":[{"href":"https:\/\/perle-in.com\/en\/wp-json\/wp\/v2\/product\/538001","targetHints":{"allow":["GET"]}}],"collection":[{"href":"https:\/\/perle-in.com\/en\/wp-json\/wp\/v2\/product"}],"about":[{"href":"https:\/\/perle-in.com\/en\/wp-json\/wp\/v2\/types\/product"}],"version-history":[{"count":0,"href":"https:\/\/perle-in.com\/en\/wp-json\/wp\/v2\/product\/538001\/revisions"}],"wp:featuredmedia":[{"embeddable":true,"href":"https:\/\/perle-in.com\/en\/wp-json\/wp\/v2\/media\/537986"}],"wp:attachment":[{"href":"https:\/\/perle-in.com\/en\/wp-json\/wp\/v2\/media?parent=538001"}],"wp:term":[{"taxonomy":"product_brand","embeddable":true,"href":"https:\/\/perle-in.com\/en\/wp-json\/wp\/v2\/product_brand?post=538001"},{"taxonomy":"product_cat","embeddable":true,"href":"https:\/\/perle-in.com\/en\/wp-json\/wp\/v2\/product_cat?post=538001"},{"taxonomy":"product_tag","embeddable":true,"href":"https:\/\/perle-in.com\/en\/wp-json\/wp\/v2\/product_tag?post=538001"}],"curies":[{"name":"wp","href":"https:\/\/api.w.org\/{rel}","templated":true}]}}