{"id":537971,"date":"2025-10-14T23:49:37","date_gmt":"2025-10-14T21:49:37","guid":{"rendered":"https:\/\/perle-in.com\/produit\/minuterie-de-douche-numerique-guitty\/"},"modified":"2025-10-19T05:45:59","modified_gmt":"2025-10-19T03:45:59","slug":"minuterie-de-douche-numerique-guitty","status":"publish","type":"product","link":"https:\/\/perle-in.com\/en\/product\/minuterie-de-douche-numerique-guitty\/","title":{"rendered":"Minuterie de douche num\u00e9rique Guitty"},"content":{"rendered":"","protected":false},"excerpt":{"rendered":"<p>La minuterie de douche Guitty est une solution num\u00e9rique pour surveiller le temps pass\u00e9 sous la douche et pour promouvoir des habitudes \u00e9co-responsables. Avec sa minuterie de 5\u00a0minutes, vous pouvez facilement contr\u00f4ler la dur\u00e9e de votre douche et \u00e9conomiser de l&#8217;eau et de l&#8217;\u00e9nergie. La minuterie est aliment\u00e9e par une seule pile LR1130 (incluse), ce qui la rend facile \u00e0 installer et \u00e0 utiliser directement. L&#8217;affichage num\u00e9rique est facile \u00e0 lire et la minuterie dispose d&#8217;un bouton de d\u00e9marrage\/arr\u00eat intuitif pour un fonctionnement sans effort. La conception compacte et \u00e9l\u00e9gante de la minuterie de douche Guitty en fait un ajout pratique \u00e0 n&#8217;importe quelle salle de bain, vous aidant \u00e0 avoir un impact positif sur l&#8217;environnement tout en am\u00e9liorant votre routine quotidienne.<\/p>","protected":false},"featured_media":537965,"template":"","meta":{"_eb_attr":""},"product_brand":[],"product_cat":[460,150],"product_tag":[3122,3173,726,3172,3031],"class_list":{"0":"post-537971","1":"product","2":"type-product","3":"status-publish","4":"has-post-thumbnail","6":"product_cat-accessoires-pour-la-maison","7":"product_cat-maison-et-cuisine","8":"product_tag-douche","9":"product_tag-economie","10":"product_tag-energie","11":"product_tag-minuterie","12":"product_tag-salle-de-bain","13":"pa_couleurs-blanc","15":"first","16":"instock","17":"sale","18":"shipping-taxable","19":"purchasable","20":"product-type-variable"},"yoast_head":"<!-- This site is optimized with the Yoast SEO plugin v27.4 - https:\/\/yoast.com\/product\/yoast-seo-wordpress\/ -->\n<title>Minuterie de douche num\u00e9rique Guitty - PERLE IN<\/title>\n<meta name=\"robots\" content=\"noindex, follow, max-snippet:-1, max-image-preview:large, max-video-preview:-1\" \/>\n<meta property=\"og:locale\" content=\"en_US\" \/>\n<meta property=\"og:type\" content=\"article\" \/>\n<meta property=\"og:title\" content=\"Minuterie de douche num\u00e9rique Guitty - PERLE IN\" \/>\n<meta property=\"og:description\" content=\"La minuterie de douche Guitty est une solution num\u00e9rique pour surveiller le temps pass\u00e9 sous la douche et pour promouvoir des habitudes \u00e9co-responsables. Avec sa minuterie de 5\u00a0minutes, vous pouvez facilement contr\u00f4ler la dur\u00e9e de votre douche et \u00e9conomiser de l&#039;eau et de l&#039;\u00e9nergie. La minuterie est aliment\u00e9e par une seule pile LR1130 (incluse), ce qui la rend facile \u00e0 installer et \u00e0 utiliser directement. L&#039;affichage num\u00e9rique est facile \u00e0 lire et la minuterie dispose d&#039;un bouton de d\u00e9marrage\/arr\u00eat intuitif pour un fonctionnement sans effort. La conception compacte et \u00e9l\u00e9gante de la minuterie de douche Guitty en fait un ajout pratique \u00e0 n&#039;importe quelle salle de bain, vous aidant \u00e0 avoir un impact positif sur l&#039;environnement tout en am\u00e9liorant votre routine quotidienne.\" \/>\n<meta property=\"og:url\" content=\"https:\/\/perle-in.com\/en\/product\/minuterie-de-douche-numerique-guitty\/\" \/>\n<meta property=\"og:site_name\" content=\"PERLE IN\" \/>\n<meta property=\"article:modified_time\" content=\"2025-10-19T03:45:59+00:00\" \/>\n<meta property=\"og:image\" content=\"https:\/\/perle-in.com\/wp-content\/uploads\/2025\/10\/12620301-1.jpg\" \/>\n\t<meta property=\"og:image:width\" content=\"1600\" \/>\n\t<meta property=\"og:image:height\" content=\"1600\" \/>\n\t<meta property=\"og:image:type\" content=\"image\/jpeg\" \/>\n<meta name=\"twitter:card\" content=\"summary_large_image\" \/>\n<script type=\"application\/ld+json\" class=\"yoast-schema-graph\">{\"@context\":\"https:\\\/\\\/schema.org\",\"@graph\":[{\"@type\":\"WebPage\",\"@id\":\"https:\\\/\\\/perle-in.com\\\/produit\\\/minuterie-de-douche-numerique-guitty\\\/\",\"url\":\"https:\\\/\\\/perle-in.com\\\/produit\\\/minuterie-de-douche-numerique-guitty\\\/\",\"name\":\"Minuterie de douche num\u00e9rique Guitty - PERLE IN\",\"isPartOf\":{\"@id\":\"https:\\\/\\\/perle-in.com\\\/#website\"},\"primaryImageOfPage\":{\"@id\":\"https:\\\/\\\/perle-in.com\\\/produit\\\/minuterie-de-douche-numerique-guitty\\\/#primaryimage\"},\"image\":{\"@id\":\"https:\\\/\\\/perle-in.com\\\/produit\\\/minuterie-de-douche-numerique-guitty\\\/#primaryimage\"},\"thumbnailUrl\":\"https:\\\/\\\/perle-in.com\\\/wp-content\\\/uploads\\\/2025\\\/10\\\/12620301-1.jpg\",\"datePublished\":\"2025-10-14T21:49:37+00:00\",\"dateModified\":\"2025-10-19T03:45:59+00:00\",\"breadcrumb\":{\"@id\":\"https:\\\/\\\/perle-in.com\\\/produit\\\/minuterie-de-douche-numerique-guitty\\\/#breadcrumb\"},\"inLanguage\":\"en-CA\",\"potentialAction\":[{\"@type\":\"ReadAction\",\"target\":[\"https:\\\/\\\/perle-in.com\\\/produit\\\/minuterie-de-douche-numerique-guitty\\\/\"]}]},{\"@type\":\"ImageObject\",\"inLanguage\":\"en-CA\",\"@id\":\"https:\\\/\\\/perle-in.com\\\/produit\\\/minuterie-de-douche-numerique-guitty\\\/#primaryimage\",\"url\":\"https:\\\/\\\/perle-in.com\\\/wp-content\\\/uploads\\\/2025\\\/10\\\/12620301-1.jpg\",\"contentUrl\":\"https:\\\/\\\/perle-in.com\\\/wp-content\\\/uploads\\\/2025\\\/10\\\/12620301-1.jpg\",\"width\":1600,\"height\":1600},{\"@type\":\"BreadcrumbList\",\"@id\":\"https:\\\/\\\/perle-in.com\\\/produit\\\/minuterie-de-douche-numerique-guitty\\\/#breadcrumb\",\"itemListElement\":[{\"@type\":\"ListItem\",\"position\":1,\"name\":\"Accueil\",\"item\":\"https:\\\/\\\/perle-in.com\\\/\"},{\"@type\":\"ListItem\",\"position\":2,\"name\":\"Boutique\",\"item\":\"https:\\\/\\\/perle-in.com\\\/boutique\\\/\"},{\"@type\":\"ListItem\",\"position\":3,\"name\":\"Minuterie de douche num\u00e9rique Guitty\"}]},{\"@type\":\"WebSite\",\"@id\":\"https:\\\/\\\/perle-in.com\\\/#website\",\"url\":\"https:\\\/\\\/perle-in.com\\\/\",\"name\":\"PERLE IN\",\"description\":\"\",\"publisher\":{\"@id\":\"https:\\\/\\\/perle-in.com\\\/#organization\"},\"potentialAction\":[{\"@type\":\"SearchAction\",\"target\":{\"@type\":\"EntryPoint\",\"urlTemplate\":\"https:\\\/\\\/perle-in.com\\\/?s={search_term_string}\"},\"query-input\":{\"@type\":\"PropertyValueSpecification\",\"valueRequired\":true,\"valueName\":\"search_term_string\"}}],\"inLanguage\":\"en-CA\"},{\"@type\":\"Organization\",\"@id\":\"https:\\\/\\\/perle-in.com\\\/#organization\",\"name\":\"PERLE IN\",\"url\":\"https:\\\/\\\/perle-in.com\\\/\",\"logo\":{\"@type\":\"ImageObject\",\"inLanguage\":\"en-CA\",\"@id\":\"https:\\\/\\\/perle-in.com\\\/#\\\/schema\\\/logo\\\/image\\\/\",\"url\":\"https:\\\/\\\/perle-in.com\\\/wp-content\\\/uploads\\\/2022\\\/12\\\/LOGO-PERLE-IN-COULEUR@3x.webp\",\"contentUrl\":\"https:\\\/\\\/perle-in.com\\\/wp-content\\\/uploads\\\/2022\\\/12\\\/LOGO-PERLE-IN-COULEUR@3x.webp\",\"width\":1600,\"height\":490,\"caption\":\"PERLE IN\"},\"image\":{\"@id\":\"https:\\\/\\\/perle-in.com\\\/#\\\/schema\\\/logo\\\/image\\\/\"}}]}<\/script>\n<!-- \/ Yoast SEO plugin. -->","yoast_head_json":{"title":"Minuterie de douche num\u00e9rique Guitty - PERLE IN","robots":{"index":"noindex","follow":"follow","max-snippet":"max-snippet:-1","max-image-preview":"max-image-preview:large","max-video-preview":"max-video-preview:-1"},"og_locale":"en_US","og_type":"article","og_title":"Minuterie de douche num\u00e9rique Guitty - PERLE IN","og_description":"La minuterie de douche Guitty est une solution num\u00e9rique pour surveiller le temps pass\u00e9 sous la douche et pour promouvoir des habitudes \u00e9co-responsables. Avec sa minuterie de 5\u00a0minutes, vous pouvez facilement contr\u00f4ler la dur\u00e9e de votre douche et \u00e9conomiser de l'eau et de l'\u00e9nergie. La minuterie est aliment\u00e9e par une seule pile LR1130 (incluse), ce qui la rend facile \u00e0 installer et \u00e0 utiliser directement. L'affichage num\u00e9rique est facile \u00e0 lire et la minuterie dispose d'un bouton de d\u00e9marrage\/arr\u00eat intuitif pour un fonctionnement sans effort. La conception compacte et \u00e9l\u00e9gante de la minuterie de douche Guitty en fait un ajout pratique \u00e0 n'importe quelle salle de bain, vous aidant \u00e0 avoir un impact positif sur l'environnement tout en am\u00e9liorant votre routine quotidienne.","og_url":"https:\/\/perle-in.com\/en\/product\/minuterie-de-douche-numerique-guitty\/","og_site_name":"PERLE IN","article_modified_time":"2025-10-19T03:45:59+00:00","og_image":[{"width":1600,"height":1600,"url":"https:\/\/perle-in.com\/wp-content\/uploads\/2025\/10\/12620301-1.jpg","type":"image\/jpeg"}],"twitter_card":"summary_large_image","schema":{"@context":"https:\/\/schema.org","@graph":[{"@type":"WebPage","@id":"https:\/\/perle-in.com\/produit\/minuterie-de-douche-numerique-guitty\/","url":"https:\/\/perle-in.com\/produit\/minuterie-de-douche-numerique-guitty\/","name":"Minuterie de douche num\u00e9rique Guitty - PERLE IN","isPartOf":{"@id":"https:\/\/perle-in.com\/#website"},"primaryImageOfPage":{"@id":"https:\/\/perle-in.com\/produit\/minuterie-de-douche-numerique-guitty\/#primaryimage"},"image":{"@id":"https:\/\/perle-in.com\/produit\/minuterie-de-douche-numerique-guitty\/#primaryimage"},"thumbnailUrl":"https:\/\/perle-in.com\/wp-content\/uploads\/2025\/10\/12620301-1.jpg","datePublished":"2025-10-14T21:49:37+00:00","dateModified":"2025-10-19T03:45:59+00:00","breadcrumb":{"@id":"https:\/\/perle-in.com\/produit\/minuterie-de-douche-numerique-guitty\/#breadcrumb"},"inLanguage":"en-CA","potentialAction":[{"@type":"ReadAction","target":["https:\/\/perle-in.com\/produit\/minuterie-de-douche-numerique-guitty\/"]}]},{"@type":"ImageObject","inLanguage":"en-CA","@id":"https:\/\/perle-in.com\/produit\/minuterie-de-douche-numerique-guitty\/#primaryimage","url":"https:\/\/perle-in.com\/wp-content\/uploads\/2025\/10\/12620301-1.jpg","contentUrl":"https:\/\/perle-in.com\/wp-content\/uploads\/2025\/10\/12620301-1.jpg","width":1600,"height":1600},{"@type":"BreadcrumbList","@id":"https:\/\/perle-in.com\/produit\/minuterie-de-douche-numerique-guitty\/#breadcrumb","itemListElement":[{"@type":"ListItem","position":1,"name":"Accueil","item":"https:\/\/perle-in.com\/"},{"@type":"ListItem","position":2,"name":"Boutique","item":"https:\/\/perle-in.com\/boutique\/"},{"@type":"ListItem","position":3,"name":"Minuterie de douche num\u00e9rique Guitty"}]},{"@type":"WebSite","@id":"https:\/\/perle-in.com\/#website","url":"https:\/\/perle-in.com\/","name":"PERLE IN","description":"","publisher":{"@id":"https:\/\/perle-in.com\/#organization"},"potentialAction":[{"@type":"SearchAction","target":{"@type":"EntryPoint","urlTemplate":"https:\/\/perle-in.com\/?s={search_term_string}"},"query-input":{"@type":"PropertyValueSpecification","valueRequired":true,"valueName":"search_term_string"}}],"inLanguage":"en-CA"},{"@type":"Organization","@id":"https:\/\/perle-in.com\/#organization","name":"PERLE IN","url":"https:\/\/perle-in.com\/","logo":{"@type":"ImageObject","inLanguage":"en-CA","@id":"https:\/\/perle-in.com\/#\/schema\/logo\/image\/","url":"https:\/\/perle-in.com\/wp-content\/uploads\/2022\/12\/LOGO-PERLE-IN-COULEUR@3x.webp","contentUrl":"https:\/\/perle-in.com\/wp-content\/uploads\/2022\/12\/LOGO-PERLE-IN-COULEUR@3x.webp","width":1600,"height":490,"caption":"PERLE IN"},"image":{"@id":"https:\/\/perle-in.com\/#\/schema\/logo\/image\/"}}]}},"jetpack_sharing_enabled":true,"_links":{"self":[{"href":"https:\/\/perle-in.com\/en\/wp-json\/wp\/v2\/product\/537971","targetHints":{"allow":["GET"]}}],"collection":[{"href":"https:\/\/perle-in.com\/en\/wp-json\/wp\/v2\/product"}],"about":[{"href":"https:\/\/perle-in.com\/en\/wp-json\/wp\/v2\/types\/product"}],"version-history":[{"count":0,"href":"https:\/\/perle-in.com\/en\/wp-json\/wp\/v2\/product\/537971\/revisions"}],"wp:featuredmedia":[{"embeddable":true,"href":"https:\/\/perle-in.com\/en\/wp-json\/wp\/v2\/media\/537965"}],"wp:attachment":[{"href":"https:\/\/perle-in.com\/en\/wp-json\/wp\/v2\/media?parent=537971"}],"wp:term":[{"taxonomy":"product_brand","embeddable":true,"href":"https:\/\/perle-in.com\/en\/wp-json\/wp\/v2\/product_brand?post=537971"},{"taxonomy":"product_cat","embeddable":true,"href":"https:\/\/perle-in.com\/en\/wp-json\/wp\/v2\/product_cat?post=537971"},{"taxonomy":"product_tag","embeddable":true,"href":"https:\/\/perle-in.com\/en\/wp-json\/wp\/v2\/product_tag?post=537971"}],"curies":[{"name":"wp","href":"https:\/\/api.w.org\/{rel}","templated":true}]}}