{"id":537962,"date":"2025-10-14T23:48:36","date_gmt":"2025-10-14T21:48:36","guid":{"rendered":"https:\/\/perle-in.com\/produit\/minuterie-de-douche-catto\/"},"modified":"2025-10-19T05:45:38","modified_gmt":"2025-10-19T03:45:38","slug":"minuterie-de-douche-catto","status":"publish","type":"product","link":"https:\/\/perle-in.com\/en\/product\/minuterie-de-douche-catto\/","title":{"rendered":"Minuterie de douche Catto"},"content":{"rendered":"","protected":false},"excerpt":{"rendered":"<p>La minuterie de douche Catto est une solution innovante pour \u00e9conomiser l&#8217;eau et l&#8217;\u00e9nergie. Avec un sablier de 3,5 \u00e0 4\u00a0minutes, elle vous aide \u00e0 minuter votre temps sous la douche et \u00e0 r\u00e9duire la consommation excessive d&#8217;eau. La minuterie dispose d&#8217;une ventouse qui permet une fixation facile sur les surfaces lisses telles que les carreaux, ce qui la rend accessible et pratique \u00e0 utiliser. D\u00e9marrez la minuterie lorsque vous commencez votre douche et laissez le sable d&#8217;\u00e9couler, afin de savoir quand terminer votre douche. Avec son design compact, la minuterie de douche Catto est le compl\u00e9ment parfait \u00e0 votre routine dans la salle de bain et vous aide \u00e0 \u00e9conomiser des ressources tout en favorisant des habitudes \u00e9co-responsables.<\/p>","protected":false},"featured_media":537956,"template":"","meta":{"_eb_attr":""},"product_brand":[],"product_cat":[460,150],"product_tag":[3122,3173,726,3172,3174,3031],"class_list":{"0":"post-537962","1":"product","2":"type-product","3":"status-publish","4":"has-post-thumbnail","6":"product_cat-accessoires-pour-la-maison","7":"product_cat-maison-et-cuisine","8":"product_tag-douche","9":"product_tag-economie","10":"product_tag-energie","11":"product_tag-minuterie","12":"product_tag-sable","13":"product_tag-salle-de-bain","14":"pa_couleurs-bleu-royal","15":"pa_couleurs-rouge","17":"first","18":"instock","19":"shipping-taxable","20":"purchasable","21":"product-type-variable"},"yoast_head":"<!-- This site is optimized with the Yoast SEO plugin v27.4 - https:\/\/yoast.com\/product\/yoast-seo-wordpress\/ -->\n<title>Minuterie de douche Catto - PERLE IN<\/title>\n<meta name=\"robots\" content=\"noindex, follow, max-snippet:-1, max-image-preview:large, max-video-preview:-1\" \/>\n<meta property=\"og:locale\" content=\"en_US\" \/>\n<meta property=\"og:type\" content=\"article\" \/>\n<meta property=\"og:title\" content=\"Minuterie de douche Catto - PERLE IN\" \/>\n<meta property=\"og:description\" content=\"La minuterie de douche Catto est une solution innovante pour \u00e9conomiser l&#039;eau et l&#039;\u00e9nergie. Avec un sablier de 3,5 \u00e0 4\u00a0minutes, elle vous aide \u00e0 minuter votre temps sous la douche et \u00e0 r\u00e9duire la consommation excessive d&#039;eau. La minuterie dispose d&#039;une ventouse qui permet une fixation facile sur les surfaces lisses telles que les carreaux, ce qui la rend accessible et pratique \u00e0 utiliser. D\u00e9marrez la minuterie lorsque vous commencez votre douche et laissez le sable d&#039;\u00e9couler, afin de savoir quand terminer votre douche. Avec son design compact, la minuterie de douche Catto est le compl\u00e9ment parfait \u00e0 votre routine dans la salle de bain et vous aide \u00e0 \u00e9conomiser des ressources tout en favorisant des habitudes \u00e9co-responsables.\" \/>\n<meta property=\"og:url\" content=\"https:\/\/perle-in.com\/en\/product\/minuterie-de-douche-catto\/\" \/>\n<meta property=\"og:site_name\" content=\"PERLE IN\" \/>\n<meta property=\"article:modified_time\" content=\"2025-10-19T03:45:38+00:00\" \/>\n<meta property=\"og:image\" content=\"https:\/\/perle-in.com\/wp-content\/uploads\/2025\/10\/12620221-1.jpg\" \/>\n\t<meta property=\"og:image:width\" content=\"1600\" \/>\n\t<meta property=\"og:image:height\" content=\"1600\" \/>\n\t<meta property=\"og:image:type\" content=\"image\/jpeg\" \/>\n<meta name=\"twitter:card\" content=\"summary_large_image\" \/>\n<script type=\"application\/ld+json\" class=\"yoast-schema-graph\">{\"@context\":\"https:\\\/\\\/schema.org\",\"@graph\":[{\"@type\":\"WebPage\",\"@id\":\"https:\\\/\\\/perle-in.com\\\/en\\\/product\\\/minuterie-de-douche-catto\\\/\",\"url\":\"https:\\\/\\\/perle-in.com\\\/en\\\/product\\\/minuterie-de-douche-catto\\\/\",\"name\":\"Minuterie de douche Catto - PERLE IN\",\"isPartOf\":{\"@id\":\"https:\\\/\\\/perle-in.com\\\/#website\"},\"primaryImageOfPage\":{\"@id\":\"https:\\\/\\\/perle-in.com\\\/en\\\/product\\\/minuterie-de-douche-catto\\\/#primaryimage\"},\"image\":{\"@id\":\"https:\\\/\\\/perle-in.com\\\/en\\\/product\\\/minuterie-de-douche-catto\\\/#primaryimage\"},\"thumbnailUrl\":\"https:\\\/\\\/perle-in.com\\\/wp-content\\\/uploads\\\/2025\\\/10\\\/12620221-1.jpg\",\"datePublished\":\"2025-10-14T21:48:36+00:00\",\"dateModified\":\"2025-10-19T03:45:38+00:00\",\"breadcrumb\":{\"@id\":\"https:\\\/\\\/perle-in.com\\\/en\\\/product\\\/minuterie-de-douche-catto\\\/#breadcrumb\"},\"inLanguage\":\"en-CA\",\"potentialAction\":[{\"@type\":\"ReadAction\",\"target\":[\"https:\\\/\\\/perle-in.com\\\/en\\\/product\\\/minuterie-de-douche-catto\\\/\"]}]},{\"@type\":\"ImageObject\",\"inLanguage\":\"en-CA\",\"@id\":\"https:\\\/\\\/perle-in.com\\\/en\\\/product\\\/minuterie-de-douche-catto\\\/#primaryimage\",\"url\":\"https:\\\/\\\/perle-in.com\\\/wp-content\\\/uploads\\\/2025\\\/10\\\/12620221-1.jpg\",\"contentUrl\":\"https:\\\/\\\/perle-in.com\\\/wp-content\\\/uploads\\\/2025\\\/10\\\/12620221-1.jpg\",\"width\":1600,\"height\":1600},{\"@type\":\"BreadcrumbList\",\"@id\":\"https:\\\/\\\/perle-in.com\\\/en\\\/product\\\/minuterie-de-douche-catto\\\/#breadcrumb\",\"itemListElement\":[{\"@type\":\"ListItem\",\"position\":1,\"name\":\"Accueil\",\"item\":\"https:\\\/\\\/perle-in.com\\\/\"},{\"@type\":\"ListItem\",\"position\":2,\"name\":\"Boutique\",\"item\":\"https:\\\/\\\/perle-in.com\\\/boutique\\\/\"},{\"@type\":\"ListItem\",\"position\":3,\"name\":\"Minuterie de douche Catto\"}]},{\"@type\":\"WebSite\",\"@id\":\"https:\\\/\\\/perle-in.com\\\/#website\",\"url\":\"https:\\\/\\\/perle-in.com\\\/\",\"name\":\"PERLE IN\",\"description\":\"\",\"publisher\":{\"@id\":\"https:\\\/\\\/perle-in.com\\\/#organization\"},\"potentialAction\":[{\"@type\":\"SearchAction\",\"target\":{\"@type\":\"EntryPoint\",\"urlTemplate\":\"https:\\\/\\\/perle-in.com\\\/?s={search_term_string}\"},\"query-input\":{\"@type\":\"PropertyValueSpecification\",\"valueRequired\":true,\"valueName\":\"search_term_string\"}}],\"inLanguage\":\"en-CA\"},{\"@type\":\"Organization\",\"@id\":\"https:\\\/\\\/perle-in.com\\\/#organization\",\"name\":\"PERLE IN\",\"url\":\"https:\\\/\\\/perle-in.com\\\/\",\"logo\":{\"@type\":\"ImageObject\",\"inLanguage\":\"en-CA\",\"@id\":\"https:\\\/\\\/perle-in.com\\\/#\\\/schema\\\/logo\\\/image\\\/\",\"url\":\"https:\\\/\\\/perle-in.com\\\/wp-content\\\/uploads\\\/2022\\\/12\\\/LOGO-PERLE-IN-COULEUR@3x.webp\",\"contentUrl\":\"https:\\\/\\\/perle-in.com\\\/wp-content\\\/uploads\\\/2022\\\/12\\\/LOGO-PERLE-IN-COULEUR@3x.webp\",\"width\":1600,\"height\":490,\"caption\":\"PERLE IN\"},\"image\":{\"@id\":\"https:\\\/\\\/perle-in.com\\\/#\\\/schema\\\/logo\\\/image\\\/\"}}]}<\/script>\n<!-- \/ Yoast SEO plugin. -->","yoast_head_json":{"title":"Minuterie de douche Catto - PERLE IN","robots":{"index":"noindex","follow":"follow","max-snippet":"max-snippet:-1","max-image-preview":"max-image-preview:large","max-video-preview":"max-video-preview:-1"},"og_locale":"en_US","og_type":"article","og_title":"Minuterie de douche Catto - PERLE IN","og_description":"La minuterie de douche Catto est une solution innovante pour \u00e9conomiser l'eau et l'\u00e9nergie. Avec un sablier de 3,5 \u00e0 4\u00a0minutes, elle vous aide \u00e0 minuter votre temps sous la douche et \u00e0 r\u00e9duire la consommation excessive d'eau. La minuterie dispose d'une ventouse qui permet une fixation facile sur les surfaces lisses telles que les carreaux, ce qui la rend accessible et pratique \u00e0 utiliser. D\u00e9marrez la minuterie lorsque vous commencez votre douche et laissez le sable d'\u00e9couler, afin de savoir quand terminer votre douche. Avec son design compact, la minuterie de douche Catto est le compl\u00e9ment parfait \u00e0 votre routine dans la salle de bain et vous aide \u00e0 \u00e9conomiser des ressources tout en favorisant des habitudes \u00e9co-responsables.","og_url":"https:\/\/perle-in.com\/en\/product\/minuterie-de-douche-catto\/","og_site_name":"PERLE IN","article_modified_time":"2025-10-19T03:45:38+00:00","og_image":[{"width":1600,"height":1600,"url":"https:\/\/perle-in.com\/wp-content\/uploads\/2025\/10\/12620221-1.jpg","type":"image\/jpeg"}],"twitter_card":"summary_large_image","schema":{"@context":"https:\/\/schema.org","@graph":[{"@type":"WebPage","@id":"https:\/\/perle-in.com\/en\/product\/minuterie-de-douche-catto\/","url":"https:\/\/perle-in.com\/en\/product\/minuterie-de-douche-catto\/","name":"Minuterie de douche Catto - PERLE IN","isPartOf":{"@id":"https:\/\/perle-in.com\/#website"},"primaryImageOfPage":{"@id":"https:\/\/perle-in.com\/en\/product\/minuterie-de-douche-catto\/#primaryimage"},"image":{"@id":"https:\/\/perle-in.com\/en\/product\/minuterie-de-douche-catto\/#primaryimage"},"thumbnailUrl":"https:\/\/perle-in.com\/wp-content\/uploads\/2025\/10\/12620221-1.jpg","datePublished":"2025-10-14T21:48:36+00:00","dateModified":"2025-10-19T03:45:38+00:00","breadcrumb":{"@id":"https:\/\/perle-in.com\/en\/product\/minuterie-de-douche-catto\/#breadcrumb"},"inLanguage":"en-CA","potentialAction":[{"@type":"ReadAction","target":["https:\/\/perle-in.com\/en\/product\/minuterie-de-douche-catto\/"]}]},{"@type":"ImageObject","inLanguage":"en-CA","@id":"https:\/\/perle-in.com\/en\/product\/minuterie-de-douche-catto\/#primaryimage","url":"https:\/\/perle-in.com\/wp-content\/uploads\/2025\/10\/12620221-1.jpg","contentUrl":"https:\/\/perle-in.com\/wp-content\/uploads\/2025\/10\/12620221-1.jpg","width":1600,"height":1600},{"@type":"BreadcrumbList","@id":"https:\/\/perle-in.com\/en\/product\/minuterie-de-douche-catto\/#breadcrumb","itemListElement":[{"@type":"ListItem","position":1,"name":"Accueil","item":"https:\/\/perle-in.com\/"},{"@type":"ListItem","position":2,"name":"Boutique","item":"https:\/\/perle-in.com\/boutique\/"},{"@type":"ListItem","position":3,"name":"Minuterie de douche Catto"}]},{"@type":"WebSite","@id":"https:\/\/perle-in.com\/#website","url":"https:\/\/perle-in.com\/","name":"PERLE IN","description":"","publisher":{"@id":"https:\/\/perle-in.com\/#organization"},"potentialAction":[{"@type":"SearchAction","target":{"@type":"EntryPoint","urlTemplate":"https:\/\/perle-in.com\/?s={search_term_string}"},"query-input":{"@type":"PropertyValueSpecification","valueRequired":true,"valueName":"search_term_string"}}],"inLanguage":"en-CA"},{"@type":"Organization","@id":"https:\/\/perle-in.com\/#organization","name":"PERLE IN","url":"https:\/\/perle-in.com\/","logo":{"@type":"ImageObject","inLanguage":"en-CA","@id":"https:\/\/perle-in.com\/#\/schema\/logo\/image\/","url":"https:\/\/perle-in.com\/wp-content\/uploads\/2022\/12\/LOGO-PERLE-IN-COULEUR@3x.webp","contentUrl":"https:\/\/perle-in.com\/wp-content\/uploads\/2022\/12\/LOGO-PERLE-IN-COULEUR@3x.webp","width":1600,"height":490,"caption":"PERLE IN"},"image":{"@id":"https:\/\/perle-in.com\/#\/schema\/logo\/image\/"}}]}},"jetpack_sharing_enabled":true,"_links":{"self":[{"href":"https:\/\/perle-in.com\/en\/wp-json\/wp\/v2\/product\/537962","targetHints":{"allow":["GET"]}}],"collection":[{"href":"https:\/\/perle-in.com\/en\/wp-json\/wp\/v2\/product"}],"about":[{"href":"https:\/\/perle-in.com\/en\/wp-json\/wp\/v2\/types\/product"}],"version-history":[{"count":0,"href":"https:\/\/perle-in.com\/en\/wp-json\/wp\/v2\/product\/537962\/revisions"}],"wp:featuredmedia":[{"embeddable":true,"href":"https:\/\/perle-in.com\/en\/wp-json\/wp\/v2\/media\/537956"}],"wp:attachment":[{"href":"https:\/\/perle-in.com\/en\/wp-json\/wp\/v2\/media?parent=537962"}],"wp:term":[{"taxonomy":"product_brand","embeddable":true,"href":"https:\/\/perle-in.com\/en\/wp-json\/wp\/v2\/product_brand?post=537962"},{"taxonomy":"product_cat","embeddable":true,"href":"https:\/\/perle-in.com\/en\/wp-json\/wp\/v2\/product_cat?post=537962"},{"taxonomy":"product_tag","embeddable":true,"href":"https:\/\/perle-in.com\/en\/wp-json\/wp\/v2\/product_tag?post=537962"}],"curies":[{"name":"wp","href":"https:\/\/api.w.org\/{rel}","templated":true}]}}