{"id":537919,"date":"2025-10-14T23:47:26","date_gmt":"2025-10-14T21:47:26","guid":{"rendered":"https:\/\/perle-in.com\/produit\/veste-softshell-notus-matelassee-pour-femme\/"},"modified":"2025-10-19T05:45:50","modified_gmt":"2025-10-19T03:45:50","slug":"veste-softshell-notus-matelassee-pour-femme","status":"publish","type":"product","link":"https:\/\/perle-in.com\/en\/product\/veste-softshell-notus-matelassee-pour-femme\/","title":{"rendered":"Veste softshell Notus matelass\u00e9e pour femme"},"content":{"rendered":"","protected":false},"excerpt":{"rendered":"<p>La veste softshell matelass\u00e9e Notus pour femme est un m\u00e9lange parfait de style, de fonctionnalit\u00e9 et de confort. Con\u00e7ue dans un style moderne, cette veste est dot\u00e9e d&#8217;une capuche amovible avec boutons-pression, ce qui vous permet de personnaliser votre look sans effort. L&#8217;\u00e9tiquette principale d\u00e9tachable assure un confort sans \u00e9tiquette sur votre peau. Affronter les \u00e9l\u00e9ments est un jeu d&#8217;enfant gr\u00e2ce \u00e0 la fermeture \u00e0 glissi\u00e8re invers\u00e9e contrast\u00e9e sur le devant et au rabat-temp\u00eate int\u00e9rieur avec mentonni\u00e8re. Les objets essentiels sont gard\u00e9s en s\u00e9curit\u00e9 dans les poches avant avec fermeture \u00e0 glissi\u00e8re et dans une poche pratique sur la manche avec fermeture \u00e0 glissi\u00e8re. Si vous avez besoin de plus d&#8217;espace de rangement, vous trouverez \u00e9galement une poche int\u00e9rieure en filet. Fabriqu\u00e9 en polyester extensible m\u00e9canique de 250 g\/m\u00b2 avec une doublure en taffetas de polyester, il offre non seulement un rembourrage optimal, mais aussi un motif qui attire l&#8217;attention. Avec la veste softshell matelass\u00e9e Notus, vous n&#8217;avez pas \u00e0 faire de compromis sur le style ou la performance. Cette veste est con\u00e7ue avec une forme ajust\u00e9e pour un look f\u00e9minin.<\/p>","protected":false},"featured_media":537876,"template":"","meta":{"_eb_attr":""},"product_brand":[],"product_cat":[1260,1024],"product_tag":[2460,2548,2549],"class_list":{"0":"post-537919","1":"product","2":"type-product","3":"status-publish","4":"has-post-thumbnail","6":"product_cat-jackets","7":"product_cat-vetements","8":"product_tag-softshell","9":"product_tag-veste","10":"product_tag-vestes","11":"pa_couleurs-bleu","12":"pa_couleurs-gris-storm","13":"pa_couleurs-marine","14":"pa_couleurs-noir","15":"pa_couleurs-orange","16":"pa_couleurs-rouge","17":"pa_genre-female","18":"pa_marque-elevate-essentials","19":"pa_matiere-tissage-a-etirement-mecanique-polyester-250-g-m2-padding-filling-taffetas-polyester","20":"pa_taille-2xl","21":"pa_taille-l","22":"pa_taille-m","23":"pa_taille-s","24":"pa_taille-xl","25":"pa_taille-xs","27":"first","28":"instock","29":"sale","30":"shipping-taxable","31":"purchasable","32":"product-type-variable"},"yoast_head":"<!-- This site is optimized with the Yoast SEO plugin v27.4 - https:\/\/yoast.com\/product\/yoast-seo-wordpress\/ -->\n<title>Veste softshell Notus matelass\u00e9e pour femme - PERLE IN<\/title>\n<meta name=\"robots\" content=\"noindex, follow, max-snippet:-1, max-image-preview:large, max-video-preview:-1\" \/>\n<meta property=\"og:locale\" content=\"en_US\" \/>\n<meta property=\"og:type\" content=\"article\" \/>\n<meta property=\"og:title\" content=\"Veste softshell Notus matelass\u00e9e pour femme - PERLE IN\" \/>\n<meta property=\"og:description\" content=\"La veste softshell matelass\u00e9e Notus pour femme est un m\u00e9lange parfait de style, de fonctionnalit\u00e9 et de confort. Con\u00e7ue dans un style moderne, cette veste est dot\u00e9e d&#039;une capuche amovible avec boutons-pression, ce qui vous permet de personnaliser votre look sans effort. L&#039;\u00e9tiquette principale d\u00e9tachable assure un confort sans \u00e9tiquette sur votre peau. Affronter les \u00e9l\u00e9ments est un jeu d&#039;enfant gr\u00e2ce \u00e0 la fermeture \u00e0 glissi\u00e8re invers\u00e9e contrast\u00e9e sur le devant et au rabat-temp\u00eate int\u00e9rieur avec mentonni\u00e8re. Les objets essentiels sont gard\u00e9s en s\u00e9curit\u00e9 dans les poches avant avec fermeture \u00e0 glissi\u00e8re et dans une poche pratique sur la manche avec fermeture \u00e0 glissi\u00e8re. Si vous avez besoin de plus d&#039;espace de rangement, vous trouverez \u00e9galement une poche int\u00e9rieure en filet. Fabriqu\u00e9 en polyester extensible m\u00e9canique de 250 g\/m\u00b2 avec une doublure en taffetas de polyester, il offre non seulement un rembourrage optimal, mais aussi un motif qui attire l&#039;attention. Avec la veste softshell matelass\u00e9e Notus, vous n&#039;avez pas \u00e0 faire de compromis sur le style ou la performance. Cette veste est con\u00e7ue avec une forme ajust\u00e9e pour un look f\u00e9minin.\" \/>\n<meta property=\"og:url\" content=\"https:\/\/perle-in.com\/en\/product\/veste-softshell-notus-matelassee-pour-femme\/\" \/>\n<meta property=\"og:site_name\" content=\"PERLE IN\" \/>\n<meta property=\"article:modified_time\" content=\"2025-10-19T03:45:50+00:00\" \/>\n<meta property=\"og:image\" content=\"https:\/\/perle-in.com\/wp-content\/uploads\/2025\/10\/3833921-1.jpg\" \/>\n\t<meta property=\"og:image:width\" content=\"1600\" \/>\n\t<meta property=\"og:image:height\" content=\"1600\" \/>\n\t<meta property=\"og:image:type\" content=\"image\/jpeg\" \/>\n<meta name=\"twitter:card\" content=\"summary_large_image\" \/>\n<script type=\"application\/ld+json\" class=\"yoast-schema-graph\">{\"@context\":\"https:\\\/\\\/schema.org\",\"@graph\":[{\"@type\":\"WebPage\",\"@id\":\"https:\\\/\\\/perle-in.com\\\/produit\\\/veste-softshell-notus-matelassee-pour-femme\\\/\",\"url\":\"https:\\\/\\\/perle-in.com\\\/produit\\\/veste-softshell-notus-matelassee-pour-femme\\\/\",\"name\":\"Veste softshell Notus matelass\u00e9e pour femme - PERLE IN\",\"isPartOf\":{\"@id\":\"https:\\\/\\\/perle-in.com\\\/#website\"},\"primaryImageOfPage\":{\"@id\":\"https:\\\/\\\/perle-in.com\\\/produit\\\/veste-softshell-notus-matelassee-pour-femme\\\/#primaryimage\"},\"image\":{\"@id\":\"https:\\\/\\\/perle-in.com\\\/produit\\\/veste-softshell-notus-matelassee-pour-femme\\\/#primaryimage\"},\"thumbnailUrl\":\"https:\\\/\\\/perle-in.com\\\/wp-content\\\/uploads\\\/2025\\\/10\\\/3833921-1.jpg\",\"datePublished\":\"2025-10-14T21:47:26+00:00\",\"dateModified\":\"2025-10-19T03:45:50+00:00\",\"breadcrumb\":{\"@id\":\"https:\\\/\\\/perle-in.com\\\/produit\\\/veste-softshell-notus-matelassee-pour-femme\\\/#breadcrumb\"},\"inLanguage\":\"en-CA\",\"potentialAction\":[{\"@type\":\"ReadAction\",\"target\":[\"https:\\\/\\\/perle-in.com\\\/produit\\\/veste-softshell-notus-matelassee-pour-femme\\\/\"]}]},{\"@type\":\"ImageObject\",\"inLanguage\":\"en-CA\",\"@id\":\"https:\\\/\\\/perle-in.com\\\/produit\\\/veste-softshell-notus-matelassee-pour-femme\\\/#primaryimage\",\"url\":\"https:\\\/\\\/perle-in.com\\\/wp-content\\\/uploads\\\/2025\\\/10\\\/3833921-1.jpg\",\"contentUrl\":\"https:\\\/\\\/perle-in.com\\\/wp-content\\\/uploads\\\/2025\\\/10\\\/3833921-1.jpg\",\"width\":1600,\"height\":1600},{\"@type\":\"BreadcrumbList\",\"@id\":\"https:\\\/\\\/perle-in.com\\\/produit\\\/veste-softshell-notus-matelassee-pour-femme\\\/#breadcrumb\",\"itemListElement\":[{\"@type\":\"ListItem\",\"position\":1,\"name\":\"Accueil\",\"item\":\"https:\\\/\\\/perle-in.com\\\/\"},{\"@type\":\"ListItem\",\"position\":2,\"name\":\"Boutique\",\"item\":\"https:\\\/\\\/perle-in.com\\\/boutique\\\/\"},{\"@type\":\"ListItem\",\"position\":3,\"name\":\"Veste softshell Notus matelass\u00e9e pour femme\"}]},{\"@type\":\"WebSite\",\"@id\":\"https:\\\/\\\/perle-in.com\\\/#website\",\"url\":\"https:\\\/\\\/perle-in.com\\\/\",\"name\":\"PERLE IN\",\"description\":\"\",\"publisher\":{\"@id\":\"https:\\\/\\\/perle-in.com\\\/#organization\"},\"potentialAction\":[{\"@type\":\"SearchAction\",\"target\":{\"@type\":\"EntryPoint\",\"urlTemplate\":\"https:\\\/\\\/perle-in.com\\\/?s={search_term_string}\"},\"query-input\":{\"@type\":\"PropertyValueSpecification\",\"valueRequired\":true,\"valueName\":\"search_term_string\"}}],\"inLanguage\":\"en-CA\"},{\"@type\":\"Organization\",\"@id\":\"https:\\\/\\\/perle-in.com\\\/#organization\",\"name\":\"PERLE IN\",\"url\":\"https:\\\/\\\/perle-in.com\\\/\",\"logo\":{\"@type\":\"ImageObject\",\"inLanguage\":\"en-CA\",\"@id\":\"https:\\\/\\\/perle-in.com\\\/#\\\/schema\\\/logo\\\/image\\\/\",\"url\":\"https:\\\/\\\/perle-in.com\\\/wp-content\\\/uploads\\\/2022\\\/12\\\/LOGO-PERLE-IN-COULEUR@3x.webp\",\"contentUrl\":\"https:\\\/\\\/perle-in.com\\\/wp-content\\\/uploads\\\/2022\\\/12\\\/LOGO-PERLE-IN-COULEUR@3x.webp\",\"width\":1600,\"height\":490,\"caption\":\"PERLE IN\"},\"image\":{\"@id\":\"https:\\\/\\\/perle-in.com\\\/#\\\/schema\\\/logo\\\/image\\\/\"}}]}<\/script>\n<!-- \/ Yoast SEO plugin. -->","yoast_head_json":{"title":"Veste softshell Notus matelass\u00e9e pour femme - PERLE IN","robots":{"index":"noindex","follow":"follow","max-snippet":"max-snippet:-1","max-image-preview":"max-image-preview:large","max-video-preview":"max-video-preview:-1"},"og_locale":"en_US","og_type":"article","og_title":"Veste softshell Notus matelass\u00e9e pour femme - PERLE IN","og_description":"La veste softshell matelass\u00e9e Notus pour femme est un m\u00e9lange parfait de style, de fonctionnalit\u00e9 et de confort. Con\u00e7ue dans un style moderne, cette veste est dot\u00e9e d'une capuche amovible avec boutons-pression, ce qui vous permet de personnaliser votre look sans effort. L'\u00e9tiquette principale d\u00e9tachable assure un confort sans \u00e9tiquette sur votre peau. Affronter les \u00e9l\u00e9ments est un jeu d'enfant gr\u00e2ce \u00e0 la fermeture \u00e0 glissi\u00e8re invers\u00e9e contrast\u00e9e sur le devant et au rabat-temp\u00eate int\u00e9rieur avec mentonni\u00e8re. Les objets essentiels sont gard\u00e9s en s\u00e9curit\u00e9 dans les poches avant avec fermeture \u00e0 glissi\u00e8re et dans une poche pratique sur la manche avec fermeture \u00e0 glissi\u00e8re. Si vous avez besoin de plus d'espace de rangement, vous trouverez \u00e9galement une poche int\u00e9rieure en filet. Fabriqu\u00e9 en polyester extensible m\u00e9canique de 250 g\/m\u00b2 avec une doublure en taffetas de polyester, il offre non seulement un rembourrage optimal, mais aussi un motif qui attire l'attention. Avec la veste softshell matelass\u00e9e Notus, vous n'avez pas \u00e0 faire de compromis sur le style ou la performance. Cette veste est con\u00e7ue avec une forme ajust\u00e9e pour un look f\u00e9minin.","og_url":"https:\/\/perle-in.com\/en\/product\/veste-softshell-notus-matelassee-pour-femme\/","og_site_name":"PERLE IN","article_modified_time":"2025-10-19T03:45:50+00:00","og_image":[{"width":1600,"height":1600,"url":"https:\/\/perle-in.com\/wp-content\/uploads\/2025\/10\/3833921-1.jpg","type":"image\/jpeg"}],"twitter_card":"summary_large_image","schema":{"@context":"https:\/\/schema.org","@graph":[{"@type":"WebPage","@id":"https:\/\/perle-in.com\/produit\/veste-softshell-notus-matelassee-pour-femme\/","url":"https:\/\/perle-in.com\/produit\/veste-softshell-notus-matelassee-pour-femme\/","name":"Veste softshell Notus matelass\u00e9e pour femme - PERLE IN","isPartOf":{"@id":"https:\/\/perle-in.com\/#website"},"primaryImageOfPage":{"@id":"https:\/\/perle-in.com\/produit\/veste-softshell-notus-matelassee-pour-femme\/#primaryimage"},"image":{"@id":"https:\/\/perle-in.com\/produit\/veste-softshell-notus-matelassee-pour-femme\/#primaryimage"},"thumbnailUrl":"https:\/\/perle-in.com\/wp-content\/uploads\/2025\/10\/3833921-1.jpg","datePublished":"2025-10-14T21:47:26+00:00","dateModified":"2025-10-19T03:45:50+00:00","breadcrumb":{"@id":"https:\/\/perle-in.com\/produit\/veste-softshell-notus-matelassee-pour-femme\/#breadcrumb"},"inLanguage":"en-CA","potentialAction":[{"@type":"ReadAction","target":["https:\/\/perle-in.com\/produit\/veste-softshell-notus-matelassee-pour-femme\/"]}]},{"@type":"ImageObject","inLanguage":"en-CA","@id":"https:\/\/perle-in.com\/produit\/veste-softshell-notus-matelassee-pour-femme\/#primaryimage","url":"https:\/\/perle-in.com\/wp-content\/uploads\/2025\/10\/3833921-1.jpg","contentUrl":"https:\/\/perle-in.com\/wp-content\/uploads\/2025\/10\/3833921-1.jpg","width":1600,"height":1600},{"@type":"BreadcrumbList","@id":"https:\/\/perle-in.com\/produit\/veste-softshell-notus-matelassee-pour-femme\/#breadcrumb","itemListElement":[{"@type":"ListItem","position":1,"name":"Accueil","item":"https:\/\/perle-in.com\/"},{"@type":"ListItem","position":2,"name":"Boutique","item":"https:\/\/perle-in.com\/boutique\/"},{"@type":"ListItem","position":3,"name":"Veste softshell Notus matelass\u00e9e pour femme"}]},{"@type":"WebSite","@id":"https:\/\/perle-in.com\/#website","url":"https:\/\/perle-in.com\/","name":"PERLE IN","description":"","publisher":{"@id":"https:\/\/perle-in.com\/#organization"},"potentialAction":[{"@type":"SearchAction","target":{"@type":"EntryPoint","urlTemplate":"https:\/\/perle-in.com\/?s={search_term_string}"},"query-input":{"@type":"PropertyValueSpecification","valueRequired":true,"valueName":"search_term_string"}}],"inLanguage":"en-CA"},{"@type":"Organization","@id":"https:\/\/perle-in.com\/#organization","name":"PERLE IN","url":"https:\/\/perle-in.com\/","logo":{"@type":"ImageObject","inLanguage":"en-CA","@id":"https:\/\/perle-in.com\/#\/schema\/logo\/image\/","url":"https:\/\/perle-in.com\/wp-content\/uploads\/2022\/12\/LOGO-PERLE-IN-COULEUR@3x.webp","contentUrl":"https:\/\/perle-in.com\/wp-content\/uploads\/2022\/12\/LOGO-PERLE-IN-COULEUR@3x.webp","width":1600,"height":490,"caption":"PERLE IN"},"image":{"@id":"https:\/\/perle-in.com\/#\/schema\/logo\/image\/"}}]}},"jetpack_sharing_enabled":true,"_links":{"self":[{"href":"https:\/\/perle-in.com\/en\/wp-json\/wp\/v2\/product\/537919","targetHints":{"allow":["GET"]}}],"collection":[{"href":"https:\/\/perle-in.com\/en\/wp-json\/wp\/v2\/product"}],"about":[{"href":"https:\/\/perle-in.com\/en\/wp-json\/wp\/v2\/types\/product"}],"version-history":[{"count":0,"href":"https:\/\/perle-in.com\/en\/wp-json\/wp\/v2\/product\/537919\/revisions"}],"wp:featuredmedia":[{"embeddable":true,"href":"https:\/\/perle-in.com\/en\/wp-json\/wp\/v2\/media\/537876"}],"wp:attachment":[{"href":"https:\/\/perle-in.com\/en\/wp-json\/wp\/v2\/media?parent=537919"}],"wp:term":[{"taxonomy":"product_brand","embeddable":true,"href":"https:\/\/perle-in.com\/en\/wp-json\/wp\/v2\/product_brand?post=537919"},{"taxonomy":"product_cat","embeddable":true,"href":"https:\/\/perle-in.com\/en\/wp-json\/wp\/v2\/product_cat?post=537919"},{"taxonomy":"product_tag","embeddable":true,"href":"https:\/\/perle-in.com\/en\/wp-json\/wp\/v2\/product_tag?post=537919"}],"curies":[{"name":"wp","href":"https:\/\/api.w.org\/{rel}","templated":true}]}}