{"id":537702,"date":"2025-10-14T23:28:28","date_gmt":"2025-10-14T21:28:28","guid":{"rendered":"https:\/\/perle-in.com\/produit\/bodywarmer-duvet-isotherme-epidote-recycle-certifie-grs-pour-homme\/"},"modified":"2025-10-19T05:45:45","modified_gmt":"2025-10-19T03:45:45","slug":"bodywarmer-duvet-isotherme-epidote-recycle-certifie-grs-pour-homme","status":"publish","type":"product","link":"https:\/\/perle-in.com\/en\/product\/bodywarmer-duvet-isotherme-epidote-recycle-certifie-grs-pour-homme\/","title":{"rendered":"Bodywarmer duvet isotherme Epidote recycl\u00e9 certifi\u00e9 GRS pour homme"},"content":{"rendered":"","protected":false},"excerpt":{"rendered":"<p>Le gilet isolant GRS recycl\u00e9 Epidote pour homme est un v\u00eatement d&#8217;ext\u00e9rieur \u00e9l\u00e9gant pour les aventuriers. Fabriqu\u00e9 avec pr\u00e9cision et soin, ce bodywarmer est enti\u00e8rement certifi\u00e9 GRS, ce qui en fait un ajout plus responsable \u00e0 votre garde-robe. Con\u00e7u pour le confort et la chaleur, le motif matelass\u00e9 en nid d&#8217;abeille pr\u00e9sente un design moderne et am\u00e9liore l&#8217;isolation, tandis que le tissu en nylon recycl\u00e9 dull cire 380T certifi\u00e9 GRS assure la durabilit\u00e9 et la r\u00e9sistance aux intemp\u00e9ries. M\u00eame les garnitures et les accessoires, y compris les fermetures \u00e0 glissi\u00e8re, sont fabriqu\u00e9s \u00e0 partir de mat\u00e9riaux recycl\u00e9s. Dot\u00e9 de caract\u00e9ristiques pratiques, le bodywarmer Epidote poss\u00e8de des poches avant zipp\u00e9es et une poche int\u00e9rieure en bas \u00e0 gauche pour un rangement s\u00e9curis\u00e9. Le rabat-temp\u00eate int\u00e9rieur avec mentonni\u00e8re vous prot\u00e8ge des intemp\u00e9ries, tandis que le cordon de serrage \u00e9lastique avec cordon ajustable \u00e0 l&#8217;ourlet inf\u00e9rieur permet un ajustement personnalis\u00e9. Le cordon de serrage \u00e9lastique sur la capuche assure une protection suppl\u00e9mentaire contre les vents froids. Les plumes recycl\u00e9es certifi\u00e9es RDS vous procurent de la chaleur sans compromettre les normes \u00e9thiques. La certification GRS garantissant une cha\u00eene d&#8217;approvisionnement certifi\u00e9e \u00e0 100 %, ce v\u00eatement est un choix respectueux de l&#8217;environnement.<\/p>","protected":false},"featured_media":537664,"template":"","meta":{"_eb_attr":""},"product_brand":[],"product_cat":[1250,1024],"product_tag":[2573,837,2654,836,2548],"class_list":{"0":"post-537702","1":"product","2":"type-product","3":"status-publish","4":"has-post-thumbnail","6":"product_cat-bodywarmers","7":"product_cat-vetements","8":"product_tag-bodywarmer","9":"product_tag-durable","10":"product_tag-grs","11":"product_tag-recycle","12":"product_tag-veste","13":"pa_couleurs-gris-storm","14":"pa_couleurs-marine","15":"pa_couleurs-noir","16":"pa_genre-male","17":"pa_green-points-2652","18":"pa_marque-elevate-nxt","19":"pa_matiere-tisse-380t-dull-cire-avec-une-finition-hydrofuge-et-impermeable-nylon-recycle-certifie-grs","20":"pa_taille-2xl","21":"pa_taille-3xl","22":"pa_taille-l","23":"pa_taille-m","24":"pa_taille-s","25":"pa_taille-xl","26":"pa_taille-xs","28":"first","29":"instock","30":"sale","31":"shipping-taxable","32":"purchasable","33":"product-type-variable"},"yoast_head":"<!-- This site is optimized with the Yoast SEO plugin v27.4 - https:\/\/yoast.com\/product\/yoast-seo-wordpress\/ -->\n<title>Bodywarmer duvet isotherme Epidote recycl\u00e9 certifi\u00e9 GRS pour homme - PERLE IN<\/title>\n<meta name=\"robots\" content=\"noindex, follow, max-snippet:-1, max-image-preview:large, max-video-preview:-1\" \/>\n<meta property=\"og:locale\" content=\"en_US\" \/>\n<meta property=\"og:type\" content=\"article\" \/>\n<meta property=\"og:title\" content=\"Bodywarmer duvet isotherme Epidote recycl\u00e9 certifi\u00e9 GRS pour homme - PERLE IN\" \/>\n<meta property=\"og:description\" content=\"Le gilet isolant GRS recycl\u00e9 Epidote pour homme est un v\u00eatement d&#039;ext\u00e9rieur \u00e9l\u00e9gant pour les aventuriers. Fabriqu\u00e9 avec pr\u00e9cision et soin, ce bodywarmer est enti\u00e8rement certifi\u00e9 GRS, ce qui en fait un ajout plus responsable \u00e0 votre garde-robe. Con\u00e7u pour le confort et la chaleur, le motif matelass\u00e9 en nid d&#039;abeille pr\u00e9sente un design moderne et am\u00e9liore l&#039;isolation, tandis que le tissu en nylon recycl\u00e9 dull cire 380T certifi\u00e9 GRS assure la durabilit\u00e9 et la r\u00e9sistance aux intemp\u00e9ries. M\u00eame les garnitures et les accessoires, y compris les fermetures \u00e0 glissi\u00e8re, sont fabriqu\u00e9s \u00e0 partir de mat\u00e9riaux recycl\u00e9s. Dot\u00e9 de caract\u00e9ristiques pratiques, le bodywarmer Epidote poss\u00e8de des poches avant zipp\u00e9es et une poche int\u00e9rieure en bas \u00e0 gauche pour un rangement s\u00e9curis\u00e9. Le rabat-temp\u00eate int\u00e9rieur avec mentonni\u00e8re vous prot\u00e8ge des intemp\u00e9ries, tandis que le cordon de serrage \u00e9lastique avec cordon ajustable \u00e0 l&#039;ourlet inf\u00e9rieur permet un ajustement personnalis\u00e9. Le cordon de serrage \u00e9lastique sur la capuche assure une protection suppl\u00e9mentaire contre les vents froids. Les plumes recycl\u00e9es certifi\u00e9es RDS vous procurent de la chaleur sans compromettre les normes \u00e9thiques. La certification GRS garantissant une cha\u00eene d&#039;approvisionnement certifi\u00e9e \u00e0 100 %, ce v\u00eatement est un choix respectueux de l&#039;environnement.\" \/>\n<meta property=\"og:url\" content=\"https:\/\/perle-in.com\/en\/product\/bodywarmer-duvet-isotherme-epidote-recycle-certifie-grs-pour-homme\/\" \/>\n<meta property=\"og:site_name\" content=\"PERLE IN\" \/>\n<meta property=\"article:modified_time\" content=\"2025-10-19T03:45:45+00:00\" \/>\n<meta property=\"og:image\" content=\"https:\/\/perle-in.com\/wp-content\/uploads\/2025\/10\/3753655-1.jpg\" \/>\n\t<meta property=\"og:image:width\" content=\"1600\" \/>\n\t<meta property=\"og:image:height\" content=\"1600\" \/>\n\t<meta property=\"og:image:type\" content=\"image\/jpeg\" \/>\n<meta name=\"twitter:card\" content=\"summary_large_image\" \/>\n<script type=\"application\/ld+json\" class=\"yoast-schema-graph\">{\"@context\":\"https:\\\/\\\/schema.org\",\"@graph\":[{\"@type\":\"WebPage\",\"@id\":\"https:\\\/\\\/perle-in.com\\\/produit\\\/bodywarmer-duvet-isotherme-epidote-recycle-certifie-grs-pour-homme\\\/\",\"url\":\"https:\\\/\\\/perle-in.com\\\/produit\\\/bodywarmer-duvet-isotherme-epidote-recycle-certifie-grs-pour-homme\\\/\",\"name\":\"Bodywarmer duvet isotherme Epidote recycl\u00e9 certifi\u00e9 GRS pour homme - PERLE IN\",\"isPartOf\":{\"@id\":\"https:\\\/\\\/perle-in.com\\\/#website\"},\"primaryImageOfPage\":{\"@id\":\"https:\\\/\\\/perle-in.com\\\/produit\\\/bodywarmer-duvet-isotherme-epidote-recycle-certifie-grs-pour-homme\\\/#primaryimage\"},\"image\":{\"@id\":\"https:\\\/\\\/perle-in.com\\\/produit\\\/bodywarmer-duvet-isotherme-epidote-recycle-certifie-grs-pour-homme\\\/#primaryimage\"},\"thumbnailUrl\":\"https:\\\/\\\/perle-in.com\\\/wp-content\\\/uploads\\\/2025\\\/10\\\/3753655-1.jpg\",\"datePublished\":\"2025-10-14T21:28:28+00:00\",\"dateModified\":\"2025-10-19T03:45:45+00:00\",\"breadcrumb\":{\"@id\":\"https:\\\/\\\/perle-in.com\\\/produit\\\/bodywarmer-duvet-isotherme-epidote-recycle-certifie-grs-pour-homme\\\/#breadcrumb\"},\"inLanguage\":\"en-CA\",\"potentialAction\":[{\"@type\":\"ReadAction\",\"target\":[\"https:\\\/\\\/perle-in.com\\\/produit\\\/bodywarmer-duvet-isotherme-epidote-recycle-certifie-grs-pour-homme\\\/\"]}]},{\"@type\":\"ImageObject\",\"inLanguage\":\"en-CA\",\"@id\":\"https:\\\/\\\/perle-in.com\\\/produit\\\/bodywarmer-duvet-isotherme-epidote-recycle-certifie-grs-pour-homme\\\/#primaryimage\",\"url\":\"https:\\\/\\\/perle-in.com\\\/wp-content\\\/uploads\\\/2025\\\/10\\\/3753655-1.jpg\",\"contentUrl\":\"https:\\\/\\\/perle-in.com\\\/wp-content\\\/uploads\\\/2025\\\/10\\\/3753655-1.jpg\",\"width\":1600,\"height\":1600},{\"@type\":\"BreadcrumbList\",\"@id\":\"https:\\\/\\\/perle-in.com\\\/produit\\\/bodywarmer-duvet-isotherme-epidote-recycle-certifie-grs-pour-homme\\\/#breadcrumb\",\"itemListElement\":[{\"@type\":\"ListItem\",\"position\":1,\"name\":\"Accueil\",\"item\":\"https:\\\/\\\/perle-in.com\\\/\"},{\"@type\":\"ListItem\",\"position\":2,\"name\":\"Boutique\",\"item\":\"https:\\\/\\\/perle-in.com\\\/boutique\\\/\"},{\"@type\":\"ListItem\",\"position\":3,\"name\":\"Bodywarmer duvet isotherme Epidote recycl\u00e9 certifi\u00e9 GRS pour homme\"}]},{\"@type\":\"WebSite\",\"@id\":\"https:\\\/\\\/perle-in.com\\\/#website\",\"url\":\"https:\\\/\\\/perle-in.com\\\/\",\"name\":\"PERLE IN\",\"description\":\"\",\"publisher\":{\"@id\":\"https:\\\/\\\/perle-in.com\\\/#organization\"},\"potentialAction\":[{\"@type\":\"SearchAction\",\"target\":{\"@type\":\"EntryPoint\",\"urlTemplate\":\"https:\\\/\\\/perle-in.com\\\/?s={search_term_string}\"},\"query-input\":{\"@type\":\"PropertyValueSpecification\",\"valueRequired\":true,\"valueName\":\"search_term_string\"}}],\"inLanguage\":\"en-CA\"},{\"@type\":\"Organization\",\"@id\":\"https:\\\/\\\/perle-in.com\\\/#organization\",\"name\":\"PERLE IN\",\"url\":\"https:\\\/\\\/perle-in.com\\\/\",\"logo\":{\"@type\":\"ImageObject\",\"inLanguage\":\"en-CA\",\"@id\":\"https:\\\/\\\/perle-in.com\\\/#\\\/schema\\\/logo\\\/image\\\/\",\"url\":\"https:\\\/\\\/perle-in.com\\\/wp-content\\\/uploads\\\/2022\\\/12\\\/LOGO-PERLE-IN-COULEUR@3x.webp\",\"contentUrl\":\"https:\\\/\\\/perle-in.com\\\/wp-content\\\/uploads\\\/2022\\\/12\\\/LOGO-PERLE-IN-COULEUR@3x.webp\",\"width\":1600,\"height\":490,\"caption\":\"PERLE IN\"},\"image\":{\"@id\":\"https:\\\/\\\/perle-in.com\\\/#\\\/schema\\\/logo\\\/image\\\/\"}}]}<\/script>\n<!-- \/ Yoast SEO plugin. -->","yoast_head_json":{"title":"Bodywarmer duvet isotherme Epidote recycl\u00e9 certifi\u00e9 GRS pour homme - PERLE IN","robots":{"index":"noindex","follow":"follow","max-snippet":"max-snippet:-1","max-image-preview":"max-image-preview:large","max-video-preview":"max-video-preview:-1"},"og_locale":"en_US","og_type":"article","og_title":"Bodywarmer duvet isotherme Epidote recycl\u00e9 certifi\u00e9 GRS pour homme - PERLE IN","og_description":"Le gilet isolant GRS recycl\u00e9 Epidote pour homme est un v\u00eatement d'ext\u00e9rieur \u00e9l\u00e9gant pour les aventuriers. Fabriqu\u00e9 avec pr\u00e9cision et soin, ce bodywarmer est enti\u00e8rement certifi\u00e9 GRS, ce qui en fait un ajout plus responsable \u00e0 votre garde-robe. Con\u00e7u pour le confort et la chaleur, le motif matelass\u00e9 en nid d'abeille pr\u00e9sente un design moderne et am\u00e9liore l'isolation, tandis que le tissu en nylon recycl\u00e9 dull cire 380T certifi\u00e9 GRS assure la durabilit\u00e9 et la r\u00e9sistance aux intemp\u00e9ries. M\u00eame les garnitures et les accessoires, y compris les fermetures \u00e0 glissi\u00e8re, sont fabriqu\u00e9s \u00e0 partir de mat\u00e9riaux recycl\u00e9s. Dot\u00e9 de caract\u00e9ristiques pratiques, le bodywarmer Epidote poss\u00e8de des poches avant zipp\u00e9es et une poche int\u00e9rieure en bas \u00e0 gauche pour un rangement s\u00e9curis\u00e9. Le rabat-temp\u00eate int\u00e9rieur avec mentonni\u00e8re vous prot\u00e8ge des intemp\u00e9ries, tandis que le cordon de serrage \u00e9lastique avec cordon ajustable \u00e0 l'ourlet inf\u00e9rieur permet un ajustement personnalis\u00e9. Le cordon de serrage \u00e9lastique sur la capuche assure une protection suppl\u00e9mentaire contre les vents froids. Les plumes recycl\u00e9es certifi\u00e9es RDS vous procurent de la chaleur sans compromettre les normes \u00e9thiques. La certification GRS garantissant une cha\u00eene d'approvisionnement certifi\u00e9e \u00e0 100 %, ce v\u00eatement est un choix respectueux de l'environnement.","og_url":"https:\/\/perle-in.com\/en\/product\/bodywarmer-duvet-isotherme-epidote-recycle-certifie-grs-pour-homme\/","og_site_name":"PERLE IN","article_modified_time":"2025-10-19T03:45:45+00:00","og_image":[{"width":1600,"height":1600,"url":"https:\/\/perle-in.com\/wp-content\/uploads\/2025\/10\/3753655-1.jpg","type":"image\/jpeg"}],"twitter_card":"summary_large_image","schema":{"@context":"https:\/\/schema.org","@graph":[{"@type":"WebPage","@id":"https:\/\/perle-in.com\/produit\/bodywarmer-duvet-isotherme-epidote-recycle-certifie-grs-pour-homme\/","url":"https:\/\/perle-in.com\/produit\/bodywarmer-duvet-isotherme-epidote-recycle-certifie-grs-pour-homme\/","name":"Bodywarmer duvet isotherme Epidote recycl\u00e9 certifi\u00e9 GRS pour homme - PERLE IN","isPartOf":{"@id":"https:\/\/perle-in.com\/#website"},"primaryImageOfPage":{"@id":"https:\/\/perle-in.com\/produit\/bodywarmer-duvet-isotherme-epidote-recycle-certifie-grs-pour-homme\/#primaryimage"},"image":{"@id":"https:\/\/perle-in.com\/produit\/bodywarmer-duvet-isotherme-epidote-recycle-certifie-grs-pour-homme\/#primaryimage"},"thumbnailUrl":"https:\/\/perle-in.com\/wp-content\/uploads\/2025\/10\/3753655-1.jpg","datePublished":"2025-10-14T21:28:28+00:00","dateModified":"2025-10-19T03:45:45+00:00","breadcrumb":{"@id":"https:\/\/perle-in.com\/produit\/bodywarmer-duvet-isotherme-epidote-recycle-certifie-grs-pour-homme\/#breadcrumb"},"inLanguage":"en-CA","potentialAction":[{"@type":"ReadAction","target":["https:\/\/perle-in.com\/produit\/bodywarmer-duvet-isotherme-epidote-recycle-certifie-grs-pour-homme\/"]}]},{"@type":"ImageObject","inLanguage":"en-CA","@id":"https:\/\/perle-in.com\/produit\/bodywarmer-duvet-isotherme-epidote-recycle-certifie-grs-pour-homme\/#primaryimage","url":"https:\/\/perle-in.com\/wp-content\/uploads\/2025\/10\/3753655-1.jpg","contentUrl":"https:\/\/perle-in.com\/wp-content\/uploads\/2025\/10\/3753655-1.jpg","width":1600,"height":1600},{"@type":"BreadcrumbList","@id":"https:\/\/perle-in.com\/produit\/bodywarmer-duvet-isotherme-epidote-recycle-certifie-grs-pour-homme\/#breadcrumb","itemListElement":[{"@type":"ListItem","position":1,"name":"Accueil","item":"https:\/\/perle-in.com\/"},{"@type":"ListItem","position":2,"name":"Boutique","item":"https:\/\/perle-in.com\/boutique\/"},{"@type":"ListItem","position":3,"name":"Bodywarmer duvet isotherme Epidote recycl\u00e9 certifi\u00e9 GRS pour homme"}]},{"@type":"WebSite","@id":"https:\/\/perle-in.com\/#website","url":"https:\/\/perle-in.com\/","name":"PERLE IN","description":"","publisher":{"@id":"https:\/\/perle-in.com\/#organization"},"potentialAction":[{"@type":"SearchAction","target":{"@type":"EntryPoint","urlTemplate":"https:\/\/perle-in.com\/?s={search_term_string}"},"query-input":{"@type":"PropertyValueSpecification","valueRequired":true,"valueName":"search_term_string"}}],"inLanguage":"en-CA"},{"@type":"Organization","@id":"https:\/\/perle-in.com\/#organization","name":"PERLE IN","url":"https:\/\/perle-in.com\/","logo":{"@type":"ImageObject","inLanguage":"en-CA","@id":"https:\/\/perle-in.com\/#\/schema\/logo\/image\/","url":"https:\/\/perle-in.com\/wp-content\/uploads\/2022\/12\/LOGO-PERLE-IN-COULEUR@3x.webp","contentUrl":"https:\/\/perle-in.com\/wp-content\/uploads\/2022\/12\/LOGO-PERLE-IN-COULEUR@3x.webp","width":1600,"height":490,"caption":"PERLE IN"},"image":{"@id":"https:\/\/perle-in.com\/#\/schema\/logo\/image\/"}}]}},"jetpack_sharing_enabled":true,"_links":{"self":[{"href":"https:\/\/perle-in.com\/en\/wp-json\/wp\/v2\/product\/537702","targetHints":{"allow":["GET"]}}],"collection":[{"href":"https:\/\/perle-in.com\/en\/wp-json\/wp\/v2\/product"}],"about":[{"href":"https:\/\/perle-in.com\/en\/wp-json\/wp\/v2\/types\/product"}],"version-history":[{"count":0,"href":"https:\/\/perle-in.com\/en\/wp-json\/wp\/v2\/product\/537702\/revisions"}],"wp:featuredmedia":[{"embeddable":true,"href":"https:\/\/perle-in.com\/en\/wp-json\/wp\/v2\/media\/537664"}],"wp:attachment":[{"href":"https:\/\/perle-in.com\/en\/wp-json\/wp\/v2\/media?parent=537702"}],"wp:term":[{"taxonomy":"product_brand","embeddable":true,"href":"https:\/\/perle-in.com\/en\/wp-json\/wp\/v2\/product_brand?post=537702"},{"taxonomy":"product_cat","embeddable":true,"href":"https:\/\/perle-in.com\/en\/wp-json\/wp\/v2\/product_cat?post=537702"},{"taxonomy":"product_tag","embeddable":true,"href":"https:\/\/perle-in.com\/en\/wp-json\/wp\/v2\/product_tag?post=537702"}],"curies":[{"name":"wp","href":"https:\/\/api.w.org\/{rel}","templated":true}]}}