{"id":537555,"date":"2025-10-14T23:21:53","date_gmt":"2025-10-14T21:21:53","guid":{"rendered":"https:\/\/perle-in.com\/produit\/tablier-ajustable-andrea-de-240-g-m%c2%b2-avec-bretelle-reglable-au-cou\/"},"modified":"2025-10-19T05:45:37","modified_gmt":"2025-10-19T03:45:37","slug":"tablier-ajustable-andrea-de-240-g-m%c2%b2-avec-bretelle-reglable-au-cou","status":"publish","type":"product","link":"https:\/\/perle-in.com\/en\/product\/tablier-ajustable-andrea-de-240-g-m%c2%b2-avec-bretelle-reglable-au-cou\/","title":{"rendered":"Tablier ajustable Andrea de 240\u00a0g\/m\u00b2 avec bretelle r\u00e9glable au cou"},"content":{"rendered":"","protected":false},"excerpt":{"rendered":"<p>Enfilez votre tablier Andrea et prot\u00e9gez vos beaux v\u00eatements lorsque vous jouez au cordon bleu. Le tablier est fabriqu\u00e9 en serg\u00e9 de 240\u00a0g\/m\u00b2 (65\u00a0% polyester et 35\u00a0% coton), ce qui le rend \u00e9pais et robuste, tout en restant doux et confortable \u00e0 porter. Les deux poches avant offrent un moyen rapide et facile de ranger vos ustensiles de cuisine. Le tablier est r\u00e9glable et comprend une boucle autour du cou et une fermeture \u00e0 nouer dans le dos afin de s&#8217;adapter \u00e0 toutes les tailles. Choisissez parmi diff\u00e9rentes options d&#8217;impression en grand format pour une exposition maximale du logo.<\/p>","protected":false},"featured_media":537542,"template":"","meta":{"_eb_attr":""},"product_brand":[],"product_cat":[150,1238],"product_tag":[861,881,862,880,1716],"class_list":{"0":"post-537555","1":"product","2":"type-product","3":"status-publish","4":"has-post-thumbnail","6":"product_cat-maison-et-cuisine","7":"product_cat-tabliers","8":"product_tag-cuisine","9":"product_tag-cuisson","10":"product_tag-maison","11":"product_tag-nourriture","12":"product_tag-tablier","13":"pa_couleurs-blanc","14":"pa_couleurs-bleu-hale","15":"pa_couleurs-brique","16":"pa_couleurs-flocons-davoine","17":"pa_couleurs-gris-fonce","18":"pa_couleurs-marine","19":"pa_couleurs-noir","20":"pa_couleurs-rouge","21":"pa_couleurs-vert-bruyere","22":"pa_matiere-coton-twill-polyester-coton-240-g-m2","23":"pa_pays-d-origine-bengladesh","25":"first","26":"instock","27":"shipping-taxable","28":"purchasable","29":"product-type-variable"},"yoast_head":"<!-- This site is optimized with the Yoast SEO plugin v27.4 - https:\/\/yoast.com\/product\/yoast-seo-wordpress\/ -->\n<title>Tablier ajustable Andrea de 240\u00a0g\/m\u00b2 avec bretelle r\u00e9glable au cou - PERLE IN<\/title>\n<meta name=\"robots\" content=\"noindex, follow, max-snippet:-1, max-image-preview:large, max-video-preview:-1\" \/>\n<meta property=\"og:locale\" content=\"en_US\" \/>\n<meta property=\"og:type\" content=\"article\" \/>\n<meta property=\"og:title\" content=\"Tablier ajustable Andrea de 240\u00a0g\/m\u00b2 avec bretelle r\u00e9glable au cou - PERLE IN\" \/>\n<meta property=\"og:description\" content=\"Enfilez votre tablier Andrea et prot\u00e9gez vos beaux v\u00eatements lorsque vous jouez au cordon bleu. Le tablier est fabriqu\u00e9 en serg\u00e9 de 240\u00a0g\/m\u00b2 (65\u00a0% polyester et 35\u00a0% coton), ce qui le rend \u00e9pais et robuste, tout en restant doux et confortable \u00e0 porter. Les deux poches avant offrent un moyen rapide et facile de ranger vos ustensiles de cuisine. Le tablier est r\u00e9glable et comprend une boucle autour du cou et une fermeture \u00e0 nouer dans le dos afin de s&#039;adapter \u00e0 toutes les tailles. Choisissez parmi diff\u00e9rentes options d&#039;impression en grand format pour une exposition maximale du logo.\" \/>\n<meta property=\"og:url\" content=\"https:\/\/perle-in.com\/en\/product\/tablier-ajustable-andrea-de-240-g-m\u00b2-avec-bretelle-reglable-au-cou\/\" \/>\n<meta property=\"og:site_name\" content=\"PERLE IN\" \/>\n<meta property=\"article:modified_time\" content=\"2025-10-19T03:45:37+00:00\" \/>\n<meta property=\"og:image\" content=\"https:\/\/perle-in.com\/wp-content\/uploads\/2025\/10\/11333401-1.jpg\" \/>\n\t<meta property=\"og:image:width\" content=\"1600\" \/>\n\t<meta property=\"og:image:height\" content=\"1600\" \/>\n\t<meta property=\"og:image:type\" content=\"image\/jpeg\" \/>\n<meta name=\"twitter:card\" content=\"summary_large_image\" \/>\n<script type=\"application\/ld+json\" class=\"yoast-schema-graph\">{\"@context\":\"https:\\\/\\\/schema.org\",\"@graph\":[{\"@type\":\"WebPage\",\"@id\":\"https:\\\/\\\/perle-in.com\\\/produit\\\/tablier-ajustable-andrea-de-240-g-m%c2%b2-avec-bretelle-reglable-au-cou\\\/\",\"url\":\"https:\\\/\\\/perle-in.com\\\/produit\\\/tablier-ajustable-andrea-de-240-g-m%c2%b2-avec-bretelle-reglable-au-cou\\\/\",\"name\":\"Tablier ajustable Andrea de 240\u00a0g\\\/m\u00b2 avec bretelle r\u00e9glable au cou - PERLE IN\",\"isPartOf\":{\"@id\":\"https:\\\/\\\/perle-in.com\\\/#website\"},\"primaryImageOfPage\":{\"@id\":\"https:\\\/\\\/perle-in.com\\\/produit\\\/tablier-ajustable-andrea-de-240-g-m%c2%b2-avec-bretelle-reglable-au-cou\\\/#primaryimage\"},\"image\":{\"@id\":\"https:\\\/\\\/perle-in.com\\\/produit\\\/tablier-ajustable-andrea-de-240-g-m%c2%b2-avec-bretelle-reglable-au-cou\\\/#primaryimage\"},\"thumbnailUrl\":\"https:\\\/\\\/perle-in.com\\\/wp-content\\\/uploads\\\/2025\\\/10\\\/11333401-1.jpg\",\"datePublished\":\"2025-10-14T21:21:53+00:00\",\"dateModified\":\"2025-10-19T03:45:37+00:00\",\"breadcrumb\":{\"@id\":\"https:\\\/\\\/perle-in.com\\\/produit\\\/tablier-ajustable-andrea-de-240-g-m%c2%b2-avec-bretelle-reglable-au-cou\\\/#breadcrumb\"},\"inLanguage\":\"en-CA\",\"potentialAction\":[{\"@type\":\"ReadAction\",\"target\":[\"https:\\\/\\\/perle-in.com\\\/produit\\\/tablier-ajustable-andrea-de-240-g-m%c2%b2-avec-bretelle-reglable-au-cou\\\/\"]}]},{\"@type\":\"ImageObject\",\"inLanguage\":\"en-CA\",\"@id\":\"https:\\\/\\\/perle-in.com\\\/produit\\\/tablier-ajustable-andrea-de-240-g-m%c2%b2-avec-bretelle-reglable-au-cou\\\/#primaryimage\",\"url\":\"https:\\\/\\\/perle-in.com\\\/wp-content\\\/uploads\\\/2025\\\/10\\\/11333401-1.jpg\",\"contentUrl\":\"https:\\\/\\\/perle-in.com\\\/wp-content\\\/uploads\\\/2025\\\/10\\\/11333401-1.jpg\",\"width\":1600,\"height\":1600},{\"@type\":\"BreadcrumbList\",\"@id\":\"https:\\\/\\\/perle-in.com\\\/produit\\\/tablier-ajustable-andrea-de-240-g-m%c2%b2-avec-bretelle-reglable-au-cou\\\/#breadcrumb\",\"itemListElement\":[{\"@type\":\"ListItem\",\"position\":1,\"name\":\"Accueil\",\"item\":\"https:\\\/\\\/perle-in.com\\\/\"},{\"@type\":\"ListItem\",\"position\":2,\"name\":\"Boutique\",\"item\":\"https:\\\/\\\/perle-in.com\\\/boutique\\\/\"},{\"@type\":\"ListItem\",\"position\":3,\"name\":\"Tablier ajustable Andrea de 240\u00a0g\\\/m\u00b2 avec bretelle r\u00e9glable au cou\"}]},{\"@type\":\"WebSite\",\"@id\":\"https:\\\/\\\/perle-in.com\\\/#website\",\"url\":\"https:\\\/\\\/perle-in.com\\\/\",\"name\":\"PERLE IN\",\"description\":\"\",\"publisher\":{\"@id\":\"https:\\\/\\\/perle-in.com\\\/#organization\"},\"potentialAction\":[{\"@type\":\"SearchAction\",\"target\":{\"@type\":\"EntryPoint\",\"urlTemplate\":\"https:\\\/\\\/perle-in.com\\\/?s={search_term_string}\"},\"query-input\":{\"@type\":\"PropertyValueSpecification\",\"valueRequired\":true,\"valueName\":\"search_term_string\"}}],\"inLanguage\":\"en-CA\"},{\"@type\":\"Organization\",\"@id\":\"https:\\\/\\\/perle-in.com\\\/#organization\",\"name\":\"PERLE IN\",\"url\":\"https:\\\/\\\/perle-in.com\\\/\",\"logo\":{\"@type\":\"ImageObject\",\"inLanguage\":\"en-CA\",\"@id\":\"https:\\\/\\\/perle-in.com\\\/#\\\/schema\\\/logo\\\/image\\\/\",\"url\":\"https:\\\/\\\/perle-in.com\\\/wp-content\\\/uploads\\\/2022\\\/12\\\/LOGO-PERLE-IN-COULEUR@3x.webp\",\"contentUrl\":\"https:\\\/\\\/perle-in.com\\\/wp-content\\\/uploads\\\/2022\\\/12\\\/LOGO-PERLE-IN-COULEUR@3x.webp\",\"width\":1600,\"height\":490,\"caption\":\"PERLE IN\"},\"image\":{\"@id\":\"https:\\\/\\\/perle-in.com\\\/#\\\/schema\\\/logo\\\/image\\\/\"}}]}<\/script>\n<!-- \/ Yoast SEO plugin. -->","yoast_head_json":{"title":"Tablier ajustable Andrea de 240\u00a0g\/m\u00b2 avec bretelle r\u00e9glable au cou - PERLE IN","robots":{"index":"noindex","follow":"follow","max-snippet":"max-snippet:-1","max-image-preview":"max-image-preview:large","max-video-preview":"max-video-preview:-1"},"og_locale":"en_US","og_type":"article","og_title":"Tablier ajustable Andrea de 240\u00a0g\/m\u00b2 avec bretelle r\u00e9glable au cou - PERLE IN","og_description":"Enfilez votre tablier Andrea et prot\u00e9gez vos beaux v\u00eatements lorsque vous jouez au cordon bleu. Le tablier est fabriqu\u00e9 en serg\u00e9 de 240\u00a0g\/m\u00b2 (65\u00a0% polyester et 35\u00a0% coton), ce qui le rend \u00e9pais et robuste, tout en restant doux et confortable \u00e0 porter. Les deux poches avant offrent un moyen rapide et facile de ranger vos ustensiles de cuisine. Le tablier est r\u00e9glable et comprend une boucle autour du cou et une fermeture \u00e0 nouer dans le dos afin de s'adapter \u00e0 toutes les tailles. Choisissez parmi diff\u00e9rentes options d'impression en grand format pour une exposition maximale du logo.","og_url":"https:\/\/perle-in.com\/en\/product\/tablier-ajustable-andrea-de-240-g-m\u00b2-avec-bretelle-reglable-au-cou\/","og_site_name":"PERLE IN","article_modified_time":"2025-10-19T03:45:37+00:00","og_image":[{"width":1600,"height":1600,"url":"https:\/\/perle-in.com\/wp-content\/uploads\/2025\/10\/11333401-1.jpg","type":"image\/jpeg"}],"twitter_card":"summary_large_image","schema":{"@context":"https:\/\/schema.org","@graph":[{"@type":"WebPage","@id":"https:\/\/perle-in.com\/produit\/tablier-ajustable-andrea-de-240-g-m%c2%b2-avec-bretelle-reglable-au-cou\/","url":"https:\/\/perle-in.com\/produit\/tablier-ajustable-andrea-de-240-g-m%c2%b2-avec-bretelle-reglable-au-cou\/","name":"Tablier ajustable Andrea de 240\u00a0g\/m\u00b2 avec bretelle r\u00e9glable au cou - PERLE IN","isPartOf":{"@id":"https:\/\/perle-in.com\/#website"},"primaryImageOfPage":{"@id":"https:\/\/perle-in.com\/produit\/tablier-ajustable-andrea-de-240-g-m%c2%b2-avec-bretelle-reglable-au-cou\/#primaryimage"},"image":{"@id":"https:\/\/perle-in.com\/produit\/tablier-ajustable-andrea-de-240-g-m%c2%b2-avec-bretelle-reglable-au-cou\/#primaryimage"},"thumbnailUrl":"https:\/\/perle-in.com\/wp-content\/uploads\/2025\/10\/11333401-1.jpg","datePublished":"2025-10-14T21:21:53+00:00","dateModified":"2025-10-19T03:45:37+00:00","breadcrumb":{"@id":"https:\/\/perle-in.com\/produit\/tablier-ajustable-andrea-de-240-g-m%c2%b2-avec-bretelle-reglable-au-cou\/#breadcrumb"},"inLanguage":"en-CA","potentialAction":[{"@type":"ReadAction","target":["https:\/\/perle-in.com\/produit\/tablier-ajustable-andrea-de-240-g-m%c2%b2-avec-bretelle-reglable-au-cou\/"]}]},{"@type":"ImageObject","inLanguage":"en-CA","@id":"https:\/\/perle-in.com\/produit\/tablier-ajustable-andrea-de-240-g-m%c2%b2-avec-bretelle-reglable-au-cou\/#primaryimage","url":"https:\/\/perle-in.com\/wp-content\/uploads\/2025\/10\/11333401-1.jpg","contentUrl":"https:\/\/perle-in.com\/wp-content\/uploads\/2025\/10\/11333401-1.jpg","width":1600,"height":1600},{"@type":"BreadcrumbList","@id":"https:\/\/perle-in.com\/produit\/tablier-ajustable-andrea-de-240-g-m%c2%b2-avec-bretelle-reglable-au-cou\/#breadcrumb","itemListElement":[{"@type":"ListItem","position":1,"name":"Accueil","item":"https:\/\/perle-in.com\/"},{"@type":"ListItem","position":2,"name":"Boutique","item":"https:\/\/perle-in.com\/boutique\/"},{"@type":"ListItem","position":3,"name":"Tablier ajustable Andrea de 240\u00a0g\/m\u00b2 avec bretelle r\u00e9glable au cou"}]},{"@type":"WebSite","@id":"https:\/\/perle-in.com\/#website","url":"https:\/\/perle-in.com\/","name":"PERLE IN","description":"","publisher":{"@id":"https:\/\/perle-in.com\/#organization"},"potentialAction":[{"@type":"SearchAction","target":{"@type":"EntryPoint","urlTemplate":"https:\/\/perle-in.com\/?s={search_term_string}"},"query-input":{"@type":"PropertyValueSpecification","valueRequired":true,"valueName":"search_term_string"}}],"inLanguage":"en-CA"},{"@type":"Organization","@id":"https:\/\/perle-in.com\/#organization","name":"PERLE IN","url":"https:\/\/perle-in.com\/","logo":{"@type":"ImageObject","inLanguage":"en-CA","@id":"https:\/\/perle-in.com\/#\/schema\/logo\/image\/","url":"https:\/\/perle-in.com\/wp-content\/uploads\/2022\/12\/LOGO-PERLE-IN-COULEUR@3x.webp","contentUrl":"https:\/\/perle-in.com\/wp-content\/uploads\/2022\/12\/LOGO-PERLE-IN-COULEUR@3x.webp","width":1600,"height":490,"caption":"PERLE IN"},"image":{"@id":"https:\/\/perle-in.com\/#\/schema\/logo\/image\/"}}]}},"jetpack_sharing_enabled":true,"_links":{"self":[{"href":"https:\/\/perle-in.com\/en\/wp-json\/wp\/v2\/product\/537555","targetHints":{"allow":["GET"]}}],"collection":[{"href":"https:\/\/perle-in.com\/en\/wp-json\/wp\/v2\/product"}],"about":[{"href":"https:\/\/perle-in.com\/en\/wp-json\/wp\/v2\/types\/product"}],"version-history":[{"count":0,"href":"https:\/\/perle-in.com\/en\/wp-json\/wp\/v2\/product\/537555\/revisions"}],"wp:featuredmedia":[{"embeddable":true,"href":"https:\/\/perle-in.com\/en\/wp-json\/wp\/v2\/media\/537542"}],"wp:attachment":[{"href":"https:\/\/perle-in.com\/en\/wp-json\/wp\/v2\/media?parent=537555"}],"wp:term":[{"taxonomy":"product_brand","embeddable":true,"href":"https:\/\/perle-in.com\/en\/wp-json\/wp\/v2\/product_brand?post=537555"},{"taxonomy":"product_cat","embeddable":true,"href":"https:\/\/perle-in.com\/en\/wp-json\/wp\/v2\/product_cat?post=537555"},{"taxonomy":"product_tag","embeddable":true,"href":"https:\/\/perle-in.com\/en\/wp-json\/wp\/v2\/product_tag?post=537555"}],"curies":[{"name":"wp","href":"https:\/\/api.w.org\/{rel}","templated":true}]}}