{"id":537513,"date":"2025-10-14T23:17:28","date_gmt":"2025-10-14T21:17:28","guid":{"rendered":"https:\/\/perle-in.com\/produit\/journal-cahier-en-papier-de-pierre-shale\/"},"modified":"2025-10-19T05:45:36","modified_gmt":"2025-10-19T03:45:36","slug":"journal-cahier-en-papier-de-pierre-shale","status":"publish","type":"product","link":"https:\/\/perle-in.com\/en\/product\/journal-cahier-en-papier-de-pierre-shale\/","title":{"rendered":"Journal cahier en papier de pierre Shale"},"content":{"rendered":"","protected":false},"excerpt":{"rendered":"<p>Journal cahier r\u00e9sistant \u00e0 la d\u00e9chirure avec 32\u00a0feuilles en papier de pierre blanc lign\u00e9 de 144\u00a0g\/m\u00b2. Le papier de pierre n&#8217;utilise aucun arbre et le processus de production consomme moins d\u2019\u00e9nergie que celui du papier recycl\u00e9 ou de nouvelle p\u00e2te \u00e0 papier. Il est r\u00e9sistant \u00e0 l\u2019eau afin que les liquides renvers\u00e9s puissent facilement \u00eatre essuy\u00e9s. Dimensions\u00a0: 127 x 178 mm.<\/p>","protected":false},"featured_media":537506,"template":"","meta":{"_eb_attr":""},"product_brand":[],"product_cat":[1224,4196],"product_tag":[1526,1513,837,597,3159,3160],"class_list":{"0":"post-537513","1":"product","2":"type-product","3":"status-publish","4":"has-post-thumbnail","6":"product_cat-bloc-notes-couverture-souple","7":"product_cat-blocs-notes-et-papeterie-personnalisee","8":"product_tag-cahier","9":"product_tag-carnet","10":"product_tag-durable","11":"product_tag-journal","12":"product_tag-papier-de-pierre","13":"product_tag-papierdepierre","14":"pa_couleurs-blanc","15":"pa_couleurs-noir","16":"pa_matiere-papier-de-pierre","18":"first","19":"instock","20":"shipping-taxable","21":"purchasable","22":"product-type-variable"},"yoast_head":"<!-- This site is optimized with the Yoast SEO plugin v27.4 - https:\/\/yoast.com\/product\/yoast-seo-wordpress\/ -->\n<title>Journal cahier en papier de pierre Shale - PERLE IN<\/title>\n<meta name=\"robots\" content=\"noindex, follow, max-snippet:-1, max-image-preview:large, max-video-preview:-1\" \/>\n<meta property=\"og:locale\" content=\"en_US\" \/>\n<meta property=\"og:type\" content=\"article\" \/>\n<meta property=\"og:title\" content=\"Journal cahier en papier de pierre Shale - PERLE IN\" \/>\n<meta property=\"og:description\" content=\"Journal cahier r\u00e9sistant \u00e0 la d\u00e9chirure avec 32\u00a0feuilles en papier de pierre blanc lign\u00e9 de 144\u00a0g\/m\u00b2. Le papier de pierre n&#039;utilise aucun arbre et le processus de production consomme moins d\u2019\u00e9nergie que celui du papier recycl\u00e9 ou de nouvelle p\u00e2te \u00e0 papier. Il est r\u00e9sistant \u00e0 l\u2019eau afin que les liquides renvers\u00e9s puissent facilement \u00eatre essuy\u00e9s. Dimensions\u00a0: 127 x 178 mm.\" \/>\n<meta property=\"og:url\" content=\"https:\/\/perle-in.com\/en\/product\/journal-cahier-en-papier-de-pierre-shale\/\" \/>\n<meta property=\"og:site_name\" content=\"PERLE IN\" \/>\n<meta property=\"article:modified_time\" content=\"2025-10-19T03:45:36+00:00\" \/>\n<meta property=\"og:image\" content=\"https:\/\/perle-in.com\/wp-content\/uploads\/2025\/10\/10781401-1.jpg\" \/>\n\t<meta property=\"og:image:width\" content=\"1600\" \/>\n\t<meta property=\"og:image:height\" content=\"1600\" \/>\n\t<meta property=\"og:image:type\" content=\"image\/jpeg\" \/>\n<meta name=\"twitter:card\" content=\"summary_large_image\" \/>\n<script type=\"application\/ld+json\" class=\"yoast-schema-graph\">{\"@context\":\"https:\\\/\\\/schema.org\",\"@graph\":[{\"@type\":\"WebPage\",\"@id\":\"https:\\\/\\\/perle-in.com\\\/produit\\\/journal-cahier-en-papier-de-pierre-shale\\\/\",\"url\":\"https:\\\/\\\/perle-in.com\\\/produit\\\/journal-cahier-en-papier-de-pierre-shale\\\/\",\"name\":\"Journal cahier en papier de pierre Shale - PERLE IN\",\"isPartOf\":{\"@id\":\"https:\\\/\\\/perle-in.com\\\/#website\"},\"primaryImageOfPage\":{\"@id\":\"https:\\\/\\\/perle-in.com\\\/produit\\\/journal-cahier-en-papier-de-pierre-shale\\\/#primaryimage\"},\"image\":{\"@id\":\"https:\\\/\\\/perle-in.com\\\/produit\\\/journal-cahier-en-papier-de-pierre-shale\\\/#primaryimage\"},\"thumbnailUrl\":\"https:\\\/\\\/perle-in.com\\\/wp-content\\\/uploads\\\/2025\\\/10\\\/10781401-1.jpg\",\"datePublished\":\"2025-10-14T21:17:28+00:00\",\"dateModified\":\"2025-10-19T03:45:36+00:00\",\"breadcrumb\":{\"@id\":\"https:\\\/\\\/perle-in.com\\\/produit\\\/journal-cahier-en-papier-de-pierre-shale\\\/#breadcrumb\"},\"inLanguage\":\"en-CA\",\"potentialAction\":[{\"@type\":\"ReadAction\",\"target\":[\"https:\\\/\\\/perle-in.com\\\/produit\\\/journal-cahier-en-papier-de-pierre-shale\\\/\"]}]},{\"@type\":\"ImageObject\",\"inLanguage\":\"en-CA\",\"@id\":\"https:\\\/\\\/perle-in.com\\\/produit\\\/journal-cahier-en-papier-de-pierre-shale\\\/#primaryimage\",\"url\":\"https:\\\/\\\/perle-in.com\\\/wp-content\\\/uploads\\\/2025\\\/10\\\/10781401-1.jpg\",\"contentUrl\":\"https:\\\/\\\/perle-in.com\\\/wp-content\\\/uploads\\\/2025\\\/10\\\/10781401-1.jpg\",\"width\":1600,\"height\":1600},{\"@type\":\"BreadcrumbList\",\"@id\":\"https:\\\/\\\/perle-in.com\\\/produit\\\/journal-cahier-en-papier-de-pierre-shale\\\/#breadcrumb\",\"itemListElement\":[{\"@type\":\"ListItem\",\"position\":1,\"name\":\"Accueil\",\"item\":\"https:\\\/\\\/perle-in.com\\\/\"},{\"@type\":\"ListItem\",\"position\":2,\"name\":\"Boutique\",\"item\":\"https:\\\/\\\/perle-in.com\\\/boutique\\\/\"},{\"@type\":\"ListItem\",\"position\":3,\"name\":\"Journal cahier en papier de pierre Shale\"}]},{\"@type\":\"WebSite\",\"@id\":\"https:\\\/\\\/perle-in.com\\\/#website\",\"url\":\"https:\\\/\\\/perle-in.com\\\/\",\"name\":\"PERLE IN\",\"description\":\"\",\"publisher\":{\"@id\":\"https:\\\/\\\/perle-in.com\\\/#organization\"},\"potentialAction\":[{\"@type\":\"SearchAction\",\"target\":{\"@type\":\"EntryPoint\",\"urlTemplate\":\"https:\\\/\\\/perle-in.com\\\/?s={search_term_string}\"},\"query-input\":{\"@type\":\"PropertyValueSpecification\",\"valueRequired\":true,\"valueName\":\"search_term_string\"}}],\"inLanguage\":\"en-CA\"},{\"@type\":\"Organization\",\"@id\":\"https:\\\/\\\/perle-in.com\\\/#organization\",\"name\":\"PERLE IN\",\"url\":\"https:\\\/\\\/perle-in.com\\\/\",\"logo\":{\"@type\":\"ImageObject\",\"inLanguage\":\"en-CA\",\"@id\":\"https:\\\/\\\/perle-in.com\\\/#\\\/schema\\\/logo\\\/image\\\/\",\"url\":\"https:\\\/\\\/perle-in.com\\\/wp-content\\\/uploads\\\/2022\\\/12\\\/LOGO-PERLE-IN-COULEUR@3x.webp\",\"contentUrl\":\"https:\\\/\\\/perle-in.com\\\/wp-content\\\/uploads\\\/2022\\\/12\\\/LOGO-PERLE-IN-COULEUR@3x.webp\",\"width\":1600,\"height\":490,\"caption\":\"PERLE IN\"},\"image\":{\"@id\":\"https:\\\/\\\/perle-in.com\\\/#\\\/schema\\\/logo\\\/image\\\/\"}}]}<\/script>\n<!-- \/ Yoast SEO plugin. -->","yoast_head_json":{"title":"Journal cahier en papier de pierre Shale - PERLE IN","robots":{"index":"noindex","follow":"follow","max-snippet":"max-snippet:-1","max-image-preview":"max-image-preview:large","max-video-preview":"max-video-preview:-1"},"og_locale":"en_US","og_type":"article","og_title":"Journal cahier en papier de pierre Shale - PERLE IN","og_description":"Journal cahier r\u00e9sistant \u00e0 la d\u00e9chirure avec 32\u00a0feuilles en papier de pierre blanc lign\u00e9 de 144\u00a0g\/m\u00b2. Le papier de pierre n'utilise aucun arbre et le processus de production consomme moins d\u2019\u00e9nergie que celui du papier recycl\u00e9 ou de nouvelle p\u00e2te \u00e0 papier. Il est r\u00e9sistant \u00e0 l\u2019eau afin que les liquides renvers\u00e9s puissent facilement \u00eatre essuy\u00e9s. Dimensions\u00a0: 127 x 178 mm.","og_url":"https:\/\/perle-in.com\/en\/product\/journal-cahier-en-papier-de-pierre-shale\/","og_site_name":"PERLE IN","article_modified_time":"2025-10-19T03:45:36+00:00","og_image":[{"width":1600,"height":1600,"url":"https:\/\/perle-in.com\/wp-content\/uploads\/2025\/10\/10781401-1.jpg","type":"image\/jpeg"}],"twitter_card":"summary_large_image","schema":{"@context":"https:\/\/schema.org","@graph":[{"@type":"WebPage","@id":"https:\/\/perle-in.com\/produit\/journal-cahier-en-papier-de-pierre-shale\/","url":"https:\/\/perle-in.com\/produit\/journal-cahier-en-papier-de-pierre-shale\/","name":"Journal cahier en papier de pierre Shale - PERLE IN","isPartOf":{"@id":"https:\/\/perle-in.com\/#website"},"primaryImageOfPage":{"@id":"https:\/\/perle-in.com\/produit\/journal-cahier-en-papier-de-pierre-shale\/#primaryimage"},"image":{"@id":"https:\/\/perle-in.com\/produit\/journal-cahier-en-papier-de-pierre-shale\/#primaryimage"},"thumbnailUrl":"https:\/\/perle-in.com\/wp-content\/uploads\/2025\/10\/10781401-1.jpg","datePublished":"2025-10-14T21:17:28+00:00","dateModified":"2025-10-19T03:45:36+00:00","breadcrumb":{"@id":"https:\/\/perle-in.com\/produit\/journal-cahier-en-papier-de-pierre-shale\/#breadcrumb"},"inLanguage":"en-CA","potentialAction":[{"@type":"ReadAction","target":["https:\/\/perle-in.com\/produit\/journal-cahier-en-papier-de-pierre-shale\/"]}]},{"@type":"ImageObject","inLanguage":"en-CA","@id":"https:\/\/perle-in.com\/produit\/journal-cahier-en-papier-de-pierre-shale\/#primaryimage","url":"https:\/\/perle-in.com\/wp-content\/uploads\/2025\/10\/10781401-1.jpg","contentUrl":"https:\/\/perle-in.com\/wp-content\/uploads\/2025\/10\/10781401-1.jpg","width":1600,"height":1600},{"@type":"BreadcrumbList","@id":"https:\/\/perle-in.com\/produit\/journal-cahier-en-papier-de-pierre-shale\/#breadcrumb","itemListElement":[{"@type":"ListItem","position":1,"name":"Accueil","item":"https:\/\/perle-in.com\/"},{"@type":"ListItem","position":2,"name":"Boutique","item":"https:\/\/perle-in.com\/boutique\/"},{"@type":"ListItem","position":3,"name":"Journal cahier en papier de pierre Shale"}]},{"@type":"WebSite","@id":"https:\/\/perle-in.com\/#website","url":"https:\/\/perle-in.com\/","name":"PERLE IN","description":"","publisher":{"@id":"https:\/\/perle-in.com\/#organization"},"potentialAction":[{"@type":"SearchAction","target":{"@type":"EntryPoint","urlTemplate":"https:\/\/perle-in.com\/?s={search_term_string}"},"query-input":{"@type":"PropertyValueSpecification","valueRequired":true,"valueName":"search_term_string"}}],"inLanguage":"en-CA"},{"@type":"Organization","@id":"https:\/\/perle-in.com\/#organization","name":"PERLE IN","url":"https:\/\/perle-in.com\/","logo":{"@type":"ImageObject","inLanguage":"en-CA","@id":"https:\/\/perle-in.com\/#\/schema\/logo\/image\/","url":"https:\/\/perle-in.com\/wp-content\/uploads\/2022\/12\/LOGO-PERLE-IN-COULEUR@3x.webp","contentUrl":"https:\/\/perle-in.com\/wp-content\/uploads\/2022\/12\/LOGO-PERLE-IN-COULEUR@3x.webp","width":1600,"height":490,"caption":"PERLE IN"},"image":{"@id":"https:\/\/perle-in.com\/#\/schema\/logo\/image\/"}}]}},"jetpack_sharing_enabled":true,"_links":{"self":[{"href":"https:\/\/perle-in.com\/en\/wp-json\/wp\/v2\/product\/537513","targetHints":{"allow":["GET"]}}],"collection":[{"href":"https:\/\/perle-in.com\/en\/wp-json\/wp\/v2\/product"}],"about":[{"href":"https:\/\/perle-in.com\/en\/wp-json\/wp\/v2\/types\/product"}],"version-history":[{"count":0,"href":"https:\/\/perle-in.com\/en\/wp-json\/wp\/v2\/product\/537513\/revisions"}],"wp:featuredmedia":[{"embeddable":true,"href":"https:\/\/perle-in.com\/en\/wp-json\/wp\/v2\/media\/537506"}],"wp:attachment":[{"href":"https:\/\/perle-in.com\/en\/wp-json\/wp\/v2\/media?parent=537513"}],"wp:term":[{"taxonomy":"product_brand","embeddable":true,"href":"https:\/\/perle-in.com\/en\/wp-json\/wp\/v2\/product_brand?post=537513"},{"taxonomy":"product_cat","embeddable":true,"href":"https:\/\/perle-in.com\/en\/wp-json\/wp\/v2\/product_cat?post=537513"},{"taxonomy":"product_tag","embeddable":true,"href":"https:\/\/perle-in.com\/en\/wp-json\/wp\/v2\/product_tag?post=537513"}],"curies":[{"name":"wp","href":"https:\/\/api.w.org\/{rel}","templated":true}]}}