{"id":537504,"date":"2025-10-14T23:16:24","date_gmt":"2025-10-14T21:16:24","guid":{"rendered":"https:\/\/perle-in.com\/produit\/carnet-tutico-a-couverture-rigide-en-coton-organique\/"},"modified":"2025-10-19T05:45:36","modified_gmt":"2025-10-19T03:45:36","slug":"carnet-tutico-a-couverture-rigide-en-coton-organique","status":"publish","type":"product","link":"https:\/\/perle-in.com\/en\/product\/carnet-tutico-a-couverture-rigide-en-coton-organique\/","title":{"rendered":"Carnet Tutico \u00e0 couverture rigide en coton organique"},"content":{"rendered":"","protected":false},"excerpt":{"rendered":"<p>Carnet en coton organique avec 120\u00a0pages de papier blanc lign\u00e9 recycl\u00e9 de 70\u00a0g\/m2. Dot\u00e9 d&#8217;un ruban marque-page noir, d&#8217;une fermeture \u00e9lastique et d&#8217;un passant pour stylo. Le coton organique est cultiv\u00e9 selon des pratiques agricoles durables qui contribuent \u00e0 prot\u00e9ger l&#8217;environnement et \u00e0 promouvoir la biodiversit\u00e9. En \u00e9vitant l&#8217;utilisation de produits chimiques nocifs, la culture du coton organique peut aider \u00e0 r\u00e9duire la pollution des sols et de l&#8217;eau, ainsi que le risque de probl\u00e8mes de sant\u00e9 pour les agriculteurs et leurs familles.<\/p>","protected":false},"featured_media":537496,"template":"","meta":{"_eb_attr":""},"product_brand":[],"product_cat":[587,4196],"product_tag":[1513,1514,1786,837,1936,836],"class_list":{"0":"post-537504","1":"product","2":"type-product","3":"status-publish","4":"has-post-thumbnail","6":"product_cat-bloc-notes-couverture-rigide","7":"product_cat-blocs-notes-et-papeterie-personnalisee","8":"product_tag-carnet","9":"product_tag-carnets","10":"product_tag-coton","11":"product_tag-durable","12":"product_tag-organique","13":"product_tag-recycle","14":"pa_couleurs-naturel-noir","15":"pa_green-points-2235","16":"pa_matiere-coton-organique-polyester-papier-recycle","17":"pa_pays-d-origine-inde","19":"first","20":"instock","21":"shipping-taxable","22":"purchasable","23":"product-type-variable"},"yoast_head":"<!-- This site is optimized with the Yoast SEO plugin v27.4 - https:\/\/yoast.com\/product\/yoast-seo-wordpress\/ -->\n<title>Carnet Tutico \u00e0 couverture rigide en coton organique - PERLE IN<\/title>\n<meta name=\"robots\" content=\"noindex, follow, max-snippet:-1, max-image-preview:large, max-video-preview:-1\" \/>\n<meta property=\"og:locale\" content=\"en_US\" \/>\n<meta property=\"og:type\" content=\"article\" \/>\n<meta property=\"og:title\" content=\"Carnet Tutico \u00e0 couverture rigide en coton organique - PERLE IN\" \/>\n<meta property=\"og:description\" content=\"Carnet en coton organique avec 120\u00a0pages de papier blanc lign\u00e9 recycl\u00e9 de 70\u00a0g\/m2. Dot\u00e9 d&#039;un ruban marque-page noir, d&#039;une fermeture \u00e9lastique et d&#039;un passant pour stylo. Le coton organique est cultiv\u00e9 selon des pratiques agricoles durables qui contribuent \u00e0 prot\u00e9ger l&#039;environnement et \u00e0 promouvoir la biodiversit\u00e9. En \u00e9vitant l&#039;utilisation de produits chimiques nocifs, la culture du coton organique peut aider \u00e0 r\u00e9duire la pollution des sols et de l&#039;eau, ainsi que le risque de probl\u00e8mes de sant\u00e9 pour les agriculteurs et leurs familles.\" \/>\n<meta property=\"og:url\" content=\"https:\/\/perle-in.com\/en\/product\/carnet-tutico-a-couverture-rigide-en-coton-organique\/\" \/>\n<meta property=\"og:site_name\" content=\"PERLE IN\" \/>\n<meta property=\"article:modified_time\" content=\"2025-10-19T03:45:36+00:00\" \/>\n<meta property=\"og:image\" content=\"https:\/\/perle-in.com\/wp-content\/uploads\/2025\/10\/10781306-1.jpg\" \/>\n\t<meta property=\"og:image:width\" content=\"1600\" \/>\n\t<meta property=\"og:image:height\" content=\"1600\" \/>\n\t<meta property=\"og:image:type\" content=\"image\/jpeg\" \/>\n<meta name=\"twitter:card\" content=\"summary_large_image\" \/>\n<script type=\"application\/ld+json\" class=\"yoast-schema-graph\">{\"@context\":\"https:\\\/\\\/schema.org\",\"@graph\":[{\"@type\":\"WebPage\",\"@id\":\"https:\\\/\\\/perle-in.com\\\/produit\\\/carnet-tutico-a-couverture-rigide-en-coton-organique\\\/\",\"url\":\"https:\\\/\\\/perle-in.com\\\/produit\\\/carnet-tutico-a-couverture-rigide-en-coton-organique\\\/\",\"name\":\"Carnet Tutico \u00e0 couverture rigide en coton organique - PERLE IN\",\"isPartOf\":{\"@id\":\"https:\\\/\\\/perle-in.com\\\/#website\"},\"primaryImageOfPage\":{\"@id\":\"https:\\\/\\\/perle-in.com\\\/produit\\\/carnet-tutico-a-couverture-rigide-en-coton-organique\\\/#primaryimage\"},\"image\":{\"@id\":\"https:\\\/\\\/perle-in.com\\\/produit\\\/carnet-tutico-a-couverture-rigide-en-coton-organique\\\/#primaryimage\"},\"thumbnailUrl\":\"https:\\\/\\\/perle-in.com\\\/wp-content\\\/uploads\\\/2025\\\/10\\\/10781306-1.jpg\",\"datePublished\":\"2025-10-14T21:16:24+00:00\",\"dateModified\":\"2025-10-19T03:45:36+00:00\",\"breadcrumb\":{\"@id\":\"https:\\\/\\\/perle-in.com\\\/produit\\\/carnet-tutico-a-couverture-rigide-en-coton-organique\\\/#breadcrumb\"},\"inLanguage\":\"en-CA\",\"potentialAction\":[{\"@type\":\"ReadAction\",\"target\":[\"https:\\\/\\\/perle-in.com\\\/produit\\\/carnet-tutico-a-couverture-rigide-en-coton-organique\\\/\"]}]},{\"@type\":\"ImageObject\",\"inLanguage\":\"en-CA\",\"@id\":\"https:\\\/\\\/perle-in.com\\\/produit\\\/carnet-tutico-a-couverture-rigide-en-coton-organique\\\/#primaryimage\",\"url\":\"https:\\\/\\\/perle-in.com\\\/wp-content\\\/uploads\\\/2025\\\/10\\\/10781306-1.jpg\",\"contentUrl\":\"https:\\\/\\\/perle-in.com\\\/wp-content\\\/uploads\\\/2025\\\/10\\\/10781306-1.jpg\",\"width\":1600,\"height\":1600},{\"@type\":\"BreadcrumbList\",\"@id\":\"https:\\\/\\\/perle-in.com\\\/produit\\\/carnet-tutico-a-couverture-rigide-en-coton-organique\\\/#breadcrumb\",\"itemListElement\":[{\"@type\":\"ListItem\",\"position\":1,\"name\":\"Accueil\",\"item\":\"https:\\\/\\\/perle-in.com\\\/\"},{\"@type\":\"ListItem\",\"position\":2,\"name\":\"Boutique\",\"item\":\"https:\\\/\\\/perle-in.com\\\/boutique\\\/\"},{\"@type\":\"ListItem\",\"position\":3,\"name\":\"Carnet Tutico \u00e0 couverture rigide en coton organique\"}]},{\"@type\":\"WebSite\",\"@id\":\"https:\\\/\\\/perle-in.com\\\/#website\",\"url\":\"https:\\\/\\\/perle-in.com\\\/\",\"name\":\"PERLE IN\",\"description\":\"\",\"publisher\":{\"@id\":\"https:\\\/\\\/perle-in.com\\\/#organization\"},\"potentialAction\":[{\"@type\":\"SearchAction\",\"target\":{\"@type\":\"EntryPoint\",\"urlTemplate\":\"https:\\\/\\\/perle-in.com\\\/?s={search_term_string}\"},\"query-input\":{\"@type\":\"PropertyValueSpecification\",\"valueRequired\":true,\"valueName\":\"search_term_string\"}}],\"inLanguage\":\"en-CA\"},{\"@type\":\"Organization\",\"@id\":\"https:\\\/\\\/perle-in.com\\\/#organization\",\"name\":\"PERLE IN\",\"url\":\"https:\\\/\\\/perle-in.com\\\/\",\"logo\":{\"@type\":\"ImageObject\",\"inLanguage\":\"en-CA\",\"@id\":\"https:\\\/\\\/perle-in.com\\\/#\\\/schema\\\/logo\\\/image\\\/\",\"url\":\"https:\\\/\\\/perle-in.com\\\/wp-content\\\/uploads\\\/2022\\\/12\\\/LOGO-PERLE-IN-COULEUR@3x.webp\",\"contentUrl\":\"https:\\\/\\\/perle-in.com\\\/wp-content\\\/uploads\\\/2022\\\/12\\\/LOGO-PERLE-IN-COULEUR@3x.webp\",\"width\":1600,\"height\":490,\"caption\":\"PERLE IN\"},\"image\":{\"@id\":\"https:\\\/\\\/perle-in.com\\\/#\\\/schema\\\/logo\\\/image\\\/\"}}]}<\/script>\n<!-- \/ Yoast SEO plugin. -->","yoast_head_json":{"title":"Carnet Tutico \u00e0 couverture rigide en coton organique - PERLE IN","robots":{"index":"noindex","follow":"follow","max-snippet":"max-snippet:-1","max-image-preview":"max-image-preview:large","max-video-preview":"max-video-preview:-1"},"og_locale":"en_US","og_type":"article","og_title":"Carnet Tutico \u00e0 couverture rigide en coton organique - PERLE IN","og_description":"Carnet en coton organique avec 120\u00a0pages de papier blanc lign\u00e9 recycl\u00e9 de 70\u00a0g\/m2. Dot\u00e9 d'un ruban marque-page noir, d'une fermeture \u00e9lastique et d'un passant pour stylo. Le coton organique est cultiv\u00e9 selon des pratiques agricoles durables qui contribuent \u00e0 prot\u00e9ger l'environnement et \u00e0 promouvoir la biodiversit\u00e9. En \u00e9vitant l'utilisation de produits chimiques nocifs, la culture du coton organique peut aider \u00e0 r\u00e9duire la pollution des sols et de l'eau, ainsi que le risque de probl\u00e8mes de sant\u00e9 pour les agriculteurs et leurs familles.","og_url":"https:\/\/perle-in.com\/en\/product\/carnet-tutico-a-couverture-rigide-en-coton-organique\/","og_site_name":"PERLE IN","article_modified_time":"2025-10-19T03:45:36+00:00","og_image":[{"width":1600,"height":1600,"url":"https:\/\/perle-in.com\/wp-content\/uploads\/2025\/10\/10781306-1.jpg","type":"image\/jpeg"}],"twitter_card":"summary_large_image","schema":{"@context":"https:\/\/schema.org","@graph":[{"@type":"WebPage","@id":"https:\/\/perle-in.com\/produit\/carnet-tutico-a-couverture-rigide-en-coton-organique\/","url":"https:\/\/perle-in.com\/produit\/carnet-tutico-a-couverture-rigide-en-coton-organique\/","name":"Carnet Tutico \u00e0 couverture rigide en coton organique - PERLE IN","isPartOf":{"@id":"https:\/\/perle-in.com\/#website"},"primaryImageOfPage":{"@id":"https:\/\/perle-in.com\/produit\/carnet-tutico-a-couverture-rigide-en-coton-organique\/#primaryimage"},"image":{"@id":"https:\/\/perle-in.com\/produit\/carnet-tutico-a-couverture-rigide-en-coton-organique\/#primaryimage"},"thumbnailUrl":"https:\/\/perle-in.com\/wp-content\/uploads\/2025\/10\/10781306-1.jpg","datePublished":"2025-10-14T21:16:24+00:00","dateModified":"2025-10-19T03:45:36+00:00","breadcrumb":{"@id":"https:\/\/perle-in.com\/produit\/carnet-tutico-a-couverture-rigide-en-coton-organique\/#breadcrumb"},"inLanguage":"en-CA","potentialAction":[{"@type":"ReadAction","target":["https:\/\/perle-in.com\/produit\/carnet-tutico-a-couverture-rigide-en-coton-organique\/"]}]},{"@type":"ImageObject","inLanguage":"en-CA","@id":"https:\/\/perle-in.com\/produit\/carnet-tutico-a-couverture-rigide-en-coton-organique\/#primaryimage","url":"https:\/\/perle-in.com\/wp-content\/uploads\/2025\/10\/10781306-1.jpg","contentUrl":"https:\/\/perle-in.com\/wp-content\/uploads\/2025\/10\/10781306-1.jpg","width":1600,"height":1600},{"@type":"BreadcrumbList","@id":"https:\/\/perle-in.com\/produit\/carnet-tutico-a-couverture-rigide-en-coton-organique\/#breadcrumb","itemListElement":[{"@type":"ListItem","position":1,"name":"Accueil","item":"https:\/\/perle-in.com\/"},{"@type":"ListItem","position":2,"name":"Boutique","item":"https:\/\/perle-in.com\/boutique\/"},{"@type":"ListItem","position":3,"name":"Carnet Tutico \u00e0 couverture rigide en coton organique"}]},{"@type":"WebSite","@id":"https:\/\/perle-in.com\/#website","url":"https:\/\/perle-in.com\/","name":"PERLE IN","description":"","publisher":{"@id":"https:\/\/perle-in.com\/#organization"},"potentialAction":[{"@type":"SearchAction","target":{"@type":"EntryPoint","urlTemplate":"https:\/\/perle-in.com\/?s={search_term_string}"},"query-input":{"@type":"PropertyValueSpecification","valueRequired":true,"valueName":"search_term_string"}}],"inLanguage":"en-CA"},{"@type":"Organization","@id":"https:\/\/perle-in.com\/#organization","name":"PERLE IN","url":"https:\/\/perle-in.com\/","logo":{"@type":"ImageObject","inLanguage":"en-CA","@id":"https:\/\/perle-in.com\/#\/schema\/logo\/image\/","url":"https:\/\/perle-in.com\/wp-content\/uploads\/2022\/12\/LOGO-PERLE-IN-COULEUR@3x.webp","contentUrl":"https:\/\/perle-in.com\/wp-content\/uploads\/2022\/12\/LOGO-PERLE-IN-COULEUR@3x.webp","width":1600,"height":490,"caption":"PERLE IN"},"image":{"@id":"https:\/\/perle-in.com\/#\/schema\/logo\/image\/"}}]}},"jetpack_sharing_enabled":true,"_links":{"self":[{"href":"https:\/\/perle-in.com\/en\/wp-json\/wp\/v2\/product\/537504","targetHints":{"allow":["GET"]}}],"collection":[{"href":"https:\/\/perle-in.com\/en\/wp-json\/wp\/v2\/product"}],"about":[{"href":"https:\/\/perle-in.com\/en\/wp-json\/wp\/v2\/types\/product"}],"version-history":[{"count":0,"href":"https:\/\/perle-in.com\/en\/wp-json\/wp\/v2\/product\/537504\/revisions"}],"wp:featuredmedia":[{"embeddable":true,"href":"https:\/\/perle-in.com\/en\/wp-json\/wp\/v2\/media\/537496"}],"wp:attachment":[{"href":"https:\/\/perle-in.com\/en\/wp-json\/wp\/v2\/media?parent=537504"}],"wp:term":[{"taxonomy":"product_brand","embeddable":true,"href":"https:\/\/perle-in.com\/en\/wp-json\/wp\/v2\/product_brand?post=537504"},{"taxonomy":"product_cat","embeddable":true,"href":"https:\/\/perle-in.com\/en\/wp-json\/wp\/v2\/product_cat?post=537504"},{"taxonomy":"product_tag","embeddable":true,"href":"https:\/\/perle-in.com\/en\/wp-json\/wp\/v2\/product_tag?post=537504"}],"curies":[{"name":"wp","href":"https:\/\/api.w.org\/{rel}","templated":true}]}}