{"id":537491,"date":"2025-10-14T23:15:14","date_gmt":"2025-10-14T21:15:14","guid":{"rendered":"https:\/\/perle-in.com\/produit\/ensemble-carnet-de-notes-format-a5-et-stylo-bille-a-partir-de-briques-de-lait-recyclees-dairy-dream\/"},"modified":"2025-10-19T05:45:36","modified_gmt":"2025-10-19T03:45:36","slug":"ensemble-carnet-de-notes-format-a5-et-stylo-bille-a-partir-de-briques-de-lait-recyclees-dairy-dream","status":"publish","type":"product","link":"https:\/\/perle-in.com\/en\/product\/ensemble-carnet-de-notes-format-a5-et-stylo-bille-a-partir-de-briques-de-lait-recyclees-dairy-dream\/","title":{"rendered":"Ensemble carnet de notes format A5 et stylo bille, \u00e0 partir de briques de lait recycl\u00e9es, Dairy\u00a0Dream"},"content":{"rendered":"","protected":false},"excerpt":{"rendered":"<p>Un ensemble compos\u00e9 d&#8217;un carnet de notes format A5 et d&#8217;un stylo bille. Le carnet comprend 80\u00a0feuilles lign\u00e9es (80\u00a0g\/m\u00b2) fabriqu\u00e9es \u00e0 partir de briques de lait recycl\u00e9es (jusqu&#8217;\u00e0 70\u00a0%), des spirales en papier color\u00e9 et une boucle \u00e0 stylo. La boucle \u00e0 stylo contient un stylo bille \u00e0 bouton-poussoir de la m\u00eame couleur que le carnet. Le corps du stylo est fabriqu\u00e9 \u00e0 partir des m\u00eames briques de lait recycl\u00e9es et le bouton, l&#8217;attache et la pointe sont en plastique PLA color\u00e9. Le stylo contient une recharge noire. Les briques de lait usag\u00e9es sont collect\u00e9es, tri\u00e9es, trait\u00e9es et transform\u00e9es en papier, transformant ainsi les d\u00e9chets en quelque chose d&#8217;utile.<\/p>","protected":false},"featured_media":537480,"template":"","meta":{"_eb_attr":""},"product_brand":[],"product_cat":[587,4196],"product_tag":[3157,1513,592,837,1573,2654,836,561],"class_list":{"0":"post-537491","1":"product","2":"type-product","3":"status-publish","4":"has-post-thumbnail","6":"product_cat-bloc-notes-couverture-rigide","7":"product_cat-blocs-notes-et-papeterie-personnalisee","8":"product_tag-brique-de-lait","9":"product_tag-carnet","10":"product_tag-carnet-de-notes","11":"product_tag-durable","12":"product_tag-ensemble","13":"product_tag-grs","14":"product_tag-recycle","15":"product_tag-stylo","16":"pa_couleurs-blanc","17":"pa_couleurs-bleu","18":"pa_couleurs-noir","19":"pa_couleurs-rouge","20":"pa_matiere-carton-recycle","22":"first","23":"instock","24":"shipping-taxable","25":"purchasable","26":"product-type-variable"},"yoast_head":"<!-- This site is optimized with the Yoast SEO plugin v27.4 - https:\/\/yoast.com\/product\/yoast-seo-wordpress\/ -->\n<title>Ensemble carnet de notes format A5 et stylo bille, \u00e0 partir de briques de lait recycl\u00e9es, Dairy\u00a0Dream - PERLE IN<\/title>\n<meta name=\"robots\" content=\"noindex, follow, max-snippet:-1, max-image-preview:large, max-video-preview:-1\" \/>\n<meta property=\"og:locale\" content=\"en_US\" \/>\n<meta property=\"og:type\" content=\"article\" \/>\n<meta property=\"og:title\" content=\"Ensemble carnet de notes format A5 et stylo bille, \u00e0 partir de briques de lait recycl\u00e9es, Dairy\u00a0Dream - PERLE IN\" \/>\n<meta property=\"og:description\" content=\"Un ensemble compos\u00e9 d&#039;un carnet de notes format A5 et d&#039;un stylo bille. Le carnet comprend 80\u00a0feuilles lign\u00e9es (80\u00a0g\/m\u00b2) fabriqu\u00e9es \u00e0 partir de briques de lait recycl\u00e9es (jusqu&#039;\u00e0 70\u00a0%), des spirales en papier color\u00e9 et une boucle \u00e0 stylo. La boucle \u00e0 stylo contient un stylo bille \u00e0 bouton-poussoir de la m\u00eame couleur que le carnet. Le corps du stylo est fabriqu\u00e9 \u00e0 partir des m\u00eames briques de lait recycl\u00e9es et le bouton, l&#039;attache et la pointe sont en plastique PLA color\u00e9. Le stylo contient une recharge noire. Les briques de lait usag\u00e9es sont collect\u00e9es, tri\u00e9es, trait\u00e9es et transform\u00e9es en papier, transformant ainsi les d\u00e9chets en quelque chose d&#039;utile.\" \/>\n<meta property=\"og:url\" content=\"https:\/\/perle-in.com\/en\/product\/ensemble-carnet-de-notes-format-a5-et-stylo-bille-a-partir-de-briques-de-lait-recyclees-dairy-dream\/\" \/>\n<meta property=\"og:site_name\" content=\"PERLE IN\" \/>\n<meta property=\"article:modified_time\" content=\"2025-10-19T03:45:36+00:00\" \/>\n<meta property=\"og:image\" content=\"https:\/\/perle-in.com\/wp-content\/uploads\/2025\/10\/10781101-1.jpg\" \/>\n\t<meta property=\"og:image:width\" content=\"1600\" \/>\n\t<meta property=\"og:image:height\" content=\"1600\" \/>\n\t<meta property=\"og:image:type\" content=\"image\/jpeg\" \/>\n<meta name=\"twitter:card\" content=\"summary_large_image\" \/>\n<script type=\"application\/ld+json\" class=\"yoast-schema-graph\">{\"@context\":\"https:\\\/\\\/schema.org\",\"@graph\":[{\"@type\":\"WebPage\",\"@id\":\"https:\\\/\\\/perle-in.com\\\/en\\\/product\\\/ensemble-carnet-de-notes-format-a5-et-stylo-bille-a-partir-de-briques-de-lait-recyclees-dairy-dream\\\/\",\"url\":\"https:\\\/\\\/perle-in.com\\\/en\\\/product\\\/ensemble-carnet-de-notes-format-a5-et-stylo-bille-a-partir-de-briques-de-lait-recyclees-dairy-dream\\\/\",\"name\":\"Ensemble carnet de notes format A5 et stylo bille, \u00e0 partir de briques de lait recycl\u00e9es, Dairy\u00a0Dream - PERLE IN\",\"isPartOf\":{\"@id\":\"https:\\\/\\\/perle-in.com\\\/#website\"},\"primaryImageOfPage\":{\"@id\":\"https:\\\/\\\/perle-in.com\\\/en\\\/product\\\/ensemble-carnet-de-notes-format-a5-et-stylo-bille-a-partir-de-briques-de-lait-recyclees-dairy-dream\\\/#primaryimage\"},\"image\":{\"@id\":\"https:\\\/\\\/perle-in.com\\\/en\\\/product\\\/ensemble-carnet-de-notes-format-a5-et-stylo-bille-a-partir-de-briques-de-lait-recyclees-dairy-dream\\\/#primaryimage\"},\"thumbnailUrl\":\"https:\\\/\\\/perle-in.com\\\/wp-content\\\/uploads\\\/2025\\\/10\\\/10781101-1.jpg\",\"datePublished\":\"2025-10-14T21:15:14+00:00\",\"dateModified\":\"2025-10-19T03:45:36+00:00\",\"breadcrumb\":{\"@id\":\"https:\\\/\\\/perle-in.com\\\/en\\\/product\\\/ensemble-carnet-de-notes-format-a5-et-stylo-bille-a-partir-de-briques-de-lait-recyclees-dairy-dream\\\/#breadcrumb\"},\"inLanguage\":\"en-CA\",\"potentialAction\":[{\"@type\":\"ReadAction\",\"target\":[\"https:\\\/\\\/perle-in.com\\\/en\\\/product\\\/ensemble-carnet-de-notes-format-a5-et-stylo-bille-a-partir-de-briques-de-lait-recyclees-dairy-dream\\\/\"]}]},{\"@type\":\"ImageObject\",\"inLanguage\":\"en-CA\",\"@id\":\"https:\\\/\\\/perle-in.com\\\/en\\\/product\\\/ensemble-carnet-de-notes-format-a5-et-stylo-bille-a-partir-de-briques-de-lait-recyclees-dairy-dream\\\/#primaryimage\",\"url\":\"https:\\\/\\\/perle-in.com\\\/wp-content\\\/uploads\\\/2025\\\/10\\\/10781101-1.jpg\",\"contentUrl\":\"https:\\\/\\\/perle-in.com\\\/wp-content\\\/uploads\\\/2025\\\/10\\\/10781101-1.jpg\",\"width\":1600,\"height\":1600},{\"@type\":\"BreadcrumbList\",\"@id\":\"https:\\\/\\\/perle-in.com\\\/en\\\/product\\\/ensemble-carnet-de-notes-format-a5-et-stylo-bille-a-partir-de-briques-de-lait-recyclees-dairy-dream\\\/#breadcrumb\",\"itemListElement\":[{\"@type\":\"ListItem\",\"position\":1,\"name\":\"Accueil\",\"item\":\"https:\\\/\\\/perle-in.com\\\/\"},{\"@type\":\"ListItem\",\"position\":2,\"name\":\"Boutique\",\"item\":\"https:\\\/\\\/perle-in.com\\\/boutique\\\/\"},{\"@type\":\"ListItem\",\"position\":3,\"name\":\"Ensemble carnet de notes format A5 et stylo bille, \u00e0 partir de briques de lait recycl\u00e9es, Dairy\u00a0Dream\"}]},{\"@type\":\"WebSite\",\"@id\":\"https:\\\/\\\/perle-in.com\\\/#website\",\"url\":\"https:\\\/\\\/perle-in.com\\\/\",\"name\":\"PERLE IN\",\"description\":\"\",\"publisher\":{\"@id\":\"https:\\\/\\\/perle-in.com\\\/#organization\"},\"potentialAction\":[{\"@type\":\"SearchAction\",\"target\":{\"@type\":\"EntryPoint\",\"urlTemplate\":\"https:\\\/\\\/perle-in.com\\\/?s={search_term_string}\"},\"query-input\":{\"@type\":\"PropertyValueSpecification\",\"valueRequired\":true,\"valueName\":\"search_term_string\"}}],\"inLanguage\":\"en-CA\"},{\"@type\":\"Organization\",\"@id\":\"https:\\\/\\\/perle-in.com\\\/#organization\",\"name\":\"PERLE IN\",\"url\":\"https:\\\/\\\/perle-in.com\\\/\",\"logo\":{\"@type\":\"ImageObject\",\"inLanguage\":\"en-CA\",\"@id\":\"https:\\\/\\\/perle-in.com\\\/#\\\/schema\\\/logo\\\/image\\\/\",\"url\":\"https:\\\/\\\/perle-in.com\\\/wp-content\\\/uploads\\\/2022\\\/12\\\/LOGO-PERLE-IN-COULEUR@3x.webp\",\"contentUrl\":\"https:\\\/\\\/perle-in.com\\\/wp-content\\\/uploads\\\/2022\\\/12\\\/LOGO-PERLE-IN-COULEUR@3x.webp\",\"width\":1600,\"height\":490,\"caption\":\"PERLE IN\"},\"image\":{\"@id\":\"https:\\\/\\\/perle-in.com\\\/#\\\/schema\\\/logo\\\/image\\\/\"}}]}<\/script>\n<!-- \/ Yoast SEO plugin. -->","yoast_head_json":{"title":"Ensemble carnet de notes format A5 et stylo bille, \u00e0 partir de briques de lait recycl\u00e9es, Dairy\u00a0Dream - PERLE IN","robots":{"index":"noindex","follow":"follow","max-snippet":"max-snippet:-1","max-image-preview":"max-image-preview:large","max-video-preview":"max-video-preview:-1"},"og_locale":"en_US","og_type":"article","og_title":"Ensemble carnet de notes format A5 et stylo bille, \u00e0 partir de briques de lait recycl\u00e9es, Dairy\u00a0Dream - PERLE IN","og_description":"Un ensemble compos\u00e9 d'un carnet de notes format A5 et d'un stylo bille. Le carnet comprend 80\u00a0feuilles lign\u00e9es (80\u00a0g\/m\u00b2) fabriqu\u00e9es \u00e0 partir de briques de lait recycl\u00e9es (jusqu'\u00e0 70\u00a0%), des spirales en papier color\u00e9 et une boucle \u00e0 stylo. La boucle \u00e0 stylo contient un stylo bille \u00e0 bouton-poussoir de la m\u00eame couleur que le carnet. Le corps du stylo est fabriqu\u00e9 \u00e0 partir des m\u00eames briques de lait recycl\u00e9es et le bouton, l'attache et la pointe sont en plastique PLA color\u00e9. Le stylo contient une recharge noire. Les briques de lait usag\u00e9es sont collect\u00e9es, tri\u00e9es, trait\u00e9es et transform\u00e9es en papier, transformant ainsi les d\u00e9chets en quelque chose d'utile.","og_url":"https:\/\/perle-in.com\/en\/product\/ensemble-carnet-de-notes-format-a5-et-stylo-bille-a-partir-de-briques-de-lait-recyclees-dairy-dream\/","og_site_name":"PERLE IN","article_modified_time":"2025-10-19T03:45:36+00:00","og_image":[{"width":1600,"height":1600,"url":"https:\/\/perle-in.com\/wp-content\/uploads\/2025\/10\/10781101-1.jpg","type":"image\/jpeg"}],"twitter_card":"summary_large_image","schema":{"@context":"https:\/\/schema.org","@graph":[{"@type":"WebPage","@id":"https:\/\/perle-in.com\/en\/product\/ensemble-carnet-de-notes-format-a5-et-stylo-bille-a-partir-de-briques-de-lait-recyclees-dairy-dream\/","url":"https:\/\/perle-in.com\/en\/product\/ensemble-carnet-de-notes-format-a5-et-stylo-bille-a-partir-de-briques-de-lait-recyclees-dairy-dream\/","name":"Ensemble carnet de notes format A5 et stylo bille, \u00e0 partir de briques de lait recycl\u00e9es, Dairy\u00a0Dream - PERLE IN","isPartOf":{"@id":"https:\/\/perle-in.com\/#website"},"primaryImageOfPage":{"@id":"https:\/\/perle-in.com\/en\/product\/ensemble-carnet-de-notes-format-a5-et-stylo-bille-a-partir-de-briques-de-lait-recyclees-dairy-dream\/#primaryimage"},"image":{"@id":"https:\/\/perle-in.com\/en\/product\/ensemble-carnet-de-notes-format-a5-et-stylo-bille-a-partir-de-briques-de-lait-recyclees-dairy-dream\/#primaryimage"},"thumbnailUrl":"https:\/\/perle-in.com\/wp-content\/uploads\/2025\/10\/10781101-1.jpg","datePublished":"2025-10-14T21:15:14+00:00","dateModified":"2025-10-19T03:45:36+00:00","breadcrumb":{"@id":"https:\/\/perle-in.com\/en\/product\/ensemble-carnet-de-notes-format-a5-et-stylo-bille-a-partir-de-briques-de-lait-recyclees-dairy-dream\/#breadcrumb"},"inLanguage":"en-CA","potentialAction":[{"@type":"ReadAction","target":["https:\/\/perle-in.com\/en\/product\/ensemble-carnet-de-notes-format-a5-et-stylo-bille-a-partir-de-briques-de-lait-recyclees-dairy-dream\/"]}]},{"@type":"ImageObject","inLanguage":"en-CA","@id":"https:\/\/perle-in.com\/en\/product\/ensemble-carnet-de-notes-format-a5-et-stylo-bille-a-partir-de-briques-de-lait-recyclees-dairy-dream\/#primaryimage","url":"https:\/\/perle-in.com\/wp-content\/uploads\/2025\/10\/10781101-1.jpg","contentUrl":"https:\/\/perle-in.com\/wp-content\/uploads\/2025\/10\/10781101-1.jpg","width":1600,"height":1600},{"@type":"BreadcrumbList","@id":"https:\/\/perle-in.com\/en\/product\/ensemble-carnet-de-notes-format-a5-et-stylo-bille-a-partir-de-briques-de-lait-recyclees-dairy-dream\/#breadcrumb","itemListElement":[{"@type":"ListItem","position":1,"name":"Accueil","item":"https:\/\/perle-in.com\/"},{"@type":"ListItem","position":2,"name":"Boutique","item":"https:\/\/perle-in.com\/boutique\/"},{"@type":"ListItem","position":3,"name":"Ensemble carnet de notes format A5 et stylo bille, \u00e0 partir de briques de lait recycl\u00e9es, Dairy\u00a0Dream"}]},{"@type":"WebSite","@id":"https:\/\/perle-in.com\/#website","url":"https:\/\/perle-in.com\/","name":"PERLE IN","description":"","publisher":{"@id":"https:\/\/perle-in.com\/#organization"},"potentialAction":[{"@type":"SearchAction","target":{"@type":"EntryPoint","urlTemplate":"https:\/\/perle-in.com\/?s={search_term_string}"},"query-input":{"@type":"PropertyValueSpecification","valueRequired":true,"valueName":"search_term_string"}}],"inLanguage":"en-CA"},{"@type":"Organization","@id":"https:\/\/perle-in.com\/#organization","name":"PERLE IN","url":"https:\/\/perle-in.com\/","logo":{"@type":"ImageObject","inLanguage":"en-CA","@id":"https:\/\/perle-in.com\/#\/schema\/logo\/image\/","url":"https:\/\/perle-in.com\/wp-content\/uploads\/2022\/12\/LOGO-PERLE-IN-COULEUR@3x.webp","contentUrl":"https:\/\/perle-in.com\/wp-content\/uploads\/2022\/12\/LOGO-PERLE-IN-COULEUR@3x.webp","width":1600,"height":490,"caption":"PERLE IN"},"image":{"@id":"https:\/\/perle-in.com\/#\/schema\/logo\/image\/"}}]}},"jetpack_sharing_enabled":true,"_links":{"self":[{"href":"https:\/\/perle-in.com\/en\/wp-json\/wp\/v2\/product\/537491","targetHints":{"allow":["GET"]}}],"collection":[{"href":"https:\/\/perle-in.com\/en\/wp-json\/wp\/v2\/product"}],"about":[{"href":"https:\/\/perle-in.com\/en\/wp-json\/wp\/v2\/types\/product"}],"version-history":[{"count":0,"href":"https:\/\/perle-in.com\/en\/wp-json\/wp\/v2\/product\/537491\/revisions"}],"wp:featuredmedia":[{"embeddable":true,"href":"https:\/\/perle-in.com\/en\/wp-json\/wp\/v2\/media\/537480"}],"wp:attachment":[{"href":"https:\/\/perle-in.com\/en\/wp-json\/wp\/v2\/media?parent=537491"}],"wp:term":[{"taxonomy":"product_brand","embeddable":true,"href":"https:\/\/perle-in.com\/en\/wp-json\/wp\/v2\/product_brand?post=537491"},{"taxonomy":"product_cat","embeddable":true,"href":"https:\/\/perle-in.com\/en\/wp-json\/wp\/v2\/product_cat?post=537491"},{"taxonomy":"product_tag","embeddable":true,"href":"https:\/\/perle-in.com\/en\/wp-json\/wp\/v2\/product_tag?post=537491"}],"curies":[{"name":"wp","href":"https:\/\/api.w.org\/{rel}","templated":true}]}}