{"id":537465,"date":"2025-10-14T23:12:51","date_gmt":"2025-10-14T21:12:51","guid":{"rendered":"https:\/\/perle-in.com\/produit\/stylo-roller-mauna-avec-gel-en-pet-recycle-encre-noire\/"},"modified":"2025-10-19T05:45:36","modified_gmt":"2025-10-19T03:45:36","slug":"stylo-roller-mauna-avec-gel-en-pet-recycle-encre-noire","status":"publish","type":"product","link":"https:\/\/perle-in.com\/en\/product\/stylo-roller-mauna-avec-gel-en-pet-recycle-encre-noire\/","title":{"rendered":"Stylo roller Mauna avec gel en PET recycl\u00e9 (encre noire)"},"content":{"rendered":"","protected":false},"excerpt":{"rendered":"<p>Stylo roller fabriqu\u00e9 en plastique PET recycl\u00e9, ce qui r\u00e9duit l&#8217;utilisation de plastique vierge. L&#8217;encre d&#8217;un stylo gel est un m\u00e9lange de composants \u00e0 base d\u2019eau et d&#8217;huile, ce qui lui donne un flux lisse et coh\u00e9rent, comparable \u00e0 celui d&#8217;un stylo plume. Ce type d&#8217;encre est \u00e9galement r\u00e9put\u00e9 pour sa r\u00e9sistance \u00e0 la d\u00e9coloration, ce qui en fait un choix populaire pour les artistes et les \u00e9crivains. Les stylos gel ont g\u00e9n\u00e9ralement une pointe \u00e0 bille fine qui permet une \u00e9criture pr\u00e9cise et contr\u00f4l\u00e9e.<\/p>","protected":false},"featured_media":537456,"template":"","meta":{"_eb_attr":""},"product_brand":[],"product_cat":[552,568],"product_tag":[1521,837,2683,3154,836,561],"class_list":{"0":"post-537465","1":"product","2":"type-product","3":"status-publish","4":"has-post-thumbnail","6":"product_cat-stylos-et-ecriture","7":"product_cat-stylos-bille","8":"product_tag-bille","9":"product_tag-durable","10":"product_tag-ecriture","11":"product_tag-gel","12":"product_tag-recycle","13":"product_tag-stylo","14":"pa_couleurs-blanc","15":"pa_couleurs-bleu-royal","16":"pa_couleurs-noir","17":"pa_couleurs-rouge","18":"pa_matiere-plastique-recycle-pet","20":"first","21":"instock","22":"shipping-taxable","23":"purchasable","24":"product-type-variable"},"yoast_head":"<!-- This site is optimized with the Yoast SEO plugin v27.4 - https:\/\/yoast.com\/product\/yoast-seo-wordpress\/ -->\n<title>Stylo roller Mauna avec gel en PET recycl\u00e9 (encre noire) - PERLE IN<\/title>\n<meta name=\"robots\" content=\"noindex, follow, max-snippet:-1, max-image-preview:large, max-video-preview:-1\" \/>\n<meta property=\"og:locale\" content=\"en_US\" \/>\n<meta property=\"og:type\" content=\"article\" \/>\n<meta property=\"og:title\" content=\"Stylo roller Mauna avec gel en PET recycl\u00e9 (encre noire) - PERLE IN\" \/>\n<meta property=\"og:description\" content=\"Stylo roller fabriqu\u00e9 en plastique PET recycl\u00e9, ce qui r\u00e9duit l&#039;utilisation de plastique vierge. L&#039;encre d&#039;un stylo gel est un m\u00e9lange de composants \u00e0 base d\u2019eau et d&#039;huile, ce qui lui donne un flux lisse et coh\u00e9rent, comparable \u00e0 celui d&#039;un stylo plume. Ce type d&#039;encre est \u00e9galement r\u00e9put\u00e9 pour sa r\u00e9sistance \u00e0 la d\u00e9coloration, ce qui en fait un choix populaire pour les artistes et les \u00e9crivains. Les stylos gel ont g\u00e9n\u00e9ralement une pointe \u00e0 bille fine qui permet une \u00e9criture pr\u00e9cise et contr\u00f4l\u00e9e.\" \/>\n<meta property=\"og:url\" content=\"https:\/\/perle-in.com\/en\/product\/stylo-roller-mauna-avec-gel-en-pet-recycle-encre-noire\/\" \/>\n<meta property=\"og:site_name\" content=\"PERLE IN\" \/>\n<meta property=\"article:modified_time\" content=\"2025-10-19T03:45:36+00:00\" \/>\n<meta property=\"og:image\" content=\"https:\/\/perle-in.com\/wp-content\/uploads\/2025\/10\/10780901-1.jpg\" \/>\n\t<meta property=\"og:image:width\" content=\"1600\" \/>\n\t<meta property=\"og:image:height\" content=\"1600\" \/>\n\t<meta property=\"og:image:type\" content=\"image\/jpeg\" \/>\n<meta name=\"twitter:card\" content=\"summary_large_image\" \/>\n<script type=\"application\/ld+json\" class=\"yoast-schema-graph\">{\"@context\":\"https:\\\/\\\/schema.org\",\"@graph\":[{\"@type\":\"WebPage\",\"@id\":\"https:\\\/\\\/perle-in.com\\\/produit\\\/stylo-roller-mauna-avec-gel-en-pet-recycle-encre-noire\\\/\",\"url\":\"https:\\\/\\\/perle-in.com\\\/produit\\\/stylo-roller-mauna-avec-gel-en-pet-recycle-encre-noire\\\/\",\"name\":\"Stylo roller Mauna avec gel en PET recycl\u00e9 (encre noire) - PERLE IN\",\"isPartOf\":{\"@id\":\"https:\\\/\\\/perle-in.com\\\/#website\"},\"primaryImageOfPage\":{\"@id\":\"https:\\\/\\\/perle-in.com\\\/produit\\\/stylo-roller-mauna-avec-gel-en-pet-recycle-encre-noire\\\/#primaryimage\"},\"image\":{\"@id\":\"https:\\\/\\\/perle-in.com\\\/produit\\\/stylo-roller-mauna-avec-gel-en-pet-recycle-encre-noire\\\/#primaryimage\"},\"thumbnailUrl\":\"https:\\\/\\\/perle-in.com\\\/wp-content\\\/uploads\\\/2025\\\/10\\\/10780901-1.jpg\",\"datePublished\":\"2025-10-14T21:12:51+00:00\",\"dateModified\":\"2025-10-19T03:45:36+00:00\",\"breadcrumb\":{\"@id\":\"https:\\\/\\\/perle-in.com\\\/produit\\\/stylo-roller-mauna-avec-gel-en-pet-recycle-encre-noire\\\/#breadcrumb\"},\"inLanguage\":\"en-CA\",\"potentialAction\":[{\"@type\":\"ReadAction\",\"target\":[\"https:\\\/\\\/perle-in.com\\\/produit\\\/stylo-roller-mauna-avec-gel-en-pet-recycle-encre-noire\\\/\"]}]},{\"@type\":\"ImageObject\",\"inLanguage\":\"en-CA\",\"@id\":\"https:\\\/\\\/perle-in.com\\\/produit\\\/stylo-roller-mauna-avec-gel-en-pet-recycle-encre-noire\\\/#primaryimage\",\"url\":\"https:\\\/\\\/perle-in.com\\\/wp-content\\\/uploads\\\/2025\\\/10\\\/10780901-1.jpg\",\"contentUrl\":\"https:\\\/\\\/perle-in.com\\\/wp-content\\\/uploads\\\/2025\\\/10\\\/10780901-1.jpg\",\"width\":1600,\"height\":1600},{\"@type\":\"BreadcrumbList\",\"@id\":\"https:\\\/\\\/perle-in.com\\\/produit\\\/stylo-roller-mauna-avec-gel-en-pet-recycle-encre-noire\\\/#breadcrumb\",\"itemListElement\":[{\"@type\":\"ListItem\",\"position\":1,\"name\":\"Accueil\",\"item\":\"https:\\\/\\\/perle-in.com\\\/\"},{\"@type\":\"ListItem\",\"position\":2,\"name\":\"Boutique\",\"item\":\"https:\\\/\\\/perle-in.com\\\/boutique\\\/\"},{\"@type\":\"ListItem\",\"position\":3,\"name\":\"Stylo roller Mauna avec gel en PET recycl\u00e9 (encre noire)\"}]},{\"@type\":\"WebSite\",\"@id\":\"https:\\\/\\\/perle-in.com\\\/#website\",\"url\":\"https:\\\/\\\/perle-in.com\\\/\",\"name\":\"PERLE IN\",\"description\":\"\",\"publisher\":{\"@id\":\"https:\\\/\\\/perle-in.com\\\/#organization\"},\"potentialAction\":[{\"@type\":\"SearchAction\",\"target\":{\"@type\":\"EntryPoint\",\"urlTemplate\":\"https:\\\/\\\/perle-in.com\\\/?s={search_term_string}\"},\"query-input\":{\"@type\":\"PropertyValueSpecification\",\"valueRequired\":true,\"valueName\":\"search_term_string\"}}],\"inLanguage\":\"en-CA\"},{\"@type\":\"Organization\",\"@id\":\"https:\\\/\\\/perle-in.com\\\/#organization\",\"name\":\"PERLE IN\",\"url\":\"https:\\\/\\\/perle-in.com\\\/\",\"logo\":{\"@type\":\"ImageObject\",\"inLanguage\":\"en-CA\",\"@id\":\"https:\\\/\\\/perle-in.com\\\/#\\\/schema\\\/logo\\\/image\\\/\",\"url\":\"https:\\\/\\\/perle-in.com\\\/wp-content\\\/uploads\\\/2022\\\/12\\\/LOGO-PERLE-IN-COULEUR@3x.webp\",\"contentUrl\":\"https:\\\/\\\/perle-in.com\\\/wp-content\\\/uploads\\\/2022\\\/12\\\/LOGO-PERLE-IN-COULEUR@3x.webp\",\"width\":1600,\"height\":490,\"caption\":\"PERLE IN\"},\"image\":{\"@id\":\"https:\\\/\\\/perle-in.com\\\/#\\\/schema\\\/logo\\\/image\\\/\"}}]}<\/script>\n<!-- \/ Yoast SEO plugin. -->","yoast_head_json":{"title":"Stylo roller Mauna avec gel en PET recycl\u00e9 (encre noire) - PERLE IN","robots":{"index":"noindex","follow":"follow","max-snippet":"max-snippet:-1","max-image-preview":"max-image-preview:large","max-video-preview":"max-video-preview:-1"},"og_locale":"en_US","og_type":"article","og_title":"Stylo roller Mauna avec gel en PET recycl\u00e9 (encre noire) - PERLE IN","og_description":"Stylo roller fabriqu\u00e9 en plastique PET recycl\u00e9, ce qui r\u00e9duit l'utilisation de plastique vierge. L'encre d'un stylo gel est un m\u00e9lange de composants \u00e0 base d\u2019eau et d'huile, ce qui lui donne un flux lisse et coh\u00e9rent, comparable \u00e0 celui d'un stylo plume. Ce type d'encre est \u00e9galement r\u00e9put\u00e9 pour sa r\u00e9sistance \u00e0 la d\u00e9coloration, ce qui en fait un choix populaire pour les artistes et les \u00e9crivains. Les stylos gel ont g\u00e9n\u00e9ralement une pointe \u00e0 bille fine qui permet une \u00e9criture pr\u00e9cise et contr\u00f4l\u00e9e.","og_url":"https:\/\/perle-in.com\/en\/product\/stylo-roller-mauna-avec-gel-en-pet-recycle-encre-noire\/","og_site_name":"PERLE IN","article_modified_time":"2025-10-19T03:45:36+00:00","og_image":[{"width":1600,"height":1600,"url":"https:\/\/perle-in.com\/wp-content\/uploads\/2025\/10\/10780901-1.jpg","type":"image\/jpeg"}],"twitter_card":"summary_large_image","schema":{"@context":"https:\/\/schema.org","@graph":[{"@type":"WebPage","@id":"https:\/\/perle-in.com\/produit\/stylo-roller-mauna-avec-gel-en-pet-recycle-encre-noire\/","url":"https:\/\/perle-in.com\/produit\/stylo-roller-mauna-avec-gel-en-pet-recycle-encre-noire\/","name":"Stylo roller Mauna avec gel en PET recycl\u00e9 (encre noire) - PERLE IN","isPartOf":{"@id":"https:\/\/perle-in.com\/#website"},"primaryImageOfPage":{"@id":"https:\/\/perle-in.com\/produit\/stylo-roller-mauna-avec-gel-en-pet-recycle-encre-noire\/#primaryimage"},"image":{"@id":"https:\/\/perle-in.com\/produit\/stylo-roller-mauna-avec-gel-en-pet-recycle-encre-noire\/#primaryimage"},"thumbnailUrl":"https:\/\/perle-in.com\/wp-content\/uploads\/2025\/10\/10780901-1.jpg","datePublished":"2025-10-14T21:12:51+00:00","dateModified":"2025-10-19T03:45:36+00:00","breadcrumb":{"@id":"https:\/\/perle-in.com\/produit\/stylo-roller-mauna-avec-gel-en-pet-recycle-encre-noire\/#breadcrumb"},"inLanguage":"en-CA","potentialAction":[{"@type":"ReadAction","target":["https:\/\/perle-in.com\/produit\/stylo-roller-mauna-avec-gel-en-pet-recycle-encre-noire\/"]}]},{"@type":"ImageObject","inLanguage":"en-CA","@id":"https:\/\/perle-in.com\/produit\/stylo-roller-mauna-avec-gel-en-pet-recycle-encre-noire\/#primaryimage","url":"https:\/\/perle-in.com\/wp-content\/uploads\/2025\/10\/10780901-1.jpg","contentUrl":"https:\/\/perle-in.com\/wp-content\/uploads\/2025\/10\/10780901-1.jpg","width":1600,"height":1600},{"@type":"BreadcrumbList","@id":"https:\/\/perle-in.com\/produit\/stylo-roller-mauna-avec-gel-en-pet-recycle-encre-noire\/#breadcrumb","itemListElement":[{"@type":"ListItem","position":1,"name":"Accueil","item":"https:\/\/perle-in.com\/"},{"@type":"ListItem","position":2,"name":"Boutique","item":"https:\/\/perle-in.com\/boutique\/"},{"@type":"ListItem","position":3,"name":"Stylo roller Mauna avec gel en PET recycl\u00e9 (encre noire)"}]},{"@type":"WebSite","@id":"https:\/\/perle-in.com\/#website","url":"https:\/\/perle-in.com\/","name":"PERLE IN","description":"","publisher":{"@id":"https:\/\/perle-in.com\/#organization"},"potentialAction":[{"@type":"SearchAction","target":{"@type":"EntryPoint","urlTemplate":"https:\/\/perle-in.com\/?s={search_term_string}"},"query-input":{"@type":"PropertyValueSpecification","valueRequired":true,"valueName":"search_term_string"}}],"inLanguage":"en-CA"},{"@type":"Organization","@id":"https:\/\/perle-in.com\/#organization","name":"PERLE IN","url":"https:\/\/perle-in.com\/","logo":{"@type":"ImageObject","inLanguage":"en-CA","@id":"https:\/\/perle-in.com\/#\/schema\/logo\/image\/","url":"https:\/\/perle-in.com\/wp-content\/uploads\/2022\/12\/LOGO-PERLE-IN-COULEUR@3x.webp","contentUrl":"https:\/\/perle-in.com\/wp-content\/uploads\/2022\/12\/LOGO-PERLE-IN-COULEUR@3x.webp","width":1600,"height":490,"caption":"PERLE IN"},"image":{"@id":"https:\/\/perle-in.com\/#\/schema\/logo\/image\/"}}]}},"jetpack_sharing_enabled":true,"_links":{"self":[{"href":"https:\/\/perle-in.com\/en\/wp-json\/wp\/v2\/product\/537465","targetHints":{"allow":["GET"]}}],"collection":[{"href":"https:\/\/perle-in.com\/en\/wp-json\/wp\/v2\/product"}],"about":[{"href":"https:\/\/perle-in.com\/en\/wp-json\/wp\/v2\/types\/product"}],"version-history":[{"count":0,"href":"https:\/\/perle-in.com\/en\/wp-json\/wp\/v2\/product\/537465\/revisions"}],"wp:featuredmedia":[{"embeddable":true,"href":"https:\/\/perle-in.com\/en\/wp-json\/wp\/v2\/media\/537456"}],"wp:attachment":[{"href":"https:\/\/perle-in.com\/en\/wp-json\/wp\/v2\/media?parent=537465"}],"wp:term":[{"taxonomy":"product_brand","embeddable":true,"href":"https:\/\/perle-in.com\/en\/wp-json\/wp\/v2\/product_brand?post=537465"},{"taxonomy":"product_cat","embeddable":true,"href":"https:\/\/perle-in.com\/en\/wp-json\/wp\/v2\/product_cat?post=537465"},{"taxonomy":"product_tag","embeddable":true,"href":"https:\/\/perle-in.com\/en\/wp-json\/wp\/v2\/product_tag?post=537465"}],"curies":[{"name":"wp","href":"https:\/\/api.w.org\/{rel}","templated":true}]}}