{"id":537422,"date":"2025-10-14T23:04:25","date_gmt":"2025-10-14T21:04:25","guid":{"rendered":"https:\/\/perle-in.com\/produit\/haut-parleur-bluetooth-et-tapis-de-charge-sans-fil-ecofiber-en-bamboo-rpet\/"},"modified":"2025-10-19T05:45:35","modified_gmt":"2025-10-19T03:45:35","slug":"haut-parleur-bluetooth-et-tapis-de-charge-sans-fil-ecofiber-en-bamboo-rpet","status":"publish","type":"product","link":"https:\/\/perle-in.com\/en\/product\/haut-parleur-bluetooth-et-tapis-de-charge-sans-fil-ecofiber-en-bamboo-rpet\/","title":{"rendered":"Haut-parleur Bluetooth\u00ae et tapis de charge sans fil Ecofiber en bamboo\/RPET"},"content":{"rendered":"","protected":false},"excerpt":{"rendered":"<p>Un choix plus durable\u00a0! Le haut-parleur Ecofiber de 3\u00a0W produit un son cristallin par connexion Bluetooth\u00ae ou AUX, ce qui le rend parfait pour le bureau ou la maison. L&#8217;aspect m\u00e9lange de mat\u00e9riaux \u00e0 la mode de l&#8217;emballage en bambou et tissu recycl\u00e9 attirera l&#8217;attention de tous. La partie sup\u00e9rieure du haut-parleur fonctionne \u00e9galement comme un tapis de charge sans fil de 10\u00a0W, capable de charger n&#8217;importe quel appareil compatible avec la charge sans fil. La batterie int\u00e9gr\u00e9e de 1\u00a0200\u00a0mAh permet de lire de la musique pendant plus de 6\u00a0h. Avec contr\u00f4le de la musique et micro int\u00e9gr\u00e9s pour garder les mains libres. Livr\u00e9 avec un c\u00e2ble de charge de 90\u00a0cm TPE 2\u00a0A USB-A vers Type-C. Port\u00e9e de fonctionnement du Bluetooth\u00ae de 10\u00a0m\u00e8tres. Bluetooth\u00ae version 5.3. Livr\u00e9 avec un coffret cadeau en papier Kraft et un manuel d&#8217;instructions. <\/p>","protected":false},"featured_media":537414,"template":"","meta":{"_eb_attr":""},"product_brand":[],"product_cat":[817,667],"product_tag":[1128,818,814,837,819,820,822,986,1019,1155],"class_list":{"0":"post-537422","1":"product","2":"type-product","3":"status-publish","4":"has-post-thumbnail","6":"product_cat-enceintes","7":"product_cat-technologie","8":"product_tag-bambou","9":"product_tag-bluetooth","10":"product_tag-chargement","11":"product_tag-durable","12":"product_tag-haut-parleur","13":"product_tag-haut-parleurs","14":"product_tag-musique","15":"product_tag-rpet","16":"product_tag-sans-fil","17":"product_tag-tapis","18":"pa_couleurs-naturel-gris","19":"pa_green-points-1501","20":"pa_matiere-bambou-pet-polyester-recycle","22":"first","23":"instock","24":"shipping-taxable","25":"purchasable","26":"product-type-variable"},"yoast_head":"<!-- This site is optimized with the Yoast SEO plugin v27.4 - https:\/\/yoast.com\/product\/yoast-seo-wordpress\/ -->\n<title>Haut-parleur Bluetooth\u00ae et tapis de charge sans fil Ecofiber en bamboo\/RPET - PERLE IN<\/title>\n<meta name=\"robots\" content=\"noindex, follow, max-snippet:-1, max-image-preview:large, max-video-preview:-1\" \/>\n<meta property=\"og:locale\" content=\"en_US\" \/>\n<meta property=\"og:type\" content=\"article\" \/>\n<meta property=\"og:title\" content=\"Haut-parleur Bluetooth\u00ae et tapis de charge sans fil Ecofiber en bamboo\/RPET - PERLE IN\" \/>\n<meta property=\"og:description\" content=\"Un choix plus durable\u00a0! Le haut-parleur Ecofiber de 3\u00a0W produit un son cristallin par connexion Bluetooth\u00ae ou AUX, ce qui le rend parfait pour le bureau ou la maison. L&#039;aspect m\u00e9lange de mat\u00e9riaux \u00e0 la mode de l&#039;emballage en bambou et tissu recycl\u00e9 attirera l&#039;attention de tous. La partie sup\u00e9rieure du haut-parleur fonctionne \u00e9galement comme un tapis de charge sans fil de 10\u00a0W, capable de charger n&#039;importe quel appareil compatible avec la charge sans fil. La batterie int\u00e9gr\u00e9e de 1\u00a0200\u00a0mAh permet de lire de la musique pendant plus de 6\u00a0h. Avec contr\u00f4le de la musique et micro int\u00e9gr\u00e9s pour garder les mains libres. Livr\u00e9 avec un c\u00e2ble de charge de 90\u00a0cm TPE 2\u00a0A USB-A vers Type-C. Port\u00e9e de fonctionnement du Bluetooth\u00ae de 10\u00a0m\u00e8tres. Bluetooth\u00ae version 5.3. Livr\u00e9 avec un coffret cadeau en papier Kraft et un manuel d&#039;instructions.\" \/>\n<meta property=\"og:url\" content=\"https:\/\/perle-in.com\/en\/product\/haut-parleur-bluetooth-et-tapis-de-charge-sans-fil-ecofiber-en-bamboo-rpet\/\" \/>\n<meta property=\"og:site_name\" content=\"PERLE IN\" \/>\n<meta property=\"article:modified_time\" content=\"2025-10-19T03:45:35+00:00\" \/>\n<meta property=\"og:image\" content=\"https:\/\/perle-in.com\/wp-content\/uploads\/2025\/10\/12431806-1.jpg\" \/>\n\t<meta property=\"og:image:width\" content=\"1600\" \/>\n\t<meta property=\"og:image:height\" content=\"1600\" \/>\n\t<meta property=\"og:image:type\" content=\"image\/jpeg\" \/>\n<meta name=\"twitter:card\" content=\"summary_large_image\" \/>\n<script type=\"application\/ld+json\" class=\"yoast-schema-graph\">{\"@context\":\"https:\\\/\\\/schema.org\",\"@graph\":[{\"@type\":\"WebPage\",\"@id\":\"https:\\\/\\\/perle-in.com\\\/produit\\\/haut-parleur-bluetooth-et-tapis-de-charge-sans-fil-ecofiber-en-bamboo-rpet\\\/\",\"url\":\"https:\\\/\\\/perle-in.com\\\/produit\\\/haut-parleur-bluetooth-et-tapis-de-charge-sans-fil-ecofiber-en-bamboo-rpet\\\/\",\"name\":\"Haut-parleur Bluetooth\u00ae et tapis de charge sans fil Ecofiber en bamboo\\\/RPET - PERLE IN\",\"isPartOf\":{\"@id\":\"https:\\\/\\\/perle-in.com\\\/#website\"},\"primaryImageOfPage\":{\"@id\":\"https:\\\/\\\/perle-in.com\\\/produit\\\/haut-parleur-bluetooth-et-tapis-de-charge-sans-fil-ecofiber-en-bamboo-rpet\\\/#primaryimage\"},\"image\":{\"@id\":\"https:\\\/\\\/perle-in.com\\\/produit\\\/haut-parleur-bluetooth-et-tapis-de-charge-sans-fil-ecofiber-en-bamboo-rpet\\\/#primaryimage\"},\"thumbnailUrl\":\"https:\\\/\\\/perle-in.com\\\/wp-content\\\/uploads\\\/2025\\\/10\\\/12431806-1.jpg\",\"datePublished\":\"2025-10-14T21:04:25+00:00\",\"dateModified\":\"2025-10-19T03:45:35+00:00\",\"breadcrumb\":{\"@id\":\"https:\\\/\\\/perle-in.com\\\/produit\\\/haut-parleur-bluetooth-et-tapis-de-charge-sans-fil-ecofiber-en-bamboo-rpet\\\/#breadcrumb\"},\"inLanguage\":\"en-CA\",\"potentialAction\":[{\"@type\":\"ReadAction\",\"target\":[\"https:\\\/\\\/perle-in.com\\\/produit\\\/haut-parleur-bluetooth-et-tapis-de-charge-sans-fil-ecofiber-en-bamboo-rpet\\\/\"]}]},{\"@type\":\"ImageObject\",\"inLanguage\":\"en-CA\",\"@id\":\"https:\\\/\\\/perle-in.com\\\/produit\\\/haut-parleur-bluetooth-et-tapis-de-charge-sans-fil-ecofiber-en-bamboo-rpet\\\/#primaryimage\",\"url\":\"https:\\\/\\\/perle-in.com\\\/wp-content\\\/uploads\\\/2025\\\/10\\\/12431806-1.jpg\",\"contentUrl\":\"https:\\\/\\\/perle-in.com\\\/wp-content\\\/uploads\\\/2025\\\/10\\\/12431806-1.jpg\",\"width\":1600,\"height\":1600},{\"@type\":\"BreadcrumbList\",\"@id\":\"https:\\\/\\\/perle-in.com\\\/produit\\\/haut-parleur-bluetooth-et-tapis-de-charge-sans-fil-ecofiber-en-bamboo-rpet\\\/#breadcrumb\",\"itemListElement\":[{\"@type\":\"ListItem\",\"position\":1,\"name\":\"Accueil\",\"item\":\"https:\\\/\\\/perle-in.com\\\/\"},{\"@type\":\"ListItem\",\"position\":2,\"name\":\"Boutique\",\"item\":\"https:\\\/\\\/perle-in.com\\\/boutique\\\/\"},{\"@type\":\"ListItem\",\"position\":3,\"name\":\"Haut-parleur Bluetooth\u00ae et tapis de charge sans fil Ecofiber en bamboo\\\/RPET\"}]},{\"@type\":\"WebSite\",\"@id\":\"https:\\\/\\\/perle-in.com\\\/#website\",\"url\":\"https:\\\/\\\/perle-in.com\\\/\",\"name\":\"PERLE IN\",\"description\":\"\",\"publisher\":{\"@id\":\"https:\\\/\\\/perle-in.com\\\/#organization\"},\"potentialAction\":[{\"@type\":\"SearchAction\",\"target\":{\"@type\":\"EntryPoint\",\"urlTemplate\":\"https:\\\/\\\/perle-in.com\\\/?s={search_term_string}\"},\"query-input\":{\"@type\":\"PropertyValueSpecification\",\"valueRequired\":true,\"valueName\":\"search_term_string\"}}],\"inLanguage\":\"en-CA\"},{\"@type\":\"Organization\",\"@id\":\"https:\\\/\\\/perle-in.com\\\/#organization\",\"name\":\"PERLE IN\",\"url\":\"https:\\\/\\\/perle-in.com\\\/\",\"logo\":{\"@type\":\"ImageObject\",\"inLanguage\":\"en-CA\",\"@id\":\"https:\\\/\\\/perle-in.com\\\/#\\\/schema\\\/logo\\\/image\\\/\",\"url\":\"https:\\\/\\\/perle-in.com\\\/wp-content\\\/uploads\\\/2022\\\/12\\\/LOGO-PERLE-IN-COULEUR@3x.webp\",\"contentUrl\":\"https:\\\/\\\/perle-in.com\\\/wp-content\\\/uploads\\\/2022\\\/12\\\/LOGO-PERLE-IN-COULEUR@3x.webp\",\"width\":1600,\"height\":490,\"caption\":\"PERLE IN\"},\"image\":{\"@id\":\"https:\\\/\\\/perle-in.com\\\/#\\\/schema\\\/logo\\\/image\\\/\"}}]}<\/script>\n<!-- \/ Yoast SEO plugin. -->","yoast_head_json":{"title":"Haut-parleur Bluetooth\u00ae et tapis de charge sans fil Ecofiber en bamboo\/RPET - PERLE IN","robots":{"index":"noindex","follow":"follow","max-snippet":"max-snippet:-1","max-image-preview":"max-image-preview:large","max-video-preview":"max-video-preview:-1"},"og_locale":"en_US","og_type":"article","og_title":"Haut-parleur Bluetooth\u00ae et tapis de charge sans fil Ecofiber en bamboo\/RPET - PERLE IN","og_description":"Un choix plus durable\u00a0! Le haut-parleur Ecofiber de 3\u00a0W produit un son cristallin par connexion Bluetooth\u00ae ou AUX, ce qui le rend parfait pour le bureau ou la maison. L'aspect m\u00e9lange de mat\u00e9riaux \u00e0 la mode de l'emballage en bambou et tissu recycl\u00e9 attirera l'attention de tous. La partie sup\u00e9rieure du haut-parleur fonctionne \u00e9galement comme un tapis de charge sans fil de 10\u00a0W, capable de charger n'importe quel appareil compatible avec la charge sans fil. La batterie int\u00e9gr\u00e9e de 1\u00a0200\u00a0mAh permet de lire de la musique pendant plus de 6\u00a0h. Avec contr\u00f4le de la musique et micro int\u00e9gr\u00e9s pour garder les mains libres. Livr\u00e9 avec un c\u00e2ble de charge de 90\u00a0cm TPE 2\u00a0A USB-A vers Type-C. Port\u00e9e de fonctionnement du Bluetooth\u00ae de 10\u00a0m\u00e8tres. Bluetooth\u00ae version 5.3. Livr\u00e9 avec un coffret cadeau en papier Kraft et un manuel d'instructions.","og_url":"https:\/\/perle-in.com\/en\/product\/haut-parleur-bluetooth-et-tapis-de-charge-sans-fil-ecofiber-en-bamboo-rpet\/","og_site_name":"PERLE IN","article_modified_time":"2025-10-19T03:45:35+00:00","og_image":[{"width":1600,"height":1600,"url":"https:\/\/perle-in.com\/wp-content\/uploads\/2025\/10\/12431806-1.jpg","type":"image\/jpeg"}],"twitter_card":"summary_large_image","schema":{"@context":"https:\/\/schema.org","@graph":[{"@type":"WebPage","@id":"https:\/\/perle-in.com\/produit\/haut-parleur-bluetooth-et-tapis-de-charge-sans-fil-ecofiber-en-bamboo-rpet\/","url":"https:\/\/perle-in.com\/produit\/haut-parleur-bluetooth-et-tapis-de-charge-sans-fil-ecofiber-en-bamboo-rpet\/","name":"Haut-parleur Bluetooth\u00ae et tapis de charge sans fil Ecofiber en bamboo\/RPET - PERLE IN","isPartOf":{"@id":"https:\/\/perle-in.com\/#website"},"primaryImageOfPage":{"@id":"https:\/\/perle-in.com\/produit\/haut-parleur-bluetooth-et-tapis-de-charge-sans-fil-ecofiber-en-bamboo-rpet\/#primaryimage"},"image":{"@id":"https:\/\/perle-in.com\/produit\/haut-parleur-bluetooth-et-tapis-de-charge-sans-fil-ecofiber-en-bamboo-rpet\/#primaryimage"},"thumbnailUrl":"https:\/\/perle-in.com\/wp-content\/uploads\/2025\/10\/12431806-1.jpg","datePublished":"2025-10-14T21:04:25+00:00","dateModified":"2025-10-19T03:45:35+00:00","breadcrumb":{"@id":"https:\/\/perle-in.com\/produit\/haut-parleur-bluetooth-et-tapis-de-charge-sans-fil-ecofiber-en-bamboo-rpet\/#breadcrumb"},"inLanguage":"en-CA","potentialAction":[{"@type":"ReadAction","target":["https:\/\/perle-in.com\/produit\/haut-parleur-bluetooth-et-tapis-de-charge-sans-fil-ecofiber-en-bamboo-rpet\/"]}]},{"@type":"ImageObject","inLanguage":"en-CA","@id":"https:\/\/perle-in.com\/produit\/haut-parleur-bluetooth-et-tapis-de-charge-sans-fil-ecofiber-en-bamboo-rpet\/#primaryimage","url":"https:\/\/perle-in.com\/wp-content\/uploads\/2025\/10\/12431806-1.jpg","contentUrl":"https:\/\/perle-in.com\/wp-content\/uploads\/2025\/10\/12431806-1.jpg","width":1600,"height":1600},{"@type":"BreadcrumbList","@id":"https:\/\/perle-in.com\/produit\/haut-parleur-bluetooth-et-tapis-de-charge-sans-fil-ecofiber-en-bamboo-rpet\/#breadcrumb","itemListElement":[{"@type":"ListItem","position":1,"name":"Accueil","item":"https:\/\/perle-in.com\/"},{"@type":"ListItem","position":2,"name":"Boutique","item":"https:\/\/perle-in.com\/boutique\/"},{"@type":"ListItem","position":3,"name":"Haut-parleur Bluetooth\u00ae et tapis de charge sans fil Ecofiber en bamboo\/RPET"}]},{"@type":"WebSite","@id":"https:\/\/perle-in.com\/#website","url":"https:\/\/perle-in.com\/","name":"PERLE IN","description":"","publisher":{"@id":"https:\/\/perle-in.com\/#organization"},"potentialAction":[{"@type":"SearchAction","target":{"@type":"EntryPoint","urlTemplate":"https:\/\/perle-in.com\/?s={search_term_string}"},"query-input":{"@type":"PropertyValueSpecification","valueRequired":true,"valueName":"search_term_string"}}],"inLanguage":"en-CA"},{"@type":"Organization","@id":"https:\/\/perle-in.com\/#organization","name":"PERLE IN","url":"https:\/\/perle-in.com\/","logo":{"@type":"ImageObject","inLanguage":"en-CA","@id":"https:\/\/perle-in.com\/#\/schema\/logo\/image\/","url":"https:\/\/perle-in.com\/wp-content\/uploads\/2022\/12\/LOGO-PERLE-IN-COULEUR@3x.webp","contentUrl":"https:\/\/perle-in.com\/wp-content\/uploads\/2022\/12\/LOGO-PERLE-IN-COULEUR@3x.webp","width":1600,"height":490,"caption":"PERLE IN"},"image":{"@id":"https:\/\/perle-in.com\/#\/schema\/logo\/image\/"}}]}},"jetpack_sharing_enabled":true,"_links":{"self":[{"href":"https:\/\/perle-in.com\/en\/wp-json\/wp\/v2\/product\/537422","targetHints":{"allow":["GET"]}}],"collection":[{"href":"https:\/\/perle-in.com\/en\/wp-json\/wp\/v2\/product"}],"about":[{"href":"https:\/\/perle-in.com\/en\/wp-json\/wp\/v2\/types\/product"}],"version-history":[{"count":0,"href":"https:\/\/perle-in.com\/en\/wp-json\/wp\/v2\/product\/537422\/revisions"}],"wp:featuredmedia":[{"embeddable":true,"href":"https:\/\/perle-in.com\/en\/wp-json\/wp\/v2\/media\/537414"}],"wp:attachment":[{"href":"https:\/\/perle-in.com\/en\/wp-json\/wp\/v2\/media?parent=537422"}],"wp:term":[{"taxonomy":"product_brand","embeddable":true,"href":"https:\/\/perle-in.com\/en\/wp-json\/wp\/v2\/product_brand?post=537422"},{"taxonomy":"product_cat","embeddable":true,"href":"https:\/\/perle-in.com\/en\/wp-json\/wp\/v2\/product_cat?post=537422"},{"taxonomy":"product_tag","embeddable":true,"href":"https:\/\/perle-in.com\/en\/wp-json\/wp\/v2\/product_tag?post=537422"}],"curies":[{"name":"wp","href":"https:\/\/api.w.org\/{rel}","templated":true}]}}