{"id":537399,"date":"2025-10-14T23:02:53","date_gmt":"2025-10-14T21:02:53","guid":{"rendered":"https:\/\/perle-in.com\/produit\/sac-de-sport-joey-de-25-l-en-toile-recyclee-grs\/"},"modified":"2025-10-19T05:45:35","modified_gmt":"2025-10-19T03:45:35","slug":"sac-de-sport-joey-de-25-l-en-toile-recyclee-grs","status":"publish","type":"product","link":"https:\/\/perle-in.com\/en\/product\/sac-de-sport-joey-de-25-l-en-toile-recyclee-grs\/","title":{"rendered":"Sac de sport Joey de 25\u00a0L en toile recycl\u00e9e GRS"},"content":{"rendered":"","protected":false},"excerpt":{"rendered":"<p>Compos\u00e9 de mat\u00e9riaux hautement r\u00e9sistants, d&#8217;une toile recycl\u00e9e GRS et d&#8217;une doublure GRS RPET, le sac de sport Joey de 25\u00a0litres dispose d&#8217;un compartiment principal zipp\u00e9 spacieux avec une poche int\u00e9rieure zipp\u00e9e s\u00e9curis\u00e9e. Il dispose \u00e9galement d&#8217;une poche avant ouverte et d&#8217;une autre poche zipp\u00e9e \u00e0 l&#8217;arri\u00e8re pour un caddie et il peut \u00eatre transport\u00e9 soit par des poign\u00e9es en sangle renforc\u00e9es, soit par la bandouli\u00e8re amovible et r\u00e9glable pour plus de confort. La plaque m\u00e9tallique d\u00e9corative peut faire briller un logo gr\u00e2ce \u00e0 sa finition subtile et mate.<\/p>","protected":false},"featured_media":537387,"template":"","meta":{"_eb_attr":""},"product_brand":[],"product_cat":[159,1215],"product_tag":[837,2654,986,282,203],"class_list":{"0":"post-537399","1":"product","2":"type-product","3":"status-publish","4":"has-post-thumbnail","6":"product_cat-sacs","7":"product_cat-sacs-de-sport-et-de-gym","8":"product_tag-durable","9":"product_tag-grs","10":"product_tag-rpet","11":"product_tag-sac","12":"product_tag-sport","13":"pa_couleurs-gris","14":"pa_couleurs-marine","15":"pa_couleurs-noir","16":"pa_couleurs-olive","17":"pa_green-points-2830","18":"pa_matiere-80-coton-recycle-certifie-grs-et-20-coton-330-g-m2","20":"first","21":"instock","22":"shipping-taxable","23":"purchasable","24":"product-type-variable"},"yoast_head":"<!-- This site is optimized with the Yoast SEO plugin v27.4 - https:\/\/yoast.com\/product\/yoast-seo-wordpress\/ -->\n<title>Sac de sport Joey de 25\u00a0L en toile recycl\u00e9e GRS - PERLE IN<\/title>\n<meta name=\"robots\" content=\"noindex, follow, max-snippet:-1, max-image-preview:large, max-video-preview:-1\" \/>\n<meta property=\"og:locale\" content=\"en_US\" \/>\n<meta property=\"og:type\" content=\"article\" \/>\n<meta property=\"og:title\" content=\"Sac de sport Joey de 25\u00a0L en toile recycl\u00e9e GRS - PERLE IN\" \/>\n<meta property=\"og:description\" content=\"Compos\u00e9 de mat\u00e9riaux hautement r\u00e9sistants, d&#039;une toile recycl\u00e9e GRS et d&#039;une doublure GRS RPET, le sac de sport Joey de 25\u00a0litres dispose d&#039;un compartiment principal zipp\u00e9 spacieux avec une poche int\u00e9rieure zipp\u00e9e s\u00e9curis\u00e9e. Il dispose \u00e9galement d&#039;une poche avant ouverte et d&#039;une autre poche zipp\u00e9e \u00e0 l&#039;arri\u00e8re pour un caddie et il peut \u00eatre transport\u00e9 soit par des poign\u00e9es en sangle renforc\u00e9es, soit par la bandouli\u00e8re amovible et r\u00e9glable pour plus de confort. La plaque m\u00e9tallique d\u00e9corative peut faire briller un logo gr\u00e2ce \u00e0 sa finition subtile et mate.\" \/>\n<meta property=\"og:url\" content=\"https:\/\/perle-in.com\/en\/product\/sac-de-sport-joey-de-25-l-en-toile-recyclee-grs\/\" \/>\n<meta property=\"og:site_name\" content=\"PERLE IN\" \/>\n<meta property=\"article:modified_time\" content=\"2025-10-19T03:45:35+00:00\" \/>\n<meta property=\"og:image\" content=\"https:\/\/perle-in.com\/wp-content\/uploads\/2025\/10\/12068155-1.jpg\" \/>\n\t<meta property=\"og:image:width\" content=\"1600\" \/>\n\t<meta property=\"og:image:height\" content=\"1600\" \/>\n\t<meta property=\"og:image:type\" content=\"image\/jpeg\" \/>\n<meta name=\"twitter:card\" content=\"summary_large_image\" \/>\n<script type=\"application\/ld+json\" class=\"yoast-schema-graph\">{\"@context\":\"https:\\\/\\\/schema.org\",\"@graph\":[{\"@type\":\"WebPage\",\"@id\":\"https:\\\/\\\/perle-in.com\\\/produit\\\/sac-de-sport-joey-de-25-l-en-toile-recyclee-grs\\\/\",\"url\":\"https:\\\/\\\/perle-in.com\\\/produit\\\/sac-de-sport-joey-de-25-l-en-toile-recyclee-grs\\\/\",\"name\":\"Sac de sport Joey de 25\u00a0L en toile recycl\u00e9e GRS - PERLE IN\",\"isPartOf\":{\"@id\":\"https:\\\/\\\/perle-in.com\\\/#website\"},\"primaryImageOfPage\":{\"@id\":\"https:\\\/\\\/perle-in.com\\\/produit\\\/sac-de-sport-joey-de-25-l-en-toile-recyclee-grs\\\/#primaryimage\"},\"image\":{\"@id\":\"https:\\\/\\\/perle-in.com\\\/produit\\\/sac-de-sport-joey-de-25-l-en-toile-recyclee-grs\\\/#primaryimage\"},\"thumbnailUrl\":\"https:\\\/\\\/perle-in.com\\\/wp-content\\\/uploads\\\/2025\\\/10\\\/12068155-1.jpg\",\"datePublished\":\"2025-10-14T21:02:53+00:00\",\"dateModified\":\"2025-10-19T03:45:35+00:00\",\"breadcrumb\":{\"@id\":\"https:\\\/\\\/perle-in.com\\\/produit\\\/sac-de-sport-joey-de-25-l-en-toile-recyclee-grs\\\/#breadcrumb\"},\"inLanguage\":\"en-CA\",\"potentialAction\":[{\"@type\":\"ReadAction\",\"target\":[\"https:\\\/\\\/perle-in.com\\\/produit\\\/sac-de-sport-joey-de-25-l-en-toile-recyclee-grs\\\/\"]}]},{\"@type\":\"ImageObject\",\"inLanguage\":\"en-CA\",\"@id\":\"https:\\\/\\\/perle-in.com\\\/produit\\\/sac-de-sport-joey-de-25-l-en-toile-recyclee-grs\\\/#primaryimage\",\"url\":\"https:\\\/\\\/perle-in.com\\\/wp-content\\\/uploads\\\/2025\\\/10\\\/12068155-1.jpg\",\"contentUrl\":\"https:\\\/\\\/perle-in.com\\\/wp-content\\\/uploads\\\/2025\\\/10\\\/12068155-1.jpg\",\"width\":1600,\"height\":1600},{\"@type\":\"BreadcrumbList\",\"@id\":\"https:\\\/\\\/perle-in.com\\\/produit\\\/sac-de-sport-joey-de-25-l-en-toile-recyclee-grs\\\/#breadcrumb\",\"itemListElement\":[{\"@type\":\"ListItem\",\"position\":1,\"name\":\"Accueil\",\"item\":\"https:\\\/\\\/perle-in.com\\\/\"},{\"@type\":\"ListItem\",\"position\":2,\"name\":\"Boutique\",\"item\":\"https:\\\/\\\/perle-in.com\\\/boutique\\\/\"},{\"@type\":\"ListItem\",\"position\":3,\"name\":\"Sac de sport Joey de 25\u00a0L en toile recycl\u00e9e GRS\"}]},{\"@type\":\"WebSite\",\"@id\":\"https:\\\/\\\/perle-in.com\\\/#website\",\"url\":\"https:\\\/\\\/perle-in.com\\\/\",\"name\":\"PERLE IN\",\"description\":\"\",\"publisher\":{\"@id\":\"https:\\\/\\\/perle-in.com\\\/#organization\"},\"potentialAction\":[{\"@type\":\"SearchAction\",\"target\":{\"@type\":\"EntryPoint\",\"urlTemplate\":\"https:\\\/\\\/perle-in.com\\\/?s={search_term_string}\"},\"query-input\":{\"@type\":\"PropertyValueSpecification\",\"valueRequired\":true,\"valueName\":\"search_term_string\"}}],\"inLanguage\":\"en-CA\"},{\"@type\":\"Organization\",\"@id\":\"https:\\\/\\\/perle-in.com\\\/#organization\",\"name\":\"PERLE IN\",\"url\":\"https:\\\/\\\/perle-in.com\\\/\",\"logo\":{\"@type\":\"ImageObject\",\"inLanguage\":\"en-CA\",\"@id\":\"https:\\\/\\\/perle-in.com\\\/#\\\/schema\\\/logo\\\/image\\\/\",\"url\":\"https:\\\/\\\/perle-in.com\\\/wp-content\\\/uploads\\\/2022\\\/12\\\/LOGO-PERLE-IN-COULEUR@3x.webp\",\"contentUrl\":\"https:\\\/\\\/perle-in.com\\\/wp-content\\\/uploads\\\/2022\\\/12\\\/LOGO-PERLE-IN-COULEUR@3x.webp\",\"width\":1600,\"height\":490,\"caption\":\"PERLE IN\"},\"image\":{\"@id\":\"https:\\\/\\\/perle-in.com\\\/#\\\/schema\\\/logo\\\/image\\\/\"}}]}<\/script>\n<!-- \/ Yoast SEO plugin. -->","yoast_head_json":{"title":"Sac de sport Joey de 25\u00a0L en toile recycl\u00e9e GRS - PERLE IN","robots":{"index":"noindex","follow":"follow","max-snippet":"max-snippet:-1","max-image-preview":"max-image-preview:large","max-video-preview":"max-video-preview:-1"},"og_locale":"en_US","og_type":"article","og_title":"Sac de sport Joey de 25\u00a0L en toile recycl\u00e9e GRS - PERLE IN","og_description":"Compos\u00e9 de mat\u00e9riaux hautement r\u00e9sistants, d'une toile recycl\u00e9e GRS et d'une doublure GRS RPET, le sac de sport Joey de 25\u00a0litres dispose d'un compartiment principal zipp\u00e9 spacieux avec une poche int\u00e9rieure zipp\u00e9e s\u00e9curis\u00e9e. Il dispose \u00e9galement d'une poche avant ouverte et d'une autre poche zipp\u00e9e \u00e0 l'arri\u00e8re pour un caddie et il peut \u00eatre transport\u00e9 soit par des poign\u00e9es en sangle renforc\u00e9es, soit par la bandouli\u00e8re amovible et r\u00e9glable pour plus de confort. La plaque m\u00e9tallique d\u00e9corative peut faire briller un logo gr\u00e2ce \u00e0 sa finition subtile et mate.","og_url":"https:\/\/perle-in.com\/en\/product\/sac-de-sport-joey-de-25-l-en-toile-recyclee-grs\/","og_site_name":"PERLE IN","article_modified_time":"2025-10-19T03:45:35+00:00","og_image":[{"width":1600,"height":1600,"url":"https:\/\/perle-in.com\/wp-content\/uploads\/2025\/10\/12068155-1.jpg","type":"image\/jpeg"}],"twitter_card":"summary_large_image","schema":{"@context":"https:\/\/schema.org","@graph":[{"@type":"WebPage","@id":"https:\/\/perle-in.com\/produit\/sac-de-sport-joey-de-25-l-en-toile-recyclee-grs\/","url":"https:\/\/perle-in.com\/produit\/sac-de-sport-joey-de-25-l-en-toile-recyclee-grs\/","name":"Sac de sport Joey de 25\u00a0L en toile recycl\u00e9e GRS - PERLE IN","isPartOf":{"@id":"https:\/\/perle-in.com\/#website"},"primaryImageOfPage":{"@id":"https:\/\/perle-in.com\/produit\/sac-de-sport-joey-de-25-l-en-toile-recyclee-grs\/#primaryimage"},"image":{"@id":"https:\/\/perle-in.com\/produit\/sac-de-sport-joey-de-25-l-en-toile-recyclee-grs\/#primaryimage"},"thumbnailUrl":"https:\/\/perle-in.com\/wp-content\/uploads\/2025\/10\/12068155-1.jpg","datePublished":"2025-10-14T21:02:53+00:00","dateModified":"2025-10-19T03:45:35+00:00","breadcrumb":{"@id":"https:\/\/perle-in.com\/produit\/sac-de-sport-joey-de-25-l-en-toile-recyclee-grs\/#breadcrumb"},"inLanguage":"en-CA","potentialAction":[{"@type":"ReadAction","target":["https:\/\/perle-in.com\/produit\/sac-de-sport-joey-de-25-l-en-toile-recyclee-grs\/"]}]},{"@type":"ImageObject","inLanguage":"en-CA","@id":"https:\/\/perle-in.com\/produit\/sac-de-sport-joey-de-25-l-en-toile-recyclee-grs\/#primaryimage","url":"https:\/\/perle-in.com\/wp-content\/uploads\/2025\/10\/12068155-1.jpg","contentUrl":"https:\/\/perle-in.com\/wp-content\/uploads\/2025\/10\/12068155-1.jpg","width":1600,"height":1600},{"@type":"BreadcrumbList","@id":"https:\/\/perle-in.com\/produit\/sac-de-sport-joey-de-25-l-en-toile-recyclee-grs\/#breadcrumb","itemListElement":[{"@type":"ListItem","position":1,"name":"Accueil","item":"https:\/\/perle-in.com\/"},{"@type":"ListItem","position":2,"name":"Boutique","item":"https:\/\/perle-in.com\/boutique\/"},{"@type":"ListItem","position":3,"name":"Sac de sport Joey de 25\u00a0L en toile recycl\u00e9e GRS"}]},{"@type":"WebSite","@id":"https:\/\/perle-in.com\/#website","url":"https:\/\/perle-in.com\/","name":"PERLE IN","description":"","publisher":{"@id":"https:\/\/perle-in.com\/#organization"},"potentialAction":[{"@type":"SearchAction","target":{"@type":"EntryPoint","urlTemplate":"https:\/\/perle-in.com\/?s={search_term_string}"},"query-input":{"@type":"PropertyValueSpecification","valueRequired":true,"valueName":"search_term_string"}}],"inLanguage":"en-CA"},{"@type":"Organization","@id":"https:\/\/perle-in.com\/#organization","name":"PERLE IN","url":"https:\/\/perle-in.com\/","logo":{"@type":"ImageObject","inLanguage":"en-CA","@id":"https:\/\/perle-in.com\/#\/schema\/logo\/image\/","url":"https:\/\/perle-in.com\/wp-content\/uploads\/2022\/12\/LOGO-PERLE-IN-COULEUR@3x.webp","contentUrl":"https:\/\/perle-in.com\/wp-content\/uploads\/2022\/12\/LOGO-PERLE-IN-COULEUR@3x.webp","width":1600,"height":490,"caption":"PERLE IN"},"image":{"@id":"https:\/\/perle-in.com\/#\/schema\/logo\/image\/"}}]}},"jetpack_sharing_enabled":true,"_links":{"self":[{"href":"https:\/\/perle-in.com\/en\/wp-json\/wp\/v2\/product\/537399","targetHints":{"allow":["GET"]}}],"collection":[{"href":"https:\/\/perle-in.com\/en\/wp-json\/wp\/v2\/product"}],"about":[{"href":"https:\/\/perle-in.com\/en\/wp-json\/wp\/v2\/types\/product"}],"version-history":[{"count":0,"href":"https:\/\/perle-in.com\/en\/wp-json\/wp\/v2\/product\/537399\/revisions"}],"wp:featuredmedia":[{"embeddable":true,"href":"https:\/\/perle-in.com\/en\/wp-json\/wp\/v2\/media\/537387"}],"wp:attachment":[{"href":"https:\/\/perle-in.com\/en\/wp-json\/wp\/v2\/media?parent=537399"}],"wp:term":[{"taxonomy":"product_brand","embeddable":true,"href":"https:\/\/perle-in.com\/en\/wp-json\/wp\/v2\/product_brand?post=537399"},{"taxonomy":"product_cat","embeddable":true,"href":"https:\/\/perle-in.com\/en\/wp-json\/wp\/v2\/product_cat?post=537399"},{"taxonomy":"product_tag","embeddable":true,"href":"https:\/\/perle-in.com\/en\/wp-json\/wp\/v2\/product_tag?post=537399"}],"curies":[{"name":"wp","href":"https:\/\/api.w.org\/{rel}","templated":true}]}}