{"id":537366,"date":"2025-10-14T22:49:09","date_gmt":"2025-10-14T20:49:09","guid":{"rendered":"https:\/\/perle-in.com\/produit\/sac-repas-isotherme-joey-de-6-l-en-toile-recyclee-grs-pour-9-canettes\/"},"modified":"2025-10-19T05:45:35","modified_gmt":"2025-10-19T03:45:35","slug":"sac-repas-isotherme-joey-de-6-l-en-toile-recyclee-grs-pour-9-canettes","status":"publish","type":"product","link":"https:\/\/perle-in.com\/en\/product\/sac-repas-isotherme-joey-de-6-l-en-toile-recyclee-grs-pour-9-canettes\/","title":{"rendered":"Sac-repas isotherme Joey de 6\u00a0L en toile recycl\u00e9e GRS pour 9\u00a0canettes"},"content":{"rendered":"","protected":false},"excerpt":{"rendered":"<p>Compos\u00e9 de mat\u00e9riaux hautement r\u00e9sistants et durables, d&#8217;une toile recycl\u00e9e GRS et d&#8217;une doublure GRS RPET, le sac-repas isotherme Joey pour 9\u00a0canettes dispose d&#8217;un compartiment principal isol\u00e9 avec une doublure en PEVA de qualit\u00e9 alimentaire, d&#8217;une poche avant ouverte et de deux poign\u00e9es en sangle renforc\u00e9es pour un transport confortable. La plaque m\u00e9tallique d\u00e9corative peut faire briller un logo gr\u00e2ce \u00e0 sa finition subtile et mate.<\/p>","protected":false},"featured_media":537355,"template":"","meta":{"_eb_attr":""},"product_brand":[],"product_cat":[159,160],"product_tag":[837,2654,165,986,282],"class_list":{"0":"post-537366","1":"product","2":"type-product","3":"status-publish","4":"has-post-thumbnail","6":"product_cat-sacs","7":"product_cat-sacs-isothermes","8":"product_tag-durable","9":"product_tag-grs","10":"product_tag-isotherme","11":"product_tag-rpet","12":"product_tag-sac","13":"pa_couleurs-gris","14":"pa_couleurs-marine","15":"pa_couleurs-noir","16":"pa_couleurs-olive","17":"pa_green-points-2830","18":"pa_matiere-coton-recycle-certifie-grs-coton-330-g-m2","20":"first","21":"instock","22":"shipping-taxable","23":"purchasable","24":"product-type-variable"},"yoast_head":"<!-- This site is optimized with the Yoast SEO plugin v27.4 - https:\/\/yoast.com\/product\/yoast-seo-wordpress\/ -->\n<title>Sac-repas isotherme Joey de 6\u00a0L en toile recycl\u00e9e GRS pour 9\u00a0canettes - PERLE IN<\/title>\n<meta name=\"robots\" content=\"noindex, follow, max-snippet:-1, max-image-preview:large, max-video-preview:-1\" \/>\n<meta property=\"og:locale\" content=\"en_US\" \/>\n<meta property=\"og:type\" content=\"article\" \/>\n<meta property=\"og:title\" content=\"Sac-repas isotherme Joey de 6\u00a0L en toile recycl\u00e9e GRS pour 9\u00a0canettes - PERLE IN\" \/>\n<meta property=\"og:description\" content=\"Compos\u00e9 de mat\u00e9riaux hautement r\u00e9sistants et durables, d&#039;une toile recycl\u00e9e GRS et d&#039;une doublure GRS RPET, le sac-repas isotherme Joey pour 9\u00a0canettes dispose d&#039;un compartiment principal isol\u00e9 avec une doublure en PEVA de qualit\u00e9 alimentaire, d&#039;une poche avant ouverte et de deux poign\u00e9es en sangle renforc\u00e9es pour un transport confortable. La plaque m\u00e9tallique d\u00e9corative peut faire briller un logo gr\u00e2ce \u00e0 sa finition subtile et mate.\" \/>\n<meta property=\"og:url\" content=\"https:\/\/perle-in.com\/en\/product\/sac-repas-isotherme-joey-de-6-l-en-toile-recyclee-grs-pour-9-canettes\/\" \/>\n<meta property=\"og:site_name\" content=\"PERLE IN\" \/>\n<meta property=\"article:modified_time\" content=\"2025-10-19T03:45:35+00:00\" \/>\n<meta property=\"og:image\" content=\"https:\/\/perle-in.com\/wp-content\/uploads\/2025\/10\/12067955-1.jpg\" \/>\n\t<meta property=\"og:image:width\" content=\"1600\" \/>\n\t<meta property=\"og:image:height\" content=\"1600\" \/>\n\t<meta property=\"og:image:type\" content=\"image\/jpeg\" \/>\n<meta name=\"twitter:card\" content=\"summary_large_image\" \/>\n<script type=\"application\/ld+json\" class=\"yoast-schema-graph\">{\"@context\":\"https:\\\/\\\/schema.org\",\"@graph\":[{\"@type\":\"WebPage\",\"@id\":\"https:\\\/\\\/perle-in.com\\\/produit\\\/sac-repas-isotherme-joey-de-6-l-en-toile-recyclee-grs-pour-9-canettes\\\/\",\"url\":\"https:\\\/\\\/perle-in.com\\\/produit\\\/sac-repas-isotherme-joey-de-6-l-en-toile-recyclee-grs-pour-9-canettes\\\/\",\"name\":\"Sac-repas isotherme Joey de 6\u00a0L en toile recycl\u00e9e GRS pour 9\u00a0canettes - PERLE IN\",\"isPartOf\":{\"@id\":\"https:\\\/\\\/perle-in.com\\\/#website\"},\"primaryImageOfPage\":{\"@id\":\"https:\\\/\\\/perle-in.com\\\/produit\\\/sac-repas-isotherme-joey-de-6-l-en-toile-recyclee-grs-pour-9-canettes\\\/#primaryimage\"},\"image\":{\"@id\":\"https:\\\/\\\/perle-in.com\\\/produit\\\/sac-repas-isotherme-joey-de-6-l-en-toile-recyclee-grs-pour-9-canettes\\\/#primaryimage\"},\"thumbnailUrl\":\"https:\\\/\\\/perle-in.com\\\/wp-content\\\/uploads\\\/2025\\\/10\\\/12067955-1.jpg\",\"datePublished\":\"2025-10-14T20:49:09+00:00\",\"dateModified\":\"2025-10-19T03:45:35+00:00\",\"breadcrumb\":{\"@id\":\"https:\\\/\\\/perle-in.com\\\/produit\\\/sac-repas-isotherme-joey-de-6-l-en-toile-recyclee-grs-pour-9-canettes\\\/#breadcrumb\"},\"inLanguage\":\"en-CA\",\"potentialAction\":[{\"@type\":\"ReadAction\",\"target\":[\"https:\\\/\\\/perle-in.com\\\/produit\\\/sac-repas-isotherme-joey-de-6-l-en-toile-recyclee-grs-pour-9-canettes\\\/\"]}]},{\"@type\":\"ImageObject\",\"inLanguage\":\"en-CA\",\"@id\":\"https:\\\/\\\/perle-in.com\\\/produit\\\/sac-repas-isotherme-joey-de-6-l-en-toile-recyclee-grs-pour-9-canettes\\\/#primaryimage\",\"url\":\"https:\\\/\\\/perle-in.com\\\/wp-content\\\/uploads\\\/2025\\\/10\\\/12067955-1.jpg\",\"contentUrl\":\"https:\\\/\\\/perle-in.com\\\/wp-content\\\/uploads\\\/2025\\\/10\\\/12067955-1.jpg\",\"width\":1600,\"height\":1600},{\"@type\":\"BreadcrumbList\",\"@id\":\"https:\\\/\\\/perle-in.com\\\/produit\\\/sac-repas-isotherme-joey-de-6-l-en-toile-recyclee-grs-pour-9-canettes\\\/#breadcrumb\",\"itemListElement\":[{\"@type\":\"ListItem\",\"position\":1,\"name\":\"Accueil\",\"item\":\"https:\\\/\\\/perle-in.com\\\/\"},{\"@type\":\"ListItem\",\"position\":2,\"name\":\"Boutique\",\"item\":\"https:\\\/\\\/perle-in.com\\\/boutique\\\/\"},{\"@type\":\"ListItem\",\"position\":3,\"name\":\"Sac-repas isotherme Joey de 6\u00a0L en toile recycl\u00e9e GRS pour 9\u00a0canettes\"}]},{\"@type\":\"WebSite\",\"@id\":\"https:\\\/\\\/perle-in.com\\\/#website\",\"url\":\"https:\\\/\\\/perle-in.com\\\/\",\"name\":\"PERLE IN\",\"description\":\"\",\"publisher\":{\"@id\":\"https:\\\/\\\/perle-in.com\\\/#organization\"},\"potentialAction\":[{\"@type\":\"SearchAction\",\"target\":{\"@type\":\"EntryPoint\",\"urlTemplate\":\"https:\\\/\\\/perle-in.com\\\/?s={search_term_string}\"},\"query-input\":{\"@type\":\"PropertyValueSpecification\",\"valueRequired\":true,\"valueName\":\"search_term_string\"}}],\"inLanguage\":\"en-CA\"},{\"@type\":\"Organization\",\"@id\":\"https:\\\/\\\/perle-in.com\\\/#organization\",\"name\":\"PERLE IN\",\"url\":\"https:\\\/\\\/perle-in.com\\\/\",\"logo\":{\"@type\":\"ImageObject\",\"inLanguage\":\"en-CA\",\"@id\":\"https:\\\/\\\/perle-in.com\\\/#\\\/schema\\\/logo\\\/image\\\/\",\"url\":\"https:\\\/\\\/perle-in.com\\\/wp-content\\\/uploads\\\/2022\\\/12\\\/LOGO-PERLE-IN-COULEUR@3x.webp\",\"contentUrl\":\"https:\\\/\\\/perle-in.com\\\/wp-content\\\/uploads\\\/2022\\\/12\\\/LOGO-PERLE-IN-COULEUR@3x.webp\",\"width\":1600,\"height\":490,\"caption\":\"PERLE IN\"},\"image\":{\"@id\":\"https:\\\/\\\/perle-in.com\\\/#\\\/schema\\\/logo\\\/image\\\/\"}}]}<\/script>\n<!-- \/ Yoast SEO plugin. -->","yoast_head_json":{"title":"Sac-repas isotherme Joey de 6\u00a0L en toile recycl\u00e9e GRS pour 9\u00a0canettes - PERLE IN","robots":{"index":"noindex","follow":"follow","max-snippet":"max-snippet:-1","max-image-preview":"max-image-preview:large","max-video-preview":"max-video-preview:-1"},"og_locale":"en_US","og_type":"article","og_title":"Sac-repas isotherme Joey de 6\u00a0L en toile recycl\u00e9e GRS pour 9\u00a0canettes - PERLE IN","og_description":"Compos\u00e9 de mat\u00e9riaux hautement r\u00e9sistants et durables, d'une toile recycl\u00e9e GRS et d'une doublure GRS RPET, le sac-repas isotherme Joey pour 9\u00a0canettes dispose d'un compartiment principal isol\u00e9 avec une doublure en PEVA de qualit\u00e9 alimentaire, d'une poche avant ouverte et de deux poign\u00e9es en sangle renforc\u00e9es pour un transport confortable. La plaque m\u00e9tallique d\u00e9corative peut faire briller un logo gr\u00e2ce \u00e0 sa finition subtile et mate.","og_url":"https:\/\/perle-in.com\/en\/product\/sac-repas-isotherme-joey-de-6-l-en-toile-recyclee-grs-pour-9-canettes\/","og_site_name":"PERLE IN","article_modified_time":"2025-10-19T03:45:35+00:00","og_image":[{"width":1600,"height":1600,"url":"https:\/\/perle-in.com\/wp-content\/uploads\/2025\/10\/12067955-1.jpg","type":"image\/jpeg"}],"twitter_card":"summary_large_image","schema":{"@context":"https:\/\/schema.org","@graph":[{"@type":"WebPage","@id":"https:\/\/perle-in.com\/produit\/sac-repas-isotherme-joey-de-6-l-en-toile-recyclee-grs-pour-9-canettes\/","url":"https:\/\/perle-in.com\/produit\/sac-repas-isotherme-joey-de-6-l-en-toile-recyclee-grs-pour-9-canettes\/","name":"Sac-repas isotherme Joey de 6\u00a0L en toile recycl\u00e9e GRS pour 9\u00a0canettes - PERLE IN","isPartOf":{"@id":"https:\/\/perle-in.com\/#website"},"primaryImageOfPage":{"@id":"https:\/\/perle-in.com\/produit\/sac-repas-isotherme-joey-de-6-l-en-toile-recyclee-grs-pour-9-canettes\/#primaryimage"},"image":{"@id":"https:\/\/perle-in.com\/produit\/sac-repas-isotherme-joey-de-6-l-en-toile-recyclee-grs-pour-9-canettes\/#primaryimage"},"thumbnailUrl":"https:\/\/perle-in.com\/wp-content\/uploads\/2025\/10\/12067955-1.jpg","datePublished":"2025-10-14T20:49:09+00:00","dateModified":"2025-10-19T03:45:35+00:00","breadcrumb":{"@id":"https:\/\/perle-in.com\/produit\/sac-repas-isotherme-joey-de-6-l-en-toile-recyclee-grs-pour-9-canettes\/#breadcrumb"},"inLanguage":"en-CA","potentialAction":[{"@type":"ReadAction","target":["https:\/\/perle-in.com\/produit\/sac-repas-isotherme-joey-de-6-l-en-toile-recyclee-grs-pour-9-canettes\/"]}]},{"@type":"ImageObject","inLanguage":"en-CA","@id":"https:\/\/perle-in.com\/produit\/sac-repas-isotherme-joey-de-6-l-en-toile-recyclee-grs-pour-9-canettes\/#primaryimage","url":"https:\/\/perle-in.com\/wp-content\/uploads\/2025\/10\/12067955-1.jpg","contentUrl":"https:\/\/perle-in.com\/wp-content\/uploads\/2025\/10\/12067955-1.jpg","width":1600,"height":1600},{"@type":"BreadcrumbList","@id":"https:\/\/perle-in.com\/produit\/sac-repas-isotherme-joey-de-6-l-en-toile-recyclee-grs-pour-9-canettes\/#breadcrumb","itemListElement":[{"@type":"ListItem","position":1,"name":"Accueil","item":"https:\/\/perle-in.com\/"},{"@type":"ListItem","position":2,"name":"Boutique","item":"https:\/\/perle-in.com\/boutique\/"},{"@type":"ListItem","position":3,"name":"Sac-repas isotherme Joey de 6\u00a0L en toile recycl\u00e9e GRS pour 9\u00a0canettes"}]},{"@type":"WebSite","@id":"https:\/\/perle-in.com\/#website","url":"https:\/\/perle-in.com\/","name":"PERLE IN","description":"","publisher":{"@id":"https:\/\/perle-in.com\/#organization"},"potentialAction":[{"@type":"SearchAction","target":{"@type":"EntryPoint","urlTemplate":"https:\/\/perle-in.com\/?s={search_term_string}"},"query-input":{"@type":"PropertyValueSpecification","valueRequired":true,"valueName":"search_term_string"}}],"inLanguage":"en-CA"},{"@type":"Organization","@id":"https:\/\/perle-in.com\/#organization","name":"PERLE IN","url":"https:\/\/perle-in.com\/","logo":{"@type":"ImageObject","inLanguage":"en-CA","@id":"https:\/\/perle-in.com\/#\/schema\/logo\/image\/","url":"https:\/\/perle-in.com\/wp-content\/uploads\/2022\/12\/LOGO-PERLE-IN-COULEUR@3x.webp","contentUrl":"https:\/\/perle-in.com\/wp-content\/uploads\/2022\/12\/LOGO-PERLE-IN-COULEUR@3x.webp","width":1600,"height":490,"caption":"PERLE IN"},"image":{"@id":"https:\/\/perle-in.com\/#\/schema\/logo\/image\/"}}]}},"jetpack_sharing_enabled":true,"_links":{"self":[{"href":"https:\/\/perle-in.com\/en\/wp-json\/wp\/v2\/product\/537366","targetHints":{"allow":["GET"]}}],"collection":[{"href":"https:\/\/perle-in.com\/en\/wp-json\/wp\/v2\/product"}],"about":[{"href":"https:\/\/perle-in.com\/en\/wp-json\/wp\/v2\/types\/product"}],"version-history":[{"count":0,"href":"https:\/\/perle-in.com\/en\/wp-json\/wp\/v2\/product\/537366\/revisions"}],"wp:featuredmedia":[{"embeddable":true,"href":"https:\/\/perle-in.com\/en\/wp-json\/wp\/v2\/media\/537355"}],"wp:attachment":[{"href":"https:\/\/perle-in.com\/en\/wp-json\/wp\/v2\/media?parent=537366"}],"wp:term":[{"taxonomy":"product_brand","embeddable":true,"href":"https:\/\/perle-in.com\/en\/wp-json\/wp\/v2\/product_brand?post=537366"},{"taxonomy":"product_cat","embeddable":true,"href":"https:\/\/perle-in.com\/en\/wp-json\/wp\/v2\/product_cat?post=537366"},{"taxonomy":"product_tag","embeddable":true,"href":"https:\/\/perle-in.com\/en\/wp-json\/wp\/v2\/product_tag?post=537366"}],"curies":[{"name":"wp","href":"https:\/\/api.w.org\/{rel}","templated":true}]}}