{"id":537296,"date":"2025-10-14T22:43:24","date_gmt":"2025-10-14T20:43:24","guid":{"rendered":"https:\/\/perle-in.com\/produit\/frisbee-en-plastique-recycle-orbit\/"},"modified":"2025-10-19T05:45:34","modified_gmt":"2025-10-19T03:45:34","slug":"frisbee-en-plastique-recycle-orbit","status":"publish","type":"product","link":"https:\/\/perle-in.com\/en\/product\/frisbee-en-plastique-recycle-orbit\/","title":{"rendered":"Frisbee en plastique recycl\u00e9 Orbit"},"content":{"rendered":"","protected":false},"excerpt":{"rendered":"<p>Frisbee fabriqu\u00e9 \u00e0 partir de 100\u00a0% plastique recycl\u00e9, combinant une id\u00e9e promotionnelle amusante avec de solides r\u00e9f\u00e9rences durables. Fabriqu\u00e9 au Royaume-Uni et conforme \u00e0 la norme EN72. Le frisbee peut avoir une finition mouchet\u00e9e en raison de la nature du mat\u00e9riau recycl\u00e9. Ne convient pas aux enfants de moins de trois ans. Diam\u00e8tre : 23 cm.<\/p>","protected":false},"featured_media":537283,"template":"","meta":{"_eb_attr":""},"product_brand":[],"product_cat":[1264,1263],"product_tag":[837,737,2904,946,1073,836],"class_list":{"0":"post-537296","1":"product","2":"type-product","3":"status-publish","4":"has-post-thumbnail","6":"product_cat-jeux-d-exterieur","7":"product_cat-jeux-et-jouets","8":"product_tag-durable","9":"product_tag-exterieur","10":"product_tag-frisbee","11":"product_tag-green-concept","12":"product_tag-jeux","13":"product_tag-recycle","14":"pa_couleurs-blanc","15":"pa_couleurs-bleu","16":"pa_couleurs-citron-vert","17":"pa_couleurs-jaune","18":"pa_couleurs-magenta","19":"pa_couleurs-noir","20":"pa_couleurs-orange","21":"pa_couleurs-rouge","22":"pa_couleurs-vert","23":"pa_couleurs-violet","24":"pa_green-points-2166","25":"pa_matiere-plastique-pp-recycle","26":"pa_pays-d-origine-angleterre","28":"first","29":"instock","30":"shipping-taxable","31":"purchasable","32":"product-type-variable"},"yoast_head":"<!-- This site is optimized with the Yoast SEO plugin v27.4 - https:\/\/yoast.com\/product\/yoast-seo-wordpress\/ -->\n<title>Frisbee en plastique recycl\u00e9 Orbit - PERLE IN<\/title>\n<meta name=\"robots\" content=\"noindex, follow, max-snippet:-1, max-image-preview:large, max-video-preview:-1\" \/>\n<meta property=\"og:locale\" content=\"en_US\" \/>\n<meta property=\"og:type\" content=\"article\" \/>\n<meta property=\"og:title\" content=\"Frisbee en plastique recycl\u00e9 Orbit - PERLE IN\" \/>\n<meta property=\"og:description\" content=\"Frisbee fabriqu\u00e9 \u00e0 partir de 100\u00a0% plastique recycl\u00e9, combinant une id\u00e9e promotionnelle amusante avec de solides r\u00e9f\u00e9rences durables. Fabriqu\u00e9 au Royaume-Uni et conforme \u00e0 la norme EN72. Le frisbee peut avoir une finition mouchet\u00e9e en raison de la nature du mat\u00e9riau recycl\u00e9. Ne convient pas aux enfants de moins de trois ans. Diam\u00e8tre : 23 cm.\" \/>\n<meta property=\"og:url\" content=\"https:\/\/perle-in.com\/en\/product\/frisbee-en-plastique-recycle-orbit\/\" \/>\n<meta property=\"og:site_name\" content=\"PERLE IN\" \/>\n<meta property=\"article:modified_time\" content=\"2025-10-19T03:45:34+00:00\" \/>\n<meta property=\"og:image\" content=\"https:\/\/perle-in.com\/wp-content\/uploads\/2025\/10\/12702901-1.jpg\" \/>\n\t<meta property=\"og:image:width\" content=\"1600\" \/>\n\t<meta property=\"og:image:height\" content=\"1600\" \/>\n\t<meta property=\"og:image:type\" content=\"image\/jpeg\" \/>\n<meta name=\"twitter:card\" content=\"summary_large_image\" \/>\n<script type=\"application\/ld+json\" class=\"yoast-schema-graph\">{\"@context\":\"https:\\\/\\\/schema.org\",\"@graph\":[{\"@type\":\"WebPage\",\"@id\":\"https:\\\/\\\/perle-in.com\\\/produit\\\/frisbee-en-plastique-recycle-orbit\\\/\",\"url\":\"https:\\\/\\\/perle-in.com\\\/produit\\\/frisbee-en-plastique-recycle-orbit\\\/\",\"name\":\"Frisbee en plastique recycl\u00e9 Orbit - PERLE IN\",\"isPartOf\":{\"@id\":\"https:\\\/\\\/perle-in.com\\\/#website\"},\"primaryImageOfPage\":{\"@id\":\"https:\\\/\\\/perle-in.com\\\/produit\\\/frisbee-en-plastique-recycle-orbit\\\/#primaryimage\"},\"image\":{\"@id\":\"https:\\\/\\\/perle-in.com\\\/produit\\\/frisbee-en-plastique-recycle-orbit\\\/#primaryimage\"},\"thumbnailUrl\":\"https:\\\/\\\/perle-in.com\\\/wp-content\\\/uploads\\\/2025\\\/10\\\/12702901-1.jpg\",\"datePublished\":\"2025-10-14T20:43:24+00:00\",\"dateModified\":\"2025-10-19T03:45:34+00:00\",\"breadcrumb\":{\"@id\":\"https:\\\/\\\/perle-in.com\\\/produit\\\/frisbee-en-plastique-recycle-orbit\\\/#breadcrumb\"},\"inLanguage\":\"en-CA\",\"potentialAction\":[{\"@type\":\"ReadAction\",\"target\":[\"https:\\\/\\\/perle-in.com\\\/produit\\\/frisbee-en-plastique-recycle-orbit\\\/\"]}]},{\"@type\":\"ImageObject\",\"inLanguage\":\"en-CA\",\"@id\":\"https:\\\/\\\/perle-in.com\\\/produit\\\/frisbee-en-plastique-recycle-orbit\\\/#primaryimage\",\"url\":\"https:\\\/\\\/perle-in.com\\\/wp-content\\\/uploads\\\/2025\\\/10\\\/12702901-1.jpg\",\"contentUrl\":\"https:\\\/\\\/perle-in.com\\\/wp-content\\\/uploads\\\/2025\\\/10\\\/12702901-1.jpg\",\"width\":1600,\"height\":1600},{\"@type\":\"BreadcrumbList\",\"@id\":\"https:\\\/\\\/perle-in.com\\\/produit\\\/frisbee-en-plastique-recycle-orbit\\\/#breadcrumb\",\"itemListElement\":[{\"@type\":\"ListItem\",\"position\":1,\"name\":\"Accueil\",\"item\":\"https:\\\/\\\/perle-in.com\\\/\"},{\"@type\":\"ListItem\",\"position\":2,\"name\":\"Boutique\",\"item\":\"https:\\\/\\\/perle-in.com\\\/boutique\\\/\"},{\"@type\":\"ListItem\",\"position\":3,\"name\":\"Frisbee en plastique recycl\u00e9 Orbit\"}]},{\"@type\":\"WebSite\",\"@id\":\"https:\\\/\\\/perle-in.com\\\/#website\",\"url\":\"https:\\\/\\\/perle-in.com\\\/\",\"name\":\"PERLE IN\",\"description\":\"\",\"publisher\":{\"@id\":\"https:\\\/\\\/perle-in.com\\\/#organization\"},\"potentialAction\":[{\"@type\":\"SearchAction\",\"target\":{\"@type\":\"EntryPoint\",\"urlTemplate\":\"https:\\\/\\\/perle-in.com\\\/?s={search_term_string}\"},\"query-input\":{\"@type\":\"PropertyValueSpecification\",\"valueRequired\":true,\"valueName\":\"search_term_string\"}}],\"inLanguage\":\"en-CA\"},{\"@type\":\"Organization\",\"@id\":\"https:\\\/\\\/perle-in.com\\\/#organization\",\"name\":\"PERLE IN\",\"url\":\"https:\\\/\\\/perle-in.com\\\/\",\"logo\":{\"@type\":\"ImageObject\",\"inLanguage\":\"en-CA\",\"@id\":\"https:\\\/\\\/perle-in.com\\\/#\\\/schema\\\/logo\\\/image\\\/\",\"url\":\"https:\\\/\\\/perle-in.com\\\/wp-content\\\/uploads\\\/2022\\\/12\\\/LOGO-PERLE-IN-COULEUR@3x.webp\",\"contentUrl\":\"https:\\\/\\\/perle-in.com\\\/wp-content\\\/uploads\\\/2022\\\/12\\\/LOGO-PERLE-IN-COULEUR@3x.webp\",\"width\":1600,\"height\":490,\"caption\":\"PERLE IN\"},\"image\":{\"@id\":\"https:\\\/\\\/perle-in.com\\\/#\\\/schema\\\/logo\\\/image\\\/\"}}]}<\/script>\n<!-- \/ Yoast SEO plugin. -->","yoast_head_json":{"title":"Frisbee en plastique recycl\u00e9 Orbit - PERLE IN","robots":{"index":"noindex","follow":"follow","max-snippet":"max-snippet:-1","max-image-preview":"max-image-preview:large","max-video-preview":"max-video-preview:-1"},"og_locale":"en_US","og_type":"article","og_title":"Frisbee en plastique recycl\u00e9 Orbit - PERLE IN","og_description":"Frisbee fabriqu\u00e9 \u00e0 partir de 100\u00a0% plastique recycl\u00e9, combinant une id\u00e9e promotionnelle amusante avec de solides r\u00e9f\u00e9rences durables. Fabriqu\u00e9 au Royaume-Uni et conforme \u00e0 la norme EN72. Le frisbee peut avoir une finition mouchet\u00e9e en raison de la nature du mat\u00e9riau recycl\u00e9. Ne convient pas aux enfants de moins de trois ans. Diam\u00e8tre : 23 cm.","og_url":"https:\/\/perle-in.com\/en\/product\/frisbee-en-plastique-recycle-orbit\/","og_site_name":"PERLE IN","article_modified_time":"2025-10-19T03:45:34+00:00","og_image":[{"width":1600,"height":1600,"url":"https:\/\/perle-in.com\/wp-content\/uploads\/2025\/10\/12702901-1.jpg","type":"image\/jpeg"}],"twitter_card":"summary_large_image","schema":{"@context":"https:\/\/schema.org","@graph":[{"@type":"WebPage","@id":"https:\/\/perle-in.com\/produit\/frisbee-en-plastique-recycle-orbit\/","url":"https:\/\/perle-in.com\/produit\/frisbee-en-plastique-recycle-orbit\/","name":"Frisbee en plastique recycl\u00e9 Orbit - PERLE IN","isPartOf":{"@id":"https:\/\/perle-in.com\/#website"},"primaryImageOfPage":{"@id":"https:\/\/perle-in.com\/produit\/frisbee-en-plastique-recycle-orbit\/#primaryimage"},"image":{"@id":"https:\/\/perle-in.com\/produit\/frisbee-en-plastique-recycle-orbit\/#primaryimage"},"thumbnailUrl":"https:\/\/perle-in.com\/wp-content\/uploads\/2025\/10\/12702901-1.jpg","datePublished":"2025-10-14T20:43:24+00:00","dateModified":"2025-10-19T03:45:34+00:00","breadcrumb":{"@id":"https:\/\/perle-in.com\/produit\/frisbee-en-plastique-recycle-orbit\/#breadcrumb"},"inLanguage":"en-CA","potentialAction":[{"@type":"ReadAction","target":["https:\/\/perle-in.com\/produit\/frisbee-en-plastique-recycle-orbit\/"]}]},{"@type":"ImageObject","inLanguage":"en-CA","@id":"https:\/\/perle-in.com\/produit\/frisbee-en-plastique-recycle-orbit\/#primaryimage","url":"https:\/\/perle-in.com\/wp-content\/uploads\/2025\/10\/12702901-1.jpg","contentUrl":"https:\/\/perle-in.com\/wp-content\/uploads\/2025\/10\/12702901-1.jpg","width":1600,"height":1600},{"@type":"BreadcrumbList","@id":"https:\/\/perle-in.com\/produit\/frisbee-en-plastique-recycle-orbit\/#breadcrumb","itemListElement":[{"@type":"ListItem","position":1,"name":"Accueil","item":"https:\/\/perle-in.com\/"},{"@type":"ListItem","position":2,"name":"Boutique","item":"https:\/\/perle-in.com\/boutique\/"},{"@type":"ListItem","position":3,"name":"Frisbee en plastique recycl\u00e9 Orbit"}]},{"@type":"WebSite","@id":"https:\/\/perle-in.com\/#website","url":"https:\/\/perle-in.com\/","name":"PERLE IN","description":"","publisher":{"@id":"https:\/\/perle-in.com\/#organization"},"potentialAction":[{"@type":"SearchAction","target":{"@type":"EntryPoint","urlTemplate":"https:\/\/perle-in.com\/?s={search_term_string}"},"query-input":{"@type":"PropertyValueSpecification","valueRequired":true,"valueName":"search_term_string"}}],"inLanguage":"en-CA"},{"@type":"Organization","@id":"https:\/\/perle-in.com\/#organization","name":"PERLE IN","url":"https:\/\/perle-in.com\/","logo":{"@type":"ImageObject","inLanguage":"en-CA","@id":"https:\/\/perle-in.com\/#\/schema\/logo\/image\/","url":"https:\/\/perle-in.com\/wp-content\/uploads\/2022\/12\/LOGO-PERLE-IN-COULEUR@3x.webp","contentUrl":"https:\/\/perle-in.com\/wp-content\/uploads\/2022\/12\/LOGO-PERLE-IN-COULEUR@3x.webp","width":1600,"height":490,"caption":"PERLE IN"},"image":{"@id":"https:\/\/perle-in.com\/#\/schema\/logo\/image\/"}}]}},"jetpack_sharing_enabled":true,"_links":{"self":[{"href":"https:\/\/perle-in.com\/en\/wp-json\/wp\/v2\/product\/537296","targetHints":{"allow":["GET"]}}],"collection":[{"href":"https:\/\/perle-in.com\/en\/wp-json\/wp\/v2\/product"}],"about":[{"href":"https:\/\/perle-in.com\/en\/wp-json\/wp\/v2\/types\/product"}],"version-history":[{"count":0,"href":"https:\/\/perle-in.com\/en\/wp-json\/wp\/v2\/product\/537296\/revisions"}],"wp:featuredmedia":[{"embeddable":true,"href":"https:\/\/perle-in.com\/en\/wp-json\/wp\/v2\/media\/537283"}],"wp:attachment":[{"href":"https:\/\/perle-in.com\/en\/wp-json\/wp\/v2\/media?parent=537296"}],"wp:term":[{"taxonomy":"product_brand","embeddable":true,"href":"https:\/\/perle-in.com\/en\/wp-json\/wp\/v2\/product_brand?post=537296"},{"taxonomy":"product_cat","embeddable":true,"href":"https:\/\/perle-in.com\/en\/wp-json\/wp\/v2\/product_cat?post=537296"},{"taxonomy":"product_tag","embeddable":true,"href":"https:\/\/perle-in.com\/en\/wp-json\/wp\/v2\/product_tag?post=537296"}],"curies":[{"name":"wp","href":"https:\/\/api.w.org\/{rel}","templated":true}]}}