{"id":537258,"date":"2025-10-14T22:39:26","date_gmt":"2025-10-14T20:39:26","guid":{"rendered":"https:\/\/perle-in.com\/produit\/sac-shopping-juta-de-7-l-en-jute-300-g-m%c2%b2\/"},"modified":"2025-10-19T05:45:34","modified_gmt":"2025-10-19T03:45:34","slug":"sac-shopping-juta-de-7-l-en-jute-300-g-m%c2%b2","status":"publish","type":"product","link":"https:\/\/perle-in.com\/en\/product\/sac-shopping-juta-de-7-l-en-jute-300-g-m%c2%b2\/","title":{"rendered":"Sac shopping Juta de 7\u00a0L en jute 300\u00a0g\/m\u00b2"},"content":{"rendered":"","protected":false},"excerpt":{"rendered":"<p>Le sac shopping Juta de 7\u00a0litres est compact mais suffisamment spacieux pour transporter vos essentiels quotidiens, ce qui en fait un sac de choix pour les achats, le travail ou les voyages. Fabriqu\u00e9 avec du jute lamin\u00e9, robuste et r\u00e9sistant \u00e0 l&#8217;usure de 300\u00a0g\/m\u00b2. Les longues poign\u00e9es en coton tiss\u00e9 (30\u00a0x\u00a02,5\u00a0cm) offrent une prise en main confortable m\u00eame lorsque vous portez le sac longtemps. Fabriqu\u00e9 en Inde et certifi\u00e9 OEKO-Tex.<\/p>","protected":false},"featured_media":537252,"template":"","meta":{"_eb_attr":""},"product_brand":[],"product_cat":[159,959],"product_tag":[905,961,2259,923,3121,282,1790,904,3086,1779],"class_list":{"0":"post-537258","1":"product","2":"type-product","3":"status-publish","4":"has-post-thumbnail","6":"product_cat-sacs","7":"product_cat-sacs-de-shopping","8":"product_tag-courses","9":"product_tag-fourre-tout","10":"product_tag-jute","11":"product_tag-oeko-tex","12":"product_tag-oekotex","13":"product_tag-sac","14":"product_tag-sac-shopping","15":"product_tag-shopping","16":"product_tag-tote-bag","17":"product_tag-totebag","18":"pa_couleurs-naturel-blanc","19":"pa_matiere-jute-300-g-m2","20":"pa_pays-d-origine-inde","22":"first","23":"instock","24":"shipping-taxable","25":"purchasable","26":"product-type-variable"},"yoast_head":"<!-- This site is optimized with the Yoast SEO plugin v27.4 - https:\/\/yoast.com\/product\/yoast-seo-wordpress\/ -->\n<title>Sac shopping Juta de 7\u00a0L en jute 300\u00a0g\/m\u00b2 - PERLE IN<\/title>\n<meta name=\"robots\" content=\"noindex, follow, max-snippet:-1, max-image-preview:large, max-video-preview:-1\" \/>\n<meta property=\"og:locale\" content=\"en_US\" \/>\n<meta property=\"og:type\" content=\"article\" \/>\n<meta property=\"og:title\" content=\"Sac shopping Juta de 7\u00a0L en jute 300\u00a0g\/m\u00b2 - PERLE IN\" \/>\n<meta property=\"og:description\" content=\"Le sac shopping Juta de 7\u00a0litres est compact mais suffisamment spacieux pour transporter vos essentiels quotidiens, ce qui en fait un sac de choix pour les achats, le travail ou les voyages. Fabriqu\u00e9 avec du jute lamin\u00e9, robuste et r\u00e9sistant \u00e0 l&#039;usure de 300\u00a0g\/m\u00b2. Les longues poign\u00e9es en coton tiss\u00e9 (30\u00a0x\u00a02,5\u00a0cm) offrent une prise en main confortable m\u00eame lorsque vous portez le sac longtemps. Fabriqu\u00e9 en Inde et certifi\u00e9 OEKO-Tex.\" \/>\n<meta property=\"og:url\" content=\"https:\/\/perle-in.com\/en\/product\/sac-shopping-juta-de-7-l-en-jute-300-g-m\u00b2\/\" \/>\n<meta property=\"og:site_name\" content=\"PERLE IN\" \/>\n<meta property=\"article:modified_time\" content=\"2025-10-19T03:45:34+00:00\" \/>\n<meta property=\"og:image\" content=\"https:\/\/perle-in.com\/wp-content\/uploads\/2025\/10\/12067306-1.jpg\" \/>\n\t<meta property=\"og:image:width\" content=\"1600\" \/>\n\t<meta property=\"og:image:height\" content=\"1600\" \/>\n\t<meta property=\"og:image:type\" content=\"image\/jpeg\" \/>\n<meta name=\"twitter:card\" content=\"summary_large_image\" \/>\n<script type=\"application\/ld+json\" class=\"yoast-schema-graph\">{\"@context\":\"https:\\\/\\\/schema.org\",\"@graph\":[{\"@type\":\"WebPage\",\"@id\":\"https:\\\/\\\/perle-in.com\\\/produit\\\/sac-shopping-juta-de-7-l-en-jute-300-g-m%c2%b2\\\/\",\"url\":\"https:\\\/\\\/perle-in.com\\\/produit\\\/sac-shopping-juta-de-7-l-en-jute-300-g-m%c2%b2\\\/\",\"name\":\"Sac shopping Juta de 7\u00a0L en jute 300\u00a0g\\\/m\u00b2 - PERLE IN\",\"isPartOf\":{\"@id\":\"https:\\\/\\\/perle-in.com\\\/#website\"},\"primaryImageOfPage\":{\"@id\":\"https:\\\/\\\/perle-in.com\\\/produit\\\/sac-shopping-juta-de-7-l-en-jute-300-g-m%c2%b2\\\/#primaryimage\"},\"image\":{\"@id\":\"https:\\\/\\\/perle-in.com\\\/produit\\\/sac-shopping-juta-de-7-l-en-jute-300-g-m%c2%b2\\\/#primaryimage\"},\"thumbnailUrl\":\"https:\\\/\\\/perle-in.com\\\/wp-content\\\/uploads\\\/2025\\\/10\\\/12067306-1.jpg\",\"datePublished\":\"2025-10-14T20:39:26+00:00\",\"dateModified\":\"2025-10-19T03:45:34+00:00\",\"breadcrumb\":{\"@id\":\"https:\\\/\\\/perle-in.com\\\/produit\\\/sac-shopping-juta-de-7-l-en-jute-300-g-m%c2%b2\\\/#breadcrumb\"},\"inLanguage\":\"en-CA\",\"potentialAction\":[{\"@type\":\"ReadAction\",\"target\":[\"https:\\\/\\\/perle-in.com\\\/produit\\\/sac-shopping-juta-de-7-l-en-jute-300-g-m%c2%b2\\\/\"]}]},{\"@type\":\"ImageObject\",\"inLanguage\":\"en-CA\",\"@id\":\"https:\\\/\\\/perle-in.com\\\/produit\\\/sac-shopping-juta-de-7-l-en-jute-300-g-m%c2%b2\\\/#primaryimage\",\"url\":\"https:\\\/\\\/perle-in.com\\\/wp-content\\\/uploads\\\/2025\\\/10\\\/12067306-1.jpg\",\"contentUrl\":\"https:\\\/\\\/perle-in.com\\\/wp-content\\\/uploads\\\/2025\\\/10\\\/12067306-1.jpg\",\"width\":1600,\"height\":1600},{\"@type\":\"BreadcrumbList\",\"@id\":\"https:\\\/\\\/perle-in.com\\\/produit\\\/sac-shopping-juta-de-7-l-en-jute-300-g-m%c2%b2\\\/#breadcrumb\",\"itemListElement\":[{\"@type\":\"ListItem\",\"position\":1,\"name\":\"Accueil\",\"item\":\"https:\\\/\\\/perle-in.com\\\/\"},{\"@type\":\"ListItem\",\"position\":2,\"name\":\"Boutique\",\"item\":\"https:\\\/\\\/perle-in.com\\\/boutique\\\/\"},{\"@type\":\"ListItem\",\"position\":3,\"name\":\"Sac shopping Juta de 7\u00a0L en jute 300\u00a0g\\\/m\u00b2\"}]},{\"@type\":\"WebSite\",\"@id\":\"https:\\\/\\\/perle-in.com\\\/#website\",\"url\":\"https:\\\/\\\/perle-in.com\\\/\",\"name\":\"PERLE IN\",\"description\":\"\",\"publisher\":{\"@id\":\"https:\\\/\\\/perle-in.com\\\/#organization\"},\"potentialAction\":[{\"@type\":\"SearchAction\",\"target\":{\"@type\":\"EntryPoint\",\"urlTemplate\":\"https:\\\/\\\/perle-in.com\\\/?s={search_term_string}\"},\"query-input\":{\"@type\":\"PropertyValueSpecification\",\"valueRequired\":true,\"valueName\":\"search_term_string\"}}],\"inLanguage\":\"en-CA\"},{\"@type\":\"Organization\",\"@id\":\"https:\\\/\\\/perle-in.com\\\/#organization\",\"name\":\"PERLE IN\",\"url\":\"https:\\\/\\\/perle-in.com\\\/\",\"logo\":{\"@type\":\"ImageObject\",\"inLanguage\":\"en-CA\",\"@id\":\"https:\\\/\\\/perle-in.com\\\/#\\\/schema\\\/logo\\\/image\\\/\",\"url\":\"https:\\\/\\\/perle-in.com\\\/wp-content\\\/uploads\\\/2022\\\/12\\\/LOGO-PERLE-IN-COULEUR@3x.webp\",\"contentUrl\":\"https:\\\/\\\/perle-in.com\\\/wp-content\\\/uploads\\\/2022\\\/12\\\/LOGO-PERLE-IN-COULEUR@3x.webp\",\"width\":1600,\"height\":490,\"caption\":\"PERLE IN\"},\"image\":{\"@id\":\"https:\\\/\\\/perle-in.com\\\/#\\\/schema\\\/logo\\\/image\\\/\"}}]}<\/script>\n<!-- \/ Yoast SEO plugin. -->","yoast_head_json":{"title":"Sac shopping Juta de 7\u00a0L en jute 300\u00a0g\/m\u00b2 - PERLE IN","robots":{"index":"noindex","follow":"follow","max-snippet":"max-snippet:-1","max-image-preview":"max-image-preview:large","max-video-preview":"max-video-preview:-1"},"og_locale":"en_US","og_type":"article","og_title":"Sac shopping Juta de 7\u00a0L en jute 300\u00a0g\/m\u00b2 - PERLE IN","og_description":"Le sac shopping Juta de 7\u00a0litres est compact mais suffisamment spacieux pour transporter vos essentiels quotidiens, ce qui en fait un sac de choix pour les achats, le travail ou les voyages. Fabriqu\u00e9 avec du jute lamin\u00e9, robuste et r\u00e9sistant \u00e0 l'usure de 300\u00a0g\/m\u00b2. Les longues poign\u00e9es en coton tiss\u00e9 (30\u00a0x\u00a02,5\u00a0cm) offrent une prise en main confortable m\u00eame lorsque vous portez le sac longtemps. Fabriqu\u00e9 en Inde et certifi\u00e9 OEKO-Tex.","og_url":"https:\/\/perle-in.com\/en\/product\/sac-shopping-juta-de-7-l-en-jute-300-g-m\u00b2\/","og_site_name":"PERLE IN","article_modified_time":"2025-10-19T03:45:34+00:00","og_image":[{"width":1600,"height":1600,"url":"https:\/\/perle-in.com\/wp-content\/uploads\/2025\/10\/12067306-1.jpg","type":"image\/jpeg"}],"twitter_card":"summary_large_image","schema":{"@context":"https:\/\/schema.org","@graph":[{"@type":"WebPage","@id":"https:\/\/perle-in.com\/produit\/sac-shopping-juta-de-7-l-en-jute-300-g-m%c2%b2\/","url":"https:\/\/perle-in.com\/produit\/sac-shopping-juta-de-7-l-en-jute-300-g-m%c2%b2\/","name":"Sac shopping Juta de 7\u00a0L en jute 300\u00a0g\/m\u00b2 - PERLE IN","isPartOf":{"@id":"https:\/\/perle-in.com\/#website"},"primaryImageOfPage":{"@id":"https:\/\/perle-in.com\/produit\/sac-shopping-juta-de-7-l-en-jute-300-g-m%c2%b2\/#primaryimage"},"image":{"@id":"https:\/\/perle-in.com\/produit\/sac-shopping-juta-de-7-l-en-jute-300-g-m%c2%b2\/#primaryimage"},"thumbnailUrl":"https:\/\/perle-in.com\/wp-content\/uploads\/2025\/10\/12067306-1.jpg","datePublished":"2025-10-14T20:39:26+00:00","dateModified":"2025-10-19T03:45:34+00:00","breadcrumb":{"@id":"https:\/\/perle-in.com\/produit\/sac-shopping-juta-de-7-l-en-jute-300-g-m%c2%b2\/#breadcrumb"},"inLanguage":"en-CA","potentialAction":[{"@type":"ReadAction","target":["https:\/\/perle-in.com\/produit\/sac-shopping-juta-de-7-l-en-jute-300-g-m%c2%b2\/"]}]},{"@type":"ImageObject","inLanguage":"en-CA","@id":"https:\/\/perle-in.com\/produit\/sac-shopping-juta-de-7-l-en-jute-300-g-m%c2%b2\/#primaryimage","url":"https:\/\/perle-in.com\/wp-content\/uploads\/2025\/10\/12067306-1.jpg","contentUrl":"https:\/\/perle-in.com\/wp-content\/uploads\/2025\/10\/12067306-1.jpg","width":1600,"height":1600},{"@type":"BreadcrumbList","@id":"https:\/\/perle-in.com\/produit\/sac-shopping-juta-de-7-l-en-jute-300-g-m%c2%b2\/#breadcrumb","itemListElement":[{"@type":"ListItem","position":1,"name":"Accueil","item":"https:\/\/perle-in.com\/"},{"@type":"ListItem","position":2,"name":"Boutique","item":"https:\/\/perle-in.com\/boutique\/"},{"@type":"ListItem","position":3,"name":"Sac shopping Juta de 7\u00a0L en jute 300\u00a0g\/m\u00b2"}]},{"@type":"WebSite","@id":"https:\/\/perle-in.com\/#website","url":"https:\/\/perle-in.com\/","name":"PERLE IN","description":"","publisher":{"@id":"https:\/\/perle-in.com\/#organization"},"potentialAction":[{"@type":"SearchAction","target":{"@type":"EntryPoint","urlTemplate":"https:\/\/perle-in.com\/?s={search_term_string}"},"query-input":{"@type":"PropertyValueSpecification","valueRequired":true,"valueName":"search_term_string"}}],"inLanguage":"en-CA"},{"@type":"Organization","@id":"https:\/\/perle-in.com\/#organization","name":"PERLE IN","url":"https:\/\/perle-in.com\/","logo":{"@type":"ImageObject","inLanguage":"en-CA","@id":"https:\/\/perle-in.com\/#\/schema\/logo\/image\/","url":"https:\/\/perle-in.com\/wp-content\/uploads\/2022\/12\/LOGO-PERLE-IN-COULEUR@3x.webp","contentUrl":"https:\/\/perle-in.com\/wp-content\/uploads\/2022\/12\/LOGO-PERLE-IN-COULEUR@3x.webp","width":1600,"height":490,"caption":"PERLE IN"},"image":{"@id":"https:\/\/perle-in.com\/#\/schema\/logo\/image\/"}}]}},"jetpack_sharing_enabled":true,"_links":{"self":[{"href":"https:\/\/perle-in.com\/en\/wp-json\/wp\/v2\/product\/537258","targetHints":{"allow":["GET"]}}],"collection":[{"href":"https:\/\/perle-in.com\/en\/wp-json\/wp\/v2\/product"}],"about":[{"href":"https:\/\/perle-in.com\/en\/wp-json\/wp\/v2\/types\/product"}],"version-history":[{"count":0,"href":"https:\/\/perle-in.com\/en\/wp-json\/wp\/v2\/product\/537258\/revisions"}],"wp:featuredmedia":[{"embeddable":true,"href":"https:\/\/perle-in.com\/en\/wp-json\/wp\/v2\/media\/537252"}],"wp:attachment":[{"href":"https:\/\/perle-in.com\/en\/wp-json\/wp\/v2\/media?parent=537258"}],"wp:term":[{"taxonomy":"product_brand","embeddable":true,"href":"https:\/\/perle-in.com\/en\/wp-json\/wp\/v2\/product_brand?post=537258"},{"taxonomy":"product_cat","embeddable":true,"href":"https:\/\/perle-in.com\/en\/wp-json\/wp\/v2\/product_cat?post=537258"},{"taxonomy":"product_tag","embeddable":true,"href":"https:\/\/perle-in.com\/en\/wp-json\/wp\/v2\/product_tag?post=537258"}],"curies":[{"name":"wp","href":"https:\/\/api.w.org\/{rel}","templated":true}]}}