{"id":537228,"date":"2025-10-14T22:36:14","date_gmt":"2025-10-14T20:36:14","guid":{"rendered":"https:\/\/perle-in.com\/produit\/sac-isotherme-felta-pour-boissons-en-feutrine-recyclee-grs-de-21-l\/"},"modified":"2025-10-19T05:45:33","modified_gmt":"2025-10-19T03:45:33","slug":"sac-isotherme-felta-pour-boissons-en-feutrine-recyclee-grs-de-21-l","status":"publish","type":"product","link":"https:\/\/perle-in.com\/en\/product\/sac-isotherme-felta-pour-boissons-en-feutrine-recyclee-grs-de-21-l\/","title":{"rendered":"Sac isotherme Felta pour boissons en feutrine recycl\u00e9e GRS de 21\u00a0L"},"content":{"rendered":"","protected":false},"excerpt":{"rendered":"<p>Grand sac isotherme en feutrine recycl\u00e9e de haute qualit\u00e9, doux et durable, certifi\u00e9 GRS. Comprend un grand compartiment principal (six bouteilles de 1,5\u00a0litre) doubl\u00e9 d&#8217;une isolation PEVA thermique haute densit\u00e9 tr\u00e8s \u00e9paisse et sans danger pour les aliments, afin de garder les boissons et les rafra\u00eechissements au frais pendant des heures. Fermeture zipp\u00e9e sur le dessus, poche frontale et deux poches lat\u00e9rales pour un rangement suppl\u00e9mentaire. Bretelles longues r\u00e9glables en coton tiss\u00e9 (55 x 3,8\u00a0cm) et 2\u00a0poign\u00e9es en coton tiss\u00e9 (25 x 3,8\u00a0cm) avec fermeture par boucle et crochet sur le dessus. Facile \u00e0 nettoyer. Capacit\u00e9\u00a0: 21\u00a0litres.<\/p>","protected":false},"featured_media":537221,"template":"","meta":{"_eb_attr":""},"product_brand":[],"product_cat":[159,160],"product_tag":[837,3135,169,3143,2654,165,282],"class_list":{"0":"post-537228","1":"product","2":"type-product","3":"status-publish","4":"has-post-thumbnail","6":"product_cat-sacs","7":"product_cat-sacs-isothermes","8":"product_tag-durable","9":"product_tag-feutrine","10":"product_tag-glaciere","11":"product_tag-glacieres","12":"product_tag-grs","13":"product_tag-isotherme","14":"product_tag-sac","15":"pa_couleurs-gris-moyen","16":"pa_green-points-2830","17":"pa_matiere-polyester-recycle-certifie-grs","19":"first","20":"instock","21":"shipping-taxable","22":"purchasable","23":"product-type-variable"},"yoast_head":"<!-- This site is optimized with the Yoast SEO plugin v27.4 - https:\/\/yoast.com\/product\/yoast-seo-wordpress\/ -->\n<title>Sac isotherme Felta pour boissons en feutrine recycl\u00e9e GRS de 21\u00a0L - PERLE IN<\/title>\n<meta name=\"robots\" content=\"noindex, follow, max-snippet:-1, max-image-preview:large, max-video-preview:-1\" \/>\n<meta property=\"og:locale\" content=\"en_US\" \/>\n<meta property=\"og:type\" content=\"article\" \/>\n<meta property=\"og:title\" content=\"Sac isotherme Felta pour boissons en feutrine recycl\u00e9e GRS de 21\u00a0L - PERLE IN\" \/>\n<meta property=\"og:description\" content=\"Grand sac isotherme en feutrine recycl\u00e9e de haute qualit\u00e9, doux et durable, certifi\u00e9 GRS. Comprend un grand compartiment principal (six bouteilles de 1,5\u00a0litre) doubl\u00e9 d&#039;une isolation PEVA thermique haute densit\u00e9 tr\u00e8s \u00e9paisse et sans danger pour les aliments, afin de garder les boissons et les rafra\u00eechissements au frais pendant des heures. Fermeture zipp\u00e9e sur le dessus, poche frontale et deux poches lat\u00e9rales pour un rangement suppl\u00e9mentaire. Bretelles longues r\u00e9glables en coton tiss\u00e9 (55 x 3,8\u00a0cm) et 2\u00a0poign\u00e9es en coton tiss\u00e9 (25 x 3,8\u00a0cm) avec fermeture par boucle et crochet sur le dessus. Facile \u00e0 nettoyer. Capacit\u00e9\u00a0: 21\u00a0litres.\" \/>\n<meta property=\"og:url\" content=\"https:\/\/perle-in.com\/en\/product\/sac-isotherme-felta-pour-boissons-en-feutrine-recyclee-grs-de-21-l\/\" \/>\n<meta property=\"og:site_name\" content=\"PERLE IN\" \/>\n<meta property=\"article:modified_time\" content=\"2025-10-19T03:45:33+00:00\" \/>\n<meta property=\"og:image\" content=\"https:\/\/perle-in.com\/wp-content\/uploads\/2025\/10\/12066782-1.jpg\" \/>\n\t<meta property=\"og:image:width\" content=\"1600\" \/>\n\t<meta property=\"og:image:height\" content=\"1600\" \/>\n\t<meta property=\"og:image:type\" content=\"image\/jpeg\" \/>\n<meta name=\"twitter:card\" content=\"summary_large_image\" \/>\n<script type=\"application\/ld+json\" class=\"yoast-schema-graph\">{\"@context\":\"https:\\\/\\\/schema.org\",\"@graph\":[{\"@type\":\"WebPage\",\"@id\":\"https:\\\/\\\/perle-in.com\\\/produit\\\/sac-isotherme-felta-pour-boissons-en-feutrine-recyclee-grs-de-21-l\\\/\",\"url\":\"https:\\\/\\\/perle-in.com\\\/produit\\\/sac-isotherme-felta-pour-boissons-en-feutrine-recyclee-grs-de-21-l\\\/\",\"name\":\"Sac isotherme Felta pour boissons en feutrine recycl\u00e9e GRS de 21\u00a0L - PERLE IN\",\"isPartOf\":{\"@id\":\"https:\\\/\\\/perle-in.com\\\/#website\"},\"primaryImageOfPage\":{\"@id\":\"https:\\\/\\\/perle-in.com\\\/produit\\\/sac-isotherme-felta-pour-boissons-en-feutrine-recyclee-grs-de-21-l\\\/#primaryimage\"},\"image\":{\"@id\":\"https:\\\/\\\/perle-in.com\\\/produit\\\/sac-isotherme-felta-pour-boissons-en-feutrine-recyclee-grs-de-21-l\\\/#primaryimage\"},\"thumbnailUrl\":\"https:\\\/\\\/perle-in.com\\\/wp-content\\\/uploads\\\/2025\\\/10\\\/12066782-1.jpg\",\"datePublished\":\"2025-10-14T20:36:14+00:00\",\"dateModified\":\"2025-10-19T03:45:33+00:00\",\"breadcrumb\":{\"@id\":\"https:\\\/\\\/perle-in.com\\\/produit\\\/sac-isotherme-felta-pour-boissons-en-feutrine-recyclee-grs-de-21-l\\\/#breadcrumb\"},\"inLanguage\":\"en-CA\",\"potentialAction\":[{\"@type\":\"ReadAction\",\"target\":[\"https:\\\/\\\/perle-in.com\\\/produit\\\/sac-isotherme-felta-pour-boissons-en-feutrine-recyclee-grs-de-21-l\\\/\"]}]},{\"@type\":\"ImageObject\",\"inLanguage\":\"en-CA\",\"@id\":\"https:\\\/\\\/perle-in.com\\\/produit\\\/sac-isotherme-felta-pour-boissons-en-feutrine-recyclee-grs-de-21-l\\\/#primaryimage\",\"url\":\"https:\\\/\\\/perle-in.com\\\/wp-content\\\/uploads\\\/2025\\\/10\\\/12066782-1.jpg\",\"contentUrl\":\"https:\\\/\\\/perle-in.com\\\/wp-content\\\/uploads\\\/2025\\\/10\\\/12066782-1.jpg\",\"width\":1600,\"height\":1600},{\"@type\":\"BreadcrumbList\",\"@id\":\"https:\\\/\\\/perle-in.com\\\/produit\\\/sac-isotherme-felta-pour-boissons-en-feutrine-recyclee-grs-de-21-l\\\/#breadcrumb\",\"itemListElement\":[{\"@type\":\"ListItem\",\"position\":1,\"name\":\"Accueil\",\"item\":\"https:\\\/\\\/perle-in.com\\\/\"},{\"@type\":\"ListItem\",\"position\":2,\"name\":\"Boutique\",\"item\":\"https:\\\/\\\/perle-in.com\\\/boutique\\\/\"},{\"@type\":\"ListItem\",\"position\":3,\"name\":\"Sac isotherme Felta pour boissons en feutrine recycl\u00e9e GRS de 21\u00a0L\"}]},{\"@type\":\"WebSite\",\"@id\":\"https:\\\/\\\/perle-in.com\\\/#website\",\"url\":\"https:\\\/\\\/perle-in.com\\\/\",\"name\":\"PERLE IN\",\"description\":\"\",\"publisher\":{\"@id\":\"https:\\\/\\\/perle-in.com\\\/#organization\"},\"potentialAction\":[{\"@type\":\"SearchAction\",\"target\":{\"@type\":\"EntryPoint\",\"urlTemplate\":\"https:\\\/\\\/perle-in.com\\\/?s={search_term_string}\"},\"query-input\":{\"@type\":\"PropertyValueSpecification\",\"valueRequired\":true,\"valueName\":\"search_term_string\"}}],\"inLanguage\":\"en-CA\"},{\"@type\":\"Organization\",\"@id\":\"https:\\\/\\\/perle-in.com\\\/#organization\",\"name\":\"PERLE IN\",\"url\":\"https:\\\/\\\/perle-in.com\\\/\",\"logo\":{\"@type\":\"ImageObject\",\"inLanguage\":\"en-CA\",\"@id\":\"https:\\\/\\\/perle-in.com\\\/#\\\/schema\\\/logo\\\/image\\\/\",\"url\":\"https:\\\/\\\/perle-in.com\\\/wp-content\\\/uploads\\\/2022\\\/12\\\/LOGO-PERLE-IN-COULEUR@3x.webp\",\"contentUrl\":\"https:\\\/\\\/perle-in.com\\\/wp-content\\\/uploads\\\/2022\\\/12\\\/LOGO-PERLE-IN-COULEUR@3x.webp\",\"width\":1600,\"height\":490,\"caption\":\"PERLE IN\"},\"image\":{\"@id\":\"https:\\\/\\\/perle-in.com\\\/#\\\/schema\\\/logo\\\/image\\\/\"}}]}<\/script>\n<!-- \/ Yoast SEO plugin. -->","yoast_head_json":{"title":"Sac isotherme Felta pour boissons en feutrine recycl\u00e9e GRS de 21\u00a0L - PERLE IN","robots":{"index":"noindex","follow":"follow","max-snippet":"max-snippet:-1","max-image-preview":"max-image-preview:large","max-video-preview":"max-video-preview:-1"},"og_locale":"en_US","og_type":"article","og_title":"Sac isotherme Felta pour boissons en feutrine recycl\u00e9e GRS de 21\u00a0L - PERLE IN","og_description":"Grand sac isotherme en feutrine recycl\u00e9e de haute qualit\u00e9, doux et durable, certifi\u00e9 GRS. Comprend un grand compartiment principal (six bouteilles de 1,5\u00a0litre) doubl\u00e9 d'une isolation PEVA thermique haute densit\u00e9 tr\u00e8s \u00e9paisse et sans danger pour les aliments, afin de garder les boissons et les rafra\u00eechissements au frais pendant des heures. Fermeture zipp\u00e9e sur le dessus, poche frontale et deux poches lat\u00e9rales pour un rangement suppl\u00e9mentaire. Bretelles longues r\u00e9glables en coton tiss\u00e9 (55 x 3,8\u00a0cm) et 2\u00a0poign\u00e9es en coton tiss\u00e9 (25 x 3,8\u00a0cm) avec fermeture par boucle et crochet sur le dessus. Facile \u00e0 nettoyer. Capacit\u00e9\u00a0: 21\u00a0litres.","og_url":"https:\/\/perle-in.com\/en\/product\/sac-isotherme-felta-pour-boissons-en-feutrine-recyclee-grs-de-21-l\/","og_site_name":"PERLE IN","article_modified_time":"2025-10-19T03:45:33+00:00","og_image":[{"width":1600,"height":1600,"url":"https:\/\/perle-in.com\/wp-content\/uploads\/2025\/10\/12066782-1.jpg","type":"image\/jpeg"}],"twitter_card":"summary_large_image","schema":{"@context":"https:\/\/schema.org","@graph":[{"@type":"WebPage","@id":"https:\/\/perle-in.com\/produit\/sac-isotherme-felta-pour-boissons-en-feutrine-recyclee-grs-de-21-l\/","url":"https:\/\/perle-in.com\/produit\/sac-isotherme-felta-pour-boissons-en-feutrine-recyclee-grs-de-21-l\/","name":"Sac isotherme Felta pour boissons en feutrine recycl\u00e9e GRS de 21\u00a0L - PERLE IN","isPartOf":{"@id":"https:\/\/perle-in.com\/#website"},"primaryImageOfPage":{"@id":"https:\/\/perle-in.com\/produit\/sac-isotherme-felta-pour-boissons-en-feutrine-recyclee-grs-de-21-l\/#primaryimage"},"image":{"@id":"https:\/\/perle-in.com\/produit\/sac-isotherme-felta-pour-boissons-en-feutrine-recyclee-grs-de-21-l\/#primaryimage"},"thumbnailUrl":"https:\/\/perle-in.com\/wp-content\/uploads\/2025\/10\/12066782-1.jpg","datePublished":"2025-10-14T20:36:14+00:00","dateModified":"2025-10-19T03:45:33+00:00","breadcrumb":{"@id":"https:\/\/perle-in.com\/produit\/sac-isotherme-felta-pour-boissons-en-feutrine-recyclee-grs-de-21-l\/#breadcrumb"},"inLanguage":"en-CA","potentialAction":[{"@type":"ReadAction","target":["https:\/\/perle-in.com\/produit\/sac-isotherme-felta-pour-boissons-en-feutrine-recyclee-grs-de-21-l\/"]}]},{"@type":"ImageObject","inLanguage":"en-CA","@id":"https:\/\/perle-in.com\/produit\/sac-isotherme-felta-pour-boissons-en-feutrine-recyclee-grs-de-21-l\/#primaryimage","url":"https:\/\/perle-in.com\/wp-content\/uploads\/2025\/10\/12066782-1.jpg","contentUrl":"https:\/\/perle-in.com\/wp-content\/uploads\/2025\/10\/12066782-1.jpg","width":1600,"height":1600},{"@type":"BreadcrumbList","@id":"https:\/\/perle-in.com\/produit\/sac-isotherme-felta-pour-boissons-en-feutrine-recyclee-grs-de-21-l\/#breadcrumb","itemListElement":[{"@type":"ListItem","position":1,"name":"Accueil","item":"https:\/\/perle-in.com\/"},{"@type":"ListItem","position":2,"name":"Boutique","item":"https:\/\/perle-in.com\/boutique\/"},{"@type":"ListItem","position":3,"name":"Sac isotherme Felta pour boissons en feutrine recycl\u00e9e GRS de 21\u00a0L"}]},{"@type":"WebSite","@id":"https:\/\/perle-in.com\/#website","url":"https:\/\/perle-in.com\/","name":"PERLE IN","description":"","publisher":{"@id":"https:\/\/perle-in.com\/#organization"},"potentialAction":[{"@type":"SearchAction","target":{"@type":"EntryPoint","urlTemplate":"https:\/\/perle-in.com\/?s={search_term_string}"},"query-input":{"@type":"PropertyValueSpecification","valueRequired":true,"valueName":"search_term_string"}}],"inLanguage":"en-CA"},{"@type":"Organization","@id":"https:\/\/perle-in.com\/#organization","name":"PERLE IN","url":"https:\/\/perle-in.com\/","logo":{"@type":"ImageObject","inLanguage":"en-CA","@id":"https:\/\/perle-in.com\/#\/schema\/logo\/image\/","url":"https:\/\/perle-in.com\/wp-content\/uploads\/2022\/12\/LOGO-PERLE-IN-COULEUR@3x.webp","contentUrl":"https:\/\/perle-in.com\/wp-content\/uploads\/2022\/12\/LOGO-PERLE-IN-COULEUR@3x.webp","width":1600,"height":490,"caption":"PERLE IN"},"image":{"@id":"https:\/\/perle-in.com\/#\/schema\/logo\/image\/"}}]}},"jetpack_sharing_enabled":true,"_links":{"self":[{"href":"https:\/\/perle-in.com\/en\/wp-json\/wp\/v2\/product\/537228","targetHints":{"allow":["GET"]}}],"collection":[{"href":"https:\/\/perle-in.com\/en\/wp-json\/wp\/v2\/product"}],"about":[{"href":"https:\/\/perle-in.com\/en\/wp-json\/wp\/v2\/types\/product"}],"version-history":[{"count":0,"href":"https:\/\/perle-in.com\/en\/wp-json\/wp\/v2\/product\/537228\/revisions"}],"wp:featuredmedia":[{"embeddable":true,"href":"https:\/\/perle-in.com\/en\/wp-json\/wp\/v2\/media\/537221"}],"wp:attachment":[{"href":"https:\/\/perle-in.com\/en\/wp-json\/wp\/v2\/media?parent=537228"}],"wp:term":[{"taxonomy":"product_brand","embeddable":true,"href":"https:\/\/perle-in.com\/en\/wp-json\/wp\/v2\/product_brand?post=537228"},{"taxonomy":"product_cat","embeddable":true,"href":"https:\/\/perle-in.com\/en\/wp-json\/wp\/v2\/product_cat?post=537228"},{"taxonomy":"product_tag","embeddable":true,"href":"https:\/\/perle-in.com\/en\/wp-json\/wp\/v2\/product_tag?post=537228"}],"curies":[{"name":"wp","href":"https:\/\/api.w.org\/{rel}","templated":true}]}}