{"id":537192,"date":"2025-10-14T22:32:31","date_gmt":"2025-10-14T20:32:31","guid":{"rendered":"https:\/\/perle-in.com\/produit\/sac-shopping-felta-avec-large-fond-de-12-l-en-feutre-recycle-certifie-grs\/"},"modified":"2025-10-19T05:45:33","modified_gmt":"2025-10-19T03:45:33","slug":"sac-shopping-felta-avec-large-fond-de-12-l-en-feutre-recycle-certifie-grs","status":"publish","type":"product","link":"https:\/\/perle-in.com\/en\/product\/sac-shopping-felta-avec-large-fond-de-12-l-en-feutre-recycle-certifie-grs\/","title":{"rendered":"Sac shopping Felta avec large fond de 12\u00a0L en feutre recycl\u00e9 certifi\u00e9 GRS"},"content":{"rendered":"","protected":false},"excerpt":{"rendered":"<p>Sac shopping pratique, en feutre recycl\u00e9 doux, durable, certifi\u00e9 GRS et de haute qualit\u00e9. Comprend de longues poign\u00e9es en coton tiss\u00e9 (30\u00a0x\u00a02,5\u00a0cm) pour un confort de transport optimal et un fond extra large pour un espace de stockage maximal.<\/p>","protected":false},"featured_media":537185,"template":"","meta":{"_eb_attr":""},"product_brand":[],"product_cat":[159,959],"product_tag":[905,837,3137,2654,836,282,904,3086,1779],"class_list":{"0":"post-537192","1":"product","2":"type-product","3":"status-publish","4":"has-post-thumbnail","6":"product_cat-sacs","7":"product_cat-sacs-de-shopping","8":"product_tag-courses","9":"product_tag-durable","10":"product_tag-feutre","11":"product_tag-grs","12":"product_tag-recycle","13":"product_tag-sac","14":"product_tag-shopping","15":"product_tag-tote-bag","16":"product_tag-totebag","17":"pa_couleurs-gris-moyen","18":"pa_green-points-2830","19":"pa_matiere-polyester-recycle-certifie-grs","21":"first","22":"instock","23":"shipping-taxable","24":"purchasable","25":"product-type-variable"},"yoast_head":"<!-- This site is optimized with the Yoast SEO plugin v27.4 - https:\/\/yoast.com\/product\/yoast-seo-wordpress\/ -->\n<title>Sac shopping Felta avec large fond de 12\u00a0L en feutre recycl\u00e9 certifi\u00e9 GRS - PERLE IN<\/title>\n<meta name=\"robots\" content=\"noindex, follow, max-snippet:-1, max-image-preview:large, max-video-preview:-1\" \/>\n<meta property=\"og:locale\" content=\"en_US\" \/>\n<meta property=\"og:type\" content=\"article\" \/>\n<meta property=\"og:title\" content=\"Sac shopping Felta avec large fond de 12\u00a0L en feutre recycl\u00e9 certifi\u00e9 GRS - PERLE IN\" \/>\n<meta property=\"og:description\" content=\"Sac shopping pratique, en feutre recycl\u00e9 doux, durable, certifi\u00e9 GRS et de haute qualit\u00e9. Comprend de longues poign\u00e9es en coton tiss\u00e9 (30\u00a0x\u00a02,5\u00a0cm) pour un confort de transport optimal et un fond extra large pour un espace de stockage maximal.\" \/>\n<meta property=\"og:url\" content=\"https:\/\/perle-in.com\/en\/product\/sac-shopping-felta-avec-large-fond-de-12-l-en-feutre-recycle-certifie-grs\/\" \/>\n<meta property=\"og:site_name\" content=\"PERLE IN\" \/>\n<meta property=\"article:modified_time\" content=\"2025-10-19T03:45:33+00:00\" \/>\n<meta property=\"og:image\" content=\"https:\/\/perle-in.com\/wp-content\/uploads\/2025\/10\/12066282-1.jpg\" \/>\n\t<meta property=\"og:image:width\" content=\"1600\" \/>\n\t<meta property=\"og:image:height\" content=\"1600\" \/>\n\t<meta property=\"og:image:type\" content=\"image\/jpeg\" \/>\n<meta name=\"twitter:card\" content=\"summary_large_image\" \/>\n<script type=\"application\/ld+json\" class=\"yoast-schema-graph\">{\"@context\":\"https:\\\/\\\/schema.org\",\"@graph\":[{\"@type\":\"WebPage\",\"@id\":\"https:\\\/\\\/perle-in.com\\\/produit\\\/sac-shopping-felta-avec-large-fond-de-12-l-en-feutre-recycle-certifie-grs\\\/\",\"url\":\"https:\\\/\\\/perle-in.com\\\/produit\\\/sac-shopping-felta-avec-large-fond-de-12-l-en-feutre-recycle-certifie-grs\\\/\",\"name\":\"Sac shopping Felta avec large fond de 12\u00a0L en feutre recycl\u00e9 certifi\u00e9 GRS - PERLE IN\",\"isPartOf\":{\"@id\":\"https:\\\/\\\/perle-in.com\\\/#website\"},\"primaryImageOfPage\":{\"@id\":\"https:\\\/\\\/perle-in.com\\\/produit\\\/sac-shopping-felta-avec-large-fond-de-12-l-en-feutre-recycle-certifie-grs\\\/#primaryimage\"},\"image\":{\"@id\":\"https:\\\/\\\/perle-in.com\\\/produit\\\/sac-shopping-felta-avec-large-fond-de-12-l-en-feutre-recycle-certifie-grs\\\/#primaryimage\"},\"thumbnailUrl\":\"https:\\\/\\\/perle-in.com\\\/wp-content\\\/uploads\\\/2025\\\/10\\\/12066282-1.jpg\",\"datePublished\":\"2025-10-14T20:32:31+00:00\",\"dateModified\":\"2025-10-19T03:45:33+00:00\",\"breadcrumb\":{\"@id\":\"https:\\\/\\\/perle-in.com\\\/produit\\\/sac-shopping-felta-avec-large-fond-de-12-l-en-feutre-recycle-certifie-grs\\\/#breadcrumb\"},\"inLanguage\":\"en-CA\",\"potentialAction\":[{\"@type\":\"ReadAction\",\"target\":[\"https:\\\/\\\/perle-in.com\\\/produit\\\/sac-shopping-felta-avec-large-fond-de-12-l-en-feutre-recycle-certifie-grs\\\/\"]}]},{\"@type\":\"ImageObject\",\"inLanguage\":\"en-CA\",\"@id\":\"https:\\\/\\\/perle-in.com\\\/produit\\\/sac-shopping-felta-avec-large-fond-de-12-l-en-feutre-recycle-certifie-grs\\\/#primaryimage\",\"url\":\"https:\\\/\\\/perle-in.com\\\/wp-content\\\/uploads\\\/2025\\\/10\\\/12066282-1.jpg\",\"contentUrl\":\"https:\\\/\\\/perle-in.com\\\/wp-content\\\/uploads\\\/2025\\\/10\\\/12066282-1.jpg\",\"width\":1600,\"height\":1600},{\"@type\":\"BreadcrumbList\",\"@id\":\"https:\\\/\\\/perle-in.com\\\/produit\\\/sac-shopping-felta-avec-large-fond-de-12-l-en-feutre-recycle-certifie-grs\\\/#breadcrumb\",\"itemListElement\":[{\"@type\":\"ListItem\",\"position\":1,\"name\":\"Accueil\",\"item\":\"https:\\\/\\\/perle-in.com\\\/\"},{\"@type\":\"ListItem\",\"position\":2,\"name\":\"Boutique\",\"item\":\"https:\\\/\\\/perle-in.com\\\/boutique\\\/\"},{\"@type\":\"ListItem\",\"position\":3,\"name\":\"Sac shopping Felta avec large fond de 12\u00a0L en feutre recycl\u00e9 certifi\u00e9 GRS\"}]},{\"@type\":\"WebSite\",\"@id\":\"https:\\\/\\\/perle-in.com\\\/#website\",\"url\":\"https:\\\/\\\/perle-in.com\\\/\",\"name\":\"PERLE IN\",\"description\":\"\",\"publisher\":{\"@id\":\"https:\\\/\\\/perle-in.com\\\/#organization\"},\"potentialAction\":[{\"@type\":\"SearchAction\",\"target\":{\"@type\":\"EntryPoint\",\"urlTemplate\":\"https:\\\/\\\/perle-in.com\\\/?s={search_term_string}\"},\"query-input\":{\"@type\":\"PropertyValueSpecification\",\"valueRequired\":true,\"valueName\":\"search_term_string\"}}],\"inLanguage\":\"en-CA\"},{\"@type\":\"Organization\",\"@id\":\"https:\\\/\\\/perle-in.com\\\/#organization\",\"name\":\"PERLE IN\",\"url\":\"https:\\\/\\\/perle-in.com\\\/\",\"logo\":{\"@type\":\"ImageObject\",\"inLanguage\":\"en-CA\",\"@id\":\"https:\\\/\\\/perle-in.com\\\/#\\\/schema\\\/logo\\\/image\\\/\",\"url\":\"https:\\\/\\\/perle-in.com\\\/wp-content\\\/uploads\\\/2022\\\/12\\\/LOGO-PERLE-IN-COULEUR@3x.webp\",\"contentUrl\":\"https:\\\/\\\/perle-in.com\\\/wp-content\\\/uploads\\\/2022\\\/12\\\/LOGO-PERLE-IN-COULEUR@3x.webp\",\"width\":1600,\"height\":490,\"caption\":\"PERLE IN\"},\"image\":{\"@id\":\"https:\\\/\\\/perle-in.com\\\/#\\\/schema\\\/logo\\\/image\\\/\"}}]}<\/script>\n<!-- \/ Yoast SEO plugin. -->","yoast_head_json":{"title":"Sac shopping Felta avec large fond de 12\u00a0L en feutre recycl\u00e9 certifi\u00e9 GRS - PERLE IN","robots":{"index":"noindex","follow":"follow","max-snippet":"max-snippet:-1","max-image-preview":"max-image-preview:large","max-video-preview":"max-video-preview:-1"},"og_locale":"en_US","og_type":"article","og_title":"Sac shopping Felta avec large fond de 12\u00a0L en feutre recycl\u00e9 certifi\u00e9 GRS - PERLE IN","og_description":"Sac shopping pratique, en feutre recycl\u00e9 doux, durable, certifi\u00e9 GRS et de haute qualit\u00e9. Comprend de longues poign\u00e9es en coton tiss\u00e9 (30\u00a0x\u00a02,5\u00a0cm) pour un confort de transport optimal et un fond extra large pour un espace de stockage maximal.","og_url":"https:\/\/perle-in.com\/en\/product\/sac-shopping-felta-avec-large-fond-de-12-l-en-feutre-recycle-certifie-grs\/","og_site_name":"PERLE IN","article_modified_time":"2025-10-19T03:45:33+00:00","og_image":[{"width":1600,"height":1600,"url":"https:\/\/perle-in.com\/wp-content\/uploads\/2025\/10\/12066282-1.jpg","type":"image\/jpeg"}],"twitter_card":"summary_large_image","schema":{"@context":"https:\/\/schema.org","@graph":[{"@type":"WebPage","@id":"https:\/\/perle-in.com\/produit\/sac-shopping-felta-avec-large-fond-de-12-l-en-feutre-recycle-certifie-grs\/","url":"https:\/\/perle-in.com\/produit\/sac-shopping-felta-avec-large-fond-de-12-l-en-feutre-recycle-certifie-grs\/","name":"Sac shopping Felta avec large fond de 12\u00a0L en feutre recycl\u00e9 certifi\u00e9 GRS - PERLE IN","isPartOf":{"@id":"https:\/\/perle-in.com\/#website"},"primaryImageOfPage":{"@id":"https:\/\/perle-in.com\/produit\/sac-shopping-felta-avec-large-fond-de-12-l-en-feutre-recycle-certifie-grs\/#primaryimage"},"image":{"@id":"https:\/\/perle-in.com\/produit\/sac-shopping-felta-avec-large-fond-de-12-l-en-feutre-recycle-certifie-grs\/#primaryimage"},"thumbnailUrl":"https:\/\/perle-in.com\/wp-content\/uploads\/2025\/10\/12066282-1.jpg","datePublished":"2025-10-14T20:32:31+00:00","dateModified":"2025-10-19T03:45:33+00:00","breadcrumb":{"@id":"https:\/\/perle-in.com\/produit\/sac-shopping-felta-avec-large-fond-de-12-l-en-feutre-recycle-certifie-grs\/#breadcrumb"},"inLanguage":"en-CA","potentialAction":[{"@type":"ReadAction","target":["https:\/\/perle-in.com\/produit\/sac-shopping-felta-avec-large-fond-de-12-l-en-feutre-recycle-certifie-grs\/"]}]},{"@type":"ImageObject","inLanguage":"en-CA","@id":"https:\/\/perle-in.com\/produit\/sac-shopping-felta-avec-large-fond-de-12-l-en-feutre-recycle-certifie-grs\/#primaryimage","url":"https:\/\/perle-in.com\/wp-content\/uploads\/2025\/10\/12066282-1.jpg","contentUrl":"https:\/\/perle-in.com\/wp-content\/uploads\/2025\/10\/12066282-1.jpg","width":1600,"height":1600},{"@type":"BreadcrumbList","@id":"https:\/\/perle-in.com\/produit\/sac-shopping-felta-avec-large-fond-de-12-l-en-feutre-recycle-certifie-grs\/#breadcrumb","itemListElement":[{"@type":"ListItem","position":1,"name":"Accueil","item":"https:\/\/perle-in.com\/"},{"@type":"ListItem","position":2,"name":"Boutique","item":"https:\/\/perle-in.com\/boutique\/"},{"@type":"ListItem","position":3,"name":"Sac shopping Felta avec large fond de 12\u00a0L en feutre recycl\u00e9 certifi\u00e9 GRS"}]},{"@type":"WebSite","@id":"https:\/\/perle-in.com\/#website","url":"https:\/\/perle-in.com\/","name":"PERLE IN","description":"","publisher":{"@id":"https:\/\/perle-in.com\/#organization"},"potentialAction":[{"@type":"SearchAction","target":{"@type":"EntryPoint","urlTemplate":"https:\/\/perle-in.com\/?s={search_term_string}"},"query-input":{"@type":"PropertyValueSpecification","valueRequired":true,"valueName":"search_term_string"}}],"inLanguage":"en-CA"},{"@type":"Organization","@id":"https:\/\/perle-in.com\/#organization","name":"PERLE IN","url":"https:\/\/perle-in.com\/","logo":{"@type":"ImageObject","inLanguage":"en-CA","@id":"https:\/\/perle-in.com\/#\/schema\/logo\/image\/","url":"https:\/\/perle-in.com\/wp-content\/uploads\/2022\/12\/LOGO-PERLE-IN-COULEUR@3x.webp","contentUrl":"https:\/\/perle-in.com\/wp-content\/uploads\/2022\/12\/LOGO-PERLE-IN-COULEUR@3x.webp","width":1600,"height":490,"caption":"PERLE IN"},"image":{"@id":"https:\/\/perle-in.com\/#\/schema\/logo\/image\/"}}]}},"jetpack_sharing_enabled":true,"_links":{"self":[{"href":"https:\/\/perle-in.com\/en\/wp-json\/wp\/v2\/product\/537192","targetHints":{"allow":["GET"]}}],"collection":[{"href":"https:\/\/perle-in.com\/en\/wp-json\/wp\/v2\/product"}],"about":[{"href":"https:\/\/perle-in.com\/en\/wp-json\/wp\/v2\/types\/product"}],"version-history":[{"count":0,"href":"https:\/\/perle-in.com\/en\/wp-json\/wp\/v2\/product\/537192\/revisions"}],"wp:featuredmedia":[{"embeddable":true,"href":"https:\/\/perle-in.com\/en\/wp-json\/wp\/v2\/media\/537185"}],"wp:attachment":[{"href":"https:\/\/perle-in.com\/en\/wp-json\/wp\/v2\/media?parent=537192"}],"wp:term":[{"taxonomy":"product_brand","embeddable":true,"href":"https:\/\/perle-in.com\/en\/wp-json\/wp\/v2\/product_brand?post=537192"},{"taxonomy":"product_cat","embeddable":true,"href":"https:\/\/perle-in.com\/en\/wp-json\/wp\/v2\/product_cat?post=537192"},{"taxonomy":"product_tag","embeddable":true,"href":"https:\/\/perle-in.com\/en\/wp-json\/wp\/v2\/product_tag?post=537192"}],"curies":[{"name":"wp","href":"https:\/\/api.w.org\/{rel}","templated":true}]}}