{"id":537156,"date":"2025-10-14T22:29:41","date_gmt":"2025-10-14T20:29:41","guid":{"rendered":"https:\/\/perle-in.com\/produit\/sac-a-dos-byron-de-18-l-en-rpet-grs-156-avec-dessus-enroulable\/"},"modified":"2025-10-19T05:45:24","modified_gmt":"2025-10-19T03:45:24","slug":"sac-a-dos-byron-de-18-l-en-rpet-grs-156-avec-dessus-enroulable","status":"publish","type":"product","link":"https:\/\/perle-in.com\/en\/product\/sac-a-dos-byron-de-18-l-en-rpet-grs-156-avec-dessus-enroulable\/","title":{"rendered":"Sac \u00e0 dos Byron de 18\u00a0L en RPET GRS 15,6&#8243; avec dessus enroulable"},"content":{"rendered":"","protected":false},"excerpt":{"rendered":"<p>Sac \u00e0 dos pratique, robuste et d\u00e9perlant en polyester recycl\u00e9 GRS dot\u00e9 d&#8217;un grand compartiment int\u00e9rieur avec un compartiment pour ordinateur portable de 15,6&#8243;, d&#8217;une poche frontale zipp\u00e9e et de 2 poches lat\u00e9rales. Dos rembourr\u00e9, bretelles r\u00e9glables et rembourr\u00e9es, boucle de transport et fermeture auto-agrippante tr\u00e8s pratique. Le sac id\u00e9al pour un usage quotidien, avec une empreinte \u00e9cologique minimale.<\/p>","protected":false},"featured_media":537139,"template":"","meta":{"_eb_attr":""},"product_brand":[],"product_cat":[159],"product_tag":[837,946,2654,836,282,1347],"class_list":{"0":"post-537156","1":"product","2":"type-product","3":"status-publish","4":"has-post-thumbnail","6":"product_cat-sacs","7":"product_tag-durable","8":"product_tag-green-concept","9":"product_tag-grs","10":"product_tag-recycle","11":"product_tag-sac","12":"product_tag-sac-a-dos","13":"pa_couleurs-bleu-hale","14":"pa_couleurs-bleu-royal","15":"pa_couleurs-brique","16":"pa_couleurs-flocons-davoine","17":"pa_couleurs-gris-clair","18":"pa_couleurs-lilas","19":"pa_couleurs-marine","20":"pa_couleurs-noir","21":"pa_couleurs-olive","22":"pa_couleurs-rouge","23":"pa_green-points-2830","24":"pa_matiere-600d-polyester-recycle-certifie-grs","26":"first","27":"instock","28":"shipping-taxable","29":"purchasable","30":"product-type-variable"},"yoast_head":"<!-- This site is optimized with the Yoast SEO plugin v27.4 - https:\/\/yoast.com\/product\/yoast-seo-wordpress\/ -->\n<title>Sac \u00e0 dos Byron de 18\u00a0L en RPET GRS 15,6&quot; avec dessus enroulable - PERLE IN<\/title>\n<meta name=\"robots\" content=\"noindex, follow, max-snippet:-1, max-image-preview:large, max-video-preview:-1\" \/>\n<meta property=\"og:locale\" content=\"en_US\" \/>\n<meta property=\"og:type\" content=\"article\" \/>\n<meta property=\"og:title\" content=\"Sac \u00e0 dos Byron de 18\u00a0L en RPET GRS 15,6&quot; avec dessus enroulable - PERLE IN\" \/>\n<meta property=\"og:description\" content=\"Sac \u00e0 dos pratique, robuste et d\u00e9perlant en polyester recycl\u00e9 GRS dot\u00e9 d&#039;un grand compartiment int\u00e9rieur avec un compartiment pour ordinateur portable de 15,6&quot;, d&#039;une poche frontale zipp\u00e9e et de 2 poches lat\u00e9rales. Dos rembourr\u00e9, bretelles r\u00e9glables et rembourr\u00e9es, boucle de transport et fermeture auto-agrippante tr\u00e8s pratique. Le sac id\u00e9al pour un usage quotidien, avec une empreinte \u00e9cologique minimale.\" \/>\n<meta property=\"og:url\" content=\"https:\/\/perle-in.com\/en\/product\/sac-a-dos-byron-de-18-l-en-rpet-grs-156-avec-dessus-enroulable\/\" \/>\n<meta property=\"og:site_name\" content=\"PERLE IN\" \/>\n<meta property=\"article:modified_time\" content=\"2025-10-19T03:45:24+00:00\" \/>\n<meta property=\"og:image\" content=\"https:\/\/perle-in.com\/wp-content\/uploads\/2025\/10\/12065907-1.jpg\" \/>\n\t<meta property=\"og:image:width\" content=\"1600\" \/>\n\t<meta property=\"og:image:height\" content=\"1600\" \/>\n\t<meta property=\"og:image:type\" content=\"image\/jpeg\" \/>\n<meta name=\"twitter:card\" content=\"summary_large_image\" \/>\n<script type=\"application\/ld+json\" class=\"yoast-schema-graph\">{\"@context\":\"https:\\\/\\\/schema.org\",\"@graph\":[{\"@type\":\"WebPage\",\"@id\":\"https:\\\/\\\/perle-in.com\\\/produit\\\/sac-a-dos-byron-de-18-l-en-rpet-grs-156-avec-dessus-enroulable\\\/\",\"url\":\"https:\\\/\\\/perle-in.com\\\/produit\\\/sac-a-dos-byron-de-18-l-en-rpet-grs-156-avec-dessus-enroulable\\\/\",\"name\":\"Sac \u00e0 dos Byron de 18\u00a0L en RPET GRS 15,6\\\" avec dessus enroulable - PERLE IN\",\"isPartOf\":{\"@id\":\"https:\\\/\\\/perle-in.com\\\/#website\"},\"primaryImageOfPage\":{\"@id\":\"https:\\\/\\\/perle-in.com\\\/produit\\\/sac-a-dos-byron-de-18-l-en-rpet-grs-156-avec-dessus-enroulable\\\/#primaryimage\"},\"image\":{\"@id\":\"https:\\\/\\\/perle-in.com\\\/produit\\\/sac-a-dos-byron-de-18-l-en-rpet-grs-156-avec-dessus-enroulable\\\/#primaryimage\"},\"thumbnailUrl\":\"https:\\\/\\\/perle-in.com\\\/wp-content\\\/uploads\\\/2025\\\/10\\\/12065907-1.jpg\",\"datePublished\":\"2025-10-14T20:29:41+00:00\",\"dateModified\":\"2025-10-19T03:45:24+00:00\",\"breadcrumb\":{\"@id\":\"https:\\\/\\\/perle-in.com\\\/produit\\\/sac-a-dos-byron-de-18-l-en-rpet-grs-156-avec-dessus-enroulable\\\/#breadcrumb\"},\"inLanguage\":\"en-CA\",\"potentialAction\":[{\"@type\":\"ReadAction\",\"target\":[\"https:\\\/\\\/perle-in.com\\\/produit\\\/sac-a-dos-byron-de-18-l-en-rpet-grs-156-avec-dessus-enroulable\\\/\"]}]},{\"@type\":\"ImageObject\",\"inLanguage\":\"en-CA\",\"@id\":\"https:\\\/\\\/perle-in.com\\\/produit\\\/sac-a-dos-byron-de-18-l-en-rpet-grs-156-avec-dessus-enroulable\\\/#primaryimage\",\"url\":\"https:\\\/\\\/perle-in.com\\\/wp-content\\\/uploads\\\/2025\\\/10\\\/12065907-1.jpg\",\"contentUrl\":\"https:\\\/\\\/perle-in.com\\\/wp-content\\\/uploads\\\/2025\\\/10\\\/12065907-1.jpg\",\"width\":1600,\"height\":1600},{\"@type\":\"BreadcrumbList\",\"@id\":\"https:\\\/\\\/perle-in.com\\\/produit\\\/sac-a-dos-byron-de-18-l-en-rpet-grs-156-avec-dessus-enroulable\\\/#breadcrumb\",\"itemListElement\":[{\"@type\":\"ListItem\",\"position\":1,\"name\":\"Accueil\",\"item\":\"https:\\\/\\\/perle-in.com\\\/\"},{\"@type\":\"ListItem\",\"position\":2,\"name\":\"Boutique\",\"item\":\"https:\\\/\\\/perle-in.com\\\/boutique\\\/\"},{\"@type\":\"ListItem\",\"position\":3,\"name\":\"Sac \u00e0 dos Byron de 18\u00a0L en RPET GRS 15,6&#8243; avec dessus enroulable\"}]},{\"@type\":\"WebSite\",\"@id\":\"https:\\\/\\\/perle-in.com\\\/#website\",\"url\":\"https:\\\/\\\/perle-in.com\\\/\",\"name\":\"PERLE IN\",\"description\":\"\",\"publisher\":{\"@id\":\"https:\\\/\\\/perle-in.com\\\/#organization\"},\"potentialAction\":[{\"@type\":\"SearchAction\",\"target\":{\"@type\":\"EntryPoint\",\"urlTemplate\":\"https:\\\/\\\/perle-in.com\\\/?s={search_term_string}\"},\"query-input\":{\"@type\":\"PropertyValueSpecification\",\"valueRequired\":true,\"valueName\":\"search_term_string\"}}],\"inLanguage\":\"en-CA\"},{\"@type\":\"Organization\",\"@id\":\"https:\\\/\\\/perle-in.com\\\/#organization\",\"name\":\"PERLE IN\",\"url\":\"https:\\\/\\\/perle-in.com\\\/\",\"logo\":{\"@type\":\"ImageObject\",\"inLanguage\":\"en-CA\",\"@id\":\"https:\\\/\\\/perle-in.com\\\/#\\\/schema\\\/logo\\\/image\\\/\",\"url\":\"https:\\\/\\\/perle-in.com\\\/wp-content\\\/uploads\\\/2022\\\/12\\\/LOGO-PERLE-IN-COULEUR@3x.webp\",\"contentUrl\":\"https:\\\/\\\/perle-in.com\\\/wp-content\\\/uploads\\\/2022\\\/12\\\/LOGO-PERLE-IN-COULEUR@3x.webp\",\"width\":1600,\"height\":490,\"caption\":\"PERLE IN\"},\"image\":{\"@id\":\"https:\\\/\\\/perle-in.com\\\/#\\\/schema\\\/logo\\\/image\\\/\"}}]}<\/script>\n<!-- \/ Yoast SEO plugin. -->","yoast_head_json":{"title":"Sac \u00e0 dos Byron de 18\u00a0L en RPET GRS 15,6\" avec dessus enroulable - PERLE IN","robots":{"index":"noindex","follow":"follow","max-snippet":"max-snippet:-1","max-image-preview":"max-image-preview:large","max-video-preview":"max-video-preview:-1"},"og_locale":"en_US","og_type":"article","og_title":"Sac \u00e0 dos Byron de 18\u00a0L en RPET GRS 15,6\" avec dessus enroulable - PERLE IN","og_description":"Sac \u00e0 dos pratique, robuste et d\u00e9perlant en polyester recycl\u00e9 GRS dot\u00e9 d'un grand compartiment int\u00e9rieur avec un compartiment pour ordinateur portable de 15,6\", d'une poche frontale zipp\u00e9e et de 2 poches lat\u00e9rales. Dos rembourr\u00e9, bretelles r\u00e9glables et rembourr\u00e9es, boucle de transport et fermeture auto-agrippante tr\u00e8s pratique. Le sac id\u00e9al pour un usage quotidien, avec une empreinte \u00e9cologique minimale.","og_url":"https:\/\/perle-in.com\/en\/product\/sac-a-dos-byron-de-18-l-en-rpet-grs-156-avec-dessus-enroulable\/","og_site_name":"PERLE IN","article_modified_time":"2025-10-19T03:45:24+00:00","og_image":[{"width":1600,"height":1600,"url":"https:\/\/perle-in.com\/wp-content\/uploads\/2025\/10\/12065907-1.jpg","type":"image\/jpeg"}],"twitter_card":"summary_large_image","schema":{"@context":"https:\/\/schema.org","@graph":[{"@type":"WebPage","@id":"https:\/\/perle-in.com\/produit\/sac-a-dos-byron-de-18-l-en-rpet-grs-156-avec-dessus-enroulable\/","url":"https:\/\/perle-in.com\/produit\/sac-a-dos-byron-de-18-l-en-rpet-grs-156-avec-dessus-enroulable\/","name":"Sac \u00e0 dos Byron de 18\u00a0L en RPET GRS 15,6\" avec dessus enroulable - PERLE IN","isPartOf":{"@id":"https:\/\/perle-in.com\/#website"},"primaryImageOfPage":{"@id":"https:\/\/perle-in.com\/produit\/sac-a-dos-byron-de-18-l-en-rpet-grs-156-avec-dessus-enroulable\/#primaryimage"},"image":{"@id":"https:\/\/perle-in.com\/produit\/sac-a-dos-byron-de-18-l-en-rpet-grs-156-avec-dessus-enroulable\/#primaryimage"},"thumbnailUrl":"https:\/\/perle-in.com\/wp-content\/uploads\/2025\/10\/12065907-1.jpg","datePublished":"2025-10-14T20:29:41+00:00","dateModified":"2025-10-19T03:45:24+00:00","breadcrumb":{"@id":"https:\/\/perle-in.com\/produit\/sac-a-dos-byron-de-18-l-en-rpet-grs-156-avec-dessus-enroulable\/#breadcrumb"},"inLanguage":"en-CA","potentialAction":[{"@type":"ReadAction","target":["https:\/\/perle-in.com\/produit\/sac-a-dos-byron-de-18-l-en-rpet-grs-156-avec-dessus-enroulable\/"]}]},{"@type":"ImageObject","inLanguage":"en-CA","@id":"https:\/\/perle-in.com\/produit\/sac-a-dos-byron-de-18-l-en-rpet-grs-156-avec-dessus-enroulable\/#primaryimage","url":"https:\/\/perle-in.com\/wp-content\/uploads\/2025\/10\/12065907-1.jpg","contentUrl":"https:\/\/perle-in.com\/wp-content\/uploads\/2025\/10\/12065907-1.jpg","width":1600,"height":1600},{"@type":"BreadcrumbList","@id":"https:\/\/perle-in.com\/produit\/sac-a-dos-byron-de-18-l-en-rpet-grs-156-avec-dessus-enroulable\/#breadcrumb","itemListElement":[{"@type":"ListItem","position":1,"name":"Accueil","item":"https:\/\/perle-in.com\/"},{"@type":"ListItem","position":2,"name":"Boutique","item":"https:\/\/perle-in.com\/boutique\/"},{"@type":"ListItem","position":3,"name":"Sac \u00e0 dos Byron de 18\u00a0L en RPET GRS 15,6&#8243; avec dessus enroulable"}]},{"@type":"WebSite","@id":"https:\/\/perle-in.com\/#website","url":"https:\/\/perle-in.com\/","name":"PERLE IN","description":"","publisher":{"@id":"https:\/\/perle-in.com\/#organization"},"potentialAction":[{"@type":"SearchAction","target":{"@type":"EntryPoint","urlTemplate":"https:\/\/perle-in.com\/?s={search_term_string}"},"query-input":{"@type":"PropertyValueSpecification","valueRequired":true,"valueName":"search_term_string"}}],"inLanguage":"en-CA"},{"@type":"Organization","@id":"https:\/\/perle-in.com\/#organization","name":"PERLE IN","url":"https:\/\/perle-in.com\/","logo":{"@type":"ImageObject","inLanguage":"en-CA","@id":"https:\/\/perle-in.com\/#\/schema\/logo\/image\/","url":"https:\/\/perle-in.com\/wp-content\/uploads\/2022\/12\/LOGO-PERLE-IN-COULEUR@3x.webp","contentUrl":"https:\/\/perle-in.com\/wp-content\/uploads\/2022\/12\/LOGO-PERLE-IN-COULEUR@3x.webp","width":1600,"height":490,"caption":"PERLE IN"},"image":{"@id":"https:\/\/perle-in.com\/#\/schema\/logo\/image\/"}}]}},"jetpack_sharing_enabled":true,"_links":{"self":[{"href":"https:\/\/perle-in.com\/en\/wp-json\/wp\/v2\/product\/537156","targetHints":{"allow":["GET"]}}],"collection":[{"href":"https:\/\/perle-in.com\/en\/wp-json\/wp\/v2\/product"}],"about":[{"href":"https:\/\/perle-in.com\/en\/wp-json\/wp\/v2\/types\/product"}],"version-history":[{"count":0,"href":"https:\/\/perle-in.com\/en\/wp-json\/wp\/v2\/product\/537156\/revisions"}],"wp:featuredmedia":[{"embeddable":true,"href":"https:\/\/perle-in.com\/en\/wp-json\/wp\/v2\/media\/537139"}],"wp:attachment":[{"href":"https:\/\/perle-in.com\/en\/wp-json\/wp\/v2\/media?parent=537156"}],"wp:term":[{"taxonomy":"product_brand","embeddable":true,"href":"https:\/\/perle-in.com\/en\/wp-json\/wp\/v2\/product_brand?post=537156"},{"taxonomy":"product_cat","embeddable":true,"href":"https:\/\/perle-in.com\/en\/wp-json\/wp\/v2\/product_cat?post=537156"},{"taxonomy":"product_tag","embeddable":true,"href":"https:\/\/perle-in.com\/en\/wp-json\/wp\/v2\/product_tag?post=537156"}],"curies":[{"name":"wp","href":"https:\/\/api.w.org\/{rel}","templated":true}]}}