{"id":536874,"date":"2025-10-14T22:22:00","date_gmt":"2025-10-14T20:22:00","guid":{"rendered":"https:\/\/perle-in.com\/produit\/sweat-a-capuche-unisexe-laguna\/"},"modified":"2025-10-19T05:45:29","modified_gmt":"2025-10-19T03:45:29","slug":"sweat-a-capuche-unisexe-laguna","status":"publish","type":"product","link":"https:\/\/perle-in.com\/en\/product\/sweat-a-capuche-unisexe-laguna\/","title":{"rendered":"Sweat \u00e0 capuche unisexe Laguna"},"content":{"rendered":"","protected":false},"excerpt":{"rendered":"<p>Le pull \u00e0 capuche unisexe Laguna &#8211; une fusion de style et de confort con\u00e7ue pour tous. Ce sweat \u00e0 capuche est dot\u00e9 de panneaux lat\u00e9raux en tricot c\u00f4tel\u00e9 plat pour un confort optimal, et d&#8217;un empi\u00e8cement en V au centre du devant qui ajoute de la texture et du caract\u00e8re. Ce qui distingue ce sweat \u00e0 capuche, c&#8217;est la touche distinctive des poignets en tricot c\u00f4tel\u00e9 plat en forme de V, un design bien pens\u00e9. L&#8217;int\u00e9rieur bross\u00e9 offre une sensation de douceur, de chaleur et de confort. Fabriqu\u00e9 en coton 300 g\/m\u00b2 m\u00e9lang\u00e9 \u00e0 du polyester, il allie confort naturel et durabilit\u00e9. Gr\u00e2ce \u00e0 l&#8217;int\u00e9gration du coton BCI, ce pull ne se contente pas de vous envelopper de confort, il s&#8217;inscrit \u00e9galement dans une d\u00e9marche de d\u00e9veloppement durable. Le coton BCI (Better Cotton Initiative) t\u00e9moigne de notre engagement en faveur d&#8217;un approvisionnement responsable et d&#8217;une production respectueuse de l&#8217;environnement. <\/p>","protected":false},"featured_media":536803,"template":"","meta":{"_eb_attr":""},"product_brand":[],"product_cat":[1254,1024],"product_tag":[2661,2433,2439,2437,2438,2440],"class_list":{"0":"post-536874","1":"product","2":"type-product","3":"status-publish","4":"has-post-thumbnail","6":"product_cat-sweaters-a-capuche","7":"product_cat-vetements","8":"product_tag-pulls","9":"product_tag-sweat","10":"product_tag-sweat-a-capuche","11":"product_tag-sweat-shirt","12":"product_tag-sweat-shirts","13":"product_tag-sweats-a-capuche","14":"pa_couleurs-blanc","15":"pa_couleurs-bleu","16":"pa_couleurs-bleu-hale","17":"pa_couleurs-gres","18":"pa_couleurs-gris","19":"pa_couleurs-marine","20":"pa_couleurs-noir","21":"pa_couleurs-vert-foret","22":"pa_genre-unisex","23":"pa_marque-elevate-life","24":"pa_matiere-tricot-coton-bci-polyester-300-g-m2","25":"pa_pays-d-origine-bengladesh","26":"pa_taille-2xl","27":"pa_taille-2xs","28":"pa_taille-3xl","29":"pa_taille-l","30":"pa_taille-m","31":"pa_taille-s","32":"pa_taille-xl","33":"pa_taille-xs","34":"pa_taille-xxl","35":"pa_taille-xxs","37":"first","38":"instock","39":"sale","40":"shipping-taxable","41":"purchasable","42":"product-type-variable"},"yoast_head":"<!-- This site is optimized with the Yoast SEO plugin v27.4 - https:\/\/yoast.com\/product\/yoast-seo-wordpress\/ -->\n<title>Sweat \u00e0 capuche unisexe Laguna - PERLE IN<\/title>\n<meta name=\"robots\" content=\"noindex, follow, max-snippet:-1, max-image-preview:large, max-video-preview:-1\" \/>\n<meta property=\"og:locale\" content=\"en_US\" \/>\n<meta property=\"og:type\" content=\"article\" \/>\n<meta property=\"og:title\" content=\"Sweat \u00e0 capuche unisexe Laguna - PERLE IN\" \/>\n<meta property=\"og:description\" content=\"Le pull \u00e0 capuche unisexe Laguna - une fusion de style et de confort con\u00e7ue pour tous. Ce sweat \u00e0 capuche est dot\u00e9 de panneaux lat\u00e9raux en tricot c\u00f4tel\u00e9 plat pour un confort optimal, et d&#039;un empi\u00e8cement en V au centre du devant qui ajoute de la texture et du caract\u00e8re. Ce qui distingue ce sweat \u00e0 capuche, c&#039;est la touche distinctive des poignets en tricot c\u00f4tel\u00e9 plat en forme de V, un design bien pens\u00e9. L&#039;int\u00e9rieur bross\u00e9 offre une sensation de douceur, de chaleur et de confort. Fabriqu\u00e9 en coton 300 g\/m\u00b2 m\u00e9lang\u00e9 \u00e0 du polyester, il allie confort naturel et durabilit\u00e9. Gr\u00e2ce \u00e0 l&#039;int\u00e9gration du coton BCI, ce pull ne se contente pas de vous envelopper de confort, il s&#039;inscrit \u00e9galement dans une d\u00e9marche de d\u00e9veloppement durable. Le coton BCI (Better Cotton Initiative) t\u00e9moigne de notre engagement en faveur d&#039;un approvisionnement responsable et d&#039;une production respectueuse de l&#039;environnement.\" \/>\n<meta property=\"og:url\" content=\"https:\/\/perle-in.com\/en\/product\/sweat-a-capuche-unisexe-laguna\/\" \/>\n<meta property=\"og:site_name\" content=\"PERLE IN\" \/>\n<meta property=\"article:modified_time\" content=\"2025-10-19T03:45:29+00:00\" \/>\n<meta property=\"og:image\" content=\"https:\/\/perle-in.com\/wp-content\/uploads\/2025\/10\/3823501-1.jpg\" \/>\n\t<meta property=\"og:image:width\" content=\"1600\" \/>\n\t<meta property=\"og:image:height\" content=\"1600\" \/>\n\t<meta property=\"og:image:type\" content=\"image\/jpeg\" \/>\n<meta name=\"twitter:card\" content=\"summary_large_image\" \/>\n<script type=\"application\/ld+json\" class=\"yoast-schema-graph\">{\"@context\":\"https:\\\/\\\/schema.org\",\"@graph\":[{\"@type\":\"WebPage\",\"@id\":\"https:\\\/\\\/perle-in.com\\\/produit\\\/sweat-a-capuche-unisexe-laguna\\\/\",\"url\":\"https:\\\/\\\/perle-in.com\\\/produit\\\/sweat-a-capuche-unisexe-laguna\\\/\",\"name\":\"Sweat \u00e0 capuche unisexe Laguna - PERLE IN\",\"isPartOf\":{\"@id\":\"https:\\\/\\\/perle-in.com\\\/#website\"},\"primaryImageOfPage\":{\"@id\":\"https:\\\/\\\/perle-in.com\\\/produit\\\/sweat-a-capuche-unisexe-laguna\\\/#primaryimage\"},\"image\":{\"@id\":\"https:\\\/\\\/perle-in.com\\\/produit\\\/sweat-a-capuche-unisexe-laguna\\\/#primaryimage\"},\"thumbnailUrl\":\"https:\\\/\\\/perle-in.com\\\/wp-content\\\/uploads\\\/2025\\\/10\\\/3823501-1.jpg\",\"datePublished\":\"2025-10-14T20:22:00+00:00\",\"dateModified\":\"2025-10-19T03:45:29+00:00\",\"breadcrumb\":{\"@id\":\"https:\\\/\\\/perle-in.com\\\/produit\\\/sweat-a-capuche-unisexe-laguna\\\/#breadcrumb\"},\"inLanguage\":\"en-CA\",\"potentialAction\":[{\"@type\":\"ReadAction\",\"target\":[\"https:\\\/\\\/perle-in.com\\\/produit\\\/sweat-a-capuche-unisexe-laguna\\\/\"]}]},{\"@type\":\"ImageObject\",\"inLanguage\":\"en-CA\",\"@id\":\"https:\\\/\\\/perle-in.com\\\/produit\\\/sweat-a-capuche-unisexe-laguna\\\/#primaryimage\",\"url\":\"https:\\\/\\\/perle-in.com\\\/wp-content\\\/uploads\\\/2025\\\/10\\\/3823501-1.jpg\",\"contentUrl\":\"https:\\\/\\\/perle-in.com\\\/wp-content\\\/uploads\\\/2025\\\/10\\\/3823501-1.jpg\",\"width\":1600,\"height\":1600},{\"@type\":\"BreadcrumbList\",\"@id\":\"https:\\\/\\\/perle-in.com\\\/produit\\\/sweat-a-capuche-unisexe-laguna\\\/#breadcrumb\",\"itemListElement\":[{\"@type\":\"ListItem\",\"position\":1,\"name\":\"Accueil\",\"item\":\"https:\\\/\\\/perle-in.com\\\/\"},{\"@type\":\"ListItem\",\"position\":2,\"name\":\"Boutique\",\"item\":\"https:\\\/\\\/perle-in.com\\\/boutique\\\/\"},{\"@type\":\"ListItem\",\"position\":3,\"name\":\"Sweat \u00e0 capuche unisexe Laguna\"}]},{\"@type\":\"WebSite\",\"@id\":\"https:\\\/\\\/perle-in.com\\\/#website\",\"url\":\"https:\\\/\\\/perle-in.com\\\/\",\"name\":\"PERLE IN\",\"description\":\"\",\"publisher\":{\"@id\":\"https:\\\/\\\/perle-in.com\\\/#organization\"},\"potentialAction\":[{\"@type\":\"SearchAction\",\"target\":{\"@type\":\"EntryPoint\",\"urlTemplate\":\"https:\\\/\\\/perle-in.com\\\/?s={search_term_string}\"},\"query-input\":{\"@type\":\"PropertyValueSpecification\",\"valueRequired\":true,\"valueName\":\"search_term_string\"}}],\"inLanguage\":\"en-CA\"},{\"@type\":\"Organization\",\"@id\":\"https:\\\/\\\/perle-in.com\\\/#organization\",\"name\":\"PERLE IN\",\"url\":\"https:\\\/\\\/perle-in.com\\\/\",\"logo\":{\"@type\":\"ImageObject\",\"inLanguage\":\"en-CA\",\"@id\":\"https:\\\/\\\/perle-in.com\\\/#\\\/schema\\\/logo\\\/image\\\/\",\"url\":\"https:\\\/\\\/perle-in.com\\\/wp-content\\\/uploads\\\/2022\\\/12\\\/LOGO-PERLE-IN-COULEUR@3x.webp\",\"contentUrl\":\"https:\\\/\\\/perle-in.com\\\/wp-content\\\/uploads\\\/2022\\\/12\\\/LOGO-PERLE-IN-COULEUR@3x.webp\",\"width\":1600,\"height\":490,\"caption\":\"PERLE IN\"},\"image\":{\"@id\":\"https:\\\/\\\/perle-in.com\\\/#\\\/schema\\\/logo\\\/image\\\/\"}}]}<\/script>\n<!-- \/ Yoast SEO plugin. -->","yoast_head_json":{"title":"Sweat \u00e0 capuche unisexe Laguna - PERLE IN","robots":{"index":"noindex","follow":"follow","max-snippet":"max-snippet:-1","max-image-preview":"max-image-preview:large","max-video-preview":"max-video-preview:-1"},"og_locale":"en_US","og_type":"article","og_title":"Sweat \u00e0 capuche unisexe Laguna - PERLE IN","og_description":"Le pull \u00e0 capuche unisexe Laguna - une fusion de style et de confort con\u00e7ue pour tous. Ce sweat \u00e0 capuche est dot\u00e9 de panneaux lat\u00e9raux en tricot c\u00f4tel\u00e9 plat pour un confort optimal, et d'un empi\u00e8cement en V au centre du devant qui ajoute de la texture et du caract\u00e8re. Ce qui distingue ce sweat \u00e0 capuche, c'est la touche distinctive des poignets en tricot c\u00f4tel\u00e9 plat en forme de V, un design bien pens\u00e9. L'int\u00e9rieur bross\u00e9 offre une sensation de douceur, de chaleur et de confort. Fabriqu\u00e9 en coton 300 g\/m\u00b2 m\u00e9lang\u00e9 \u00e0 du polyester, il allie confort naturel et durabilit\u00e9. Gr\u00e2ce \u00e0 l'int\u00e9gration du coton BCI, ce pull ne se contente pas de vous envelopper de confort, il s'inscrit \u00e9galement dans une d\u00e9marche de d\u00e9veloppement durable. Le coton BCI (Better Cotton Initiative) t\u00e9moigne de notre engagement en faveur d'un approvisionnement responsable et d'une production respectueuse de l'environnement.","og_url":"https:\/\/perle-in.com\/en\/product\/sweat-a-capuche-unisexe-laguna\/","og_site_name":"PERLE IN","article_modified_time":"2025-10-19T03:45:29+00:00","og_image":[{"width":1600,"height":1600,"url":"https:\/\/perle-in.com\/wp-content\/uploads\/2025\/10\/3823501-1.jpg","type":"image\/jpeg"}],"twitter_card":"summary_large_image","schema":{"@context":"https:\/\/schema.org","@graph":[{"@type":"WebPage","@id":"https:\/\/perle-in.com\/produit\/sweat-a-capuche-unisexe-laguna\/","url":"https:\/\/perle-in.com\/produit\/sweat-a-capuche-unisexe-laguna\/","name":"Sweat \u00e0 capuche unisexe Laguna - PERLE IN","isPartOf":{"@id":"https:\/\/perle-in.com\/#website"},"primaryImageOfPage":{"@id":"https:\/\/perle-in.com\/produit\/sweat-a-capuche-unisexe-laguna\/#primaryimage"},"image":{"@id":"https:\/\/perle-in.com\/produit\/sweat-a-capuche-unisexe-laguna\/#primaryimage"},"thumbnailUrl":"https:\/\/perle-in.com\/wp-content\/uploads\/2025\/10\/3823501-1.jpg","datePublished":"2025-10-14T20:22:00+00:00","dateModified":"2025-10-19T03:45:29+00:00","breadcrumb":{"@id":"https:\/\/perle-in.com\/produit\/sweat-a-capuche-unisexe-laguna\/#breadcrumb"},"inLanguage":"en-CA","potentialAction":[{"@type":"ReadAction","target":["https:\/\/perle-in.com\/produit\/sweat-a-capuche-unisexe-laguna\/"]}]},{"@type":"ImageObject","inLanguage":"en-CA","@id":"https:\/\/perle-in.com\/produit\/sweat-a-capuche-unisexe-laguna\/#primaryimage","url":"https:\/\/perle-in.com\/wp-content\/uploads\/2025\/10\/3823501-1.jpg","contentUrl":"https:\/\/perle-in.com\/wp-content\/uploads\/2025\/10\/3823501-1.jpg","width":1600,"height":1600},{"@type":"BreadcrumbList","@id":"https:\/\/perle-in.com\/produit\/sweat-a-capuche-unisexe-laguna\/#breadcrumb","itemListElement":[{"@type":"ListItem","position":1,"name":"Accueil","item":"https:\/\/perle-in.com\/"},{"@type":"ListItem","position":2,"name":"Boutique","item":"https:\/\/perle-in.com\/boutique\/"},{"@type":"ListItem","position":3,"name":"Sweat \u00e0 capuche unisexe Laguna"}]},{"@type":"WebSite","@id":"https:\/\/perle-in.com\/#website","url":"https:\/\/perle-in.com\/","name":"PERLE IN","description":"","publisher":{"@id":"https:\/\/perle-in.com\/#organization"},"potentialAction":[{"@type":"SearchAction","target":{"@type":"EntryPoint","urlTemplate":"https:\/\/perle-in.com\/?s={search_term_string}"},"query-input":{"@type":"PropertyValueSpecification","valueRequired":true,"valueName":"search_term_string"}}],"inLanguage":"en-CA"},{"@type":"Organization","@id":"https:\/\/perle-in.com\/#organization","name":"PERLE IN","url":"https:\/\/perle-in.com\/","logo":{"@type":"ImageObject","inLanguage":"en-CA","@id":"https:\/\/perle-in.com\/#\/schema\/logo\/image\/","url":"https:\/\/perle-in.com\/wp-content\/uploads\/2022\/12\/LOGO-PERLE-IN-COULEUR@3x.webp","contentUrl":"https:\/\/perle-in.com\/wp-content\/uploads\/2022\/12\/LOGO-PERLE-IN-COULEUR@3x.webp","width":1600,"height":490,"caption":"PERLE IN"},"image":{"@id":"https:\/\/perle-in.com\/#\/schema\/logo\/image\/"}}]}},"jetpack_sharing_enabled":true,"_links":{"self":[{"href":"https:\/\/perle-in.com\/en\/wp-json\/wp\/v2\/product\/536874","targetHints":{"allow":["GET"]}}],"collection":[{"href":"https:\/\/perle-in.com\/en\/wp-json\/wp\/v2\/product"}],"about":[{"href":"https:\/\/perle-in.com\/en\/wp-json\/wp\/v2\/types\/product"}],"version-history":[{"count":0,"href":"https:\/\/perle-in.com\/en\/wp-json\/wp\/v2\/product\/536874\/revisions"}],"wp:featuredmedia":[{"embeddable":true,"href":"https:\/\/perle-in.com\/en\/wp-json\/wp\/v2\/media\/536803"}],"wp:attachment":[{"href":"https:\/\/perle-in.com\/en\/wp-json\/wp\/v2\/media?parent=536874"}],"wp:term":[{"taxonomy":"product_brand","embeddable":true,"href":"https:\/\/perle-in.com\/en\/wp-json\/wp\/v2\/product_brand?post=536874"},{"taxonomy":"product_cat","embeddable":true,"href":"https:\/\/perle-in.com\/en\/wp-json\/wp\/v2\/product_cat?post=536874"},{"taxonomy":"product_tag","embeddable":true,"href":"https:\/\/perle-in.com\/en\/wp-json\/wp\/v2\/product_tag?post=536874"}],"curies":[{"name":"wp","href":"https:\/\/api.w.org\/{rel}","templated":true}]}}