{"id":536487,"date":"2025-10-14T21:58:23","date_gmt":"2025-10-14T19:58:23","guid":{"rendered":"https:\/\/perle-in.com\/produit\/bouteille-deau-h2o-active-eco-vibe-de-850-ml-avec-couvercle-visse\/"},"modified":"2025-10-19T05:45:22","modified_gmt":"2025-10-19T03:45:22","slug":"bouteille-deau-h2o-active-eco-vibe-de-850-ml-avec-couvercle-visse","status":"publish","type":"product","link":"https:\/\/perle-in.com\/en\/product\/bouteille-deau-h2o-active-eco-vibe-de-850-ml-avec-couvercle-visse\/","title":{"rendered":"Bouteille d&#8217;eau H2O Active\u00ae Eco Vibe de 850\u00a0ml avec couvercle viss\u00e9"},"content":{"rendered":"","protected":false},"excerpt":{"rendered":"<p>Bouteille d&#8217;eau \u00e0 paroi simple, au design simple, fabriqu\u00e9e \u00e0 partir de plastique Prevented Ocean Plastic. Le plastique est recueilli \u00e0 moins de 50\u00a0km d&#8217;un littoral oc\u00e9anique ou d&#8217;une voie navigable importante qui se jette dans l&#8217;oc\u00e9an. Celui-ci est ensuite tri\u00e9 et transform\u00e9 en plastique recycl\u00e9 de haute qualit\u00e9 et sans danger pour les aliments. Dispose d&#8217;un couvercle \u00e0 visser s\u00e9curis\u00e9, disponible en plusieurs couleurs. Capacit\u00e9 de 850 ml. Fabriqu\u00e9 au Royaume-Uni. Le tout emball\u00e9 dans un sac en plastique PE recycl\u00e9. Couleurs \u00e0 m\u00e9langer et assortir pour cr\u00e9er la bouteille parfaite. En raison de la nature du mat\u00e9riau recycl\u00e9, il peut y avoir quelques petites marques sur le corps de la bouteille. <\/p>","protected":false},"featured_media":536474,"template":"","meta":{"_eb_attr":""},"product_brand":[],"product_cat":[174,173],"product_tag":[275,175,837,274,946,3008,836,203],"class_list":{"0":"post-536487","1":"product","2":"type-product","3":"status-publish","4":"has-post-thumbnail","6":"product_cat-bouteilles-deau","7":"product_cat-drinkware","8":"product_tag-boissons","9":"product_tag-bouteille","10":"product_tag-durable","11":"product_tag-eau","12":"product_tag-green-concept","13":"product_tag-prevented-ocean-plastic","14":"product_tag-recycle","15":"product_tag-sport","16":"pa_couleurs-bleu-blanc","17":"pa_couleurs-bleu-bleu","18":"pa_couleurs-bleu-noir","19":"pa_couleurs-charbon-blanc","20":"pa_couleurs-charbon-noir","21":"pa_couleurs-rouge-blanc","22":"pa_couleurs-rouge-noir","23":"pa_couleurs-rouge-rouge","24":"pa_green-points-2239","25":"pa_matiere-plastique-pcr-plastique-pp","26":"pa_pays-d-origine-angleterre","28":"first","29":"instock","30":"shipping-taxable","31":"purchasable","32":"product-type-variable"},"yoast_head":"<!-- This site is optimized with the Yoast SEO plugin v27.4 - https:\/\/yoast.com\/product\/yoast-seo-wordpress\/ -->\n<title>Bouteille d&#039;eau H2O Active\u00ae Eco Vibe de 850\u00a0ml avec couvercle viss\u00e9 - PERLE IN<\/title>\n<meta name=\"robots\" content=\"noindex, follow, max-snippet:-1, max-image-preview:large, max-video-preview:-1\" \/>\n<meta property=\"og:locale\" content=\"en_US\" \/>\n<meta property=\"og:type\" content=\"article\" \/>\n<meta property=\"og:title\" content=\"Bouteille d&#039;eau H2O Active\u00ae Eco Vibe de 850\u00a0ml avec couvercle viss\u00e9 - PERLE IN\" \/>\n<meta property=\"og:description\" content=\"Bouteille d&#039;eau \u00e0 paroi simple, au design simple, fabriqu\u00e9e \u00e0 partir de plastique Prevented Ocean Plastic. Le plastique est recueilli \u00e0 moins de 50\u00a0km d&#039;un littoral oc\u00e9anique ou d&#039;une voie navigable importante qui se jette dans l&#039;oc\u00e9an. Celui-ci est ensuite tri\u00e9 et transform\u00e9 en plastique recycl\u00e9 de haute qualit\u00e9 et sans danger pour les aliments. Dispose d&#039;un couvercle \u00e0 visser s\u00e9curis\u00e9, disponible en plusieurs couleurs. Capacit\u00e9 de 850 ml. Fabriqu\u00e9 au Royaume-Uni. Le tout emball\u00e9 dans un sac en plastique PE recycl\u00e9. Couleurs \u00e0 m\u00e9langer et assortir pour cr\u00e9er la bouteille parfaite. En raison de la nature du mat\u00e9riau recycl\u00e9, il peut y avoir quelques petites marques sur le corps de la bouteille.\" \/>\n<meta property=\"og:url\" content=\"https:\/\/perle-in.com\/en\/product\/bouteille-deau-h2o-active-eco-vibe-de-850-ml-avec-couvercle-visse\/\" \/>\n<meta property=\"og:site_name\" content=\"PERLE IN\" \/>\n<meta property=\"article:modified_time\" content=\"2025-10-19T03:45:22+00:00\" \/>\n<meta property=\"og:image\" content=\"https:\/\/perle-in.com\/wp-content\/uploads\/2025\/10\/21048500-1.jpg\" \/>\n\t<meta property=\"og:image:width\" content=\"1600\" \/>\n\t<meta property=\"og:image:height\" content=\"1600\" \/>\n\t<meta property=\"og:image:type\" content=\"image\/jpeg\" \/>\n<meta name=\"twitter:card\" content=\"summary_large_image\" \/>\n<script type=\"application\/ld+json\" class=\"yoast-schema-graph\">{\"@context\":\"https:\\\/\\\/schema.org\",\"@graph\":[{\"@type\":\"WebPage\",\"@id\":\"https:\\\/\\\/perle-in.com\\\/produit\\\/bouteille-deau-h2o-active-eco-vibe-de-850-ml-avec-couvercle-visse\\\/\",\"url\":\"https:\\\/\\\/perle-in.com\\\/produit\\\/bouteille-deau-h2o-active-eco-vibe-de-850-ml-avec-couvercle-visse\\\/\",\"name\":\"Bouteille d'eau H2O Active\u00ae Eco Vibe de 850\u00a0ml avec couvercle viss\u00e9 - PERLE IN\",\"isPartOf\":{\"@id\":\"https:\\\/\\\/perle-in.com\\\/#website\"},\"primaryImageOfPage\":{\"@id\":\"https:\\\/\\\/perle-in.com\\\/produit\\\/bouteille-deau-h2o-active-eco-vibe-de-850-ml-avec-couvercle-visse\\\/#primaryimage\"},\"image\":{\"@id\":\"https:\\\/\\\/perle-in.com\\\/produit\\\/bouteille-deau-h2o-active-eco-vibe-de-850-ml-avec-couvercle-visse\\\/#primaryimage\"},\"thumbnailUrl\":\"https:\\\/\\\/perle-in.com\\\/wp-content\\\/uploads\\\/2025\\\/10\\\/21048500-1.jpg\",\"datePublished\":\"2025-10-14T19:58:23+00:00\",\"dateModified\":\"2025-10-19T03:45:22+00:00\",\"breadcrumb\":{\"@id\":\"https:\\\/\\\/perle-in.com\\\/produit\\\/bouteille-deau-h2o-active-eco-vibe-de-850-ml-avec-couvercle-visse\\\/#breadcrumb\"},\"inLanguage\":\"en-CA\",\"potentialAction\":[{\"@type\":\"ReadAction\",\"target\":[\"https:\\\/\\\/perle-in.com\\\/produit\\\/bouteille-deau-h2o-active-eco-vibe-de-850-ml-avec-couvercle-visse\\\/\"]}]},{\"@type\":\"ImageObject\",\"inLanguage\":\"en-CA\",\"@id\":\"https:\\\/\\\/perle-in.com\\\/produit\\\/bouteille-deau-h2o-active-eco-vibe-de-850-ml-avec-couvercle-visse\\\/#primaryimage\",\"url\":\"https:\\\/\\\/perle-in.com\\\/wp-content\\\/uploads\\\/2025\\\/10\\\/21048500-1.jpg\",\"contentUrl\":\"https:\\\/\\\/perle-in.com\\\/wp-content\\\/uploads\\\/2025\\\/10\\\/21048500-1.jpg\",\"width\":1600,\"height\":1600},{\"@type\":\"BreadcrumbList\",\"@id\":\"https:\\\/\\\/perle-in.com\\\/produit\\\/bouteille-deau-h2o-active-eco-vibe-de-850-ml-avec-couvercle-visse\\\/#breadcrumb\",\"itemListElement\":[{\"@type\":\"ListItem\",\"position\":1,\"name\":\"Accueil\",\"item\":\"https:\\\/\\\/perle-in.com\\\/\"},{\"@type\":\"ListItem\",\"position\":2,\"name\":\"Boutique\",\"item\":\"https:\\\/\\\/perle-in.com\\\/boutique\\\/\"},{\"@type\":\"ListItem\",\"position\":3,\"name\":\"Bouteille d&#8217;eau H2O Active\u00ae Eco Vibe de 850\u00a0ml avec couvercle viss\u00e9\"}]},{\"@type\":\"WebSite\",\"@id\":\"https:\\\/\\\/perle-in.com\\\/#website\",\"url\":\"https:\\\/\\\/perle-in.com\\\/\",\"name\":\"PERLE IN\",\"description\":\"\",\"publisher\":{\"@id\":\"https:\\\/\\\/perle-in.com\\\/#organization\"},\"potentialAction\":[{\"@type\":\"SearchAction\",\"target\":{\"@type\":\"EntryPoint\",\"urlTemplate\":\"https:\\\/\\\/perle-in.com\\\/?s={search_term_string}\"},\"query-input\":{\"@type\":\"PropertyValueSpecification\",\"valueRequired\":true,\"valueName\":\"search_term_string\"}}],\"inLanguage\":\"en-CA\"},{\"@type\":\"Organization\",\"@id\":\"https:\\\/\\\/perle-in.com\\\/#organization\",\"name\":\"PERLE IN\",\"url\":\"https:\\\/\\\/perle-in.com\\\/\",\"logo\":{\"@type\":\"ImageObject\",\"inLanguage\":\"en-CA\",\"@id\":\"https:\\\/\\\/perle-in.com\\\/#\\\/schema\\\/logo\\\/image\\\/\",\"url\":\"https:\\\/\\\/perle-in.com\\\/wp-content\\\/uploads\\\/2022\\\/12\\\/LOGO-PERLE-IN-COULEUR@3x.webp\",\"contentUrl\":\"https:\\\/\\\/perle-in.com\\\/wp-content\\\/uploads\\\/2022\\\/12\\\/LOGO-PERLE-IN-COULEUR@3x.webp\",\"width\":1600,\"height\":490,\"caption\":\"PERLE IN\"},\"image\":{\"@id\":\"https:\\\/\\\/perle-in.com\\\/#\\\/schema\\\/logo\\\/image\\\/\"}}]}<\/script>\n<!-- \/ Yoast SEO plugin. -->","yoast_head_json":{"title":"Bouteille d'eau H2O Active\u00ae Eco Vibe de 850\u00a0ml avec couvercle viss\u00e9 - PERLE IN","robots":{"index":"noindex","follow":"follow","max-snippet":"max-snippet:-1","max-image-preview":"max-image-preview:large","max-video-preview":"max-video-preview:-1"},"og_locale":"en_US","og_type":"article","og_title":"Bouteille d'eau H2O Active\u00ae Eco Vibe de 850\u00a0ml avec couvercle viss\u00e9 - PERLE IN","og_description":"Bouteille d'eau \u00e0 paroi simple, au design simple, fabriqu\u00e9e \u00e0 partir de plastique Prevented Ocean Plastic. Le plastique est recueilli \u00e0 moins de 50\u00a0km d'un littoral oc\u00e9anique ou d'une voie navigable importante qui se jette dans l'oc\u00e9an. Celui-ci est ensuite tri\u00e9 et transform\u00e9 en plastique recycl\u00e9 de haute qualit\u00e9 et sans danger pour les aliments. Dispose d'un couvercle \u00e0 visser s\u00e9curis\u00e9, disponible en plusieurs couleurs. Capacit\u00e9 de 850 ml. Fabriqu\u00e9 au Royaume-Uni. Le tout emball\u00e9 dans un sac en plastique PE recycl\u00e9. Couleurs \u00e0 m\u00e9langer et assortir pour cr\u00e9er la bouteille parfaite. En raison de la nature du mat\u00e9riau recycl\u00e9, il peut y avoir quelques petites marques sur le corps de la bouteille.","og_url":"https:\/\/perle-in.com\/en\/product\/bouteille-deau-h2o-active-eco-vibe-de-850-ml-avec-couvercle-visse\/","og_site_name":"PERLE IN","article_modified_time":"2025-10-19T03:45:22+00:00","og_image":[{"width":1600,"height":1600,"url":"https:\/\/perle-in.com\/wp-content\/uploads\/2025\/10\/21048500-1.jpg","type":"image\/jpeg"}],"twitter_card":"summary_large_image","schema":{"@context":"https:\/\/schema.org","@graph":[{"@type":"WebPage","@id":"https:\/\/perle-in.com\/produit\/bouteille-deau-h2o-active-eco-vibe-de-850-ml-avec-couvercle-visse\/","url":"https:\/\/perle-in.com\/produit\/bouteille-deau-h2o-active-eco-vibe-de-850-ml-avec-couvercle-visse\/","name":"Bouteille d'eau H2O Active\u00ae Eco Vibe de 850\u00a0ml avec couvercle viss\u00e9 - PERLE IN","isPartOf":{"@id":"https:\/\/perle-in.com\/#website"},"primaryImageOfPage":{"@id":"https:\/\/perle-in.com\/produit\/bouteille-deau-h2o-active-eco-vibe-de-850-ml-avec-couvercle-visse\/#primaryimage"},"image":{"@id":"https:\/\/perle-in.com\/produit\/bouteille-deau-h2o-active-eco-vibe-de-850-ml-avec-couvercle-visse\/#primaryimage"},"thumbnailUrl":"https:\/\/perle-in.com\/wp-content\/uploads\/2025\/10\/21048500-1.jpg","datePublished":"2025-10-14T19:58:23+00:00","dateModified":"2025-10-19T03:45:22+00:00","breadcrumb":{"@id":"https:\/\/perle-in.com\/produit\/bouteille-deau-h2o-active-eco-vibe-de-850-ml-avec-couvercle-visse\/#breadcrumb"},"inLanguage":"en-CA","potentialAction":[{"@type":"ReadAction","target":["https:\/\/perle-in.com\/produit\/bouteille-deau-h2o-active-eco-vibe-de-850-ml-avec-couvercle-visse\/"]}]},{"@type":"ImageObject","inLanguage":"en-CA","@id":"https:\/\/perle-in.com\/produit\/bouteille-deau-h2o-active-eco-vibe-de-850-ml-avec-couvercle-visse\/#primaryimage","url":"https:\/\/perle-in.com\/wp-content\/uploads\/2025\/10\/21048500-1.jpg","contentUrl":"https:\/\/perle-in.com\/wp-content\/uploads\/2025\/10\/21048500-1.jpg","width":1600,"height":1600},{"@type":"BreadcrumbList","@id":"https:\/\/perle-in.com\/produit\/bouteille-deau-h2o-active-eco-vibe-de-850-ml-avec-couvercle-visse\/#breadcrumb","itemListElement":[{"@type":"ListItem","position":1,"name":"Accueil","item":"https:\/\/perle-in.com\/"},{"@type":"ListItem","position":2,"name":"Boutique","item":"https:\/\/perle-in.com\/boutique\/"},{"@type":"ListItem","position":3,"name":"Bouteille d&#8217;eau H2O Active\u00ae Eco Vibe de 850\u00a0ml avec couvercle viss\u00e9"}]},{"@type":"WebSite","@id":"https:\/\/perle-in.com\/#website","url":"https:\/\/perle-in.com\/","name":"PERLE IN","description":"","publisher":{"@id":"https:\/\/perle-in.com\/#organization"},"potentialAction":[{"@type":"SearchAction","target":{"@type":"EntryPoint","urlTemplate":"https:\/\/perle-in.com\/?s={search_term_string}"},"query-input":{"@type":"PropertyValueSpecification","valueRequired":true,"valueName":"search_term_string"}}],"inLanguage":"en-CA"},{"@type":"Organization","@id":"https:\/\/perle-in.com\/#organization","name":"PERLE IN","url":"https:\/\/perle-in.com\/","logo":{"@type":"ImageObject","inLanguage":"en-CA","@id":"https:\/\/perle-in.com\/#\/schema\/logo\/image\/","url":"https:\/\/perle-in.com\/wp-content\/uploads\/2022\/12\/LOGO-PERLE-IN-COULEUR@3x.webp","contentUrl":"https:\/\/perle-in.com\/wp-content\/uploads\/2022\/12\/LOGO-PERLE-IN-COULEUR@3x.webp","width":1600,"height":490,"caption":"PERLE IN"},"image":{"@id":"https:\/\/perle-in.com\/#\/schema\/logo\/image\/"}}]}},"jetpack_sharing_enabled":true,"_links":{"self":[{"href":"https:\/\/perle-in.com\/en\/wp-json\/wp\/v2\/product\/536487","targetHints":{"allow":["GET"]}}],"collection":[{"href":"https:\/\/perle-in.com\/en\/wp-json\/wp\/v2\/product"}],"about":[{"href":"https:\/\/perle-in.com\/en\/wp-json\/wp\/v2\/types\/product"}],"version-history":[{"count":0,"href":"https:\/\/perle-in.com\/en\/wp-json\/wp\/v2\/product\/536487\/revisions"}],"wp:featuredmedia":[{"embeddable":true,"href":"https:\/\/perle-in.com\/en\/wp-json\/wp\/v2\/media\/536474"}],"wp:attachment":[{"href":"https:\/\/perle-in.com\/en\/wp-json\/wp\/v2\/media?parent=536487"}],"wp:term":[{"taxonomy":"product_brand","embeddable":true,"href":"https:\/\/perle-in.com\/en\/wp-json\/wp\/v2\/product_brand?post=536487"},{"taxonomy":"product_cat","embeddable":true,"href":"https:\/\/perle-in.com\/en\/wp-json\/wp\/v2\/product_cat?post=536487"},{"taxonomy":"product_tag","embeddable":true,"href":"https:\/\/perle-in.com\/en\/wp-json\/wp\/v2\/product_tag?post=536487"}],"curies":[{"name":"wp","href":"https:\/\/api.w.org\/{rel}","templated":true}]}}