{"id":536419,"date":"2025-10-14T21:54:18","date_gmt":"2025-10-14T19:54:18","guid":{"rendered":"https:\/\/perle-in.com\/produit\/sac-a-dos-trails-rpet-grs-de-65-l-pour-lexterieur\/"},"modified":"2025-10-19T05:45:21","modified_gmt":"2025-10-19T03:45:21","slug":"sac-a-dos-trails-rpet-grs-de-65-l-pour-lexterieur","status":"publish","type":"product","link":"https:\/\/perle-in.com\/en\/product\/sac-a-dos-trails-rpet-grs-de-65-l-pour-lexterieur\/","title":{"rendered":"Sac \u00e0 dos Trails RPET GRS de 6,5 L pour l&#8217;ext\u00e9rieur"},"content":{"rendered":"","protected":false},"excerpt":{"rendered":"<p>Fabriqu\u00e9 \u00e0 partir de tissu 100\u00a0% recycl\u00e9 et hydrofuge GRS, le sac \u00e0 dos Trails dispose d&#8217;une poche avant zipp\u00e9e et d&#8217;un compartiment principal zipp\u00e9, et est compatible avec une poche d&#8217;eau hydratante. Rayures r\u00e9fl\u00e9chissantes pour la visibilit\u00e9 et envers en maille filet pour un transport confortable, ce qui en fait un excellent choix durable pour les activit\u00e9s de plein air.<\/p>","protected":false},"featured_media":536405,"template":"","meta":{"_eb_attr":""},"product_brand":[],"product_cat":[159],"product_tag":[837,946,2654,836,282,1347,203],"class_list":{"0":"post-536419","1":"product","2":"type-product","3":"status-publish","4":"has-post-thumbnail","6":"product_cat-sacs","7":"product_tag-durable","8":"product_tag-green-concept","9":"product_tag-grs","10":"product_tag-recycle","11":"product_tag-sac","12":"product_tag-sac-a-dos","13":"product_tag-sport","14":"pa_couleurs-bleu-royal","15":"pa_couleurs-gris","16":"pa_couleurs-marine","17":"pa_couleurs-noir","18":"pa_couleurs-rouge","19":"pa_couleurs-vert","20":"pa_green-points-2830","21":"pa_matiere-polyester-recycle-certifie-grs","23":"first","24":"instock","25":"shipping-taxable","26":"purchasable","27":"product-type-variable"},"yoast_head":"<!-- This site is optimized with the Yoast SEO plugin v27.4 - https:\/\/yoast.com\/product\/yoast-seo-wordpress\/ -->\n<title>Sac \u00e0 dos Trails RPET GRS de 6,5 L pour l&#039;ext\u00e9rieur - PERLE IN<\/title>\n<meta name=\"robots\" content=\"noindex, follow, max-snippet:-1, max-image-preview:large, max-video-preview:-1\" \/>\n<meta property=\"og:locale\" content=\"en_US\" \/>\n<meta property=\"og:type\" content=\"article\" \/>\n<meta property=\"og:title\" content=\"Sac \u00e0 dos Trails RPET GRS de 6,5 L pour l&#039;ext\u00e9rieur - PERLE IN\" \/>\n<meta property=\"og:description\" content=\"Fabriqu\u00e9 \u00e0 partir de tissu 100\u00a0% recycl\u00e9 et hydrofuge GRS, le sac \u00e0 dos Trails dispose d&#039;une poche avant zipp\u00e9e et d&#039;un compartiment principal zipp\u00e9, et est compatible avec une poche d&#039;eau hydratante. Rayures r\u00e9fl\u00e9chissantes pour la visibilit\u00e9 et envers en maille filet pour un transport confortable, ce qui en fait un excellent choix durable pour les activit\u00e9s de plein air.\" \/>\n<meta property=\"og:url\" content=\"https:\/\/perle-in.com\/en\/product\/sac-a-dos-trails-rpet-grs-de-65-l-pour-lexterieur\/\" \/>\n<meta property=\"og:site_name\" content=\"PERLE IN\" \/>\n<meta property=\"article:modified_time\" content=\"2025-10-19T03:45:21+00:00\" \/>\n<meta property=\"og:image\" content=\"https:\/\/perle-in.com\/wp-content\/uploads\/2025\/10\/12065821-1.jpg\" \/>\n\t<meta property=\"og:image:width\" content=\"1600\" \/>\n\t<meta property=\"og:image:height\" content=\"1600\" \/>\n\t<meta property=\"og:image:type\" content=\"image\/jpeg\" \/>\n<meta name=\"twitter:card\" content=\"summary_large_image\" \/>\n<script type=\"application\/ld+json\" class=\"yoast-schema-graph\">{\"@context\":\"https:\\\/\\\/schema.org\",\"@graph\":[{\"@type\":\"WebPage\",\"@id\":\"https:\\\/\\\/perle-in.com\\\/produit\\\/sac-a-dos-trails-rpet-grs-de-65-l-pour-lexterieur\\\/\",\"url\":\"https:\\\/\\\/perle-in.com\\\/produit\\\/sac-a-dos-trails-rpet-grs-de-65-l-pour-lexterieur\\\/\",\"name\":\"Sac \u00e0 dos Trails RPET GRS de 6,5 L pour l'ext\u00e9rieur - PERLE IN\",\"isPartOf\":{\"@id\":\"https:\\\/\\\/perle-in.com\\\/#website\"},\"primaryImageOfPage\":{\"@id\":\"https:\\\/\\\/perle-in.com\\\/produit\\\/sac-a-dos-trails-rpet-grs-de-65-l-pour-lexterieur\\\/#primaryimage\"},\"image\":{\"@id\":\"https:\\\/\\\/perle-in.com\\\/produit\\\/sac-a-dos-trails-rpet-grs-de-65-l-pour-lexterieur\\\/#primaryimage\"},\"thumbnailUrl\":\"https:\\\/\\\/perle-in.com\\\/wp-content\\\/uploads\\\/2025\\\/10\\\/12065821-1.jpg\",\"datePublished\":\"2025-10-14T19:54:18+00:00\",\"dateModified\":\"2025-10-19T03:45:21+00:00\",\"breadcrumb\":{\"@id\":\"https:\\\/\\\/perle-in.com\\\/produit\\\/sac-a-dos-trails-rpet-grs-de-65-l-pour-lexterieur\\\/#breadcrumb\"},\"inLanguage\":\"en-CA\",\"potentialAction\":[{\"@type\":\"ReadAction\",\"target\":[\"https:\\\/\\\/perle-in.com\\\/produit\\\/sac-a-dos-trails-rpet-grs-de-65-l-pour-lexterieur\\\/\"]}]},{\"@type\":\"ImageObject\",\"inLanguage\":\"en-CA\",\"@id\":\"https:\\\/\\\/perle-in.com\\\/produit\\\/sac-a-dos-trails-rpet-grs-de-65-l-pour-lexterieur\\\/#primaryimage\",\"url\":\"https:\\\/\\\/perle-in.com\\\/wp-content\\\/uploads\\\/2025\\\/10\\\/12065821-1.jpg\",\"contentUrl\":\"https:\\\/\\\/perle-in.com\\\/wp-content\\\/uploads\\\/2025\\\/10\\\/12065821-1.jpg\",\"width\":1600,\"height\":1600},{\"@type\":\"BreadcrumbList\",\"@id\":\"https:\\\/\\\/perle-in.com\\\/produit\\\/sac-a-dos-trails-rpet-grs-de-65-l-pour-lexterieur\\\/#breadcrumb\",\"itemListElement\":[{\"@type\":\"ListItem\",\"position\":1,\"name\":\"Accueil\",\"item\":\"https:\\\/\\\/perle-in.com\\\/\"},{\"@type\":\"ListItem\",\"position\":2,\"name\":\"Boutique\",\"item\":\"https:\\\/\\\/perle-in.com\\\/boutique\\\/\"},{\"@type\":\"ListItem\",\"position\":3,\"name\":\"Sac \u00e0 dos Trails RPET GRS de 6,5 L pour l&#8217;ext\u00e9rieur\"}]},{\"@type\":\"WebSite\",\"@id\":\"https:\\\/\\\/perle-in.com\\\/#website\",\"url\":\"https:\\\/\\\/perle-in.com\\\/\",\"name\":\"PERLE IN\",\"description\":\"\",\"publisher\":{\"@id\":\"https:\\\/\\\/perle-in.com\\\/#organization\"},\"potentialAction\":[{\"@type\":\"SearchAction\",\"target\":{\"@type\":\"EntryPoint\",\"urlTemplate\":\"https:\\\/\\\/perle-in.com\\\/?s={search_term_string}\"},\"query-input\":{\"@type\":\"PropertyValueSpecification\",\"valueRequired\":true,\"valueName\":\"search_term_string\"}}],\"inLanguage\":\"en-CA\"},{\"@type\":\"Organization\",\"@id\":\"https:\\\/\\\/perle-in.com\\\/#organization\",\"name\":\"PERLE IN\",\"url\":\"https:\\\/\\\/perle-in.com\\\/\",\"logo\":{\"@type\":\"ImageObject\",\"inLanguage\":\"en-CA\",\"@id\":\"https:\\\/\\\/perle-in.com\\\/#\\\/schema\\\/logo\\\/image\\\/\",\"url\":\"https:\\\/\\\/perle-in.com\\\/wp-content\\\/uploads\\\/2022\\\/12\\\/LOGO-PERLE-IN-COULEUR@3x.webp\",\"contentUrl\":\"https:\\\/\\\/perle-in.com\\\/wp-content\\\/uploads\\\/2022\\\/12\\\/LOGO-PERLE-IN-COULEUR@3x.webp\",\"width\":1600,\"height\":490,\"caption\":\"PERLE IN\"},\"image\":{\"@id\":\"https:\\\/\\\/perle-in.com\\\/#\\\/schema\\\/logo\\\/image\\\/\"}}]}<\/script>\n<!-- \/ Yoast SEO plugin. -->","yoast_head_json":{"title":"Sac \u00e0 dos Trails RPET GRS de 6,5 L pour l'ext\u00e9rieur - PERLE IN","robots":{"index":"noindex","follow":"follow","max-snippet":"max-snippet:-1","max-image-preview":"max-image-preview:large","max-video-preview":"max-video-preview:-1"},"og_locale":"en_US","og_type":"article","og_title":"Sac \u00e0 dos Trails RPET GRS de 6,5 L pour l'ext\u00e9rieur - PERLE IN","og_description":"Fabriqu\u00e9 \u00e0 partir de tissu 100\u00a0% recycl\u00e9 et hydrofuge GRS, le sac \u00e0 dos Trails dispose d'une poche avant zipp\u00e9e et d'un compartiment principal zipp\u00e9, et est compatible avec une poche d'eau hydratante. Rayures r\u00e9fl\u00e9chissantes pour la visibilit\u00e9 et envers en maille filet pour un transport confortable, ce qui en fait un excellent choix durable pour les activit\u00e9s de plein air.","og_url":"https:\/\/perle-in.com\/en\/product\/sac-a-dos-trails-rpet-grs-de-65-l-pour-lexterieur\/","og_site_name":"PERLE IN","article_modified_time":"2025-10-19T03:45:21+00:00","og_image":[{"width":1600,"height":1600,"url":"https:\/\/perle-in.com\/wp-content\/uploads\/2025\/10\/12065821-1.jpg","type":"image\/jpeg"}],"twitter_card":"summary_large_image","schema":{"@context":"https:\/\/schema.org","@graph":[{"@type":"WebPage","@id":"https:\/\/perle-in.com\/produit\/sac-a-dos-trails-rpet-grs-de-65-l-pour-lexterieur\/","url":"https:\/\/perle-in.com\/produit\/sac-a-dos-trails-rpet-grs-de-65-l-pour-lexterieur\/","name":"Sac \u00e0 dos Trails RPET GRS de 6,5 L pour l'ext\u00e9rieur - PERLE IN","isPartOf":{"@id":"https:\/\/perle-in.com\/#website"},"primaryImageOfPage":{"@id":"https:\/\/perle-in.com\/produit\/sac-a-dos-trails-rpet-grs-de-65-l-pour-lexterieur\/#primaryimage"},"image":{"@id":"https:\/\/perle-in.com\/produit\/sac-a-dos-trails-rpet-grs-de-65-l-pour-lexterieur\/#primaryimage"},"thumbnailUrl":"https:\/\/perle-in.com\/wp-content\/uploads\/2025\/10\/12065821-1.jpg","datePublished":"2025-10-14T19:54:18+00:00","dateModified":"2025-10-19T03:45:21+00:00","breadcrumb":{"@id":"https:\/\/perle-in.com\/produit\/sac-a-dos-trails-rpet-grs-de-65-l-pour-lexterieur\/#breadcrumb"},"inLanguage":"en-CA","potentialAction":[{"@type":"ReadAction","target":["https:\/\/perle-in.com\/produit\/sac-a-dos-trails-rpet-grs-de-65-l-pour-lexterieur\/"]}]},{"@type":"ImageObject","inLanguage":"en-CA","@id":"https:\/\/perle-in.com\/produit\/sac-a-dos-trails-rpet-grs-de-65-l-pour-lexterieur\/#primaryimage","url":"https:\/\/perle-in.com\/wp-content\/uploads\/2025\/10\/12065821-1.jpg","contentUrl":"https:\/\/perle-in.com\/wp-content\/uploads\/2025\/10\/12065821-1.jpg","width":1600,"height":1600},{"@type":"BreadcrumbList","@id":"https:\/\/perle-in.com\/produit\/sac-a-dos-trails-rpet-grs-de-65-l-pour-lexterieur\/#breadcrumb","itemListElement":[{"@type":"ListItem","position":1,"name":"Accueil","item":"https:\/\/perle-in.com\/"},{"@type":"ListItem","position":2,"name":"Boutique","item":"https:\/\/perle-in.com\/boutique\/"},{"@type":"ListItem","position":3,"name":"Sac \u00e0 dos Trails RPET GRS de 6,5 L pour l&#8217;ext\u00e9rieur"}]},{"@type":"WebSite","@id":"https:\/\/perle-in.com\/#website","url":"https:\/\/perle-in.com\/","name":"PERLE IN","description":"","publisher":{"@id":"https:\/\/perle-in.com\/#organization"},"potentialAction":[{"@type":"SearchAction","target":{"@type":"EntryPoint","urlTemplate":"https:\/\/perle-in.com\/?s={search_term_string}"},"query-input":{"@type":"PropertyValueSpecification","valueRequired":true,"valueName":"search_term_string"}}],"inLanguage":"en-CA"},{"@type":"Organization","@id":"https:\/\/perle-in.com\/#organization","name":"PERLE IN","url":"https:\/\/perle-in.com\/","logo":{"@type":"ImageObject","inLanguage":"en-CA","@id":"https:\/\/perle-in.com\/#\/schema\/logo\/image\/","url":"https:\/\/perle-in.com\/wp-content\/uploads\/2022\/12\/LOGO-PERLE-IN-COULEUR@3x.webp","contentUrl":"https:\/\/perle-in.com\/wp-content\/uploads\/2022\/12\/LOGO-PERLE-IN-COULEUR@3x.webp","width":1600,"height":490,"caption":"PERLE IN"},"image":{"@id":"https:\/\/perle-in.com\/#\/schema\/logo\/image\/"}}]}},"jetpack_sharing_enabled":true,"_links":{"self":[{"href":"https:\/\/perle-in.com\/en\/wp-json\/wp\/v2\/product\/536419","targetHints":{"allow":["GET"]}}],"collection":[{"href":"https:\/\/perle-in.com\/en\/wp-json\/wp\/v2\/product"}],"about":[{"href":"https:\/\/perle-in.com\/en\/wp-json\/wp\/v2\/types\/product"}],"version-history":[{"count":0,"href":"https:\/\/perle-in.com\/en\/wp-json\/wp\/v2\/product\/536419\/revisions"}],"wp:featuredmedia":[{"embeddable":true,"href":"https:\/\/perle-in.com\/en\/wp-json\/wp\/v2\/media\/536405"}],"wp:attachment":[{"href":"https:\/\/perle-in.com\/en\/wp-json\/wp\/v2\/media?parent=536419"}],"wp:term":[{"taxonomy":"product_brand","embeddable":true,"href":"https:\/\/perle-in.com\/en\/wp-json\/wp\/v2\/product_brand?post=536419"},{"taxonomy":"product_cat","embeddable":true,"href":"https:\/\/perle-in.com\/en\/wp-json\/wp\/v2\/product_cat?post=536419"},{"taxonomy":"product_tag","embeddable":true,"href":"https:\/\/perle-in.com\/en\/wp-json\/wp\/v2\/product_tag?post=536419"}],"curies":[{"name":"wp","href":"https:\/\/api.w.org\/{rel}","templated":true}]}}