{"id":536398,"date":"2025-10-14T21:52:54","date_gmt":"2025-10-14T19:52:54","guid":{"rendered":"https:\/\/perle-in.com\/produit\/bouteille-thor-avec-isolation-par-le-vide-et-couche-de-cuivre-650ml\/"},"modified":"2025-10-19T05:45:21","modified_gmt":"2025-10-19T03:45:21","slug":"bouteille-thor-avec-isolation-par-le-vide-et-couche-de-cuivre-650ml","status":"publish","type":"product","link":"https:\/\/perle-in.com\/en\/product\/bouteille-thor-avec-isolation-par-le-vide-et-couche-de-cuivre-650ml\/","title":{"rendered":"Bouteille Thor avec isolation par le vide et couche de cuivre 650ml"},"content":{"rendered":"","protected":false},"excerpt":{"rendered":"<p>Bouteille en acier inoxydable avec isolation par le vide et placage en cuivre, ce qui vous permet de conservez vos boissons chaudes pendant 12 heures ou froides pendant 48 heures. La construction \u00e9vite la condensation sur l&#8217;ext\u00e9rieur de la bouteille. Rev\u00eatement tendance et durable. Couvercle viss\u00e9 en acier qui \u00e9vite les \u00e9coulements et passant en acier. Large ouverture pour une utilisation plus agr\u00e9able. Parfaite pour glisser des cubes de glace. Capacit\u00e9 : 650 ml. Sous coffret cadeau Avenue.<\/p>","protected":false},"featured_media":536383,"template":"","meta":{"_eb_attr":""},"product_brand":[],"product_cat":[257,173],"product_tag":[],"class_list":{"0":"post-536398","1":"product","2":"type-product","3":"status-publish","4":"has-post-thumbnail","6":"product_cat-bouteilles-isothermes","7":"product_cat-drinkware","8":"pa_couleurs-blanc","9":"pa_couleurs-citron-vert","10":"pa_couleurs-gris","11":"pa_couleurs-marine","12":"pa_couleurs-noir","13":"pa_couleurs-rouge","15":"first","16":"instock","17":"shipping-taxable","18":"purchasable","19":"product-type-variable"},"yoast_head":"<!-- This site is optimized with the Yoast SEO plugin v27.4 - https:\/\/yoast.com\/product\/yoast-seo-wordpress\/ -->\n<title>Bouteille Thor avec isolation par le vide et couche de cuivre 650ml - PERLE IN<\/title>\n<meta name=\"robots\" content=\"noindex, follow, max-snippet:-1, max-image-preview:large, max-video-preview:-1\" \/>\n<meta property=\"og:locale\" content=\"en_US\" \/>\n<meta property=\"og:type\" content=\"article\" \/>\n<meta property=\"og:title\" content=\"Bouteille Thor avec isolation par le vide et couche de cuivre 650ml - PERLE IN\" \/>\n<meta property=\"og:description\" content=\"Bouteille en acier inoxydable avec isolation par le vide et placage en cuivre, ce qui vous permet de conservez vos boissons chaudes pendant 12 heures ou froides pendant 48 heures. La construction \u00e9vite la condensation sur l&#039;ext\u00e9rieur de la bouteille. Rev\u00eatement tendance et durable. Couvercle viss\u00e9 en acier qui \u00e9vite les \u00e9coulements et passant en acier. Large ouverture pour une utilisation plus agr\u00e9able. Parfaite pour glisser des cubes de glace. Capacit\u00e9 : 650 ml. Sous coffret cadeau Avenue.\" \/>\n<meta property=\"og:url\" content=\"https:\/\/perle-in.com\/en\/product\/bouteille-thor-avec-isolation-par-le-vide-et-couche-de-cuivre-650ml\/\" \/>\n<meta property=\"og:site_name\" content=\"PERLE IN\" \/>\n<meta property=\"article:modified_time\" content=\"2025-10-19T03:45:21+00:00\" \/>\n<meta property=\"og:image\" content=\"https:\/\/perle-in.com\/wp-content\/uploads\/2025\/10\/10048800-1.jpg\" \/>\n\t<meta property=\"og:image:width\" content=\"1600\" \/>\n\t<meta property=\"og:image:height\" content=\"1600\" \/>\n\t<meta property=\"og:image:type\" content=\"image\/jpeg\" \/>\n<meta name=\"twitter:card\" content=\"summary_large_image\" \/>\n<script type=\"application\/ld+json\" class=\"yoast-schema-graph\">{\"@context\":\"https:\\\/\\\/schema.org\",\"@graph\":[{\"@type\":\"WebPage\",\"@id\":\"https:\\\/\\\/perle-in.com\\\/produit\\\/bouteille-thor-avec-isolation-par-le-vide-et-couche-de-cuivre-650ml\\\/\",\"url\":\"https:\\\/\\\/perle-in.com\\\/produit\\\/bouteille-thor-avec-isolation-par-le-vide-et-couche-de-cuivre-650ml\\\/\",\"name\":\"Bouteille Thor avec isolation par le vide et couche de cuivre 650ml - PERLE IN\",\"isPartOf\":{\"@id\":\"https:\\\/\\\/perle-in.com\\\/#website\"},\"primaryImageOfPage\":{\"@id\":\"https:\\\/\\\/perle-in.com\\\/produit\\\/bouteille-thor-avec-isolation-par-le-vide-et-couche-de-cuivre-650ml\\\/#primaryimage\"},\"image\":{\"@id\":\"https:\\\/\\\/perle-in.com\\\/produit\\\/bouteille-thor-avec-isolation-par-le-vide-et-couche-de-cuivre-650ml\\\/#primaryimage\"},\"thumbnailUrl\":\"https:\\\/\\\/perle-in.com\\\/wp-content\\\/uploads\\\/2025\\\/10\\\/10048800-1.jpg\",\"datePublished\":\"2025-10-14T19:52:54+00:00\",\"dateModified\":\"2025-10-19T03:45:21+00:00\",\"breadcrumb\":{\"@id\":\"https:\\\/\\\/perle-in.com\\\/produit\\\/bouteille-thor-avec-isolation-par-le-vide-et-couche-de-cuivre-650ml\\\/#breadcrumb\"},\"inLanguage\":\"en-CA\",\"potentialAction\":[{\"@type\":\"ReadAction\",\"target\":[\"https:\\\/\\\/perle-in.com\\\/produit\\\/bouteille-thor-avec-isolation-par-le-vide-et-couche-de-cuivre-650ml\\\/\"]}]},{\"@type\":\"ImageObject\",\"inLanguage\":\"en-CA\",\"@id\":\"https:\\\/\\\/perle-in.com\\\/produit\\\/bouteille-thor-avec-isolation-par-le-vide-et-couche-de-cuivre-650ml\\\/#primaryimage\",\"url\":\"https:\\\/\\\/perle-in.com\\\/wp-content\\\/uploads\\\/2025\\\/10\\\/10048800-1.jpg\",\"contentUrl\":\"https:\\\/\\\/perle-in.com\\\/wp-content\\\/uploads\\\/2025\\\/10\\\/10048800-1.jpg\",\"width\":1600,\"height\":1600},{\"@type\":\"BreadcrumbList\",\"@id\":\"https:\\\/\\\/perle-in.com\\\/produit\\\/bouteille-thor-avec-isolation-par-le-vide-et-couche-de-cuivre-650ml\\\/#breadcrumb\",\"itemListElement\":[{\"@type\":\"ListItem\",\"position\":1,\"name\":\"Accueil\",\"item\":\"https:\\\/\\\/perle-in.com\\\/\"},{\"@type\":\"ListItem\",\"position\":2,\"name\":\"Boutique\",\"item\":\"https:\\\/\\\/perle-in.com\\\/boutique\\\/\"},{\"@type\":\"ListItem\",\"position\":3,\"name\":\"Bouteille Thor avec isolation par le vide et couche de cuivre 650ml\"}]},{\"@type\":\"WebSite\",\"@id\":\"https:\\\/\\\/perle-in.com\\\/#website\",\"url\":\"https:\\\/\\\/perle-in.com\\\/\",\"name\":\"PERLE IN\",\"description\":\"\",\"publisher\":{\"@id\":\"https:\\\/\\\/perle-in.com\\\/#organization\"},\"potentialAction\":[{\"@type\":\"SearchAction\",\"target\":{\"@type\":\"EntryPoint\",\"urlTemplate\":\"https:\\\/\\\/perle-in.com\\\/?s={search_term_string}\"},\"query-input\":{\"@type\":\"PropertyValueSpecification\",\"valueRequired\":true,\"valueName\":\"search_term_string\"}}],\"inLanguage\":\"en-CA\"},{\"@type\":\"Organization\",\"@id\":\"https:\\\/\\\/perle-in.com\\\/#organization\",\"name\":\"PERLE IN\",\"url\":\"https:\\\/\\\/perle-in.com\\\/\",\"logo\":{\"@type\":\"ImageObject\",\"inLanguage\":\"en-CA\",\"@id\":\"https:\\\/\\\/perle-in.com\\\/#\\\/schema\\\/logo\\\/image\\\/\",\"url\":\"https:\\\/\\\/perle-in.com\\\/wp-content\\\/uploads\\\/2022\\\/12\\\/LOGO-PERLE-IN-COULEUR@3x.webp\",\"contentUrl\":\"https:\\\/\\\/perle-in.com\\\/wp-content\\\/uploads\\\/2022\\\/12\\\/LOGO-PERLE-IN-COULEUR@3x.webp\",\"width\":1600,\"height\":490,\"caption\":\"PERLE IN\"},\"image\":{\"@id\":\"https:\\\/\\\/perle-in.com\\\/#\\\/schema\\\/logo\\\/image\\\/\"}}]}<\/script>\n<!-- \/ Yoast SEO plugin. -->","yoast_head_json":{"title":"Bouteille Thor avec isolation par le vide et couche de cuivre 650ml - PERLE IN","robots":{"index":"noindex","follow":"follow","max-snippet":"max-snippet:-1","max-image-preview":"max-image-preview:large","max-video-preview":"max-video-preview:-1"},"og_locale":"en_US","og_type":"article","og_title":"Bouteille Thor avec isolation par le vide et couche de cuivre 650ml - PERLE IN","og_description":"Bouteille en acier inoxydable avec isolation par le vide et placage en cuivre, ce qui vous permet de conservez vos boissons chaudes pendant 12 heures ou froides pendant 48 heures. La construction \u00e9vite la condensation sur l'ext\u00e9rieur de la bouteille. Rev\u00eatement tendance et durable. Couvercle viss\u00e9 en acier qui \u00e9vite les \u00e9coulements et passant en acier. Large ouverture pour une utilisation plus agr\u00e9able. Parfaite pour glisser des cubes de glace. Capacit\u00e9 : 650 ml. Sous coffret cadeau Avenue.","og_url":"https:\/\/perle-in.com\/en\/product\/bouteille-thor-avec-isolation-par-le-vide-et-couche-de-cuivre-650ml\/","og_site_name":"PERLE IN","article_modified_time":"2025-10-19T03:45:21+00:00","og_image":[{"width":1600,"height":1600,"url":"https:\/\/perle-in.com\/wp-content\/uploads\/2025\/10\/10048800-1.jpg","type":"image\/jpeg"}],"twitter_card":"summary_large_image","schema":{"@context":"https:\/\/schema.org","@graph":[{"@type":"WebPage","@id":"https:\/\/perle-in.com\/produit\/bouteille-thor-avec-isolation-par-le-vide-et-couche-de-cuivre-650ml\/","url":"https:\/\/perle-in.com\/produit\/bouteille-thor-avec-isolation-par-le-vide-et-couche-de-cuivre-650ml\/","name":"Bouteille Thor avec isolation par le vide et couche de cuivre 650ml - PERLE IN","isPartOf":{"@id":"https:\/\/perle-in.com\/#website"},"primaryImageOfPage":{"@id":"https:\/\/perle-in.com\/produit\/bouteille-thor-avec-isolation-par-le-vide-et-couche-de-cuivre-650ml\/#primaryimage"},"image":{"@id":"https:\/\/perle-in.com\/produit\/bouteille-thor-avec-isolation-par-le-vide-et-couche-de-cuivre-650ml\/#primaryimage"},"thumbnailUrl":"https:\/\/perle-in.com\/wp-content\/uploads\/2025\/10\/10048800-1.jpg","datePublished":"2025-10-14T19:52:54+00:00","dateModified":"2025-10-19T03:45:21+00:00","breadcrumb":{"@id":"https:\/\/perle-in.com\/produit\/bouteille-thor-avec-isolation-par-le-vide-et-couche-de-cuivre-650ml\/#breadcrumb"},"inLanguage":"en-CA","potentialAction":[{"@type":"ReadAction","target":["https:\/\/perle-in.com\/produit\/bouteille-thor-avec-isolation-par-le-vide-et-couche-de-cuivre-650ml\/"]}]},{"@type":"ImageObject","inLanguage":"en-CA","@id":"https:\/\/perle-in.com\/produit\/bouteille-thor-avec-isolation-par-le-vide-et-couche-de-cuivre-650ml\/#primaryimage","url":"https:\/\/perle-in.com\/wp-content\/uploads\/2025\/10\/10048800-1.jpg","contentUrl":"https:\/\/perle-in.com\/wp-content\/uploads\/2025\/10\/10048800-1.jpg","width":1600,"height":1600},{"@type":"BreadcrumbList","@id":"https:\/\/perle-in.com\/produit\/bouteille-thor-avec-isolation-par-le-vide-et-couche-de-cuivre-650ml\/#breadcrumb","itemListElement":[{"@type":"ListItem","position":1,"name":"Accueil","item":"https:\/\/perle-in.com\/"},{"@type":"ListItem","position":2,"name":"Boutique","item":"https:\/\/perle-in.com\/boutique\/"},{"@type":"ListItem","position":3,"name":"Bouteille Thor avec isolation par le vide et couche de cuivre 650ml"}]},{"@type":"WebSite","@id":"https:\/\/perle-in.com\/#website","url":"https:\/\/perle-in.com\/","name":"PERLE IN","description":"","publisher":{"@id":"https:\/\/perle-in.com\/#organization"},"potentialAction":[{"@type":"SearchAction","target":{"@type":"EntryPoint","urlTemplate":"https:\/\/perle-in.com\/?s={search_term_string}"},"query-input":{"@type":"PropertyValueSpecification","valueRequired":true,"valueName":"search_term_string"}}],"inLanguage":"en-CA"},{"@type":"Organization","@id":"https:\/\/perle-in.com\/#organization","name":"PERLE IN","url":"https:\/\/perle-in.com\/","logo":{"@type":"ImageObject","inLanguage":"en-CA","@id":"https:\/\/perle-in.com\/#\/schema\/logo\/image\/","url":"https:\/\/perle-in.com\/wp-content\/uploads\/2022\/12\/LOGO-PERLE-IN-COULEUR@3x.webp","contentUrl":"https:\/\/perle-in.com\/wp-content\/uploads\/2022\/12\/LOGO-PERLE-IN-COULEUR@3x.webp","width":1600,"height":490,"caption":"PERLE IN"},"image":{"@id":"https:\/\/perle-in.com\/#\/schema\/logo\/image\/"}}]}},"jetpack_sharing_enabled":true,"_links":{"self":[{"href":"https:\/\/perle-in.com\/en\/wp-json\/wp\/v2\/product\/536398","targetHints":{"allow":["GET"]}}],"collection":[{"href":"https:\/\/perle-in.com\/en\/wp-json\/wp\/v2\/product"}],"about":[{"href":"https:\/\/perle-in.com\/en\/wp-json\/wp\/v2\/types\/product"}],"version-history":[{"count":0,"href":"https:\/\/perle-in.com\/en\/wp-json\/wp\/v2\/product\/536398\/revisions"}],"wp:featuredmedia":[{"embeddable":true,"href":"https:\/\/perle-in.com\/en\/wp-json\/wp\/v2\/media\/536383"}],"wp:attachment":[{"href":"https:\/\/perle-in.com\/en\/wp-json\/wp\/v2\/media?parent=536398"}],"wp:term":[{"taxonomy":"product_brand","embeddable":true,"href":"https:\/\/perle-in.com\/en\/wp-json\/wp\/v2\/product_brand?post=536398"},{"taxonomy":"product_cat","embeddable":true,"href":"https:\/\/perle-in.com\/en\/wp-json\/wp\/v2\/product_cat?post=536398"},{"taxonomy":"product_tag","embeddable":true,"href":"https:\/\/perle-in.com\/en\/wp-json\/wp\/v2\/product_tag?post=536398"}],"curies":[{"name":"wp","href":"https:\/\/api.w.org\/{rel}","templated":true}]}}