{"id":536281,"date":"2025-10-14T21:45:45","date_gmt":"2025-10-14T19:45:45","guid":{"rendered":"https:\/\/perle-in.com\/produit\/lunch-box-miyo-700700-ml-a-deux-blocs-2\/"},"modified":"2025-10-19T05:45:20","modified_gmt":"2025-10-19T03:45:20","slug":"lunch-box-miyo-700700-ml-a-deux-blocs-2","status":"publish","type":"product","link":"https:\/\/perle-in.com\/en\/product\/lunch-box-miyo-700700-ml-a-deux-blocs-2\/","title":{"rendered":"Lunch box MIYO 700+700 ml \u00e0 deux blocs"},"content":{"rendered":"","protected":false},"excerpt":{"rendered":"<p>Voyez large avec cette lunch box MIYO double couche\u00a0! Avec deux blocs de capacit\u00e9 de 700\u00a0ml, il y a beaucoup de place pour les sandwiches, les fruits, la salade et bien plus encore, et tout est maintenu en place avec un \u00e9lastique fabriqu\u00e9 \u00e0 partir de PET recycl\u00e9. D&#8217;autres combinaisons de couleurs ainsi que des accessoires sont disponibles, tels qu&#8217;une fourchette ou un compartiment int\u00e9rieur, veuillez nous contacter pour plus de d\u00e9tails. Passe au micro-ondes, passe au lave-vaisselle, sans bisph\u00e9nol A et enti\u00e8rement recyclable. Fabriqu\u00e9e au Royaume-Uni et emball\u00e9e dans un sac en plastique PE recycl\u00e9. Vous pouvez \u00e9galement personnaliser totalement votre MIYO en ajoutant sur le couvercle le nom de la personne qui la re\u00e7oit &#8211; merci de nous contacter pour plus d&#8217;informations.<\/p>","protected":false},"featured_media":536270,"template":"","meta":{"_eb_attr":""},"product_brand":[],"product_cat":[1232,150],"product_tag":[3110,3012,837,946,3111,3112,3109,880,2728,2948],"class_list":{"0":"post-536281","1":"product","2":"type-product","3":"status-publish","4":"has-post-thumbnail","6":"product_cat-boites-repas","7":"product_cat-maison-et-cuisine","8":"product_tag-boite-a-dejeuner","9":"product_tag-boite-a-lunch","10":"product_tag-durable","11":"product_tag-green-concept","12":"product_tag-lunch-box","13":"product_tag-lunchbox","14":"product_tag-miyo","15":"product_tag-nourriture","16":"product_tag-repas","17":"product_tag-salade","18":"pa_couleurs-blanc","19":"pa_couleurs-bleu","20":"pa_couleurs-citron-vert","21":"pa_couleurs-gris","22":"pa_green-points-2036","23":"pa_pays-d-origine-angleterre","25":"first","26":"instock","27":"shipping-taxable","28":"purchasable","29":"product-type-variable"},"yoast_head":"<!-- This site is optimized with the Yoast SEO plugin v27.4 - https:\/\/yoast.com\/product\/yoast-seo-wordpress\/ -->\n<title>Lunch box MIYO 700+700 ml \u00e0 deux blocs - PERLE IN<\/title>\n<meta name=\"robots\" content=\"noindex, follow, max-snippet:-1, max-image-preview:large, max-video-preview:-1\" \/>\n<meta property=\"og:locale\" content=\"en_US\" \/>\n<meta property=\"og:type\" content=\"article\" \/>\n<meta property=\"og:title\" content=\"Lunch box MIYO 700+700 ml \u00e0 deux blocs - PERLE IN\" \/>\n<meta property=\"og:description\" content=\"Voyez large avec cette lunch box MIYO double couche\u00a0! Avec deux blocs de capacit\u00e9 de 700\u00a0ml, il y a beaucoup de place pour les sandwiches, les fruits, la salade et bien plus encore, et tout est maintenu en place avec un \u00e9lastique fabriqu\u00e9 \u00e0 partir de PET recycl\u00e9. D&#039;autres combinaisons de couleurs ainsi que des accessoires sont disponibles, tels qu&#039;une fourchette ou un compartiment int\u00e9rieur, veuillez nous contacter pour plus de d\u00e9tails. Passe au micro-ondes, passe au lave-vaisselle, sans bisph\u00e9nol A et enti\u00e8rement recyclable. Fabriqu\u00e9e au Royaume-Uni et emball\u00e9e dans un sac en plastique PE recycl\u00e9. Vous pouvez \u00e9galement personnaliser totalement votre MIYO en ajoutant sur le couvercle le nom de la personne qui la re\u00e7oit - merci de nous contacter pour plus d&#039;informations.\" \/>\n<meta property=\"og:url\" content=\"https:\/\/perle-in.com\/en\/product\/lunch-box-miyo-700700-ml-a-deux-blocs-2\/\" \/>\n<meta property=\"og:site_name\" content=\"PERLE IN\" \/>\n<meta property=\"article:modified_time\" content=\"2025-10-19T03:45:20+00:00\" \/>\n<meta property=\"og:image\" content=\"https:\/\/perle-in.com\/wp-content\/uploads\/2025\/10\/22040101-1.jpg\" \/>\n\t<meta property=\"og:image:width\" content=\"1600\" \/>\n\t<meta property=\"og:image:height\" content=\"1600\" \/>\n\t<meta property=\"og:image:type\" content=\"image\/jpeg\" \/>\n<meta name=\"twitter:card\" content=\"summary_large_image\" \/>\n<script type=\"application\/ld+json\" class=\"yoast-schema-graph\">{\"@context\":\"https:\\\/\\\/schema.org\",\"@graph\":[{\"@type\":\"WebPage\",\"@id\":\"https:\\\/\\\/perle-in.com\\\/produit\\\/lunch-box-miyo-700700-ml-a-deux-blocs-2\\\/\",\"url\":\"https:\\\/\\\/perle-in.com\\\/produit\\\/lunch-box-miyo-700700-ml-a-deux-blocs-2\\\/\",\"name\":\"Lunch box MIYO 700+700 ml \u00e0 deux blocs - PERLE IN\",\"isPartOf\":{\"@id\":\"https:\\\/\\\/perle-in.com\\\/#website\"},\"primaryImageOfPage\":{\"@id\":\"https:\\\/\\\/perle-in.com\\\/produit\\\/lunch-box-miyo-700700-ml-a-deux-blocs-2\\\/#primaryimage\"},\"image\":{\"@id\":\"https:\\\/\\\/perle-in.com\\\/produit\\\/lunch-box-miyo-700700-ml-a-deux-blocs-2\\\/#primaryimage\"},\"thumbnailUrl\":\"https:\\\/\\\/perle-in.com\\\/wp-content\\\/uploads\\\/2025\\\/10\\\/22040101-1.jpg\",\"datePublished\":\"2025-10-14T19:45:45+00:00\",\"dateModified\":\"2025-10-19T03:45:20+00:00\",\"breadcrumb\":{\"@id\":\"https:\\\/\\\/perle-in.com\\\/produit\\\/lunch-box-miyo-700700-ml-a-deux-blocs-2\\\/#breadcrumb\"},\"inLanguage\":\"en-CA\",\"potentialAction\":[{\"@type\":\"ReadAction\",\"target\":[\"https:\\\/\\\/perle-in.com\\\/produit\\\/lunch-box-miyo-700700-ml-a-deux-blocs-2\\\/\"]}]},{\"@type\":\"ImageObject\",\"inLanguage\":\"en-CA\",\"@id\":\"https:\\\/\\\/perle-in.com\\\/produit\\\/lunch-box-miyo-700700-ml-a-deux-blocs-2\\\/#primaryimage\",\"url\":\"https:\\\/\\\/perle-in.com\\\/wp-content\\\/uploads\\\/2025\\\/10\\\/22040101-1.jpg\",\"contentUrl\":\"https:\\\/\\\/perle-in.com\\\/wp-content\\\/uploads\\\/2025\\\/10\\\/22040101-1.jpg\",\"width\":1600,\"height\":1600},{\"@type\":\"BreadcrumbList\",\"@id\":\"https:\\\/\\\/perle-in.com\\\/produit\\\/lunch-box-miyo-700700-ml-a-deux-blocs-2\\\/#breadcrumb\",\"itemListElement\":[{\"@type\":\"ListItem\",\"position\":1,\"name\":\"Accueil\",\"item\":\"https:\\\/\\\/perle-in.com\\\/\"},{\"@type\":\"ListItem\",\"position\":2,\"name\":\"Boutique\",\"item\":\"https:\\\/\\\/perle-in.com\\\/boutique\\\/\"},{\"@type\":\"ListItem\",\"position\":3,\"name\":\"Lunch box MIYO 700+700 ml \u00e0 deux blocs\"}]},{\"@type\":\"WebSite\",\"@id\":\"https:\\\/\\\/perle-in.com\\\/#website\",\"url\":\"https:\\\/\\\/perle-in.com\\\/\",\"name\":\"PERLE IN\",\"description\":\"\",\"publisher\":{\"@id\":\"https:\\\/\\\/perle-in.com\\\/#organization\"},\"potentialAction\":[{\"@type\":\"SearchAction\",\"target\":{\"@type\":\"EntryPoint\",\"urlTemplate\":\"https:\\\/\\\/perle-in.com\\\/?s={search_term_string}\"},\"query-input\":{\"@type\":\"PropertyValueSpecification\",\"valueRequired\":true,\"valueName\":\"search_term_string\"}}],\"inLanguage\":\"en-CA\"},{\"@type\":\"Organization\",\"@id\":\"https:\\\/\\\/perle-in.com\\\/#organization\",\"name\":\"PERLE IN\",\"url\":\"https:\\\/\\\/perle-in.com\\\/\",\"logo\":{\"@type\":\"ImageObject\",\"inLanguage\":\"en-CA\",\"@id\":\"https:\\\/\\\/perle-in.com\\\/#\\\/schema\\\/logo\\\/image\\\/\",\"url\":\"https:\\\/\\\/perle-in.com\\\/wp-content\\\/uploads\\\/2022\\\/12\\\/LOGO-PERLE-IN-COULEUR@3x.webp\",\"contentUrl\":\"https:\\\/\\\/perle-in.com\\\/wp-content\\\/uploads\\\/2022\\\/12\\\/LOGO-PERLE-IN-COULEUR@3x.webp\",\"width\":1600,\"height\":490,\"caption\":\"PERLE IN\"},\"image\":{\"@id\":\"https:\\\/\\\/perle-in.com\\\/#\\\/schema\\\/logo\\\/image\\\/\"}}]}<\/script>\n<!-- \/ Yoast SEO plugin. -->","yoast_head_json":{"title":"Lunch box MIYO 700+700 ml \u00e0 deux blocs - PERLE IN","robots":{"index":"noindex","follow":"follow","max-snippet":"max-snippet:-1","max-image-preview":"max-image-preview:large","max-video-preview":"max-video-preview:-1"},"og_locale":"en_US","og_type":"article","og_title":"Lunch box MIYO 700+700 ml \u00e0 deux blocs - PERLE IN","og_description":"Voyez large avec cette lunch box MIYO double couche\u00a0! Avec deux blocs de capacit\u00e9 de 700\u00a0ml, il y a beaucoup de place pour les sandwiches, les fruits, la salade et bien plus encore, et tout est maintenu en place avec un \u00e9lastique fabriqu\u00e9 \u00e0 partir de PET recycl\u00e9. D'autres combinaisons de couleurs ainsi que des accessoires sont disponibles, tels qu'une fourchette ou un compartiment int\u00e9rieur, veuillez nous contacter pour plus de d\u00e9tails. Passe au micro-ondes, passe au lave-vaisselle, sans bisph\u00e9nol A et enti\u00e8rement recyclable. Fabriqu\u00e9e au Royaume-Uni et emball\u00e9e dans un sac en plastique PE recycl\u00e9. Vous pouvez \u00e9galement personnaliser totalement votre MIYO en ajoutant sur le couvercle le nom de la personne qui la re\u00e7oit - merci de nous contacter pour plus d'informations.","og_url":"https:\/\/perle-in.com\/en\/product\/lunch-box-miyo-700700-ml-a-deux-blocs-2\/","og_site_name":"PERLE IN","article_modified_time":"2025-10-19T03:45:20+00:00","og_image":[{"width":1600,"height":1600,"url":"https:\/\/perle-in.com\/wp-content\/uploads\/2025\/10\/22040101-1.jpg","type":"image\/jpeg"}],"twitter_card":"summary_large_image","schema":{"@context":"https:\/\/schema.org","@graph":[{"@type":"WebPage","@id":"https:\/\/perle-in.com\/produit\/lunch-box-miyo-700700-ml-a-deux-blocs-2\/","url":"https:\/\/perle-in.com\/produit\/lunch-box-miyo-700700-ml-a-deux-blocs-2\/","name":"Lunch box MIYO 700+700 ml \u00e0 deux blocs - PERLE IN","isPartOf":{"@id":"https:\/\/perle-in.com\/#website"},"primaryImageOfPage":{"@id":"https:\/\/perle-in.com\/produit\/lunch-box-miyo-700700-ml-a-deux-blocs-2\/#primaryimage"},"image":{"@id":"https:\/\/perle-in.com\/produit\/lunch-box-miyo-700700-ml-a-deux-blocs-2\/#primaryimage"},"thumbnailUrl":"https:\/\/perle-in.com\/wp-content\/uploads\/2025\/10\/22040101-1.jpg","datePublished":"2025-10-14T19:45:45+00:00","dateModified":"2025-10-19T03:45:20+00:00","breadcrumb":{"@id":"https:\/\/perle-in.com\/produit\/lunch-box-miyo-700700-ml-a-deux-blocs-2\/#breadcrumb"},"inLanguage":"en-CA","potentialAction":[{"@type":"ReadAction","target":["https:\/\/perle-in.com\/produit\/lunch-box-miyo-700700-ml-a-deux-blocs-2\/"]}]},{"@type":"ImageObject","inLanguage":"en-CA","@id":"https:\/\/perle-in.com\/produit\/lunch-box-miyo-700700-ml-a-deux-blocs-2\/#primaryimage","url":"https:\/\/perle-in.com\/wp-content\/uploads\/2025\/10\/22040101-1.jpg","contentUrl":"https:\/\/perle-in.com\/wp-content\/uploads\/2025\/10\/22040101-1.jpg","width":1600,"height":1600},{"@type":"BreadcrumbList","@id":"https:\/\/perle-in.com\/produit\/lunch-box-miyo-700700-ml-a-deux-blocs-2\/#breadcrumb","itemListElement":[{"@type":"ListItem","position":1,"name":"Accueil","item":"https:\/\/perle-in.com\/"},{"@type":"ListItem","position":2,"name":"Boutique","item":"https:\/\/perle-in.com\/boutique\/"},{"@type":"ListItem","position":3,"name":"Lunch box MIYO 700+700 ml \u00e0 deux blocs"}]},{"@type":"WebSite","@id":"https:\/\/perle-in.com\/#website","url":"https:\/\/perle-in.com\/","name":"PERLE IN","description":"","publisher":{"@id":"https:\/\/perle-in.com\/#organization"},"potentialAction":[{"@type":"SearchAction","target":{"@type":"EntryPoint","urlTemplate":"https:\/\/perle-in.com\/?s={search_term_string}"},"query-input":{"@type":"PropertyValueSpecification","valueRequired":true,"valueName":"search_term_string"}}],"inLanguage":"en-CA"},{"@type":"Organization","@id":"https:\/\/perle-in.com\/#organization","name":"PERLE IN","url":"https:\/\/perle-in.com\/","logo":{"@type":"ImageObject","inLanguage":"en-CA","@id":"https:\/\/perle-in.com\/#\/schema\/logo\/image\/","url":"https:\/\/perle-in.com\/wp-content\/uploads\/2022\/12\/LOGO-PERLE-IN-COULEUR@3x.webp","contentUrl":"https:\/\/perle-in.com\/wp-content\/uploads\/2022\/12\/LOGO-PERLE-IN-COULEUR@3x.webp","width":1600,"height":490,"caption":"PERLE IN"},"image":{"@id":"https:\/\/perle-in.com\/#\/schema\/logo\/image\/"}}]}},"jetpack_sharing_enabled":true,"_links":{"self":[{"href":"https:\/\/perle-in.com\/en\/wp-json\/wp\/v2\/product\/536281","targetHints":{"allow":["GET"]}}],"collection":[{"href":"https:\/\/perle-in.com\/en\/wp-json\/wp\/v2\/product"}],"about":[{"href":"https:\/\/perle-in.com\/en\/wp-json\/wp\/v2\/types\/product"}],"version-history":[{"count":0,"href":"https:\/\/perle-in.com\/en\/wp-json\/wp\/v2\/product\/536281\/revisions"}],"wp:featuredmedia":[{"embeddable":true,"href":"https:\/\/perle-in.com\/en\/wp-json\/wp\/v2\/media\/536270"}],"wp:attachment":[{"href":"https:\/\/perle-in.com\/en\/wp-json\/wp\/v2\/media?parent=536281"}],"wp:term":[{"taxonomy":"product_brand","embeddable":true,"href":"https:\/\/perle-in.com\/en\/wp-json\/wp\/v2\/product_brand?post=536281"},{"taxonomy":"product_cat","embeddable":true,"href":"https:\/\/perle-in.com\/en\/wp-json\/wp\/v2\/product_cat?post=536281"},{"taxonomy":"product_tag","embeddable":true,"href":"https:\/\/perle-in.com\/en\/wp-json\/wp\/v2\/product_tag?post=536281"}],"curies":[{"name":"wp","href":"https:\/\/api.w.org\/{rel}","templated":true}]}}