{"id":536225,"date":"2025-10-14T21:38:38","date_gmt":"2025-10-14T19:38:38","guid":{"rendered":"https:\/\/perle-in.com\/produit\/sac-shopping-reclaim-recycle-grs-bicolore-a-fermeture-eclair-de-15-l\/"},"modified":"2025-10-19T05:45:20","modified_gmt":"2025-10-19T03:45:20","slug":"sac-shopping-reclaim-recycle-grs-bicolore-a-fermeture-eclair-de-15-l","status":"publish","type":"product","link":"https:\/\/perle-in.com\/en\/product\/sac-shopping-reclaim-recycle-grs-bicolore-a-fermeture-eclair-de-15-l\/","title":{"rendered":"Sac shopping Reclaim recycl\u00e9 GRS bicolore \u00e0 fermeture \u00e9clair de 15\u00a0L"},"content":{"rendered":"","protected":false},"excerpt":{"rendered":"<p>Le sac shopping Reclaim recycl\u00e9 GRS bicolore \u00e0 fermeture zipp\u00e9e est fabriqu\u00e9 \u00e0 partir de mat\u00e9riaux 100\u00a0% recycl\u00e9s GRS \u00e0 l&#8217;ext\u00e9rieur. Il dispose d&#8217;une poche avant coup\u00e9e et d&#8217;un compartiment principal zipp\u00e9. Une excellente alternative aux sacs de courses en plastique. Longueur de la poign\u00e9e\u00a0: 25\u00a0cm. Peut supporter jusqu&#8217;\u00e0 10 kg. <\/p>","protected":false},"featured_media":536218,"template":"","meta":{"_eb_attr":""},"product_brand":[],"product_cat":[159,959],"product_tag":[837,961,946,2654,836,282,904,3086,1779],"class_list":{"0":"post-536225","1":"product","2":"type-product","3":"status-publish","4":"has-post-thumbnail","6":"product_cat-sacs","7":"product_cat-sacs-de-shopping","8":"product_tag-durable","9":"product_tag-fourre-tout","10":"product_tag-green-concept","11":"product_tag-grs","12":"product_tag-recycle","13":"product_tag-sac","14":"product_tag-shopping","15":"product_tag-tote-bag","16":"product_tag-totebag","17":"pa_couleurs-noir-gris","18":"pa_green-points-2830","19":"pa_matiere-600d-polyester-recycle-certifie-grs","21":"first","22":"instock","23":"shipping-taxable","24":"purchasable","25":"product-type-variable"},"yoast_head":"<!-- This site is optimized with the Yoast SEO plugin v27.4 - https:\/\/yoast.com\/product\/yoast-seo-wordpress\/ -->\n<title>Sac shopping Reclaim recycl\u00e9 GRS bicolore \u00e0 fermeture \u00e9clair de 15\u00a0L - PERLE IN<\/title>\n<meta name=\"robots\" content=\"noindex, follow, max-snippet:-1, max-image-preview:large, max-video-preview:-1\" \/>\n<meta property=\"og:locale\" content=\"en_US\" \/>\n<meta property=\"og:type\" content=\"article\" \/>\n<meta property=\"og:title\" content=\"Sac shopping Reclaim recycl\u00e9 GRS bicolore \u00e0 fermeture \u00e9clair de 15\u00a0L - PERLE IN\" \/>\n<meta property=\"og:description\" content=\"Le sac shopping Reclaim recycl\u00e9 GRS bicolore \u00e0 fermeture zipp\u00e9e est fabriqu\u00e9 \u00e0 partir de mat\u00e9riaux 100\u00a0% recycl\u00e9s GRS \u00e0 l&#039;ext\u00e9rieur. Il dispose d&#039;une poche avant coup\u00e9e et d&#039;un compartiment principal zipp\u00e9. Une excellente alternative aux sacs de courses en plastique. Longueur de la poign\u00e9e\u00a0: 25\u00a0cm. Peut supporter jusqu&#039;\u00e0 10 kg.\" \/>\n<meta property=\"og:url\" content=\"https:\/\/perle-in.com\/en\/product\/sac-shopping-reclaim-recycle-grs-bicolore-a-fermeture-eclair-de-15-l\/\" \/>\n<meta property=\"og:site_name\" content=\"PERLE IN\" \/>\n<meta property=\"article:modified_time\" content=\"2025-10-19T03:45:20+00:00\" \/>\n<meta property=\"og:image\" content=\"https:\/\/perle-in.com\/wp-content\/uploads\/2025\/10\/12065790-1.jpg\" \/>\n\t<meta property=\"og:image:width\" content=\"1600\" \/>\n\t<meta property=\"og:image:height\" content=\"1600\" \/>\n\t<meta property=\"og:image:type\" content=\"image\/jpeg\" \/>\n<meta name=\"twitter:card\" content=\"summary_large_image\" \/>\n<script type=\"application\/ld+json\" class=\"yoast-schema-graph\">{\"@context\":\"https:\\\/\\\/schema.org\",\"@graph\":[{\"@type\":\"WebPage\",\"@id\":\"https:\\\/\\\/perle-in.com\\\/produit\\\/sac-shopping-reclaim-recycle-grs-bicolore-a-fermeture-eclair-de-15-l\\\/\",\"url\":\"https:\\\/\\\/perle-in.com\\\/produit\\\/sac-shopping-reclaim-recycle-grs-bicolore-a-fermeture-eclair-de-15-l\\\/\",\"name\":\"Sac shopping Reclaim recycl\u00e9 GRS bicolore \u00e0 fermeture \u00e9clair de 15\u00a0L - PERLE IN\",\"isPartOf\":{\"@id\":\"https:\\\/\\\/perle-in.com\\\/#website\"},\"primaryImageOfPage\":{\"@id\":\"https:\\\/\\\/perle-in.com\\\/produit\\\/sac-shopping-reclaim-recycle-grs-bicolore-a-fermeture-eclair-de-15-l\\\/#primaryimage\"},\"image\":{\"@id\":\"https:\\\/\\\/perle-in.com\\\/produit\\\/sac-shopping-reclaim-recycle-grs-bicolore-a-fermeture-eclair-de-15-l\\\/#primaryimage\"},\"thumbnailUrl\":\"https:\\\/\\\/perle-in.com\\\/wp-content\\\/uploads\\\/2025\\\/10\\\/12065790-1.jpg\",\"datePublished\":\"2025-10-14T19:38:38+00:00\",\"dateModified\":\"2025-10-19T03:45:20+00:00\",\"breadcrumb\":{\"@id\":\"https:\\\/\\\/perle-in.com\\\/produit\\\/sac-shopping-reclaim-recycle-grs-bicolore-a-fermeture-eclair-de-15-l\\\/#breadcrumb\"},\"inLanguage\":\"en-CA\",\"potentialAction\":[{\"@type\":\"ReadAction\",\"target\":[\"https:\\\/\\\/perle-in.com\\\/produit\\\/sac-shopping-reclaim-recycle-grs-bicolore-a-fermeture-eclair-de-15-l\\\/\"]}]},{\"@type\":\"ImageObject\",\"inLanguage\":\"en-CA\",\"@id\":\"https:\\\/\\\/perle-in.com\\\/produit\\\/sac-shopping-reclaim-recycle-grs-bicolore-a-fermeture-eclair-de-15-l\\\/#primaryimage\",\"url\":\"https:\\\/\\\/perle-in.com\\\/wp-content\\\/uploads\\\/2025\\\/10\\\/12065790-1.jpg\",\"contentUrl\":\"https:\\\/\\\/perle-in.com\\\/wp-content\\\/uploads\\\/2025\\\/10\\\/12065790-1.jpg\",\"width\":1600,\"height\":1600},{\"@type\":\"BreadcrumbList\",\"@id\":\"https:\\\/\\\/perle-in.com\\\/produit\\\/sac-shopping-reclaim-recycle-grs-bicolore-a-fermeture-eclair-de-15-l\\\/#breadcrumb\",\"itemListElement\":[{\"@type\":\"ListItem\",\"position\":1,\"name\":\"Accueil\",\"item\":\"https:\\\/\\\/perle-in.com\\\/\"},{\"@type\":\"ListItem\",\"position\":2,\"name\":\"Boutique\",\"item\":\"https:\\\/\\\/perle-in.com\\\/boutique\\\/\"},{\"@type\":\"ListItem\",\"position\":3,\"name\":\"Sac shopping Reclaim recycl\u00e9 GRS bicolore \u00e0 fermeture \u00e9clair de 15\u00a0L\"}]},{\"@type\":\"WebSite\",\"@id\":\"https:\\\/\\\/perle-in.com\\\/#website\",\"url\":\"https:\\\/\\\/perle-in.com\\\/\",\"name\":\"PERLE IN\",\"description\":\"\",\"publisher\":{\"@id\":\"https:\\\/\\\/perle-in.com\\\/#organization\"},\"potentialAction\":[{\"@type\":\"SearchAction\",\"target\":{\"@type\":\"EntryPoint\",\"urlTemplate\":\"https:\\\/\\\/perle-in.com\\\/?s={search_term_string}\"},\"query-input\":{\"@type\":\"PropertyValueSpecification\",\"valueRequired\":true,\"valueName\":\"search_term_string\"}}],\"inLanguage\":\"en-CA\"},{\"@type\":\"Organization\",\"@id\":\"https:\\\/\\\/perle-in.com\\\/#organization\",\"name\":\"PERLE IN\",\"url\":\"https:\\\/\\\/perle-in.com\\\/\",\"logo\":{\"@type\":\"ImageObject\",\"inLanguage\":\"en-CA\",\"@id\":\"https:\\\/\\\/perle-in.com\\\/#\\\/schema\\\/logo\\\/image\\\/\",\"url\":\"https:\\\/\\\/perle-in.com\\\/wp-content\\\/uploads\\\/2022\\\/12\\\/LOGO-PERLE-IN-COULEUR@3x.webp\",\"contentUrl\":\"https:\\\/\\\/perle-in.com\\\/wp-content\\\/uploads\\\/2022\\\/12\\\/LOGO-PERLE-IN-COULEUR@3x.webp\",\"width\":1600,\"height\":490,\"caption\":\"PERLE IN\"},\"image\":{\"@id\":\"https:\\\/\\\/perle-in.com\\\/#\\\/schema\\\/logo\\\/image\\\/\"}}]}<\/script>\n<!-- \/ Yoast SEO plugin. -->","yoast_head_json":{"title":"Sac shopping Reclaim recycl\u00e9 GRS bicolore \u00e0 fermeture \u00e9clair de 15\u00a0L - PERLE IN","robots":{"index":"noindex","follow":"follow","max-snippet":"max-snippet:-1","max-image-preview":"max-image-preview:large","max-video-preview":"max-video-preview:-1"},"og_locale":"en_US","og_type":"article","og_title":"Sac shopping Reclaim recycl\u00e9 GRS bicolore \u00e0 fermeture \u00e9clair de 15\u00a0L - PERLE IN","og_description":"Le sac shopping Reclaim recycl\u00e9 GRS bicolore \u00e0 fermeture zipp\u00e9e est fabriqu\u00e9 \u00e0 partir de mat\u00e9riaux 100\u00a0% recycl\u00e9s GRS \u00e0 l'ext\u00e9rieur. Il dispose d'une poche avant coup\u00e9e et d'un compartiment principal zipp\u00e9. Une excellente alternative aux sacs de courses en plastique. Longueur de la poign\u00e9e\u00a0: 25\u00a0cm. Peut supporter jusqu'\u00e0 10 kg.","og_url":"https:\/\/perle-in.com\/en\/product\/sac-shopping-reclaim-recycle-grs-bicolore-a-fermeture-eclair-de-15-l\/","og_site_name":"PERLE IN","article_modified_time":"2025-10-19T03:45:20+00:00","og_image":[{"width":1600,"height":1600,"url":"https:\/\/perle-in.com\/wp-content\/uploads\/2025\/10\/12065790-1.jpg","type":"image\/jpeg"}],"twitter_card":"summary_large_image","schema":{"@context":"https:\/\/schema.org","@graph":[{"@type":"WebPage","@id":"https:\/\/perle-in.com\/produit\/sac-shopping-reclaim-recycle-grs-bicolore-a-fermeture-eclair-de-15-l\/","url":"https:\/\/perle-in.com\/produit\/sac-shopping-reclaim-recycle-grs-bicolore-a-fermeture-eclair-de-15-l\/","name":"Sac shopping Reclaim recycl\u00e9 GRS bicolore \u00e0 fermeture \u00e9clair de 15\u00a0L - PERLE IN","isPartOf":{"@id":"https:\/\/perle-in.com\/#website"},"primaryImageOfPage":{"@id":"https:\/\/perle-in.com\/produit\/sac-shopping-reclaim-recycle-grs-bicolore-a-fermeture-eclair-de-15-l\/#primaryimage"},"image":{"@id":"https:\/\/perle-in.com\/produit\/sac-shopping-reclaim-recycle-grs-bicolore-a-fermeture-eclair-de-15-l\/#primaryimage"},"thumbnailUrl":"https:\/\/perle-in.com\/wp-content\/uploads\/2025\/10\/12065790-1.jpg","datePublished":"2025-10-14T19:38:38+00:00","dateModified":"2025-10-19T03:45:20+00:00","breadcrumb":{"@id":"https:\/\/perle-in.com\/produit\/sac-shopping-reclaim-recycle-grs-bicolore-a-fermeture-eclair-de-15-l\/#breadcrumb"},"inLanguage":"en-CA","potentialAction":[{"@type":"ReadAction","target":["https:\/\/perle-in.com\/produit\/sac-shopping-reclaim-recycle-grs-bicolore-a-fermeture-eclair-de-15-l\/"]}]},{"@type":"ImageObject","inLanguage":"en-CA","@id":"https:\/\/perle-in.com\/produit\/sac-shopping-reclaim-recycle-grs-bicolore-a-fermeture-eclair-de-15-l\/#primaryimage","url":"https:\/\/perle-in.com\/wp-content\/uploads\/2025\/10\/12065790-1.jpg","contentUrl":"https:\/\/perle-in.com\/wp-content\/uploads\/2025\/10\/12065790-1.jpg","width":1600,"height":1600},{"@type":"BreadcrumbList","@id":"https:\/\/perle-in.com\/produit\/sac-shopping-reclaim-recycle-grs-bicolore-a-fermeture-eclair-de-15-l\/#breadcrumb","itemListElement":[{"@type":"ListItem","position":1,"name":"Accueil","item":"https:\/\/perle-in.com\/"},{"@type":"ListItem","position":2,"name":"Boutique","item":"https:\/\/perle-in.com\/boutique\/"},{"@type":"ListItem","position":3,"name":"Sac shopping Reclaim recycl\u00e9 GRS bicolore \u00e0 fermeture \u00e9clair de 15\u00a0L"}]},{"@type":"WebSite","@id":"https:\/\/perle-in.com\/#website","url":"https:\/\/perle-in.com\/","name":"PERLE IN","description":"","publisher":{"@id":"https:\/\/perle-in.com\/#organization"},"potentialAction":[{"@type":"SearchAction","target":{"@type":"EntryPoint","urlTemplate":"https:\/\/perle-in.com\/?s={search_term_string}"},"query-input":{"@type":"PropertyValueSpecification","valueRequired":true,"valueName":"search_term_string"}}],"inLanguage":"en-CA"},{"@type":"Organization","@id":"https:\/\/perle-in.com\/#organization","name":"PERLE IN","url":"https:\/\/perle-in.com\/","logo":{"@type":"ImageObject","inLanguage":"en-CA","@id":"https:\/\/perle-in.com\/#\/schema\/logo\/image\/","url":"https:\/\/perle-in.com\/wp-content\/uploads\/2022\/12\/LOGO-PERLE-IN-COULEUR@3x.webp","contentUrl":"https:\/\/perle-in.com\/wp-content\/uploads\/2022\/12\/LOGO-PERLE-IN-COULEUR@3x.webp","width":1600,"height":490,"caption":"PERLE IN"},"image":{"@id":"https:\/\/perle-in.com\/#\/schema\/logo\/image\/"}}]}},"jetpack_sharing_enabled":true,"_links":{"self":[{"href":"https:\/\/perle-in.com\/en\/wp-json\/wp\/v2\/product\/536225","targetHints":{"allow":["GET"]}}],"collection":[{"href":"https:\/\/perle-in.com\/en\/wp-json\/wp\/v2\/product"}],"about":[{"href":"https:\/\/perle-in.com\/en\/wp-json\/wp\/v2\/types\/product"}],"version-history":[{"count":0,"href":"https:\/\/perle-in.com\/en\/wp-json\/wp\/v2\/product\/536225\/revisions"}],"wp:featuredmedia":[{"embeddable":true,"href":"https:\/\/perle-in.com\/en\/wp-json\/wp\/v2\/media\/536218"}],"wp:attachment":[{"href":"https:\/\/perle-in.com\/en\/wp-json\/wp\/v2\/media?parent=536225"}],"wp:term":[{"taxonomy":"product_brand","embeddable":true,"href":"https:\/\/perle-in.com\/en\/wp-json\/wp\/v2\/product_brand?post=536225"},{"taxonomy":"product_cat","embeddable":true,"href":"https:\/\/perle-in.com\/en\/wp-json\/wp\/v2\/product_cat?post=536225"},{"taxonomy":"product_tag","embeddable":true,"href":"https:\/\/perle-in.com\/en\/wp-json\/wp\/v2\/product_tag?post=536225"}],"curies":[{"name":"wp","href":"https:\/\/api.w.org\/{rel}","templated":true}]}}