{"id":536187,"date":"2025-10-14T21:33:27","date_gmt":"2025-10-14T19:33:27","guid":{"rendered":"https:\/\/perle-in.com\/produit\/sac-a-bandouliere-reclaim-grs-recycle-bicolore-de-35-l\/"},"modified":"2025-10-19T05:45:19","modified_gmt":"2025-10-19T03:45:19","slug":"sac-a-bandouliere-reclaim-grs-recycle-bicolore-de-35-l","status":"publish","type":"product","link":"https:\/\/perle-in.com\/en\/product\/sac-a-bandouliere-reclaim-grs-recycle-bicolore-de-35-l\/","title":{"rendered":"Sac \u00e0 bandouli\u00e8re Reclaim GRS recycl\u00e9 bicolore de 3,5\u00a0L"},"content":{"rendered":"","protected":false},"excerpt":{"rendered":"<p>Fabriqu\u00e9 \u00e0 partir de mat\u00e9riaux 100\u00a0% recycl\u00e9s \u00e0 l&#8217;ext\u00e9rieur, le sac \u00e0 bandouli\u00e8re recycl\u00e9 GRS bicolore dispose d&#8217;une poche frontale zipp\u00e9e, ainsi que d&#8217;un compartiment principal zipp\u00e9 contenant une housse pour tablette de 12\u00a0pouces. Il dispose \u00e9galement d&#8217;une poche int\u00e9rieure zipp\u00e9e pour le rangement en toute s\u00e9curit\u00e9, et gr\u00e2ce \u00e0 sa bandouli\u00e8re enti\u00e8rement r\u00e9glable et rembourr\u00e9e, il est confortable \u00e0 transporter.<\/p>","protected":false},"featured_media":536181,"template":"","meta":{"_eb_attr":""},"product_brand":[],"product_cat":[159],"product_tag":[3016,837,946,2654,836,282,283],"class_list":{"0":"post-536187","1":"product","2":"type-product","3":"status-publish","4":"has-post-thumbnail","6":"product_cat-sacs","7":"product_tag-bandouliere","8":"product_tag-durable","9":"product_tag-green-concept","10":"product_tag-grs","11":"product_tag-recycle","12":"product_tag-sac","13":"product_tag-sacs","14":"pa_couleurs-noir-gris","15":"pa_green-points-2830","16":"pa_matiere-600d-polyester-recycle-certifie-grs","18":"first","19":"instock","20":"shipping-taxable","21":"purchasable","22":"product-type-variable"},"yoast_head":"<!-- This site is optimized with the Yoast SEO plugin v27.4 - https:\/\/yoast.com\/product\/yoast-seo-wordpress\/ -->\n<title>Sac \u00e0 bandouli\u00e8re Reclaim GRS recycl\u00e9 bicolore de 3,5\u00a0L - PERLE IN<\/title>\n<meta name=\"robots\" content=\"noindex, follow, max-snippet:-1, max-image-preview:large, max-video-preview:-1\" \/>\n<meta property=\"og:locale\" content=\"en_US\" \/>\n<meta property=\"og:type\" content=\"article\" \/>\n<meta property=\"og:title\" content=\"Sac \u00e0 bandouli\u00e8re Reclaim GRS recycl\u00e9 bicolore de 3,5\u00a0L - PERLE IN\" \/>\n<meta property=\"og:description\" content=\"Fabriqu\u00e9 \u00e0 partir de mat\u00e9riaux 100\u00a0% recycl\u00e9s \u00e0 l&#039;ext\u00e9rieur, le sac \u00e0 bandouli\u00e8re recycl\u00e9 GRS bicolore dispose d&#039;une poche frontale zipp\u00e9e, ainsi que d&#039;un compartiment principal zipp\u00e9 contenant une housse pour tablette de 12\u00a0pouces. Il dispose \u00e9galement d&#039;une poche int\u00e9rieure zipp\u00e9e pour le rangement en toute s\u00e9curit\u00e9, et gr\u00e2ce \u00e0 sa bandouli\u00e8re enti\u00e8rement r\u00e9glable et rembourr\u00e9e, il est confortable \u00e0 transporter.\" \/>\n<meta property=\"og:url\" content=\"https:\/\/perle-in.com\/en\/product\/sac-a-bandouliere-reclaim-grs-recycle-bicolore-de-35-l\/\" \/>\n<meta property=\"og:site_name\" content=\"PERLE IN\" \/>\n<meta property=\"article:modified_time\" content=\"2025-10-19T03:45:19+00:00\" \/>\n<meta property=\"og:image\" content=\"https:\/\/perle-in.com\/wp-content\/uploads\/2025\/10\/12065390-1.jpg\" \/>\n\t<meta property=\"og:image:width\" content=\"1600\" \/>\n\t<meta property=\"og:image:height\" content=\"1600\" \/>\n\t<meta property=\"og:image:type\" content=\"image\/jpeg\" \/>\n<meta name=\"twitter:card\" content=\"summary_large_image\" \/>\n<script type=\"application\/ld+json\" class=\"yoast-schema-graph\">{\"@context\":\"https:\\\/\\\/schema.org\",\"@graph\":[{\"@type\":\"WebPage\",\"@id\":\"https:\\\/\\\/perle-in.com\\\/produit\\\/sac-a-bandouliere-reclaim-grs-recycle-bicolore-de-35-l\\\/\",\"url\":\"https:\\\/\\\/perle-in.com\\\/produit\\\/sac-a-bandouliere-reclaim-grs-recycle-bicolore-de-35-l\\\/\",\"name\":\"Sac \u00e0 bandouli\u00e8re Reclaim GRS recycl\u00e9 bicolore de 3,5\u00a0L - PERLE IN\",\"isPartOf\":{\"@id\":\"https:\\\/\\\/perle-in.com\\\/#website\"},\"primaryImageOfPage\":{\"@id\":\"https:\\\/\\\/perle-in.com\\\/produit\\\/sac-a-bandouliere-reclaim-grs-recycle-bicolore-de-35-l\\\/#primaryimage\"},\"image\":{\"@id\":\"https:\\\/\\\/perle-in.com\\\/produit\\\/sac-a-bandouliere-reclaim-grs-recycle-bicolore-de-35-l\\\/#primaryimage\"},\"thumbnailUrl\":\"https:\\\/\\\/perle-in.com\\\/wp-content\\\/uploads\\\/2025\\\/10\\\/12065390-1.jpg\",\"datePublished\":\"2025-10-14T19:33:27+00:00\",\"dateModified\":\"2025-10-19T03:45:19+00:00\",\"breadcrumb\":{\"@id\":\"https:\\\/\\\/perle-in.com\\\/produit\\\/sac-a-bandouliere-reclaim-grs-recycle-bicolore-de-35-l\\\/#breadcrumb\"},\"inLanguage\":\"en-CA\",\"potentialAction\":[{\"@type\":\"ReadAction\",\"target\":[\"https:\\\/\\\/perle-in.com\\\/produit\\\/sac-a-bandouliere-reclaim-grs-recycle-bicolore-de-35-l\\\/\"]}]},{\"@type\":\"ImageObject\",\"inLanguage\":\"en-CA\",\"@id\":\"https:\\\/\\\/perle-in.com\\\/produit\\\/sac-a-bandouliere-reclaim-grs-recycle-bicolore-de-35-l\\\/#primaryimage\",\"url\":\"https:\\\/\\\/perle-in.com\\\/wp-content\\\/uploads\\\/2025\\\/10\\\/12065390-1.jpg\",\"contentUrl\":\"https:\\\/\\\/perle-in.com\\\/wp-content\\\/uploads\\\/2025\\\/10\\\/12065390-1.jpg\",\"width\":1600,\"height\":1600},{\"@type\":\"BreadcrumbList\",\"@id\":\"https:\\\/\\\/perle-in.com\\\/produit\\\/sac-a-bandouliere-reclaim-grs-recycle-bicolore-de-35-l\\\/#breadcrumb\",\"itemListElement\":[{\"@type\":\"ListItem\",\"position\":1,\"name\":\"Accueil\",\"item\":\"https:\\\/\\\/perle-in.com\\\/\"},{\"@type\":\"ListItem\",\"position\":2,\"name\":\"Boutique\",\"item\":\"https:\\\/\\\/perle-in.com\\\/boutique\\\/\"},{\"@type\":\"ListItem\",\"position\":3,\"name\":\"Sac \u00e0 bandouli\u00e8re Reclaim GRS recycl\u00e9 bicolore de 3,5\u00a0L\"}]},{\"@type\":\"WebSite\",\"@id\":\"https:\\\/\\\/perle-in.com\\\/#website\",\"url\":\"https:\\\/\\\/perle-in.com\\\/\",\"name\":\"PERLE IN\",\"description\":\"\",\"publisher\":{\"@id\":\"https:\\\/\\\/perle-in.com\\\/#organization\"},\"potentialAction\":[{\"@type\":\"SearchAction\",\"target\":{\"@type\":\"EntryPoint\",\"urlTemplate\":\"https:\\\/\\\/perle-in.com\\\/?s={search_term_string}\"},\"query-input\":{\"@type\":\"PropertyValueSpecification\",\"valueRequired\":true,\"valueName\":\"search_term_string\"}}],\"inLanguage\":\"en-CA\"},{\"@type\":\"Organization\",\"@id\":\"https:\\\/\\\/perle-in.com\\\/#organization\",\"name\":\"PERLE IN\",\"url\":\"https:\\\/\\\/perle-in.com\\\/\",\"logo\":{\"@type\":\"ImageObject\",\"inLanguage\":\"en-CA\",\"@id\":\"https:\\\/\\\/perle-in.com\\\/#\\\/schema\\\/logo\\\/image\\\/\",\"url\":\"https:\\\/\\\/perle-in.com\\\/wp-content\\\/uploads\\\/2022\\\/12\\\/LOGO-PERLE-IN-COULEUR@3x.webp\",\"contentUrl\":\"https:\\\/\\\/perle-in.com\\\/wp-content\\\/uploads\\\/2022\\\/12\\\/LOGO-PERLE-IN-COULEUR@3x.webp\",\"width\":1600,\"height\":490,\"caption\":\"PERLE IN\"},\"image\":{\"@id\":\"https:\\\/\\\/perle-in.com\\\/#\\\/schema\\\/logo\\\/image\\\/\"}}]}<\/script>\n<!-- \/ Yoast SEO plugin. -->","yoast_head_json":{"title":"Sac \u00e0 bandouli\u00e8re Reclaim GRS recycl\u00e9 bicolore de 3,5\u00a0L - PERLE IN","robots":{"index":"noindex","follow":"follow","max-snippet":"max-snippet:-1","max-image-preview":"max-image-preview:large","max-video-preview":"max-video-preview:-1"},"og_locale":"en_US","og_type":"article","og_title":"Sac \u00e0 bandouli\u00e8re Reclaim GRS recycl\u00e9 bicolore de 3,5\u00a0L - PERLE IN","og_description":"Fabriqu\u00e9 \u00e0 partir de mat\u00e9riaux 100\u00a0% recycl\u00e9s \u00e0 l'ext\u00e9rieur, le sac \u00e0 bandouli\u00e8re recycl\u00e9 GRS bicolore dispose d'une poche frontale zipp\u00e9e, ainsi que d'un compartiment principal zipp\u00e9 contenant une housse pour tablette de 12\u00a0pouces. Il dispose \u00e9galement d'une poche int\u00e9rieure zipp\u00e9e pour le rangement en toute s\u00e9curit\u00e9, et gr\u00e2ce \u00e0 sa bandouli\u00e8re enti\u00e8rement r\u00e9glable et rembourr\u00e9e, il est confortable \u00e0 transporter.","og_url":"https:\/\/perle-in.com\/en\/product\/sac-a-bandouliere-reclaim-grs-recycle-bicolore-de-35-l\/","og_site_name":"PERLE IN","article_modified_time":"2025-10-19T03:45:19+00:00","og_image":[{"width":1600,"height":1600,"url":"https:\/\/perle-in.com\/wp-content\/uploads\/2025\/10\/12065390-1.jpg","type":"image\/jpeg"}],"twitter_card":"summary_large_image","schema":{"@context":"https:\/\/schema.org","@graph":[{"@type":"WebPage","@id":"https:\/\/perle-in.com\/produit\/sac-a-bandouliere-reclaim-grs-recycle-bicolore-de-35-l\/","url":"https:\/\/perle-in.com\/produit\/sac-a-bandouliere-reclaim-grs-recycle-bicolore-de-35-l\/","name":"Sac \u00e0 bandouli\u00e8re Reclaim GRS recycl\u00e9 bicolore de 3,5\u00a0L - PERLE IN","isPartOf":{"@id":"https:\/\/perle-in.com\/#website"},"primaryImageOfPage":{"@id":"https:\/\/perle-in.com\/produit\/sac-a-bandouliere-reclaim-grs-recycle-bicolore-de-35-l\/#primaryimage"},"image":{"@id":"https:\/\/perle-in.com\/produit\/sac-a-bandouliere-reclaim-grs-recycle-bicolore-de-35-l\/#primaryimage"},"thumbnailUrl":"https:\/\/perle-in.com\/wp-content\/uploads\/2025\/10\/12065390-1.jpg","datePublished":"2025-10-14T19:33:27+00:00","dateModified":"2025-10-19T03:45:19+00:00","breadcrumb":{"@id":"https:\/\/perle-in.com\/produit\/sac-a-bandouliere-reclaim-grs-recycle-bicolore-de-35-l\/#breadcrumb"},"inLanguage":"en-CA","potentialAction":[{"@type":"ReadAction","target":["https:\/\/perle-in.com\/produit\/sac-a-bandouliere-reclaim-grs-recycle-bicolore-de-35-l\/"]}]},{"@type":"ImageObject","inLanguage":"en-CA","@id":"https:\/\/perle-in.com\/produit\/sac-a-bandouliere-reclaim-grs-recycle-bicolore-de-35-l\/#primaryimage","url":"https:\/\/perle-in.com\/wp-content\/uploads\/2025\/10\/12065390-1.jpg","contentUrl":"https:\/\/perle-in.com\/wp-content\/uploads\/2025\/10\/12065390-1.jpg","width":1600,"height":1600},{"@type":"BreadcrumbList","@id":"https:\/\/perle-in.com\/produit\/sac-a-bandouliere-reclaim-grs-recycle-bicolore-de-35-l\/#breadcrumb","itemListElement":[{"@type":"ListItem","position":1,"name":"Accueil","item":"https:\/\/perle-in.com\/"},{"@type":"ListItem","position":2,"name":"Boutique","item":"https:\/\/perle-in.com\/boutique\/"},{"@type":"ListItem","position":3,"name":"Sac \u00e0 bandouli\u00e8re Reclaim GRS recycl\u00e9 bicolore de 3,5\u00a0L"}]},{"@type":"WebSite","@id":"https:\/\/perle-in.com\/#website","url":"https:\/\/perle-in.com\/","name":"PERLE IN","description":"","publisher":{"@id":"https:\/\/perle-in.com\/#organization"},"potentialAction":[{"@type":"SearchAction","target":{"@type":"EntryPoint","urlTemplate":"https:\/\/perle-in.com\/?s={search_term_string}"},"query-input":{"@type":"PropertyValueSpecification","valueRequired":true,"valueName":"search_term_string"}}],"inLanguage":"en-CA"},{"@type":"Organization","@id":"https:\/\/perle-in.com\/#organization","name":"PERLE IN","url":"https:\/\/perle-in.com\/","logo":{"@type":"ImageObject","inLanguage":"en-CA","@id":"https:\/\/perle-in.com\/#\/schema\/logo\/image\/","url":"https:\/\/perle-in.com\/wp-content\/uploads\/2022\/12\/LOGO-PERLE-IN-COULEUR@3x.webp","contentUrl":"https:\/\/perle-in.com\/wp-content\/uploads\/2022\/12\/LOGO-PERLE-IN-COULEUR@3x.webp","width":1600,"height":490,"caption":"PERLE IN"},"image":{"@id":"https:\/\/perle-in.com\/#\/schema\/logo\/image\/"}}]}},"jetpack_sharing_enabled":true,"_links":{"self":[{"href":"https:\/\/perle-in.com\/en\/wp-json\/wp\/v2\/product\/536187","targetHints":{"allow":["GET"]}}],"collection":[{"href":"https:\/\/perle-in.com\/en\/wp-json\/wp\/v2\/product"}],"about":[{"href":"https:\/\/perle-in.com\/en\/wp-json\/wp\/v2\/types\/product"}],"version-history":[{"count":0,"href":"https:\/\/perle-in.com\/en\/wp-json\/wp\/v2\/product\/536187\/revisions"}],"wp:featuredmedia":[{"embeddable":true,"href":"https:\/\/perle-in.com\/en\/wp-json\/wp\/v2\/media\/536181"}],"wp:attachment":[{"href":"https:\/\/perle-in.com\/en\/wp-json\/wp\/v2\/media?parent=536187"}],"wp:term":[{"taxonomy":"product_brand","embeddable":true,"href":"https:\/\/perle-in.com\/en\/wp-json\/wp\/v2\/product_brand?post=536187"},{"taxonomy":"product_cat","embeddable":true,"href":"https:\/\/perle-in.com\/en\/wp-json\/wp\/v2\/product_cat?post=536187"},{"taxonomy":"product_tag","embeddable":true,"href":"https:\/\/perle-in.com\/en\/wp-json\/wp\/v2\/product_tag?post=536187"}],"curies":[{"name":"wp","href":"https:\/\/api.w.org\/{rel}","templated":true}]}}