{"id":536090,"date":"2025-10-14T21:25:26","date_gmt":"2025-10-14T19:25:26","guid":{"rendered":"https:\/\/perle-in.com\/produit\/serviette-charlotte-de-50-x-100-cm-en-coton-de-450-g-m%c2%b2\/"},"modified":"2025-10-19T05:45:18","modified_gmt":"2025-10-19T03:45:18","slug":"serviette-charlotte-de-50-x-100-cm-en-coton-de-450-g-m%c2%b2","status":"publish","type":"product","link":"https:\/\/perle-in.com\/en\/product\/serviette-charlotte-de-50-x-100-cm-en-coton-de-450-g-m%c2%b2\/","title":{"rendered":"Serviette Charlotte de 50 x 100\u00a0cm en coton de 450\u00a0g\/m\u00b2"},"content":{"rendered":"","protected":false},"excerpt":{"rendered":"<p>Cette serviette de haute qualit\u00e9 et durable de 450\u00a0g\/m\u00b2 propose une \u00e9paisseur agr\u00e9able, un toucher soyeux et se r\u00e9v\u00e8le tr\u00e8s douce sur la peau. Cet article est certifi\u00e9 STANDARD\u00a0100 by OEKO-TEX\u00ae. Cette certification garantit que le produit textile a \u00e9t\u00e9 fabriqu\u00e9 \u00e0 l&#8217;aide de proc\u00e9d\u00e9s durables, dans des conditions de travail respectueuses de l&#8217;environnement et socialement responsables, et qu&#8217;il est exempt de produits chimiques ou de mati\u00e8res synth\u00e9tiques nocives. Disponible dans plusieurs couleurs magnifiques pour parfaire la d\u00e9coration de tout type de salle de bain, dans une maison ou un h\u00f4tel. La serviette est teinte avec un proc\u00e9d\u00e9 de teinture sans eau qui r\u00e9duit la demande en eau douce. Cela \u00e9vite \u00e9galement la production de gros volumes d&#8217;eau pollu\u00e9e, caract\u00e9ristiques des proc\u00e9d\u00e9s de teinture \u00e0 base d&#8217;eau. Dimensions de la serviette\u00a0: 50 x 100\u00a0cm. Fabriqu\u00e9e en Europe. <\/p>","protected":false},"featured_media":536079,"template":"","meta":{"_eb_attr":""},"product_brand":[],"product_cat":[390,1243],"product_tag":[3120,3122,837,946,923,3121,3031,1800],"class_list":{"0":"post-536090","1":"product","2":"type-product","3":"status-publish","4":"has-post-thumbnail","6":"product_cat-sant-et-hygine-personnelle","7":"product_cat-serviettes","8":"product_tag-bain","9":"product_tag-douche","10":"product_tag-durable","11":"product_tag-green-concept","12":"product_tag-oeko-tex","13":"product_tag-oekotex","14":"product_tag-salle-de-bain","15":"product_tag-serviette","16":"pa_couleurs-anthracite","17":"pa_couleurs-beige","18":"pa_couleurs-blanc","19":"pa_couleurs-gris-clair","20":"pa_couleurs-marine","21":"pa_couleurs-rouge","22":"pa_matiere-coton-450-g-m2","24":"first","25":"instock","26":"shipping-taxable","27":"purchasable","28":"product-type-variable"},"yoast_head":"<!-- This site is optimized with the Yoast SEO plugin v27.4 - https:\/\/yoast.com\/product\/yoast-seo-wordpress\/ -->\n<title>Serviette Charlotte de 50 x 100\u00a0cm en coton de 450\u00a0g\/m\u00b2 - PERLE IN<\/title>\n<meta name=\"robots\" content=\"noindex, follow, max-snippet:-1, max-image-preview:large, max-video-preview:-1\" \/>\n<meta property=\"og:locale\" content=\"en_US\" \/>\n<meta property=\"og:type\" content=\"article\" \/>\n<meta property=\"og:title\" content=\"Serviette Charlotte de 50 x 100\u00a0cm en coton de 450\u00a0g\/m\u00b2 - PERLE IN\" \/>\n<meta property=\"og:description\" content=\"Cette serviette de haute qualit\u00e9 et durable de 450\u00a0g\/m\u00b2 propose une \u00e9paisseur agr\u00e9able, un toucher soyeux et se r\u00e9v\u00e8le tr\u00e8s douce sur la peau. Cet article est certifi\u00e9 STANDARD\u00a0100 by OEKO-TEX\u00ae. Cette certification garantit que le produit textile a \u00e9t\u00e9 fabriqu\u00e9 \u00e0 l&#039;aide de proc\u00e9d\u00e9s durables, dans des conditions de travail respectueuses de l&#039;environnement et socialement responsables, et qu&#039;il est exempt de produits chimiques ou de mati\u00e8res synth\u00e9tiques nocives. Disponible dans plusieurs couleurs magnifiques pour parfaire la d\u00e9coration de tout type de salle de bain, dans une maison ou un h\u00f4tel. La serviette est teinte avec un proc\u00e9d\u00e9 de teinture sans eau qui r\u00e9duit la demande en eau douce. Cela \u00e9vite \u00e9galement la production de gros volumes d&#039;eau pollu\u00e9e, caract\u00e9ristiques des proc\u00e9d\u00e9s de teinture \u00e0 base d&#039;eau. Dimensions de la serviette\u00a0: 50 x 100\u00a0cm. Fabriqu\u00e9e en Europe.\" \/>\n<meta property=\"og:url\" content=\"https:\/\/perle-in.com\/en\/product\/serviette-charlotte-de-50-x-100-cm-en-coton-de-450-g-m\u00b2\/\" \/>\n<meta property=\"og:site_name\" content=\"PERLE IN\" \/>\n<meta property=\"article:modified_time\" content=\"2025-10-19T03:45:18+00:00\" \/>\n<meta property=\"og:image\" content=\"https:\/\/perle-in.com\/wp-content\/uploads\/2025\/10\/11700101-1.jpg\" \/>\n\t<meta property=\"og:image:width\" content=\"1600\" \/>\n\t<meta property=\"og:image:height\" content=\"1600\" \/>\n\t<meta property=\"og:image:type\" content=\"image\/jpeg\" \/>\n<meta name=\"twitter:card\" content=\"summary_large_image\" \/>\n<script type=\"application\/ld+json\" class=\"yoast-schema-graph\">{\"@context\":\"https:\\\/\\\/schema.org\",\"@graph\":[{\"@type\":\"WebPage\",\"@id\":\"https:\\\/\\\/perle-in.com\\\/produit\\\/serviette-charlotte-de-50-x-100-cm-en-coton-de-450-g-m%c2%b2\\\/\",\"url\":\"https:\\\/\\\/perle-in.com\\\/produit\\\/serviette-charlotte-de-50-x-100-cm-en-coton-de-450-g-m%c2%b2\\\/\",\"name\":\"Serviette Charlotte de 50 x 100\u00a0cm en coton de 450\u00a0g\\\/m\u00b2 - PERLE IN\",\"isPartOf\":{\"@id\":\"https:\\\/\\\/perle-in.com\\\/#website\"},\"primaryImageOfPage\":{\"@id\":\"https:\\\/\\\/perle-in.com\\\/produit\\\/serviette-charlotte-de-50-x-100-cm-en-coton-de-450-g-m%c2%b2\\\/#primaryimage\"},\"image\":{\"@id\":\"https:\\\/\\\/perle-in.com\\\/produit\\\/serviette-charlotte-de-50-x-100-cm-en-coton-de-450-g-m%c2%b2\\\/#primaryimage\"},\"thumbnailUrl\":\"https:\\\/\\\/perle-in.com\\\/wp-content\\\/uploads\\\/2025\\\/10\\\/11700101-1.jpg\",\"datePublished\":\"2025-10-14T19:25:26+00:00\",\"dateModified\":\"2025-10-19T03:45:18+00:00\",\"breadcrumb\":{\"@id\":\"https:\\\/\\\/perle-in.com\\\/produit\\\/serviette-charlotte-de-50-x-100-cm-en-coton-de-450-g-m%c2%b2\\\/#breadcrumb\"},\"inLanguage\":\"en-CA\",\"potentialAction\":[{\"@type\":\"ReadAction\",\"target\":[\"https:\\\/\\\/perle-in.com\\\/produit\\\/serviette-charlotte-de-50-x-100-cm-en-coton-de-450-g-m%c2%b2\\\/\"]}]},{\"@type\":\"ImageObject\",\"inLanguage\":\"en-CA\",\"@id\":\"https:\\\/\\\/perle-in.com\\\/produit\\\/serviette-charlotte-de-50-x-100-cm-en-coton-de-450-g-m%c2%b2\\\/#primaryimage\",\"url\":\"https:\\\/\\\/perle-in.com\\\/wp-content\\\/uploads\\\/2025\\\/10\\\/11700101-1.jpg\",\"contentUrl\":\"https:\\\/\\\/perle-in.com\\\/wp-content\\\/uploads\\\/2025\\\/10\\\/11700101-1.jpg\",\"width\":1600,\"height\":1600},{\"@type\":\"BreadcrumbList\",\"@id\":\"https:\\\/\\\/perle-in.com\\\/produit\\\/serviette-charlotte-de-50-x-100-cm-en-coton-de-450-g-m%c2%b2\\\/#breadcrumb\",\"itemListElement\":[{\"@type\":\"ListItem\",\"position\":1,\"name\":\"Accueil\",\"item\":\"https:\\\/\\\/perle-in.com\\\/\"},{\"@type\":\"ListItem\",\"position\":2,\"name\":\"Boutique\",\"item\":\"https:\\\/\\\/perle-in.com\\\/boutique\\\/\"},{\"@type\":\"ListItem\",\"position\":3,\"name\":\"Serviette Charlotte de 50 x 100\u00a0cm en coton de 450\u00a0g\\\/m\u00b2\"}]},{\"@type\":\"WebSite\",\"@id\":\"https:\\\/\\\/perle-in.com\\\/#website\",\"url\":\"https:\\\/\\\/perle-in.com\\\/\",\"name\":\"PERLE IN\",\"description\":\"\",\"publisher\":{\"@id\":\"https:\\\/\\\/perle-in.com\\\/#organization\"},\"potentialAction\":[{\"@type\":\"SearchAction\",\"target\":{\"@type\":\"EntryPoint\",\"urlTemplate\":\"https:\\\/\\\/perle-in.com\\\/?s={search_term_string}\"},\"query-input\":{\"@type\":\"PropertyValueSpecification\",\"valueRequired\":true,\"valueName\":\"search_term_string\"}}],\"inLanguage\":\"en-CA\"},{\"@type\":\"Organization\",\"@id\":\"https:\\\/\\\/perle-in.com\\\/#organization\",\"name\":\"PERLE IN\",\"url\":\"https:\\\/\\\/perle-in.com\\\/\",\"logo\":{\"@type\":\"ImageObject\",\"inLanguage\":\"en-CA\",\"@id\":\"https:\\\/\\\/perle-in.com\\\/#\\\/schema\\\/logo\\\/image\\\/\",\"url\":\"https:\\\/\\\/perle-in.com\\\/wp-content\\\/uploads\\\/2022\\\/12\\\/LOGO-PERLE-IN-COULEUR@3x.webp\",\"contentUrl\":\"https:\\\/\\\/perle-in.com\\\/wp-content\\\/uploads\\\/2022\\\/12\\\/LOGO-PERLE-IN-COULEUR@3x.webp\",\"width\":1600,\"height\":490,\"caption\":\"PERLE IN\"},\"image\":{\"@id\":\"https:\\\/\\\/perle-in.com\\\/#\\\/schema\\\/logo\\\/image\\\/\"}}]}<\/script>\n<!-- \/ Yoast SEO plugin. -->","yoast_head_json":{"title":"Serviette Charlotte de 50 x 100\u00a0cm en coton de 450\u00a0g\/m\u00b2 - PERLE IN","robots":{"index":"noindex","follow":"follow","max-snippet":"max-snippet:-1","max-image-preview":"max-image-preview:large","max-video-preview":"max-video-preview:-1"},"og_locale":"en_US","og_type":"article","og_title":"Serviette Charlotte de 50 x 100\u00a0cm en coton de 450\u00a0g\/m\u00b2 - PERLE IN","og_description":"Cette serviette de haute qualit\u00e9 et durable de 450\u00a0g\/m\u00b2 propose une \u00e9paisseur agr\u00e9able, un toucher soyeux et se r\u00e9v\u00e8le tr\u00e8s douce sur la peau. Cet article est certifi\u00e9 STANDARD\u00a0100 by OEKO-TEX\u00ae. Cette certification garantit que le produit textile a \u00e9t\u00e9 fabriqu\u00e9 \u00e0 l'aide de proc\u00e9d\u00e9s durables, dans des conditions de travail respectueuses de l'environnement et socialement responsables, et qu'il est exempt de produits chimiques ou de mati\u00e8res synth\u00e9tiques nocives. Disponible dans plusieurs couleurs magnifiques pour parfaire la d\u00e9coration de tout type de salle de bain, dans une maison ou un h\u00f4tel. La serviette est teinte avec un proc\u00e9d\u00e9 de teinture sans eau qui r\u00e9duit la demande en eau douce. Cela \u00e9vite \u00e9galement la production de gros volumes d'eau pollu\u00e9e, caract\u00e9ristiques des proc\u00e9d\u00e9s de teinture \u00e0 base d'eau. Dimensions de la serviette\u00a0: 50 x 100\u00a0cm. Fabriqu\u00e9e en Europe.","og_url":"https:\/\/perle-in.com\/en\/product\/serviette-charlotte-de-50-x-100-cm-en-coton-de-450-g-m\u00b2\/","og_site_name":"PERLE IN","article_modified_time":"2025-10-19T03:45:18+00:00","og_image":[{"width":1600,"height":1600,"url":"https:\/\/perle-in.com\/wp-content\/uploads\/2025\/10\/11700101-1.jpg","type":"image\/jpeg"}],"twitter_card":"summary_large_image","schema":{"@context":"https:\/\/schema.org","@graph":[{"@type":"WebPage","@id":"https:\/\/perle-in.com\/produit\/serviette-charlotte-de-50-x-100-cm-en-coton-de-450-g-m%c2%b2\/","url":"https:\/\/perle-in.com\/produit\/serviette-charlotte-de-50-x-100-cm-en-coton-de-450-g-m%c2%b2\/","name":"Serviette Charlotte de 50 x 100\u00a0cm en coton de 450\u00a0g\/m\u00b2 - PERLE IN","isPartOf":{"@id":"https:\/\/perle-in.com\/#website"},"primaryImageOfPage":{"@id":"https:\/\/perle-in.com\/produit\/serviette-charlotte-de-50-x-100-cm-en-coton-de-450-g-m%c2%b2\/#primaryimage"},"image":{"@id":"https:\/\/perle-in.com\/produit\/serviette-charlotte-de-50-x-100-cm-en-coton-de-450-g-m%c2%b2\/#primaryimage"},"thumbnailUrl":"https:\/\/perle-in.com\/wp-content\/uploads\/2025\/10\/11700101-1.jpg","datePublished":"2025-10-14T19:25:26+00:00","dateModified":"2025-10-19T03:45:18+00:00","breadcrumb":{"@id":"https:\/\/perle-in.com\/produit\/serviette-charlotte-de-50-x-100-cm-en-coton-de-450-g-m%c2%b2\/#breadcrumb"},"inLanguage":"en-CA","potentialAction":[{"@type":"ReadAction","target":["https:\/\/perle-in.com\/produit\/serviette-charlotte-de-50-x-100-cm-en-coton-de-450-g-m%c2%b2\/"]}]},{"@type":"ImageObject","inLanguage":"en-CA","@id":"https:\/\/perle-in.com\/produit\/serviette-charlotte-de-50-x-100-cm-en-coton-de-450-g-m%c2%b2\/#primaryimage","url":"https:\/\/perle-in.com\/wp-content\/uploads\/2025\/10\/11700101-1.jpg","contentUrl":"https:\/\/perle-in.com\/wp-content\/uploads\/2025\/10\/11700101-1.jpg","width":1600,"height":1600},{"@type":"BreadcrumbList","@id":"https:\/\/perle-in.com\/produit\/serviette-charlotte-de-50-x-100-cm-en-coton-de-450-g-m%c2%b2\/#breadcrumb","itemListElement":[{"@type":"ListItem","position":1,"name":"Accueil","item":"https:\/\/perle-in.com\/"},{"@type":"ListItem","position":2,"name":"Boutique","item":"https:\/\/perle-in.com\/boutique\/"},{"@type":"ListItem","position":3,"name":"Serviette Charlotte de 50 x 100\u00a0cm en coton de 450\u00a0g\/m\u00b2"}]},{"@type":"WebSite","@id":"https:\/\/perle-in.com\/#website","url":"https:\/\/perle-in.com\/","name":"PERLE IN","description":"","publisher":{"@id":"https:\/\/perle-in.com\/#organization"},"potentialAction":[{"@type":"SearchAction","target":{"@type":"EntryPoint","urlTemplate":"https:\/\/perle-in.com\/?s={search_term_string}"},"query-input":{"@type":"PropertyValueSpecification","valueRequired":true,"valueName":"search_term_string"}}],"inLanguage":"en-CA"},{"@type":"Organization","@id":"https:\/\/perle-in.com\/#organization","name":"PERLE IN","url":"https:\/\/perle-in.com\/","logo":{"@type":"ImageObject","inLanguage":"en-CA","@id":"https:\/\/perle-in.com\/#\/schema\/logo\/image\/","url":"https:\/\/perle-in.com\/wp-content\/uploads\/2022\/12\/LOGO-PERLE-IN-COULEUR@3x.webp","contentUrl":"https:\/\/perle-in.com\/wp-content\/uploads\/2022\/12\/LOGO-PERLE-IN-COULEUR@3x.webp","width":1600,"height":490,"caption":"PERLE IN"},"image":{"@id":"https:\/\/perle-in.com\/#\/schema\/logo\/image\/"}}]}},"jetpack_sharing_enabled":true,"_links":{"self":[{"href":"https:\/\/perle-in.com\/en\/wp-json\/wp\/v2\/product\/536090","targetHints":{"allow":["GET"]}}],"collection":[{"href":"https:\/\/perle-in.com\/en\/wp-json\/wp\/v2\/product"}],"about":[{"href":"https:\/\/perle-in.com\/en\/wp-json\/wp\/v2\/types\/product"}],"version-history":[{"count":0,"href":"https:\/\/perle-in.com\/en\/wp-json\/wp\/v2\/product\/536090\/revisions"}],"wp:featuredmedia":[{"embeddable":true,"href":"https:\/\/perle-in.com\/en\/wp-json\/wp\/v2\/media\/536079"}],"wp:attachment":[{"href":"https:\/\/perle-in.com\/en\/wp-json\/wp\/v2\/media?parent=536090"}],"wp:term":[{"taxonomy":"product_brand","embeddable":true,"href":"https:\/\/perle-in.com\/en\/wp-json\/wp\/v2\/product_brand?post=536090"},{"taxonomy":"product_cat","embeddable":true,"href":"https:\/\/perle-in.com\/en\/wp-json\/wp\/v2\/product_cat?post=536090"},{"taxonomy":"product_tag","embeddable":true,"href":"https:\/\/perle-in.com\/en\/wp-json\/wp\/v2\/product_tag?post=536090"}],"curies":[{"name":"wp","href":"https:\/\/api.w.org\/{rel}","templated":true}]}}