{"id":536059,"date":"2025-10-14T21:23:28","date_gmt":"2025-10-14T19:23:28","guid":{"rendered":"https:\/\/perle-in.com\/produit\/harnais-et-gilet-de-securite-reflechissants-de-securite-desiree-rfx\/"},"modified":"2025-10-19T05:45:26","modified_gmt":"2025-10-19T03:45:26","slug":"harnais-et-gilet-de-securite-reflechissants-de-securite-desiree-rfx","status":"publish","type":"product","link":"https:\/\/perle-in.com\/en\/product\/harnais-et-gilet-de-securite-reflechissants-de-securite-desiree-rfx\/","title":{"rendered":"Harnais et gilet de s\u00e9curit\u00e9 r\u00e9fl\u00e9chissants de s\u00e9curit\u00e9 Desiree RFX\u2122"},"content":{"rendered":"","protected":false},"excerpt":{"rendered":"<p>Harnais de s\u00e9curit\u00e9 r\u00e9fl\u00e9chissant et gilet en tissu \u00e9lastique ultra l\u00e9ger et confortable, avec une partie r\u00e9fl\u00e9chissante de 3,5\u00a0cm de large \u00e0 l&#8217;avant et \u00e0 l&#8217;arri\u00e8re. Les bandes \u00e9lastiques et la boucle sont r\u00e9glables pour que le gilet s&#8217;adapte correctement. Les bandes r\u00e9fl\u00e9chissantes s&#8217;illuminent dans l&#8217;obscurit\u00e9 pour que vous soyez bien visible \u00e0 tout moment. Id\u00e9al pour le v\u00e9lo, la course \u00e0 pied ou la marche. Ces v\u00eatements portent le marquage CE pour d\u00e9montrer leur conformit\u00e9 \u00e0 la r\u00e9glementation europ\u00e9enne 2016\/425\/EU, \u00e9quipement de protection individuelle de cat\u00e9gorie II.<\/p>","protected":false},"featured_media":536053,"template":"","meta":{"_eb_attr":""},"product_brand":[],"product_cat":[439,438],"product_tag":[737,1960,3118,686,685,735],"class_list":{"0":"post-536059","1":"product","2":"type-product","3":"status-publish","4":"has-post-thumbnail","6":"product_cat-articles-rflchissants","7":"product_cat-outils-et-accessoires-pour-la-voiture","8":"product_tag-exterieur","9":"product_tag-gilet","10":"product_tag-harnais","11":"product_tag-reflechissant","12":"product_tag-securite","13":"product_tag-visibilite","14":"pa_couleurs-noir","16":"first","17":"instock","18":"sale","19":"shipping-taxable","20":"purchasable","21":"product-type-variable"},"yoast_head":"<!-- This site is optimized with the Yoast SEO plugin v27.4 - https:\/\/yoast.com\/product\/yoast-seo-wordpress\/ -->\n<title>Harnais et gilet de s\u00e9curit\u00e9 r\u00e9fl\u00e9chissants de s\u00e9curit\u00e9 Desiree RFX\u2122 - PERLE IN<\/title>\n<meta name=\"robots\" content=\"noindex, follow, max-snippet:-1, max-image-preview:large, max-video-preview:-1\" \/>\n<meta property=\"og:locale\" content=\"en_US\" \/>\n<meta property=\"og:type\" content=\"article\" \/>\n<meta property=\"og:title\" content=\"Harnais et gilet de s\u00e9curit\u00e9 r\u00e9fl\u00e9chissants de s\u00e9curit\u00e9 Desiree RFX\u2122 - PERLE IN\" \/>\n<meta property=\"og:description\" content=\"Harnais de s\u00e9curit\u00e9 r\u00e9fl\u00e9chissant et gilet en tissu \u00e9lastique ultra l\u00e9ger et confortable, avec une partie r\u00e9fl\u00e9chissante de 3,5\u00a0cm de large \u00e0 l&#039;avant et \u00e0 l&#039;arri\u00e8re. Les bandes \u00e9lastiques et la boucle sont r\u00e9glables pour que le gilet s&#039;adapte correctement. Les bandes r\u00e9fl\u00e9chissantes s&#039;illuminent dans l&#039;obscurit\u00e9 pour que vous soyez bien visible \u00e0 tout moment. Id\u00e9al pour le v\u00e9lo, la course \u00e0 pied ou la marche. Ces v\u00eatements portent le marquage CE pour d\u00e9montrer leur conformit\u00e9 \u00e0 la r\u00e9glementation europ\u00e9enne 2016\/425\/EU, \u00e9quipement de protection individuelle de cat\u00e9gorie II.\" \/>\n<meta property=\"og:url\" content=\"https:\/\/perle-in.com\/en\/product\/harnais-et-gilet-de-securite-reflechissants-de-securite-desiree-rfx\/\" \/>\n<meta property=\"og:site_name\" content=\"PERLE IN\" \/>\n<meta property=\"article:modified_time\" content=\"2025-10-19T03:45:26+00:00\" \/>\n<meta property=\"og:image\" content=\"https:\/\/perle-in.com\/wp-content\/uploads\/2025\/10\/12205390-1.jpg\" \/>\n\t<meta property=\"og:image:width\" content=\"1600\" \/>\n\t<meta property=\"og:image:height\" content=\"1600\" \/>\n\t<meta property=\"og:image:type\" content=\"image\/jpeg\" \/>\n<meta name=\"twitter:card\" content=\"summary_large_image\" \/>\n<script type=\"application\/ld+json\" class=\"yoast-schema-graph\">{\"@context\":\"https:\\\/\\\/schema.org\",\"@graph\":[{\"@type\":\"WebPage\",\"@id\":\"https:\\\/\\\/perle-in.com\\\/en\\\/product\\\/harnais-et-gilet-de-securite-reflechissants-de-securite-desiree-rfx\\\/\",\"url\":\"https:\\\/\\\/perle-in.com\\\/en\\\/product\\\/harnais-et-gilet-de-securite-reflechissants-de-securite-desiree-rfx\\\/\",\"name\":\"Harnais et gilet de s\u00e9curit\u00e9 r\u00e9fl\u00e9chissants de s\u00e9curit\u00e9 Desiree RFX\u2122 - PERLE IN\",\"isPartOf\":{\"@id\":\"https:\\\/\\\/perle-in.com\\\/#website\"},\"primaryImageOfPage\":{\"@id\":\"https:\\\/\\\/perle-in.com\\\/en\\\/product\\\/harnais-et-gilet-de-securite-reflechissants-de-securite-desiree-rfx\\\/#primaryimage\"},\"image\":{\"@id\":\"https:\\\/\\\/perle-in.com\\\/en\\\/product\\\/harnais-et-gilet-de-securite-reflechissants-de-securite-desiree-rfx\\\/#primaryimage\"},\"thumbnailUrl\":\"https:\\\/\\\/perle-in.com\\\/wp-content\\\/uploads\\\/2025\\\/10\\\/12205390-1.jpg\",\"datePublished\":\"2025-10-14T19:23:28+00:00\",\"dateModified\":\"2025-10-19T03:45:26+00:00\",\"breadcrumb\":{\"@id\":\"https:\\\/\\\/perle-in.com\\\/en\\\/product\\\/harnais-et-gilet-de-securite-reflechissants-de-securite-desiree-rfx\\\/#breadcrumb\"},\"inLanguage\":\"en-CA\",\"potentialAction\":[{\"@type\":\"ReadAction\",\"target\":[\"https:\\\/\\\/perle-in.com\\\/en\\\/product\\\/harnais-et-gilet-de-securite-reflechissants-de-securite-desiree-rfx\\\/\"]}]},{\"@type\":\"ImageObject\",\"inLanguage\":\"en-CA\",\"@id\":\"https:\\\/\\\/perle-in.com\\\/en\\\/product\\\/harnais-et-gilet-de-securite-reflechissants-de-securite-desiree-rfx\\\/#primaryimage\",\"url\":\"https:\\\/\\\/perle-in.com\\\/wp-content\\\/uploads\\\/2025\\\/10\\\/12205390-1.jpg\",\"contentUrl\":\"https:\\\/\\\/perle-in.com\\\/wp-content\\\/uploads\\\/2025\\\/10\\\/12205390-1.jpg\",\"width\":1600,\"height\":1600},{\"@type\":\"BreadcrumbList\",\"@id\":\"https:\\\/\\\/perle-in.com\\\/en\\\/product\\\/harnais-et-gilet-de-securite-reflechissants-de-securite-desiree-rfx\\\/#breadcrumb\",\"itemListElement\":[{\"@type\":\"ListItem\",\"position\":1,\"name\":\"Accueil\",\"item\":\"https:\\\/\\\/perle-in.com\\\/\"},{\"@type\":\"ListItem\",\"position\":2,\"name\":\"Boutique\",\"item\":\"https:\\\/\\\/perle-in.com\\\/boutique\\\/\"},{\"@type\":\"ListItem\",\"position\":3,\"name\":\"Harnais et gilet de s\u00e9curit\u00e9 r\u00e9fl\u00e9chissants de s\u00e9curit\u00e9 Desiree RFX\u2122\"}]},{\"@type\":\"WebSite\",\"@id\":\"https:\\\/\\\/perle-in.com\\\/#website\",\"url\":\"https:\\\/\\\/perle-in.com\\\/\",\"name\":\"PERLE IN\",\"description\":\"\",\"publisher\":{\"@id\":\"https:\\\/\\\/perle-in.com\\\/#organization\"},\"potentialAction\":[{\"@type\":\"SearchAction\",\"target\":{\"@type\":\"EntryPoint\",\"urlTemplate\":\"https:\\\/\\\/perle-in.com\\\/?s={search_term_string}\"},\"query-input\":{\"@type\":\"PropertyValueSpecification\",\"valueRequired\":true,\"valueName\":\"search_term_string\"}}],\"inLanguage\":\"en-CA\"},{\"@type\":\"Organization\",\"@id\":\"https:\\\/\\\/perle-in.com\\\/#organization\",\"name\":\"PERLE IN\",\"url\":\"https:\\\/\\\/perle-in.com\\\/\",\"logo\":{\"@type\":\"ImageObject\",\"inLanguage\":\"en-CA\",\"@id\":\"https:\\\/\\\/perle-in.com\\\/#\\\/schema\\\/logo\\\/image\\\/\",\"url\":\"https:\\\/\\\/perle-in.com\\\/wp-content\\\/uploads\\\/2022\\\/12\\\/LOGO-PERLE-IN-COULEUR@3x.webp\",\"contentUrl\":\"https:\\\/\\\/perle-in.com\\\/wp-content\\\/uploads\\\/2022\\\/12\\\/LOGO-PERLE-IN-COULEUR@3x.webp\",\"width\":1600,\"height\":490,\"caption\":\"PERLE IN\"},\"image\":{\"@id\":\"https:\\\/\\\/perle-in.com\\\/#\\\/schema\\\/logo\\\/image\\\/\"}}]}<\/script>\n<!-- \/ Yoast SEO plugin. -->","yoast_head_json":{"title":"Harnais et gilet de s\u00e9curit\u00e9 r\u00e9fl\u00e9chissants de s\u00e9curit\u00e9 Desiree RFX\u2122 - PERLE IN","robots":{"index":"noindex","follow":"follow","max-snippet":"max-snippet:-1","max-image-preview":"max-image-preview:large","max-video-preview":"max-video-preview:-1"},"og_locale":"en_US","og_type":"article","og_title":"Harnais et gilet de s\u00e9curit\u00e9 r\u00e9fl\u00e9chissants de s\u00e9curit\u00e9 Desiree RFX\u2122 - PERLE IN","og_description":"Harnais de s\u00e9curit\u00e9 r\u00e9fl\u00e9chissant et gilet en tissu \u00e9lastique ultra l\u00e9ger et confortable, avec une partie r\u00e9fl\u00e9chissante de 3,5\u00a0cm de large \u00e0 l'avant et \u00e0 l'arri\u00e8re. Les bandes \u00e9lastiques et la boucle sont r\u00e9glables pour que le gilet s'adapte correctement. Les bandes r\u00e9fl\u00e9chissantes s'illuminent dans l'obscurit\u00e9 pour que vous soyez bien visible \u00e0 tout moment. Id\u00e9al pour le v\u00e9lo, la course \u00e0 pied ou la marche. Ces v\u00eatements portent le marquage CE pour d\u00e9montrer leur conformit\u00e9 \u00e0 la r\u00e9glementation europ\u00e9enne 2016\/425\/EU, \u00e9quipement de protection individuelle de cat\u00e9gorie II.","og_url":"https:\/\/perle-in.com\/en\/product\/harnais-et-gilet-de-securite-reflechissants-de-securite-desiree-rfx\/","og_site_name":"PERLE IN","article_modified_time":"2025-10-19T03:45:26+00:00","og_image":[{"width":1600,"height":1600,"url":"https:\/\/perle-in.com\/wp-content\/uploads\/2025\/10\/12205390-1.jpg","type":"image\/jpeg"}],"twitter_card":"summary_large_image","schema":{"@context":"https:\/\/schema.org","@graph":[{"@type":"WebPage","@id":"https:\/\/perle-in.com\/en\/product\/harnais-et-gilet-de-securite-reflechissants-de-securite-desiree-rfx\/","url":"https:\/\/perle-in.com\/en\/product\/harnais-et-gilet-de-securite-reflechissants-de-securite-desiree-rfx\/","name":"Harnais et gilet de s\u00e9curit\u00e9 r\u00e9fl\u00e9chissants de s\u00e9curit\u00e9 Desiree RFX\u2122 - PERLE IN","isPartOf":{"@id":"https:\/\/perle-in.com\/#website"},"primaryImageOfPage":{"@id":"https:\/\/perle-in.com\/en\/product\/harnais-et-gilet-de-securite-reflechissants-de-securite-desiree-rfx\/#primaryimage"},"image":{"@id":"https:\/\/perle-in.com\/en\/product\/harnais-et-gilet-de-securite-reflechissants-de-securite-desiree-rfx\/#primaryimage"},"thumbnailUrl":"https:\/\/perle-in.com\/wp-content\/uploads\/2025\/10\/12205390-1.jpg","datePublished":"2025-10-14T19:23:28+00:00","dateModified":"2025-10-19T03:45:26+00:00","breadcrumb":{"@id":"https:\/\/perle-in.com\/en\/product\/harnais-et-gilet-de-securite-reflechissants-de-securite-desiree-rfx\/#breadcrumb"},"inLanguage":"en-CA","potentialAction":[{"@type":"ReadAction","target":["https:\/\/perle-in.com\/en\/product\/harnais-et-gilet-de-securite-reflechissants-de-securite-desiree-rfx\/"]}]},{"@type":"ImageObject","inLanguage":"en-CA","@id":"https:\/\/perle-in.com\/en\/product\/harnais-et-gilet-de-securite-reflechissants-de-securite-desiree-rfx\/#primaryimage","url":"https:\/\/perle-in.com\/wp-content\/uploads\/2025\/10\/12205390-1.jpg","contentUrl":"https:\/\/perle-in.com\/wp-content\/uploads\/2025\/10\/12205390-1.jpg","width":1600,"height":1600},{"@type":"BreadcrumbList","@id":"https:\/\/perle-in.com\/en\/product\/harnais-et-gilet-de-securite-reflechissants-de-securite-desiree-rfx\/#breadcrumb","itemListElement":[{"@type":"ListItem","position":1,"name":"Accueil","item":"https:\/\/perle-in.com\/"},{"@type":"ListItem","position":2,"name":"Boutique","item":"https:\/\/perle-in.com\/boutique\/"},{"@type":"ListItem","position":3,"name":"Harnais et gilet de s\u00e9curit\u00e9 r\u00e9fl\u00e9chissants de s\u00e9curit\u00e9 Desiree RFX\u2122"}]},{"@type":"WebSite","@id":"https:\/\/perle-in.com\/#website","url":"https:\/\/perle-in.com\/","name":"PERLE IN","description":"","publisher":{"@id":"https:\/\/perle-in.com\/#organization"},"potentialAction":[{"@type":"SearchAction","target":{"@type":"EntryPoint","urlTemplate":"https:\/\/perle-in.com\/?s={search_term_string}"},"query-input":{"@type":"PropertyValueSpecification","valueRequired":true,"valueName":"search_term_string"}}],"inLanguage":"en-CA"},{"@type":"Organization","@id":"https:\/\/perle-in.com\/#organization","name":"PERLE IN","url":"https:\/\/perle-in.com\/","logo":{"@type":"ImageObject","inLanguage":"en-CA","@id":"https:\/\/perle-in.com\/#\/schema\/logo\/image\/","url":"https:\/\/perle-in.com\/wp-content\/uploads\/2022\/12\/LOGO-PERLE-IN-COULEUR@3x.webp","contentUrl":"https:\/\/perle-in.com\/wp-content\/uploads\/2022\/12\/LOGO-PERLE-IN-COULEUR@3x.webp","width":1600,"height":490,"caption":"PERLE IN"},"image":{"@id":"https:\/\/perle-in.com\/#\/schema\/logo\/image\/"}}]}},"jetpack_sharing_enabled":true,"_links":{"self":[{"href":"https:\/\/perle-in.com\/en\/wp-json\/wp\/v2\/product\/536059","targetHints":{"allow":["GET"]}}],"collection":[{"href":"https:\/\/perle-in.com\/en\/wp-json\/wp\/v2\/product"}],"about":[{"href":"https:\/\/perle-in.com\/en\/wp-json\/wp\/v2\/types\/product"}],"version-history":[{"count":0,"href":"https:\/\/perle-in.com\/en\/wp-json\/wp\/v2\/product\/536059\/revisions"}],"wp:featuredmedia":[{"embeddable":true,"href":"https:\/\/perle-in.com\/en\/wp-json\/wp\/v2\/media\/536053"}],"wp:attachment":[{"href":"https:\/\/perle-in.com\/en\/wp-json\/wp\/v2\/media?parent=536059"}],"wp:term":[{"taxonomy":"product_brand","embeddable":true,"href":"https:\/\/perle-in.com\/en\/wp-json\/wp\/v2\/product_brand?post=536059"},{"taxonomy":"product_cat","embeddable":true,"href":"https:\/\/perle-in.com\/en\/wp-json\/wp\/v2\/product_cat?post=536059"},{"taxonomy":"product_tag","embeddable":true,"href":"https:\/\/perle-in.com\/en\/wp-json\/wp\/v2\/product_tag?post=536059"}],"curies":[{"name":"wp","href":"https:\/\/api.w.org\/{rel}","templated":true}]}}