{"id":535914,"date":"2025-10-14T21:13:32","date_gmt":"2025-10-14T19:13:32","guid":{"rendered":"https:\/\/perle-in.com\/produit\/boite-dechantillons-pour-sublimation\/"},"modified":"2025-10-19T05:45:04","modified_gmt":"2025-10-19T03:45:04","slug":"boite-dechantillons-pour-sublimation","status":"publish","type":"product","link":"https:\/\/perle-in.com\/en\/product\/boite-dechantillons-pour-sublimation\/","title":{"rendered":"Bo\u00eete d&#8217;\u00e9chantillons pour sublimation"},"content":{"rendered":"","protected":false},"excerpt":{"rendered":"<p>Bo\u00eete d&#8217;\u00e9chantillons pour sublimation comprenant 3\u00a0sacs \u00e0 l\u00e9gumes de diff\u00e9rentes tailles (15\u00a0x\u00a021\u00a0cm &#8211; 1PL035, 25\u00a0x\u00a032\u00a0cm &#8211; 1PL036, 30\u00a0x\u00a041\u00a0cm &#8211; 1PL037), tous fabriqu\u00e9s en polyester recycl\u00e9 \u00e0 100\u00a0%. La bo\u00eete contient \u00e9galement une paire de lacets de chaussure (98\u00a0x 1 cm), un tour de cou (49\u00a0x\u00a023\u00a0cm), un chiffon de nettoyage (18\u00a0x\u00a018\u00a0cm), une sangle \u00e0 bagages (154\u00a0x\u00a04\u00a0cm), un tour de cou avec crochet (98\u00a0x\u00a02\u00a0cm), 2\u00a0tours de cou avec boucle de s\u00e9curit\u00e9 et crochet (104\u00a0x\u00a02,5\u00a0cm\/94\u00a0x\u00a01,5\u00a0cm), un porte-cl\u00e9s (34\u00a0x\u00a01,5\u00a0cm), un bracelet avec curseur de verrouillage (32\u00a0x\u00a01,5\u00a0cm) et un bracelet avec curseur de verrouillage amovible (32\u00a0x\u00a01,5\u00a0cm). Fabriqu\u00e9 en Europe.<\/p>","protected":false},"featured_media":535905,"template":"","meta":{"_eb_attr":""},"product_brand":[],"product_cat":[279,129],"product_tag":[925,440,841,837,946,3103,3105,1021,3104,3106,921,481],"class_list":{"0":"post-535914","1":"product","2":"type-product","3":"status-publish","4":"has-post-thumbnail","6":"product_cat-articles-dextrieur","7":"product_cat-sport-et-loisirs","8":"product_tag-bandana","9":"product_tag-bracelet","10":"product_tag-chiffon-de-nettoyage","11":"product_tag-durable","12":"product_tag-green-concept","13":"product_tag-kit-echantillon","14":"product_tag-lacets-de-chaussures","15":"product_tag-porte-cles","16":"product_tag-sac-a-legumes","17":"product_tag-sangle-a-bagages","18":"product_tag-sublimation","19":"product_tag-tour-de-cou","20":"pa_couleurs-blanc","22":"first","23":"instock","24":"shipping-taxable","25":"purchasable","26":"product-type-variable"},"yoast_head":"<!-- This site is optimized with the Yoast SEO plugin v27.4 - https:\/\/yoast.com\/product\/yoast-seo-wordpress\/ -->\n<title>Bo\u00eete d&#039;\u00e9chantillons pour sublimation - PERLE IN<\/title>\n<meta name=\"robots\" content=\"noindex, follow, max-snippet:-1, max-image-preview:large, max-video-preview:-1\" \/>\n<meta property=\"og:locale\" content=\"en_US\" \/>\n<meta property=\"og:type\" content=\"article\" \/>\n<meta property=\"og:title\" content=\"Bo\u00eete d&#039;\u00e9chantillons pour sublimation - PERLE IN\" \/>\n<meta property=\"og:description\" content=\"Bo\u00eete d&#039;\u00e9chantillons pour sublimation comprenant 3\u00a0sacs \u00e0 l\u00e9gumes de diff\u00e9rentes tailles (15\u00a0x\u00a021\u00a0cm - 1PL035, 25\u00a0x\u00a032\u00a0cm - 1PL036, 30\u00a0x\u00a041\u00a0cm - 1PL037), tous fabriqu\u00e9s en polyester recycl\u00e9 \u00e0 100\u00a0%. La bo\u00eete contient \u00e9galement une paire de lacets de chaussure (98\u00a0x 1 cm), un tour de cou (49\u00a0x\u00a023\u00a0cm), un chiffon de nettoyage (18\u00a0x\u00a018\u00a0cm), une sangle \u00e0 bagages (154\u00a0x\u00a04\u00a0cm), un tour de cou avec crochet (98\u00a0x\u00a02\u00a0cm), 2\u00a0tours de cou avec boucle de s\u00e9curit\u00e9 et crochet (104\u00a0x\u00a02,5\u00a0cm\/94\u00a0x\u00a01,5\u00a0cm), un porte-cl\u00e9s (34\u00a0x\u00a01,5\u00a0cm), un bracelet avec curseur de verrouillage (32\u00a0x\u00a01,5\u00a0cm) et un bracelet avec curseur de verrouillage amovible (32\u00a0x\u00a01,5\u00a0cm). Fabriqu\u00e9 en Europe.\" \/>\n<meta property=\"og:url\" content=\"https:\/\/perle-in.com\/en\/product\/boite-dechantillons-pour-sublimation\/\" \/>\n<meta property=\"og:site_name\" content=\"PERLE IN\" \/>\n<meta property=\"article:modified_time\" content=\"2025-10-19T03:45:04+00:00\" \/>\n<meta property=\"og:image\" content=\"https:\/\/perle-in.com\/wp-content\/uploads\/2025\/10\/1PW00201-1.jpg\" \/>\n\t<meta property=\"og:image:width\" content=\"1600\" \/>\n\t<meta property=\"og:image:height\" content=\"1600\" \/>\n\t<meta property=\"og:image:type\" content=\"image\/jpeg\" \/>\n<meta name=\"twitter:card\" content=\"summary_large_image\" \/>\n<script type=\"application\/ld+json\" class=\"yoast-schema-graph\">{\"@context\":\"https:\\\/\\\/schema.org\",\"@graph\":[{\"@type\":\"WebPage\",\"@id\":\"https:\\\/\\\/perle-in.com\\\/produit\\\/boite-dechantillons-pour-sublimation\\\/\",\"url\":\"https:\\\/\\\/perle-in.com\\\/produit\\\/boite-dechantillons-pour-sublimation\\\/\",\"name\":\"Bo\u00eete d'\u00e9chantillons pour sublimation - PERLE IN\",\"isPartOf\":{\"@id\":\"https:\\\/\\\/perle-in.com\\\/#website\"},\"primaryImageOfPage\":{\"@id\":\"https:\\\/\\\/perle-in.com\\\/produit\\\/boite-dechantillons-pour-sublimation\\\/#primaryimage\"},\"image\":{\"@id\":\"https:\\\/\\\/perle-in.com\\\/produit\\\/boite-dechantillons-pour-sublimation\\\/#primaryimage\"},\"thumbnailUrl\":\"https:\\\/\\\/perle-in.com\\\/wp-content\\\/uploads\\\/2025\\\/10\\\/1PW00201-1.jpg\",\"datePublished\":\"2025-10-14T19:13:32+00:00\",\"dateModified\":\"2025-10-19T03:45:04+00:00\",\"breadcrumb\":{\"@id\":\"https:\\\/\\\/perle-in.com\\\/produit\\\/boite-dechantillons-pour-sublimation\\\/#breadcrumb\"},\"inLanguage\":\"en-CA\",\"potentialAction\":[{\"@type\":\"ReadAction\",\"target\":[\"https:\\\/\\\/perle-in.com\\\/produit\\\/boite-dechantillons-pour-sublimation\\\/\"]}]},{\"@type\":\"ImageObject\",\"inLanguage\":\"en-CA\",\"@id\":\"https:\\\/\\\/perle-in.com\\\/produit\\\/boite-dechantillons-pour-sublimation\\\/#primaryimage\",\"url\":\"https:\\\/\\\/perle-in.com\\\/wp-content\\\/uploads\\\/2025\\\/10\\\/1PW00201-1.jpg\",\"contentUrl\":\"https:\\\/\\\/perle-in.com\\\/wp-content\\\/uploads\\\/2025\\\/10\\\/1PW00201-1.jpg\",\"width\":1600,\"height\":1600},{\"@type\":\"BreadcrumbList\",\"@id\":\"https:\\\/\\\/perle-in.com\\\/produit\\\/boite-dechantillons-pour-sublimation\\\/#breadcrumb\",\"itemListElement\":[{\"@type\":\"ListItem\",\"position\":1,\"name\":\"Accueil\",\"item\":\"https:\\\/\\\/perle-in.com\\\/\"},{\"@type\":\"ListItem\",\"position\":2,\"name\":\"Boutique\",\"item\":\"https:\\\/\\\/perle-in.com\\\/boutique\\\/\"},{\"@type\":\"ListItem\",\"position\":3,\"name\":\"Bo\u00eete d&#8217;\u00e9chantillons pour sublimation\"}]},{\"@type\":\"WebSite\",\"@id\":\"https:\\\/\\\/perle-in.com\\\/#website\",\"url\":\"https:\\\/\\\/perle-in.com\\\/\",\"name\":\"PERLE IN\",\"description\":\"\",\"publisher\":{\"@id\":\"https:\\\/\\\/perle-in.com\\\/#organization\"},\"potentialAction\":[{\"@type\":\"SearchAction\",\"target\":{\"@type\":\"EntryPoint\",\"urlTemplate\":\"https:\\\/\\\/perle-in.com\\\/?s={search_term_string}\"},\"query-input\":{\"@type\":\"PropertyValueSpecification\",\"valueRequired\":true,\"valueName\":\"search_term_string\"}}],\"inLanguage\":\"en-CA\"},{\"@type\":\"Organization\",\"@id\":\"https:\\\/\\\/perle-in.com\\\/#organization\",\"name\":\"PERLE IN\",\"url\":\"https:\\\/\\\/perle-in.com\\\/\",\"logo\":{\"@type\":\"ImageObject\",\"inLanguage\":\"en-CA\",\"@id\":\"https:\\\/\\\/perle-in.com\\\/#\\\/schema\\\/logo\\\/image\\\/\",\"url\":\"https:\\\/\\\/perle-in.com\\\/wp-content\\\/uploads\\\/2022\\\/12\\\/LOGO-PERLE-IN-COULEUR@3x.webp\",\"contentUrl\":\"https:\\\/\\\/perle-in.com\\\/wp-content\\\/uploads\\\/2022\\\/12\\\/LOGO-PERLE-IN-COULEUR@3x.webp\",\"width\":1600,\"height\":490,\"caption\":\"PERLE IN\"},\"image\":{\"@id\":\"https:\\\/\\\/perle-in.com\\\/#\\\/schema\\\/logo\\\/image\\\/\"}}]}<\/script>\n<!-- \/ Yoast SEO plugin. -->","yoast_head_json":{"title":"Bo\u00eete d'\u00e9chantillons pour sublimation - PERLE IN","robots":{"index":"noindex","follow":"follow","max-snippet":"max-snippet:-1","max-image-preview":"max-image-preview:large","max-video-preview":"max-video-preview:-1"},"og_locale":"en_US","og_type":"article","og_title":"Bo\u00eete d'\u00e9chantillons pour sublimation - PERLE IN","og_description":"Bo\u00eete d'\u00e9chantillons pour sublimation comprenant 3\u00a0sacs \u00e0 l\u00e9gumes de diff\u00e9rentes tailles (15\u00a0x\u00a021\u00a0cm - 1PL035, 25\u00a0x\u00a032\u00a0cm - 1PL036, 30\u00a0x\u00a041\u00a0cm - 1PL037), tous fabriqu\u00e9s en polyester recycl\u00e9 \u00e0 100\u00a0%. La bo\u00eete contient \u00e9galement une paire de lacets de chaussure (98\u00a0x 1 cm), un tour de cou (49\u00a0x\u00a023\u00a0cm), un chiffon de nettoyage (18\u00a0x\u00a018\u00a0cm), une sangle \u00e0 bagages (154\u00a0x\u00a04\u00a0cm), un tour de cou avec crochet (98\u00a0x\u00a02\u00a0cm), 2\u00a0tours de cou avec boucle de s\u00e9curit\u00e9 et crochet (104\u00a0x\u00a02,5\u00a0cm\/94\u00a0x\u00a01,5\u00a0cm), un porte-cl\u00e9s (34\u00a0x\u00a01,5\u00a0cm), un bracelet avec curseur de verrouillage (32\u00a0x\u00a01,5\u00a0cm) et un bracelet avec curseur de verrouillage amovible (32\u00a0x\u00a01,5\u00a0cm). Fabriqu\u00e9 en Europe.","og_url":"https:\/\/perle-in.com\/en\/product\/boite-dechantillons-pour-sublimation\/","og_site_name":"PERLE IN","article_modified_time":"2025-10-19T03:45:04+00:00","og_image":[{"width":1600,"height":1600,"url":"https:\/\/perle-in.com\/wp-content\/uploads\/2025\/10\/1PW00201-1.jpg","type":"image\/jpeg"}],"twitter_card":"summary_large_image","schema":{"@context":"https:\/\/schema.org","@graph":[{"@type":"WebPage","@id":"https:\/\/perle-in.com\/produit\/boite-dechantillons-pour-sublimation\/","url":"https:\/\/perle-in.com\/produit\/boite-dechantillons-pour-sublimation\/","name":"Bo\u00eete d'\u00e9chantillons pour sublimation - PERLE IN","isPartOf":{"@id":"https:\/\/perle-in.com\/#website"},"primaryImageOfPage":{"@id":"https:\/\/perle-in.com\/produit\/boite-dechantillons-pour-sublimation\/#primaryimage"},"image":{"@id":"https:\/\/perle-in.com\/produit\/boite-dechantillons-pour-sublimation\/#primaryimage"},"thumbnailUrl":"https:\/\/perle-in.com\/wp-content\/uploads\/2025\/10\/1PW00201-1.jpg","datePublished":"2025-10-14T19:13:32+00:00","dateModified":"2025-10-19T03:45:04+00:00","breadcrumb":{"@id":"https:\/\/perle-in.com\/produit\/boite-dechantillons-pour-sublimation\/#breadcrumb"},"inLanguage":"en-CA","potentialAction":[{"@type":"ReadAction","target":["https:\/\/perle-in.com\/produit\/boite-dechantillons-pour-sublimation\/"]}]},{"@type":"ImageObject","inLanguage":"en-CA","@id":"https:\/\/perle-in.com\/produit\/boite-dechantillons-pour-sublimation\/#primaryimage","url":"https:\/\/perle-in.com\/wp-content\/uploads\/2025\/10\/1PW00201-1.jpg","contentUrl":"https:\/\/perle-in.com\/wp-content\/uploads\/2025\/10\/1PW00201-1.jpg","width":1600,"height":1600},{"@type":"BreadcrumbList","@id":"https:\/\/perle-in.com\/produit\/boite-dechantillons-pour-sublimation\/#breadcrumb","itemListElement":[{"@type":"ListItem","position":1,"name":"Accueil","item":"https:\/\/perle-in.com\/"},{"@type":"ListItem","position":2,"name":"Boutique","item":"https:\/\/perle-in.com\/boutique\/"},{"@type":"ListItem","position":3,"name":"Bo\u00eete d&#8217;\u00e9chantillons pour sublimation"}]},{"@type":"WebSite","@id":"https:\/\/perle-in.com\/#website","url":"https:\/\/perle-in.com\/","name":"PERLE IN","description":"","publisher":{"@id":"https:\/\/perle-in.com\/#organization"},"potentialAction":[{"@type":"SearchAction","target":{"@type":"EntryPoint","urlTemplate":"https:\/\/perle-in.com\/?s={search_term_string}"},"query-input":{"@type":"PropertyValueSpecification","valueRequired":true,"valueName":"search_term_string"}}],"inLanguage":"en-CA"},{"@type":"Organization","@id":"https:\/\/perle-in.com\/#organization","name":"PERLE IN","url":"https:\/\/perle-in.com\/","logo":{"@type":"ImageObject","inLanguage":"en-CA","@id":"https:\/\/perle-in.com\/#\/schema\/logo\/image\/","url":"https:\/\/perle-in.com\/wp-content\/uploads\/2022\/12\/LOGO-PERLE-IN-COULEUR@3x.webp","contentUrl":"https:\/\/perle-in.com\/wp-content\/uploads\/2022\/12\/LOGO-PERLE-IN-COULEUR@3x.webp","width":1600,"height":490,"caption":"PERLE IN"},"image":{"@id":"https:\/\/perle-in.com\/#\/schema\/logo\/image\/"}}]}},"jetpack_sharing_enabled":true,"_links":{"self":[{"href":"https:\/\/perle-in.com\/en\/wp-json\/wp\/v2\/product\/535914","targetHints":{"allow":["GET"]}}],"collection":[{"href":"https:\/\/perle-in.com\/en\/wp-json\/wp\/v2\/product"}],"about":[{"href":"https:\/\/perle-in.com\/en\/wp-json\/wp\/v2\/types\/product"}],"version-history":[{"count":0,"href":"https:\/\/perle-in.com\/en\/wp-json\/wp\/v2\/product\/535914\/revisions"}],"wp:featuredmedia":[{"embeddable":true,"href":"https:\/\/perle-in.com\/en\/wp-json\/wp\/v2\/media\/535905"}],"wp:attachment":[{"href":"https:\/\/perle-in.com\/en\/wp-json\/wp\/v2\/media?parent=535914"}],"wp:term":[{"taxonomy":"product_brand","embeddable":true,"href":"https:\/\/perle-in.com\/en\/wp-json\/wp\/v2\/product_brand?post=535914"},{"taxonomy":"product_cat","embeddable":true,"href":"https:\/\/perle-in.com\/en\/wp-json\/wp\/v2\/product_cat?post=535914"},{"taxonomy":"product_tag","embeddable":true,"href":"https:\/\/perle-in.com\/en\/wp-json\/wp\/v2\/product_tag?post=535914"}],"curies":[{"name":"wp","href":"https:\/\/api.w.org\/{rel}","templated":true}]}}