{"id":535901,"date":"2025-10-14T21:12:21","date_gmt":"2025-10-14T19:12:21","guid":{"rendered":"https:\/\/perle-in.com\/produit\/bouteille-isotherme-de-sport-thor-de-750-ml-avec-isolation-par-le-vide-et-couche-de-cuivre\/"},"modified":"2025-10-19T05:45:04","modified_gmt":"2025-10-19T03:45:04","slug":"bouteille-isotherme-de-sport-thor-de-750-ml-avec-isolation-par-le-vide-et-couche-de-cuivre","status":"publish","type":"product","link":"https:\/\/perle-in.com\/en\/product\/bouteille-isotherme-de-sport-thor-de-750-ml-avec-isolation-par-le-vide-et-couche-de-cuivre\/","title":{"rendered":"Bouteille isotherme de sport Thor de 750\u00a0ml avec isolation par le vide et couche de cuivre"},"content":{"rendered":"","protected":false},"excerpt":{"rendered":"<p>Construction sous vide en acier inoxydable \u00e0 double paroi large et durable avec couche de cuivre qui conserve les boissons chaudes ou froides pendant plusieurs heures. La construction emp\u00eache \u00e9galement la condensation \u00e0 l&#8217;ext\u00e9rieur de la bouteille, et le rev\u00eatement en poudre tendance la rend extr\u00eamement durable. Couvercle \u00e9tanche \u00e0 visser en acier inoxydable avec une paille int\u00e9gr\u00e9e et une boucle \u00e0 main durable en acier inoxydable. Large ouverture pour faciliter le remplissage, le versement et le nettoyage. Sans bisph\u00e9nol\u00a0A, test\u00e9e et approuv\u00e9e par la l\u00e9gislation allemande sur la s\u00e9curit\u00e9 alimentaire (LFGB). Test\u00e9e et approuv\u00e9e pour la teneur en phtalates conform\u00e9ment \u00e0 la r\u00e9glementation REACH. Parfaite pour les gla\u00e7ons. Capacit\u00e9 de 750 ml. Lavage \u00e0 la main recommand\u00e9. Livr\u00e9e dans un coffret cadeau en carton recycl\u00e9.<\/p>","protected":false},"featured_media":535888,"template":"","meta":{"_eb_attr":""},"product_brand":[],"product_cat":[257,173],"product_tag":[275,175,225,347,274,2646,2973,165,2971,203,237,227],"class_list":{"0":"post-535901","1":"product","2":"type-product","3":"status-publish","4":"has-post-thumbnail","6":"product_cat-bouteilles-isothermes","7":"product_cat-drinkware","8":"product_tag-boissons","9":"product_tag-bouteille","10":"product_tag-cafe","11":"product_tag-cuivre","12":"product_tag-eau","13":"product_tag-isolation","14":"product_tag-isole","15":"product_tag-isotherme","16":"product_tag-sous-vide","17":"product_tag-sport","18":"product_tag-sports","19":"product_tag-the","20":"pa_couleurs-blanc","21":"pa_couleurs-bleu-fonce","22":"pa_couleurs-noir","24":"first","25":"instock","26":"shipping-taxable","27":"purchasable","28":"product-type-variable"},"yoast_head":"<!-- This site is optimized with the Yoast SEO plugin v27.4 - https:\/\/yoast.com\/product\/yoast-seo-wordpress\/ -->\n<title>Bouteille isotherme de sport Thor de 750\u00a0ml avec isolation par le vide et couche de cuivre - PERLE IN<\/title>\n<meta name=\"robots\" content=\"noindex, follow, max-snippet:-1, max-image-preview:large, max-video-preview:-1\" \/>\n<meta property=\"og:locale\" content=\"en_US\" \/>\n<meta property=\"og:type\" content=\"article\" \/>\n<meta property=\"og:title\" content=\"Bouteille isotherme de sport Thor de 750\u00a0ml avec isolation par le vide et couche de cuivre - PERLE IN\" \/>\n<meta property=\"og:description\" content=\"Construction sous vide en acier inoxydable \u00e0 double paroi large et durable avec couche de cuivre qui conserve les boissons chaudes ou froides pendant plusieurs heures. La construction emp\u00eache \u00e9galement la condensation \u00e0 l&#039;ext\u00e9rieur de la bouteille, et le rev\u00eatement en poudre tendance la rend extr\u00eamement durable. Couvercle \u00e9tanche \u00e0 visser en acier inoxydable avec une paille int\u00e9gr\u00e9e et une boucle \u00e0 main durable en acier inoxydable. Large ouverture pour faciliter le remplissage, le versement et le nettoyage. Sans bisph\u00e9nol\u00a0A, test\u00e9e et approuv\u00e9e par la l\u00e9gislation allemande sur la s\u00e9curit\u00e9 alimentaire (LFGB). Test\u00e9e et approuv\u00e9e pour la teneur en phtalates conform\u00e9ment \u00e0 la r\u00e9glementation REACH. Parfaite pour les gla\u00e7ons. Capacit\u00e9 de 750 ml. Lavage \u00e0 la main recommand\u00e9. Livr\u00e9e dans un coffret cadeau en carton recycl\u00e9.\" \/>\n<meta property=\"og:url\" content=\"https:\/\/perle-in.com\/en\/product\/bouteille-isotherme-de-sport-thor-de-750-ml-avec-isolation-par-le-vide-et-couche-de-cuivre\/\" \/>\n<meta property=\"og:site_name\" content=\"PERLE IN\" \/>\n<meta property=\"article:modified_time\" content=\"2025-10-19T03:45:04+00:00\" \/>\n<meta property=\"og:image\" content=\"https:\/\/perle-in.com\/wp-content\/uploads\/2025\/10\/10073201-1.jpg\" \/>\n\t<meta property=\"og:image:width\" content=\"1600\" \/>\n\t<meta property=\"og:image:height\" content=\"1600\" \/>\n\t<meta property=\"og:image:type\" content=\"image\/jpeg\" \/>\n<meta name=\"twitter:card\" content=\"summary_large_image\" \/>\n<script type=\"application\/ld+json\" class=\"yoast-schema-graph\">{\"@context\":\"https:\\\/\\\/schema.org\",\"@graph\":[{\"@type\":\"WebPage\",\"@id\":\"https:\\\/\\\/perle-in.com\\\/produit\\\/bouteille-isotherme-de-sport-thor-de-750-ml-avec-isolation-par-le-vide-et-couche-de-cuivre\\\/\",\"url\":\"https:\\\/\\\/perle-in.com\\\/produit\\\/bouteille-isotherme-de-sport-thor-de-750-ml-avec-isolation-par-le-vide-et-couche-de-cuivre\\\/\",\"name\":\"Bouteille isotherme de sport Thor de 750\u00a0ml avec isolation par le vide et couche de cuivre - PERLE IN\",\"isPartOf\":{\"@id\":\"https:\\\/\\\/perle-in.com\\\/#website\"},\"primaryImageOfPage\":{\"@id\":\"https:\\\/\\\/perle-in.com\\\/produit\\\/bouteille-isotherme-de-sport-thor-de-750-ml-avec-isolation-par-le-vide-et-couche-de-cuivre\\\/#primaryimage\"},\"image\":{\"@id\":\"https:\\\/\\\/perle-in.com\\\/produit\\\/bouteille-isotherme-de-sport-thor-de-750-ml-avec-isolation-par-le-vide-et-couche-de-cuivre\\\/#primaryimage\"},\"thumbnailUrl\":\"https:\\\/\\\/perle-in.com\\\/wp-content\\\/uploads\\\/2025\\\/10\\\/10073201-1.jpg\",\"datePublished\":\"2025-10-14T19:12:21+00:00\",\"dateModified\":\"2025-10-19T03:45:04+00:00\",\"breadcrumb\":{\"@id\":\"https:\\\/\\\/perle-in.com\\\/produit\\\/bouteille-isotherme-de-sport-thor-de-750-ml-avec-isolation-par-le-vide-et-couche-de-cuivre\\\/#breadcrumb\"},\"inLanguage\":\"en-CA\",\"potentialAction\":[{\"@type\":\"ReadAction\",\"target\":[\"https:\\\/\\\/perle-in.com\\\/produit\\\/bouteille-isotherme-de-sport-thor-de-750-ml-avec-isolation-par-le-vide-et-couche-de-cuivre\\\/\"]}]},{\"@type\":\"ImageObject\",\"inLanguage\":\"en-CA\",\"@id\":\"https:\\\/\\\/perle-in.com\\\/produit\\\/bouteille-isotherme-de-sport-thor-de-750-ml-avec-isolation-par-le-vide-et-couche-de-cuivre\\\/#primaryimage\",\"url\":\"https:\\\/\\\/perle-in.com\\\/wp-content\\\/uploads\\\/2025\\\/10\\\/10073201-1.jpg\",\"contentUrl\":\"https:\\\/\\\/perle-in.com\\\/wp-content\\\/uploads\\\/2025\\\/10\\\/10073201-1.jpg\",\"width\":1600,\"height\":1600},{\"@type\":\"BreadcrumbList\",\"@id\":\"https:\\\/\\\/perle-in.com\\\/produit\\\/bouteille-isotherme-de-sport-thor-de-750-ml-avec-isolation-par-le-vide-et-couche-de-cuivre\\\/#breadcrumb\",\"itemListElement\":[{\"@type\":\"ListItem\",\"position\":1,\"name\":\"Accueil\",\"item\":\"https:\\\/\\\/perle-in.com\\\/\"},{\"@type\":\"ListItem\",\"position\":2,\"name\":\"Boutique\",\"item\":\"https:\\\/\\\/perle-in.com\\\/boutique\\\/\"},{\"@type\":\"ListItem\",\"position\":3,\"name\":\"Bouteille isotherme de sport Thor de 750\u00a0ml avec isolation par le vide et couche de cuivre\"}]},{\"@type\":\"WebSite\",\"@id\":\"https:\\\/\\\/perle-in.com\\\/#website\",\"url\":\"https:\\\/\\\/perle-in.com\\\/\",\"name\":\"PERLE IN\",\"description\":\"\",\"publisher\":{\"@id\":\"https:\\\/\\\/perle-in.com\\\/#organization\"},\"potentialAction\":[{\"@type\":\"SearchAction\",\"target\":{\"@type\":\"EntryPoint\",\"urlTemplate\":\"https:\\\/\\\/perle-in.com\\\/?s={search_term_string}\"},\"query-input\":{\"@type\":\"PropertyValueSpecification\",\"valueRequired\":true,\"valueName\":\"search_term_string\"}}],\"inLanguage\":\"en-CA\"},{\"@type\":\"Organization\",\"@id\":\"https:\\\/\\\/perle-in.com\\\/#organization\",\"name\":\"PERLE IN\",\"url\":\"https:\\\/\\\/perle-in.com\\\/\",\"logo\":{\"@type\":\"ImageObject\",\"inLanguage\":\"en-CA\",\"@id\":\"https:\\\/\\\/perle-in.com\\\/#\\\/schema\\\/logo\\\/image\\\/\",\"url\":\"https:\\\/\\\/perle-in.com\\\/wp-content\\\/uploads\\\/2022\\\/12\\\/LOGO-PERLE-IN-COULEUR@3x.webp\",\"contentUrl\":\"https:\\\/\\\/perle-in.com\\\/wp-content\\\/uploads\\\/2022\\\/12\\\/LOGO-PERLE-IN-COULEUR@3x.webp\",\"width\":1600,\"height\":490,\"caption\":\"PERLE IN\"},\"image\":{\"@id\":\"https:\\\/\\\/perle-in.com\\\/#\\\/schema\\\/logo\\\/image\\\/\"}}]}<\/script>\n<!-- \/ Yoast SEO plugin. -->","yoast_head_json":{"title":"Bouteille isotherme de sport Thor de 750\u00a0ml avec isolation par le vide et couche de cuivre - PERLE IN","robots":{"index":"noindex","follow":"follow","max-snippet":"max-snippet:-1","max-image-preview":"max-image-preview:large","max-video-preview":"max-video-preview:-1"},"og_locale":"en_US","og_type":"article","og_title":"Bouteille isotherme de sport Thor de 750\u00a0ml avec isolation par le vide et couche de cuivre - PERLE IN","og_description":"Construction sous vide en acier inoxydable \u00e0 double paroi large et durable avec couche de cuivre qui conserve les boissons chaudes ou froides pendant plusieurs heures. La construction emp\u00eache \u00e9galement la condensation \u00e0 l'ext\u00e9rieur de la bouteille, et le rev\u00eatement en poudre tendance la rend extr\u00eamement durable. Couvercle \u00e9tanche \u00e0 visser en acier inoxydable avec une paille int\u00e9gr\u00e9e et une boucle \u00e0 main durable en acier inoxydable. Large ouverture pour faciliter le remplissage, le versement et le nettoyage. Sans bisph\u00e9nol\u00a0A, test\u00e9e et approuv\u00e9e par la l\u00e9gislation allemande sur la s\u00e9curit\u00e9 alimentaire (LFGB). Test\u00e9e et approuv\u00e9e pour la teneur en phtalates conform\u00e9ment \u00e0 la r\u00e9glementation REACH. Parfaite pour les gla\u00e7ons. Capacit\u00e9 de 750 ml. Lavage \u00e0 la main recommand\u00e9. Livr\u00e9e dans un coffret cadeau en carton recycl\u00e9.","og_url":"https:\/\/perle-in.com\/en\/product\/bouteille-isotherme-de-sport-thor-de-750-ml-avec-isolation-par-le-vide-et-couche-de-cuivre\/","og_site_name":"PERLE IN","article_modified_time":"2025-10-19T03:45:04+00:00","og_image":[{"width":1600,"height":1600,"url":"https:\/\/perle-in.com\/wp-content\/uploads\/2025\/10\/10073201-1.jpg","type":"image\/jpeg"}],"twitter_card":"summary_large_image","schema":{"@context":"https:\/\/schema.org","@graph":[{"@type":"WebPage","@id":"https:\/\/perle-in.com\/produit\/bouteille-isotherme-de-sport-thor-de-750-ml-avec-isolation-par-le-vide-et-couche-de-cuivre\/","url":"https:\/\/perle-in.com\/produit\/bouteille-isotherme-de-sport-thor-de-750-ml-avec-isolation-par-le-vide-et-couche-de-cuivre\/","name":"Bouteille isotherme de sport Thor de 750\u00a0ml avec isolation par le vide et couche de cuivre - PERLE IN","isPartOf":{"@id":"https:\/\/perle-in.com\/#website"},"primaryImageOfPage":{"@id":"https:\/\/perle-in.com\/produit\/bouteille-isotherme-de-sport-thor-de-750-ml-avec-isolation-par-le-vide-et-couche-de-cuivre\/#primaryimage"},"image":{"@id":"https:\/\/perle-in.com\/produit\/bouteille-isotherme-de-sport-thor-de-750-ml-avec-isolation-par-le-vide-et-couche-de-cuivre\/#primaryimage"},"thumbnailUrl":"https:\/\/perle-in.com\/wp-content\/uploads\/2025\/10\/10073201-1.jpg","datePublished":"2025-10-14T19:12:21+00:00","dateModified":"2025-10-19T03:45:04+00:00","breadcrumb":{"@id":"https:\/\/perle-in.com\/produit\/bouteille-isotherme-de-sport-thor-de-750-ml-avec-isolation-par-le-vide-et-couche-de-cuivre\/#breadcrumb"},"inLanguage":"en-CA","potentialAction":[{"@type":"ReadAction","target":["https:\/\/perle-in.com\/produit\/bouteille-isotherme-de-sport-thor-de-750-ml-avec-isolation-par-le-vide-et-couche-de-cuivre\/"]}]},{"@type":"ImageObject","inLanguage":"en-CA","@id":"https:\/\/perle-in.com\/produit\/bouteille-isotherme-de-sport-thor-de-750-ml-avec-isolation-par-le-vide-et-couche-de-cuivre\/#primaryimage","url":"https:\/\/perle-in.com\/wp-content\/uploads\/2025\/10\/10073201-1.jpg","contentUrl":"https:\/\/perle-in.com\/wp-content\/uploads\/2025\/10\/10073201-1.jpg","width":1600,"height":1600},{"@type":"BreadcrumbList","@id":"https:\/\/perle-in.com\/produit\/bouteille-isotherme-de-sport-thor-de-750-ml-avec-isolation-par-le-vide-et-couche-de-cuivre\/#breadcrumb","itemListElement":[{"@type":"ListItem","position":1,"name":"Accueil","item":"https:\/\/perle-in.com\/"},{"@type":"ListItem","position":2,"name":"Boutique","item":"https:\/\/perle-in.com\/boutique\/"},{"@type":"ListItem","position":3,"name":"Bouteille isotherme de sport Thor de 750\u00a0ml avec isolation par le vide et couche de cuivre"}]},{"@type":"WebSite","@id":"https:\/\/perle-in.com\/#website","url":"https:\/\/perle-in.com\/","name":"PERLE IN","description":"","publisher":{"@id":"https:\/\/perle-in.com\/#organization"},"potentialAction":[{"@type":"SearchAction","target":{"@type":"EntryPoint","urlTemplate":"https:\/\/perle-in.com\/?s={search_term_string}"},"query-input":{"@type":"PropertyValueSpecification","valueRequired":true,"valueName":"search_term_string"}}],"inLanguage":"en-CA"},{"@type":"Organization","@id":"https:\/\/perle-in.com\/#organization","name":"PERLE IN","url":"https:\/\/perle-in.com\/","logo":{"@type":"ImageObject","inLanguage":"en-CA","@id":"https:\/\/perle-in.com\/#\/schema\/logo\/image\/","url":"https:\/\/perle-in.com\/wp-content\/uploads\/2022\/12\/LOGO-PERLE-IN-COULEUR@3x.webp","contentUrl":"https:\/\/perle-in.com\/wp-content\/uploads\/2022\/12\/LOGO-PERLE-IN-COULEUR@3x.webp","width":1600,"height":490,"caption":"PERLE IN"},"image":{"@id":"https:\/\/perle-in.com\/#\/schema\/logo\/image\/"}}]}},"jetpack_sharing_enabled":true,"_links":{"self":[{"href":"https:\/\/perle-in.com\/en\/wp-json\/wp\/v2\/product\/535901","targetHints":{"allow":["GET"]}}],"collection":[{"href":"https:\/\/perle-in.com\/en\/wp-json\/wp\/v2\/product"}],"about":[{"href":"https:\/\/perle-in.com\/en\/wp-json\/wp\/v2\/types\/product"}],"version-history":[{"count":0,"href":"https:\/\/perle-in.com\/en\/wp-json\/wp\/v2\/product\/535901\/revisions"}],"wp:featuredmedia":[{"embeddable":true,"href":"https:\/\/perle-in.com\/en\/wp-json\/wp\/v2\/media\/535888"}],"wp:attachment":[{"href":"https:\/\/perle-in.com\/en\/wp-json\/wp\/v2\/media?parent=535901"}],"wp:term":[{"taxonomy":"product_brand","embeddable":true,"href":"https:\/\/perle-in.com\/en\/wp-json\/wp\/v2\/product_brand?post=535901"},{"taxonomy":"product_cat","embeddable":true,"href":"https:\/\/perle-in.com\/en\/wp-json\/wp\/v2\/product_cat?post=535901"},{"taxonomy":"product_tag","embeddable":true,"href":"https:\/\/perle-in.com\/en\/wp-json\/wp\/v2\/product_tag?post=535901"}],"curies":[{"name":"wp","href":"https:\/\/api.w.org\/{rel}","templated":true}]}}