{"id":535819,"date":"2025-10-14T21:06:33","date_gmt":"2025-10-14T19:06:33","guid":{"rendered":"https:\/\/perle-in.com\/produit\/concentrateur-usb-kenzu-en-paille-de-ble\/"},"modified":"2025-10-19T05:45:11","modified_gmt":"2025-10-19T03:45:11","slug":"concentrateur-usb-kenzu-en-paille-de-ble","status":"publish","type":"product","link":"https:\/\/perle-in.com\/en\/product\/concentrateur-usb-kenzu-en-paille-de-ble\/","title":{"rendered":"Concentrateur USB Kenzu en paille de bl\u00e9"},"content":{"rendered":"","protected":false},"excerpt":{"rendered":"<p>Concentrateur USB\u00a02.0 rond en paille de bl\u00e9 (40\u00a0% paille de bl\u00e9, 60\u00a0% plastique PP) avec 4\u00a0ports USB-A pour connecter plusieurs appareils simultan\u00e9ment. Il est livr\u00e9 avec un c\u00e2ble USB fixe en TPE de 14,5\u00a0cm qui peut \u00eatre facilement rang\u00e9 \u00e0 l&#8217;int\u00e9rieur du concentrateur. Vitesse de transfert de 160\u00a0Mo\/s. L&#8217;impression des deux c\u00f4t\u00e9s est possible. Livr\u00e9 dans un coffret cadeau comprenant un manuel d&#8217;instructions (tous deux fabriqu\u00e9s \u00e0 partir de mat\u00e9riaux durables).<\/p>","protected":false},"featured_media":535812,"template":"","meta":{"_eb_attr":""},"product_brand":[],"product_cat":[840,667],"product_tag":[1186,798,3101,1633,799,744],"class_list":{"0":"post-535819","1":"product","2":"type-product","3":"status-publish","4":"has-post-thumbnail","6":"product_cat-accessoires-pour-ordinateur","7":"product_cat-technologie","8":"product_tag-2-0","9":"product_tag-donnees","10":"product_tag-hub","11":"product_tag-paille-de-ble","12":"product_tag-stockage","13":"product_tag-usb","14":"pa_couleurs-naturel","15":"pa_matiere-paille-de-ble","17":"first","18":"instock","19":"sale","20":"shipping-taxable","21":"purchasable","22":"product-type-variable"},"yoast_head":"<!-- This site is optimized with the Yoast SEO plugin v27.4 - https:\/\/yoast.com\/product\/yoast-seo-wordpress\/ -->\n<title>Concentrateur USB Kenzu en paille de bl\u00e9 - PERLE IN<\/title>\n<meta name=\"robots\" content=\"noindex, follow, max-snippet:-1, max-image-preview:large, max-video-preview:-1\" \/>\n<meta property=\"og:locale\" content=\"en_US\" \/>\n<meta property=\"og:type\" content=\"article\" \/>\n<meta property=\"og:title\" content=\"Concentrateur USB Kenzu en paille de bl\u00e9 - PERLE IN\" \/>\n<meta property=\"og:description\" content=\"Concentrateur USB\u00a02.0 rond en paille de bl\u00e9 (40\u00a0% paille de bl\u00e9, 60\u00a0% plastique PP) avec 4\u00a0ports USB-A pour connecter plusieurs appareils simultan\u00e9ment. Il est livr\u00e9 avec un c\u00e2ble USB fixe en TPE de 14,5\u00a0cm qui peut \u00eatre facilement rang\u00e9 \u00e0 l&#039;int\u00e9rieur du concentrateur. Vitesse de transfert de 160\u00a0Mo\/s. L&#039;impression des deux c\u00f4t\u00e9s est possible. Livr\u00e9 dans un coffret cadeau comprenant un manuel d&#039;instructions (tous deux fabriqu\u00e9s \u00e0 partir de mat\u00e9riaux durables).\" \/>\n<meta property=\"og:url\" content=\"https:\/\/perle-in.com\/en\/product\/concentrateur-usb-kenzu-en-paille-de-ble\/\" \/>\n<meta property=\"og:site_name\" content=\"PERLE IN\" \/>\n<meta property=\"article:modified_time\" content=\"2025-10-19T03:45:11+00:00\" \/>\n<meta property=\"og:image\" content=\"https:\/\/perle-in.com\/wp-content\/uploads\/2025\/10\/12430906-1.jpg\" \/>\n\t<meta property=\"og:image:width\" content=\"1600\" \/>\n\t<meta property=\"og:image:height\" content=\"1600\" \/>\n\t<meta property=\"og:image:type\" content=\"image\/jpeg\" \/>\n<meta name=\"twitter:card\" content=\"summary_large_image\" \/>\n<script type=\"application\/ld+json\" class=\"yoast-schema-graph\">{\"@context\":\"https:\\\/\\\/schema.org\",\"@graph\":[{\"@type\":\"WebPage\",\"@id\":\"https:\\\/\\\/perle-in.com\\\/produit\\\/concentrateur-usb-kenzu-en-paille-de-ble\\\/\",\"url\":\"https:\\\/\\\/perle-in.com\\\/produit\\\/concentrateur-usb-kenzu-en-paille-de-ble\\\/\",\"name\":\"Concentrateur USB Kenzu en paille de bl\u00e9 - PERLE IN\",\"isPartOf\":{\"@id\":\"https:\\\/\\\/perle-in.com\\\/#website\"},\"primaryImageOfPage\":{\"@id\":\"https:\\\/\\\/perle-in.com\\\/produit\\\/concentrateur-usb-kenzu-en-paille-de-ble\\\/#primaryimage\"},\"image\":{\"@id\":\"https:\\\/\\\/perle-in.com\\\/produit\\\/concentrateur-usb-kenzu-en-paille-de-ble\\\/#primaryimage\"},\"thumbnailUrl\":\"https:\\\/\\\/perle-in.com\\\/wp-content\\\/uploads\\\/2025\\\/10\\\/12430906-1.jpg\",\"datePublished\":\"2025-10-14T19:06:33+00:00\",\"dateModified\":\"2025-10-19T03:45:11+00:00\",\"breadcrumb\":{\"@id\":\"https:\\\/\\\/perle-in.com\\\/produit\\\/concentrateur-usb-kenzu-en-paille-de-ble\\\/#breadcrumb\"},\"inLanguage\":\"en-CA\",\"potentialAction\":[{\"@type\":\"ReadAction\",\"target\":[\"https:\\\/\\\/perle-in.com\\\/produit\\\/concentrateur-usb-kenzu-en-paille-de-ble\\\/\"]}]},{\"@type\":\"ImageObject\",\"inLanguage\":\"en-CA\",\"@id\":\"https:\\\/\\\/perle-in.com\\\/produit\\\/concentrateur-usb-kenzu-en-paille-de-ble\\\/#primaryimage\",\"url\":\"https:\\\/\\\/perle-in.com\\\/wp-content\\\/uploads\\\/2025\\\/10\\\/12430906-1.jpg\",\"contentUrl\":\"https:\\\/\\\/perle-in.com\\\/wp-content\\\/uploads\\\/2025\\\/10\\\/12430906-1.jpg\",\"width\":1600,\"height\":1600},{\"@type\":\"BreadcrumbList\",\"@id\":\"https:\\\/\\\/perle-in.com\\\/produit\\\/concentrateur-usb-kenzu-en-paille-de-ble\\\/#breadcrumb\",\"itemListElement\":[{\"@type\":\"ListItem\",\"position\":1,\"name\":\"Accueil\",\"item\":\"https:\\\/\\\/perle-in.com\\\/\"},{\"@type\":\"ListItem\",\"position\":2,\"name\":\"Boutique\",\"item\":\"https:\\\/\\\/perle-in.com\\\/boutique\\\/\"},{\"@type\":\"ListItem\",\"position\":3,\"name\":\"Concentrateur USB Kenzu en paille de bl\u00e9\"}]},{\"@type\":\"WebSite\",\"@id\":\"https:\\\/\\\/perle-in.com\\\/#website\",\"url\":\"https:\\\/\\\/perle-in.com\\\/\",\"name\":\"PERLE IN\",\"description\":\"\",\"publisher\":{\"@id\":\"https:\\\/\\\/perle-in.com\\\/#organization\"},\"potentialAction\":[{\"@type\":\"SearchAction\",\"target\":{\"@type\":\"EntryPoint\",\"urlTemplate\":\"https:\\\/\\\/perle-in.com\\\/?s={search_term_string}\"},\"query-input\":{\"@type\":\"PropertyValueSpecification\",\"valueRequired\":true,\"valueName\":\"search_term_string\"}}],\"inLanguage\":\"en-CA\"},{\"@type\":\"Organization\",\"@id\":\"https:\\\/\\\/perle-in.com\\\/#organization\",\"name\":\"PERLE IN\",\"url\":\"https:\\\/\\\/perle-in.com\\\/\",\"logo\":{\"@type\":\"ImageObject\",\"inLanguage\":\"en-CA\",\"@id\":\"https:\\\/\\\/perle-in.com\\\/#\\\/schema\\\/logo\\\/image\\\/\",\"url\":\"https:\\\/\\\/perle-in.com\\\/wp-content\\\/uploads\\\/2022\\\/12\\\/LOGO-PERLE-IN-COULEUR@3x.webp\",\"contentUrl\":\"https:\\\/\\\/perle-in.com\\\/wp-content\\\/uploads\\\/2022\\\/12\\\/LOGO-PERLE-IN-COULEUR@3x.webp\",\"width\":1600,\"height\":490,\"caption\":\"PERLE IN\"},\"image\":{\"@id\":\"https:\\\/\\\/perle-in.com\\\/#\\\/schema\\\/logo\\\/image\\\/\"}}]}<\/script>\n<!-- \/ Yoast SEO plugin. -->","yoast_head_json":{"title":"Concentrateur USB Kenzu en paille de bl\u00e9 - PERLE IN","robots":{"index":"noindex","follow":"follow","max-snippet":"max-snippet:-1","max-image-preview":"max-image-preview:large","max-video-preview":"max-video-preview:-1"},"og_locale":"en_US","og_type":"article","og_title":"Concentrateur USB Kenzu en paille de bl\u00e9 - PERLE IN","og_description":"Concentrateur USB\u00a02.0 rond en paille de bl\u00e9 (40\u00a0% paille de bl\u00e9, 60\u00a0% plastique PP) avec 4\u00a0ports USB-A pour connecter plusieurs appareils simultan\u00e9ment. Il est livr\u00e9 avec un c\u00e2ble USB fixe en TPE de 14,5\u00a0cm qui peut \u00eatre facilement rang\u00e9 \u00e0 l'int\u00e9rieur du concentrateur. Vitesse de transfert de 160\u00a0Mo\/s. L'impression des deux c\u00f4t\u00e9s est possible. Livr\u00e9 dans un coffret cadeau comprenant un manuel d'instructions (tous deux fabriqu\u00e9s \u00e0 partir de mat\u00e9riaux durables).","og_url":"https:\/\/perle-in.com\/en\/product\/concentrateur-usb-kenzu-en-paille-de-ble\/","og_site_name":"PERLE IN","article_modified_time":"2025-10-19T03:45:11+00:00","og_image":[{"width":1600,"height":1600,"url":"https:\/\/perle-in.com\/wp-content\/uploads\/2025\/10\/12430906-1.jpg","type":"image\/jpeg"}],"twitter_card":"summary_large_image","schema":{"@context":"https:\/\/schema.org","@graph":[{"@type":"WebPage","@id":"https:\/\/perle-in.com\/produit\/concentrateur-usb-kenzu-en-paille-de-ble\/","url":"https:\/\/perle-in.com\/produit\/concentrateur-usb-kenzu-en-paille-de-ble\/","name":"Concentrateur USB Kenzu en paille de bl\u00e9 - PERLE IN","isPartOf":{"@id":"https:\/\/perle-in.com\/#website"},"primaryImageOfPage":{"@id":"https:\/\/perle-in.com\/produit\/concentrateur-usb-kenzu-en-paille-de-ble\/#primaryimage"},"image":{"@id":"https:\/\/perle-in.com\/produit\/concentrateur-usb-kenzu-en-paille-de-ble\/#primaryimage"},"thumbnailUrl":"https:\/\/perle-in.com\/wp-content\/uploads\/2025\/10\/12430906-1.jpg","datePublished":"2025-10-14T19:06:33+00:00","dateModified":"2025-10-19T03:45:11+00:00","breadcrumb":{"@id":"https:\/\/perle-in.com\/produit\/concentrateur-usb-kenzu-en-paille-de-ble\/#breadcrumb"},"inLanguage":"en-CA","potentialAction":[{"@type":"ReadAction","target":["https:\/\/perle-in.com\/produit\/concentrateur-usb-kenzu-en-paille-de-ble\/"]}]},{"@type":"ImageObject","inLanguage":"en-CA","@id":"https:\/\/perle-in.com\/produit\/concentrateur-usb-kenzu-en-paille-de-ble\/#primaryimage","url":"https:\/\/perle-in.com\/wp-content\/uploads\/2025\/10\/12430906-1.jpg","contentUrl":"https:\/\/perle-in.com\/wp-content\/uploads\/2025\/10\/12430906-1.jpg","width":1600,"height":1600},{"@type":"BreadcrumbList","@id":"https:\/\/perle-in.com\/produit\/concentrateur-usb-kenzu-en-paille-de-ble\/#breadcrumb","itemListElement":[{"@type":"ListItem","position":1,"name":"Accueil","item":"https:\/\/perle-in.com\/"},{"@type":"ListItem","position":2,"name":"Boutique","item":"https:\/\/perle-in.com\/boutique\/"},{"@type":"ListItem","position":3,"name":"Concentrateur USB Kenzu en paille de bl\u00e9"}]},{"@type":"WebSite","@id":"https:\/\/perle-in.com\/#website","url":"https:\/\/perle-in.com\/","name":"PERLE IN","description":"","publisher":{"@id":"https:\/\/perle-in.com\/#organization"},"potentialAction":[{"@type":"SearchAction","target":{"@type":"EntryPoint","urlTemplate":"https:\/\/perle-in.com\/?s={search_term_string}"},"query-input":{"@type":"PropertyValueSpecification","valueRequired":true,"valueName":"search_term_string"}}],"inLanguage":"en-CA"},{"@type":"Organization","@id":"https:\/\/perle-in.com\/#organization","name":"PERLE IN","url":"https:\/\/perle-in.com\/","logo":{"@type":"ImageObject","inLanguage":"en-CA","@id":"https:\/\/perle-in.com\/#\/schema\/logo\/image\/","url":"https:\/\/perle-in.com\/wp-content\/uploads\/2022\/12\/LOGO-PERLE-IN-COULEUR@3x.webp","contentUrl":"https:\/\/perle-in.com\/wp-content\/uploads\/2022\/12\/LOGO-PERLE-IN-COULEUR@3x.webp","width":1600,"height":490,"caption":"PERLE IN"},"image":{"@id":"https:\/\/perle-in.com\/#\/schema\/logo\/image\/"}}]}},"jetpack_sharing_enabled":true,"_links":{"self":[{"href":"https:\/\/perle-in.com\/en\/wp-json\/wp\/v2\/product\/535819","targetHints":{"allow":["GET"]}}],"collection":[{"href":"https:\/\/perle-in.com\/en\/wp-json\/wp\/v2\/product"}],"about":[{"href":"https:\/\/perle-in.com\/en\/wp-json\/wp\/v2\/types\/product"}],"version-history":[{"count":0,"href":"https:\/\/perle-in.com\/en\/wp-json\/wp\/v2\/product\/535819\/revisions"}],"wp:featuredmedia":[{"embeddable":true,"href":"https:\/\/perle-in.com\/en\/wp-json\/wp\/v2\/media\/535812"}],"wp:attachment":[{"href":"https:\/\/perle-in.com\/en\/wp-json\/wp\/v2\/media?parent=535819"}],"wp:term":[{"taxonomy":"product_brand","embeddable":true,"href":"https:\/\/perle-in.com\/en\/wp-json\/wp\/v2\/product_brand?post=535819"},{"taxonomy":"product_cat","embeddable":true,"href":"https:\/\/perle-in.com\/en\/wp-json\/wp\/v2\/product_cat?post=535819"},{"taxonomy":"product_tag","embeddable":true,"href":"https:\/\/perle-in.com\/en\/wp-json\/wp\/v2\/product_tag?post=535819"}],"curies":[{"name":"wp","href":"https:\/\/api.w.org\/{rel}","templated":true}]}}