{"id":535791,"date":"2025-10-14T21:05:09","date_gmt":"2025-10-14T19:05:09","guid":{"rendered":"https:\/\/perle-in.com\/produit\/stylo-bille-achromatique-im-parker-encre-bleue\/"},"modified":"2025-10-19T05:45:02","modified_gmt":"2025-10-19T03:45:02","slug":"stylo-bille-achromatique-im-parker-encre-bleue","status":"publish","type":"product","link":"https:\/\/perle-in.com\/en\/product\/stylo-bille-achromatique-im-parker-encre-bleue\/","title":{"rendered":"Stylo bille achromatique IM Parker (encre bleue)"},"content":{"rendered":"","protected":false},"excerpt":{"rendered":"<p>Le Parker IM est un partenaire id\u00e9al avec un potentiel illimit\u00e9. Sa forme fusel\u00e9e et \u00e9l\u00e9gante s\u2019associe parfaitement \u00e0 des designs innovants pour un message fort. La finition mate tendance sur le corps et le rev\u00eatement PVD sur les garnitures font de ce stylo Parker l&#8217;outil d&#8217;\u00e9criture parfait et durable pour \u00e9tudiants et professionnels. La pointe \u00e0 bille, qui se r\u00e9tracte avec un clic caract\u00e9ristique, et l\u2019encre Quinkflow assurent une exp\u00e9rience d\u2019\u00e9criture exceptionnellement douce et fiable. \u00c0 utiliser avec les recharges pour stylo bille et encre gel QUINK. Livr\u00e9 avec une cartouche et un coffret cadeau Parker. Design exclusif.<\/p>","protected":false},"featured_media":535784,"template":"","meta":{"_eb_attr":""},"product_brand":[],"product_cat":[552,568],"product_tag":[3099,1521,2683,3098,1451,561],"class_list":{"0":"post-535791","1":"product","2":"type-product","3":"status-publish","4":"has-post-thumbnail","6":"product_cat-stylos-et-ecriture","7":"product_cat-stylos-bille","8":"product_tag-achromatique","9":"product_tag-bille","10":"product_tag-ecriture","11":"product_tag-im","12":"product_tag-parker","13":"product_tag-stylo","14":"pa_couleurs-noir","15":"pa_green-points-1474","16":"pa_marque-parker","17":"pa_pays-d-origine-france","19":"first","20":"instock","21":"shipping-taxable","22":"purchasable","23":"product-type-variable"},"yoast_head":"<!-- This site is optimized with the Yoast SEO plugin v27.4 - https:\/\/yoast.com\/product\/yoast-seo-wordpress\/ -->\n<title>Stylo bille achromatique IM Parker (encre bleue) - PERLE IN<\/title>\n<meta name=\"robots\" content=\"noindex, follow, max-snippet:-1, max-image-preview:large, max-video-preview:-1\" \/>\n<meta property=\"og:locale\" content=\"en_US\" \/>\n<meta property=\"og:type\" content=\"article\" \/>\n<meta property=\"og:title\" content=\"Stylo bille achromatique IM Parker (encre bleue) - PERLE IN\" \/>\n<meta property=\"og:description\" content=\"Le Parker IM est un partenaire id\u00e9al avec un potentiel illimit\u00e9. Sa forme fusel\u00e9e et \u00e9l\u00e9gante s\u2019associe parfaitement \u00e0 des designs innovants pour un message fort. La finition mate tendance sur le corps et le rev\u00eatement PVD sur les garnitures font de ce stylo Parker l&#039;outil d&#039;\u00e9criture parfait et durable pour \u00e9tudiants et professionnels. La pointe \u00e0 bille, qui se r\u00e9tracte avec un clic caract\u00e9ristique, et l\u2019encre Quinkflow assurent une exp\u00e9rience d\u2019\u00e9criture exceptionnellement douce et fiable. \u00c0 utiliser avec les recharges pour stylo bille et encre gel QUINK. Livr\u00e9 avec une cartouche et un coffret cadeau Parker. Design exclusif.\" \/>\n<meta property=\"og:url\" content=\"https:\/\/perle-in.com\/en\/product\/stylo-bille-achromatique-im-parker-encre-bleue\/\" \/>\n<meta property=\"og:site_name\" content=\"PERLE IN\" \/>\n<meta property=\"article:modified_time\" content=\"2025-10-19T03:45:02+00:00\" \/>\n<meta property=\"og:image\" content=\"https:\/\/perle-in.com\/wp-content\/uploads\/2025\/10\/10780190-1.jpg\" \/>\n\t<meta property=\"og:image:width\" content=\"1600\" \/>\n\t<meta property=\"og:image:height\" content=\"1600\" \/>\n\t<meta property=\"og:image:type\" content=\"image\/jpeg\" \/>\n<meta name=\"twitter:card\" content=\"summary_large_image\" \/>\n<script type=\"application\/ld+json\" class=\"yoast-schema-graph\">{\"@context\":\"https:\\\/\\\/schema.org\",\"@graph\":[{\"@type\":\"WebPage\",\"@id\":\"https:\\\/\\\/perle-in.com\\\/produit\\\/stylo-bille-achromatique-im-parker-encre-bleue\\\/\",\"url\":\"https:\\\/\\\/perle-in.com\\\/produit\\\/stylo-bille-achromatique-im-parker-encre-bleue\\\/\",\"name\":\"Stylo bille achromatique IM Parker (encre bleue) - PERLE IN\",\"isPartOf\":{\"@id\":\"https:\\\/\\\/perle-in.com\\\/#website\"},\"primaryImageOfPage\":{\"@id\":\"https:\\\/\\\/perle-in.com\\\/produit\\\/stylo-bille-achromatique-im-parker-encre-bleue\\\/#primaryimage\"},\"image\":{\"@id\":\"https:\\\/\\\/perle-in.com\\\/produit\\\/stylo-bille-achromatique-im-parker-encre-bleue\\\/#primaryimage\"},\"thumbnailUrl\":\"https:\\\/\\\/perle-in.com\\\/wp-content\\\/uploads\\\/2025\\\/10\\\/10780190-1.jpg\",\"datePublished\":\"2025-10-14T19:05:09+00:00\",\"dateModified\":\"2025-10-19T03:45:02+00:00\",\"breadcrumb\":{\"@id\":\"https:\\\/\\\/perle-in.com\\\/produit\\\/stylo-bille-achromatique-im-parker-encre-bleue\\\/#breadcrumb\"},\"inLanguage\":\"en-CA\",\"potentialAction\":[{\"@type\":\"ReadAction\",\"target\":[\"https:\\\/\\\/perle-in.com\\\/produit\\\/stylo-bille-achromatique-im-parker-encre-bleue\\\/\"]}]},{\"@type\":\"ImageObject\",\"inLanguage\":\"en-CA\",\"@id\":\"https:\\\/\\\/perle-in.com\\\/produit\\\/stylo-bille-achromatique-im-parker-encre-bleue\\\/#primaryimage\",\"url\":\"https:\\\/\\\/perle-in.com\\\/wp-content\\\/uploads\\\/2025\\\/10\\\/10780190-1.jpg\",\"contentUrl\":\"https:\\\/\\\/perle-in.com\\\/wp-content\\\/uploads\\\/2025\\\/10\\\/10780190-1.jpg\",\"width\":1600,\"height\":1600},{\"@type\":\"BreadcrumbList\",\"@id\":\"https:\\\/\\\/perle-in.com\\\/produit\\\/stylo-bille-achromatique-im-parker-encre-bleue\\\/#breadcrumb\",\"itemListElement\":[{\"@type\":\"ListItem\",\"position\":1,\"name\":\"Accueil\",\"item\":\"https:\\\/\\\/perle-in.com\\\/\"},{\"@type\":\"ListItem\",\"position\":2,\"name\":\"Boutique\",\"item\":\"https:\\\/\\\/perle-in.com\\\/boutique\\\/\"},{\"@type\":\"ListItem\",\"position\":3,\"name\":\"Stylo bille achromatique IM Parker (encre bleue)\"}]},{\"@type\":\"WebSite\",\"@id\":\"https:\\\/\\\/perle-in.com\\\/#website\",\"url\":\"https:\\\/\\\/perle-in.com\\\/\",\"name\":\"PERLE IN\",\"description\":\"\",\"publisher\":{\"@id\":\"https:\\\/\\\/perle-in.com\\\/#organization\"},\"potentialAction\":[{\"@type\":\"SearchAction\",\"target\":{\"@type\":\"EntryPoint\",\"urlTemplate\":\"https:\\\/\\\/perle-in.com\\\/?s={search_term_string}\"},\"query-input\":{\"@type\":\"PropertyValueSpecification\",\"valueRequired\":true,\"valueName\":\"search_term_string\"}}],\"inLanguage\":\"en-CA\"},{\"@type\":\"Organization\",\"@id\":\"https:\\\/\\\/perle-in.com\\\/#organization\",\"name\":\"PERLE IN\",\"url\":\"https:\\\/\\\/perle-in.com\\\/\",\"logo\":{\"@type\":\"ImageObject\",\"inLanguage\":\"en-CA\",\"@id\":\"https:\\\/\\\/perle-in.com\\\/#\\\/schema\\\/logo\\\/image\\\/\",\"url\":\"https:\\\/\\\/perle-in.com\\\/wp-content\\\/uploads\\\/2022\\\/12\\\/LOGO-PERLE-IN-COULEUR@3x.webp\",\"contentUrl\":\"https:\\\/\\\/perle-in.com\\\/wp-content\\\/uploads\\\/2022\\\/12\\\/LOGO-PERLE-IN-COULEUR@3x.webp\",\"width\":1600,\"height\":490,\"caption\":\"PERLE IN\"},\"image\":{\"@id\":\"https:\\\/\\\/perle-in.com\\\/#\\\/schema\\\/logo\\\/image\\\/\"}}]}<\/script>\n<!-- \/ Yoast SEO plugin. -->","yoast_head_json":{"title":"Stylo bille achromatique IM Parker (encre bleue) - PERLE IN","robots":{"index":"noindex","follow":"follow","max-snippet":"max-snippet:-1","max-image-preview":"max-image-preview:large","max-video-preview":"max-video-preview:-1"},"og_locale":"en_US","og_type":"article","og_title":"Stylo bille achromatique IM Parker (encre bleue) - PERLE IN","og_description":"Le Parker IM est un partenaire id\u00e9al avec un potentiel illimit\u00e9. Sa forme fusel\u00e9e et \u00e9l\u00e9gante s\u2019associe parfaitement \u00e0 des designs innovants pour un message fort. La finition mate tendance sur le corps et le rev\u00eatement PVD sur les garnitures font de ce stylo Parker l'outil d'\u00e9criture parfait et durable pour \u00e9tudiants et professionnels. La pointe \u00e0 bille, qui se r\u00e9tracte avec un clic caract\u00e9ristique, et l\u2019encre Quinkflow assurent une exp\u00e9rience d\u2019\u00e9criture exceptionnellement douce et fiable. \u00c0 utiliser avec les recharges pour stylo bille et encre gel QUINK. Livr\u00e9 avec une cartouche et un coffret cadeau Parker. Design exclusif.","og_url":"https:\/\/perle-in.com\/en\/product\/stylo-bille-achromatique-im-parker-encre-bleue\/","og_site_name":"PERLE IN","article_modified_time":"2025-10-19T03:45:02+00:00","og_image":[{"width":1600,"height":1600,"url":"https:\/\/perle-in.com\/wp-content\/uploads\/2025\/10\/10780190-1.jpg","type":"image\/jpeg"}],"twitter_card":"summary_large_image","schema":{"@context":"https:\/\/schema.org","@graph":[{"@type":"WebPage","@id":"https:\/\/perle-in.com\/produit\/stylo-bille-achromatique-im-parker-encre-bleue\/","url":"https:\/\/perle-in.com\/produit\/stylo-bille-achromatique-im-parker-encre-bleue\/","name":"Stylo bille achromatique IM Parker (encre bleue) - PERLE IN","isPartOf":{"@id":"https:\/\/perle-in.com\/#website"},"primaryImageOfPage":{"@id":"https:\/\/perle-in.com\/produit\/stylo-bille-achromatique-im-parker-encre-bleue\/#primaryimage"},"image":{"@id":"https:\/\/perle-in.com\/produit\/stylo-bille-achromatique-im-parker-encre-bleue\/#primaryimage"},"thumbnailUrl":"https:\/\/perle-in.com\/wp-content\/uploads\/2025\/10\/10780190-1.jpg","datePublished":"2025-10-14T19:05:09+00:00","dateModified":"2025-10-19T03:45:02+00:00","breadcrumb":{"@id":"https:\/\/perle-in.com\/produit\/stylo-bille-achromatique-im-parker-encre-bleue\/#breadcrumb"},"inLanguage":"en-CA","potentialAction":[{"@type":"ReadAction","target":["https:\/\/perle-in.com\/produit\/stylo-bille-achromatique-im-parker-encre-bleue\/"]}]},{"@type":"ImageObject","inLanguage":"en-CA","@id":"https:\/\/perle-in.com\/produit\/stylo-bille-achromatique-im-parker-encre-bleue\/#primaryimage","url":"https:\/\/perle-in.com\/wp-content\/uploads\/2025\/10\/10780190-1.jpg","contentUrl":"https:\/\/perle-in.com\/wp-content\/uploads\/2025\/10\/10780190-1.jpg","width":1600,"height":1600},{"@type":"BreadcrumbList","@id":"https:\/\/perle-in.com\/produit\/stylo-bille-achromatique-im-parker-encre-bleue\/#breadcrumb","itemListElement":[{"@type":"ListItem","position":1,"name":"Accueil","item":"https:\/\/perle-in.com\/"},{"@type":"ListItem","position":2,"name":"Boutique","item":"https:\/\/perle-in.com\/boutique\/"},{"@type":"ListItem","position":3,"name":"Stylo bille achromatique IM Parker (encre bleue)"}]},{"@type":"WebSite","@id":"https:\/\/perle-in.com\/#website","url":"https:\/\/perle-in.com\/","name":"PERLE IN","description":"","publisher":{"@id":"https:\/\/perle-in.com\/#organization"},"potentialAction":[{"@type":"SearchAction","target":{"@type":"EntryPoint","urlTemplate":"https:\/\/perle-in.com\/?s={search_term_string}"},"query-input":{"@type":"PropertyValueSpecification","valueRequired":true,"valueName":"search_term_string"}}],"inLanguage":"en-CA"},{"@type":"Organization","@id":"https:\/\/perle-in.com\/#organization","name":"PERLE IN","url":"https:\/\/perle-in.com\/","logo":{"@type":"ImageObject","inLanguage":"en-CA","@id":"https:\/\/perle-in.com\/#\/schema\/logo\/image\/","url":"https:\/\/perle-in.com\/wp-content\/uploads\/2022\/12\/LOGO-PERLE-IN-COULEUR@3x.webp","contentUrl":"https:\/\/perle-in.com\/wp-content\/uploads\/2022\/12\/LOGO-PERLE-IN-COULEUR@3x.webp","width":1600,"height":490,"caption":"PERLE IN"},"image":{"@id":"https:\/\/perle-in.com\/#\/schema\/logo\/image\/"}}]}},"jetpack_sharing_enabled":true,"_links":{"self":[{"href":"https:\/\/perle-in.com\/en\/wp-json\/wp\/v2\/product\/535791","targetHints":{"allow":["GET"]}}],"collection":[{"href":"https:\/\/perle-in.com\/en\/wp-json\/wp\/v2\/product"}],"about":[{"href":"https:\/\/perle-in.com\/en\/wp-json\/wp\/v2\/types\/product"}],"version-history":[{"count":0,"href":"https:\/\/perle-in.com\/en\/wp-json\/wp\/v2\/product\/535791\/revisions"}],"wp:featuredmedia":[{"embeddable":true,"href":"https:\/\/perle-in.com\/en\/wp-json\/wp\/v2\/media\/535784"}],"wp:attachment":[{"href":"https:\/\/perle-in.com\/en\/wp-json\/wp\/v2\/media?parent=535791"}],"wp:term":[{"taxonomy":"product_brand","embeddable":true,"href":"https:\/\/perle-in.com\/en\/wp-json\/wp\/v2\/product_brand?post=535791"},{"taxonomy":"product_cat","embeddable":true,"href":"https:\/\/perle-in.com\/en\/wp-json\/wp\/v2\/product_cat?post=535791"},{"taxonomy":"product_tag","embeddable":true,"href":"https:\/\/perle-in.com\/en\/wp-json\/wp\/v2\/product_tag?post=535791"}],"curies":[{"name":"wp","href":"https:\/\/api.w.org\/{rel}","templated":true}]}}