{"id":535774,"date":"2025-10-14T21:04:16","date_gmt":"2025-10-14T19:04:16","guid":{"rendered":"https:\/\/perle-in.com\/produit\/ecouteurs-essos-2-0-a-appariement-automatique-true-wireless-avec-boitier\/"},"modified":"2025-10-19T05:45:02","modified_gmt":"2025-10-19T03:45:02","slug":"ecouteurs-essos-2-0-a-appariement-automatique-true-wireless-avec-boitier","status":"publish","type":"product","link":"https:\/\/perle-in.com\/en\/product\/ecouteurs-essos-2-0-a-appariement-automatique-true-wireless-avec-boitier\/","title":{"rendered":"\u00c9couteurs Essos 2.0 \u00e0 appariement automatique True Wireless avec bo\u00eetier"},"content":{"rendered":"","protected":false},"excerpt":{"rendered":"<p>Les c\u00e9l\u00e8bres \u00e9couteurs Essos ont \u00e9t\u00e9 rafra\u00eechis avec cette nouvelle version 2.0\u00a0! Un design compl\u00e8tement nouveau avec le m\u00eame objectif de qualit\u00e9 \u00e0 l&#8217;esprit. Les \u00e9couteurs sont \u00e9quip\u00e9s de la technologie Bluetooth\u00ae 5.3, de l&#8217;appariement automatique et de la mise en marche automatique. Compl\u00e9t\u00e9s avec une fonction de transparence qui am\u00e9liorera le son qui vous entoure de l&#8217;ext\u00e9rieur gr\u00e2ce \u00e0 une programmation int\u00e9gr\u00e9e, vous permettant d&#8217;\u00eatre conscient de votre environnement lorsque vous portez des \u00e9couteurs. Il est m\u00eame possible de communiquer avec les gens sans retirer les \u00e9couteurs. Une fois que la batterie 300\u00a0mAh du bo\u00eetier est charg\u00e9e, elle peut charger les \u00e9couteurs 3\u00a0fois de 0 \u00e0 100\u00a0%. Avec plus de 3\u00a0heures de lecture au volume maximum sur une seule charge, ces \u00e9couteurs sont un must pour tout voyageur. Les \u00e9couteurs permettent une charge rapide. Une charge de seulement 10 minutes fournit plus de 60 minutes de lecture au volume maximum\u00a0! Ces \u00e9couteurs ergonomiques restent en place lors de vos d\u00e9placements. Avec contr\u00f4le de la musique et deux microphones int\u00e9gr\u00e9s pour garder les mains libres. Le bo\u00eetier peut \u00eatre charg\u00e9 en moins d\u20191,5\u00a0heure. Compatible avec Siri et Google Assistant. Fonctionnement du Bluetooth\u00ae sur une port\u00e9e de 10\u00a0m. Livr\u00e9 dans un coffret cadeau haut de gamme en mat\u00e9riau durable.<\/p>","protected":false},"featured_media":535764,"template":"","meta":{"_eb_attr":""},"product_brand":[],"product_cat":[1132,667],"product_tag":[818,826,822],"class_list":{"0":"post-535774","1":"product","2":"type-product","3":"status-publish","4":"has-post-thumbnail","6":"product_cat-ecouteurs","7":"product_cat-technologie","8":"product_tag-bluetooth","9":"product_tag-ecouteurs","10":"product_tag-musique","11":"pa_couleurs-blanc","12":"pa_couleurs-noir","14":"first","15":"instock","16":"shipping-taxable","17":"purchasable","18":"product-type-variable"},"yoast_head":"<!-- This site is optimized with the Yoast SEO plugin v27.4 - https:\/\/yoast.com\/product\/yoast-seo-wordpress\/ -->\n<title>\u00c9couteurs Essos 2.0 \u00e0 appariement automatique True Wireless avec bo\u00eetier - PERLE IN<\/title>\n<meta name=\"robots\" content=\"noindex, follow, max-snippet:-1, max-image-preview:large, max-video-preview:-1\" \/>\n<meta property=\"og:locale\" content=\"en_US\" \/>\n<meta property=\"og:type\" content=\"article\" \/>\n<meta property=\"og:title\" content=\"\u00c9couteurs Essos 2.0 \u00e0 appariement automatique True Wireless avec bo\u00eetier - PERLE IN\" \/>\n<meta property=\"og:description\" content=\"Les c\u00e9l\u00e8bres \u00e9couteurs Essos ont \u00e9t\u00e9 rafra\u00eechis avec cette nouvelle version 2.0\u00a0! Un design compl\u00e8tement nouveau avec le m\u00eame objectif de qualit\u00e9 \u00e0 l&#039;esprit. Les \u00e9couteurs sont \u00e9quip\u00e9s de la technologie Bluetooth\u00ae 5.3, de l&#039;appariement automatique et de la mise en marche automatique. Compl\u00e9t\u00e9s avec une fonction de transparence qui am\u00e9liorera le son qui vous entoure de l&#039;ext\u00e9rieur gr\u00e2ce \u00e0 une programmation int\u00e9gr\u00e9e, vous permettant d&#039;\u00eatre conscient de votre environnement lorsque vous portez des \u00e9couteurs. Il est m\u00eame possible de communiquer avec les gens sans retirer les \u00e9couteurs. Une fois que la batterie 300\u00a0mAh du bo\u00eetier est charg\u00e9e, elle peut charger les \u00e9couteurs 3\u00a0fois de 0 \u00e0 100\u00a0%. Avec plus de 3\u00a0heures de lecture au volume maximum sur une seule charge, ces \u00e9couteurs sont un must pour tout voyageur. Les \u00e9couteurs permettent une charge rapide. Une charge de seulement 10 minutes fournit plus de 60 minutes de lecture au volume maximum\u00a0! Ces \u00e9couteurs ergonomiques restent en place lors de vos d\u00e9placements. Avec contr\u00f4le de la musique et deux microphones int\u00e9gr\u00e9s pour garder les mains libres. Le bo\u00eetier peut \u00eatre charg\u00e9 en moins d\u20191,5\u00a0heure. Compatible avec Siri et Google Assistant. Fonctionnement du Bluetooth\u00ae sur une port\u00e9e de 10\u00a0m. Livr\u00e9 dans un coffret cadeau haut de gamme en mat\u00e9riau durable.\" \/>\n<meta property=\"og:url\" content=\"https:\/\/perle-in.com\/en\/product\/ecouteurs-essos-2-0-a-appariement-automatique-true-wireless-avec-boitier\/\" \/>\n<meta property=\"og:site_name\" content=\"PERLE IN\" \/>\n<meta property=\"article:modified_time\" content=\"2025-10-19T03:45:02+00:00\" \/>\n<meta property=\"og:image\" content=\"https:\/\/perle-in.com\/wp-content\/uploads\/2025\/10\/12429001-1.jpg\" \/>\n\t<meta property=\"og:image:width\" content=\"1600\" \/>\n\t<meta property=\"og:image:height\" content=\"1600\" \/>\n\t<meta property=\"og:image:type\" content=\"image\/jpeg\" \/>\n<meta name=\"twitter:card\" content=\"summary_large_image\" \/>\n<script type=\"application\/ld+json\" class=\"yoast-schema-graph\">{\"@context\":\"https:\\\/\\\/schema.org\",\"@graph\":[{\"@type\":\"WebPage\",\"@id\":\"https:\\\/\\\/perle-in.com\\\/en\\\/product\\\/ecouteurs-essos-2-0-a-appariement-automatique-true-wireless-avec-boitier\\\/\",\"url\":\"https:\\\/\\\/perle-in.com\\\/en\\\/product\\\/ecouteurs-essos-2-0-a-appariement-automatique-true-wireless-avec-boitier\\\/\",\"name\":\"\u00c9couteurs Essos 2.0 \u00e0 appariement automatique True Wireless avec bo\u00eetier - PERLE IN\",\"isPartOf\":{\"@id\":\"https:\\\/\\\/perle-in.com\\\/#website\"},\"primaryImageOfPage\":{\"@id\":\"https:\\\/\\\/perle-in.com\\\/en\\\/product\\\/ecouteurs-essos-2-0-a-appariement-automatique-true-wireless-avec-boitier\\\/#primaryimage\"},\"image\":{\"@id\":\"https:\\\/\\\/perle-in.com\\\/en\\\/product\\\/ecouteurs-essos-2-0-a-appariement-automatique-true-wireless-avec-boitier\\\/#primaryimage\"},\"thumbnailUrl\":\"https:\\\/\\\/perle-in.com\\\/wp-content\\\/uploads\\\/2025\\\/10\\\/12429001-1.jpg\",\"datePublished\":\"2025-10-14T19:04:16+00:00\",\"dateModified\":\"2025-10-19T03:45:02+00:00\",\"breadcrumb\":{\"@id\":\"https:\\\/\\\/perle-in.com\\\/en\\\/product\\\/ecouteurs-essos-2-0-a-appariement-automatique-true-wireless-avec-boitier\\\/#breadcrumb\"},\"inLanguage\":\"en-CA\",\"potentialAction\":[{\"@type\":\"ReadAction\",\"target\":[\"https:\\\/\\\/perle-in.com\\\/en\\\/product\\\/ecouteurs-essos-2-0-a-appariement-automatique-true-wireless-avec-boitier\\\/\"]}]},{\"@type\":\"ImageObject\",\"inLanguage\":\"en-CA\",\"@id\":\"https:\\\/\\\/perle-in.com\\\/en\\\/product\\\/ecouteurs-essos-2-0-a-appariement-automatique-true-wireless-avec-boitier\\\/#primaryimage\",\"url\":\"https:\\\/\\\/perle-in.com\\\/wp-content\\\/uploads\\\/2025\\\/10\\\/12429001-1.jpg\",\"contentUrl\":\"https:\\\/\\\/perle-in.com\\\/wp-content\\\/uploads\\\/2025\\\/10\\\/12429001-1.jpg\",\"width\":1600,\"height\":1600},{\"@type\":\"BreadcrumbList\",\"@id\":\"https:\\\/\\\/perle-in.com\\\/en\\\/product\\\/ecouteurs-essos-2-0-a-appariement-automatique-true-wireless-avec-boitier\\\/#breadcrumb\",\"itemListElement\":[{\"@type\":\"ListItem\",\"position\":1,\"name\":\"Accueil\",\"item\":\"https:\\\/\\\/perle-in.com\\\/\"},{\"@type\":\"ListItem\",\"position\":2,\"name\":\"Boutique\",\"item\":\"https:\\\/\\\/perle-in.com\\\/boutique\\\/\"},{\"@type\":\"ListItem\",\"position\":3,\"name\":\"\u00c9couteurs Essos 2.0 \u00e0 appariement automatique True Wireless avec bo\u00eetier\"}]},{\"@type\":\"WebSite\",\"@id\":\"https:\\\/\\\/perle-in.com\\\/#website\",\"url\":\"https:\\\/\\\/perle-in.com\\\/\",\"name\":\"PERLE IN\",\"description\":\"\",\"publisher\":{\"@id\":\"https:\\\/\\\/perle-in.com\\\/#organization\"},\"potentialAction\":[{\"@type\":\"SearchAction\",\"target\":{\"@type\":\"EntryPoint\",\"urlTemplate\":\"https:\\\/\\\/perle-in.com\\\/?s={search_term_string}\"},\"query-input\":{\"@type\":\"PropertyValueSpecification\",\"valueRequired\":true,\"valueName\":\"search_term_string\"}}],\"inLanguage\":\"en-CA\"},{\"@type\":\"Organization\",\"@id\":\"https:\\\/\\\/perle-in.com\\\/#organization\",\"name\":\"PERLE IN\",\"url\":\"https:\\\/\\\/perle-in.com\\\/\",\"logo\":{\"@type\":\"ImageObject\",\"inLanguage\":\"en-CA\",\"@id\":\"https:\\\/\\\/perle-in.com\\\/#\\\/schema\\\/logo\\\/image\\\/\",\"url\":\"https:\\\/\\\/perle-in.com\\\/wp-content\\\/uploads\\\/2022\\\/12\\\/LOGO-PERLE-IN-COULEUR@3x.webp\",\"contentUrl\":\"https:\\\/\\\/perle-in.com\\\/wp-content\\\/uploads\\\/2022\\\/12\\\/LOGO-PERLE-IN-COULEUR@3x.webp\",\"width\":1600,\"height\":490,\"caption\":\"PERLE IN\"},\"image\":{\"@id\":\"https:\\\/\\\/perle-in.com\\\/#\\\/schema\\\/logo\\\/image\\\/\"}}]}<\/script>\n<!-- \/ Yoast SEO plugin. -->","yoast_head_json":{"title":"\u00c9couteurs Essos 2.0 \u00e0 appariement automatique True Wireless avec bo\u00eetier - PERLE IN","robots":{"index":"noindex","follow":"follow","max-snippet":"max-snippet:-1","max-image-preview":"max-image-preview:large","max-video-preview":"max-video-preview:-1"},"og_locale":"en_US","og_type":"article","og_title":"\u00c9couteurs Essos 2.0 \u00e0 appariement automatique True Wireless avec bo\u00eetier - PERLE IN","og_description":"Les c\u00e9l\u00e8bres \u00e9couteurs Essos ont \u00e9t\u00e9 rafra\u00eechis avec cette nouvelle version 2.0\u00a0! Un design compl\u00e8tement nouveau avec le m\u00eame objectif de qualit\u00e9 \u00e0 l'esprit. Les \u00e9couteurs sont \u00e9quip\u00e9s de la technologie Bluetooth\u00ae 5.3, de l'appariement automatique et de la mise en marche automatique. Compl\u00e9t\u00e9s avec une fonction de transparence qui am\u00e9liorera le son qui vous entoure de l'ext\u00e9rieur gr\u00e2ce \u00e0 une programmation int\u00e9gr\u00e9e, vous permettant d'\u00eatre conscient de votre environnement lorsque vous portez des \u00e9couteurs. Il est m\u00eame possible de communiquer avec les gens sans retirer les \u00e9couteurs. Une fois que la batterie 300\u00a0mAh du bo\u00eetier est charg\u00e9e, elle peut charger les \u00e9couteurs 3\u00a0fois de 0 \u00e0 100\u00a0%. Avec plus de 3\u00a0heures de lecture au volume maximum sur une seule charge, ces \u00e9couteurs sont un must pour tout voyageur. Les \u00e9couteurs permettent une charge rapide. Une charge de seulement 10 minutes fournit plus de 60 minutes de lecture au volume maximum\u00a0! Ces \u00e9couteurs ergonomiques restent en place lors de vos d\u00e9placements. Avec contr\u00f4le de la musique et deux microphones int\u00e9gr\u00e9s pour garder les mains libres. Le bo\u00eetier peut \u00eatre charg\u00e9 en moins d\u20191,5\u00a0heure. Compatible avec Siri et Google Assistant. Fonctionnement du Bluetooth\u00ae sur une port\u00e9e de 10\u00a0m. Livr\u00e9 dans un coffret cadeau haut de gamme en mat\u00e9riau durable.","og_url":"https:\/\/perle-in.com\/en\/product\/ecouteurs-essos-2-0-a-appariement-automatique-true-wireless-avec-boitier\/","og_site_name":"PERLE IN","article_modified_time":"2025-10-19T03:45:02+00:00","og_image":[{"width":1600,"height":1600,"url":"https:\/\/perle-in.com\/wp-content\/uploads\/2025\/10\/12429001-1.jpg","type":"image\/jpeg"}],"twitter_card":"summary_large_image","schema":{"@context":"https:\/\/schema.org","@graph":[{"@type":"WebPage","@id":"https:\/\/perle-in.com\/en\/product\/ecouteurs-essos-2-0-a-appariement-automatique-true-wireless-avec-boitier\/","url":"https:\/\/perle-in.com\/en\/product\/ecouteurs-essos-2-0-a-appariement-automatique-true-wireless-avec-boitier\/","name":"\u00c9couteurs Essos 2.0 \u00e0 appariement automatique True Wireless avec bo\u00eetier - PERLE IN","isPartOf":{"@id":"https:\/\/perle-in.com\/#website"},"primaryImageOfPage":{"@id":"https:\/\/perle-in.com\/en\/product\/ecouteurs-essos-2-0-a-appariement-automatique-true-wireless-avec-boitier\/#primaryimage"},"image":{"@id":"https:\/\/perle-in.com\/en\/product\/ecouteurs-essos-2-0-a-appariement-automatique-true-wireless-avec-boitier\/#primaryimage"},"thumbnailUrl":"https:\/\/perle-in.com\/wp-content\/uploads\/2025\/10\/12429001-1.jpg","datePublished":"2025-10-14T19:04:16+00:00","dateModified":"2025-10-19T03:45:02+00:00","breadcrumb":{"@id":"https:\/\/perle-in.com\/en\/product\/ecouteurs-essos-2-0-a-appariement-automatique-true-wireless-avec-boitier\/#breadcrumb"},"inLanguage":"en-CA","potentialAction":[{"@type":"ReadAction","target":["https:\/\/perle-in.com\/en\/product\/ecouteurs-essos-2-0-a-appariement-automatique-true-wireless-avec-boitier\/"]}]},{"@type":"ImageObject","inLanguage":"en-CA","@id":"https:\/\/perle-in.com\/en\/product\/ecouteurs-essos-2-0-a-appariement-automatique-true-wireless-avec-boitier\/#primaryimage","url":"https:\/\/perle-in.com\/wp-content\/uploads\/2025\/10\/12429001-1.jpg","contentUrl":"https:\/\/perle-in.com\/wp-content\/uploads\/2025\/10\/12429001-1.jpg","width":1600,"height":1600},{"@type":"BreadcrumbList","@id":"https:\/\/perle-in.com\/en\/product\/ecouteurs-essos-2-0-a-appariement-automatique-true-wireless-avec-boitier\/#breadcrumb","itemListElement":[{"@type":"ListItem","position":1,"name":"Accueil","item":"https:\/\/perle-in.com\/"},{"@type":"ListItem","position":2,"name":"Boutique","item":"https:\/\/perle-in.com\/boutique\/"},{"@type":"ListItem","position":3,"name":"\u00c9couteurs Essos 2.0 \u00e0 appariement automatique True Wireless avec bo\u00eetier"}]},{"@type":"WebSite","@id":"https:\/\/perle-in.com\/#website","url":"https:\/\/perle-in.com\/","name":"PERLE IN","description":"","publisher":{"@id":"https:\/\/perle-in.com\/#organization"},"potentialAction":[{"@type":"SearchAction","target":{"@type":"EntryPoint","urlTemplate":"https:\/\/perle-in.com\/?s={search_term_string}"},"query-input":{"@type":"PropertyValueSpecification","valueRequired":true,"valueName":"search_term_string"}}],"inLanguage":"en-CA"},{"@type":"Organization","@id":"https:\/\/perle-in.com\/#organization","name":"PERLE IN","url":"https:\/\/perle-in.com\/","logo":{"@type":"ImageObject","inLanguage":"en-CA","@id":"https:\/\/perle-in.com\/#\/schema\/logo\/image\/","url":"https:\/\/perle-in.com\/wp-content\/uploads\/2022\/12\/LOGO-PERLE-IN-COULEUR@3x.webp","contentUrl":"https:\/\/perle-in.com\/wp-content\/uploads\/2022\/12\/LOGO-PERLE-IN-COULEUR@3x.webp","width":1600,"height":490,"caption":"PERLE IN"},"image":{"@id":"https:\/\/perle-in.com\/#\/schema\/logo\/image\/"}}]}},"jetpack_sharing_enabled":true,"_links":{"self":[{"href":"https:\/\/perle-in.com\/en\/wp-json\/wp\/v2\/product\/535774","targetHints":{"allow":["GET"]}}],"collection":[{"href":"https:\/\/perle-in.com\/en\/wp-json\/wp\/v2\/product"}],"about":[{"href":"https:\/\/perle-in.com\/en\/wp-json\/wp\/v2\/types\/product"}],"version-history":[{"count":0,"href":"https:\/\/perle-in.com\/en\/wp-json\/wp\/v2\/product\/535774\/revisions"}],"wp:featuredmedia":[{"embeddable":true,"href":"https:\/\/perle-in.com\/en\/wp-json\/wp\/v2\/media\/535764"}],"wp:attachment":[{"href":"https:\/\/perle-in.com\/en\/wp-json\/wp\/v2\/media?parent=535774"}],"wp:term":[{"taxonomy":"product_brand","embeddable":true,"href":"https:\/\/perle-in.com\/en\/wp-json\/wp\/v2\/product_brand?post=535774"},{"taxonomy":"product_cat","embeddable":true,"href":"https:\/\/perle-in.com\/en\/wp-json\/wp\/v2\/product_cat?post=535774"},{"taxonomy":"product_tag","embeddable":true,"href":"https:\/\/perle-in.com\/en\/wp-json\/wp\/v2\/product_tag?post=535774"}],"curies":[{"name":"wp","href":"https:\/\/api.w.org\/{rel}","templated":true}]}}