{"id":535749,"date":"2025-10-14T21:03:12","date_gmt":"2025-10-14T19:03:12","guid":{"rendered":"https:\/\/perle-in.com\/produit\/tasse-2-pieces-manti-de-350-ml-a-double-paroi-en-verre-avec-sous-verre-en-bambou\/"},"modified":"2025-10-19T05:45:02","modified_gmt":"2025-10-19T03:45:02","slug":"tasse-2-pieces-manti-de-350-ml-a-double-paroi-en-verre-avec-sous-verre-en-bambou","status":"publish","type":"product","link":"https:\/\/perle-in.com\/en\/product\/tasse-2-pieces-manti-de-350-ml-a-double-paroi-en-verre-avec-sous-verre-en-bambou\/","title":{"rendered":"Tasse 2\u00a0pi\u00e8ces Manti de 350\u00a0ml \u00e0 double paroi en verre avec sous-verre en bambou"},"content":{"rendered":"","protected":false},"excerpt":{"rendered":"<p>Un ensemble de 2\u00a0verres thermiques \u00e0 double paroi avec sous-verre en bambou. Le bambou utilis\u00e9 provient de sources durables, environnementales et socialement responsables. Gr\u00e2ce au verre borosilicate double, la temp\u00e9rature de la boisson est conserv\u00e9e longtemps. Capacit\u00e9 de 350 ml. Dimensions du sous-verre\u00a0: 10 x 10 x 1 cm.<\/p>","protected":false},"featured_media":535740,"template":"","meta":{"_eb_attr":""},"product_brand":[],"product_cat":[150,1239],"product_tag":[2871,225,191,2123,1736,227,1756],"class_list":{"0":"post-535749","1":"product","2":"type-product","3":"status-publish","4":"has-post-thumbnail","6":"product_cat-maison-et-cuisine","7":"product_cat-verres-et-carafes","8":"product_tag-borosilicate","9":"product_tag-cafe","10":"product_tag-mugs","11":"product_tag-sous-verre","12":"product_tag-tasses","13":"product_tag-the","14":"product_tag-verre","15":"pa_couleurs-translucide-naturel","16":"pa_marque-seasons","17":"pa_matiere-verre-borosilicate-bambou","19":"first","20":"instock","21":"shipping-taxable","22":"purchasable","23":"product-type-variable"},"yoast_head":"<!-- This site is optimized with the Yoast SEO plugin v27.4 - https:\/\/yoast.com\/product\/yoast-seo-wordpress\/ -->\n<title>Tasse 2\u00a0pi\u00e8ces Manti de 350\u00a0ml \u00e0 double paroi en verre avec sous-verre en bambou - PERLE IN<\/title>\n<meta name=\"robots\" content=\"noindex, follow, max-snippet:-1, max-image-preview:large, max-video-preview:-1\" \/>\n<meta property=\"og:locale\" content=\"en_US\" \/>\n<meta property=\"og:type\" content=\"article\" \/>\n<meta property=\"og:title\" content=\"Tasse 2\u00a0pi\u00e8ces Manti de 350\u00a0ml \u00e0 double paroi en verre avec sous-verre en bambou - PERLE IN\" \/>\n<meta property=\"og:description\" content=\"Un ensemble de 2\u00a0verres thermiques \u00e0 double paroi avec sous-verre en bambou. Le bambou utilis\u00e9 provient de sources durables, environnementales et socialement responsables. Gr\u00e2ce au verre borosilicate double, la temp\u00e9rature de la boisson est conserv\u00e9e longtemps. Capacit\u00e9 de 350 ml. Dimensions du sous-verre\u00a0: 10 x 10 x 1 cm.\" \/>\n<meta property=\"og:url\" content=\"https:\/\/perle-in.com\/en\/product\/tasse-2-pieces-manti-de-350-ml-a-double-paroi-en-verre-avec-sous-verre-en-bambou\/\" \/>\n<meta property=\"og:site_name\" content=\"PERLE IN\" \/>\n<meta property=\"article:modified_time\" content=\"2025-10-19T03:45:02+00:00\" \/>\n<meta property=\"og:image\" content=\"https:\/\/perle-in.com\/wp-content\/uploads\/2025\/10\/11331601-1.jpg\" \/>\n\t<meta property=\"og:image:width\" content=\"1600\" \/>\n\t<meta property=\"og:image:height\" content=\"1600\" \/>\n\t<meta property=\"og:image:type\" content=\"image\/jpeg\" \/>\n<meta name=\"twitter:card\" content=\"summary_large_image\" \/>\n<script type=\"application\/ld+json\" class=\"yoast-schema-graph\">{\"@context\":\"https:\\\/\\\/schema.org\",\"@graph\":[{\"@type\":\"WebPage\",\"@id\":\"https:\\\/\\\/perle-in.com\\\/produit\\\/tasse-2-pieces-manti-de-350-ml-a-double-paroi-en-verre-avec-sous-verre-en-bambou\\\/\",\"url\":\"https:\\\/\\\/perle-in.com\\\/produit\\\/tasse-2-pieces-manti-de-350-ml-a-double-paroi-en-verre-avec-sous-verre-en-bambou\\\/\",\"name\":\"Tasse 2\u00a0pi\u00e8ces Manti de 350\u00a0ml \u00e0 double paroi en verre avec sous-verre en bambou - PERLE IN\",\"isPartOf\":{\"@id\":\"https:\\\/\\\/perle-in.com\\\/#website\"},\"primaryImageOfPage\":{\"@id\":\"https:\\\/\\\/perle-in.com\\\/produit\\\/tasse-2-pieces-manti-de-350-ml-a-double-paroi-en-verre-avec-sous-verre-en-bambou\\\/#primaryimage\"},\"image\":{\"@id\":\"https:\\\/\\\/perle-in.com\\\/produit\\\/tasse-2-pieces-manti-de-350-ml-a-double-paroi-en-verre-avec-sous-verre-en-bambou\\\/#primaryimage\"},\"thumbnailUrl\":\"https:\\\/\\\/perle-in.com\\\/wp-content\\\/uploads\\\/2025\\\/10\\\/11331601-1.jpg\",\"datePublished\":\"2025-10-14T19:03:12+00:00\",\"dateModified\":\"2025-10-19T03:45:02+00:00\",\"breadcrumb\":{\"@id\":\"https:\\\/\\\/perle-in.com\\\/produit\\\/tasse-2-pieces-manti-de-350-ml-a-double-paroi-en-verre-avec-sous-verre-en-bambou\\\/#breadcrumb\"},\"inLanguage\":\"en-CA\",\"potentialAction\":[{\"@type\":\"ReadAction\",\"target\":[\"https:\\\/\\\/perle-in.com\\\/produit\\\/tasse-2-pieces-manti-de-350-ml-a-double-paroi-en-verre-avec-sous-verre-en-bambou\\\/\"]}]},{\"@type\":\"ImageObject\",\"inLanguage\":\"en-CA\",\"@id\":\"https:\\\/\\\/perle-in.com\\\/produit\\\/tasse-2-pieces-manti-de-350-ml-a-double-paroi-en-verre-avec-sous-verre-en-bambou\\\/#primaryimage\",\"url\":\"https:\\\/\\\/perle-in.com\\\/wp-content\\\/uploads\\\/2025\\\/10\\\/11331601-1.jpg\",\"contentUrl\":\"https:\\\/\\\/perle-in.com\\\/wp-content\\\/uploads\\\/2025\\\/10\\\/11331601-1.jpg\",\"width\":1600,\"height\":1600},{\"@type\":\"BreadcrumbList\",\"@id\":\"https:\\\/\\\/perle-in.com\\\/produit\\\/tasse-2-pieces-manti-de-350-ml-a-double-paroi-en-verre-avec-sous-verre-en-bambou\\\/#breadcrumb\",\"itemListElement\":[{\"@type\":\"ListItem\",\"position\":1,\"name\":\"Accueil\",\"item\":\"https:\\\/\\\/perle-in.com\\\/\"},{\"@type\":\"ListItem\",\"position\":2,\"name\":\"Boutique\",\"item\":\"https:\\\/\\\/perle-in.com\\\/boutique\\\/\"},{\"@type\":\"ListItem\",\"position\":3,\"name\":\"Tasse 2\u00a0pi\u00e8ces Manti de 350\u00a0ml \u00e0 double paroi en verre avec sous-verre en bambou\"}]},{\"@type\":\"WebSite\",\"@id\":\"https:\\\/\\\/perle-in.com\\\/#website\",\"url\":\"https:\\\/\\\/perle-in.com\\\/\",\"name\":\"PERLE IN\",\"description\":\"\",\"publisher\":{\"@id\":\"https:\\\/\\\/perle-in.com\\\/#organization\"},\"potentialAction\":[{\"@type\":\"SearchAction\",\"target\":{\"@type\":\"EntryPoint\",\"urlTemplate\":\"https:\\\/\\\/perle-in.com\\\/?s={search_term_string}\"},\"query-input\":{\"@type\":\"PropertyValueSpecification\",\"valueRequired\":true,\"valueName\":\"search_term_string\"}}],\"inLanguage\":\"en-CA\"},{\"@type\":\"Organization\",\"@id\":\"https:\\\/\\\/perle-in.com\\\/#organization\",\"name\":\"PERLE IN\",\"url\":\"https:\\\/\\\/perle-in.com\\\/\",\"logo\":{\"@type\":\"ImageObject\",\"inLanguage\":\"en-CA\",\"@id\":\"https:\\\/\\\/perle-in.com\\\/#\\\/schema\\\/logo\\\/image\\\/\",\"url\":\"https:\\\/\\\/perle-in.com\\\/wp-content\\\/uploads\\\/2022\\\/12\\\/LOGO-PERLE-IN-COULEUR@3x.webp\",\"contentUrl\":\"https:\\\/\\\/perle-in.com\\\/wp-content\\\/uploads\\\/2022\\\/12\\\/LOGO-PERLE-IN-COULEUR@3x.webp\",\"width\":1600,\"height\":490,\"caption\":\"PERLE IN\"},\"image\":{\"@id\":\"https:\\\/\\\/perle-in.com\\\/#\\\/schema\\\/logo\\\/image\\\/\"}}]}<\/script>\n<!-- \/ Yoast SEO plugin. -->","yoast_head_json":{"title":"Tasse 2\u00a0pi\u00e8ces Manti de 350\u00a0ml \u00e0 double paroi en verre avec sous-verre en bambou - PERLE IN","robots":{"index":"noindex","follow":"follow","max-snippet":"max-snippet:-1","max-image-preview":"max-image-preview:large","max-video-preview":"max-video-preview:-1"},"og_locale":"en_US","og_type":"article","og_title":"Tasse 2\u00a0pi\u00e8ces Manti de 350\u00a0ml \u00e0 double paroi en verre avec sous-verre en bambou - PERLE IN","og_description":"Un ensemble de 2\u00a0verres thermiques \u00e0 double paroi avec sous-verre en bambou. Le bambou utilis\u00e9 provient de sources durables, environnementales et socialement responsables. Gr\u00e2ce au verre borosilicate double, la temp\u00e9rature de la boisson est conserv\u00e9e longtemps. Capacit\u00e9 de 350 ml. Dimensions du sous-verre\u00a0: 10 x 10 x 1 cm.","og_url":"https:\/\/perle-in.com\/en\/product\/tasse-2-pieces-manti-de-350-ml-a-double-paroi-en-verre-avec-sous-verre-en-bambou\/","og_site_name":"PERLE IN","article_modified_time":"2025-10-19T03:45:02+00:00","og_image":[{"width":1600,"height":1600,"url":"https:\/\/perle-in.com\/wp-content\/uploads\/2025\/10\/11331601-1.jpg","type":"image\/jpeg"}],"twitter_card":"summary_large_image","schema":{"@context":"https:\/\/schema.org","@graph":[{"@type":"WebPage","@id":"https:\/\/perle-in.com\/produit\/tasse-2-pieces-manti-de-350-ml-a-double-paroi-en-verre-avec-sous-verre-en-bambou\/","url":"https:\/\/perle-in.com\/produit\/tasse-2-pieces-manti-de-350-ml-a-double-paroi-en-verre-avec-sous-verre-en-bambou\/","name":"Tasse 2\u00a0pi\u00e8ces Manti de 350\u00a0ml \u00e0 double paroi en verre avec sous-verre en bambou - PERLE IN","isPartOf":{"@id":"https:\/\/perle-in.com\/#website"},"primaryImageOfPage":{"@id":"https:\/\/perle-in.com\/produit\/tasse-2-pieces-manti-de-350-ml-a-double-paroi-en-verre-avec-sous-verre-en-bambou\/#primaryimage"},"image":{"@id":"https:\/\/perle-in.com\/produit\/tasse-2-pieces-manti-de-350-ml-a-double-paroi-en-verre-avec-sous-verre-en-bambou\/#primaryimage"},"thumbnailUrl":"https:\/\/perle-in.com\/wp-content\/uploads\/2025\/10\/11331601-1.jpg","datePublished":"2025-10-14T19:03:12+00:00","dateModified":"2025-10-19T03:45:02+00:00","breadcrumb":{"@id":"https:\/\/perle-in.com\/produit\/tasse-2-pieces-manti-de-350-ml-a-double-paroi-en-verre-avec-sous-verre-en-bambou\/#breadcrumb"},"inLanguage":"en-CA","potentialAction":[{"@type":"ReadAction","target":["https:\/\/perle-in.com\/produit\/tasse-2-pieces-manti-de-350-ml-a-double-paroi-en-verre-avec-sous-verre-en-bambou\/"]}]},{"@type":"ImageObject","inLanguage":"en-CA","@id":"https:\/\/perle-in.com\/produit\/tasse-2-pieces-manti-de-350-ml-a-double-paroi-en-verre-avec-sous-verre-en-bambou\/#primaryimage","url":"https:\/\/perle-in.com\/wp-content\/uploads\/2025\/10\/11331601-1.jpg","contentUrl":"https:\/\/perle-in.com\/wp-content\/uploads\/2025\/10\/11331601-1.jpg","width":1600,"height":1600},{"@type":"BreadcrumbList","@id":"https:\/\/perle-in.com\/produit\/tasse-2-pieces-manti-de-350-ml-a-double-paroi-en-verre-avec-sous-verre-en-bambou\/#breadcrumb","itemListElement":[{"@type":"ListItem","position":1,"name":"Accueil","item":"https:\/\/perle-in.com\/"},{"@type":"ListItem","position":2,"name":"Boutique","item":"https:\/\/perle-in.com\/boutique\/"},{"@type":"ListItem","position":3,"name":"Tasse 2\u00a0pi\u00e8ces Manti de 350\u00a0ml \u00e0 double paroi en verre avec sous-verre en bambou"}]},{"@type":"WebSite","@id":"https:\/\/perle-in.com\/#website","url":"https:\/\/perle-in.com\/","name":"PERLE IN","description":"","publisher":{"@id":"https:\/\/perle-in.com\/#organization"},"potentialAction":[{"@type":"SearchAction","target":{"@type":"EntryPoint","urlTemplate":"https:\/\/perle-in.com\/?s={search_term_string}"},"query-input":{"@type":"PropertyValueSpecification","valueRequired":true,"valueName":"search_term_string"}}],"inLanguage":"en-CA"},{"@type":"Organization","@id":"https:\/\/perle-in.com\/#organization","name":"PERLE IN","url":"https:\/\/perle-in.com\/","logo":{"@type":"ImageObject","inLanguage":"en-CA","@id":"https:\/\/perle-in.com\/#\/schema\/logo\/image\/","url":"https:\/\/perle-in.com\/wp-content\/uploads\/2022\/12\/LOGO-PERLE-IN-COULEUR@3x.webp","contentUrl":"https:\/\/perle-in.com\/wp-content\/uploads\/2022\/12\/LOGO-PERLE-IN-COULEUR@3x.webp","width":1600,"height":490,"caption":"PERLE IN"},"image":{"@id":"https:\/\/perle-in.com\/#\/schema\/logo\/image\/"}}]}},"jetpack_sharing_enabled":true,"_links":{"self":[{"href":"https:\/\/perle-in.com\/en\/wp-json\/wp\/v2\/product\/535749","targetHints":{"allow":["GET"]}}],"collection":[{"href":"https:\/\/perle-in.com\/en\/wp-json\/wp\/v2\/product"}],"about":[{"href":"https:\/\/perle-in.com\/en\/wp-json\/wp\/v2\/types\/product"}],"version-history":[{"count":0,"href":"https:\/\/perle-in.com\/en\/wp-json\/wp\/v2\/product\/535749\/revisions"}],"wp:featuredmedia":[{"embeddable":true,"href":"https:\/\/perle-in.com\/en\/wp-json\/wp\/v2\/media\/535740"}],"wp:attachment":[{"href":"https:\/\/perle-in.com\/en\/wp-json\/wp\/v2\/media?parent=535749"}],"wp:term":[{"taxonomy":"product_brand","embeddable":true,"href":"https:\/\/perle-in.com\/en\/wp-json\/wp\/v2\/product_brand?post=535749"},{"taxonomy":"product_cat","embeddable":true,"href":"https:\/\/perle-in.com\/en\/wp-json\/wp\/v2\/product_cat?post=535749"},{"taxonomy":"product_tag","embeddable":true,"href":"https:\/\/perle-in.com\/en\/wp-json\/wp\/v2\/product_tag?post=535749"}],"curies":[{"name":"wp","href":"https:\/\/api.w.org\/{rel}","templated":true}]}}