{"id":535716,"date":"2025-10-14T21:00:22","date_gmt":"2025-10-14T19:00:22","guid":{"rendered":"https:\/\/perle-in.com\/produit\/presse-a-cafe-ivorie-600-ml\/"},"modified":"2025-10-19T05:45:01","modified_gmt":"2025-10-19T03:45:01","slug":"presse-a-cafe-ivorie-600-ml","status":"publish","type":"product","link":"https:\/\/perle-in.com\/en\/product\/presse-a-cafe-ivorie-600-ml\/","title":{"rendered":"Presse \u00e0 caf\u00e9 Ivorie 600\u00a0ml"},"content":{"rendered":"","protected":false},"excerpt":{"rendered":"<p>Presse fran\u00e7aise au design \u00e9l\u00e9gant et au couvercle en bois d&#8217;acacia provenant de sources durables, environnementales et socialement responsables. Capacit\u00e9 de 600 ml. Pr\u00e9parez vos 3\u00a0tasses de caf\u00e9 fra\u00eechement infus\u00e9es en seulement quelques minutes. Ajoutez le caf\u00e9 grossi\u00e8rement moulu dans la cruche en verre. Remplissez d&#8217;eau chaude et laissez infuser \u00e0 votre go\u00fbt. Appuyez lentement sur le flacon. Votre caf\u00e9 est pr\u00eat\u00a0! Vous pouvez \u00e9galement pr\u00e9parer du th\u00e9, du chocolat chaud, du lait, du th\u00e9 aux fruits et de la limonade. Gr\u00e2ce au verre borosilicate, non seulement votre presse fran\u00e7aise attire tous les regards dans votre cuisine, mais elle aussi tr\u00e8s indispensable pour vos aventures et sorties. <\/p>","protected":false},"featured_media":535706,"template":"","meta":{"_eb_attr":""},"product_brand":[],"product_cat":[150,878],"product_tag":[225,861,860,862,3094],"class_list":{"0":"post-535716","1":"product","2":"type-product","3":"status-publish","4":"has-post-thumbnail","6":"product_cat-maison-et-cuisine","7":"product_cat-ustensiles-de-cuisine","8":"product_tag-cafe","9":"product_tag-cuisine","10":"product_tag-machine-a-cafe","11":"product_tag-maison","12":"product_tag-presse-francaise","13":"pa_couleurs-translucide-bois","14":"pa_marque-seasons","15":"pa_matiere-acacia-verre-borosilicate-acier-inoxydable","17":"first","18":"instock","19":"shipping-taxable","20":"purchasable","21":"product-type-variable"},"yoast_head":"<!-- This site is optimized with the Yoast SEO plugin v27.4 - https:\/\/yoast.com\/product\/yoast-seo-wordpress\/ -->\n<title>Presse \u00e0 caf\u00e9 Ivorie 600\u00a0ml - PERLE IN<\/title>\n<meta name=\"robots\" content=\"noindex, follow, max-snippet:-1, max-image-preview:large, max-video-preview:-1\" \/>\n<meta property=\"og:locale\" content=\"en_US\" \/>\n<meta property=\"og:type\" content=\"article\" \/>\n<meta property=\"og:title\" content=\"Presse \u00e0 caf\u00e9 Ivorie 600\u00a0ml - PERLE IN\" \/>\n<meta property=\"og:description\" content=\"Presse fran\u00e7aise au design \u00e9l\u00e9gant et au couvercle en bois d&#039;acacia provenant de sources durables, environnementales et socialement responsables. Capacit\u00e9 de 600 ml. Pr\u00e9parez vos 3\u00a0tasses de caf\u00e9 fra\u00eechement infus\u00e9es en seulement quelques minutes. Ajoutez le caf\u00e9 grossi\u00e8rement moulu dans la cruche en verre. Remplissez d&#039;eau chaude et laissez infuser \u00e0 votre go\u00fbt. Appuyez lentement sur le flacon. Votre caf\u00e9 est pr\u00eat\u00a0! Vous pouvez \u00e9galement pr\u00e9parer du th\u00e9, du chocolat chaud, du lait, du th\u00e9 aux fruits et de la limonade. Gr\u00e2ce au verre borosilicate, non seulement votre presse fran\u00e7aise attire tous les regards dans votre cuisine, mais elle aussi tr\u00e8s indispensable pour vos aventures et sorties.\" \/>\n<meta property=\"og:url\" content=\"https:\/\/perle-in.com\/en\/product\/presse-a-cafe-ivorie-600-ml\/\" \/>\n<meta property=\"og:site_name\" content=\"PERLE IN\" \/>\n<meta property=\"article:modified_time\" content=\"2025-10-19T03:45:01+00:00\" \/>\n<meta property=\"og:image\" content=\"https:\/\/perle-in.com\/wp-content\/uploads\/2025\/10\/11331201-1.jpg\" \/>\n\t<meta property=\"og:image:width\" content=\"1600\" \/>\n\t<meta property=\"og:image:height\" content=\"1600\" \/>\n\t<meta property=\"og:image:type\" content=\"image\/jpeg\" \/>\n<meta name=\"twitter:card\" content=\"summary_large_image\" \/>\n<script type=\"application\/ld+json\" class=\"yoast-schema-graph\">{\"@context\":\"https:\\\/\\\/schema.org\",\"@graph\":[{\"@type\":\"WebPage\",\"@id\":\"https:\\\/\\\/perle-in.com\\\/produit\\\/presse-a-cafe-ivorie-600-ml\\\/\",\"url\":\"https:\\\/\\\/perle-in.com\\\/produit\\\/presse-a-cafe-ivorie-600-ml\\\/\",\"name\":\"Presse \u00e0 caf\u00e9 Ivorie 600\u00a0ml - PERLE IN\",\"isPartOf\":{\"@id\":\"https:\\\/\\\/perle-in.com\\\/#website\"},\"primaryImageOfPage\":{\"@id\":\"https:\\\/\\\/perle-in.com\\\/produit\\\/presse-a-cafe-ivorie-600-ml\\\/#primaryimage\"},\"image\":{\"@id\":\"https:\\\/\\\/perle-in.com\\\/produit\\\/presse-a-cafe-ivorie-600-ml\\\/#primaryimage\"},\"thumbnailUrl\":\"https:\\\/\\\/perle-in.com\\\/wp-content\\\/uploads\\\/2025\\\/10\\\/11331201-1.jpg\",\"datePublished\":\"2025-10-14T19:00:22+00:00\",\"dateModified\":\"2025-10-19T03:45:01+00:00\",\"breadcrumb\":{\"@id\":\"https:\\\/\\\/perle-in.com\\\/produit\\\/presse-a-cafe-ivorie-600-ml\\\/#breadcrumb\"},\"inLanguage\":\"en-CA\",\"potentialAction\":[{\"@type\":\"ReadAction\",\"target\":[\"https:\\\/\\\/perle-in.com\\\/produit\\\/presse-a-cafe-ivorie-600-ml\\\/\"]}]},{\"@type\":\"ImageObject\",\"inLanguage\":\"en-CA\",\"@id\":\"https:\\\/\\\/perle-in.com\\\/produit\\\/presse-a-cafe-ivorie-600-ml\\\/#primaryimage\",\"url\":\"https:\\\/\\\/perle-in.com\\\/wp-content\\\/uploads\\\/2025\\\/10\\\/11331201-1.jpg\",\"contentUrl\":\"https:\\\/\\\/perle-in.com\\\/wp-content\\\/uploads\\\/2025\\\/10\\\/11331201-1.jpg\",\"width\":1600,\"height\":1600},{\"@type\":\"BreadcrumbList\",\"@id\":\"https:\\\/\\\/perle-in.com\\\/produit\\\/presse-a-cafe-ivorie-600-ml\\\/#breadcrumb\",\"itemListElement\":[{\"@type\":\"ListItem\",\"position\":1,\"name\":\"Accueil\",\"item\":\"https:\\\/\\\/perle-in.com\\\/\"},{\"@type\":\"ListItem\",\"position\":2,\"name\":\"Boutique\",\"item\":\"https:\\\/\\\/perle-in.com\\\/boutique\\\/\"},{\"@type\":\"ListItem\",\"position\":3,\"name\":\"Presse \u00e0 caf\u00e9 Ivorie 600\u00a0ml\"}]},{\"@type\":\"WebSite\",\"@id\":\"https:\\\/\\\/perle-in.com\\\/#website\",\"url\":\"https:\\\/\\\/perle-in.com\\\/\",\"name\":\"PERLE IN\",\"description\":\"\",\"publisher\":{\"@id\":\"https:\\\/\\\/perle-in.com\\\/#organization\"},\"potentialAction\":[{\"@type\":\"SearchAction\",\"target\":{\"@type\":\"EntryPoint\",\"urlTemplate\":\"https:\\\/\\\/perle-in.com\\\/?s={search_term_string}\"},\"query-input\":{\"@type\":\"PropertyValueSpecification\",\"valueRequired\":true,\"valueName\":\"search_term_string\"}}],\"inLanguage\":\"en-CA\"},{\"@type\":\"Organization\",\"@id\":\"https:\\\/\\\/perle-in.com\\\/#organization\",\"name\":\"PERLE IN\",\"url\":\"https:\\\/\\\/perle-in.com\\\/\",\"logo\":{\"@type\":\"ImageObject\",\"inLanguage\":\"en-CA\",\"@id\":\"https:\\\/\\\/perle-in.com\\\/#\\\/schema\\\/logo\\\/image\\\/\",\"url\":\"https:\\\/\\\/perle-in.com\\\/wp-content\\\/uploads\\\/2022\\\/12\\\/LOGO-PERLE-IN-COULEUR@3x.webp\",\"contentUrl\":\"https:\\\/\\\/perle-in.com\\\/wp-content\\\/uploads\\\/2022\\\/12\\\/LOGO-PERLE-IN-COULEUR@3x.webp\",\"width\":1600,\"height\":490,\"caption\":\"PERLE IN\"},\"image\":{\"@id\":\"https:\\\/\\\/perle-in.com\\\/#\\\/schema\\\/logo\\\/image\\\/\"}}]}<\/script>\n<!-- \/ Yoast SEO plugin. -->","yoast_head_json":{"title":"Presse \u00e0 caf\u00e9 Ivorie 600\u00a0ml - PERLE IN","robots":{"index":"noindex","follow":"follow","max-snippet":"max-snippet:-1","max-image-preview":"max-image-preview:large","max-video-preview":"max-video-preview:-1"},"og_locale":"en_US","og_type":"article","og_title":"Presse \u00e0 caf\u00e9 Ivorie 600\u00a0ml - PERLE IN","og_description":"Presse fran\u00e7aise au design \u00e9l\u00e9gant et au couvercle en bois d'acacia provenant de sources durables, environnementales et socialement responsables. Capacit\u00e9 de 600 ml. Pr\u00e9parez vos 3\u00a0tasses de caf\u00e9 fra\u00eechement infus\u00e9es en seulement quelques minutes. Ajoutez le caf\u00e9 grossi\u00e8rement moulu dans la cruche en verre. Remplissez d'eau chaude et laissez infuser \u00e0 votre go\u00fbt. Appuyez lentement sur le flacon. Votre caf\u00e9 est pr\u00eat\u00a0! Vous pouvez \u00e9galement pr\u00e9parer du th\u00e9, du chocolat chaud, du lait, du th\u00e9 aux fruits et de la limonade. Gr\u00e2ce au verre borosilicate, non seulement votre presse fran\u00e7aise attire tous les regards dans votre cuisine, mais elle aussi tr\u00e8s indispensable pour vos aventures et sorties.","og_url":"https:\/\/perle-in.com\/en\/product\/presse-a-cafe-ivorie-600-ml\/","og_site_name":"PERLE IN","article_modified_time":"2025-10-19T03:45:01+00:00","og_image":[{"width":1600,"height":1600,"url":"https:\/\/perle-in.com\/wp-content\/uploads\/2025\/10\/11331201-1.jpg","type":"image\/jpeg"}],"twitter_card":"summary_large_image","schema":{"@context":"https:\/\/schema.org","@graph":[{"@type":"WebPage","@id":"https:\/\/perle-in.com\/produit\/presse-a-cafe-ivorie-600-ml\/","url":"https:\/\/perle-in.com\/produit\/presse-a-cafe-ivorie-600-ml\/","name":"Presse \u00e0 caf\u00e9 Ivorie 600\u00a0ml - PERLE IN","isPartOf":{"@id":"https:\/\/perle-in.com\/#website"},"primaryImageOfPage":{"@id":"https:\/\/perle-in.com\/produit\/presse-a-cafe-ivorie-600-ml\/#primaryimage"},"image":{"@id":"https:\/\/perle-in.com\/produit\/presse-a-cafe-ivorie-600-ml\/#primaryimage"},"thumbnailUrl":"https:\/\/perle-in.com\/wp-content\/uploads\/2025\/10\/11331201-1.jpg","datePublished":"2025-10-14T19:00:22+00:00","dateModified":"2025-10-19T03:45:01+00:00","breadcrumb":{"@id":"https:\/\/perle-in.com\/produit\/presse-a-cafe-ivorie-600-ml\/#breadcrumb"},"inLanguage":"en-CA","potentialAction":[{"@type":"ReadAction","target":["https:\/\/perle-in.com\/produit\/presse-a-cafe-ivorie-600-ml\/"]}]},{"@type":"ImageObject","inLanguage":"en-CA","@id":"https:\/\/perle-in.com\/produit\/presse-a-cafe-ivorie-600-ml\/#primaryimage","url":"https:\/\/perle-in.com\/wp-content\/uploads\/2025\/10\/11331201-1.jpg","contentUrl":"https:\/\/perle-in.com\/wp-content\/uploads\/2025\/10\/11331201-1.jpg","width":1600,"height":1600},{"@type":"BreadcrumbList","@id":"https:\/\/perle-in.com\/produit\/presse-a-cafe-ivorie-600-ml\/#breadcrumb","itemListElement":[{"@type":"ListItem","position":1,"name":"Accueil","item":"https:\/\/perle-in.com\/"},{"@type":"ListItem","position":2,"name":"Boutique","item":"https:\/\/perle-in.com\/boutique\/"},{"@type":"ListItem","position":3,"name":"Presse \u00e0 caf\u00e9 Ivorie 600\u00a0ml"}]},{"@type":"WebSite","@id":"https:\/\/perle-in.com\/#website","url":"https:\/\/perle-in.com\/","name":"PERLE IN","description":"","publisher":{"@id":"https:\/\/perle-in.com\/#organization"},"potentialAction":[{"@type":"SearchAction","target":{"@type":"EntryPoint","urlTemplate":"https:\/\/perle-in.com\/?s={search_term_string}"},"query-input":{"@type":"PropertyValueSpecification","valueRequired":true,"valueName":"search_term_string"}}],"inLanguage":"en-CA"},{"@type":"Organization","@id":"https:\/\/perle-in.com\/#organization","name":"PERLE IN","url":"https:\/\/perle-in.com\/","logo":{"@type":"ImageObject","inLanguage":"en-CA","@id":"https:\/\/perle-in.com\/#\/schema\/logo\/image\/","url":"https:\/\/perle-in.com\/wp-content\/uploads\/2022\/12\/LOGO-PERLE-IN-COULEUR@3x.webp","contentUrl":"https:\/\/perle-in.com\/wp-content\/uploads\/2022\/12\/LOGO-PERLE-IN-COULEUR@3x.webp","width":1600,"height":490,"caption":"PERLE IN"},"image":{"@id":"https:\/\/perle-in.com\/#\/schema\/logo\/image\/"}}]}},"jetpack_sharing_enabled":true,"_links":{"self":[{"href":"https:\/\/perle-in.com\/en\/wp-json\/wp\/v2\/product\/535716","targetHints":{"allow":["GET"]}}],"collection":[{"href":"https:\/\/perle-in.com\/en\/wp-json\/wp\/v2\/product"}],"about":[{"href":"https:\/\/perle-in.com\/en\/wp-json\/wp\/v2\/types\/product"}],"version-history":[{"count":0,"href":"https:\/\/perle-in.com\/en\/wp-json\/wp\/v2\/product\/535716\/revisions"}],"wp:featuredmedia":[{"embeddable":true,"href":"https:\/\/perle-in.com\/en\/wp-json\/wp\/v2\/media\/535706"}],"wp:attachment":[{"href":"https:\/\/perle-in.com\/en\/wp-json\/wp\/v2\/media?parent=535716"}],"wp:term":[{"taxonomy":"product_brand","embeddable":true,"href":"https:\/\/perle-in.com\/en\/wp-json\/wp\/v2\/product_brand?post=535716"},{"taxonomy":"product_cat","embeddable":true,"href":"https:\/\/perle-in.com\/en\/wp-json\/wp\/v2\/product_cat?post=535716"},{"taxonomy":"product_tag","embeddable":true,"href":"https:\/\/perle-in.com\/en\/wp-json\/wp\/v2\/product_tag?post=535716"}],"curies":[{"name":"wp","href":"https:\/\/api.w.org\/{rel}","templated":true}]}}