{"id":535650,"date":"2025-10-14T20:54:59","date_gmt":"2025-10-14T18:54:59","guid":{"rendered":"https:\/\/perle-in.com\/produit\/bonnet-reflechissant-rigi\/"},"modified":"2025-10-19T05:45:01","modified_gmt":"2025-10-19T03:45:01","slug":"bonnet-reflechissant-rigi","status":"publish","type":"product","link":"https:\/\/perle-in.com\/en\/product\/bonnet-reflechissant-rigi\/","title":{"rendered":"Bonnet r\u00e9fl\u00e9chissant Rigi"},"content":{"rendered":"","protected":false},"excerpt":{"rendered":"<p>Le bonnet Rigi est dot\u00e9 de d\u00e9tails r\u00e9fl\u00e9chissants qui non seulement ajoutent une touche moderne et dynamique \u00e0 votre look, mais vous assurent \u00e9galement de rester visible et en s\u00e9curit\u00e9 dans des conditions de faible luminosit\u00e9. Fabriqu\u00e9 en polyester et en acrylique d&#8217;une densit\u00e9 de 9 gauges, le bonnet offre une grande durabilit\u00e9 et un toucher doux et confortable. <\/p>","protected":false},"featured_media":535643,"template":"","meta":{"_eb_attr":""},"product_brand":[],"product_cat":[1025,1024],"product_tag":[1029,1031,837,946],"class_list":{"0":"post-535650","1":"product","2":"type-product","3":"status-publish","4":"has-post-thumbnail","6":"product_cat-bonnets","7":"product_cat-vetements","8":"product_tag-bonnet","9":"product_tag-couvre-chef","10":"product_tag-durable","11":"product_tag-green-concept","12":"pa_couleurs-noir","13":"pa_genre-unisex","14":"pa_green-points-1692","15":"pa_marque-elevate-life","16":"pa_matiere-polyester-acrylique-9-gauge","18":"first","19":"instock","20":"shipping-taxable","21":"purchasable","22":"product-type-variable"},"yoast_head":"<!-- This site is optimized with the Yoast SEO plugin v27.4 - https:\/\/yoast.com\/product\/yoast-seo-wordpress\/ -->\n<title>Bonnet r\u00e9fl\u00e9chissant Rigi - PERLE IN<\/title>\n<meta name=\"robots\" content=\"noindex, follow, max-snippet:-1, max-image-preview:large, max-video-preview:-1\" \/>\n<meta property=\"og:locale\" content=\"en_US\" \/>\n<meta property=\"og:type\" content=\"article\" \/>\n<meta property=\"og:title\" content=\"Bonnet r\u00e9fl\u00e9chissant Rigi - PERLE IN\" \/>\n<meta property=\"og:description\" content=\"Le bonnet Rigi est dot\u00e9 de d\u00e9tails r\u00e9fl\u00e9chissants qui non seulement ajoutent une touche moderne et dynamique \u00e0 votre look, mais vous assurent \u00e9galement de rester visible et en s\u00e9curit\u00e9 dans des conditions de faible luminosit\u00e9. Fabriqu\u00e9 en polyester et en acrylique d&#039;une densit\u00e9 de 9 gauges, le bonnet offre une grande durabilit\u00e9 et un toucher doux et confortable.\" \/>\n<meta property=\"og:url\" content=\"https:\/\/perle-in.com\/en\/product\/bonnet-reflechissant-rigi\/\" \/>\n<meta property=\"og:site_name\" content=\"PERLE IN\" \/>\n<meta property=\"article:modified_time\" content=\"2025-10-19T03:45:01+00:00\" \/>\n<meta property=\"og:image\" content=\"https:\/\/perle-in.com\/wp-content\/uploads\/2025\/10\/3868590-1.jpg\" \/>\n\t<meta property=\"og:image:width\" content=\"1600\" \/>\n\t<meta property=\"og:image:height\" content=\"1600\" \/>\n\t<meta property=\"og:image:type\" content=\"image\/jpeg\" \/>\n<meta name=\"twitter:card\" content=\"summary_large_image\" \/>\n<script type=\"application\/ld+json\" class=\"yoast-schema-graph\">{\"@context\":\"https:\\\/\\\/schema.org\",\"@graph\":[{\"@type\":\"WebPage\",\"@id\":\"https:\\\/\\\/perle-in.com\\\/produit\\\/bonnet-reflechissant-rigi\\\/\",\"url\":\"https:\\\/\\\/perle-in.com\\\/produit\\\/bonnet-reflechissant-rigi\\\/\",\"name\":\"Bonnet r\u00e9fl\u00e9chissant Rigi - PERLE IN\",\"isPartOf\":{\"@id\":\"https:\\\/\\\/perle-in.com\\\/#website\"},\"primaryImageOfPage\":{\"@id\":\"https:\\\/\\\/perle-in.com\\\/produit\\\/bonnet-reflechissant-rigi\\\/#primaryimage\"},\"image\":{\"@id\":\"https:\\\/\\\/perle-in.com\\\/produit\\\/bonnet-reflechissant-rigi\\\/#primaryimage\"},\"thumbnailUrl\":\"https:\\\/\\\/perle-in.com\\\/wp-content\\\/uploads\\\/2025\\\/10\\\/3868590-1.jpg\",\"datePublished\":\"2025-10-14T18:54:59+00:00\",\"dateModified\":\"2025-10-19T03:45:01+00:00\",\"breadcrumb\":{\"@id\":\"https:\\\/\\\/perle-in.com\\\/produit\\\/bonnet-reflechissant-rigi\\\/#breadcrumb\"},\"inLanguage\":\"en-CA\",\"potentialAction\":[{\"@type\":\"ReadAction\",\"target\":[\"https:\\\/\\\/perle-in.com\\\/produit\\\/bonnet-reflechissant-rigi\\\/\"]}]},{\"@type\":\"ImageObject\",\"inLanguage\":\"en-CA\",\"@id\":\"https:\\\/\\\/perle-in.com\\\/produit\\\/bonnet-reflechissant-rigi\\\/#primaryimage\",\"url\":\"https:\\\/\\\/perle-in.com\\\/wp-content\\\/uploads\\\/2025\\\/10\\\/3868590-1.jpg\",\"contentUrl\":\"https:\\\/\\\/perle-in.com\\\/wp-content\\\/uploads\\\/2025\\\/10\\\/3868590-1.jpg\",\"width\":1600,\"height\":1600},{\"@type\":\"BreadcrumbList\",\"@id\":\"https:\\\/\\\/perle-in.com\\\/produit\\\/bonnet-reflechissant-rigi\\\/#breadcrumb\",\"itemListElement\":[{\"@type\":\"ListItem\",\"position\":1,\"name\":\"Accueil\",\"item\":\"https:\\\/\\\/perle-in.com\\\/\"},{\"@type\":\"ListItem\",\"position\":2,\"name\":\"Boutique\",\"item\":\"https:\\\/\\\/perle-in.com\\\/boutique\\\/\"},{\"@type\":\"ListItem\",\"position\":3,\"name\":\"Bonnet r\u00e9fl\u00e9chissant Rigi\"}]},{\"@type\":\"WebSite\",\"@id\":\"https:\\\/\\\/perle-in.com\\\/#website\",\"url\":\"https:\\\/\\\/perle-in.com\\\/\",\"name\":\"PERLE IN\",\"description\":\"\",\"publisher\":{\"@id\":\"https:\\\/\\\/perle-in.com\\\/#organization\"},\"potentialAction\":[{\"@type\":\"SearchAction\",\"target\":{\"@type\":\"EntryPoint\",\"urlTemplate\":\"https:\\\/\\\/perle-in.com\\\/?s={search_term_string}\"},\"query-input\":{\"@type\":\"PropertyValueSpecification\",\"valueRequired\":true,\"valueName\":\"search_term_string\"}}],\"inLanguage\":\"en-CA\"},{\"@type\":\"Organization\",\"@id\":\"https:\\\/\\\/perle-in.com\\\/#organization\",\"name\":\"PERLE IN\",\"url\":\"https:\\\/\\\/perle-in.com\\\/\",\"logo\":{\"@type\":\"ImageObject\",\"inLanguage\":\"en-CA\",\"@id\":\"https:\\\/\\\/perle-in.com\\\/#\\\/schema\\\/logo\\\/image\\\/\",\"url\":\"https:\\\/\\\/perle-in.com\\\/wp-content\\\/uploads\\\/2022\\\/12\\\/LOGO-PERLE-IN-COULEUR@3x.webp\",\"contentUrl\":\"https:\\\/\\\/perle-in.com\\\/wp-content\\\/uploads\\\/2022\\\/12\\\/LOGO-PERLE-IN-COULEUR@3x.webp\",\"width\":1600,\"height\":490,\"caption\":\"PERLE IN\"},\"image\":{\"@id\":\"https:\\\/\\\/perle-in.com\\\/#\\\/schema\\\/logo\\\/image\\\/\"}}]}<\/script>\n<!-- \/ Yoast SEO plugin. -->","yoast_head_json":{"title":"Bonnet r\u00e9fl\u00e9chissant Rigi - PERLE IN","robots":{"index":"noindex","follow":"follow","max-snippet":"max-snippet:-1","max-image-preview":"max-image-preview:large","max-video-preview":"max-video-preview:-1"},"og_locale":"en_US","og_type":"article","og_title":"Bonnet r\u00e9fl\u00e9chissant Rigi - PERLE IN","og_description":"Le bonnet Rigi est dot\u00e9 de d\u00e9tails r\u00e9fl\u00e9chissants qui non seulement ajoutent une touche moderne et dynamique \u00e0 votre look, mais vous assurent \u00e9galement de rester visible et en s\u00e9curit\u00e9 dans des conditions de faible luminosit\u00e9. Fabriqu\u00e9 en polyester et en acrylique d'une densit\u00e9 de 9 gauges, le bonnet offre une grande durabilit\u00e9 et un toucher doux et confortable.","og_url":"https:\/\/perle-in.com\/en\/product\/bonnet-reflechissant-rigi\/","og_site_name":"PERLE IN","article_modified_time":"2025-10-19T03:45:01+00:00","og_image":[{"width":1600,"height":1600,"url":"https:\/\/perle-in.com\/wp-content\/uploads\/2025\/10\/3868590-1.jpg","type":"image\/jpeg"}],"twitter_card":"summary_large_image","schema":{"@context":"https:\/\/schema.org","@graph":[{"@type":"WebPage","@id":"https:\/\/perle-in.com\/produit\/bonnet-reflechissant-rigi\/","url":"https:\/\/perle-in.com\/produit\/bonnet-reflechissant-rigi\/","name":"Bonnet r\u00e9fl\u00e9chissant Rigi - PERLE IN","isPartOf":{"@id":"https:\/\/perle-in.com\/#website"},"primaryImageOfPage":{"@id":"https:\/\/perle-in.com\/produit\/bonnet-reflechissant-rigi\/#primaryimage"},"image":{"@id":"https:\/\/perle-in.com\/produit\/bonnet-reflechissant-rigi\/#primaryimage"},"thumbnailUrl":"https:\/\/perle-in.com\/wp-content\/uploads\/2025\/10\/3868590-1.jpg","datePublished":"2025-10-14T18:54:59+00:00","dateModified":"2025-10-19T03:45:01+00:00","breadcrumb":{"@id":"https:\/\/perle-in.com\/produit\/bonnet-reflechissant-rigi\/#breadcrumb"},"inLanguage":"en-CA","potentialAction":[{"@type":"ReadAction","target":["https:\/\/perle-in.com\/produit\/bonnet-reflechissant-rigi\/"]}]},{"@type":"ImageObject","inLanguage":"en-CA","@id":"https:\/\/perle-in.com\/produit\/bonnet-reflechissant-rigi\/#primaryimage","url":"https:\/\/perle-in.com\/wp-content\/uploads\/2025\/10\/3868590-1.jpg","contentUrl":"https:\/\/perle-in.com\/wp-content\/uploads\/2025\/10\/3868590-1.jpg","width":1600,"height":1600},{"@type":"BreadcrumbList","@id":"https:\/\/perle-in.com\/produit\/bonnet-reflechissant-rigi\/#breadcrumb","itemListElement":[{"@type":"ListItem","position":1,"name":"Accueil","item":"https:\/\/perle-in.com\/"},{"@type":"ListItem","position":2,"name":"Boutique","item":"https:\/\/perle-in.com\/boutique\/"},{"@type":"ListItem","position":3,"name":"Bonnet r\u00e9fl\u00e9chissant Rigi"}]},{"@type":"WebSite","@id":"https:\/\/perle-in.com\/#website","url":"https:\/\/perle-in.com\/","name":"PERLE IN","description":"","publisher":{"@id":"https:\/\/perle-in.com\/#organization"},"potentialAction":[{"@type":"SearchAction","target":{"@type":"EntryPoint","urlTemplate":"https:\/\/perle-in.com\/?s={search_term_string}"},"query-input":{"@type":"PropertyValueSpecification","valueRequired":true,"valueName":"search_term_string"}}],"inLanguage":"en-CA"},{"@type":"Organization","@id":"https:\/\/perle-in.com\/#organization","name":"PERLE IN","url":"https:\/\/perle-in.com\/","logo":{"@type":"ImageObject","inLanguage":"en-CA","@id":"https:\/\/perle-in.com\/#\/schema\/logo\/image\/","url":"https:\/\/perle-in.com\/wp-content\/uploads\/2022\/12\/LOGO-PERLE-IN-COULEUR@3x.webp","contentUrl":"https:\/\/perle-in.com\/wp-content\/uploads\/2022\/12\/LOGO-PERLE-IN-COULEUR@3x.webp","width":1600,"height":490,"caption":"PERLE IN"},"image":{"@id":"https:\/\/perle-in.com\/#\/schema\/logo\/image\/"}}]}},"jetpack_sharing_enabled":true,"_links":{"self":[{"href":"https:\/\/perle-in.com\/en\/wp-json\/wp\/v2\/product\/535650","targetHints":{"allow":["GET"]}}],"collection":[{"href":"https:\/\/perle-in.com\/en\/wp-json\/wp\/v2\/product"}],"about":[{"href":"https:\/\/perle-in.com\/en\/wp-json\/wp\/v2\/types\/product"}],"version-history":[{"count":0,"href":"https:\/\/perle-in.com\/en\/wp-json\/wp\/v2\/product\/535650\/revisions"}],"wp:featuredmedia":[{"embeddable":true,"href":"https:\/\/perle-in.com\/en\/wp-json\/wp\/v2\/media\/535643"}],"wp:attachment":[{"href":"https:\/\/perle-in.com\/en\/wp-json\/wp\/v2\/media?parent=535650"}],"wp:term":[{"taxonomy":"product_brand","embeddable":true,"href":"https:\/\/perle-in.com\/en\/wp-json\/wp\/v2\/product_brand?post=535650"},{"taxonomy":"product_cat","embeddable":true,"href":"https:\/\/perle-in.com\/en\/wp-json\/wp\/v2\/product_cat?post=535650"},{"taxonomy":"product_tag","embeddable":true,"href":"https:\/\/perle-in.com\/en\/wp-json\/wp\/v2\/product_tag?post=535650"}],"curies":[{"name":"wp","href":"https:\/\/api.w.org\/{rel}","templated":true}]}}