{"id":535626,"date":"2025-10-14T20:52:47","date_gmt":"2025-10-14T18:52:47","guid":{"rendered":"https:\/\/perle-in.com\/produit\/sac-isotherme-9-l-recycle-avec-cordon-de-serrage-adventure\/"},"modified":"2025-10-19T05:45:00","modified_gmt":"2025-10-19T03:45:00","slug":"sac-isotherme-9-l-recycle-avec-cordon-de-serrage-adventure","status":"publish","type":"product","link":"https:\/\/perle-in.com\/en\/product\/sac-isotherme-9-l-recycle-avec-cordon-de-serrage-adventure\/","title":{"rendered":"Sac isotherme\u00a09\u00a0L recycl\u00e9 avec cordon de serrage Adventure"},"content":{"rendered":"","protected":false},"excerpt":{"rendered":"<p>Le sac isotherme recycl\u00e9 Adventure avec cordon de serrage offre une version revisit\u00e9e de votre sac \u00e0 cordon de serrage habituel. Ce sac avec cordon dispose d&#8217;un compartiment principal \u00e0 fermeture \u00e0 cordon sur le dessus et d&#8217;une poche zipp\u00e9e isotherme sur le dessous. Possibilit\u00e9 d&#8217;attacher un mousqueton.<\/p>","protected":false},"featured_media":535616,"template":"","meta":{"_eb_attr":""},"product_brand":[],"product_cat":[159,956],"product_tag":[1111,837,946,2758,282],"class_list":{"0":"post-535626","1":"product","2":"type-product","3":"status-publish","4":"has-post-thumbnail","6":"product_cat-sacs","7":"product_cat-sacs-a-dos-ficelle","8":"product_tag-cordon-de-serrage","9":"product_tag-durable","10":"product_tag-green-concept","11":"product_tag-pliable","12":"product_tag-sac","13":"pa_couleurs-marine","14":"pa_couleurs-noir","15":"pa_matiere-210d-pet-polyester-recycle","17":"first","18":"instock","19":"shipping-taxable","20":"purchasable","21":"product-type-variable"},"yoast_head":"<!-- This site is optimized with the Yoast SEO plugin v27.4 - https:\/\/yoast.com\/product\/yoast-seo-wordpress\/ -->\n<title>Sac isotherme\u00a09\u00a0L recycl\u00e9 avec cordon de serrage Adventure - PERLE IN<\/title>\n<meta name=\"robots\" content=\"noindex, follow, max-snippet:-1, max-image-preview:large, max-video-preview:-1\" \/>\n<meta property=\"og:locale\" content=\"en_US\" \/>\n<meta property=\"og:type\" content=\"article\" \/>\n<meta property=\"og:title\" content=\"Sac isotherme\u00a09\u00a0L recycl\u00e9 avec cordon de serrage Adventure - PERLE IN\" \/>\n<meta property=\"og:description\" content=\"Le sac isotherme recycl\u00e9 Adventure avec cordon de serrage offre une version revisit\u00e9e de votre sac \u00e0 cordon de serrage habituel. Ce sac avec cordon dispose d&#039;un compartiment principal \u00e0 fermeture \u00e0 cordon sur le dessus et d&#039;une poche zipp\u00e9e isotherme sur le dessous. Possibilit\u00e9 d&#039;attacher un mousqueton.\" \/>\n<meta property=\"og:url\" content=\"https:\/\/perle-in.com\/en\/product\/sac-isotherme-9-l-recycle-avec-cordon-de-serrage-adventure\/\" \/>\n<meta property=\"og:site_name\" content=\"PERLE IN\" \/>\n<meta property=\"article:modified_time\" content=\"2025-10-19T03:45:00+00:00\" \/>\n<meta property=\"og:image\" content=\"https:\/\/perle-in.com\/wp-content\/uploads\/2025\/10\/12064755-1.jpg\" \/>\n\t<meta property=\"og:image:width\" content=\"1600\" \/>\n\t<meta property=\"og:image:height\" content=\"1600\" \/>\n\t<meta property=\"og:image:type\" content=\"image\/jpeg\" \/>\n<meta name=\"twitter:card\" content=\"summary_large_image\" \/>\n<script type=\"application\/ld+json\" class=\"yoast-schema-graph\">{\"@context\":\"https:\\\/\\\/schema.org\",\"@graph\":[{\"@type\":\"WebPage\",\"@id\":\"https:\\\/\\\/perle-in.com\\\/en\\\/product\\\/sac-isotherme-9-l-recycle-avec-cordon-de-serrage-adventure\\\/\",\"url\":\"https:\\\/\\\/perle-in.com\\\/en\\\/product\\\/sac-isotherme-9-l-recycle-avec-cordon-de-serrage-adventure\\\/\",\"name\":\"Sac isotherme\u00a09\u00a0L recycl\u00e9 avec cordon de serrage Adventure - PERLE IN\",\"isPartOf\":{\"@id\":\"https:\\\/\\\/perle-in.com\\\/#website\"},\"primaryImageOfPage\":{\"@id\":\"https:\\\/\\\/perle-in.com\\\/en\\\/product\\\/sac-isotherme-9-l-recycle-avec-cordon-de-serrage-adventure\\\/#primaryimage\"},\"image\":{\"@id\":\"https:\\\/\\\/perle-in.com\\\/en\\\/product\\\/sac-isotherme-9-l-recycle-avec-cordon-de-serrage-adventure\\\/#primaryimage\"},\"thumbnailUrl\":\"https:\\\/\\\/perle-in.com\\\/wp-content\\\/uploads\\\/2025\\\/10\\\/12064755-1.jpg\",\"datePublished\":\"2025-10-14T18:52:47+00:00\",\"dateModified\":\"2025-10-19T03:45:00+00:00\",\"breadcrumb\":{\"@id\":\"https:\\\/\\\/perle-in.com\\\/en\\\/product\\\/sac-isotherme-9-l-recycle-avec-cordon-de-serrage-adventure\\\/#breadcrumb\"},\"inLanguage\":\"en-CA\",\"potentialAction\":[{\"@type\":\"ReadAction\",\"target\":[\"https:\\\/\\\/perle-in.com\\\/en\\\/product\\\/sac-isotherme-9-l-recycle-avec-cordon-de-serrage-adventure\\\/\"]}]},{\"@type\":\"ImageObject\",\"inLanguage\":\"en-CA\",\"@id\":\"https:\\\/\\\/perle-in.com\\\/en\\\/product\\\/sac-isotherme-9-l-recycle-avec-cordon-de-serrage-adventure\\\/#primaryimage\",\"url\":\"https:\\\/\\\/perle-in.com\\\/wp-content\\\/uploads\\\/2025\\\/10\\\/12064755-1.jpg\",\"contentUrl\":\"https:\\\/\\\/perle-in.com\\\/wp-content\\\/uploads\\\/2025\\\/10\\\/12064755-1.jpg\",\"width\":1600,\"height\":1600},{\"@type\":\"BreadcrumbList\",\"@id\":\"https:\\\/\\\/perle-in.com\\\/en\\\/product\\\/sac-isotherme-9-l-recycle-avec-cordon-de-serrage-adventure\\\/#breadcrumb\",\"itemListElement\":[{\"@type\":\"ListItem\",\"position\":1,\"name\":\"Accueil\",\"item\":\"https:\\\/\\\/perle-in.com\\\/\"},{\"@type\":\"ListItem\",\"position\":2,\"name\":\"Boutique\",\"item\":\"https:\\\/\\\/perle-in.com\\\/boutique\\\/\"},{\"@type\":\"ListItem\",\"position\":3,\"name\":\"Sac isotherme\u00a09\u00a0L recycl\u00e9 avec cordon de serrage Adventure\"}]},{\"@type\":\"WebSite\",\"@id\":\"https:\\\/\\\/perle-in.com\\\/#website\",\"url\":\"https:\\\/\\\/perle-in.com\\\/\",\"name\":\"PERLE IN\",\"description\":\"\",\"publisher\":{\"@id\":\"https:\\\/\\\/perle-in.com\\\/#organization\"},\"potentialAction\":[{\"@type\":\"SearchAction\",\"target\":{\"@type\":\"EntryPoint\",\"urlTemplate\":\"https:\\\/\\\/perle-in.com\\\/?s={search_term_string}\"},\"query-input\":{\"@type\":\"PropertyValueSpecification\",\"valueRequired\":true,\"valueName\":\"search_term_string\"}}],\"inLanguage\":\"en-CA\"},{\"@type\":\"Organization\",\"@id\":\"https:\\\/\\\/perle-in.com\\\/#organization\",\"name\":\"PERLE IN\",\"url\":\"https:\\\/\\\/perle-in.com\\\/\",\"logo\":{\"@type\":\"ImageObject\",\"inLanguage\":\"en-CA\",\"@id\":\"https:\\\/\\\/perle-in.com\\\/#\\\/schema\\\/logo\\\/image\\\/\",\"url\":\"https:\\\/\\\/perle-in.com\\\/wp-content\\\/uploads\\\/2022\\\/12\\\/LOGO-PERLE-IN-COULEUR@3x.webp\",\"contentUrl\":\"https:\\\/\\\/perle-in.com\\\/wp-content\\\/uploads\\\/2022\\\/12\\\/LOGO-PERLE-IN-COULEUR@3x.webp\",\"width\":1600,\"height\":490,\"caption\":\"PERLE IN\"},\"image\":{\"@id\":\"https:\\\/\\\/perle-in.com\\\/#\\\/schema\\\/logo\\\/image\\\/\"}}]}<\/script>\n<!-- \/ Yoast SEO plugin. -->","yoast_head_json":{"title":"Sac isotherme\u00a09\u00a0L recycl\u00e9 avec cordon de serrage Adventure - PERLE IN","robots":{"index":"noindex","follow":"follow","max-snippet":"max-snippet:-1","max-image-preview":"max-image-preview:large","max-video-preview":"max-video-preview:-1"},"og_locale":"en_US","og_type":"article","og_title":"Sac isotherme\u00a09\u00a0L recycl\u00e9 avec cordon de serrage Adventure - PERLE IN","og_description":"Le sac isotherme recycl\u00e9 Adventure avec cordon de serrage offre une version revisit\u00e9e de votre sac \u00e0 cordon de serrage habituel. Ce sac avec cordon dispose d'un compartiment principal \u00e0 fermeture \u00e0 cordon sur le dessus et d'une poche zipp\u00e9e isotherme sur le dessous. Possibilit\u00e9 d'attacher un mousqueton.","og_url":"https:\/\/perle-in.com\/en\/product\/sac-isotherme-9-l-recycle-avec-cordon-de-serrage-adventure\/","og_site_name":"PERLE IN","article_modified_time":"2025-10-19T03:45:00+00:00","og_image":[{"width":1600,"height":1600,"url":"https:\/\/perle-in.com\/wp-content\/uploads\/2025\/10\/12064755-1.jpg","type":"image\/jpeg"}],"twitter_card":"summary_large_image","schema":{"@context":"https:\/\/schema.org","@graph":[{"@type":"WebPage","@id":"https:\/\/perle-in.com\/en\/product\/sac-isotherme-9-l-recycle-avec-cordon-de-serrage-adventure\/","url":"https:\/\/perle-in.com\/en\/product\/sac-isotherme-9-l-recycle-avec-cordon-de-serrage-adventure\/","name":"Sac isotherme\u00a09\u00a0L recycl\u00e9 avec cordon de serrage Adventure - PERLE IN","isPartOf":{"@id":"https:\/\/perle-in.com\/#website"},"primaryImageOfPage":{"@id":"https:\/\/perle-in.com\/en\/product\/sac-isotherme-9-l-recycle-avec-cordon-de-serrage-adventure\/#primaryimage"},"image":{"@id":"https:\/\/perle-in.com\/en\/product\/sac-isotherme-9-l-recycle-avec-cordon-de-serrage-adventure\/#primaryimage"},"thumbnailUrl":"https:\/\/perle-in.com\/wp-content\/uploads\/2025\/10\/12064755-1.jpg","datePublished":"2025-10-14T18:52:47+00:00","dateModified":"2025-10-19T03:45:00+00:00","breadcrumb":{"@id":"https:\/\/perle-in.com\/en\/product\/sac-isotherme-9-l-recycle-avec-cordon-de-serrage-adventure\/#breadcrumb"},"inLanguage":"en-CA","potentialAction":[{"@type":"ReadAction","target":["https:\/\/perle-in.com\/en\/product\/sac-isotherme-9-l-recycle-avec-cordon-de-serrage-adventure\/"]}]},{"@type":"ImageObject","inLanguage":"en-CA","@id":"https:\/\/perle-in.com\/en\/product\/sac-isotherme-9-l-recycle-avec-cordon-de-serrage-adventure\/#primaryimage","url":"https:\/\/perle-in.com\/wp-content\/uploads\/2025\/10\/12064755-1.jpg","contentUrl":"https:\/\/perle-in.com\/wp-content\/uploads\/2025\/10\/12064755-1.jpg","width":1600,"height":1600},{"@type":"BreadcrumbList","@id":"https:\/\/perle-in.com\/en\/product\/sac-isotherme-9-l-recycle-avec-cordon-de-serrage-adventure\/#breadcrumb","itemListElement":[{"@type":"ListItem","position":1,"name":"Accueil","item":"https:\/\/perle-in.com\/"},{"@type":"ListItem","position":2,"name":"Boutique","item":"https:\/\/perle-in.com\/boutique\/"},{"@type":"ListItem","position":3,"name":"Sac isotherme\u00a09\u00a0L recycl\u00e9 avec cordon de serrage Adventure"}]},{"@type":"WebSite","@id":"https:\/\/perle-in.com\/#website","url":"https:\/\/perle-in.com\/","name":"PERLE IN","description":"","publisher":{"@id":"https:\/\/perle-in.com\/#organization"},"potentialAction":[{"@type":"SearchAction","target":{"@type":"EntryPoint","urlTemplate":"https:\/\/perle-in.com\/?s={search_term_string}"},"query-input":{"@type":"PropertyValueSpecification","valueRequired":true,"valueName":"search_term_string"}}],"inLanguage":"en-CA"},{"@type":"Organization","@id":"https:\/\/perle-in.com\/#organization","name":"PERLE IN","url":"https:\/\/perle-in.com\/","logo":{"@type":"ImageObject","inLanguage":"en-CA","@id":"https:\/\/perle-in.com\/#\/schema\/logo\/image\/","url":"https:\/\/perle-in.com\/wp-content\/uploads\/2022\/12\/LOGO-PERLE-IN-COULEUR@3x.webp","contentUrl":"https:\/\/perle-in.com\/wp-content\/uploads\/2022\/12\/LOGO-PERLE-IN-COULEUR@3x.webp","width":1600,"height":490,"caption":"PERLE IN"},"image":{"@id":"https:\/\/perle-in.com\/#\/schema\/logo\/image\/"}}]}},"jetpack_sharing_enabled":true,"_links":{"self":[{"href":"https:\/\/perle-in.com\/en\/wp-json\/wp\/v2\/product\/535626","targetHints":{"allow":["GET"]}}],"collection":[{"href":"https:\/\/perle-in.com\/en\/wp-json\/wp\/v2\/product"}],"about":[{"href":"https:\/\/perle-in.com\/en\/wp-json\/wp\/v2\/types\/product"}],"version-history":[{"count":0,"href":"https:\/\/perle-in.com\/en\/wp-json\/wp\/v2\/product\/535626\/revisions"}],"wp:featuredmedia":[{"embeddable":true,"href":"https:\/\/perle-in.com\/en\/wp-json\/wp\/v2\/media\/535616"}],"wp:attachment":[{"href":"https:\/\/perle-in.com\/en\/wp-json\/wp\/v2\/media?parent=535626"}],"wp:term":[{"taxonomy":"product_brand","embeddable":true,"href":"https:\/\/perle-in.com\/en\/wp-json\/wp\/v2\/product_brand?post=535626"},{"taxonomy":"product_cat","embeddable":true,"href":"https:\/\/perle-in.com\/en\/wp-json\/wp\/v2\/product_cat?post=535626"},{"taxonomy":"product_tag","embeddable":true,"href":"https:\/\/perle-in.com\/en\/wp-json\/wp\/v2\/product_tag?post=535626"}],"curies":[{"name":"wp","href":"https:\/\/api.w.org\/{rel}","templated":true}]}}