{"id":535492,"date":"2025-10-14T20:46:20","date_gmt":"2025-10-14T18:46:20","guid":{"rendered":"https:\/\/perle-in.com\/produit\/sweat-a-capuche-anorak-a-demi-zip-sayan-pour-homme\/"},"modified":"2025-10-19T05:44:59","modified_gmt":"2025-10-19T03:44:59","slug":"sweat-a-capuche-anorak-a-demi-zip-sayan-pour-homme","status":"publish","type":"product","link":"https:\/\/perle-in.com\/en\/product\/sweat-a-capuche-anorak-a-demi-zip-sayan-pour-homme\/","title":{"rendered":"Sweat \u00e0 capuche anorak \u00e0 demi zip Sayan pour homme"},"content":{"rendered":"","protected":false},"excerpt":{"rendered":"<p>Le pull \u00e0 capuche anorak semi-ferm\u00e9 Sayan pour homme est une combinaison unique de performance et de style. Le design de l&#8217;anorak allie la mode et la fonction de mani\u00e8re transparente, avec un quart de fermeture \u00e9clair pour une plus grande polyvalence dans la superposition des couches. Fabriqu\u00e9 \u00e0 partir d&#8217;un m\u00e9lange de 350 g\/m\u00b2 de polyester et de tricot Sorona\u00ae. La fibre Sorona\u00ae renforce le caract\u00e8re \u00e9cologique de la veste en incorporant un \u00e9l\u00e9ment durable sans compromettre les performances. Le tissu contrast\u00e9 de la face avant, en nylon ripstop 280T, ajoute au design par sa durabilit\u00e9 et sa texture et constitue l&#8217;endroit id\u00e9al pour mettre en valeur votre marque. Que vous vous lanciez dans une aventure en plein air ou que vous naviguiez simplement dans votre routine quotidienne, le pull \u00e0 capuche Sayan allie sans effort la mode et la fonction.<\/p>","protected":false},"featured_media":535461,"template":"","meta":{"_eb_attr":""},"product_brand":[],"product_cat":[1254,1024],"product_tag":[3083,837,946,2451,2439],"class_list":{"0":"post-535492","1":"product","2":"type-product","3":"status-publish","4":"has-post-thumbnail","6":"product_cat-sweaters-a-capuche","7":"product_cat-vetements","8":"product_tag-anorak","9":"product_tag-durable","10":"product_tag-green-concept","11":"product_tag-pull","12":"product_tag-sweat-a-capuche","13":"pa_couleurs-blanc","14":"pa_couleurs-gris-acier","15":"pa_couleurs-marine","16":"pa_couleurs-noir","17":"pa_genre-male","18":"pa_marque-elevate-life","19":"pa_matiere-tricot-85-polyester-et-15-sorona-350-g-m2-contrast-fabric-280t-ripstop-100-nylon-7","20":"pa_pays-d-origine-bengladesh","21":"pa_taille-2xl","22":"pa_taille-3xl","23":"pa_taille-l","24":"pa_taille-m","25":"pa_taille-s","26":"pa_taille-xl","27":"pa_taille-xs","29":"first","30":"instock","31":"shipping-taxable","32":"purchasable","33":"product-type-variable"},"yoast_head":"<!-- This site is optimized with the Yoast SEO plugin v27.4 - https:\/\/yoast.com\/product\/yoast-seo-wordpress\/ -->\n<title>Sweat \u00e0 capuche anorak \u00e0 demi zip Sayan pour homme - PERLE IN<\/title>\n<meta name=\"robots\" content=\"noindex, follow, max-snippet:-1, max-image-preview:large, max-video-preview:-1\" \/>\n<meta property=\"og:locale\" content=\"en_US\" \/>\n<meta property=\"og:type\" content=\"article\" \/>\n<meta property=\"og:title\" content=\"Sweat \u00e0 capuche anorak \u00e0 demi zip Sayan pour homme - PERLE IN\" \/>\n<meta property=\"og:description\" content=\"Le pull \u00e0 capuche anorak semi-ferm\u00e9 Sayan pour homme est une combinaison unique de performance et de style. Le design de l&#039;anorak allie la mode et la fonction de mani\u00e8re transparente, avec un quart de fermeture \u00e9clair pour une plus grande polyvalence dans la superposition des couches. Fabriqu\u00e9 \u00e0 partir d&#039;un m\u00e9lange de 350 g\/m\u00b2 de polyester et de tricot Sorona\u00ae. La fibre Sorona\u00ae renforce le caract\u00e8re \u00e9cologique de la veste en incorporant un \u00e9l\u00e9ment durable sans compromettre les performances. Le tissu contrast\u00e9 de la face avant, en nylon ripstop 280T, ajoute au design par sa durabilit\u00e9 et sa texture et constitue l&#039;endroit id\u00e9al pour mettre en valeur votre marque. Que vous vous lanciez dans une aventure en plein air ou que vous naviguiez simplement dans votre routine quotidienne, le pull \u00e0 capuche Sayan allie sans effort la mode et la fonction.\" \/>\n<meta property=\"og:url\" content=\"https:\/\/perle-in.com\/en\/product\/sweat-a-capuche-anorak-a-demi-zip-sayan-pour-homme\/\" \/>\n<meta property=\"og:site_name\" content=\"PERLE IN\" \/>\n<meta property=\"article:modified_time\" content=\"2025-10-19T03:44:59+00:00\" \/>\n<meta property=\"og:image\" content=\"https:\/\/perle-in.com\/wp-content\/uploads\/2025\/10\/3947201-1.jpg\" \/>\n\t<meta property=\"og:image:width\" content=\"1600\" \/>\n\t<meta property=\"og:image:height\" content=\"1600\" \/>\n\t<meta property=\"og:image:type\" content=\"image\/jpeg\" \/>\n<meta name=\"twitter:card\" content=\"summary_large_image\" \/>\n<script type=\"application\/ld+json\" class=\"yoast-schema-graph\">{\"@context\":\"https:\\\/\\\/schema.org\",\"@graph\":[{\"@type\":\"WebPage\",\"@id\":\"https:\\\/\\\/perle-in.com\\\/produit\\\/sweat-a-capuche-anorak-a-demi-zip-sayan-pour-homme\\\/\",\"url\":\"https:\\\/\\\/perle-in.com\\\/produit\\\/sweat-a-capuche-anorak-a-demi-zip-sayan-pour-homme\\\/\",\"name\":\"Sweat \u00e0 capuche anorak \u00e0 demi zip Sayan pour homme - PERLE IN\",\"isPartOf\":{\"@id\":\"https:\\\/\\\/perle-in.com\\\/#website\"},\"primaryImageOfPage\":{\"@id\":\"https:\\\/\\\/perle-in.com\\\/produit\\\/sweat-a-capuche-anorak-a-demi-zip-sayan-pour-homme\\\/#primaryimage\"},\"image\":{\"@id\":\"https:\\\/\\\/perle-in.com\\\/produit\\\/sweat-a-capuche-anorak-a-demi-zip-sayan-pour-homme\\\/#primaryimage\"},\"thumbnailUrl\":\"https:\\\/\\\/perle-in.com\\\/wp-content\\\/uploads\\\/2025\\\/10\\\/3947201-1.jpg\",\"datePublished\":\"2025-10-14T18:46:20+00:00\",\"dateModified\":\"2025-10-19T03:44:59+00:00\",\"breadcrumb\":{\"@id\":\"https:\\\/\\\/perle-in.com\\\/produit\\\/sweat-a-capuche-anorak-a-demi-zip-sayan-pour-homme\\\/#breadcrumb\"},\"inLanguage\":\"en-CA\",\"potentialAction\":[{\"@type\":\"ReadAction\",\"target\":[\"https:\\\/\\\/perle-in.com\\\/produit\\\/sweat-a-capuche-anorak-a-demi-zip-sayan-pour-homme\\\/\"]}]},{\"@type\":\"ImageObject\",\"inLanguage\":\"en-CA\",\"@id\":\"https:\\\/\\\/perle-in.com\\\/produit\\\/sweat-a-capuche-anorak-a-demi-zip-sayan-pour-homme\\\/#primaryimage\",\"url\":\"https:\\\/\\\/perle-in.com\\\/wp-content\\\/uploads\\\/2025\\\/10\\\/3947201-1.jpg\",\"contentUrl\":\"https:\\\/\\\/perle-in.com\\\/wp-content\\\/uploads\\\/2025\\\/10\\\/3947201-1.jpg\",\"width\":1600,\"height\":1600},{\"@type\":\"BreadcrumbList\",\"@id\":\"https:\\\/\\\/perle-in.com\\\/produit\\\/sweat-a-capuche-anorak-a-demi-zip-sayan-pour-homme\\\/#breadcrumb\",\"itemListElement\":[{\"@type\":\"ListItem\",\"position\":1,\"name\":\"Accueil\",\"item\":\"https:\\\/\\\/perle-in.com\\\/\"},{\"@type\":\"ListItem\",\"position\":2,\"name\":\"Boutique\",\"item\":\"https:\\\/\\\/perle-in.com\\\/boutique\\\/\"},{\"@type\":\"ListItem\",\"position\":3,\"name\":\"Sweat \u00e0 capuche anorak \u00e0 demi zip Sayan pour homme\"}]},{\"@type\":\"WebSite\",\"@id\":\"https:\\\/\\\/perle-in.com\\\/#website\",\"url\":\"https:\\\/\\\/perle-in.com\\\/\",\"name\":\"PERLE IN\",\"description\":\"\",\"publisher\":{\"@id\":\"https:\\\/\\\/perle-in.com\\\/#organization\"},\"potentialAction\":[{\"@type\":\"SearchAction\",\"target\":{\"@type\":\"EntryPoint\",\"urlTemplate\":\"https:\\\/\\\/perle-in.com\\\/?s={search_term_string}\"},\"query-input\":{\"@type\":\"PropertyValueSpecification\",\"valueRequired\":true,\"valueName\":\"search_term_string\"}}],\"inLanguage\":\"en-CA\"},{\"@type\":\"Organization\",\"@id\":\"https:\\\/\\\/perle-in.com\\\/#organization\",\"name\":\"PERLE IN\",\"url\":\"https:\\\/\\\/perle-in.com\\\/\",\"logo\":{\"@type\":\"ImageObject\",\"inLanguage\":\"en-CA\",\"@id\":\"https:\\\/\\\/perle-in.com\\\/#\\\/schema\\\/logo\\\/image\\\/\",\"url\":\"https:\\\/\\\/perle-in.com\\\/wp-content\\\/uploads\\\/2022\\\/12\\\/LOGO-PERLE-IN-COULEUR@3x.webp\",\"contentUrl\":\"https:\\\/\\\/perle-in.com\\\/wp-content\\\/uploads\\\/2022\\\/12\\\/LOGO-PERLE-IN-COULEUR@3x.webp\",\"width\":1600,\"height\":490,\"caption\":\"PERLE IN\"},\"image\":{\"@id\":\"https:\\\/\\\/perle-in.com\\\/#\\\/schema\\\/logo\\\/image\\\/\"}}]}<\/script>\n<!-- \/ Yoast SEO plugin. -->","yoast_head_json":{"title":"Sweat \u00e0 capuche anorak \u00e0 demi zip Sayan pour homme - PERLE IN","robots":{"index":"noindex","follow":"follow","max-snippet":"max-snippet:-1","max-image-preview":"max-image-preview:large","max-video-preview":"max-video-preview:-1"},"og_locale":"en_US","og_type":"article","og_title":"Sweat \u00e0 capuche anorak \u00e0 demi zip Sayan pour homme - PERLE IN","og_description":"Le pull \u00e0 capuche anorak semi-ferm\u00e9 Sayan pour homme est une combinaison unique de performance et de style. Le design de l'anorak allie la mode et la fonction de mani\u00e8re transparente, avec un quart de fermeture \u00e9clair pour une plus grande polyvalence dans la superposition des couches. Fabriqu\u00e9 \u00e0 partir d'un m\u00e9lange de 350 g\/m\u00b2 de polyester et de tricot Sorona\u00ae. La fibre Sorona\u00ae renforce le caract\u00e8re \u00e9cologique de la veste en incorporant un \u00e9l\u00e9ment durable sans compromettre les performances. Le tissu contrast\u00e9 de la face avant, en nylon ripstop 280T, ajoute au design par sa durabilit\u00e9 et sa texture et constitue l'endroit id\u00e9al pour mettre en valeur votre marque. Que vous vous lanciez dans une aventure en plein air ou que vous naviguiez simplement dans votre routine quotidienne, le pull \u00e0 capuche Sayan allie sans effort la mode et la fonction.","og_url":"https:\/\/perle-in.com\/en\/product\/sweat-a-capuche-anorak-a-demi-zip-sayan-pour-homme\/","og_site_name":"PERLE IN","article_modified_time":"2025-10-19T03:44:59+00:00","og_image":[{"width":1600,"height":1600,"url":"https:\/\/perle-in.com\/wp-content\/uploads\/2025\/10\/3947201-1.jpg","type":"image\/jpeg"}],"twitter_card":"summary_large_image","schema":{"@context":"https:\/\/schema.org","@graph":[{"@type":"WebPage","@id":"https:\/\/perle-in.com\/produit\/sweat-a-capuche-anorak-a-demi-zip-sayan-pour-homme\/","url":"https:\/\/perle-in.com\/produit\/sweat-a-capuche-anorak-a-demi-zip-sayan-pour-homme\/","name":"Sweat \u00e0 capuche anorak \u00e0 demi zip Sayan pour homme - PERLE IN","isPartOf":{"@id":"https:\/\/perle-in.com\/#website"},"primaryImageOfPage":{"@id":"https:\/\/perle-in.com\/produit\/sweat-a-capuche-anorak-a-demi-zip-sayan-pour-homme\/#primaryimage"},"image":{"@id":"https:\/\/perle-in.com\/produit\/sweat-a-capuche-anorak-a-demi-zip-sayan-pour-homme\/#primaryimage"},"thumbnailUrl":"https:\/\/perle-in.com\/wp-content\/uploads\/2025\/10\/3947201-1.jpg","datePublished":"2025-10-14T18:46:20+00:00","dateModified":"2025-10-19T03:44:59+00:00","breadcrumb":{"@id":"https:\/\/perle-in.com\/produit\/sweat-a-capuche-anorak-a-demi-zip-sayan-pour-homme\/#breadcrumb"},"inLanguage":"en-CA","potentialAction":[{"@type":"ReadAction","target":["https:\/\/perle-in.com\/produit\/sweat-a-capuche-anorak-a-demi-zip-sayan-pour-homme\/"]}]},{"@type":"ImageObject","inLanguage":"en-CA","@id":"https:\/\/perle-in.com\/produit\/sweat-a-capuche-anorak-a-demi-zip-sayan-pour-homme\/#primaryimage","url":"https:\/\/perle-in.com\/wp-content\/uploads\/2025\/10\/3947201-1.jpg","contentUrl":"https:\/\/perle-in.com\/wp-content\/uploads\/2025\/10\/3947201-1.jpg","width":1600,"height":1600},{"@type":"BreadcrumbList","@id":"https:\/\/perle-in.com\/produit\/sweat-a-capuche-anorak-a-demi-zip-sayan-pour-homme\/#breadcrumb","itemListElement":[{"@type":"ListItem","position":1,"name":"Accueil","item":"https:\/\/perle-in.com\/"},{"@type":"ListItem","position":2,"name":"Boutique","item":"https:\/\/perle-in.com\/boutique\/"},{"@type":"ListItem","position":3,"name":"Sweat \u00e0 capuche anorak \u00e0 demi zip Sayan pour homme"}]},{"@type":"WebSite","@id":"https:\/\/perle-in.com\/#website","url":"https:\/\/perle-in.com\/","name":"PERLE IN","description":"","publisher":{"@id":"https:\/\/perle-in.com\/#organization"},"potentialAction":[{"@type":"SearchAction","target":{"@type":"EntryPoint","urlTemplate":"https:\/\/perle-in.com\/?s={search_term_string}"},"query-input":{"@type":"PropertyValueSpecification","valueRequired":true,"valueName":"search_term_string"}}],"inLanguage":"en-CA"},{"@type":"Organization","@id":"https:\/\/perle-in.com\/#organization","name":"PERLE IN","url":"https:\/\/perle-in.com\/","logo":{"@type":"ImageObject","inLanguage":"en-CA","@id":"https:\/\/perle-in.com\/#\/schema\/logo\/image\/","url":"https:\/\/perle-in.com\/wp-content\/uploads\/2022\/12\/LOGO-PERLE-IN-COULEUR@3x.webp","contentUrl":"https:\/\/perle-in.com\/wp-content\/uploads\/2022\/12\/LOGO-PERLE-IN-COULEUR@3x.webp","width":1600,"height":490,"caption":"PERLE IN"},"image":{"@id":"https:\/\/perle-in.com\/#\/schema\/logo\/image\/"}}]}},"jetpack_sharing_enabled":true,"_links":{"self":[{"href":"https:\/\/perle-in.com\/en\/wp-json\/wp\/v2\/product\/535492","targetHints":{"allow":["GET"]}}],"collection":[{"href":"https:\/\/perle-in.com\/en\/wp-json\/wp\/v2\/product"}],"about":[{"href":"https:\/\/perle-in.com\/en\/wp-json\/wp\/v2\/types\/product"}],"version-history":[{"count":0,"href":"https:\/\/perle-in.com\/en\/wp-json\/wp\/v2\/product\/535492\/revisions"}],"wp:featuredmedia":[{"embeddable":true,"href":"https:\/\/perle-in.com\/en\/wp-json\/wp\/v2\/media\/535461"}],"wp:attachment":[{"href":"https:\/\/perle-in.com\/en\/wp-json\/wp\/v2\/media?parent=535492"}],"wp:term":[{"taxonomy":"product_brand","embeddable":true,"href":"https:\/\/perle-in.com\/en\/wp-json\/wp\/v2\/product_brand?post=535492"},{"taxonomy":"product_cat","embeddable":true,"href":"https:\/\/perle-in.com\/en\/wp-json\/wp\/v2\/product_cat?post=535492"},{"taxonomy":"product_tag","embeddable":true,"href":"https:\/\/perle-in.com\/en\/wp-json\/wp\/v2\/product_tag?post=535492"}],"curies":[{"name":"wp","href":"https:\/\/api.w.org\/{rel}","templated":true}]}}