{"id":535442,"date":"2025-10-14T20:44:48","date_gmt":"2025-10-14T18:44:48","guid":{"rendered":"https:\/\/perle-in.com\/produit\/veste-nubia-en-tricot-performance-a-fermeture-zippee-integrale-pour-femme\/"},"modified":"2025-10-19T05:45:09","modified_gmt":"2025-10-19T03:45:09","slug":"veste-nubia-en-tricot-performance-a-fermeture-zippee-integrale-pour-femme","status":"publish","type":"product","link":"https:\/\/perle-in.com\/en\/product\/veste-nubia-en-tricot-performance-a-fermeture-zippee-integrale-pour-femme\/","title":{"rendered":"Veste Nubia en tricot performance \u00e0 fermeture zipp\u00e9e int\u00e9grale pour femme"},"content":{"rendered":"","protected":false},"excerpt":{"rendered":"<p>La veste en tricot \u00e0 fermeture \u00e9clair int\u00e9grale Nubia pour femmes est la fusion parfaite du style et de l&#8217;innovation. Fabriqu\u00e9e \u00e0 partir d&#8217;un m\u00e9lange de polyester et de Sorona\u00ae de 245 g\/m\u00b2, la mati\u00e8re pr\u00e9sente une texture &#8220;piqu\u00e9e&#8221; distincte, qui la distingue par son aspect unique et caract\u00e9ristique. Au c\u0153ur du Nubia se trouve le remarquable tissu Sorona\u00ae, un mat\u00e9riau qui \u00e9tablit de nouvelles normes en mati\u00e8re de confort et de performance. Ce tissu durable, qui entre pour 30 % dans la composition de la veste, offre un \u00e9quilibre exceptionnel entre flexibilit\u00e9, durabilit\u00e9 et responsabilit\u00e9 environnementale. L&#8217;int\u00e9rieur de la veste est soigneusement bross\u00e9, ce qui garantit une sensation de douceur sur votre peau. Cet int\u00e9rieur bross\u00e9 am\u00e9liore non seulement le confort, mais contribue \u00e9galement \u00e0 conserver la chaleur, ce qui fait de cette veste un compagnon id\u00e9al par temps frais. La fonctionnalit\u00e9 est rehauss\u00e9e par l&#8217;inclusion d&#8217;un port int\u00e9rieur de sortie m\u00e9dia avec guide-cordon. Cette veste est con\u00e7ue avec une forme ajust\u00e9e pour un look f\u00e9minin.<\/p>","protected":false},"featured_media":535415,"template":"","meta":{"_eb_attr":""},"product_brand":[],"product_cat":[1260,1024],"product_tag":[837,946,2469,2548,2549,1183],"class_list":{"0":"post-535442","1":"product","2":"type-product","3":"status-publish","4":"has-post-thumbnail","6":"product_cat-jackets","7":"product_cat-vetements","8":"product_tag-durable","9":"product_tag-green-concept","10":"product_tag-jacket","11":"product_tag-veste","12":"product_tag-vestes","13":"product_tag-vetements","14":"pa_couleurs-gris-storm","15":"pa_couleurs-marine","16":"pa_couleurs-noir","17":"pa_genre-female","18":"pa_marque-elevate-life","19":"pa_matiere-tricot-70-polyester-et-30-sorona-245-g-m2","20":"pa_taille-2xl","21":"pa_taille-l","22":"pa_taille-m","23":"pa_taille-s","24":"pa_taille-xl","25":"pa_taille-xs","27":"first","28":"instock","29":"sale","30":"shipping-taxable","31":"purchasable","32":"product-type-variable"},"yoast_head":"<!-- This site is optimized with the Yoast SEO plugin v27.4 - https:\/\/yoast.com\/product\/yoast-seo-wordpress\/ -->\n<title>Veste Nubia en tricot performance \u00e0 fermeture zipp\u00e9e int\u00e9grale pour femme - PERLE IN<\/title>\n<meta name=\"robots\" content=\"noindex, follow, max-snippet:-1, max-image-preview:large, max-video-preview:-1\" \/>\n<meta property=\"og:locale\" content=\"en_US\" \/>\n<meta property=\"og:type\" content=\"article\" \/>\n<meta property=\"og:title\" content=\"Veste Nubia en tricot performance \u00e0 fermeture zipp\u00e9e int\u00e9grale pour femme - PERLE IN\" \/>\n<meta property=\"og:description\" content=\"La veste en tricot \u00e0 fermeture \u00e9clair int\u00e9grale Nubia pour femmes est la fusion parfaite du style et de l&#039;innovation. Fabriqu\u00e9e \u00e0 partir d&#039;un m\u00e9lange de polyester et de Sorona\u00ae de 245 g\/m\u00b2, la mati\u00e8re pr\u00e9sente une texture &quot;piqu\u00e9e&quot; distincte, qui la distingue par son aspect unique et caract\u00e9ristique. Au c\u0153ur du Nubia se trouve le remarquable tissu Sorona\u00ae, un mat\u00e9riau qui \u00e9tablit de nouvelles normes en mati\u00e8re de confort et de performance. Ce tissu durable, qui entre pour 30 % dans la composition de la veste, offre un \u00e9quilibre exceptionnel entre flexibilit\u00e9, durabilit\u00e9 et responsabilit\u00e9 environnementale. L&#039;int\u00e9rieur de la veste est soigneusement bross\u00e9, ce qui garantit une sensation de douceur sur votre peau. Cet int\u00e9rieur bross\u00e9 am\u00e9liore non seulement le confort, mais contribue \u00e9galement \u00e0 conserver la chaleur, ce qui fait de cette veste un compagnon id\u00e9al par temps frais. La fonctionnalit\u00e9 est rehauss\u00e9e par l&#039;inclusion d&#039;un port int\u00e9rieur de sortie m\u00e9dia avec guide-cordon. Cette veste est con\u00e7ue avec une forme ajust\u00e9e pour un look f\u00e9minin.\" \/>\n<meta property=\"og:url\" content=\"https:\/\/perle-in.com\/en\/product\/veste-nubia-en-tricot-performance-a-fermeture-zippee-integrale-pour-femme\/\" \/>\n<meta property=\"og:site_name\" content=\"PERLE IN\" \/>\n<meta property=\"article:modified_time\" content=\"2025-10-19T03:45:09+00:00\" \/>\n<meta property=\"og:image\" content=\"https:\/\/perle-in.com\/wp-content\/uploads\/2025\/10\/3947155-1.jpg\" \/>\n\t<meta property=\"og:image:width\" content=\"1600\" \/>\n\t<meta property=\"og:image:height\" content=\"1600\" \/>\n\t<meta property=\"og:image:type\" content=\"image\/jpeg\" \/>\n<meta name=\"twitter:card\" content=\"summary_large_image\" \/>\n<script type=\"application\/ld+json\" class=\"yoast-schema-graph\">{\"@context\":\"https:\\\/\\\/schema.org\",\"@graph\":[{\"@type\":\"WebPage\",\"@id\":\"https:\\\/\\\/perle-in.com\\\/produit\\\/veste-nubia-en-tricot-performance-a-fermeture-zippee-integrale-pour-femme\\\/\",\"url\":\"https:\\\/\\\/perle-in.com\\\/produit\\\/veste-nubia-en-tricot-performance-a-fermeture-zippee-integrale-pour-femme\\\/\",\"name\":\"Veste Nubia en tricot performance \u00e0 fermeture zipp\u00e9e int\u00e9grale pour femme - PERLE IN\",\"isPartOf\":{\"@id\":\"https:\\\/\\\/perle-in.com\\\/#website\"},\"primaryImageOfPage\":{\"@id\":\"https:\\\/\\\/perle-in.com\\\/produit\\\/veste-nubia-en-tricot-performance-a-fermeture-zippee-integrale-pour-femme\\\/#primaryimage\"},\"image\":{\"@id\":\"https:\\\/\\\/perle-in.com\\\/produit\\\/veste-nubia-en-tricot-performance-a-fermeture-zippee-integrale-pour-femme\\\/#primaryimage\"},\"thumbnailUrl\":\"https:\\\/\\\/perle-in.com\\\/wp-content\\\/uploads\\\/2025\\\/10\\\/3947155-1.jpg\",\"datePublished\":\"2025-10-14T18:44:48+00:00\",\"dateModified\":\"2025-10-19T03:45:09+00:00\",\"breadcrumb\":{\"@id\":\"https:\\\/\\\/perle-in.com\\\/produit\\\/veste-nubia-en-tricot-performance-a-fermeture-zippee-integrale-pour-femme\\\/#breadcrumb\"},\"inLanguage\":\"en-CA\",\"potentialAction\":[{\"@type\":\"ReadAction\",\"target\":[\"https:\\\/\\\/perle-in.com\\\/produit\\\/veste-nubia-en-tricot-performance-a-fermeture-zippee-integrale-pour-femme\\\/\"]}]},{\"@type\":\"ImageObject\",\"inLanguage\":\"en-CA\",\"@id\":\"https:\\\/\\\/perle-in.com\\\/produit\\\/veste-nubia-en-tricot-performance-a-fermeture-zippee-integrale-pour-femme\\\/#primaryimage\",\"url\":\"https:\\\/\\\/perle-in.com\\\/wp-content\\\/uploads\\\/2025\\\/10\\\/3947155-1.jpg\",\"contentUrl\":\"https:\\\/\\\/perle-in.com\\\/wp-content\\\/uploads\\\/2025\\\/10\\\/3947155-1.jpg\",\"width\":1600,\"height\":1600},{\"@type\":\"BreadcrumbList\",\"@id\":\"https:\\\/\\\/perle-in.com\\\/produit\\\/veste-nubia-en-tricot-performance-a-fermeture-zippee-integrale-pour-femme\\\/#breadcrumb\",\"itemListElement\":[{\"@type\":\"ListItem\",\"position\":1,\"name\":\"Accueil\",\"item\":\"https:\\\/\\\/perle-in.com\\\/\"},{\"@type\":\"ListItem\",\"position\":2,\"name\":\"Boutique\",\"item\":\"https:\\\/\\\/perle-in.com\\\/boutique\\\/\"},{\"@type\":\"ListItem\",\"position\":3,\"name\":\"Veste Nubia en tricot performance \u00e0 fermeture zipp\u00e9e int\u00e9grale pour femme\"}]},{\"@type\":\"WebSite\",\"@id\":\"https:\\\/\\\/perle-in.com\\\/#website\",\"url\":\"https:\\\/\\\/perle-in.com\\\/\",\"name\":\"PERLE IN\",\"description\":\"\",\"publisher\":{\"@id\":\"https:\\\/\\\/perle-in.com\\\/#organization\"},\"potentialAction\":[{\"@type\":\"SearchAction\",\"target\":{\"@type\":\"EntryPoint\",\"urlTemplate\":\"https:\\\/\\\/perle-in.com\\\/?s={search_term_string}\"},\"query-input\":{\"@type\":\"PropertyValueSpecification\",\"valueRequired\":true,\"valueName\":\"search_term_string\"}}],\"inLanguage\":\"en-CA\"},{\"@type\":\"Organization\",\"@id\":\"https:\\\/\\\/perle-in.com\\\/#organization\",\"name\":\"PERLE IN\",\"url\":\"https:\\\/\\\/perle-in.com\\\/\",\"logo\":{\"@type\":\"ImageObject\",\"inLanguage\":\"en-CA\",\"@id\":\"https:\\\/\\\/perle-in.com\\\/#\\\/schema\\\/logo\\\/image\\\/\",\"url\":\"https:\\\/\\\/perle-in.com\\\/wp-content\\\/uploads\\\/2022\\\/12\\\/LOGO-PERLE-IN-COULEUR@3x.webp\",\"contentUrl\":\"https:\\\/\\\/perle-in.com\\\/wp-content\\\/uploads\\\/2022\\\/12\\\/LOGO-PERLE-IN-COULEUR@3x.webp\",\"width\":1600,\"height\":490,\"caption\":\"PERLE IN\"},\"image\":{\"@id\":\"https:\\\/\\\/perle-in.com\\\/#\\\/schema\\\/logo\\\/image\\\/\"}}]}<\/script>\n<!-- \/ Yoast SEO plugin. -->","yoast_head_json":{"title":"Veste Nubia en tricot performance \u00e0 fermeture zipp\u00e9e int\u00e9grale pour femme - PERLE IN","robots":{"index":"noindex","follow":"follow","max-snippet":"max-snippet:-1","max-image-preview":"max-image-preview:large","max-video-preview":"max-video-preview:-1"},"og_locale":"en_US","og_type":"article","og_title":"Veste Nubia en tricot performance \u00e0 fermeture zipp\u00e9e int\u00e9grale pour femme - PERLE IN","og_description":"La veste en tricot \u00e0 fermeture \u00e9clair int\u00e9grale Nubia pour femmes est la fusion parfaite du style et de l'innovation. Fabriqu\u00e9e \u00e0 partir d'un m\u00e9lange de polyester et de Sorona\u00ae de 245 g\/m\u00b2, la mati\u00e8re pr\u00e9sente une texture \"piqu\u00e9e\" distincte, qui la distingue par son aspect unique et caract\u00e9ristique. Au c\u0153ur du Nubia se trouve le remarquable tissu Sorona\u00ae, un mat\u00e9riau qui \u00e9tablit de nouvelles normes en mati\u00e8re de confort et de performance. Ce tissu durable, qui entre pour 30 % dans la composition de la veste, offre un \u00e9quilibre exceptionnel entre flexibilit\u00e9, durabilit\u00e9 et responsabilit\u00e9 environnementale. L'int\u00e9rieur de la veste est soigneusement bross\u00e9, ce qui garantit une sensation de douceur sur votre peau. Cet int\u00e9rieur bross\u00e9 am\u00e9liore non seulement le confort, mais contribue \u00e9galement \u00e0 conserver la chaleur, ce qui fait de cette veste un compagnon id\u00e9al par temps frais. La fonctionnalit\u00e9 est rehauss\u00e9e par l'inclusion d'un port int\u00e9rieur de sortie m\u00e9dia avec guide-cordon. Cette veste est con\u00e7ue avec une forme ajust\u00e9e pour un look f\u00e9minin.","og_url":"https:\/\/perle-in.com\/en\/product\/veste-nubia-en-tricot-performance-a-fermeture-zippee-integrale-pour-femme\/","og_site_name":"PERLE IN","article_modified_time":"2025-10-19T03:45:09+00:00","og_image":[{"width":1600,"height":1600,"url":"https:\/\/perle-in.com\/wp-content\/uploads\/2025\/10\/3947155-1.jpg","type":"image\/jpeg"}],"twitter_card":"summary_large_image","schema":{"@context":"https:\/\/schema.org","@graph":[{"@type":"WebPage","@id":"https:\/\/perle-in.com\/produit\/veste-nubia-en-tricot-performance-a-fermeture-zippee-integrale-pour-femme\/","url":"https:\/\/perle-in.com\/produit\/veste-nubia-en-tricot-performance-a-fermeture-zippee-integrale-pour-femme\/","name":"Veste Nubia en tricot performance \u00e0 fermeture zipp\u00e9e int\u00e9grale pour femme - PERLE IN","isPartOf":{"@id":"https:\/\/perle-in.com\/#website"},"primaryImageOfPage":{"@id":"https:\/\/perle-in.com\/produit\/veste-nubia-en-tricot-performance-a-fermeture-zippee-integrale-pour-femme\/#primaryimage"},"image":{"@id":"https:\/\/perle-in.com\/produit\/veste-nubia-en-tricot-performance-a-fermeture-zippee-integrale-pour-femme\/#primaryimage"},"thumbnailUrl":"https:\/\/perle-in.com\/wp-content\/uploads\/2025\/10\/3947155-1.jpg","datePublished":"2025-10-14T18:44:48+00:00","dateModified":"2025-10-19T03:45:09+00:00","breadcrumb":{"@id":"https:\/\/perle-in.com\/produit\/veste-nubia-en-tricot-performance-a-fermeture-zippee-integrale-pour-femme\/#breadcrumb"},"inLanguage":"en-CA","potentialAction":[{"@type":"ReadAction","target":["https:\/\/perle-in.com\/produit\/veste-nubia-en-tricot-performance-a-fermeture-zippee-integrale-pour-femme\/"]}]},{"@type":"ImageObject","inLanguage":"en-CA","@id":"https:\/\/perle-in.com\/produit\/veste-nubia-en-tricot-performance-a-fermeture-zippee-integrale-pour-femme\/#primaryimage","url":"https:\/\/perle-in.com\/wp-content\/uploads\/2025\/10\/3947155-1.jpg","contentUrl":"https:\/\/perle-in.com\/wp-content\/uploads\/2025\/10\/3947155-1.jpg","width":1600,"height":1600},{"@type":"BreadcrumbList","@id":"https:\/\/perle-in.com\/produit\/veste-nubia-en-tricot-performance-a-fermeture-zippee-integrale-pour-femme\/#breadcrumb","itemListElement":[{"@type":"ListItem","position":1,"name":"Accueil","item":"https:\/\/perle-in.com\/"},{"@type":"ListItem","position":2,"name":"Boutique","item":"https:\/\/perle-in.com\/boutique\/"},{"@type":"ListItem","position":3,"name":"Veste Nubia en tricot performance \u00e0 fermeture zipp\u00e9e int\u00e9grale pour femme"}]},{"@type":"WebSite","@id":"https:\/\/perle-in.com\/#website","url":"https:\/\/perle-in.com\/","name":"PERLE IN","description":"","publisher":{"@id":"https:\/\/perle-in.com\/#organization"},"potentialAction":[{"@type":"SearchAction","target":{"@type":"EntryPoint","urlTemplate":"https:\/\/perle-in.com\/?s={search_term_string}"},"query-input":{"@type":"PropertyValueSpecification","valueRequired":true,"valueName":"search_term_string"}}],"inLanguage":"en-CA"},{"@type":"Organization","@id":"https:\/\/perle-in.com\/#organization","name":"PERLE IN","url":"https:\/\/perle-in.com\/","logo":{"@type":"ImageObject","inLanguage":"en-CA","@id":"https:\/\/perle-in.com\/#\/schema\/logo\/image\/","url":"https:\/\/perle-in.com\/wp-content\/uploads\/2022\/12\/LOGO-PERLE-IN-COULEUR@3x.webp","contentUrl":"https:\/\/perle-in.com\/wp-content\/uploads\/2022\/12\/LOGO-PERLE-IN-COULEUR@3x.webp","width":1600,"height":490,"caption":"PERLE IN"},"image":{"@id":"https:\/\/perle-in.com\/#\/schema\/logo\/image\/"}}]}},"jetpack_sharing_enabled":true,"_links":{"self":[{"href":"https:\/\/perle-in.com\/en\/wp-json\/wp\/v2\/product\/535442","targetHints":{"allow":["GET"]}}],"collection":[{"href":"https:\/\/perle-in.com\/en\/wp-json\/wp\/v2\/product"}],"about":[{"href":"https:\/\/perle-in.com\/en\/wp-json\/wp\/v2\/types\/product"}],"version-history":[{"count":0,"href":"https:\/\/perle-in.com\/en\/wp-json\/wp\/v2\/product\/535442\/revisions"}],"wp:featuredmedia":[{"embeddable":true,"href":"https:\/\/perle-in.com\/en\/wp-json\/wp\/v2\/media\/535415"}],"wp:attachment":[{"href":"https:\/\/perle-in.com\/en\/wp-json\/wp\/v2\/media?parent=535442"}],"wp:term":[{"taxonomy":"product_brand","embeddable":true,"href":"https:\/\/perle-in.com\/en\/wp-json\/wp\/v2\/product_brand?post=535442"},{"taxonomy":"product_cat","embeddable":true,"href":"https:\/\/perle-in.com\/en\/wp-json\/wp\/v2\/product_cat?post=535442"},{"taxonomy":"product_tag","embeddable":true,"href":"https:\/\/perle-in.com\/en\/wp-json\/wp\/v2\/product_tag?post=535442"}],"curies":[{"name":"wp","href":"https:\/\/api.w.org\/{rel}","templated":true}]}}