{"id":535163,"date":"2025-10-14T20:27:38","date_gmt":"2025-10-14T18:27:38","guid":{"rendered":"https:\/\/perle-in.com\/produit\/sac-a-dos-thule-enroute-de-23-l\/"},"modified":"2025-10-19T05:44:40","modified_gmt":"2025-10-19T03:44:40","slug":"sac-a-dos-thule-enroute-de-23-l","status":"publish","type":"product","link":"https:\/\/perle-in.com\/en\/product\/sac-a-dos-thule-enroute-de-23-l\/","title":{"rendered":"Sac \u00e0 dos Thule EnRoute de 23\u00a0L"},"content":{"rendered":"","protected":false},"excerpt":{"rendered":"<p>Un sac \u00e0 dos polyvalent inspir\u00e9 des activit\u00e9s Outdoor qui dispose de plusieurs solutions de rangement pour que vous restiez organis\u00e9 en d\u00e9placement. Dispose de poches sur\u00e9lev\u00e9es et con\u00e7ues pour un MacBook\u00ae de 16&#8243; ou un PC de 15,6&#8243; et une tablette de 10,5&#8243;, ainsi que d&#8217;un panneau d&#8217;organisation pour les petits accessoires. Le compartiment secondaire est adapt\u00e9 pour stocker des v\u00eatements de rechange, des accessoires ou d&#8217;autres objets personnels. Le sac \u00e0 dos dispose d&#8217;une sangle poitrine, d&#8217;un panneau arri\u00e8re rembourr\u00e9 avec un canal de circulation d&#8217;air et de sangles de compression lat\u00e9rales pour \u00e9quilibrer la charge, ce qui le rend plus confortable \u00e0 transporter. Fabriqu\u00e9 avec du nylon 400D approuv\u00e9 Bluesign\u00ae avec des fermetures zipp\u00e9es YKK.<\/p>","protected":false},"featured_media":535153,"template":"","meta":{"_eb_attr":""},"product_brand":[],"product_cat":[159],"product_tag":[3073,837,784,282,1347,3072],"class_list":{"0":"post-535163","1":"product","2":"type-product","3":"status-publish","4":"has-post-thumbnail","6":"product_cat-sacs","7":"product_tag-bluesign","8":"product_tag-durable","9":"product_tag-ordinateur-portable","10":"product_tag-sac","11":"product_tag-sac-a-dos","12":"product_tag-thule","13":"pa_couleurs-gris","14":"pa_couleurs-noir","15":"pa_marque-thule","16":"pa_matiere-400d-nylon","17":"pa_pays-d-origine-vietnam","19":"first","20":"instock","21":"shipping-taxable","22":"purchasable","23":"product-type-variable"},"yoast_head":"<!-- This site is optimized with the Yoast SEO plugin v27.4 - https:\/\/yoast.com\/product\/yoast-seo-wordpress\/ -->\n<title>Sac \u00e0 dos Thule EnRoute de 23\u00a0L - PERLE IN<\/title>\n<meta name=\"robots\" content=\"noindex, follow, max-snippet:-1, max-image-preview:large, max-video-preview:-1\" \/>\n<meta property=\"og:locale\" content=\"en_US\" \/>\n<meta property=\"og:type\" content=\"article\" \/>\n<meta property=\"og:title\" content=\"Sac \u00e0 dos Thule EnRoute de 23\u00a0L - PERLE IN\" \/>\n<meta property=\"og:description\" content=\"Un sac \u00e0 dos polyvalent inspir\u00e9 des activit\u00e9s Outdoor qui dispose de plusieurs solutions de rangement pour que vous restiez organis\u00e9 en d\u00e9placement. Dispose de poches sur\u00e9lev\u00e9es et con\u00e7ues pour un MacBook\u00ae de 16&quot; ou un PC de 15,6&quot; et une tablette de 10,5&quot;, ainsi que d&#039;un panneau d&#039;organisation pour les petits accessoires. Le compartiment secondaire est adapt\u00e9 pour stocker des v\u00eatements de rechange, des accessoires ou d&#039;autres objets personnels. Le sac \u00e0 dos dispose d&#039;une sangle poitrine, d&#039;un panneau arri\u00e8re rembourr\u00e9 avec un canal de circulation d&#039;air et de sangles de compression lat\u00e9rales pour \u00e9quilibrer la charge, ce qui le rend plus confortable \u00e0 transporter. Fabriqu\u00e9 avec du nylon 400D approuv\u00e9 Bluesign\u00ae avec des fermetures zipp\u00e9es YKK.\" \/>\n<meta property=\"og:url\" content=\"https:\/\/perle-in.com\/en\/product\/sac-a-dos-thule-enroute-de-23-l\/\" \/>\n<meta property=\"og:site_name\" content=\"PERLE IN\" \/>\n<meta property=\"article:modified_time\" content=\"2025-10-19T03:44:40+00:00\" \/>\n<meta property=\"og:image\" content=\"https:\/\/perle-in.com\/wp-content\/uploads\/2025\/10\/12063482-1.jpg\" \/>\n\t<meta property=\"og:image:width\" content=\"1600\" \/>\n\t<meta property=\"og:image:height\" content=\"1600\" \/>\n\t<meta property=\"og:image:type\" content=\"image\/jpeg\" \/>\n<meta name=\"twitter:card\" content=\"summary_large_image\" \/>\n<script type=\"application\/ld+json\" class=\"yoast-schema-graph\">{\"@context\":\"https:\\\/\\\/schema.org\",\"@graph\":[{\"@type\":\"WebPage\",\"@id\":\"https:\\\/\\\/perle-in.com\\\/produit\\\/sac-a-dos-thule-enroute-de-23-l\\\/\",\"url\":\"https:\\\/\\\/perle-in.com\\\/produit\\\/sac-a-dos-thule-enroute-de-23-l\\\/\",\"name\":\"Sac \u00e0 dos Thule EnRoute de 23\u00a0L - PERLE IN\",\"isPartOf\":{\"@id\":\"https:\\\/\\\/perle-in.com\\\/#website\"},\"primaryImageOfPage\":{\"@id\":\"https:\\\/\\\/perle-in.com\\\/produit\\\/sac-a-dos-thule-enroute-de-23-l\\\/#primaryimage\"},\"image\":{\"@id\":\"https:\\\/\\\/perle-in.com\\\/produit\\\/sac-a-dos-thule-enroute-de-23-l\\\/#primaryimage\"},\"thumbnailUrl\":\"https:\\\/\\\/perle-in.com\\\/wp-content\\\/uploads\\\/2025\\\/10\\\/12063482-1.jpg\",\"datePublished\":\"2025-10-14T18:27:38+00:00\",\"dateModified\":\"2025-10-19T03:44:40+00:00\",\"breadcrumb\":{\"@id\":\"https:\\\/\\\/perle-in.com\\\/produit\\\/sac-a-dos-thule-enroute-de-23-l\\\/#breadcrumb\"},\"inLanguage\":\"en-CA\",\"potentialAction\":[{\"@type\":\"ReadAction\",\"target\":[\"https:\\\/\\\/perle-in.com\\\/produit\\\/sac-a-dos-thule-enroute-de-23-l\\\/\"]}]},{\"@type\":\"ImageObject\",\"inLanguage\":\"en-CA\",\"@id\":\"https:\\\/\\\/perle-in.com\\\/produit\\\/sac-a-dos-thule-enroute-de-23-l\\\/#primaryimage\",\"url\":\"https:\\\/\\\/perle-in.com\\\/wp-content\\\/uploads\\\/2025\\\/10\\\/12063482-1.jpg\",\"contentUrl\":\"https:\\\/\\\/perle-in.com\\\/wp-content\\\/uploads\\\/2025\\\/10\\\/12063482-1.jpg\",\"width\":1600,\"height\":1600},{\"@type\":\"BreadcrumbList\",\"@id\":\"https:\\\/\\\/perle-in.com\\\/produit\\\/sac-a-dos-thule-enroute-de-23-l\\\/#breadcrumb\",\"itemListElement\":[{\"@type\":\"ListItem\",\"position\":1,\"name\":\"Accueil\",\"item\":\"https:\\\/\\\/perle-in.com\\\/\"},{\"@type\":\"ListItem\",\"position\":2,\"name\":\"Boutique\",\"item\":\"https:\\\/\\\/perle-in.com\\\/boutique\\\/\"},{\"@type\":\"ListItem\",\"position\":3,\"name\":\"Sac \u00e0 dos Thule EnRoute de 23\u00a0L\"}]},{\"@type\":\"WebSite\",\"@id\":\"https:\\\/\\\/perle-in.com\\\/#website\",\"url\":\"https:\\\/\\\/perle-in.com\\\/\",\"name\":\"PERLE IN\",\"description\":\"\",\"publisher\":{\"@id\":\"https:\\\/\\\/perle-in.com\\\/#organization\"},\"potentialAction\":[{\"@type\":\"SearchAction\",\"target\":{\"@type\":\"EntryPoint\",\"urlTemplate\":\"https:\\\/\\\/perle-in.com\\\/?s={search_term_string}\"},\"query-input\":{\"@type\":\"PropertyValueSpecification\",\"valueRequired\":true,\"valueName\":\"search_term_string\"}}],\"inLanguage\":\"en-CA\"},{\"@type\":\"Organization\",\"@id\":\"https:\\\/\\\/perle-in.com\\\/#organization\",\"name\":\"PERLE IN\",\"url\":\"https:\\\/\\\/perle-in.com\\\/\",\"logo\":{\"@type\":\"ImageObject\",\"inLanguage\":\"en-CA\",\"@id\":\"https:\\\/\\\/perle-in.com\\\/#\\\/schema\\\/logo\\\/image\\\/\",\"url\":\"https:\\\/\\\/perle-in.com\\\/wp-content\\\/uploads\\\/2022\\\/12\\\/LOGO-PERLE-IN-COULEUR@3x.webp\",\"contentUrl\":\"https:\\\/\\\/perle-in.com\\\/wp-content\\\/uploads\\\/2022\\\/12\\\/LOGO-PERLE-IN-COULEUR@3x.webp\",\"width\":1600,\"height\":490,\"caption\":\"PERLE IN\"},\"image\":{\"@id\":\"https:\\\/\\\/perle-in.com\\\/#\\\/schema\\\/logo\\\/image\\\/\"}}]}<\/script>\n<!-- \/ Yoast SEO plugin. -->","yoast_head_json":{"title":"Sac \u00e0 dos Thule EnRoute de 23\u00a0L - PERLE IN","robots":{"index":"noindex","follow":"follow","max-snippet":"max-snippet:-1","max-image-preview":"max-image-preview:large","max-video-preview":"max-video-preview:-1"},"og_locale":"en_US","og_type":"article","og_title":"Sac \u00e0 dos Thule EnRoute de 23\u00a0L - PERLE IN","og_description":"Un sac \u00e0 dos polyvalent inspir\u00e9 des activit\u00e9s Outdoor qui dispose de plusieurs solutions de rangement pour que vous restiez organis\u00e9 en d\u00e9placement. Dispose de poches sur\u00e9lev\u00e9es et con\u00e7ues pour un MacBook\u00ae de 16\" ou un PC de 15,6\" et une tablette de 10,5\", ainsi que d'un panneau d'organisation pour les petits accessoires. Le compartiment secondaire est adapt\u00e9 pour stocker des v\u00eatements de rechange, des accessoires ou d'autres objets personnels. Le sac \u00e0 dos dispose d'une sangle poitrine, d'un panneau arri\u00e8re rembourr\u00e9 avec un canal de circulation d'air et de sangles de compression lat\u00e9rales pour \u00e9quilibrer la charge, ce qui le rend plus confortable \u00e0 transporter. Fabriqu\u00e9 avec du nylon 400D approuv\u00e9 Bluesign\u00ae avec des fermetures zipp\u00e9es YKK.","og_url":"https:\/\/perle-in.com\/en\/product\/sac-a-dos-thule-enroute-de-23-l\/","og_site_name":"PERLE IN","article_modified_time":"2025-10-19T03:44:40+00:00","og_image":[{"width":1600,"height":1600,"url":"https:\/\/perle-in.com\/wp-content\/uploads\/2025\/10\/12063482-1.jpg","type":"image\/jpeg"}],"twitter_card":"summary_large_image","schema":{"@context":"https:\/\/schema.org","@graph":[{"@type":"WebPage","@id":"https:\/\/perle-in.com\/produit\/sac-a-dos-thule-enroute-de-23-l\/","url":"https:\/\/perle-in.com\/produit\/sac-a-dos-thule-enroute-de-23-l\/","name":"Sac \u00e0 dos Thule EnRoute de 23\u00a0L - PERLE IN","isPartOf":{"@id":"https:\/\/perle-in.com\/#website"},"primaryImageOfPage":{"@id":"https:\/\/perle-in.com\/produit\/sac-a-dos-thule-enroute-de-23-l\/#primaryimage"},"image":{"@id":"https:\/\/perle-in.com\/produit\/sac-a-dos-thule-enroute-de-23-l\/#primaryimage"},"thumbnailUrl":"https:\/\/perle-in.com\/wp-content\/uploads\/2025\/10\/12063482-1.jpg","datePublished":"2025-10-14T18:27:38+00:00","dateModified":"2025-10-19T03:44:40+00:00","breadcrumb":{"@id":"https:\/\/perle-in.com\/produit\/sac-a-dos-thule-enroute-de-23-l\/#breadcrumb"},"inLanguage":"en-CA","potentialAction":[{"@type":"ReadAction","target":["https:\/\/perle-in.com\/produit\/sac-a-dos-thule-enroute-de-23-l\/"]}]},{"@type":"ImageObject","inLanguage":"en-CA","@id":"https:\/\/perle-in.com\/produit\/sac-a-dos-thule-enroute-de-23-l\/#primaryimage","url":"https:\/\/perle-in.com\/wp-content\/uploads\/2025\/10\/12063482-1.jpg","contentUrl":"https:\/\/perle-in.com\/wp-content\/uploads\/2025\/10\/12063482-1.jpg","width":1600,"height":1600},{"@type":"BreadcrumbList","@id":"https:\/\/perle-in.com\/produit\/sac-a-dos-thule-enroute-de-23-l\/#breadcrumb","itemListElement":[{"@type":"ListItem","position":1,"name":"Accueil","item":"https:\/\/perle-in.com\/"},{"@type":"ListItem","position":2,"name":"Boutique","item":"https:\/\/perle-in.com\/boutique\/"},{"@type":"ListItem","position":3,"name":"Sac \u00e0 dos Thule EnRoute de 23\u00a0L"}]},{"@type":"WebSite","@id":"https:\/\/perle-in.com\/#website","url":"https:\/\/perle-in.com\/","name":"PERLE IN","description":"","publisher":{"@id":"https:\/\/perle-in.com\/#organization"},"potentialAction":[{"@type":"SearchAction","target":{"@type":"EntryPoint","urlTemplate":"https:\/\/perle-in.com\/?s={search_term_string}"},"query-input":{"@type":"PropertyValueSpecification","valueRequired":true,"valueName":"search_term_string"}}],"inLanguage":"en-CA"},{"@type":"Organization","@id":"https:\/\/perle-in.com\/#organization","name":"PERLE IN","url":"https:\/\/perle-in.com\/","logo":{"@type":"ImageObject","inLanguage":"en-CA","@id":"https:\/\/perle-in.com\/#\/schema\/logo\/image\/","url":"https:\/\/perle-in.com\/wp-content\/uploads\/2022\/12\/LOGO-PERLE-IN-COULEUR@3x.webp","contentUrl":"https:\/\/perle-in.com\/wp-content\/uploads\/2022\/12\/LOGO-PERLE-IN-COULEUR@3x.webp","width":1600,"height":490,"caption":"PERLE IN"},"image":{"@id":"https:\/\/perle-in.com\/#\/schema\/logo\/image\/"}}]}},"jetpack_sharing_enabled":true,"_links":{"self":[{"href":"https:\/\/perle-in.com\/en\/wp-json\/wp\/v2\/product\/535163","targetHints":{"allow":["GET"]}}],"collection":[{"href":"https:\/\/perle-in.com\/en\/wp-json\/wp\/v2\/product"}],"about":[{"href":"https:\/\/perle-in.com\/en\/wp-json\/wp\/v2\/types\/product"}],"version-history":[{"count":0,"href":"https:\/\/perle-in.com\/en\/wp-json\/wp\/v2\/product\/535163\/revisions"}],"wp:featuredmedia":[{"embeddable":true,"href":"https:\/\/perle-in.com\/en\/wp-json\/wp\/v2\/media\/535153"}],"wp:attachment":[{"href":"https:\/\/perle-in.com\/en\/wp-json\/wp\/v2\/media?parent=535163"}],"wp:term":[{"taxonomy":"product_brand","embeddable":true,"href":"https:\/\/perle-in.com\/en\/wp-json\/wp\/v2\/product_brand?post=535163"},{"taxonomy":"product_cat","embeddable":true,"href":"https:\/\/perle-in.com\/en\/wp-json\/wp\/v2\/product_cat?post=535163"},{"taxonomy":"product_tag","embeddable":true,"href":"https:\/\/perle-in.com\/en\/wp-json\/wp\/v2\/product_tag?post=535163"}],"curies":[{"name":"wp","href":"https:\/\/api.w.org\/{rel}","templated":true}]}}